{"id":18947,"date":"2023-08-10T23:23:32","date_gmt":"2023-08-11T02:23:32","guid":{"rendered":"https:\/\/portifolioos-prontos.com\/?post_type=product&#038;p=18947"},"modified":"2025-02-24T15:45:04","modified_gmt":"2025-02-24T18:45:04","slug":"atividade-pratica-computacao-grafica","status":"publish","type":"product","link":"https:\/\/portifolioos-prontos.com\/index.php\/product\/atividade-pratica-computacao-grafica\/","title":{"rendered":"ATIVIDADE PR\u00c1TICA COMPUTA\u00c7\u00c3O GR\u00c1FICA"},"content":{"rendered":"<h4>ATIVIDADE PR\u00c1TICA COMPUTA\u00c7\u00c3O GR\u00c1FICA<\/h4>\n<p>OBJETIVOS<br \/>\nA proposta desta atividade pr\u00e1tica est\u00e1 amparada nos seguintes objetivos:<br \/>\n&#8211; Aprimorar suas habilidades t\u00e9cnicas em software de computa\u00e7\u00e3o gr\u00e1fica;<br \/>\n&#8211; Exercitar a percep\u00e7\u00e3o visual;<br \/>\n&#8211; Elaborar solu\u00e7\u00f5es criativas e inovadoras para problemas em computa\u00e7\u00e3o gr\u00e1fica.<br \/>\nRECURSOS<br \/>\n&#8211; Computador com acesso \u00e0 internet e ao ambiente virtual.<br \/>\n&#8211; Softwares de edi\u00e7\u00e3o de imagem &#8211; Canva: &lt;https:\/\/www.canva.com\/&gt;.<br \/>\nPROCEDIMENTOS PR\u00c1TICOS<br \/>\nAtividade proposta<br \/>\nO Canva \u00e9 uma plataforma de design gr\u00e1fico online que permite aos usu\u00e1rios<br \/>\ncriar designs de forma f\u00e1cil e r\u00e1pida. A plataforma oferece uma ampla variedade de<br \/>\nmodelos com um amplo reposit\u00f3rio de imagens, ilustra\u00e7\u00f5es, gr\u00e1ficos, fontes e outras<br \/>\nferramentas de design para ajudar os usu\u00e1rios a criar designs personalizados.<br \/>\nInterface da plataforma Canva. Fonte: &lt;https:\/\/www.canva.com\/&gt;. Acesso 17 de mar\u00e7o de 2023<br \/>\nA plataforma pode ser usada para criar uma ampla variedade de materiais<br \/>\ngr\u00e1ficos, como cartazes, convites, apresenta\u00e7\u00f5es, postagens de m\u00eddia social, logotipos,<br \/>\ngr\u00e1ficos, curr\u00edculos, panfletos, cart\u00f5es de visita, entre outros.<br \/>\nCom isso, seguimos para a nossa proposta de atividade pr\u00e1tica: elabora\u00e7\u00e3o<br \/>\nde um cartaz no CANVA. Mas antes leia as dicas apresentadas abaixo!<br \/>\n1. Defina o objetivo do cartaz: antes de come\u00e7ar a criar o cartaz, \u00e9<br \/>\nimportante definir o objetivo e a mensagem que deseja transmitir. Isso<br \/>\najuda a determinar o conte\u00fado e o design do cartaz.<br \/>\n2. Escolha um tamanho adequado: determine o tamanho adequado para<br \/>\no seu cartaz, considerando o local onde ser\u00e1 exibido e a dist\u00e2ncia que as<br \/>\npessoas ter\u00e3o do cartaz.<br \/>\n3. Selecione imagens relevantes: escolha imagens que sejam relevantes<br \/>\npara o tema do seu cartaz. Voc\u00ea pode usar imagens por conta pr\u00f3pria,<br \/>\nbaixar imagens gratuitas da Internet ou usar imagens do Canva.<br \/>\n4. Crie um t\u00edtulo e uma tagline: o t\u00edtulo deve ser atraente para chamar a<br \/>\naten\u00e7\u00e3o das pessoas. Um slogan deve ter uma frase curta que resume a<br \/>\nmensagem do cartaz.<br \/>\n5. Adicionar informa\u00e7\u00f5es relevantes: incluir informa\u00e7\u00f5es relevantes sobre<br \/>\no evento, produto ou servi\u00e7o que est\u00e1 promovendo. Mantenha as<br \/>\ninforma\u00e7\u00f5es curtas e objetivas.<br \/>\n6. Escolha cores atraentes: as cores utilizadas no cartaz devem ser<br \/>\natraentes e relevantes para o tema. Evite usar muitas cores diferentes que<br \/>\npodem tornar o cartaz confuso.<br \/>\n7. Escolha fontes leg\u00edveis: utilize fontes leg\u00edveis e que combinem com o<br \/>\ntema do cartaz. Evite usar muitas fontes diferentes, para que o cartaz n\u00e3o<br \/>\nfique confuso.<br \/>\n8. Adicione elementos visuais adicionais: adicione elementos visuais,<br \/>\ncomo gr\u00e1ficos, \u00edcones ou ilustra\u00e7\u00f5es para tornar o cartaz mais<br \/>\ninteressante e atraente.<br \/>\n9. Verifique a ortografia e gram\u00e1tica: verifique se todas as informa\u00e7\u00f5es<br \/>\nest\u00e3o escritas corretamente e se a gram\u00e1tica est\u00e1 correta.<br \/>\n10. Salve e imprima o cartaz: ap\u00f3s terminar o desenho do cartaz, salve o<br \/>\narquivo em um formato adequado e imprima em uma gr\u00e1fica de sua<br \/>\nprefer\u00eancia.<br \/>\nExemplo de um cartaz de exibi\u00e7\u00e3o de filme desenvolvido no Canva.<br \/>\nFonte: Acervo do professor.<br \/>\nLembre-se de que a pr\u00e1tica leva \u00e0 perfei\u00e7\u00e3o e que voc\u00ea pode sempre fazer ajustes<br \/>\nno design para melhorar a apar\u00eancia do cartaz.<br \/>\nProcedimentos para a realiza\u00e7\u00e3o da atividade<br \/>\nObservado os principais pontos para a elabora\u00e7\u00e3o de um cartaz, voc\u00ea dever\u00e1<br \/>\nseguir os os seguintes passos para executar com sucesso a realiza\u00e7\u00e3o do seu cartaz no<br \/>\nCANVA:<br \/>\n1. Fa\u00e7a login na sua conta no Canva ou crie uma nova conta, acessando a<br \/>\nplataforma: &lt;https:\/\/www.canva.com\/&gt;.<br \/>\n2. Na p\u00e1gina inicial do Canva, clique em &#8220;Criar um design&#8221; e selecione a<br \/>\nop\u00e7\u00e3o &#8220;Cartaz&#8221;.<br \/>\n3. Escolha o modelo de cartaz que deseja usar ou comece com um layout<br \/>\nem branco.<br \/>\n4. Defina o tamanho do seu cartaz. O Canva oferece v\u00e1rios tamanhos<br \/>\npredefinidos ou voc\u00ea pode criar um tamanho personalizado.<br \/>\n5. Adicione imagens, texto e outros elementos ao seu cartaz. O Canva<br \/>\npossui uma vasta biblioteca de elementos, como ilustra\u00e7\u00f5es, formas,<br \/>\n\u00edcones e fotos gratuitas ou pagas. Voc\u00ea tamb\u00e9m pode fazer o upload de<br \/>\nsuas pr\u00f3prias imagens.<br \/>\n6. Personalize o estilo do seu cartaz, ajustando a fonte, o tamanho e a cor<br \/>\ndo texto, adicionando efeitos \u00e0s imagens especiais e ajustando o fundo.<br \/>\n7. Salve o seu cartaz quando terminar. Voc\u00ea pode baix\u00e1-lo em diferentes<br \/>\nformatos (como PDF, PNG ou JPEG) ou process\u00e1-lo diretamente nas<br \/>\nredes sociais. Voc\u00ea tamb\u00e9m poder\u00e1 imprimir seu cartaz, se desejar.<br \/>\nChecklist<br \/>\n&#8211; Efetuar o cadastro e o login no CANVA.<br \/>\n&#8211; Observar se todos os elementos solicitados para a realiza\u00e7\u00e3o de um cartaz<br \/>\nforam atendidos conforme as orienta\u00e7\u00f5es do roteiro;<br \/>\n&#8211; Observar se as imagens escolhidas est\u00e3o com uma boa resolu\u00e7\u00e3o;<br \/>\n&#8211; Observar se as fontes escolhidas est\u00e3o leg\u00edveis.<br \/>\n&#8211; Verificar a ortografia e gram\u00e1tica do cartaz.<br \/>\nRESULTADO<br \/>\nO trabalho dever\u00e1 ser entregue em arquivo Word atendendo as etapas de<br \/>\nprodu\u00e7\u00e3o e utilizando os recursos solicitados no roteiro.<br \/>\nO arquivo dever\u00e1 conter:<br \/>\n\u2022 Capa;<br \/>\n\u2022 Folha de rosto com os dados da disciplina e do aluno;<br \/>\n\u2022 Os resultados das atividades pr\u00e1ticas exigidas pelo roteiro;<br \/>\n\u2022 Refer\u00eancias bibliogr\u00e1ficas (quando houver).<\/p>\n<div class=\"elementor-toggle-item\">\n<h4 id=\"elementor-tab-title-1941\" class=\"elementor-tab-title elementor-active\" tabindex=\"0\" role=\"tab\" data-tab=\"1\" aria-controls=\"elementor-tab-content-1941\" aria-expanded=\"true\" aria-selected=\"true\">Como funciona?<\/h4>\n<div id=\"elementor-tab-content-1941\" class=\"elementor-tab-content elementor-clearfix elementor-active\" role=\"tabpanel\" data-tab=\"1\" aria-labelledby=\"elementor-tab-title-1941\">\n<p>Elaboramos os portf\u00f3lios, j\u00e1 deixamos prontos, nas normas da ABNT e conforme os requisitos da universidade. F\u00e1cil assim! O MELHOR \u00c9 QUE VOC\u00ca COMPRA E J\u00c1 BAIXA NA HORA O SEU ARQUIVO EM WORD! Sabemos que conciliar trabalho, fam\u00edlia, vida profissional e estudos \u00e9 dif\u00edcil hoje em dia, por isso, estamos aqui para ajudar voc\u00ea. Conte com nossa qualidade, experi\u00eancia e profissionalismo adquirindo seu portf\u00f3lio conosco. GARANTIMOS SEU CONCEITO!<\/p>\n<h4>Como se realizam os envios?<\/h4>\n<\/div>\n<\/div>\n<div class=\"elementor-toggle-item\">\n<div id=\"elementor-tab-content-1942\" class=\"elementor-tab-content elementor-clearfix elementor-active\" role=\"tabpanel\" data-tab=\"2\" aria-labelledby=\"elementor-tab-title-1942\">O seu trabalho \u00e9 disponibilizado pronto, respondido e nas normas j\u00e1 na mesma hora aqui em nosso site na sua \u00e1rea de downloads e tamb\u00e9m no seu e-mail.<\/div>\n<\/div>\n<div class=\"elementor-toggle-item\">\n<div id=\"elementor-tab-content-1943\" class=\"elementor-tab-content elementor-clearfix elementor-active\" role=\"tabpanel\" data-tab=\"3\" aria-labelledby=\"elementor-tab-title-1943\">\n<h4>Em quanto tempo recebo o portf\u00f3lio?<\/h4>\n<\/div>\n<\/div>\n<div class=\"elementor-toggle-item\">\n<div id=\"elementor-tab-content-1944\" class=\"elementor-tab-content elementor-clearfix elementor-active\" role=\"tabpanel\" data-tab=\"4\" aria-labelledby=\"elementor-tab-title-1944\">\n<p>Os envios s\u00e3o imediatos. Ap\u00f3s sua compra, o trabalho j\u00e1 \u00e9 disponibilizado instantaneamente aqui em nosso site e no seu e-mail.<\/p>\n<h4>E se o portf\u00f3lio que comprei precisar de corre\u00e7\u00e3o?<\/h4>\n<\/div>\n<\/div>\n<div class=\"elementor-toggle-item\">\n<div id=\"elementor-tab-content-1945\" class=\"elementor-tab-content elementor-clearfix elementor-active\" role=\"tabpanel\" data-tab=\"5\" aria-labelledby=\"elementor-tab-title-1945\">\n<p>Caso haja alguma solicita\u00e7\u00e3o de corre\u00e7\u00e3o\/altera\u00e7\u00e3o por parte do tutor, basta entrar em contato conosco pelo\u00a0WhatsApp\u00a0que provid\u00eanciaremos sem custo algum.<\/p>\n<h4>Qual o formato do arquivo?<\/h4>\n<\/div>\n<\/div>\n<div class=\"elementor-toggle-item\">\n<div id=\"elementor-tab-content-1946\" class=\"elementor-tab-content elementor-clearfix elementor-active\" role=\"tabpanel\" data-tab=\"6\" aria-labelledby=\"elementor-tab-title-1946\">\n<p>Os arquivos s\u00e3o enviados em formato Word e s\u00e3o edit\u00e1veis.<\/p>\n<h4>Caso eu tiver alguma d\u00favida, terei suporte no p\u00f3s venda?<\/h4>\n<\/div>\n<\/div>\n<div class=\"elementor-toggle-item\">\n<div id=\"elementor-tab-content-1948\" class=\"elementor-tab-content elementor-clearfix elementor-active\" role=\"tabpanel\" data-tab=\"8\" aria-labelledby=\"elementor-tab-title-1948\">\n<p>Sim, com certeza. Basta clicar no \u00edcone do WhatsApp no cantinho da tela. Ser\u00e1 um prazer atend\u00ea-lo(a).<\/p>\n<div class=\"elementor-toggle-item\">\n<div id=\"elementor-tab-content-1948\" class=\"elementor-tab-content elementor-clearfix elementor-active\" role=\"tabpanel\" data-tab=\"8\" aria-labelledby=\"elementor-tab-title-1948\">\n<h4>Quais os seus canais de contato?<\/h4>\n<\/div>\n<\/div>\n<div class=\"elementor-toggle-item\">\n<div id=\"elementor-tab-content-1949\" class=\"elementor-tab-content elementor-clearfix elementor-active\" role=\"tabpanel\" data-tab=\"9\" aria-labelledby=\"elementor-tab-title-1949\">\n<p>Whatsapp: 53 984751621 \u2013 Clicar no canto da tela ou ESCANEIE O QRCODE ABAIXO<\/p>\n<h4><img decoding=\"async\" class=\"alignnone wp-image-13699 jetpack-lazy-image jetpack-lazy-image--handled\" src=\"https:\/\/i0.wp.com\/portifolioos-prontos.com\/wp-content\/uploads\/2023\/02\/whatsapp-business-projeto-de-extensao-300x300.jpeg?resize=144%2C144\" sizes=\"(max-width: 144px) 100vw, 144px\" srcset=\"https:\/\/i0.wp.com\/portifolioos-prontos.com\/wp-content\/uploads\/2023\/02\/whatsapp-business-projeto-de-extensao.jpeg?resize=300%2C301&amp;ssl=1 300w, https:\/\/i0.wp.com\/portifolioos-prontos.com\/wp-content\/uploads\/2023\/02\/whatsapp-business-projeto-de-extensao.jpeg?resize=150%2C150&amp;ssl=1 150w, https:\/\/i0.wp.com\/portifolioos-prontos.com\/wp-content\/uploads\/2023\/02\/whatsapp-business-projeto-de-extensao.jpeg?resize=370%2C372&amp;ssl=1 370w, https:\/\/i0.wp.com\/portifolioos-prontos.com\/wp-content\/uploads\/2023\/02\/whatsapp-business-projeto-de-extensao.jpeg?resize=100%2C100&amp;ssl=1 100w, https:\/\/i0.wp.com\/portifolioos-prontos.com\/wp-content\/uploads\/2023\/02\/whatsapp-business-projeto-de-extensao.jpeg?w=470&amp;ssl=1 470w\" alt=\"projeto de extens\u00e3o unopar\" width=\"144\" height=\"144\" data-lazy-loaded=\"1\" \/><\/h4>\n<\/div>\n<\/div>\n<\/div>\n<\/div>\n<div class=\"elementor-toggle-item\">\n<div id=\"elementor-tab-content-1949\" class=\"elementor-tab-content elementor-clearfix elementor-active\" role=\"tabpanel\" data-tab=\"9\" aria-labelledby=\"elementor-tab-title-1949\">\n<p>E-mail:portifoliosp@gmail.com<\/p>\n<div id=\"attachment_143\" class=\"wp-caption alignnone\">\n<div id=\"attachment_143\" class=\"wp-caption alignnone\" style=\"width: 109px;\">\n<p><a href=\"http:\/\/portifolioos-prontos.com\/\"><img decoding=\"async\" class=\"wp-image-143 jetpack-lazy-image jetpack-lazy-image--handled\" title=\"portfolio pronto unopar\" src=\"https:\/\/i0.wp.com\/portifolioos-prontos.com\/wp-content\/uploads\/2022\/04\/conceitomaximo.png?resize=161%2C46\" alt=\"PORTFOLIO PRONTO UNOPAR ANHANGUERA\" width=\"109\" height=\"31\" aria-describedby=\"caption-attachment-143\" data-lazy-loaded=\"1\" \/><\/a><\/p>\n<p id=\"caption-attachment-143\" class=\"wp-caption-text\">Portf\u00f3lio em Word, respondido, completo e j\u00e1 nas normas.<\/p>\n<\/div>\n<\/div>\n<\/div>\n<\/div>\n","protected":false},"excerpt":{"rendered":"<div class=\"product-short-description\">\n<h5><strong>Pague pelo PIX ou cart\u00e3o e fa\u00e7a o download agora mesmo.<\/strong><\/h5>\n<\/div>\n<div class=\"sticky-add-to-cart-wrapper\">\n<div class=\"sticky-add-to-cart\">\n<div class=\"quantity buttons_added form-flat\"><img decoding=\"async\" class=\"alignnone wp-image-761\" src=\"http:\/\/portifolioos-prontos.com\/wp-content\/uploads\/2022\/04\/PIX-300x107.webp\" alt=\"\" width=\"78\" height=\"28\" \/>\u00a0\u00a0<img loading=\"lazy\" decoding=\"async\" class=\"\" src=\"https:\/\/d26lpennugtm8s.cloudfront.net\/assets\/common\/img\/logos\/payment\/visa@2x.png\" width=\"46\" height=\"29\" \/><img loading=\"lazy\" decoding=\"async\" class=\"\" src=\"https:\/\/d26lpennugtm8s.cloudfront.net\/assets\/common\/img\/logos\/payment\/boleto@2x.png\" width=\"43\" height=\"27\" \/><img loading=\"lazy\" decoding=\"async\" class=\"\" src=\"https:\/\/d26lpennugtm8s.cloudfront.net\/assets\/common\/img\/logos\/payment\/mastercard@2x.png\" width=\"43\" height=\"27\" \/><img loading=\"lazy\" decoding=\"async\" class=\"\" src=\"https:\/\/d26lpennugtm8s.cloudfront.net\/assets\/common\/img\/logos\/payment\/amex@2x.png\" width=\"43\" height=\"27\" \/><img loading=\"lazy\" decoding=\"async\" class=\"\" src=\"https:\/\/d26lpennugtm8s.cloudfront.net\/assets\/common\/img\/logos\/payment\/diners@2x.png\" width=\"46\" height=\"29\" \/><img loading=\"lazy\" decoding=\"async\" class=\"\" src=\"https:\/\/d26lpennugtm8s.cloudfront.net\/assets\/common\/img\/logos\/payment\/br\/elo@2x.png\" width=\"45\" height=\"28\" \/><img loading=\"lazy\" decoding=\"async\" class=\"\" src=\"https:\/\/d26lpennugtm8s.cloudfront.net\/assets\/common\/img\/logos\/payment\/br\/hipercard@2x.png\" width=\"44\" height=\"28\" \/><img loading=\"lazy\" decoding=\"async\" class=\"\" src=\"https:\/\/d26lpennugtm8s.cloudfront.net\/assets\/common\/img\/logos\/payment\/mercadopago@2x.png\" width=\"45\" height=\"28\" \/><\/div>\n<\/div>\n<\/div>\n","protected":false},"featured_media":18949,"template":"","meta":{"_seopress_robots_primary_cat":"none","_seopress_titles_title":"%%post_title%% %%sitetitle%%","_seopress_titles_desc":"%%post_content%%","_seopress_robots_index":""},"product_cat":[74,15],"product_tag":[],"class_list":{"0":"post-18947","1":"product","2":"type-product","3":"status-publish","4":"has-post-thumbnail","6":"product_cat-gestao-ambiental","7":"product_cat-uncategorized","9":"first","10":"instock","11":"downloadable","12":"virtual","13":"purchasable","14":"product-type-simple","15":"col-xs-6 col-sm-4","16":"col-mf-5","17":"un-5-cols"},"jetpack_sharing_enabled":true,"_links":{"self":[{"href":"https:\/\/portifolioos-prontos.com\/index.php\/wp-json\/wp\/v2\/product\/18947","targetHints":{"allow":["GET"]}}],"collection":[{"href":"https:\/\/portifolioos-prontos.com\/index.php\/wp-json\/wp\/v2\/product"}],"about":[{"href":"https:\/\/portifolioos-prontos.com\/index.php\/wp-json\/wp\/v2\/types\/product"}],"version-history":[{"count":0,"href":"https:\/\/portifolioos-prontos.com\/index.php\/wp-json\/wp\/v2\/product\/18947\/revisions"}],"wp:featuredmedia":[{"embeddable":true,"href":"https:\/\/portifolioos-prontos.com\/index.php\/wp-json\/wp\/v2\/media\/18949"}],"wp:attachment":[{"href":"https:\/\/portifolioos-prontos.com\/index.php\/wp-json\/wp\/v2\/media?parent=18947"}],"wp:term":[{"taxonomy":"product_cat","embeddable":true,"href":"https:\/\/portifolioos-prontos.com\/index.php\/wp-json\/wp\/v2\/product_cat?post=18947"},{"taxonomy":"product_tag","embeddable":true,"href":"https:\/\/portifolioos-prontos.com\/index.php\/wp-json\/wp\/v2\/product_tag?post=18947"}],"curies":[{"name":"wp","href":"https:\/\/api.w.org\/{rel}","templated":true}]}}