{"id":18963,"date":"2023-08-11T19:53:34","date_gmt":"2023-08-11T22:53:34","guid":{"rendered":"https:\/\/portifolioos-prontos.com\/?post_type=product&#038;p=18963"},"modified":"2025-07-28T14:00:10","modified_gmt":"2025-07-28T17:00:10","slug":"plano-de-trabalho-de-estagio-cursos-de-licenciatura-estagio-iv-lingua-inglesa-no-ensino-medio","status":"publish","type":"product","link":"https:\/\/portifolioos-prontos.com\/index.php\/product\/plano-de-trabalho-de-estagio-cursos-de-licenciatura-estagio-iv-lingua-inglesa-no-ensino-medio\/","title":{"rendered":"Plano de trabalho de est\u00e1gio cursos de licenciatura \u2013 Est\u00e1gio IV L\u00edngua Inglesa no ensino m\u00e9dio"},"content":{"rendered":"<h4>Plano de trabalho de est\u00e1gio cursos de licenciatura\u00a0 \u2013 Est\u00e1gio IV L\u00edngua Inglesa no ensino m\u00e9dio<\/h4>\n<h4>LETRAS \u2013 PORTUGU\u00caS E INGL\u00caS\u00a0 7\u00b0 e 8\u00b0 semestre<\/h4>\n<h4>EST\u00c1GIO CURRICULAR OBRIGAT\u00d3RIO IV:\u00a0 L\u00cdNGUA INGLESA NO ENSINO M\u00c9DIO<\/h4>\n<hr \/>\n<p><strong>CAMPO DE EST\u00c1GIO:\u00a0ENSINO M\u00c9DIO\u00a0(exceto Pedagogia)<\/strong><\/p>\n<p><strong>No quadro a seguir, h\u00e1 a descri\u00e7\u00e3o do Plano de Trabalho a ser realizado pelo estudante,<\/strong><\/p>\n<p><strong>Conforme carga hor\u00e1ria total do respectivo est\u00e1gio especificado no quadro da p\u00e1gina 3.<\/strong><\/p>\n<p><strong>Esse Plano de Trabalho n\u00e3o se aplica ao curso de Pedagogia.<\/strong><\/p>\n<p>&nbsp;<\/p>\n<p>Atividade 1: Visita \u00e0 escola com a carta de apresenta\u00e7\u00e3o<\/p>\n<p>Atividade 2: Leitura obrigat\u00f3ria e produ\u00e7\u00e3o de texto.<\/p>\n<p>Atividade 3: An\u00e1lise do plano de trabalho docente e produ\u00e7\u00e3o de relato baseado na an\u00e1lise.<\/p>\n<p>Atividade 4: An\u00e1lise de materiais did\u00e1ticos da escola e produ\u00e7\u00e3o de relato baseado na an\u00e1lise.<\/p>\n<p>Atividade 5: Elabora\u00e7\u00e3o de atividade utilizando recurso did\u00e1tico de apoio espec\u00edfico para a abordagem de temas contempor\u00e2neos transversais da BNCC (meio ambiente, economia, sa\u00fade, cidadania e civismo, multiculturalismo e ci\u00eancia e tecnologia).<\/p>\n<p>Atividade 6: An\u00e1lise do processo de implanta\u00e7\u00e3o da BNCC, conforme campo de est\u00e1gio e elabora\u00e7\u00e3o do relato.<\/p>\n<p>Atividade 7: An\u00e1lise dos instrumentos avaliativos utilizados pelo professor da disciplina conforme respectivo est\u00e1gio e elabora\u00e7\u00e3o de texto referente \u00e0 an\u00e1lise.<\/p>\n<p>Atividade 8: An\u00e1lise da atua\u00e7\u00e3o da equipe pedag\u00f3gica no acompanhamento do desenvolvimento da disciplina, conforme respectivo est\u00e1gio, e elabora\u00e7\u00e3o de texto referente \u00e0 an\u00e1lise<\/p>\n<p>Atividade 9: Observa\u00e7\u00e3o e participa\u00e7\u00e3o em aulas, conforme respectivo est\u00e1gio.<\/p>\n<p>Atividade 10: Elabora\u00e7\u00e3o do relato da observa\u00e7\u00e3o.<\/p>\n<p>Atividade 11: Elabora\u00e7\u00e3o de um plano de aula para cada aula para uma mesma turma, conforme campo de est\u00e1gio.<\/p>\n<p>Atividade 12: Apresenta\u00e7\u00e3o dos planos de aula para o professor regente e elabora\u00e7\u00e3o do relato.<\/p>\n<p>Atividade 13: Reg\u00eancia (em uma das turmas em que realizou as observa\u00e7\u00f5es e participa\u00e7\u00f5es), conforme respectivo est\u00e1gio<\/p>\n<p>Atividade 14: Relato da reg\u00eancia<\/p>\n<p>Atividade 15: Produ\u00e7\u00e3o do\u00a0Relat\u00f3rio de Est\u00e1gio.<\/p>\n<p>Atividade 16: Valida\u00e7\u00e3o do\u00a0Relat\u00f3rio do Est\u00e1gio.<\/p>\n","protected":false},"excerpt":{"rendered":"<div class=\"product-short-description\">\n<h5><strong>Pague pelo PIX ou cart\u00e3o e fa\u00e7a o download agora mesmo.<\/strong><\/h5>\n<\/div>\n<div class=\"sticky-add-to-cart-wrapper\">\n<div class=\"sticky-add-to-cart\">\n<div class=\"quantity buttons_added form-flat\"><img decoding=\"async\" class=\"alignnone wp-image-761\" src=\"http:\/\/portifolioos-prontos.com\/wp-content\/uploads\/2022\/04\/PIX-300x107.webp\" alt=\"\" width=\"78\" height=\"28\" \/>\u00a0\u00a0<img decoding=\"async\" class=\"\" src=\"https:\/\/d26lpennugtm8s.cloudfront.net\/assets\/common\/img\/logos\/payment\/visa@2x.png\" width=\"46\" height=\"29\" \/><img decoding=\"async\" class=\"\" src=\"https:\/\/d26lpennugtm8s.cloudfront.net\/assets\/common\/img\/logos\/payment\/boleto@2x.png\" width=\"43\" height=\"27\" \/><img loading=\"lazy\" decoding=\"async\" class=\"\" src=\"https:\/\/d26lpennugtm8s.cloudfront.net\/assets\/common\/img\/logos\/payment\/mastercard@2x.png\" width=\"43\" height=\"27\" \/><img loading=\"lazy\" decoding=\"async\" class=\"\" src=\"https:\/\/d26lpennugtm8s.cloudfront.net\/assets\/common\/img\/logos\/payment\/amex@2x.png\" width=\"43\" height=\"27\" \/><img loading=\"lazy\" decoding=\"async\" class=\"\" src=\"https:\/\/d26lpennugtm8s.cloudfront.net\/assets\/common\/img\/logos\/payment\/diners@2x.png\" width=\"46\" height=\"29\" \/><img loading=\"lazy\" decoding=\"async\" class=\"\" src=\"https:\/\/d26lpennugtm8s.cloudfront.net\/assets\/common\/img\/logos\/payment\/br\/elo@2x.png\" width=\"45\" height=\"28\" \/><img loading=\"lazy\" decoding=\"async\" class=\"\" src=\"https:\/\/d26lpennugtm8s.cloudfront.net\/assets\/common\/img\/logos\/payment\/br\/hipercard@2x.png\" width=\"44\" height=\"28\" \/><img loading=\"lazy\" decoding=\"async\" class=\"\" src=\"https:\/\/d26lpennugtm8s.cloudfront.net\/assets\/common\/img\/logos\/payment\/mercadopago@2x.png\" width=\"45\" height=\"28\" \/><\/div>\n<\/div>\n<\/div>\n","protected":false},"featured_media":34621,"template":"","meta":{"_seopress_robots_primary_cat":"none","_seopress_titles_title":"%%post_title%% %%sitetitle%%","_seopress_titles_desc":"%%post_content%%","_seopress_robots_index":""},"product_cat":[114,47,15],"product_tag":[747,746],"class_list":{"0":"post-18963","1":"product","2":"type-product","3":"status-publish","4":"has-post-thumbnail","6":"product_cat-letras","7":"product_cat-licenciaturas","8":"product_cat-uncategorized","9":"product_tag-portfolio-de-estagio-anhanguera","10":"product_tag-portfolio-de-estagio-unopar","12":"first","13":"instock","14":"downloadable","15":"virtual","16":"purchasable","17":"product-type-simple","18":"col-xs-6 col-sm-4","19":"col-mf-5","20":"un-5-cols"},"jetpack_sharing_enabled":true,"_links":{"self":[{"href":"https:\/\/portifolioos-prontos.com\/index.php\/wp-json\/wp\/v2\/product\/18963","targetHints":{"allow":["GET"]}}],"collection":[{"href":"https:\/\/portifolioos-prontos.com\/index.php\/wp-json\/wp\/v2\/product"}],"about":[{"href":"https:\/\/portifolioos-prontos.com\/index.php\/wp-json\/wp\/v2\/types\/product"}],"version-history":[{"count":0,"href":"https:\/\/portifolioos-prontos.com\/index.php\/wp-json\/wp\/v2\/product\/18963\/revisions"}],"wp:featuredmedia":[{"embeddable":true,"href":"https:\/\/portifolioos-prontos.com\/index.php\/wp-json\/wp\/v2\/media\/34621"}],"wp:attachment":[{"href":"https:\/\/portifolioos-prontos.com\/index.php\/wp-json\/wp\/v2\/media?parent=18963"}],"wp:term":[{"taxonomy":"product_cat","embeddable":true,"href":"https:\/\/portifolioos-prontos.com\/index.php\/wp-json\/wp\/v2\/product_cat?post=18963"},{"taxonomy":"product_tag","embeddable":true,"href":"https:\/\/portifolioos-prontos.com\/index.php\/wp-json\/wp\/v2\/product_tag?post=18963"}],"curies":[{"name":"wp","href":"https:\/\/api.w.org\/{rel}","templated":true}]}}