{"id":19071,"date":"2023-08-21T17:50:12","date_gmt":"2023-08-21T20:50:12","guid":{"rendered":"https:\/\/portifolioos-prontos.com\/?post_type=product&#038;p=19071"},"modified":"2025-08-03T16:22:35","modified_gmt":"2025-08-03T19:22:35","slug":"roteiro-aula-pratica-analise-e-modelagem-de-sistemas","status":"publish","type":"product","link":"https:\/\/portifolioos-prontos.com\/index.php\/product\/roteiro-aula-pratica-analise-e-modelagem-de-sistemas\/","title":{"rendered":"Roteiro Aula Pr\u00e1tica An\u00e1lise e Modelagem de Sistemas"},"content":{"rendered":"<h4 class=\"product-title product_title entry-title\">Roteiro Aula Pr\u00e1tica An\u00e1lise e Modelagem de Sistemas<\/h4>\n<h4><span id=\"NOME_DA_DISCIPLINA_Analise_e_Modelagem_de_Sistemas\" class=\"ez-toc-section\"><\/span>NOME DA DISCIPLINA: An\u00e1lise e Modelagem de Sistemas<\/h4>\n<p>OBJETIVOS<br \/>\nDefini\u00e7\u00e3o dos objetivos da aula pr\u00e1tica:<br \/>\n\u2013 Desenvolver um diagrama de casos de uso utilizando os conhecimentos e pr\u00e1ticas da UML.<br \/>\nINFRAESTRUTURA<br \/>\nInstala\u00e7\u00f5es:<br \/>\nComputador com internet.<br \/>\nMateriais de consumo:<br \/>\nDescri\u00e7\u00e3o<br \/>\nQuantidade de materiais<br \/>\npor procedimento\/atividade<br \/>\nComputador 1 por aluno<br \/>\nSoftware:<br \/>\nSim ( X ) N\u00e3o ( )<br \/>\nEm caso afirmativo, qual? Visual Paradigma Online ou Astah UML<br \/>\nPago ( ) N\u00e3o Pago ( X )<br \/>\nTipo de Licen\u00e7a: Gratuita<br \/>\nDescri\u00e7\u00e3o do software:<br \/>\nVisual Paradigm Online \u00e9 uma ferramenta Case com interface gr\u00e1fica para modelagem de<br \/>\nsistemas. A vers\u00e3o online do Visual Paradigm, que pode ser acessado em https:\/\/online.visualparadigm.com\/<br \/>\nEquipamento de Prote\u00e7\u00e3o Individual (EPI):<br \/>\n\u2013 NSA<\/p>\n<h3><span id=\"Roteiro_Aula_Pratica_Analise_e_Modelagem_de_Sistemas-2\" class=\"ez-toc-section\"><\/span>Roteiro Aula Pr\u00e1tica An\u00e1lise e Modelagem de Sistemas<\/h3>\n<p>PROCEDIMENTOS PR\u00c1TICOS<br \/>\nDesenvolvimento de um diagrama de casos de uso<br \/>\nAtividade proposta:<br \/>\nDesenvolvimento de um diagrama de casos de uso.<br \/>\nProcedimentos para a realiza\u00e7\u00e3o da atividade:3<br \/>\nCaro(a) aluno(a), ao longo desta atividade, construiremos um diagrama de casos de uso para um sistema de banc\u00e1rio.<br \/>\nPara realizar esta atividade, utilizaremos a vers\u00e3o online do software Visual Paradigm, que pode ser acessada no<br \/>\nendere\u00e7o https:\/\/mundodosportfolios.com endere\u00e7o https:\/\/online.visual-paradigm.com<br \/>\nPara criar um Diagrama de Casos de uso em branco, voc\u00ea pode utilizar o filtro dispon\u00edvel na tela de cria\u00e7\u00e3o de um<br \/>\nnovo diagrama. Veja a Figura 1<br \/>\nFigura 1 \u2013 Op\u00e7\u00e3o para filtrar diagramas<\/p>\n<p><a href=\"http:\/\/mundodosportfolios.com\/\"><img fetchpriority=\"high\" decoding=\"async\" class=\"alignnone wp-image-3329 size-medium\" src=\"https:\/\/mundodosportfolios.com\/wp-content\/uploads\/2023\/08\/Eadcolaborar1-800x259.jpg\" sizes=\"(max-width: 800px) 100vw, 800px\" srcset=\"https:\/\/mundodosportfolios.com\/wp-content\/uploads\/2023\/08\/Eadcolaborar1-800x259.jpg 800w, https:\/\/mundodosportfolios.com\/wp-content\/uploads\/2023\/08\/Eadcolaborar1-1400x453.jpg 1400w, https:\/\/mundodosportfolios.com\/wp-content\/uploads\/2023\/08\/Eadcolaborar1-768x248.jpg 768w, https:\/\/mundodosportfolios.com\/wp-content\/uploads\/2023\/08\/Eadcolaborar1-1320x427.jpg 1320w, https:\/\/mundodosportfolios.com\/wp-content\/uploads\/2023\/08\/Eadcolaborar1-600x194.jpg 600w, https:\/\/mundodosportfolios.com\/wp-content\/uploads\/2023\/08\/Eadcolaborar1.jpg 1472w\" alt=\"Roteiro Aula Pr\u00e1tica An\u00e1lise e Modelagem de Sistemas\" width=\"800\" height=\"259\" \/><\/a><br \/>\nFonte: Elaborado pelo autor<a href=\"http:\/\/eadcolaborar.com\/\">.<\/a><br \/>\nAo selecionar os Diagramas de Classe, voc\u00ea deve utilizar a op\u00e7\u00e3o Create. Veja a Figura 2.<br \/>\nFigura 2 \u2013 Criando um Diagrama de Casos de Uso.<\/p>\n<p><a href=\"http:\/\/eadcolaborar.com\/\"><img decoding=\"async\" class=\"alignnone wp-image-3330 size-medium\" src=\"https:\/\/mundodosportfolios.com\/wp-content\/uploads\/2023\/08\/Eadcolaborar2-800x261.png\" sizes=\"(max-width: 800px) 100vw, 800px\" srcset=\"https:\/\/mundodosportfolios.com\/wp-content\/uploads\/2023\/08\/Eadcolaborar2-800x261.png 800w, https:\/\/mundodosportfolios.com\/wp-content\/uploads\/2023\/08\/Eadcolaborar2-1400x457.png 1400w, https:\/\/mundodosportfolios.com\/wp-content\/uploads\/2023\/08\/Eadcolaborar2-768x251.png 768w, https:\/\/mundodosportfolios.com\/wp-content\/uploads\/2023\/08\/Eadcolaborar2-1320x431.png 1320w, https:\/\/mundodosportfolios.com\/wp-content\/uploads\/2023\/08\/Eadcolaborar2-600x196.png 600w, https:\/\/mundodosportfolios.com\/wp-content\/uploads\/2023\/08\/Eadcolaborar2.png 1471w\" alt=\"An\u00e1lise e Modelagem de Sistemas\" width=\"800\" height=\"261\" \/><\/a><br \/>\nFonte: Elaborado pelo autor.4<\/p>\n<h3><span id=\"Problema_Proposto\" class=\"ez-toc-section\"><\/span>Problema Proposto<a href=\"http:\/\/eadhelp.com\/\">:<\/a><\/h3>\n<p>Desenvolva um diagrama de casos de uso para um sistema de banc\u00e1rio, levando em considera\u00e7\u00e3o os seguintes<br \/>\nrequisitos:<br \/>\n\uf0b7 O cliente pode abrir e encerrar contas, para isso, ele dever\u00e1 procurar um funcion\u00e1rio no banco.<br \/>\n\uf0b7 O cliente pode abrir uma conta do tipo especial ou poupan\u00e7a.<br \/>\n\uf0b7 O cliente pode depositar ou sacar dinheiro, estas funcionalidades podem ser feitas no caixa eletr\u00f4nico<br \/>\n\uf0b7 O cliente pode emitir o saldo ou extrato da sua conta, estas funcionalidades podem ser feitas no caixa<br \/>\neletr\u00f4nico.<br \/>\n\uf0b7 Para o cliente encerrar a sua conta, seu saldo deve estar zerado.<br \/>\n\uf0b7 Cada movimenta\u00e7\u00e3o realizada deve ser registrada.<br \/>\nChecklist:<\/p>\n<p>Roteiro Aula Pr\u00e1tica An\u00e1lise e Modelagem de Sistemas<\/p>\n<p>\u2013 Desenvolver um diagrama de casos de uso para um sistema de banc\u00e1rio<br \/>\nRESULTADOS<br \/>\nResultados da aula pr\u00e1tica:<br \/>\nElaborar um relat\u00f3rio que dever\u00e1 conter introdu\u00e7\u00e3o, m\u00e9todos, resultados e conclus\u00e3o sobre o assunto desenvolvido<br \/>\nem aula pr\u00e1tica.<\/p>\n<div class=\"elementor-toggle-item\">\n<p id=\"elementor-tab-title-1941\" class=\"elementor-tab-title elementor-active\" tabindex=\"0\" role=\"tab\" data-tab=\"1\" aria-controls=\"elementor-tab-content-1941\" aria-expanded=\"true\" aria-selected=\"true\"><strong>Como funciona?<\/strong><\/p>\n<p>Elaboramos os portf\u00f3lios, j\u00e1 deixamos prontos, nas normas da ABNT e conforme os requisitos da universidade. F\u00e1cil assim! O MELHOR \u00c9 QUE VOC\u00ca COMPRA E J\u00c1 BAIXA NA HORA O SEU ARQUIVO EM WORD! Sabemos que conciliar trabalho, fam\u00edlia, vida profissional e estudos \u00e9 dif\u00edcil hoje em dia, por isso, estamos aqui para ajudar voc\u00ea. Conte com nossa qualidade, experi\u00eancia e profissionalismo adquirindo seu portf\u00f3lio conosco. GARANTIMOS SEU CONCEITO!<\/p>\n<p><strong>Como se realizam os envios?<\/strong><\/p>\n<\/div>\n<p id=\"elementor-tab-content-1942\" class=\"elementor-tab-content elementor-clearfix elementor-active\" role=\"tabpanel\" data-tab=\"2\" aria-labelledby=\"elementor-tab-title-1942\">O seu trabalho \u00e9 disponibilizado pronto, respondido e nas normas j\u00e1 na mesma hora aqui em nosso site na sua \u00e1rea de downloads e tamb\u00e9m no seu e-mail.<\/p>\n<p><strong>Em quanto tempo recebo o portf\u00f3lio?<\/strong><\/p>\n<p>Os envios s\u00e3o imediatos. Ap\u00f3s sua compra, o trabalho j\u00e1 \u00e9 disponibilizado instantaneamente aqui em nosso site e no seu e-mail.<\/p>\n<p><strong>E se o portf\u00f3lio que comprei precisar de corre\u00e7\u00e3o?<\/strong><\/p>\n<p>Caso haja alguma solicita\u00e7\u00e3o de corre\u00e7\u00e3o\/altera\u00e7\u00e3o por parte do tutor, basta entrar em contato conosco pelo\u00a0WhatsApp\u00a0que provid\u00eanciaremos sem custo algum.<\/p>\n<p><strong>Qual o formato do arquivo?<\/strong><\/p>\n<p>Os arquivos s\u00e3o enviados em formato Word e s\u00e3o edit\u00e1veis.<\/p>\n<p><strong>Caso eu tiver alguma d\u00favida, terei suporte no p\u00f3s venda?<\/strong><\/p>\n<p>Sim, com certeza. Basta clicar no \u00edcone do WhatsApp no cantinho da tela. Ser\u00e1 um prazer atend\u00ea-lo(a).<\/p>\n<div id=\"elementor-tab-content-1948\" class=\"elementor-tab-content elementor-clearfix elementor-active\" role=\"tabpanel\" data-tab=\"8\" aria-labelledby=\"elementor-tab-title-1948\">\n<p><strong>Quais os seus canais de contato?<\/strong><\/p>\n<\/div>\n<div id=\"elementor-tab-content-1949\" class=\"elementor-tab-content elementor-clearfix elementor-active\" role=\"tabpanel\" data-tab=\"9\" aria-labelledby=\"elementor-tab-title-1949\">\n<p>Whatsapp: 53 984751621 \u2013 Clicar no canto da tela ou ESCANEIE O QRCODE ABAIXO<\/p>\n<h4><img decoding=\"async\" class=\"alignnone wp-image-13699 jetpack-lazy-image jetpack-lazy-image--handled\" src=\"https:\/\/i0.wp.com\/portifolioos-prontos.com\/wp-content\/uploads\/2023\/02\/whatsapp-business-projeto-de-extensao-300x300.jpeg?resize=144%2C144\" sizes=\"(max-width: 144px) 100vw, 144px\" srcset=\"https:\/\/i0.wp.com\/portifolioos-prontos.com\/wp-content\/uploads\/2023\/02\/whatsapp-business-projeto-de-extensao.jpeg?resize=300%2C301&amp;ssl=1 300w, https:\/\/i0.wp.com\/portifolioos-prontos.com\/wp-content\/uploads\/2023\/02\/whatsapp-business-projeto-de-extensao.jpeg?resize=150%2C150&amp;ssl=1 150w, https:\/\/i0.wp.com\/portifolioos-prontos.com\/wp-content\/uploads\/2023\/02\/whatsapp-business-projeto-de-extensao.jpeg?resize=370%2C372&amp;ssl=1 370w, https:\/\/i0.wp.com\/portifolioos-prontos.com\/wp-content\/uploads\/2023\/02\/whatsapp-business-projeto-de-extensao.jpeg?resize=100%2C100&amp;ssl=1 100w, https:\/\/i0.wp.com\/portifolioos-prontos.com\/wp-content\/uploads\/2023\/02\/whatsapp-business-projeto-de-extensao.jpeg?w=470&amp;ssl=1 470w\" alt=\"projeto de extens\u00e3o unopar\" width=\"144\" height=\"144\" data-lazy-loaded=\"1\" \/><\/h4>\n<\/div>\n<div class=\"elementor-toggle-item\">\n<div id=\"elementor-tab-content-1949\" class=\"elementor-tab-content elementor-clearfix elementor-active\" role=\"tabpanel\" data-tab=\"9\" aria-labelledby=\"elementor-tab-title-1949\">\n<p>E-mail:portifoliosp@gmail.com<\/p>\n<div id=\"attachment_143\" class=\"wp-caption alignnone\">\n<div id=\"attachment_143\" class=\"wp-caption alignnone\">\n<p id=\"caption-attachment-143\" class=\"wp-caption-text\"><a href=\"http:\/\/portfolio-pronto.com\/\">Portf\u00f3lio<\/a>\u00a0em Word, respondido, completo e j\u00e1 nas normas<\/p>\n<\/div>\n<\/div>\n<\/div>\n<\/div>\n","protected":false},"excerpt":{"rendered":"<div class=\"product-short-description\">\n<div class=\"product-short-description\">\n<p><strong>Pague pelo PIX ou cart\u00e3o e fa\u00e7a o download agora mesmo.<\/strong><\/p>\n<\/div>\n<div class=\"sticky-add-to-cart-wrapper\">\n<div class=\"sticky-add-to-cart\">\n<p class=\"quantity buttons_added form-flat\"><img loading=\"lazy\" decoding=\"async\" class=\"lazyloaded smush-image-5 smush-image-3 smush-image-4 smush-detected-img smush-image-bigger-3\" src=\"https:\/\/d26lpennugtm8s.cloudfront.net\/assets\/common\/img\/logos\/payment\/visa@2x.png\" width=\"46\" height=\"29\" data-src=\"https:\/\/d26lpennugtm8s.cloudfront.net\/assets\/common\/img\/logos\/payment\/visa@2x.png\" \/><img loading=\"lazy\" decoding=\"async\" class=\"lazyloaded smush-image-6 smush-image-4 smush-image-5 smush-detected-img smush-image-bigger-4\" src=\"https:\/\/d26lpennugtm8s.cloudfront.net\/assets\/common\/img\/logos\/payment\/boleto@2x.png\" width=\"43\" height=\"27\" data-src=\"https:\/\/d26lpennugtm8s.cloudfront.net\/assets\/common\/img\/logos\/payment\/boleto@2x.png\" \/><img loading=\"lazy\" decoding=\"async\" class=\"lazyloaded smush-image-7 smush-image-5 smush-image-6 smush-detected-img smush-image-bigger-5\" src=\"https:\/\/d26lpennugtm8s.cloudfront.net\/assets\/common\/img\/logos\/payment\/mastercard@2x.png\" width=\"43\" height=\"27\" data-src=\"https:\/\/d26lpennugtm8s.cloudfront.net\/assets\/common\/img\/logos\/payment\/mastercard@2x.png\" \/><img loading=\"lazy\" decoding=\"async\" class=\"lazyloaded smush-image-8 smush-image-6 smush-image-7 smush-detected-img smush-image-bigger-6\" src=\"https:\/\/d26lpennugtm8s.cloudfront.net\/assets\/common\/img\/logos\/payment\/amex@2x.png\" width=\"43\" height=\"27\" data-src=\"https:\/\/d26lpennugtm8s.cloudfront.net\/assets\/common\/img\/logos\/payment\/amex@2x.png\" \/><img loading=\"lazy\" decoding=\"async\" class=\"lazyloaded smush-image-9 smush-image-7 smush-image-8 smush-detected-img smush-image-bigger-7\" src=\"https:\/\/d26lpennugtm8s.cloudfront.net\/assets\/common\/img\/logos\/payment\/diners@2x.png\" width=\"46\" height=\"29\" data-src=\"https:\/\/d26lpennugtm8s.cloudfront.net\/assets\/common\/img\/logos\/payment\/diners@2x.png\" \/><img loading=\"lazy\" decoding=\"async\" class=\"lazyloaded smush-image-10 smush-image-8 smush-image-9 alignnone smush-detected-img smush-image-bigger-8\" src=\"https:\/\/d26lpennugtm8s.cloudfront.net\/assets\/common\/img\/logos\/payment\/br\/elo@2x.png\" alt=\"portf\u00f3lio unopar anhanguera\" width=\"45\" height=\"28\" data-src=\"https:\/\/d26lpennugtm8s.cloudfront.net\/assets\/common\/img\/logos\/payment\/br\/elo@2x.png\" \/><img loading=\"lazy\" decoding=\"async\" class=\"lazyloaded smush-image-11 smush-image-9 smush-image-10 alignnone smush-detected-img smush-image-bigger-9\" src=\"https:\/\/d26lpennugtm8s.cloudfront.net\/assets\/common\/img\/logos\/payment\/br\/hipercard@2x.png\" alt=\"portf\u00f3lio unopar anhanguera\" width=\"44\" height=\"28\" data-src=\"https:\/\/d26lpennugtm8s.cloudfront.net\/assets\/common\/img\/logos\/payment\/br\/hipercard@2x.png\" \/><img loading=\"lazy\" decoding=\"async\" class=\"lazyloaded smush-image-12 smush-image-10 smush-image-11 alignnone smush-detected-img smush-image-bigger-10\" src=\"https:\/\/d26lpennugtm8s.cloudfront.net\/assets\/common\/img\/logos\/payment\/mercadopago@2x.png\" alt=\"portf\u00f3lio unopar anhanguera\" width=\"45\" height=\"28\" data-src=\"https:\/\/d26lpennugtm8s.cloudfront.net\/assets\/common\/img\/logos\/payment\/mercadopago@2x.png\" \/><img loading=\"lazy\" decoding=\"async\" class=\"alignnone ls-is-cached lazyloaded smush-detected-img smush-image-bigger-11\" src=\"https:\/\/futurium.com.br\/wp-content\/uploads\/2021\/06\/logo-pix-icone-512.png\" alt=\"portfolio pronto\" width=\"30\" height=\"30\" data-src=\"https:\/\/futurium.com.br\/wp-content\/uploads\/2021\/06\/logo-pix-icone-512.png\" \/><\/p>\n<\/div>\n<\/div>\n<\/div>\n","protected":false},"featured_media":19073,"template":"","meta":{"_seopress_robots_primary_cat":"none","_seopress_titles_title":"","_seopress_titles_desc":"","_seopress_robots_index":""},"product_cat":[109,58,145,15],"product_tag":[],"class_list":{"0":"post-19071","1":"product","2":"type-product","3":"status-publish","4":"has-post-thumbnail","6":"product_cat-analise-e-desenvolvimento-de-sistemas","7":"product_cat-cursos-de-t-i","8":"product_cat-desenvolvimento-back-end","9":"product_cat-uncategorized","11":"first","12":"instock","13":"downloadable","14":"virtual","15":"purchasable","16":"product-type-simple","17":"col-xs-6 col-sm-4","18":"col-mf-5","19":"un-5-cols"},"jetpack_sharing_enabled":true,"_links":{"self":[{"href":"https:\/\/portifolioos-prontos.com\/index.php\/wp-json\/wp\/v2\/product\/19071","targetHints":{"allow":["GET"]}}],"collection":[{"href":"https:\/\/portifolioos-prontos.com\/index.php\/wp-json\/wp\/v2\/product"}],"about":[{"href":"https:\/\/portifolioos-prontos.com\/index.php\/wp-json\/wp\/v2\/types\/product"}],"version-history":[{"count":0,"href":"https:\/\/portifolioos-prontos.com\/index.php\/wp-json\/wp\/v2\/product\/19071\/revisions"}],"wp:featuredmedia":[{"embeddable":true,"href":"https:\/\/portifolioos-prontos.com\/index.php\/wp-json\/wp\/v2\/media\/19073"}],"wp:attachment":[{"href":"https:\/\/portifolioos-prontos.com\/index.php\/wp-json\/wp\/v2\/media?parent=19071"}],"wp:term":[{"taxonomy":"product_cat","embeddable":true,"href":"https:\/\/portifolioos-prontos.com\/index.php\/wp-json\/wp\/v2\/product_cat?post=19071"},{"taxonomy":"product_tag","embeddable":true,"href":"https:\/\/portifolioos-prontos.com\/index.php\/wp-json\/wp\/v2\/product_tag?post=19071"}],"curies":[{"name":"wp","href":"https:\/\/api.w.org\/{rel}","templated":true}]}}