{"id":19139,"date":"2023-08-26T14:44:45","date_gmt":"2023-08-26T17:44:45","guid":{"rendered":"https:\/\/portifolioos-prontos.com\/?post_type=product&#038;p=19139"},"modified":"2025-09-02T22:30:26","modified_gmt":"2025-09-03T01:30:26","slug":"plano-de-aula-praticas-pedagogicas-gestao-da-aprendizagem","status":"publish","type":"product","link":"https:\/\/portifolioos-prontos.com\/index.php\/product\/plano-de-aula-praticas-pedagogicas-gestao-da-aprendizagem\/","title":{"rendered":"Plano de Aula &#8211; Pr\u00e1ticas Pedag\u00f3gicas &#8211; Gest\u00e3o da aprendizagem"},"content":{"rendered":"<h4>Plano de Aula &#8211; Pr\u00e1ticas Pedag\u00f3gicas &#8211; Gest\u00e3o da aprendizagem<\/h4>\n<p>AULA PR\u00c1TICA &#8211; PLANO DE AULA<br \/>\nUnidade: Por que avaliar?<br \/>\nAula: Avalia\u00e7\u00e3o Diagn\u00f3stica: Estrat\u00e9gias educativas para o mapeamento dos<br \/>\nconhecimentos pr\u00e9vios dos estudantes<br \/>\nSitua\u00e7\u00e3o-problema<br \/>\nOl\u00e1, estudante!<br \/>\nNeste momento da disciplina, voc\u00ea realizar\u00e1 um projeto final relacionado a uma situa\u00e7\u00e3o t\u00edpica<br \/>\ndas atividades profissionais do professor. Vejamos:<br \/>\nAp\u00f3s a realiza\u00e7\u00e3o do concurso p\u00fablico em sua cidade, voc\u00ea foi chamado para assumir o cargo<br \/>\nde professor do 2\u00ba ano do Ensino Fundamental. O ingresso ocorreu um pouco antes do in\u00edcio das<br \/>\naulas, ent\u00e3o, a coordenadora pedag\u00f3gica, ap\u00f3s apresentar os professores e as respectivas<br \/>\ns\u00e9ries, orientou que todos iniciassem a confec\u00e7\u00e3o das avalia\u00e7\u00f5es diagn\u00f3sticas.<br \/>\nNa escola, h\u00e1 quatro professores do 2\u00ba ano, todos polivalentes, ou seja, ministram aulas em<br \/>\ndiversas \u00e1reas do conhecimento (L\u00edngua Portuguesa, Matem\u00e1tica, Hist\u00f3ria, Geografia, Ci\u00eancias<br \/>\ne Ensino Religioso). Para que o mapeamento sobre as aprendizagens concretizadas no ano<br \/>\nanterior seja efetivo, voc\u00eas decidiram que todos aplicar\u00e3o as mesmas avalia\u00e7\u00f5es diagn\u00f3sticas.<br \/>\nAs avalia\u00e7\u00f5es de L\u00edngua Portuguesa e Matem\u00e1tica j\u00e1 est\u00e3o prontas e s\u00e3o realizadas h\u00e1 alguns<br \/>\nanos. Por\u00e9m, neste ano, v\u00e3o ser introduzidas as avalia\u00e7\u00f5es de Hist\u00f3ria, Geografia, Ci\u00eancias e<br \/>\nEnsino Religioso. Cada professor desenvolver\u00e1 uma nova avalia\u00e7\u00e3o diagn\u00f3stica, contemplando<br \/>\nos componentes curriculares mencionados. Voc\u00eas combinaram que construir\u00e3o um breve dossi\u00ea<br \/>\nsobre cada avalia\u00e7\u00e3o, para que seja poss\u00edvel analisar o processo e fazer ajustes, caso sejam<br \/>\nnecess\u00e1rios.<br \/>\nVoc\u00ea ficou respons\u00e1vel pela avalia\u00e7\u00e3o de Ci\u00eancias e precisar\u00e1:<br \/>\n&#8211; Ler e conhecer as compet\u00eancias espec\u00edficas referentes \u00e0s Ci\u00eancias da Natureza do 1\u00ba ano do<br \/>\nEnsino Fundamental, bem como a proposta de objetos de conhecimento e habilidades prevista<br \/>\npara esse ano escolar.<br \/>\n&#8211; Construir a avalia\u00e7\u00e3o diagn\u00f3stica de Ci\u00eancias para o 2\u00ba ano do Ensino Fundamental, contendo<br \/>\n10 perguntas, sendo 8 de m\u00faltipla escolha e 2 dissertativas, conforme modelos:<br \/>\nQuest\u00e3o 1<br \/>\n(EF01CI01) Comparar caracter\u00edsticas de diferentes materiais presentes em objetos de uso cotidiano,<br \/>\ndiscutindo sua origem, os modos como s\u00e3o descartados e como podem ser usados de forma mais<br \/>\nconsciente.<br \/>\nPedro precisa descartar alguns pap\u00e9is. Onde ele deve deix\u00e1-los?<br \/>\na) No mar ou nos rios.<br \/>\nb) No ch\u00e3o.<br \/>\nc) No cesto de papel reciclado.<br \/>\nd) Fazer uma fogueira para queim\u00e1-los.<br \/>\nQuest\u00e3o 2<br \/>\n(EF01CI05) Identificar e nomear diferentes escalas de tempo: os per\u00edodos di\u00e1rios (manh\u00e3, tarde, noite)<br \/>\ne a sucess\u00e3o de dias, semanas, meses e anos.<br \/>\nUm dia \u00e9 dividido em tr\u00eas partes principais. O que voc\u00ea faz em cada uma dessas partes?<br \/>\nAtividade proposta<br \/>\nConstrua um dossi\u00ea sobre a avalia\u00e7\u00e3o diagn\u00f3stica de Ci\u00eancias para o 2\u00ba ano do Ensino<br \/>\nFundamental, contendo:<br \/>\n1) Apresenta\u00e7\u00e3o das compet\u00eancias relacionadas ao componente curricular de Ci\u00eancias do<br \/>\n1\u00ba ano do Ensino Fundamental (utilize a BNCC para localizar as compet\u00eancias e comente<br \/>\ncada uma).<br \/>\n2) Elabora\u00e7\u00e3o de uma avalia\u00e7\u00e3o diagn\u00f3stica de Ci\u00eancias para o 2\u00ba ano do Ensino<br \/>\nFundamental, contendo dez perguntas, sendo 8 de m\u00faltipla escolha e 2 dissertativas.<br \/>\nObserve que deve adequar a linguagem ao p\u00fablico alvo e empregar elementos l\u00fadicos<br \/>\nnas situa\u00e7\u00f5es apresentadas nas quest\u00f5es.<br \/>\nObjetivos<br \/>\nRefletir sobre a import\u00e2ncia da avalia\u00e7\u00e3o diagn\u00f3stica.<br \/>\nConstruir uma avalia\u00e7\u00e3o diagn\u00f3stica.<br \/>\nEmpregar os objetos de aprendizagem e as habilidades descritas na BNCC em quest\u00f5es<br \/>\npertinentes \u00e0 avalia\u00e7\u00e3o diagn\u00f3stica.<br \/>\nModelo de Avalia\u00e7\u00e3o Diagn\u00f3stica<br \/>\nEstudante, para a entrega desta Atividade Pr\u00e1tica, siga as instru\u00e7\u00f5es e forne\u00e7a a avalia\u00e7\u00e3o<br \/>\ndiagn\u00f3stica.<br \/>\nRefer\u00eancias<br \/>\nBRASIL. Minist\u00e9rio da Educa\u00e7\u00e3o. Base Nacional Comum Curricular. Bras\u00edlia, 2017. Dispon\u00edvel<br \/>\nem: http:\/\/basenacionalcomum.mec.gov.br\/abase\/ Acesso em: 22 dez. 2022.<br \/>\nGOVERNO DO ESTADO DO RIO GRANDE DO SUL. Matrizes de refer\u00eancia para o ano de<br \/>\n2022. Dispon\u00edvel em: https:\/\/educacao.rs.gov.br\/upload\/arquivos\/202202\/18164129-matrizes-dereferencia-2022-2.pdf. Acesso em: 24 jan. 2023.<\/p>\n","protected":false},"excerpt":{"rendered":"<div class=\"product-short-description\">\n<h5><strong>Pague pelo PIX ou cart\u00e3o e fa\u00e7a o download agora mesmo.<\/strong><\/h5>\n<\/div>\n<div class=\"sticky-add-to-cart-wrapper\">\n<div class=\"sticky-add-to-cart\">\n<div class=\"quantity buttons_added form-flat\"><img decoding=\"async\" class=\"alignnone wp-image-761\" src=\"http:\/\/portifolioos-prontos.com\/wp-content\/uploads\/2022\/04\/PIX-300x107.webp\" alt=\"\" width=\"78\" height=\"28\" \/>\u00a0\u00a0<img decoding=\"async\" class=\"\" src=\"https:\/\/d26lpennugtm8s.cloudfront.net\/assets\/common\/img\/logos\/payment\/visa@2x.png\" width=\"46\" height=\"29\" \/><img decoding=\"async\" class=\"\" src=\"https:\/\/d26lpennugtm8s.cloudfront.net\/assets\/common\/img\/logos\/payment\/boleto@2x.png\" width=\"43\" height=\"27\" \/><img loading=\"lazy\" decoding=\"async\" class=\"\" src=\"https:\/\/d26lpennugtm8s.cloudfront.net\/assets\/common\/img\/logos\/payment\/mastercard@2x.png\" width=\"43\" height=\"27\" \/><img loading=\"lazy\" decoding=\"async\" class=\"\" src=\"https:\/\/d26lpennugtm8s.cloudfront.net\/assets\/common\/img\/logos\/payment\/amex@2x.png\" width=\"43\" height=\"27\" \/><img loading=\"lazy\" decoding=\"async\" class=\"\" src=\"https:\/\/d26lpennugtm8s.cloudfront.net\/assets\/common\/img\/logos\/payment\/diners@2x.png\" width=\"46\" height=\"29\" \/><img loading=\"lazy\" decoding=\"async\" class=\"\" src=\"https:\/\/d26lpennugtm8s.cloudfront.net\/assets\/common\/img\/logos\/payment\/br\/elo@2x.png\" width=\"45\" height=\"28\" \/><img loading=\"lazy\" decoding=\"async\" class=\"\" src=\"https:\/\/d26lpennugtm8s.cloudfront.net\/assets\/common\/img\/logos\/payment\/br\/hipercard@2x.png\" width=\"44\" height=\"28\" \/><img loading=\"lazy\" decoding=\"async\" class=\"\" src=\"https:\/\/d26lpennugtm8s.cloudfront.net\/assets\/common\/img\/logos\/payment\/mercadopago@2x.png\" width=\"45\" height=\"28\" \/><\/div>\n<\/div>\n<\/div>\n","protected":false},"featured_media":19141,"template":"","meta":{"_seopress_robots_primary_cat":"none","_seopress_titles_title":"%%post_title%% %%sitetitle%%","_seopress_titles_desc":"%%post_content%%","_seopress_robots_index":""},"product_cat":[15],"product_tag":[],"class_list":{"0":"post-19139","1":"product","2":"type-product","3":"status-publish","4":"has-post-thumbnail","6":"product_cat-uncategorized","8":"first","9":"instock","10":"shipping-taxable","11":"purchasable","12":"product-type-simple","13":"col-xs-6 col-sm-4","14":"col-mf-5","15":"un-5-cols"},"jetpack_sharing_enabled":true,"_links":{"self":[{"href":"https:\/\/portifolioos-prontos.com\/index.php\/wp-json\/wp\/v2\/product\/19139","targetHints":{"allow":["GET"]}}],"collection":[{"href":"https:\/\/portifolioos-prontos.com\/index.php\/wp-json\/wp\/v2\/product"}],"about":[{"href":"https:\/\/portifolioos-prontos.com\/index.php\/wp-json\/wp\/v2\/types\/product"}],"version-history":[{"count":0,"href":"https:\/\/portifolioos-prontos.com\/index.php\/wp-json\/wp\/v2\/product\/19139\/revisions"}],"wp:featuredmedia":[{"embeddable":true,"href":"https:\/\/portifolioos-prontos.com\/index.php\/wp-json\/wp\/v2\/media\/19141"}],"wp:attachment":[{"href":"https:\/\/portifolioos-prontos.com\/index.php\/wp-json\/wp\/v2\/media?parent=19139"}],"wp:term":[{"taxonomy":"product_cat","embeddable":true,"href":"https:\/\/portifolioos-prontos.com\/index.php\/wp-json\/wp\/v2\/product_cat?post=19139"},{"taxonomy":"product_tag","embeddable":true,"href":"https:\/\/portifolioos-prontos.com\/index.php\/wp-json\/wp\/v2\/product_tag?post=19139"}],"curies":[{"name":"wp","href":"https:\/\/api.w.org\/{rel}","templated":true}]}}