{"id":19219,"date":"2023-08-29T17:34:49","date_gmt":"2023-08-29T20:34:49","guid":{"rendered":"https:\/\/portifolioos-prontos.com\/?post_type=product&#038;p=19219"},"modified":"2024-02-15T16:25:10","modified_gmt":"2024-02-15T19:25:10","slug":"aula-pratica-plano-de-aula-praticas-pedagogicas-bncc-e-a-arte-de-educar","status":"publish","type":"product","link":"https:\/\/portifolioos-prontos.com\/index.php\/product\/aula-pratica-plano-de-aula-praticas-pedagogicas-bncc-e-a-arte-de-educar\/","title":{"rendered":"AULA PR\u00c1TICA \u2013 PLANO DE AULA &#8211; Pr\u00e1ticas Pedag\u00f3gicas \u2013 BNCC e a Arte de Educar"},"content":{"rendered":"<p>Disciplina: Pr\u00e1ticas Pedag\u00f3gicas \u2013 BNCC e a Arte de Educar<br \/>\nAULA PR\u00c1TICA \u2013 PLANO DE AULA<br \/>\nUnidade: BNCC e o Ensino M\u00e9dio<br \/>\nAula: Os itiner\u00e1rios formativos no Ensino M\u00e9dio<br \/>\nSitua\u00e7\u00e3o-problema<br \/>\nOl\u00e1, estudante! Imagine que voc\u00ea \u00e9 professor do 1\u00ba ano do ensino m\u00e9dio e, em breve, ser\u00e1 o<br \/>\nprimeiro dia de aula da sua turma. Portanto, seus alunos est\u00e3o em um momento muito importante<br \/>\nna sua trajet\u00f3ria de vida, na qual eles se colocam diante do mundo na transi\u00e7\u00e3o entre ser adulto e<br \/>\nser adolescente. \u00c9 uma etapa de transi\u00e7\u00e3o, de busca de identidade coletiva e individual, de<br \/>\npreocupa\u00e7\u00e3o com consumo, renda, trabalho e constru\u00e7\u00e3o de novas rela\u00e7\u00f5es afetivas.<br \/>\nNo contexto da BNCC, temas como esse podem ser trabalhados em todos os componentes<br \/>\ncurriculares de diferentes maneiras.<br \/>\nSuponha, ent\u00e3o, que voc\u00ea trabalhe em uma escola dentro de uma comunidade perif\u00e9rica, marcada<br \/>\npor tr\u00e1fico de drogas e sensibilidade ambiental. Por j\u00e1 trabalhar nessa escola h\u00e1 muitos anos, voc\u00ea<br \/>\nsabe que os jovens ali t\u00eam uma grande demanda por renda e por acesso a direitos fundamentais,<br \/>\ncomo sa\u00fade, lazer, cultura e assist\u00eancia social.<br \/>\nConsiderando tudo o que aprendeu, voc\u00ea j\u00e1 sabe que tem uma miss\u00e3o importante, garantindo<br \/>\ndireitos educacionais e de possibilitar que seus alunos construam um projeto de vida emancipat\u00f3rio.<br \/>\nAtividade proposta<br \/>\nConsiderando a realidade dos seus alunos, construa um plano de aula, dentro da sua \u00e1rea de<br \/>\nforma\u00e7\u00e3o, que tenha como foco trabalhar o conceito de juventude e de constru\u00e7\u00e3o identit\u00e1ria,<br \/>\npossibilitando ao jovem pensar o seu futuro de uma maneira positiva e \u00e9tica.<br \/>\nObjetivos<br \/>\nAnalisar o processo de transi\u00e7\u00e3o entre o ensino fundamental e o ensino m\u00e9dio.<br \/>\nDesnaturalizar o conceito de aluno.<br \/>\nPensar no aluno que ingressa no ensino m\u00e9dio frente \u00e0s suas inseguran\u00e7as e vulnerabilidades.<br \/>\nModelo do Plano de Aula<br \/>\nEstudante, para a entrega desta Atividade Pr\u00e1tica, siga as instru\u00e7\u00f5es e preencha o quadro a seguir,<br \/>\nque consiste em um modelo de plano de aula. Nenhum dos itens deve ser exclu\u00eddo ou ficar sem<br \/>\npreenchimento.<\/p>\n<p>PLANO DE AULA<br \/>\nComponente<br \/>\ncurricular:<br \/>\nInsira aqui o nome da disciplina.<br \/>\nUnidade<br \/>\ntem\u00e1tica:<br \/>\nInsira aqui a Unidade Tem\u00e1tica conforme a BNCC.<br \/>\nObjeto do<br \/>\nconhecimento:<br \/>\nInsira aqui o Objeto do Conhecimento conforme a BNCC.<br \/>\nHabilidade(s): Insira aqui a(s) Habilidade(s) conforme a BNCC, reproduzindo a numera\u00e7\u00e3o e a<br \/>\ndescri\u00e7\u00e3o.<br \/>\nTema da aula: Insira aqui o t\u00edtulo da aula.<br \/>\nTurma: Insira aqui o ano e o n\u00edvel de ensino.<br \/>\nDura\u00e7\u00e3o: Insira aqui o n\u00famero de aulas e o tempo de cada uma delas.<br \/>\nObjetivo(s): Insira aqui o(s) objetivo(s) que voc\u00ea deseja que os estudantes alcancem.<br \/>\nCompet\u00eancias: Insira aqui as Compet\u00eancias conforme a BNCC.<br \/>\nConte\u00fado<br \/>\nprogram\u00e1tico:<br \/>\nInsira aqui os conte\u00fados a serem abordados.<br \/>\nMetodologia: Insira aqui as estrat\u00e9gias que orientam a condu\u00e7\u00e3o da aula (ex.: cria\u00e7\u00e3o de mapa<br \/>\nconceitual, sala de aula invertida etc.).<br \/>\nRecursos<br \/>\ndid\u00e1ticos:<br \/>\nInsira aqui os materiais a serem utilizados (ex: lousa, games, m\u00fasica etc.).<br \/>\nResultados de<br \/>\naprendizagem<br \/>\nInsira aqui os resultados de aprendizagem esperados para essa aula.<br \/>\nCrit\u00e9rios de<br \/>\navalia\u00e7\u00e3o:<br \/>\nInsira aqui os m\u00e9todos avaliativos.<br \/>\nRefer\u00eancias: Insira aqui a bibliografia b\u00e1sica e a complementar.<br \/>\nRefer\u00eancias<br \/>\nBRASIL. Base Nacional Comum Curricular. Bras\u00edlia, DF: Minist\u00e9rio da Educa\u00e7\u00e3o, 2018.<br \/>\nDispon\u00edvel em: http:\/\/basenacionalcomum.mec.gov.br\/images\/BNCC_publicacao.pdf. Acesso em:<br \/>\n19 jan. 2023.<br \/>\nLEAO, G.; DAYRELL, J. T.; REIS, J. B. dos. Juventude, projetos de vida e ensino m\u00e9dio. Educ.<br \/>\nSoc., Campinas, v. 32, n. 117, p. 1067-1084, dez. 2011. Dispon\u00edvel em:<br \/>\nhttp:\/\/old.scielo.br\/scielo.php?scrit=sci_arttext&#038;pid=S0101-73302011000400010&#038;lng=en&#038;nrm=iso.<br \/>\nAcesso em: 24 jan. 2023.<\/p>\n<div class=\"elementor-toggle-item\">\n<h4 id=\"elementor-tab-title-1941\" class=\"elementor-tab-title elementor-active\" tabindex=\"0\" role=\"tab\" data-tab=\"1\" aria-controls=\"elementor-tab-content-1941\" aria-expanded=\"true\" aria-selected=\"true\">Como funciona?<\/h4>\n<div id=\"elementor-tab-content-1941\" class=\"elementor-tab-content elementor-clearfix elementor-active\" role=\"tabpanel\" data-tab=\"1\" aria-labelledby=\"elementor-tab-title-1941\">\n<p>Elaboramos os portf\u00f3lios, j\u00e1 deixamos prontos, nas normas da ABNT e conforme os requisitos da universidade. F\u00e1cil assim! O MELHOR \u00c9 QUE VOC\u00ca COMPRA E J\u00c1 BAIXA NA HORA O SEU ARQUIVO EM WORD! Sabemos que conciliar trabalho, fam\u00edlia, vida profissional e estudos \u00e9 dif\u00edcil hoje em dia, por isso, estamos aqui para ajudar voc\u00ea. Conte com nossa qualidade, experi\u00eancia e profissionalismo adquirindo seu portf\u00f3lio conosco. GARANTIMOS SEU CONCEITO!<\/p>\n<h4>Como se realizam os envios?<\/h4>\n<\/div>\n<\/div>\n<div class=\"elementor-toggle-item\">\n<div id=\"elementor-tab-content-1942\" class=\"elementor-tab-content elementor-clearfix elementor-active\" role=\"tabpanel\" data-tab=\"2\" aria-labelledby=\"elementor-tab-title-1942\">O seu trabalho \u00e9 disponibilizado pronto, respondido e nas normas j\u00e1 na mesma hora aqui em nosso site na sua \u00e1rea de downloads e tamb\u00e9m no seu e-mail.<\/div>\n<\/div>\n<div class=\"elementor-toggle-item\">\n<div id=\"elementor-tab-content-1943\" class=\"elementor-tab-content elementor-clearfix elementor-active\" role=\"tabpanel\" data-tab=\"3\" aria-labelledby=\"elementor-tab-title-1943\">\n<h4>Em quanto tempo recebo o portf\u00f3lio?<\/h4>\n<\/div>\n<\/div>\n<div class=\"elementor-toggle-item\">\n<div id=\"elementor-tab-content-1944\" class=\"elementor-tab-content elementor-clearfix elementor-active\" role=\"tabpanel\" data-tab=\"4\" aria-labelledby=\"elementor-tab-title-1944\">\n<p>Os envios s\u00e3o imediatos. Ap\u00f3s sua compra, o trabalho j\u00e1 \u00e9 disponibilizado instantaneamente aqui em nosso site e no seu e-mail.<\/p>\n<h4>E se o portf\u00f3lio que comprei precisar de corre\u00e7\u00e3o?<\/h4>\n<\/div>\n<\/div>\n<div class=\"elementor-toggle-item\">\n<div id=\"elementor-tab-content-1945\" class=\"elementor-tab-content elementor-clearfix elementor-active\" role=\"tabpanel\" data-tab=\"5\" aria-labelledby=\"elementor-tab-title-1945\">\n<p>Caso haja alguma solicita\u00e7\u00e3o de corre\u00e7\u00e3o\/altera\u00e7\u00e3o por parte do tutor, basta entrar em contato conosco pelo\u00a0WhatsApp\u00a0que provid\u00eanciaremos sem custo algum.<\/p>\n<h4>Qual o formato do arquivo?<\/h4>\n<\/div>\n<\/div>\n<div class=\"elementor-toggle-item\">\n<div id=\"elementor-tab-content-1946\" class=\"elementor-tab-content elementor-clearfix elementor-active\" role=\"tabpanel\" data-tab=\"6\" aria-labelledby=\"elementor-tab-title-1946\">\n<p>Os arquivos s\u00e3o enviados em formato Word e s\u00e3o edit\u00e1veis.<\/p>\n<h4>Caso eu tiver alguma d\u00favida, terei suporte no p\u00f3s venda?<\/h4>\n<\/div>\n<\/div>\n<div class=\"elementor-toggle-item\">\n<div id=\"elementor-tab-content-1948\" class=\"elementor-tab-content elementor-clearfix elementor-active\" role=\"tabpanel\" data-tab=\"8\" aria-labelledby=\"elementor-tab-title-1948\">\n<p>Sim, com certeza. Basta clicar no \u00edcone do WhatsApp no cantinho da tela. Ser\u00e1 um prazer atend\u00ea-lo(a).<\/p>\n<div class=\"elementor-toggle-item\">\n<div id=\"elementor-tab-content-1948\" class=\"elementor-tab-content elementor-clearfix elementor-active\" role=\"tabpanel\" data-tab=\"8\" aria-labelledby=\"elementor-tab-title-1948\">\n<h4>Quais os seus canais de contato?<\/h4>\n<\/div>\n<\/div>\n<div class=\"elementor-toggle-item\">\n<div id=\"elementor-tab-content-1949\" class=\"elementor-tab-content elementor-clearfix elementor-active\" role=\"tabpanel\" data-tab=\"9\" aria-labelledby=\"elementor-tab-title-1949\">\n<p>Whatsapp: 53 984751621 \u2013 Clicar no canto da tela ou ESCANEIE O QRCODE ABAIXO<\/p>\n<h4><img decoding=\"async\" class=\"alignnone wp-image-13699 jetpack-lazy-image jetpack-lazy-image--handled\" src=\"https:\/\/i0.wp.com\/portifolioos-prontos.com\/wp-content\/uploads\/2023\/02\/whatsapp-business-projeto-de-extensao-300x300.jpeg?resize=144%2C144\" sizes=\"(max-width: 144px) 100vw, 144px\" srcset=\"https:\/\/i0.wp.com\/portifolioos-prontos.com\/wp-content\/uploads\/2023\/02\/whatsapp-business-projeto-de-extensao.jpeg?resize=300%2C301&amp;ssl=1 300w, https:\/\/i0.wp.com\/portifolioos-prontos.com\/wp-content\/uploads\/2023\/02\/whatsapp-business-projeto-de-extensao.jpeg?resize=150%2C150&amp;ssl=1 150w, https:\/\/i0.wp.com\/portifolioos-prontos.com\/wp-content\/uploads\/2023\/02\/whatsapp-business-projeto-de-extensao.jpeg?resize=370%2C372&amp;ssl=1 370w, https:\/\/i0.wp.com\/portifolioos-prontos.com\/wp-content\/uploads\/2023\/02\/whatsapp-business-projeto-de-extensao.jpeg?resize=100%2C100&amp;ssl=1 100w, https:\/\/i0.wp.com\/portifolioos-prontos.com\/wp-content\/uploads\/2023\/02\/whatsapp-business-projeto-de-extensao.jpeg?w=470&amp;ssl=1 470w\" alt=\"projeto de extens\u00e3o unopar\" width=\"144\" height=\"144\" data-lazy-loaded=\"1\" \/><\/h4>\n<\/div>\n<\/div>\n<\/div>\n<\/div>\n<div class=\"elementor-toggle-item\">\n<div id=\"elementor-tab-content-1949\" class=\"elementor-tab-content elementor-clearfix elementor-active\" role=\"tabpanel\" data-tab=\"9\" aria-labelledby=\"elementor-tab-title-1949\">\n<p>E-mail:portifoliosp@gmail.com<\/p>\n<div id=\"attachment_143\" class=\"wp-caption alignnone\">\n<div id=\"attachment_143\" class=\"wp-caption alignnone\" style=\"width: 123px;\">\n<p><a href=\"http:\/\/portifolioos-prontos.com\/\"><img decoding=\"async\" class=\"wp-image-143 jetpack-lazy-image jetpack-lazy-image--handled\" title=\"portfolio pronto unopar\" src=\"https:\/\/i0.wp.com\/portifolioos-prontos.com\/wp-content\/uploads\/2022\/04\/conceitomaximo.png?resize=161%2C46\" alt=\"PORTFOLIO PRONTO UNOPAR ANHANGUERA\" width=\"123\" height=\"35\" aria-describedby=\"caption-attachment-143\" data-lazy-loaded=\"1\" \/><\/a><\/p>\n<p id=\"caption-attachment-143\" class=\"wp-caption-text\">Portf\u00f3lio em Word, respondido, completo e j\u00e1 nas normas.<\/p>\n<\/div>\n<\/div>\n<\/div>\n<\/div>\n","protected":false},"excerpt":{"rendered":"<div class=\"product-short-description\">\n<h5><strong>Pague pelo PIX ou cart\u00e3o e fa\u00e7a o download agora mesmo.<\/strong><\/h5>\n<\/div>\n<div class=\"sticky-add-to-cart-wrapper\">\n<div class=\"sticky-add-to-cart\">\n<div class=\"quantity buttons_added form-flat\"><img decoding=\"async\" class=\"alignnone wp-image-761\" src=\"http:\/\/portifolioos-prontos.com\/wp-content\/uploads\/2022\/04\/PIX-300x107.webp\" alt=\"\" width=\"78\" height=\"28\" \/>\u00a0\u00a0<img loading=\"lazy\" decoding=\"async\" class=\"\" src=\"https:\/\/d26lpennugtm8s.cloudfront.net\/assets\/common\/img\/logos\/payment\/visa@2x.png\" width=\"46\" height=\"29\" \/><img loading=\"lazy\" decoding=\"async\" class=\"\" src=\"https:\/\/d26lpennugtm8s.cloudfront.net\/assets\/common\/img\/logos\/payment\/boleto@2x.png\" width=\"43\" height=\"27\" \/><img loading=\"lazy\" decoding=\"async\" class=\"\" src=\"https:\/\/d26lpennugtm8s.cloudfront.net\/assets\/common\/img\/logos\/payment\/mastercard@2x.png\" width=\"43\" height=\"27\" \/><img loading=\"lazy\" decoding=\"async\" class=\"\" src=\"https:\/\/d26lpennugtm8s.cloudfront.net\/assets\/common\/img\/logos\/payment\/amex@2x.png\" width=\"43\" height=\"27\" \/><img loading=\"lazy\" decoding=\"async\" class=\"\" src=\"https:\/\/d26lpennugtm8s.cloudfront.net\/assets\/common\/img\/logos\/payment\/diners@2x.png\" width=\"46\" height=\"29\" \/><img loading=\"lazy\" decoding=\"async\" class=\"\" src=\"https:\/\/d26lpennugtm8s.cloudfront.net\/assets\/common\/img\/logos\/payment\/br\/elo@2x.png\" width=\"45\" height=\"28\" \/><img loading=\"lazy\" decoding=\"async\" class=\"\" src=\"https:\/\/d26lpennugtm8s.cloudfront.net\/assets\/common\/img\/logos\/payment\/br\/hipercard@2x.png\" width=\"44\" height=\"28\" \/><img loading=\"lazy\" decoding=\"async\" class=\"\" src=\"https:\/\/d26lpennugtm8s.cloudfront.net\/assets\/common\/img\/logos\/payment\/mercadopago@2x.png\" width=\"45\" height=\"28\" \/><\/div>\n<\/div>\n<\/div>\n","protected":false},"featured_media":19222,"template":"","meta":{"_seopress_robots_primary_cat":"none","_seopress_titles_title":"%%post_title%% %%sitetitle%%","_seopress_titles_desc":"%%post_content%%","_seopress_robots_index":""},"product_cat":[15],"product_tag":[],"class_list":{"0":"post-19219","1":"product","2":"type-product","3":"status-publish","4":"has-post-thumbnail","6":"product_cat-uncategorized","8":"first","9":"instock","10":"shipping-taxable","11":"purchasable","12":"product-type-simple","13":"col-xs-6 col-sm-4","14":"col-mf-5","15":"un-5-cols"},"jetpack_sharing_enabled":true,"_links":{"self":[{"href":"https:\/\/portifolioos-prontos.com\/index.php\/wp-json\/wp\/v2\/product\/19219","targetHints":{"allow":["GET"]}}],"collection":[{"href":"https:\/\/portifolioos-prontos.com\/index.php\/wp-json\/wp\/v2\/product"}],"about":[{"href":"https:\/\/portifolioos-prontos.com\/index.php\/wp-json\/wp\/v2\/types\/product"}],"version-history":[{"count":0,"href":"https:\/\/portifolioos-prontos.com\/index.php\/wp-json\/wp\/v2\/product\/19219\/revisions"}],"wp:featuredmedia":[{"embeddable":true,"href":"https:\/\/portifolioos-prontos.com\/index.php\/wp-json\/wp\/v2\/media\/19222"}],"wp:attachment":[{"href":"https:\/\/portifolioos-prontos.com\/index.php\/wp-json\/wp\/v2\/media?parent=19219"}],"wp:term":[{"taxonomy":"product_cat","embeddable":true,"href":"https:\/\/portifolioos-prontos.com\/index.php\/wp-json\/wp\/v2\/product_cat?post=19219"},{"taxonomy":"product_tag","embeddable":true,"href":"https:\/\/portifolioos-prontos.com\/index.php\/wp-json\/wp\/v2\/product_tag?post=19219"}],"curies":[{"name":"wp","href":"https:\/\/api.w.org\/{rel}","templated":true}]}}