{"id":19232,"date":"2023-08-29T19:33:34","date_gmt":"2023-08-29T22:33:34","guid":{"rendered":"https:\/\/portifolioos-prontos.com\/?post_type=product&#038;p=19232"},"modified":"2025-09-02T22:30:26","modified_gmt":"2025-09-03T01:30:26","slug":"aula-pratica-plano-de-aula-praticas-pedagogicas-em-lingua-portuguesa-anos-finais-do-ensino-fundamental","status":"publish","type":"product","link":"https:\/\/portifolioos-prontos.com\/index.php\/product\/aula-pratica-plano-de-aula-praticas-pedagogicas-em-lingua-portuguesa-anos-finais-do-ensino-fundamental\/","title":{"rendered":"AULA PR\u00c1TICA \u2013 PLANO DE AULA &#8211; Pr\u00e1ticas Pedag\u00f3gicas em L\u00edngua Portuguesa \u2013 Anos Finais do Ensino Fundamental"},"content":{"rendered":"<p>Disciplina: Pr\u00e1ticas Pedag\u00f3gicas em L\u00edngua Portuguesa \u2013 Anos Finais<br \/>\ndo Ensino Fundamental<br \/>\nAULA PR\u00c1TICA \u2013 PLANO DE AULA<br \/>\nUnidade: Desenvolvimento de pr\u00e1ticas pedag\u00f3gicas em l\u00edngua portuguesa.<br \/>\nAula: A import\u00e2ncia da interdisciplinaridade como processo de aprendizagem.<br \/>\nSitua\u00e7\u00e3o-problema<br \/>\nCaro estudante, neste projeto, propomos a voc\u00ea um exerc\u00edcio pr\u00e1tico, no qual voc\u00ea ser\u00e1 o professor<br \/>\nde L\u00edngua Portuguesa de uma turma do 9\u00ba ano do Ensino Fundamental. Voc\u00ea ir\u00e1 sugerir uma<br \/>\natividade interdisciplinar, apresentando aos alunos as aproxima\u00e7\u00f5es da arte com a l\u00edngua,<br \/>\nmostrando como \u00e9 poss\u00edvel fazer a an\u00e1lise semi\u00f3tica em obras de arte. Para tanto, voc\u00ea iniciar\u00e1 a<br \/>\ndiscuss\u00e3o perguntando aos estudantes se as pinturas podem ser analisadas e se produzem efeitos<br \/>\nde sentidos. E, em caso afirmativo, como analis\u00e1-las?<br \/>\nApresente \u00e0 turma as obras de arte que ser\u00e3o os objetos de estudo desta atividade pedag\u00f3gica, a<br \/>\nsaber: O par de sapatos e Um par de tamancos de couro, ambas pintadas por Vincent van Gogh,<br \/>\ncomo vemos nas imagens a seguir:<br \/>\nFigura 1 | O par de sapatos, 1886, Van Gogh<br \/>\nFonte: Dom\u00ednio P\u00fablico.<br \/>\nFigura 2 | Um par de tamancos de couro, 1889, Van Gogh<br \/>\nFonte: Dom\u00ednio P\u00fablico.<br \/>\nDiante das imagens, voc\u00ea, como professor do 9\u00ba ano, pensar\u00e1 em estrat\u00e9gias poss\u00edveis para a<br \/>\nproposi\u00e7\u00e3o de uma aula que aplique a interdisciplinaridade e ainda envolva os alunos em uma<br \/>\natividade em grupo. Para tanto, voc\u00ea, futuro professor de L\u00edngua Portuguesa, precisar\u00e1 focar em<br \/>\nalgumas das habilidades da BNCC, tais como:<br \/>\n(EF69LP30) Comparar, com a ajuda do professor, conte\u00fados, dados e informa\u00e7\u00f5es de diferentes<br \/>\nfontes, levando em conta seus contextos de produ\u00e7\u00e3o e refer\u00eancias, identificando coincid\u00eancias,<br \/>\ncomplementaridades e contradi\u00e7\u00f5es, de forma a poder identificar erros\/imprecis\u00f5es conceituais,<br \/>\ncompreender e posicionar-se criticamente sobre os conte\u00fados e informa\u00e7\u00f5es em quest\u00e3o.<br \/>\n(EF69AR05) Experimentar e analisar diferentes formas de express\u00e3o art\u00edstica (desenho, pintura,<br \/>\ncolagem, quadrinhos, dobradura, escultura, modelagem, instala\u00e7\u00e3o, v\u00eddeo,<br \/>\nfotografia, performance etc.).<br \/>\n(EF69AR31) Relacionar as pr\u00e1ticas art\u00edsticas \u00e0s diferentes dimens\u00f5es da vida social, cultural,<br \/>\npol\u00edtica, hist\u00f3rica, econ\u00f4mica, est\u00e9tica e \u00e9tica.<br \/>\n(EF69AR32) Analisar e explorar, em projetos tem\u00e1ticos, as rela\u00e7\u00f5es processuais entre diversas<br \/>\nlinguagens art\u00edsticas.<br \/>\nAl\u00e9m disso, voc\u00ea, enquanto professor mediador da turma, dever\u00e1 auxiliar os alunos na resolu\u00e7\u00e3o<br \/>\nde d\u00favidas e nas dificuldades por eles enfrentadas. Na sua sala, alguns alunos dizem n\u00e3o<br \/>\ncompreender essa poss\u00edvel rela\u00e7\u00e3o entre l\u00edngua portuguesa e arte; por esse motivo, voc\u00ea dever\u00e1<br \/>\nmostrar, com exemplos, essas aproxima\u00e7\u00f5es relacionando as pr\u00e1ticas art\u00edsticas com a produ\u00e7\u00e3o<br \/>\ndas m\u00faltiplas linguagens e seus efeitos de sentido.<br \/>\nAtividade proposta<br \/>\nCaro estudante, elabore um plano de aula, no qual seja sobrelevada a import\u00e2ncia das pr\u00e1ticas<br \/>\npedag\u00f3gicas interdisciplinares para o processo de ensino-aprendizagem de l\u00edngua portuguesa.<br \/>\nCabe ressaltar que a aula ser\u00e1 destinada a estudantes do 9\u00ba ano do Ensino Fundamental, motivo<br \/>\npelo qual o exerc\u00edcio intelectual pode ser mais bem explorado.<br \/>\nObjetivos<br \/>\n\u25cf Promover o conhecimento sobre a import\u00e2ncia do trabalho interdisciplinar para a efetiva\u00e7\u00e3o<br \/>\ndas pr\u00e1ticas educativas;<br \/>\n\u25cf Estimular a criatividade do estudante a partir de pr\u00e1ticas educativas interdisciplinares;<br \/>\n\u25cf Possibilitar meios para o desenvolvimento de atividades com m\u00faltiplas finalidades, de modo<br \/>\na explorar as v\u00e1rias perspectivas de conjugar as diferentes \u00e1reas do conhecimento congregando<br \/>\ncom os diferentes campos do saber;<br \/>\n\u25cf Valorizar os diferentes g\u00eaneros textuais bem como as diferentes formas de an\u00e1lise<br \/>\nsemi\u00f3tica\/lingu\u00edstica;<br \/>\n\u25cf Expressar-se por meio da arte para demonstrar suas opini\u00f5es, cren\u00e7as e pontos de vista,<br \/>\nrespeitando sempre as diferen\u00e7as.<br \/>\nModelo do Plano de Aula<br \/>\nEstudante, para a entrega desta atividade pr\u00e1tica, siga as instru\u00e7\u00f5es e preencha o quadro abaixo,<br \/>\nque consiste em um modelo de plano de aula. Nenhum dos itens deve ser exclu\u00eddo ou ficar em<br \/>\nbranco.<br \/>\nPLANO DE AULA<br \/>\nComponente<br \/>\ncurricular:<br \/>\nInsira aqui o nome da disciplina.<br \/>\nUnidade<br \/>\ntem\u00e1tica:<br \/>\nInsira aqui a unidade tem\u00e1tica conforme a BNCC.<br \/>\nObjeto do<br \/>\nconhecimento:<br \/>\nInsira aqui o objeto do conhecimento conforme a BNCC.<br \/>\nHabilidade(s): Insira aqui a(s) habilidade(s) conforme a BNCC, reproduzindo a numera\u00e7\u00e3o e a<br \/>\ndescri\u00e7\u00e3o.<br \/>\nTema da aula: Insira aqui o t\u00edtulo da aula.<br \/>\nTurma: Insira aqui o ano e o n\u00edvel de ensino.<br \/>\nDura\u00e7\u00e3o: Insira aqui o n\u00famero de aulas e o tempo de cada uma delas.<br \/>\nObjetivo(s): Insira aqui o(s) objetivo(s) que voc\u00ea deseja que os estudantes alcancem.<br \/>\nCompet\u00eancias: Insira aqui as compet\u00eancias conforme a BNCC.<br \/>\nConte\u00fado<br \/>\nprogram\u00e1tico:<br \/>\nInsira aqui os conte\u00fados a serem abordados.<br \/>\nMetodologia: Insira aqui as estrat\u00e9gias que orientam a condu\u00e7\u00e3o da aula (ex: cria\u00e7\u00e3o de mapa<br \/>\nconceitual, sala de aula invertida, etc.).<br \/>\nRecursos<br \/>\ndid\u00e1ticos:<br \/>\nInsira aqui os materiais a serem utilizados (ex: lousa, games, m\u00fasica, etc.).<br \/>\nResultados de<br \/>\naprendizagem<br \/>\nInsira aqui os resultados de aprendizagem esperados para essa aula.<br \/>\nCrit\u00e9rios de<br \/>\navalia\u00e7\u00e3o:<br \/>\nInsira aqui os m\u00e9todos avaliativos.<br \/>\nRefer\u00eancias: Insira aqui a bibliografia b\u00e1sica e a complementar.<br \/>\nRefer\u00eancias<br \/>\nACERVO da Funda\u00e7\u00e3o Vincent Van Gogh. Descubra a vida e obra de Vincent Van Gogh. Museu<br \/>\nVan Gogh. Amsterdam. 2023. Dispon\u00edvel em: https:\/\/www.vangoghmuseum.nl\/nl. Acesso em: 17<br \/>\njan. 2023.<br \/>\nBRASIL. Base Nacional Comum Curricular (BNCC). Minist\u00e9rio da Educa\u00e7\u00e3o, 2018.<br \/>\nDispon\u00edvel em:<br \/>\nhttp:\/\/basenacionalcomum.mec.gov.br\/images\/BNCC_EI_EF_110518_versaofinal_site.pdf<br \/>\nAcesso em: 26 jan. 2023.<br \/>\nBRASIL. Base Nacional Comum Curricular. Caderno de pr\u00e1ticas do ensino fundamental \u2013 Anos<br \/>\nfinais. Minist\u00e9rio da Educa\u00e7\u00e3o. Dispon\u00edvel em:<br \/>\nhttp:\/\/basenacionalcomum.mec.gov.br\/implementacao\/praticas\/caderno-de-praticas\/ensinofundamental-anos-finais\/ Acesso em: 13 dez. 2022.<br \/>\nCHEVALIER, J.; GHEERBRANT, A. Dicion\u00e1rio dos s\u00edmbolos: mitos, sonhos, costumes, gestos,<br \/>\nformas, figuras, cores, n\u00fameros. 29. ed., Rio de Janeiro: Jos\u00e9 Olympio, 2016.<br \/>\nDALCIM, M. G. F. Interdisciplinaridade e integra\u00e7\u00e3o curricular: um estudo no contexto dos<br \/>\nInstitutos Federais. In.: FRANCISCO, E. C.; LEMOS, A. F. (Orgs.). Interdisciplinaridade:<br \/>\npesquisa e ensino. S\u00e3o Carlos: Pedro &amp; Jo\u00e3o Editores, 2019, p. 89-114. Dispon\u00edvel em:<br \/>\nhttps:\/\/pedroejoaoeditores.com.br\/2022\/wp-content\/uploads\/2022\/01\/ebookinterdisciplinaridade1.pdf. Acesso em: 12 jan. 2023.<br \/>\nFAZENDA, I. C. A. (Org.). Interdisciplinaridade-transdisciplinaridade: Vis\u00f5es culturais e<br \/>\nepistemol\u00f3gicas. In.: O que \u00e9 interdisciplinaridade? S\u00e3o Paulo: Cortez, 2008, p. 17-28.<br \/>\nFAZENDA, I. C. A. Integra\u00e7\u00e3o e interdisciplinaridade no ensino brasileiro: efetividade ou<br \/>\nideologia. 6. ed., S\u00e3o Paulo: Edi\u00e7\u00f5es Loyola, 2011.<br \/>\nGOGH, V. V. O par de sapatos. 1886, 1 original de arte, \u00f3leo sobre tela, 37,5 X 45. Museu Van<br \/>\nGogh, Amsterdam (Funda\u00e7\u00e3o Vincent Van Gogh). Dispon\u00edvel em:<br \/>\nhttp:\/\/www.dominiopublico.gov.br\/pesquisa\/DetalheObraForm.do?select_action=&#038;co_obra=4052.<br \/>\nAcesso em: 17 jan. 2023.<br \/>\nGOGH, V. V. Um par de tamancos de couro. 1889, 1 original de arte, \u00f3leo sobre tela, 32,2 X<br \/>\n40,5. Museu Van Gogh, Amsterdam (Funda\u00e7\u00e3o Vincent Van Gogh). Dispon\u00edvel em:<br \/>\nhttp:\/\/www.dominiopublico.gov.br\/pesquisa\/DetalheObraForm.do?select_action=&#038;co_obra=4051.<br \/>\nAcesso em: 17 jan. 2023.<br \/>\nTAVARES, D. E. A interdisciplinaridade na contemporaneidade \u2014 qual o sentido? In.: FAZENDA,<br \/>\nI. C. A. (Org.). O que \u00e9 interdisciplinaridade?. S\u00e3o Paulo: Cortez, 2008, p. 135-146.<br \/>\nYARED, I. O que \u00e9 interdisciplinaridade? In.: FAZENDA, I. C. A. (Org.). O que \u00e9<br \/>\ninterdisciplinaridade? S\u00e3o Paulo: Cortez, 2008, p. 161-166.<\/p>\n<div class=\"elementor-toggle-item\">\n<h4 id=\"elementor-tab-title-1941\" class=\"elementor-tab-title elementor-active\" tabindex=\"0\" role=\"tab\" data-tab=\"1\" aria-controls=\"elementor-tab-content-1941\" aria-expanded=\"true\" aria-selected=\"true\">Como funciona?<\/h4>\n<div id=\"elementor-tab-content-1941\" class=\"elementor-tab-content elementor-clearfix elementor-active\" role=\"tabpanel\" data-tab=\"1\" aria-labelledby=\"elementor-tab-title-1941\">\n<p>Elaboramos os portf\u00f3lios, j\u00e1 deixamos prontos, nas normas da ABNT e conforme os requisitos da universidade. F\u00e1cil assim! O MELHOR \u00c9 QUE VOC\u00ca COMPRA E J\u00c1 BAIXA NA HORA O SEU ARQUIVO EM WORD! Sabemos que conciliar trabalho, fam\u00edlia, vida profissional e estudos \u00e9 dif\u00edcil hoje em dia, por isso, estamos aqui para ajudar voc\u00ea. Conte com nossa qualidade, experi\u00eancia e profissionalismo adquirindo seu portf\u00f3lio conosco. GARANTIMOS SEU CONCEITO!<\/p>\n<h4>Como se realizam os envios?<\/h4>\n<\/div>\n<\/div>\n<div class=\"elementor-toggle-item\">\n<div id=\"elementor-tab-content-1942\" class=\"elementor-tab-content elementor-clearfix elementor-active\" role=\"tabpanel\" data-tab=\"2\" aria-labelledby=\"elementor-tab-title-1942\">O seu trabalho \u00e9 disponibilizado pronto, respondido e nas normas j\u00e1 na mesma hora aqui em nosso site na sua \u00e1rea de downloads e tamb\u00e9m no seu e-mail.<\/div>\n<\/div>\n<div class=\"elementor-toggle-item\">\n<div id=\"elementor-tab-content-1943\" class=\"elementor-tab-content elementor-clearfix elementor-active\" role=\"tabpanel\" data-tab=\"3\" aria-labelledby=\"elementor-tab-title-1943\">\n<h4>Em quanto tempo recebo o portf\u00f3lio?<\/h4>\n<\/div>\n<\/div>\n<div class=\"elementor-toggle-item\">\n<div id=\"elementor-tab-content-1944\" class=\"elementor-tab-content elementor-clearfix elementor-active\" role=\"tabpanel\" data-tab=\"4\" aria-labelledby=\"elementor-tab-title-1944\">\n<p>Os envios s\u00e3o imediatos. Ap\u00f3s sua compra, o trabalho j\u00e1 \u00e9 disponibilizado instantaneamente aqui em nosso site e no seu e-mail.<\/p>\n<h4>E se o portf\u00f3lio que comprei precisar de corre\u00e7\u00e3o?<\/h4>\n<\/div>\n<\/div>\n<div class=\"elementor-toggle-item\">\n<div id=\"elementor-tab-content-1945\" class=\"elementor-tab-content elementor-clearfix elementor-active\" role=\"tabpanel\" data-tab=\"5\" aria-labelledby=\"elementor-tab-title-1945\">\n<p>Caso haja alguma solicita\u00e7\u00e3o de corre\u00e7\u00e3o\/altera\u00e7\u00e3o por parte do tutor, basta entrar em contato conosco pelo\u00a0WhatsApp\u00a0que provid\u00eanciaremos sem custo algum.<\/p>\n<h4>Qual o formato do arquivo?<\/h4>\n<\/div>\n<\/div>\n<div class=\"elementor-toggle-item\">\n<div id=\"elementor-tab-content-1946\" class=\"elementor-tab-content elementor-clearfix elementor-active\" role=\"tabpanel\" data-tab=\"6\" aria-labelledby=\"elementor-tab-title-1946\">\n<p>Os arquivos s\u00e3o enviados em formato Word e s\u00e3o edit\u00e1veis.<\/p>\n<h4>Caso eu tiver alguma d\u00favida, terei suporte no p\u00f3s venda?<\/h4>\n<\/div>\n<\/div>\n<div class=\"elementor-toggle-item\">\n<div id=\"elementor-tab-content-1948\" class=\"elementor-tab-content elementor-clearfix elementor-active\" role=\"tabpanel\" data-tab=\"8\" aria-labelledby=\"elementor-tab-title-1948\">\n<p>Sim, com certeza. Basta clicar no \u00edcone do WhatsApp no cantinho da tela. Ser\u00e1 um prazer atend\u00ea-lo(a).<\/p>\n<div class=\"elementor-toggle-item\">\n<div id=\"elementor-tab-content-1948\" class=\"elementor-tab-content elementor-clearfix elementor-active\" role=\"tabpanel\" data-tab=\"8\" aria-labelledby=\"elementor-tab-title-1948\">\n<h4>Quais os seus canais de contato?<\/h4>\n<\/div>\n<\/div>\n<div class=\"elementor-toggle-item\">\n<div id=\"elementor-tab-content-1949\" class=\"elementor-tab-content elementor-clearfix elementor-active\" role=\"tabpanel\" data-tab=\"9\" aria-labelledby=\"elementor-tab-title-1949\">\n<p>Whatsapp: 53 984751621 \u2013 Clicar no canto da tela ou ESCANEIE O QRCODE ABAIXO<\/p>\n<h4><img decoding=\"async\" class=\"alignnone wp-image-13699 jetpack-lazy-image jetpack-lazy-image--handled\" src=\"https:\/\/i0.wp.com\/portifolioos-prontos.com\/wp-content\/uploads\/2023\/02\/whatsapp-business-projeto-de-extensao-300x300.jpeg?resize=144%2C144\" sizes=\"(max-width: 144px) 100vw, 144px\" srcset=\"https:\/\/i0.wp.com\/portifolioos-prontos.com\/wp-content\/uploads\/2023\/02\/whatsapp-business-projeto-de-extensao.jpeg?resize=300%2C301&amp;ssl=1 300w, https:\/\/i0.wp.com\/portifolioos-prontos.com\/wp-content\/uploads\/2023\/02\/whatsapp-business-projeto-de-extensao.jpeg?resize=150%2C150&amp;ssl=1 150w, https:\/\/i0.wp.com\/portifolioos-prontos.com\/wp-content\/uploads\/2023\/02\/whatsapp-business-projeto-de-extensao.jpeg?resize=370%2C372&amp;ssl=1 370w, https:\/\/i0.wp.com\/portifolioos-prontos.com\/wp-content\/uploads\/2023\/02\/whatsapp-business-projeto-de-extensao.jpeg?resize=100%2C100&amp;ssl=1 100w, https:\/\/i0.wp.com\/portifolioos-prontos.com\/wp-content\/uploads\/2023\/02\/whatsapp-business-projeto-de-extensao.jpeg?w=470&amp;ssl=1 470w\" alt=\"projeto de extens\u00e3o unopar\" width=\"144\" height=\"144\" data-lazy-loaded=\"1\" \/><\/h4>\n<\/div>\n<\/div>\n<\/div>\n<\/div>\n<div class=\"elementor-toggle-item\">\n<div id=\"elementor-tab-content-1949\" class=\"elementor-tab-content elementor-clearfix elementor-active\" role=\"tabpanel\" data-tab=\"9\" aria-labelledby=\"elementor-tab-title-1949\">\n<p>E-mail:portifoliosp@gmail.com<\/p>\n<div id=\"attachment_143\" class=\"wp-caption alignnone\">\n<div id=\"attachment_143\" class=\"wp-caption alignnone\" style=\"width: 116px;\">\n<p><a href=\"http:\/\/portifolioos-prontos.com\/\"><img decoding=\"async\" class=\"wp-image-143 jetpack-lazy-image jetpack-lazy-image--handled\" title=\"portfolio pronto unopar\" src=\"https:\/\/i0.wp.com\/portifolioos-prontos.com\/wp-content\/uploads\/2022\/04\/conceitomaximo.png?resize=161%2C46\" alt=\"PORTFOLIO PRONTO UNOPAR ANHANGUERA\" width=\"116\" height=\"33\" aria-describedby=\"caption-attachment-143\" data-lazy-loaded=\"1\" \/><\/a><\/p>\n<p id=\"caption-attachment-143\" class=\"wp-caption-text\">Portf\u00f3lio em Word, respondido, completo e j\u00e1 nas normas.<\/p>\n<\/div>\n<\/div>\n<\/div>\n<\/div>\n","protected":false},"excerpt":{"rendered":"<div class=\"product-short-description\">\n<h5><strong>Pague pelo PIX ou cart\u00e3o e fa\u00e7a o download agora mesmo.<\/strong><\/h5>\n<\/div>\n<div class=\"sticky-add-to-cart-wrapper\">\n<div class=\"sticky-add-to-cart\">\n<div class=\"quantity buttons_added form-flat\"><img decoding=\"async\" class=\"alignnone wp-image-761\" src=\"http:\/\/portifolioos-prontos.com\/wp-content\/uploads\/2022\/04\/PIX-300x107.webp\" alt=\"\" width=\"78\" height=\"28\" \/>\u00a0\u00a0<img loading=\"lazy\" decoding=\"async\" class=\"\" src=\"https:\/\/d26lpennugtm8s.cloudfront.net\/assets\/common\/img\/logos\/payment\/visa@2x.png\" width=\"46\" height=\"29\" \/><img loading=\"lazy\" decoding=\"async\" class=\"\" src=\"https:\/\/d26lpennugtm8s.cloudfront.net\/assets\/common\/img\/logos\/payment\/boleto@2x.png\" width=\"43\" height=\"27\" \/><img loading=\"lazy\" decoding=\"async\" class=\"\" src=\"https:\/\/d26lpennugtm8s.cloudfront.net\/assets\/common\/img\/logos\/payment\/mastercard@2x.png\" width=\"43\" height=\"27\" \/><img loading=\"lazy\" decoding=\"async\" class=\"\" src=\"https:\/\/d26lpennugtm8s.cloudfront.net\/assets\/common\/img\/logos\/payment\/amex@2x.png\" width=\"43\" height=\"27\" \/><img loading=\"lazy\" decoding=\"async\" class=\"\" src=\"https:\/\/d26lpennugtm8s.cloudfront.net\/assets\/common\/img\/logos\/payment\/diners@2x.png\" width=\"46\" height=\"29\" \/><img loading=\"lazy\" decoding=\"async\" class=\"\" src=\"https:\/\/d26lpennugtm8s.cloudfront.net\/assets\/common\/img\/logos\/payment\/br\/elo@2x.png\" width=\"45\" height=\"28\" \/><img loading=\"lazy\" decoding=\"async\" class=\"\" src=\"https:\/\/d26lpennugtm8s.cloudfront.net\/assets\/common\/img\/logos\/payment\/br\/hipercard@2x.png\" width=\"44\" height=\"28\" \/><img loading=\"lazy\" decoding=\"async\" class=\"\" src=\"https:\/\/d26lpennugtm8s.cloudfront.net\/assets\/common\/img\/logos\/payment\/mercadopago@2x.png\" width=\"45\" height=\"28\" \/><\/div>\n<\/div>\n<\/div>\n","protected":false},"featured_media":19234,"template":"","meta":{"_seopress_robots_primary_cat":"none","_seopress_titles_title":"","_seopress_titles_desc":"","_seopress_robots_index":""},"product_cat":[15],"product_tag":[],"class_list":{"0":"post-19232","1":"product","2":"type-product","3":"status-publish","4":"has-post-thumbnail","6":"product_cat-uncategorized","8":"first","9":"instock","10":"shipping-taxable","11":"purchasable","12":"product-type-simple","13":"col-xs-6 col-sm-4","14":"col-mf-5","15":"un-5-cols"},"jetpack_sharing_enabled":true,"_links":{"self":[{"href":"https:\/\/portifolioos-prontos.com\/index.php\/wp-json\/wp\/v2\/product\/19232","targetHints":{"allow":["GET"]}}],"collection":[{"href":"https:\/\/portifolioos-prontos.com\/index.php\/wp-json\/wp\/v2\/product"}],"about":[{"href":"https:\/\/portifolioos-prontos.com\/index.php\/wp-json\/wp\/v2\/types\/product"}],"version-history":[{"count":0,"href":"https:\/\/portifolioos-prontos.com\/index.php\/wp-json\/wp\/v2\/product\/19232\/revisions"}],"wp:featuredmedia":[{"embeddable":true,"href":"https:\/\/portifolioos-prontos.com\/index.php\/wp-json\/wp\/v2\/media\/19234"}],"wp:attachment":[{"href":"https:\/\/portifolioos-prontos.com\/index.php\/wp-json\/wp\/v2\/media?parent=19232"}],"wp:term":[{"taxonomy":"product_cat","embeddable":true,"href":"https:\/\/portifolioos-prontos.com\/index.php\/wp-json\/wp\/v2\/product_cat?post=19232"},{"taxonomy":"product_tag","embeddable":true,"href":"https:\/\/portifolioos-prontos.com\/index.php\/wp-json\/wp\/v2\/product_tag?post=19232"}],"curies":[{"name":"wp","href":"https:\/\/api.w.org\/{rel}","templated":true}]}}