{"id":19246,"date":"2023-08-29T22:52:35","date_gmt":"2023-08-30T01:52:35","guid":{"rendered":"https:\/\/portifolioos-prontos.com\/?post_type=product&#038;p=19246"},"modified":"2025-08-11T21:58:51","modified_gmt":"2025-08-12T00:58:51","slug":"aula-pratica-desenvolvimento-de-e-commerce-com-cms","status":"publish","type":"product","link":"https:\/\/portifolioos-prontos.com\/index.php\/product\/aula-pratica-desenvolvimento-de-e-commerce-com-cms\/","title":{"rendered":"Aula Pr\u00e1tica Desenvolvimento de e-commerce com CMS"},"content":{"rendered":"<h4>Aula Pr\u00e1tica Desenvolvimento de e-commerce com CMS<\/h4>\n<hr \/>\n<p>ROTEIRO DE AULA PR\u00c1TICA<br \/>\nNOME DA DISCIPLINA: Desenvolvimento de e-commerce com CMS<br \/>\nUnidade 3<br \/>\nSe\u00e7\u00e3o 3.3<br \/>\nOBJETIVOS<br \/>\nDefini\u00e7\u00e3o dos objetivos da aula pr\u00e1tica:<br \/>\nRealizar o download e instala\u00e7\u00e3o do wordpress em um servidor local;<br \/>\nRealizar a instala\u00e7\u00e3o do plugin \u201cwoocommerce\u201d ao wordpress;<br \/>\nConfigurar uma loja utilizando o painel administrativo;<br \/>\nRealizar o cadastramento de alguns itens iniciais para uma loja padr\u00e3o;<br \/>\nEstilizar a p\u00e1gina inicial;<br \/>\nTestar a aplica\u00e7\u00e3o desenvolvida.<br \/>\nINFRAESTRUTURA<br \/>\nInstala\u00e7\u00f5es:<br \/>\nLaborat\u00f3rio de Inform\u00e1tica<br \/>\nMateriais de consumo:<br \/>\nDescri\u00e7\u00e3o<br \/>\nQuantid. de materiais por<br \/>\nprocedimento\/atividade<br \/>\nN\u00e3o se aplica.<br \/>\nSoftware:<br \/>\nSim ( X ) N\u00e3o ( )<br \/>\nEm caso afirmativo, qual? XAMPP e WordPress.<br \/>\nPago ( ) N\u00e3o Pago ( X )<br \/>\nTipo de Licen\u00e7a: Gratuita.<br \/>\nDescri\u00e7\u00e3o do software:<br \/>\nWordPress: plataforma de publica\u00e7\u00e3o de c\u00f3digo aberto, popular para cria\u00e7\u00e3o e gerenciamento de<br \/>\nsites e blogs.<br \/>\n3<br \/>\nXAMPP: pacote de software gratuito e de c\u00f3digo aberto que fornece um ambiente de<br \/>\ndesenvolvimento web.<br \/>\nEquipamento de Prote\u00e7\u00e3o Individual (EPI):<br \/>\nN\u00e3o se aplica.<br \/>\nPROCEDIMENTOS PR\u00c1TICOS<br \/>\nProcedimento\/Atividade N\u00ba 1<br \/>\nAtividade proposta:<br \/>\nConfigurar o ambiente de instala\u00e7\u00e3o para o framework Woocommerce (wordpress), instalar o<br \/>\nmesmo e realizar as configura\u00e7\u00f5es iniciais de uma loja padr\u00e3o: inser\u00e7\u00e3o de categorias, produtos,<br \/>\nconfigura\u00e7\u00e3o de m\u00e9todos de pagamento, entrega e estiliza\u00e7\u00e3o da p\u00e1gina inicial.<br \/>\nProcedimentos para a realiza\u00e7\u00e3o da atividade:<br \/>\nPara a realiza\u00e7\u00e3o desta aula pratica voc\u00ea dever\u00e1 ter o software ter o XAMPP instalado no seu<br \/>\ncomputador.<br \/>\nFa\u00e7a o download e instale na sua m\u00e1quina:\u00a0<a href=\"https:\/\/www.apachefriends.org\/download.html\" rel=\"nofollow\">https:\/\/www.apachefriends.org\/download.html<\/a>.<br \/>\n1. Localize o local onde o XAMPP foi instalado no seu computador e crie uma pasta com o<br \/>\nnome \u201cwoocommerce\u201d dentro do caminho \u201cxampp\\htdocs\\\u201d.<br \/>\n2. Fa\u00e7a o download do WordPress:\u00a0<a href=\"https:\/\/wordpress.org\/download\/\" rel=\"nofollow\">https:\/\/wordpress.org\/download\/<\/a><br \/>\n3. Descompacte o arquivo e copie o seu conte\u00fado para dentro da pasta \u201cwoocommerce\u201d.<br \/>\n4. Procure pelo aplicativo Xampp Control Panel e execute o mesmo. Clique em \u201cstart\u201d tanto<br \/>\npara a op\u00e7\u00e3o \u201cApache\u201d quanto \u201cMySql\u201d. Seu servidor localhost estar\u00e1 ativo e voc\u00ea poder\u00e1<br \/>\nutiliza-lo.<br \/>\n5. No seu navegador digite o endere\u00e7o\u00a0<a href=\"http:\/\/localhost\/phpmyadmin\/\" rel=\"nofollow\">http:\/\/localhost\/phpmyadmin\/<\/a>.<br \/>\n6. No menu \u00e0 esquerda selecione a op\u00e7\u00e3o \u201cNew\u201d para criar um novo banco de dados,<br \/>\nconforme demonstrado na Figura 1:<br \/>\n4<br \/>\nFigura 1 \u2013 painel phpmyadmin<br \/>\nFonte: Elaborada pelo autor.<br \/>\n7. Vamos criar um banco de dados com o nome \u201cwoocommerce_db\u201d:<br \/>\nFigura 2 \u2013 cria\u00e7\u00e3o da base de dados<br \/>\nFonte: Elaborada pelo autor.<br \/>\n8. Agora abra o navegador e digite o endere\u00e7o\u00a0<a href=\"http:\/\/localhost\/woocommerce\" rel=\"nofollow\">http:\/\/localhost\/woocommerce<\/a>.<br \/>\n9. Siga os passos da instala\u00e7\u00e3o:<br \/>\na. Lembre-se de inserir o nome correto do banco de dados apenas criado:<br \/>\n\u201cwoommerce_db\u201d;<br \/>\nb. O usu\u00e1rio do banco de dados costuma ser \u201croot\u201d por default, e a senha costuma<br \/>\nficar vazia;<br \/>\nc. Insira o t\u00edtulo do site, usu\u00e1rio e senha \u00e0 sua escolha;<br \/>\n10. Terminada a instala\u00e7\u00e3o, acesse o painel, conforme sugerido, utilizando o usu\u00e1rio e senha<br \/>\nescolhidos.<br \/>\n11. Acesse o menu \u201cPlugins &gt; Adicionar novo\u201d e pesquise por \u201cWooComerce\u201d.<br \/>\n5<br \/>\nFigura 3 \u2013 instala\u00e7\u00e3o plugins<br \/>\nFonte: Elaborada pelo autor.<br \/>\n12. Selecione a op\u00e7\u00e3o \u201cInstalar agora\u201d e, ap\u00f3s instalado, selecione a op\u00e7\u00e3o \u201cAtivar\u201d;<br \/>\n13. Insira os detalhes da loja, escolha um setor onde sua loja ir\u00e1 operar, os tipos de produtos e<br \/>\numa quantidade aproximada de produtos que sua loja ir\u00e1 vender.<br \/>\n14. Clique em continuar e aguarde.<br \/>\n15. Assim que o painel administrativo reaparecer, selecione a op\u00e7\u00e3o \u201cWooCommerce\u201d:<br \/>\na. Insira pelo menos 3 novos produtos:<br \/>\ni. Insira um nome para o produto;<br \/>\nii. Insira um descri\u00e7\u00e3o para o produto;<br \/>\niii. Insira um pre\u00e7o para o produto;<br \/>\niv. Insira a quantidade em estoque;<br \/>\nv. Insira as dimens\u00f5es (importante para servi\u00e7os de c\u00e1lculo de frete);<br \/>\nvi. Insira pelo menos uma imagem;<br \/>\nvii. Clique em Publicar;<br \/>\nb. Crie pelo menos 1 nova categoria:<br \/>\ni. D\u00ea um nome e um slug (nome que aparecer\u00e1 na URL)<br \/>\nii. Insira uma imagem;<br \/>\niii. Insira uma descri\u00e7\u00e3o breve;<br \/>\nc. Defina um m\u00e9todo de Pagamento, uma sugest\u00e3o \u00e9 selecionar a op\u00e7\u00e3o \u201cCome\u00e7ar a<br \/>\nUsar\u201d do m\u00e9todo de pagamento \u201cPayPal\u201d:<br \/>\ni. Aguarde a instala\u00e7\u00e3o;<br \/>\n6<br \/>\nii. Selecione a op\u00e7\u00e3o \u201cTest payments wth PayPal sandbox\u201d ou simplesmente<br \/>\nselecione a op\u00e7\u00e3o \u201cActivate PayPal\u201d se desejar;<br \/>\niii. Insira as informa\u00e7\u00f5es requeridas;<br \/>\n(Para voltar ao passo a passo, basta selecionar o menu \u201cWooCommerce\u201d)<br \/>\nd. Habilite o meio de pagamento PayPal e\/ou outros.<br \/>\ne. Na op\u00e7\u00e3o adicionar taxas, escolha \u201cEu n\u00e3o combro impostos sobre vendas\u201d.<br \/>\nf. Adicione custos \u00e0 sua entrega, i.e.: 5 reais.<br \/>\ng. Adicione uma logo.<br \/>\n16. Personalize sua p\u00e1gina inicial.<br \/>\n17. Teste a aplica\u00e7\u00e3o.<br \/>\nFigura 4 \u2013 Resultado [1]<br \/>\nFonte: Elaborada pelo autor.<br \/>\nFigura 5 \u2013 Resultado [2]<br \/>\nFonte: Elaborada pelo autor.<br \/>\n7<br \/>\nChecklist:<br \/>\n1. Aquisi\u00e7\u00e3o e inicializa\u00e7\u00e3o do aplicativo Xampp;<br \/>\n2. Cria\u00e7\u00e3o do banco de dados da loja;<br \/>\n3. Download e instala\u00e7\u00e3o do framework wordpress;<br \/>\n4. Instala\u00e7\u00e3o do plugin woocommerce;<br \/>\n5. Cria\u00e7\u00e3o de nova loja;<br \/>\n6. Configura\u00e7\u00e3o b\u00e1sica da loja;<br \/>\n7. Estiliza\u00e7\u00e3o da p\u00e1gina principal (home page).<br \/>\n8. Testar o resultado inicializando o Apache.<br \/>\nRESULTADOS<br \/>\nResultados da aula pr\u00e1tica:<br \/>\n\u00c9 esperado que o aluno ao t\u00e9rmino da pr\u00e1tica saiba configurar uma loja WooCommerce e entregue<br \/>\num conjunto de pastas na estrutura do WordPress: ser\u00e3o os arquivos presentes na pasta<br \/>\nwoocommerce dentro de C:\/Xampp\/htdocs\/. N\u00e3o se esque\u00e7a de realizar todos os passos do<br \/>\nexerc\u00edcio e adicionar caracter\u00edsticas necess\u00e1rias para a visualiza\u00e7\u00e3o da sua loja. Importar um script<br \/>\n(.sql) com os dados referentes ao banco de dados woocommerce_db<\/p>\n<div class=\"elementor-toggle-item\">\n<div class=\"elementor-toggle-item\">\n<p id=\"elementor-tab-title-1941\" class=\"elementor-tab-title elementor-active\" tabindex=\"0\" role=\"tab\" data-tab=\"1\" aria-controls=\"elementor-tab-content-1941\" aria-expanded=\"true\" aria-selected=\"true\"><strong>Como funciona?<\/strong><\/p>\n<p>Elaboramos os portf\u00f3lios, j\u00e1 deixamos prontos, nas normas da ABNT e conforme os requisitos da universidade. F\u00e1cil assim! O MELHOR \u00c9 QUE VOC\u00ca COMPRA E J\u00c1 BAIXA NA HORA O SEU ARQUIVO EM WORD! Sabemos que conciliar trabalho, fam\u00edlia, vida profissional e estudos \u00e9 dif\u00edcil hoje em dia, por isso, estamos aqui para ajudar voc\u00ea. Conte com nossa qualidade, experi\u00eancia e profissionalismo adquirindo seu portf\u00f3lio conosco. GARANTIMOS SEU CONCEITO!<\/p>\n<p><strong>Como se realizam os envios?<\/strong><\/p>\n<\/div>\n<p id=\"elementor-tab-content-1942\" class=\"elementor-tab-content elementor-clearfix elementor-active\" role=\"tabpanel\" data-tab=\"2\" aria-labelledby=\"elementor-tab-title-1942\">O seu trabalho \u00e9 disponibilizado pronto, respondido e nas normas j\u00e1 na mesma hora aqui em nosso site na sua \u00e1rea de downloads e tamb\u00e9m no seu e-mail.<\/p>\n<p><strong>Em quanto tempo recebo o portf\u00f3lio?<\/strong><\/p>\n<p>Os envios s\u00e3o imediatos. Ap\u00f3s sua compra, o trabalho j\u00e1 \u00e9 disponibilizado instantaneamente aqui em nosso site e no seu e-mail.<\/p>\n<p><strong>E se o portf\u00f3lio que comprei precisar de corre\u00e7\u00e3o?<\/strong><\/p>\n<p>Caso haja alguma solicita\u00e7\u00e3o de corre\u00e7\u00e3o\/altera\u00e7\u00e3o por parte do tutor, basta entrar em contato conosco pelo\u00a0WhatsApp\u00a0que provid\u00eanciaremos sem custo algum.<\/p>\n<p><strong>Qual o formato do arquivo?<\/strong><\/p>\n<p>Os arquivos s\u00e3o enviados em formato Word e s\u00e3o edit\u00e1veis.<\/p>\n<p><strong>Caso eu tiver alguma d\u00favida, terei suporte no p\u00f3s venda?<\/strong><\/p>\n<p>Sim, com certeza. Basta clicar no \u00edcone do WhatsApp no cantinho da tela. Ser\u00e1 um prazer atend\u00ea-lo(a).<\/p>\n<div id=\"elementor-tab-content-1948\" class=\"elementor-tab-content elementor-clearfix elementor-active\" role=\"tabpanel\" data-tab=\"8\" aria-labelledby=\"elementor-tab-title-1948\">\n<p><strong>Quais os seus canais de contato?<\/strong><\/p>\n<\/div>\n<div id=\"elementor-tab-content-1949\" class=\"elementor-tab-content elementor-clearfix elementor-active\" role=\"tabpanel\" data-tab=\"9\" aria-labelledby=\"elementor-tab-title-1949\">\n<p>Whatsapp: 53 984751621 \u2013 Clicar no canto da tela ou ESCANEIE O QRCODE ABAIXO<\/p>\n<h4><img decoding=\"async\" class=\"alignnone wp-image-13699 jetpack-lazy-image jetpack-lazy-image--handled\" src=\"https:\/\/i0.wp.com\/portifolioos-prontos.com\/wp-content\/uploads\/2023\/02\/whatsapp-business-projeto-de-extensao-300x300.jpeg?resize=144%2C144\" sizes=\"(max-width: 144px) 100vw, 144px\" srcset=\"https:\/\/i0.wp.com\/portifolioos-prontos.com\/wp-content\/uploads\/2023\/02\/whatsapp-business-projeto-de-extensao.jpeg?resize=300%2C301&amp;ssl=1 300w, https:\/\/i0.wp.com\/portifolioos-prontos.com\/wp-content\/uploads\/2023\/02\/whatsapp-business-projeto-de-extensao.jpeg?resize=150%2C150&amp;ssl=1 150w, https:\/\/i0.wp.com\/portifolioos-prontos.com\/wp-content\/uploads\/2023\/02\/whatsapp-business-projeto-de-extensao.jpeg?resize=370%2C372&amp;ssl=1 370w, https:\/\/i0.wp.com\/portifolioos-prontos.com\/wp-content\/uploads\/2023\/02\/whatsapp-business-projeto-de-extensao.jpeg?resize=100%2C100&amp;ssl=1 100w, https:\/\/i0.wp.com\/portifolioos-prontos.com\/wp-content\/uploads\/2023\/02\/whatsapp-business-projeto-de-extensao.jpeg?w=470&amp;ssl=1 470w\" alt=\"projeto de extens\u00e3o unopar\" width=\"144\" height=\"144\" data-lazy-loaded=\"1\" \/><\/h4>\n<\/div>\n<div class=\"elementor-toggle-item\">\n<div id=\"elementor-tab-content-1949\" class=\"elementor-tab-content elementor-clearfix elementor-active\" role=\"tabpanel\" data-tab=\"9\" aria-labelledby=\"elementor-tab-title-1949\">\n<p>E-mail:portifoliosp@gmail.com<\/p>\n<div id=\"attachment_143\" class=\"wp-caption alignnone\">\n<div id=\"attachment_143\" class=\"wp-caption alignnone\">\n<p id=\"caption-attachment-143\" class=\"wp-caption-text\"><a href=\"http:\/\/portfolio-pronto.com\/\">Portf\u00f3lio<\/a>\u00a0em Word, respondido, completo e j\u00e1 nas normas<\/p>\n<\/div>\n<\/div>\n<\/div>\n<\/div>\n<\/div>\n","protected":false},"excerpt":{"rendered":"<div class=\"product-short-description\">\n<div class=\"product-short-description\">\n<p><strong>Pague pelo PIX ou cart\u00e3o e fa\u00e7a o download agora mesmo.<\/strong><\/p>\n<\/div>\n<div class=\"sticky-add-to-cart-wrapper\">\n<div class=\"sticky-add-to-cart\">\n<p class=\"quantity buttons_added form-flat\"><img decoding=\"async\" class=\"lazyloaded smush-image-5 smush-image-3 smush-image-4 smush-detected-img smush-image-bigger-3\" src=\"https:\/\/d26lpennugtm8s.cloudfront.net\/assets\/common\/img\/logos\/payment\/visa@2x.png\" width=\"46\" height=\"29\" data-src=\"https:\/\/d26lpennugtm8s.cloudfront.net\/assets\/common\/img\/logos\/payment\/visa@2x.png\" \/><img decoding=\"async\" class=\"lazyloaded smush-image-6 smush-image-4 smush-image-5 smush-detected-img smush-image-bigger-4\" src=\"https:\/\/d26lpennugtm8s.cloudfront.net\/assets\/common\/img\/logos\/payment\/boleto@2x.png\" width=\"43\" height=\"27\" data-src=\"https:\/\/d26lpennugtm8s.cloudfront.net\/assets\/common\/img\/logos\/payment\/boleto@2x.png\" \/><img loading=\"lazy\" decoding=\"async\" class=\"lazyloaded smush-image-7 smush-image-5 smush-image-6 smush-detected-img smush-image-bigger-5\" src=\"https:\/\/d26lpennugtm8s.cloudfront.net\/assets\/common\/img\/logos\/payment\/mastercard@2x.png\" width=\"43\" height=\"27\" data-src=\"https:\/\/d26lpennugtm8s.cloudfront.net\/assets\/common\/img\/logos\/payment\/mastercard@2x.png\" \/><img loading=\"lazy\" decoding=\"async\" class=\"lazyloaded smush-image-8 smush-image-6 smush-image-7 smush-detected-img smush-image-bigger-6\" src=\"https:\/\/d26lpennugtm8s.cloudfront.net\/assets\/common\/img\/logos\/payment\/amex@2x.png\" width=\"43\" height=\"27\" data-src=\"https:\/\/d26lpennugtm8s.cloudfront.net\/assets\/common\/img\/logos\/payment\/amex@2x.png\" \/><img loading=\"lazy\" decoding=\"async\" class=\"lazyloaded smush-image-9 smush-image-7 smush-image-8 smush-detected-img smush-image-bigger-7\" src=\"https:\/\/d26lpennugtm8s.cloudfront.net\/assets\/common\/img\/logos\/payment\/diners@2x.png\" width=\"46\" height=\"29\" data-src=\"https:\/\/d26lpennugtm8s.cloudfront.net\/assets\/common\/img\/logos\/payment\/diners@2x.png\" \/><img loading=\"lazy\" decoding=\"async\" class=\"lazyloaded smush-image-10 smush-image-8 smush-image-9 alignnone smush-detected-img smush-image-bigger-8\" src=\"https:\/\/d26lpennugtm8s.cloudfront.net\/assets\/common\/img\/logos\/payment\/br\/elo@2x.png\" alt=\"portf\u00f3lio unopar anhanguera\" width=\"45\" height=\"28\" data-src=\"https:\/\/d26lpennugtm8s.cloudfront.net\/assets\/common\/img\/logos\/payment\/br\/elo@2x.png\" \/><img loading=\"lazy\" decoding=\"async\" class=\"lazyloaded smush-image-11 smush-image-9 smush-image-10 alignnone smush-detected-img smush-image-bigger-9\" src=\"https:\/\/d26lpennugtm8s.cloudfront.net\/assets\/common\/img\/logos\/payment\/br\/hipercard@2x.png\" alt=\"portf\u00f3lio unopar anhanguera\" width=\"44\" height=\"28\" data-src=\"https:\/\/d26lpennugtm8s.cloudfront.net\/assets\/common\/img\/logos\/payment\/br\/hipercard@2x.png\" \/><img loading=\"lazy\" decoding=\"async\" class=\"lazyloaded smush-image-12 smush-image-10 smush-image-11 alignnone smush-detected-img smush-image-bigger-10\" src=\"https:\/\/d26lpennugtm8s.cloudfront.net\/assets\/common\/img\/logos\/payment\/mercadopago@2x.png\" alt=\"portf\u00f3lio unopar anhanguera\" width=\"45\" height=\"28\" data-src=\"https:\/\/d26lpennugtm8s.cloudfront.net\/assets\/common\/img\/logos\/payment\/mercadopago@2x.png\" \/><img loading=\"lazy\" decoding=\"async\" class=\"alignnone ls-is-cached lazyloaded smush-detected-img smush-image-bigger-11\" src=\"https:\/\/futurium.com.br\/wp-content\/uploads\/2021\/06\/logo-pix-icone-512.png\" alt=\"portfolio pronto\" width=\"30\" height=\"30\" data-src=\"https:\/\/futurium.com.br\/wp-content\/uploads\/2021\/06\/logo-pix-icone-512.png\" \/><\/p>\n<\/div>\n<\/div>\n<\/div>\n","protected":false},"featured_media":19248,"template":"","meta":{"_seopress_robots_primary_cat":"none","_seopress_titles_title":"%%post_title%% %%sitetitle%%","_seopress_titles_desc":"%%post_content%%","_seopress_robots_index":""},"product_cat":[15],"product_tag":[],"class_list":{"0":"post-19246","1":"product","2":"type-product","3":"status-publish","4":"has-post-thumbnail","6":"product_cat-uncategorized","8":"first","9":"instock","10":"downloadable","11":"virtual","12":"purchasable","13":"product-type-simple","14":"col-xs-6 col-sm-4","15":"col-mf-5","16":"un-5-cols"},"jetpack_sharing_enabled":true,"_links":{"self":[{"href":"https:\/\/portifolioos-prontos.com\/index.php\/wp-json\/wp\/v2\/product\/19246","targetHints":{"allow":["GET"]}}],"collection":[{"href":"https:\/\/portifolioos-prontos.com\/index.php\/wp-json\/wp\/v2\/product"}],"about":[{"href":"https:\/\/portifolioos-prontos.com\/index.php\/wp-json\/wp\/v2\/types\/product"}],"version-history":[{"count":0,"href":"https:\/\/portifolioos-prontos.com\/index.php\/wp-json\/wp\/v2\/product\/19246\/revisions"}],"wp:featuredmedia":[{"embeddable":true,"href":"https:\/\/portifolioos-prontos.com\/index.php\/wp-json\/wp\/v2\/media\/19248"}],"wp:attachment":[{"href":"https:\/\/portifolioos-prontos.com\/index.php\/wp-json\/wp\/v2\/media?parent=19246"}],"wp:term":[{"taxonomy":"product_cat","embeddable":true,"href":"https:\/\/portifolioos-prontos.com\/index.php\/wp-json\/wp\/v2\/product_cat?post=19246"},{"taxonomy":"product_tag","embeddable":true,"href":"https:\/\/portifolioos-prontos.com\/index.php\/wp-json\/wp\/v2\/product_tag?post=19246"}],"curies":[{"name":"wp","href":"https:\/\/api.w.org\/{rel}","templated":true}]}}