{"id":19606,"date":"2023-09-18T22:33:52","date_gmt":"2023-09-19T01:33:52","guid":{"rendered":"https:\/\/portifolioos-prontos.com\/?post_type=product&#038;p=19606"},"modified":"2024-11-29T16:10:24","modified_gmt":"2024-11-29T19:10:24","slug":"aula-pratica-plano-de-aula-praticas-pedagogicas-identidade-docente","status":"publish","type":"product","link":"https:\/\/portifolioos-prontos.com\/index.php\/product\/aula-pratica-plano-de-aula-praticas-pedagogicas-identidade-docente\/","title":{"rendered":"Aula pr\u00e1tica \u2013 plano de aula &#8211; Pr\u00e1ticas Pedag\u00f3gicas \u2013 Identidade Docente"},"content":{"rendered":"<p>Disciplina: Pr\u00e1ticas Pedag\u00f3gicas \u2013 Identidade Docente<br \/>\nAula pr\u00e1tica \u2013 plano de aula<br \/>\nUnidade: A organiza\u00e7\u00e3o do trabalho e da rotina do docente<br \/>\nAula: Reflex\u00f5es e desafios do exerc\u00edcio da doc\u00eancia no mundo contempor\u00e2neo<br \/>\nSitua\u00e7\u00e3o-problema<br \/>\nPensando em sua atua\u00e7\u00e3o pr\u00e1tica em sala de aula e nas dificuldades que pode encontrar neste<br \/>\nprocesso, propomos um exerc\u00edcio que permitir\u00e1 a voc\u00ea percorrer o caminho entre teoria e pr\u00e1tica,<br \/>\nunindo os conte\u00fados e orienta\u00e7\u00f5es da BNCC, a atua\u00e7\u00e3o do professor como mediador da<br \/>\naprendizagem e o desenvolvimento de conhecimento acad\u00eamico e de habilidades (soft skills).<br \/>\nNesta proposta, voc\u00ea \u00e9 o professor respons\u00e1vel pela disciplina de Hist\u00f3ria de uma turma de 7\u00ba<br \/>\nano de uma escola p\u00fablica do interior de S\u00e3o Paulo. Agora, voc\u00eas est\u00e3o entrando na Unidade<br \/>\nConfigura\u00e7\u00f5es do mundo no s\u00e9culo XIX, mais especificamente no item que aborda a cultura<br \/>\nind\u00edgena: a rela\u00e7\u00e3o com os colonizadores, o discurso civilizat\u00f3rio destes como justificativa e meio<br \/>\nde controle das popula\u00e7\u00f5es nativas, e as formas de resist\u00eancia dessas popula\u00e7\u00f5es.<br \/>\nComo sempre, ao iniciar um novo bloco, voc\u00ea faz uma atividade diagn\u00f3stica para sentir o n\u00edvel<br \/>\nde desenvolvimento e conhecimento da turma a respeito do tema, e percebe uma s\u00e9rie de no\u00e7\u00f5es<br \/>\nestereotipadas acerca das popula\u00e7\u00f5es ind\u00edgenas. Vamos destacar alguns pontos:<br \/>\n\u2022 Os alunos referem-se a essas popula\u00e7\u00f5es como \u201cos \u00edndios\u201d, o que aponta<br \/>\ndesconhecimento a respeito da ampla diversidade cultural desses povos.<br \/>\n\u2022 Os estudantes t\u00eam uma vis\u00e3o difundida de atraso e inferioridade em rela\u00e7\u00e3o a seus<br \/>\ncomportamentos e modos de vida.<br \/>\n\u2022 Os alunos t\u00eam um preconceito difundido ao apontarem ind\u00edgenas como povos<br \/>\nusurpadores que se dizem diferentes, mas que almejam conforto e facilidades como<br \/>\nsmartphone, carro e acesso \u00e0 internet.<br \/>\nA partir deste diagn\u00f3stico, voc\u00ea precisa pensar em formas de superar as vis\u00f5es estereotipadas,<br \/>\npermeadas por preconceitos originados da falta de compreens\u00e3o de quest\u00f5es como a viol\u00eancia<br \/>\nf\u00edsica e cultural a que essas popula\u00e7\u00f5es foram submetidas pelos colonizadores: sedentariza\u00e7\u00e3o,<br \/>\ncristianismo, uso de roupas, apresamento, trabalho for\u00e7ado etc.<br \/>\nEntender como se deu esse processo permite compreender o impacto que o contato causou e a<br \/>\nredu\u00e7\u00e3o dr\u00e1stica no n\u00famero de popula\u00e7\u00f5es ind\u00edgenas no Brasil. Esses conhecimentos far\u00e3o a<br \/>\nponte com a situa\u00e7\u00e3o ind\u00edgena atual: a luta por direitos, pelo respeito \u00e0 diversidade e pelo resgate<br \/>\ndas identidades.<br \/>\nPlano de aula<br \/>\nEstudante, a avalia\u00e7\u00e3o do plano de aula a seguir \u00e9 obrigat\u00f3ria para a resolu\u00e7\u00e3o da situa\u00e7\u00e3oproblema. Analise-o com aten\u00e7\u00e3o.<\/p>\n<p>PLANO DE AULA<br \/>\nComponente<br \/>\ncurricular:<br \/>\nHist\u00f3ria<br \/>\nUnidade<br \/>\ntem\u00e1tica:<br \/>\nConfigura\u00e7\u00f5es do mundo no s\u00e9culo XIX.<br \/>\nObjeto do<br \/>\nconhecimento:<br \/>\nPensamento e cultura no s\u00e9culo XIX: darwinismo e racismo.<br \/>\nO discurso civilizat\u00f3rio nas Am\u00e9ricas, o silenciamento dos saberes ind\u00edgenas e as formas<br \/>\nde integra\u00e7\u00e3o e destrui\u00e7\u00e3o de comunidades e povos ind\u00edgenas.<br \/>\nA resist\u00eancia dos povos e comunidades ind\u00edgenas diante da ofensiva civilizat\u00f3ria.<br \/>\nHabilidade(s): (EF08HI21) Identificar e analisar as pol\u00edticas oficiais com rela\u00e7\u00e3o ao ind\u00edgena durante o<br \/>\nImp\u00e9rio.<br \/>\n(EF08HI22) Discutir o papel das culturas letradas, n\u00e3o letradas e das artes na produ\u00e7\u00e3o das<br \/>\nidentidades no Brasil do s\u00e9culo XIX.<br \/>\n(EF08HI27) Identificar as tens\u00f5es e os significados dos discursos civilizat\u00f3rios, avaliando<br \/>\nseus impactos negativos para os povos ind\u00edgenas origin\u00e1rios e as popula\u00e7\u00f5es negras nas<br \/>\nAm\u00e9ricas.<br \/>\nTema da aula: Identidade ind\u00edgena: diversidade, conceito e temporalidade<br \/>\nTurma: 7\u00ba ano<br \/>\nDura\u00e7\u00e3o: 3 aulas \u2013 50 min. cada<br \/>\nObjetivo(s): Compreender o processo de domina\u00e7\u00e3o cultural ind\u00edgena promovido pela coloniza\u00e7\u00e3o;<br \/>\nidentificar formas de resist\u00eancia desses povos; reconhecer a influ\u00eancia das culturas<br \/>\nind\u00edgenas na forma\u00e7\u00e3o da nacionalidade brasileira; entender a rela\u00e7\u00e3o entre o processo de<br \/>\ncoloniza\u00e7\u00e3o e o lugar ocupado pelos ind\u00edgenas na sociedade brasileira hoje.<br \/>\nCompet\u00eancias: Compreender a historicidade no tempo e no espa\u00e7o, relacionando acontecimentos e<br \/>\nprocessos de transforma\u00e7\u00e3o e manuten\u00e7\u00e3o das estruturas sociais, pol\u00edticas, econ\u00f4micas e<br \/>\nculturais, bem como problematizar os significados das l\u00f3gicas de organiza\u00e7\u00e3o cronol\u00f3gica.<br \/>\nIdentificar interpreta\u00e7\u00f5es que expressam vis\u00f5es de diferentes sujeitos, culturas e povos<br \/>\ncom rela\u00e7\u00e3o a um mesmo contexto hist\u00f3rico, e posicionar-se criticamente com base em<br \/>\nprinc\u00edpios \u00e9ticos, democr\u00e1ticos, inclusivos, sustent\u00e1veis e solid\u00e1rios.<br \/>\nConte\u00fado<br \/>\nprogram\u00e1tico:<br \/>\nAula 1: avalia\u00e7\u00e3o diagn\u00f3stica \u2013 saberes pr\u00e9vios.<br \/>\nAula 2: povos ind\u00edgenas \u2013 aula expositiva.<br \/>\nAula 3: sala de aula invertida e debate \u2013 base em pesquisa pr\u00e9via solicitada como<br \/>\natividade para casa.<br \/>\nMetodologia: Cria\u00e7\u00e3o de mapa conceitual na aula diagn\u00f3stica (identifica\u00e7\u00e3o dos saberes pr\u00e9vios).<br \/>\nAula expositiva, com uso de recursos de m\u00eddia e digitais (destaque para v\u00eddeos e imagens).<br \/>\nSala de aula invertida \u2013 solicita\u00e7\u00e3o de dados e informa\u00e7\u00f5es acerca de quais s\u00e3o os dados<br \/>\nnum\u00e9ricos de habitantes ind\u00edgenas atualmente, de como est\u00e3o distribu\u00eddos no territ\u00f3rio<br \/>\nnacional, e de como se d\u00e1 a garantia de terras e direitos a esses povos.<br \/>\nDebate \u2013 O que \u00e9 ser ind\u00edgena? Observa\u00e7\u00e3o: conjunto de informa\u00e7\u00f5es e saberes atuar\u00e1<br \/>\ncomo recurso no embasamento dos argumentos.<br \/>\nProdu\u00e7\u00e3o de texto: Quem \u00e9 \u00edndio?<br \/>\nRecursos<br \/>\ndid\u00e1ticos:<br \/>\nLousa, imagens (formato a depender dos recursos da escola).<br \/>\nResultados de<br \/>\naprendizagem<br \/>\nCompreender a origem e a hist\u00f3ria dos povos ind\u00edgenas e sua rela\u00e7\u00e3o com o colonizador.<br \/>\nReconhecer pluralidade cultural e lingu\u00edstica dos povos ind\u00edgenas e identificar sua<br \/>\ncontribui\u00e7\u00e3o para a cultura brasileira.<br \/>\nQuestionar vis\u00f5es estereotipadas a respeito das popula\u00e7\u00f5es ind\u00edgenas.<br \/>\nFormular propostas de supera\u00e7\u00e3o de atitudes baseadas no preconceito etnicorracial.<br \/>\nCrit\u00e9rios de<br \/>\navalia\u00e7\u00e3o:<br \/>\nA avalia\u00e7\u00e3o ser\u00e1 a partir da participa\u00e7\u00e3o dos alunos nas atividades propostas, como a<br \/>\npesquisa, o debate e a produ\u00e7\u00e3o de texto.<br \/>\nRefer\u00eancias: Bibliografia B\u00e1sica:<br \/>\nBANIWA, G. dos S. L. O \u00edndio brasileiro: o que voc\u00ea precisa saber sobre os povos ind\u00edgenas<br \/>\nno Brasil de hoje. Bras\u00edlia: MEC\/Secad\/ Museu Nacional\/UFRJ, 2006. Dispon\u00edvel em:<br \/>\nhttp:\/\/www.educadores.diaadia.pr.gov.br\/arquivos\/File\/pdf\/indio_brasileiro.pdf. Acesso<br \/>\nem: 27 jan. 2023.<br \/>\nBRASIL. Instituto Brasileiro de Geografia e Estat\u00edstica (IBGE). Ind\u00edgenas. Bras\u00edlia\/DF: IBGE,<br \/>\nc2023. Dispon\u00edvel em: https:\/\/indigenas.ibge.gov.br\/apresentacao-indigenas.html. Acesso<br \/>\nem: 27 jan. 2023.<br \/>\nBRASIL. Minist\u00e9rio da Educa\u00e7\u00e3o. \u00cdndios no Brasil I \u2013 Cadernos da TV Escola. Bras\u00edlia\/DF:<br \/>\nMEC, 2001. Dispon\u00edvel em:<br \/>\nhttp:\/\/www.dominiopublico.gov.br\/download\/texto\/me001985.pdf. Acesso em: 27 jan.<br \/>\n2023.<br \/>\nFUNARI, P. P.; PI\u00d1\u00d3N, A. A Tem\u00e1tica Ind\u00edgena na Escola: subs\u00eddios para os professores.<br \/>\nS\u00e3o Paulo: Contexto, 2011.<br \/>\nPREZIA, B. Terra \u00e0 Vista \u2013 Descobrimento ou Invas\u00e3o? S\u00e3o Paulo: Moderna, 1996.<br \/>\nBibliografia Complementar:<br \/>\nBICALHO, P. S. dos S.; OLIVEIRA, F. A. da S.; MACHADO, M. \u2018Mas Eles S\u00e3o \u00cdndios de<br \/>\nVerdade?\u2019: representa\u00e7\u00f5es ind\u00edgenas na sala de aula. Outros Temas, Educa\u00e7\u00e3o &amp;<br \/>\nRealidade, v. 43, n. 4, out.-dez. 2018. Dispon\u00edvel em:<br \/>\nhttps:\/\/www.scielo.br\/j\/edreal\/a\/rNFkv6dF3DpRhygnppWPLQb\/?lang=pt. Acesso em: 27<br \/>\njan. 2023.<br \/>\nCASTRO, E. V. de. No Brasil, todo mundo \u00e9 \u00edndio, exceto quem n\u00e3o \u00e9. Entrevista ao Povos<br \/>\nInd\u00edgenas no Brasil. Instituto Socioambiental, 2006. Dispon\u00edvel em:<br \/>\nhttps:\/\/nova-escolaproducao.s3.amazonaws.com\/WRyrFAnjrUcCeX5D63BGXRsYrZTjv6PpAdPQqdZhQYVVxYf4<br \/>\n8ECvWgHNS6cG\/no-brasil-todo-mundo-e-indio.pdf. Acesso em: 27 jan. 2023.<br \/>\nGRUPIONI, L. D. B.; SILVA, A. L. da. (org.). A tem\u00e1tica ind\u00edgena na escola. S\u00e3o Paulo,<br \/>\nGlobal, 2008.<br \/>\nIND\u00cdGENAS digitais. [S. l.], 2 maio 2014. 1 v\u00eddeo (26 min. 4 seg.). Publicado pelo canal<br \/>\nThydewa ONG. Dispon\u00edvel em: https:\/\/www.youtube.com\/watch?v=T2I7ovB6E7k. Acesso<br \/>\nem: 27 jan. 2023.<br \/>\nMELATTI, J. C. \u00cdndios do Brasil. S\u00e3o Paulo: Edusp, 2008.<br \/>\nPLURALIDADE Cultural \u2013 \u00cdndios no Brasil \u2013 Quem s\u00e3o eles 1\/2. [S. l.], 13 nov. 2009. 1 v\u00eddeo<br \/>\n(8 min. 56 seg.). Publicado pelo canal Pernambuco TV. Dispon\u00edvel em:<br \/>\nhttps:\/\/youtu.be\/VOLy04zEeK8. Acesso em: 27 jan. 2023.<br \/>\nSILVA, A. L. da; FERREIRA, M. K. L. (org.). Antropologia, Hist\u00f3ria e Educa\u00e7\u00e3o: a quest\u00e3o<br \/>\nind\u00edgena e a escola. S\u00e3o Paulo, Global, 2001.<br \/>\nAtividade proposta<br \/>\nA partir da situa\u00e7\u00e3o-problema e do plano de aula apresentados, voc\u00ea dever\u00e1 pensar, como<br \/>\ndocente, em quais s\u00e3o as compet\u00eancias necess\u00e1rias para sua atua\u00e7\u00e3o profissional, refletindo a<br \/>\nrespeito do papel do professor como um mediador dos processos de aprendizagem. Para isso,<br \/>\nvoc\u00ea dever\u00e1 listar as compet\u00eancias necess\u00e1rias para resolver a situa\u00e7\u00e3o, bem como justific\u00e1-las.<br \/>\nObjetivos<br \/>\n\u2022 Compreender o que s\u00e3o habilidades e compet\u00eancias.<br \/>\n\u2022 Identificar as compet\u00eancias necess\u00e1rias para a resolu\u00e7\u00e3o de problemas em sala de aula.<br \/>\n\u2022 Identificar as compet\u00eancias necess\u00e1rias para a elabora\u00e7\u00e3o de planos de aula que atendam<br \/>\n\u00e0s orienta\u00e7\u00f5es da BNCC.<br \/>\n\u2022 Elaborar planos de aula que alinhem conte\u00fados acad\u00eamicos (hard skills) e habilidades<br \/>\nsocioemocionais (soft skills).<br \/>\nModelo de Quadro de Compet\u00eancias<br \/>\nEstudante, para a entrega desta atividade pr\u00e1tica, preencha o quadro de compet\u00eancias a seguir.<br \/>\nInsira quantas compet\u00eancias julgar importantes, acrescentando as linhas necess\u00e1rias.<\/p>\n<p>QUADRO DE COMPET\u00caNCIAS<br \/>\nSITUA\u00c7\u00c3O COMPET\u00caNCIA JUSTIFICATIVA<\/p>\n<p>Refer\u00eancias<br \/>\nBANIWA, G. dos S. L. O \u00edndio brasileiro: o que voc\u00ea precisa saber sobre os povos ind\u00edgenas<br \/>\nno Brasil de hoje. Bras\u00edlia: MEC\/Secad\/ Museu Nacional\/UFRJ, 2006. Dispon\u00edvel em:<br \/>\nhttp:\/\/www.educadores.diaadia.pr.gov.br\/arquivos\/File\/pdf\/indio_brasileiro.pdf. Acesso em: 27<br \/>\njan. 2023.<br \/>\nBICALHO, P. S. dos S.; OLIVEIRA, F. A. da S.; MACHADO, M. \u2018Mas Eles S\u00e3o \u00cdndios de<br \/>\nVerdade?\u2019: representa\u00e7\u00f5es ind\u00edgenas na sala de aula. Outros Temas, Educa\u00e7\u00e3o &amp; Realidade,<br \/>\nv. 43, n. 4, out.-dez. 2018. Dispon\u00edvel em:<br \/>\nhttps:\/\/www.scielo.br\/j\/edreal\/a\/rNFkv6dF3DpRhygnppWPLQb\/?lang=pt. Acesso em: 27 jan.<br \/>\n2023.<br \/>\nBRASIL. Instituto Brasileiro de Geografia e Estat\u00edstica (IBGE). Ind\u00edgenas. Bras\u00edlia\/DF: IBGE,<br \/>\nc2023. Dispon\u00edvel em: https:\/\/indigenas.ibge.gov.br\/apresentacao-indigenas.html. Acesso em:<br \/>\n27 jan. 2023.<br \/>\nBRASIL. Minist\u00e9rio da Educa\u00e7\u00e3o. \u00cdndios no Brasil I \u2013 Cadernos da TV Escola. Bras\u00edlia\/DF:<br \/>\nMEC, 2001. Dispon\u00edvel em: http:\/\/www.dominiopublico.gov.br\/download\/texto\/me001985.pdf.<br \/>\nAcesso em: 27 jan. 2023.<br \/>\nBRASIL. Minist\u00e9rio da Educa\u00e7\u00e3o. Base Nacional Comum Curricular. Bras\u00edlia\/DF: MEC, 2018.<br \/>\nCASTRO, E. V. de. No Brasil, todo mundo \u00e9 \u00edndio, exceto quem n\u00e3o \u00e9. Entrevista ao Povos<br \/>\nInd\u00edgenas no Brasil. Instituto Socioambiental, 2006. Dispon\u00edvel em:<br \/>\nhttps:\/\/nova-escolaproducao.s3.amazonaws.com\/WRyrFAnjrUcCeX5D63BGXRsYrZTjv6PpAdPQqdZhQYVVxYf48<br \/>\nECvWgHNS6cG\/no-brasil-todo-mundo-e-indio.pdf. Acesso em: 27 jan. 2023.<br \/>\nFUNARI, P. P.; PI\u00d1\u00d3N, A. A Tem\u00e1tica Ind\u00edgena na Escola: subs\u00eddios para os professores.<br \/>\nS\u00e3o Paulo: Contexto, 2011.<br \/>\nGRUPIONI, L. D. B.; SILVA, A. L. da. (org.). A tem\u00e1tica ind\u00edgena na escola. S\u00e3o Paulo,<br \/>\nGlobal, 2008.<br \/>\nIND\u00cdGENAS digitais. [S. l.], 2 maio 2014. 1 v\u00eddeo (26 min. 4 seg.). Publicado pelo canal<br \/>\nThydewa ONG. Dispon\u00edvel em: https:\/\/www.youtube.com\/watch?v=T2I7ovB6E7k. Acesso em:<br \/>\n27 jan. 2023.<br \/>\nMELATTI, J. C. \u00cdndios do Brasil. S\u00e3o Paulo: Edusp, 2008.<br \/>\nPLURALIDADE Cultural \u2013 \u00cdndios no Brasil \u2013 Quem s\u00e3o eles 1\/2. [S. l.], 13 nov. 2009. 1 v\u00eddeo (8<br \/>\nmin. 56 seg.). Publicado pelo canal Pernambuco TV. Dispon\u00edvel em:<br \/>\nhttps:\/\/youtu.be\/VOLy04zEeK8. Acesso em: 27 jan. 2023.<br \/>\nPREZIA, B. Terra \u00e0 Vista \u2013 Descobrimento ou Invas\u00e3o? S\u00e3o Paulo: Moderna, 1996.<br \/>\nSILVA, A. L. da; FERREIRA, M. K. L. (org.). Antropologia, Hist\u00f3ria e Educa\u00e7\u00e3o: a quest\u00e3o<br \/>\nind\u00edgena e a escola. S\u00e3o Paulo, Global, 2001.<\/p>\n<div class=\"elementor-toggle-item\">\n<h4 id=\"elementor-tab-title-1941\" class=\"elementor-tab-title elementor-active\" tabindex=\"0\" role=\"tab\" data-tab=\"1\" aria-controls=\"elementor-tab-content-1941\" aria-expanded=\"true\" aria-selected=\"true\">Como funciona?<\/h4>\n<div id=\"elementor-tab-content-1941\" class=\"elementor-tab-content elementor-clearfix elementor-active\" role=\"tabpanel\" data-tab=\"1\" aria-labelledby=\"elementor-tab-title-1941\">\n<p>Elaboramos os portf\u00f3lios, j\u00e1 deixamos prontos, nas normas da ABNT e conforme os requisitos da universidade. F\u00e1cil assim! O MELHOR \u00c9 QUE VOC\u00ca COMPRA E J\u00c1 BAIXA NA HORA O SEU ARQUIVO EM WORD! Sabemos que conciliar trabalho, fam\u00edlia, vida profissional e estudos \u00e9 dif\u00edcil hoje em dia, por isso, estamos aqui para ajudar voc\u00ea. Conte com nossa qualidade, experi\u00eancia e profissionalismo adquirindo seu portf\u00f3lio conosco. GARANTIMOS SEU CONCEITO!<\/p>\n<h4>Como se realizam os envios?<\/h4>\n<\/div>\n<\/div>\n<div class=\"elementor-toggle-item\">\n<div id=\"elementor-tab-content-1942\" class=\"elementor-tab-content elementor-clearfix elementor-active\" role=\"tabpanel\" data-tab=\"2\" aria-labelledby=\"elementor-tab-title-1942\">O seu trabalho \u00e9 disponibilizado pronto, respondido e nas normas j\u00e1 na mesma hora aqui em nosso site na sua \u00e1rea de downloads e tamb\u00e9m no seu e-mail.<\/div>\n<\/div>\n<div class=\"elementor-toggle-item\">\n<div id=\"elementor-tab-content-1943\" class=\"elementor-tab-content elementor-clearfix elementor-active\" role=\"tabpanel\" data-tab=\"3\" aria-labelledby=\"elementor-tab-title-1943\">\n<h4>Em quanto tempo recebo o portf\u00f3lio?<\/h4>\n<\/div>\n<\/div>\n<div class=\"elementor-toggle-item\">\n<div id=\"elementor-tab-content-1944\" class=\"elementor-tab-content elementor-clearfix elementor-active\" role=\"tabpanel\" data-tab=\"4\" aria-labelledby=\"elementor-tab-title-1944\">\n<p>Os envios s\u00e3o imediatos. Ap\u00f3s sua compra, o trabalho j\u00e1 \u00e9 disponibilizado instantaneamente aqui em nosso site e no seu e-mail.<\/p>\n<h4>E se o portf\u00f3lio que comprei precisar de corre\u00e7\u00e3o?<\/h4>\n<\/div>\n<\/div>\n<div class=\"elementor-toggle-item\">\n<div id=\"elementor-tab-content-1945\" class=\"elementor-tab-content elementor-clearfix elementor-active\" role=\"tabpanel\" data-tab=\"5\" aria-labelledby=\"elementor-tab-title-1945\">\n<p>Caso haja alguma solicita\u00e7\u00e3o de corre\u00e7\u00e3o\/altera\u00e7\u00e3o por parte do tutor, basta entrar em contato conosco pelo\u00a0WhatsApp\u00a0que provid\u00eanciaremos sem custo algum.<\/p>\n<h4>Qual o formato do arquivo?<\/h4>\n<\/div>\n<\/div>\n<div class=\"elementor-toggle-item\">\n<div id=\"elementor-tab-content-1946\" class=\"elementor-tab-content elementor-clearfix elementor-active\" role=\"tabpanel\" data-tab=\"6\" aria-labelledby=\"elementor-tab-title-1946\">\n<p>Os arquivos s\u00e3o enviados em formato Word e s\u00e3o edit\u00e1veis.<\/p>\n<h4>Caso eu tiver alguma d\u00favida, terei suporte no p\u00f3s venda?<\/h4>\n<\/div>\n<\/div>\n<div class=\"elementor-toggle-item\">\n<div id=\"elementor-tab-content-1948\" class=\"elementor-tab-content elementor-clearfix elementor-active\" role=\"tabpanel\" data-tab=\"8\" aria-labelledby=\"elementor-tab-title-1948\">\n<p>Sim, com certeza. Basta clicar no \u00edcone do WhatsApp no cantinho da tela. Ser\u00e1 um prazer atend\u00ea-lo(a).<\/p>\n<div class=\"elementor-toggle-item\">\n<div id=\"elementor-tab-content-1948\" class=\"elementor-tab-content elementor-clearfix elementor-active\" role=\"tabpanel\" data-tab=\"8\" aria-labelledby=\"elementor-tab-title-1948\">\n<h4>Quais os seus canais de contato?<\/h4>\n<\/div>\n<\/div>\n<div class=\"elementor-toggle-item\">\n<div id=\"elementor-tab-content-1949\" class=\"elementor-tab-content elementor-clearfix elementor-active\" role=\"tabpanel\" data-tab=\"9\" aria-labelledby=\"elementor-tab-title-1949\">\n<p>Whatsapp: 53 984751621 \u2013 Clicar no canto da tela ou ESCANEIE O QRCODE ABAIXO<\/p>\n<h4><img decoding=\"async\" class=\"alignnone wp-image-13699 jetpack-lazy-image jetpack-lazy-image--handled\" src=\"https:\/\/i0.wp.com\/portifolioos-prontos.com\/wp-content\/uploads\/2023\/02\/whatsapp-business-projeto-de-extensao-300x300.jpeg?resize=144%2C144\" sizes=\"(max-width: 144px) 100vw, 144px\" srcset=\"https:\/\/i0.wp.com\/portifolioos-prontos.com\/wp-content\/uploads\/2023\/02\/whatsapp-business-projeto-de-extensao.jpeg?resize=300%2C301&amp;ssl=1 300w, https:\/\/i0.wp.com\/portifolioos-prontos.com\/wp-content\/uploads\/2023\/02\/whatsapp-business-projeto-de-extensao.jpeg?resize=150%2C150&amp;ssl=1 150w, https:\/\/i0.wp.com\/portifolioos-prontos.com\/wp-content\/uploads\/2023\/02\/whatsapp-business-projeto-de-extensao.jpeg?resize=370%2C372&amp;ssl=1 370w, https:\/\/i0.wp.com\/portifolioos-prontos.com\/wp-content\/uploads\/2023\/02\/whatsapp-business-projeto-de-extensao.jpeg?resize=100%2C100&amp;ssl=1 100w, https:\/\/i0.wp.com\/portifolioos-prontos.com\/wp-content\/uploads\/2023\/02\/whatsapp-business-projeto-de-extensao.jpeg?w=470&amp;ssl=1 470w\" alt=\"projeto de extens\u00e3o unopar\" width=\"144\" height=\"144\" data-lazy-loaded=\"1\" \/><\/h4>\n<\/div>\n<\/div>\n<\/div>\n<\/div>\n<div class=\"elementor-toggle-item\">\n<div id=\"elementor-tab-content-1949\" class=\"elementor-tab-content elementor-clearfix elementor-active\" role=\"tabpanel\" data-tab=\"9\" aria-labelledby=\"elementor-tab-title-1949\">\n<p>E-mail:portifoliosp@gmail.com<\/p>\n<div id=\"attachment_143\" class=\"wp-caption alignnone\">\n<div id=\"attachment_143\" class=\"wp-caption alignnone\" style=\"width: 77px;\">\n<p><a href=\"http:\/\/portifolioos-prontos.com\/\"><img decoding=\"async\" class=\"wp-image-143 jetpack-lazy-image jetpack-lazy-image--handled\" title=\"portfolio pronto unopar\" src=\"https:\/\/i0.wp.com\/portifolioos-prontos.com\/wp-content\/uploads\/2022\/04\/conceitomaximo.png?resize=161%2C46\" alt=\"PORTFOLIO PRONTO UNOPAR ANHANGUERA\" width=\"77\" height=\"22\" aria-describedby=\"caption-attachment-143\" data-lazy-loaded=\"1\" \/><\/a><\/p>\n<p id=\"caption-attachment-143\" class=\"wp-caption-text\">Portf\u00f3lio em Word, respondido, completo e j\u00e1 nas normas.<\/p>\n<\/div>\n<\/div>\n<\/div>\n<\/div>\n","protected":false},"excerpt":{"rendered":"<div class=\"product-short-description\">\n<h5><strong>Pague pelo PIX ou cart\u00e3o e fa\u00e7a o download agora mesmo.<\/strong><\/h5>\n<\/div>\n<div class=\"sticky-add-to-cart-wrapper\">\n<div class=\"sticky-add-to-cart\">\n<div class=\"quantity buttons_added form-flat\"><img decoding=\"async\" class=\"alignnone wp-image-761\" src=\"http:\/\/portifolioos-prontos.com\/wp-content\/uploads\/2022\/04\/PIX-300x107.webp\" alt=\"\" width=\"78\" height=\"28\" \/>\u00a0\u00a0<img loading=\"lazy\" decoding=\"async\" class=\"\" src=\"https:\/\/d26lpennugtm8s.cloudfront.net\/assets\/common\/img\/logos\/payment\/visa@2x.png\" width=\"46\" height=\"29\" \/><img loading=\"lazy\" decoding=\"async\" class=\"\" src=\"https:\/\/d26lpennugtm8s.cloudfront.net\/assets\/common\/img\/logos\/payment\/boleto@2x.png\" width=\"43\" height=\"27\" \/><img loading=\"lazy\" decoding=\"async\" class=\"\" src=\"https:\/\/d26lpennugtm8s.cloudfront.net\/assets\/common\/img\/logos\/payment\/mastercard@2x.png\" width=\"43\" height=\"27\" \/><img loading=\"lazy\" decoding=\"async\" class=\"\" src=\"https:\/\/d26lpennugtm8s.cloudfront.net\/assets\/common\/img\/logos\/payment\/amex@2x.png\" width=\"43\" height=\"27\" \/><img loading=\"lazy\" decoding=\"async\" class=\"\" src=\"https:\/\/d26lpennugtm8s.cloudfront.net\/assets\/common\/img\/logos\/payment\/diners@2x.png\" width=\"46\" height=\"29\" \/><img loading=\"lazy\" decoding=\"async\" class=\"\" src=\"https:\/\/d26lpennugtm8s.cloudfront.net\/assets\/common\/img\/logos\/payment\/br\/elo@2x.png\" width=\"45\" height=\"28\" \/><img loading=\"lazy\" decoding=\"async\" class=\"\" src=\"https:\/\/d26lpennugtm8s.cloudfront.net\/assets\/common\/img\/logos\/payment\/br\/hipercard@2x.png\" width=\"44\" height=\"28\" \/><img loading=\"lazy\" decoding=\"async\" class=\"\" src=\"https:\/\/d26lpennugtm8s.cloudfront.net\/assets\/common\/img\/logos\/payment\/mercadopago@2x.png\" width=\"45\" height=\"28\" \/><\/div>\n<\/div>\n<\/div>\n","protected":false},"featured_media":19608,"template":"","meta":{"_seopress_robots_primary_cat":"none","_seopress_titles_title":"%%post_title%% %%sitetitle%%","_seopress_titles_desc":"%%post_content%%","_seopress_robots_index":""},"product_cat":[45,47,15],"product_tag":[],"class_list":{"0":"post-19606","1":"product","2":"type-product","3":"status-publish","4":"has-post-thumbnail","6":"product_cat-historia","7":"product_cat-licenciaturas","8":"product_cat-uncategorized","10":"first","11":"instock","12":"downloadable","13":"virtual","14":"purchasable","15":"product-type-simple","16":"col-xs-6 col-sm-4","17":"col-mf-5","18":"un-5-cols"},"jetpack_sharing_enabled":true,"_links":{"self":[{"href":"https:\/\/portifolioos-prontos.com\/index.php\/wp-json\/wp\/v2\/product\/19606","targetHints":{"allow":["GET"]}}],"collection":[{"href":"https:\/\/portifolioos-prontos.com\/index.php\/wp-json\/wp\/v2\/product"}],"about":[{"href":"https:\/\/portifolioos-prontos.com\/index.php\/wp-json\/wp\/v2\/types\/product"}],"version-history":[{"count":0,"href":"https:\/\/portifolioos-prontos.com\/index.php\/wp-json\/wp\/v2\/product\/19606\/revisions"}],"wp:featuredmedia":[{"embeddable":true,"href":"https:\/\/portifolioos-prontos.com\/index.php\/wp-json\/wp\/v2\/media\/19608"}],"wp:attachment":[{"href":"https:\/\/portifolioos-prontos.com\/index.php\/wp-json\/wp\/v2\/media?parent=19606"}],"wp:term":[{"taxonomy":"product_cat","embeddable":true,"href":"https:\/\/portifolioos-prontos.com\/index.php\/wp-json\/wp\/v2\/product_cat?post=19606"},{"taxonomy":"product_tag","embeddable":true,"href":"https:\/\/portifolioos-prontos.com\/index.php\/wp-json\/wp\/v2\/product_tag?post=19606"}],"curies":[{"name":"wp","href":"https:\/\/api.w.org\/{rel}","templated":true}]}}