{"id":19621,"date":"2023-09-19T17:01:54","date_gmt":"2023-09-19T20:01:54","guid":{"rendered":"https:\/\/portifolioos-prontos.com\/?post_type=product&#038;p=19621"},"modified":"2023-10-22T12:39:26","modified_gmt":"2023-10-22T15:39:26","slug":"roteiro-aula-pratica-exames-radiologicos-em-odontologia","status":"publish","type":"product","link":"https:\/\/portifolioos-prontos.com\/index.php\/product\/roteiro-aula-pratica-exames-radiologicos-em-odontologia\/","title":{"rendered":"Roteiro Aula Pr\u00e1tica Exames Radiol\u00f3gicos em Odontologia"},"content":{"rendered":"<p>ROTEIRO DE AULA PR\u00c1TICA<br \/>\nNOME DA DISCIPLINA: Exames Radiol\u00f3gicos em Odontologia<br \/>\nUnidade 1<br \/>\nSe\u00e7\u00e3o 1.1<br \/>\nOBJETIVOS<br \/>\nDefini\u00e7\u00e3o dos objetivos da aula pr\u00e1tica:<br \/>\n&#8211; Reconhecer e identificar as diferentes estruturas anat\u00f4micas em imagens radiogr\u00e1ficas obtidas em<br \/>\ndiferentes tipos de exames radiogr\u00e1ficos;<br \/>\n&#8211; Conhecer os posicionamentos e protocolos de execu\u00e7\u00e3o das diferentes t\u00e9cnicas intra e extraorais<br \/>\nde uso odontol\u00f3gico.<br \/>\nINFRAESTRUTURA<br \/>\nInstala\u00e7\u00f5es:<br \/>\nComputador com acesso a internet<br \/>\nMateriais de consumo:<br \/>\nDescri\u00e7\u00e3o<br \/>\nQuantid. de materiais por<br \/>\nprocedimento\/atividade<br \/>\nComputador com acesso \u00e0 internet 1 para cada aluno<br \/>\nTelefone m\u00f3vel com acesso \u00e0 internet 1 para cada aluno<br \/>\nSoftware:<br \/>\nSim ( ) N\u00e3o ( X )<br \/>\nEm caso afirmativo, qual?<br \/>\nPago ( ) N\u00e3o Pago ( X )<br \/>\nTipo de Licen\u00e7a: NSA.<br \/>\nDescri\u00e7\u00e3o do software:<br \/>\nNSA<br \/>\nEquipamento de Prote\u00e7\u00e3o Individual (EPI):<br \/>\nNSA<br \/>\n3<br \/>\nPROCEDIMENTOS PR\u00c1TICOS<br \/>\nProcedimento\/Atividade N\u00ba 1<br \/>\nAtividade proposta:<br \/>\nIdentifica\u00e7\u00e3o e interpreta\u00e7\u00e3o radiogr\u00e1fica das estruturas anat\u00f4micas intra e extraorais.<br \/>\nProcedimentos para a realiza\u00e7\u00e3o da atividade:<br \/>\nPara o procedimento, ser\u00e1 utilizado o aplicativo (app) RadioXtudy que auxiliar\u00e1 no estudo da<br \/>\nidentifica\u00e7\u00e3o e interpreta\u00e7\u00e3o radiogr\u00e1fica das estruturas anat\u00f4micas intra e extraorais. O aplicativo<br \/>\npode ser baixado por meio das lojas de aplicativos Apple Store (para iPhone) ou Play Store (para<br \/>\nAndroid).<br \/>\nAssim, devem ser seguidos os seguintes passos:<br \/>\n&#8211; Baixar o app;<br \/>\n&#8211; Abrir o app;<br \/>\n&#8211; Acessar p\u00e1gina inicial e, em seguida, clicar em \u201cAnatomia\u201d;<br \/>\nClique<br \/>\naqui!<br \/>\n4<br \/>\n&#8211; Ser\u00e1 disponibilizado um novo menu. Explorar todos os itens apresentados, reconhecendo e<br \/>\nidentificando as imagens radiogr\u00e1ficas das diferentes estruturas anat\u00f4micas intra e extraorais.<br \/>\nIniciar acessando o primeiro conte\u00fado dispon\u00edvel intitulado \u201cDente e estruturas anexas\u201d;<br \/>\n&#8211; Um novo menu ser\u00e1 aberto e voc\u00ea ter\u00e1 acesso a v\u00e1rias estruturas anat\u00f4micas relacionadas aos<br \/>\ndentes e estruturas anexas. Acessar cada uma das estruturas dispon\u00edveis, identificando e<br \/>\nreconhecendo a sua imagem radiogr\u00e1fica;<br \/>\n&#8211; Observe que para cada estrutura acessada, aparecer\u00e1 a imagem radiogr\u00e1fica e uma breve<br \/>\ndescri\u00e7\u00e3o. Para facilitar a visualiza\u00e7\u00e3o da imagem radiogr\u00e1fica, clicar no \u00edcone localizado no canto<br \/>\ninferior direito da imagem, conforme indicado na figura a seguir. A estrutura a ser reconhecida e<br \/>\nidentificada aparecer\u00e1 destacada em cores;<br \/>\nClique<br \/>\naqui!<br \/>\n5<br \/>\n&#8211; Ao finalizar, a identifica\u00e7\u00e3o das estruturas presentes no item \u201cDente e estruturas anexas\u201d,<br \/>\nretornar ao menu anterior e acessar o pr\u00f3ximo t\u00f3pico \u201cMaxila\u201d. Realizar a explora\u00e7\u00e3o e<br \/>\nidentifica\u00e7\u00e3o das imagens radiogr\u00e1ficas das estruturas anat\u00f4micas apresentadas nesse t\u00f3pico. Em<br \/>\nseguida, retornar novamente ao menu anterior e acessar o t\u00f3pico \u201cMand\u00edbula\u201d e, por \u00faltimo o<br \/>\nt\u00f3pico \u201cPanor\u00e2mica\u201d, identificando e interpretando todas as imagens radiogr\u00e1ficas das estruturas<br \/>\napresentadas em cada t\u00f3pico;<br \/>\n&#8211; No t\u00f3pico \u201cPanor\u00e2mica\u201d, dever\u00e1 ser realizada a identifica\u00e7\u00e3o de estruturas anat\u00f4micas intra e<br \/>\nextraorais, conforme indicado no app. Lembrando que as estruturas anat\u00f4micas aparecer\u00e3o<br \/>\ndestacadas em diferentes cores, conforme a legenda apresentada em cada imagem;<br \/>\n&#8211; Agora, que tal testar seus conhecimentos? Voc\u00ea pode realizar diferentes exerc\u00edcios referentes \u00e0<br \/>\nidentifica\u00e7\u00e3o radiogr\u00e1fica de estruturas anat\u00f4micas de interesse odontol\u00f3gico. Para tal, acesse o<br \/>\n\u00edcone \u201cTestes\u201d dispon\u00edvel no app.<br \/>\n6<br \/>\n&#8211; Ao clicar em \u201cTestes\u201d, uma nova janela aparecer\u00e1 com diferentes op\u00e7\u00f5es de exerc\u00edcios, conforme<br \/>\nmostrado a seguir. Clicar em \u201cExerc\u00edcios de anatomia\u201d. Aproveite para explorar e responder as<br \/>\nquest\u00f5es propostas. Vamos l\u00e1?!<br \/>\nProcedimento\/Atividade N\u00ba 2<br \/>\nAtividade proposta:<br \/>\nResolu\u00e7\u00e3o de atividades sobre as t\u00e9cnicas radiol\u00f3gicas intra e extrabucais<br \/>\nNesta segunda atividade da aula pr\u00e1tica, vamos compreender e revisar um pouco mais sobre os<br \/>\nexames de imagem radiogr\u00e1fica, bastante solicitados para diagn\u00f3stico por imagem e, tamb\u00e9m<br \/>\ncomo auxiliar no planejamento do tratamento odontol\u00f3gico a ser realizado. Diante da import\u00e2ncia<br \/>\ndesse tipo de exame, \u00e9 importante conhecer sobre os posicionamentos, protocolos de aquisi\u00e7\u00e3o<br \/>\nde imagens, al\u00e9m de ser capaz de identificar e reconhecer as estruturas anat\u00f4micas evidenciadas<br \/>\nnos exames radiogr\u00e1ficos intra e extraorais.<br \/>\nAssim, nesse momento, voc\u00ea dever\u00e1 ler com aten\u00e7\u00e3o aos questionamentos propostos a seguir e<br \/>\nresponder de acordo com o que \u00e9 solicitado em cada quest\u00e3o. As respostas das quest\u00f5es dever\u00e3o<br \/>\nser compiladas em um arquivo Word e enviadas como resultados da atividade realizada. N\u00e3o \u00e9<br \/>\nnecess\u00e1rio anexar as imagens. Voc\u00ea pode enviar somente as respostas no arquivo. N\u00e3o esque\u00e7a de<br \/>\nidentificar corretamente cada resposta! Vamos l\u00e1?!<br \/>\n&#8211; Agora, responda os questionamentos a seguir:<br \/>\n1. As imagens radiogr\u00e1ficas a seguir mostram proje\u00e7\u00f5es intraorais de radiografias periapicais<br \/>\nrealizadas em dois pacientes.<br \/>\n7<br \/>\nPaciente 1<br \/>\nPaciente 2<br \/>\nConsiderando as imagens radiogr\u00e1ficas apresentadas, responda os seguintes questionamentos:<br \/>\na) Identifique as estruturas anat\u00f4micas evidenciadas nas radiografias, destacadas com<br \/>\nn\u00fameros ou setas.<br \/>\nPaciente Identifica\u00e7\u00e3o da estrutura<br \/>\n1<br \/>\n1:<br \/>\n2:<br \/>\n3:<br \/>\n4:<br \/>\n2 Setas:<br \/>\n1<br \/>\n2<br \/>\n3<br \/>\n4<br \/>\nFonte: Modificado de<br \/>\nWikimedia Commons.<br \/>\nFonte: Modificado de<br \/>\nWikimedia Commons.<br \/>\n8<br \/>\nb) Nas radiografias intraorais, como as apresentadas nas imagens, a t\u00e9cnica periapical \u00e9 a mais<br \/>\nutilizada para fins de observa\u00e7\u00e3o das estruturas dent\u00e1rias. Existem duas t\u00e9cnicas periapicais<br \/>\nmais comumente utilizadas, a t\u00e9cnica da bissetriz e a t\u00e9cnica do paralelismo. A dist\u00e2ncia<br \/>\nfocal \u00e9 um fator variante nessas t\u00e9cnicas intraorais, sendo assim qual \u00e9 a dist\u00e2ncia focal nas<br \/>\nt\u00e9cnicas de paralelismo e na t\u00e9cnica da bissetriz?<br \/>\nc) Como deve ser feito o posicionamento do filme radiogr\u00e1fico, para uma radiografia de<br \/>\ndentes posteriores e dos caninos\/incisivos?<br \/>\n2. A imagem a seguir mostra uma radiografia oclusal parcial da mand\u00edbula de um paciente adulto.<\/p>\n<p>Considerando a imagem apresentada e seus conhecimentos a respeito da t\u00e9cnica radiogr\u00e1fica<br \/>\nintraoral oclusal, responda os seguintes questionamentos:<br \/>\na) Como deve ser feito o posicionamento correto da cabe\u00e7a do paciente para a realiza\u00e7\u00e3o<br \/>\ndessa t\u00e9cnica?<br \/>\nb) Descreva como \u00e9 feito o posicionamento dos filmes oclusais nos exames totais e parciais.<br \/>\n3. Ao paciente M.V. S, sexo masculino, 40 anos, foi solicitada uma radiografia panor\u00e2mica para<br \/>\nrealiza\u00e7\u00e3o do planejamento de seu tratamento ortod\u00f4ntico. A seguir, podemos observar o<br \/>\nresultado do exame radiogr\u00e1fico.<br \/>\nFonte: WATANABE, P. C. A.; ARITA, E. S.<br \/>\nRadiologia oral: texto e atlas. 1. Ed.<br \/>\nSantana do Parna\u00edba: Manole, 2021.<br \/>\n9<br \/>\nIdentifique as estruturas anat\u00f4micas evidenciadas pelos n\u00fameros na radiografia panor\u00e2mica:<br \/>\n1: ____________________________________<br \/>\n2: ____________________________________<br \/>\n3: ____________________________________<br \/>\n4: ____________________________________<br \/>\n5: ____________________________________<br \/>\nBons estudos!!!<br \/>\nChecklist:<br \/>\n&#8211; Voc\u00ea conseguiu visualizar e identificar as estruturas anat\u00f4micas nas imagens obtidas em exames<br \/>\nradiogr\u00e1ficos intra e extraorais utilizando o app RadioXtudy?<br \/>\n&#8211; Realizou os exerc\u00edcios disponibilizados no aplicativo?<br \/>\n&#8211; As atividades propostas foram conclu\u00eddas com \u00eaxito?<br \/>\nRESULTADOS<br \/>\nResultados da aula pr\u00e1tica:<br \/>\n\u2022 \u00c9 esperado que o aluno ao t\u00e9rmino da pr\u00e1tica o aluno saiba identificar as diferentes<br \/>\nestruturas intra e extraorais em imagem radiogr\u00e1fica, assim como compreender os<br \/>\nprinc\u00edpios e aplica\u00e7\u00f5es das diferentes t\u00e9cnicas radiogr\u00e1ficas odontol\u00f3gicas. Ainda, espera2 5<br \/>\n1<br \/>\n4<br \/>\n3<br \/>\nFonte: Modificado de Rurhfisch\/Wikimedia Commons.<br \/>\n10<br \/>\nse que o aluno realize a entrega de um arquivo word que contemple todas as respostas<br \/>\ndos questionamentos propostos na atividade n\u00b0 2, elaborado de acordo com as normas<br \/>\nABNT;<\/p>\n<div class=\"elementor-toggle-item\">\n<h4 id=\"elementor-tab-title-1941\" class=\"elementor-tab-title elementor-active\" tabindex=\"0\" role=\"tab\" data-tab=\"1\" aria-controls=\"elementor-tab-content-1941\" aria-expanded=\"true\" aria-selected=\"true\">Como funciona?<\/h4>\n<div id=\"elementor-tab-content-1941\" class=\"elementor-tab-content elementor-clearfix elementor-active\" role=\"tabpanel\" data-tab=\"1\" aria-labelledby=\"elementor-tab-title-1941\">\n<p>Elaboramos os portf\u00f3lios, j\u00e1 deixamos prontos, nas normas da ABNT e conforme os requisitos da universidade. F\u00e1cil assim! O MELHOR \u00c9 QUE VOC\u00ca COMPRA E J\u00c1 BAIXA NA HORA O SEU ARQUIVO EM WORD! Sabemos que conciliar trabalho, fam\u00edlia, vida profissional e estudos \u00e9 dif\u00edcil hoje em dia, por isso, estamos aqui para ajudar voc\u00ea. Conte com nossa qualidade, experi\u00eancia e profissionalismo adquirindo seu portf\u00f3lio conosco. GARANTIMOS SEU CONCEITO!<\/p>\n<h4>Como se realizam os envios?<\/h4>\n<\/div>\n<\/div>\n<div class=\"elementor-toggle-item\">\n<div id=\"elementor-tab-content-1942\" class=\"elementor-tab-content elementor-clearfix elementor-active\" role=\"tabpanel\" data-tab=\"2\" aria-labelledby=\"elementor-tab-title-1942\">O seu trabalho \u00e9 disponibilizado pronto, respondido e nas normas j\u00e1 na mesma hora aqui em nosso site na sua \u00e1rea de downloads e tamb\u00e9m no seu e-mail.<\/div>\n<\/div>\n<div class=\"elementor-toggle-item\">\n<div id=\"elementor-tab-content-1943\" class=\"elementor-tab-content elementor-clearfix elementor-active\" role=\"tabpanel\" data-tab=\"3\" aria-labelledby=\"elementor-tab-title-1943\">\n<h4>Em quanto tempo recebo o portf\u00f3lio?<\/h4>\n<\/div>\n<\/div>\n<div class=\"elementor-toggle-item\">\n<div id=\"elementor-tab-content-1944\" class=\"elementor-tab-content elementor-clearfix elementor-active\" role=\"tabpanel\" data-tab=\"4\" aria-labelledby=\"elementor-tab-title-1944\">\n<p>Os envios s\u00e3o imediatos. Ap\u00f3s sua compra, o trabalho j\u00e1 \u00e9 disponibilizado instantaneamente aqui em nosso site e no seu e-mail.<\/p>\n<h4>E se o portf\u00f3lio que comprei precisar de corre\u00e7\u00e3o?<\/h4>\n<\/div>\n<\/div>\n<div class=\"elementor-toggle-item\">\n<div id=\"elementor-tab-content-1945\" class=\"elementor-tab-content elementor-clearfix elementor-active\" role=\"tabpanel\" data-tab=\"5\" aria-labelledby=\"elementor-tab-title-1945\">\n<p>Caso haja alguma solicita\u00e7\u00e3o de corre\u00e7\u00e3o\/altera\u00e7\u00e3o por parte do tutor, basta entrar em contato conosco pelo\u00a0WhatsApp\u00a0que provid\u00eanciaremos sem custo algum.<\/p>\n<h4>Qual o formato do arquivo?<\/h4>\n<\/div>\n<\/div>\n<div class=\"elementor-toggle-item\">\n<div id=\"elementor-tab-content-1946\" class=\"elementor-tab-content elementor-clearfix elementor-active\" role=\"tabpanel\" data-tab=\"6\" aria-labelledby=\"elementor-tab-title-1946\">\n<p>Os arquivos s\u00e3o enviados em formato Word e s\u00e3o edit\u00e1veis.<\/p>\n<h4>Caso eu tiver alguma d\u00favida, terei suporte no p\u00f3s venda?<\/h4>\n<\/div>\n<\/div>\n<div class=\"elementor-toggle-item\">\n<div id=\"elementor-tab-content-1948\" class=\"elementor-tab-content elementor-clearfix elementor-active\" role=\"tabpanel\" data-tab=\"8\" aria-labelledby=\"elementor-tab-title-1948\">\n<p>Sim, com certeza. Basta clicar no \u00edcone do WhatsApp no cantinho da tela. Ser\u00e1 um prazer atend\u00ea-lo(a).<\/p>\n<div class=\"elementor-toggle-item\">\n<div id=\"elementor-tab-content-1948\" class=\"elementor-tab-content elementor-clearfix elementor-active\" role=\"tabpanel\" data-tab=\"8\" aria-labelledby=\"elementor-tab-title-1948\">\n<h4>Quais os seus canais de contato?<\/h4>\n<\/div>\n<\/div>\n<div class=\"elementor-toggle-item\">\n<div id=\"elementor-tab-content-1949\" class=\"elementor-tab-content elementor-clearfix elementor-active\" role=\"tabpanel\" data-tab=\"9\" aria-labelledby=\"elementor-tab-title-1949\">\n<p>Whatsapp: 53 984751621 \u2013 Clicar no canto da tela ou ESCANEIE O QRCODE ABAIXO<\/p>\n<h4><img decoding=\"async\" class=\"alignnone wp-image-13699 jetpack-lazy-image jetpack-lazy-image--handled\" src=\"https:\/\/i0.wp.com\/portifolioos-prontos.com\/wp-content\/uploads\/2023\/02\/whatsapp-business-projeto-de-extensao-300x300.jpeg?resize=144%2C144\" sizes=\"(max-width: 144px) 100vw, 144px\" srcset=\"https:\/\/i0.wp.com\/portifolioos-prontos.com\/wp-content\/uploads\/2023\/02\/whatsapp-business-projeto-de-extensao.jpeg?resize=300%2C301&amp;ssl=1 300w, https:\/\/i0.wp.com\/portifolioos-prontos.com\/wp-content\/uploads\/2023\/02\/whatsapp-business-projeto-de-extensao.jpeg?resize=150%2C150&amp;ssl=1 150w, https:\/\/i0.wp.com\/portifolioos-prontos.com\/wp-content\/uploads\/2023\/02\/whatsapp-business-projeto-de-extensao.jpeg?resize=370%2C372&amp;ssl=1 370w, https:\/\/i0.wp.com\/portifolioos-prontos.com\/wp-content\/uploads\/2023\/02\/whatsapp-business-projeto-de-extensao.jpeg?resize=100%2C100&amp;ssl=1 100w, https:\/\/i0.wp.com\/portifolioos-prontos.com\/wp-content\/uploads\/2023\/02\/whatsapp-business-projeto-de-extensao.jpeg?w=470&amp;ssl=1 470w\" alt=\"projeto de extens\u00e3o unopar\" width=\"144\" height=\"144\" data-lazy-loaded=\"1\" \/><\/h4>\n<\/div>\n<\/div>\n<\/div>\n<\/div>\n<div class=\"elementor-toggle-item\">\n<div id=\"elementor-tab-content-1949\" class=\"elementor-tab-content elementor-clearfix elementor-active\" role=\"tabpanel\" data-tab=\"9\" aria-labelledby=\"elementor-tab-title-1949\">\n<p>E-mail:portifoliosp@gmail.com<\/p>\n<div id=\"attachment_143\" class=\"wp-caption alignnone\">\n<div id=\"attachment_143\" class=\"wp-caption alignnone\" style=\"width: 74px;\">\n<p><a href=\"http:\/\/portifolioos-prontos.com\/\"><img decoding=\"async\" class=\"wp-image-143 jetpack-lazy-image jetpack-lazy-image--handled\" title=\"portfolio pronto unopar\" src=\"https:\/\/i0.wp.com\/portifolioos-prontos.com\/wp-content\/uploads\/2022\/04\/conceitomaximo.png?resize=161%2C46\" alt=\"PORTFOLIO PRONTO UNOPAR ANHANGUERA\" width=\"74\" height=\"21\" aria-describedby=\"caption-attachment-143\" data-lazy-loaded=\"1\" \/><\/a><\/p>\n<p id=\"caption-attachment-143\" class=\"wp-caption-text\">Portf\u00f3lio em Word, respondido, completo e j\u00e1 nas normas.<\/p>\n<\/div>\n<\/div>\n<\/div>\n<\/div>\n","protected":false},"excerpt":{"rendered":"<div class=\"product-short-description\">\n<h5><strong>Pague pelo PIX ou cart\u00e3o e fa\u00e7a o download agora mesmo.<\/strong><\/h5>\n<\/div>\n<div class=\"sticky-add-to-cart-wrapper\">\n<div class=\"sticky-add-to-cart\">\n<div class=\"quantity buttons_added form-flat\"><img decoding=\"async\" class=\"alignnone wp-image-761\" src=\"http:\/\/portifolioos-prontos.com\/wp-content\/uploads\/2022\/04\/PIX-300x107.webp\" alt=\"\" width=\"78\" height=\"28\" \/>\u00a0\u00a0<img loading=\"lazy\" decoding=\"async\" class=\"\" src=\"https:\/\/d26lpennugtm8s.cloudfront.net\/assets\/common\/img\/logos\/payment\/visa@2x.png\" width=\"46\" height=\"29\" \/><img loading=\"lazy\" decoding=\"async\" class=\"\" src=\"https:\/\/d26lpennugtm8s.cloudfront.net\/assets\/common\/img\/logos\/payment\/boleto@2x.png\" width=\"43\" height=\"27\" \/><img loading=\"lazy\" decoding=\"async\" class=\"\" src=\"https:\/\/d26lpennugtm8s.cloudfront.net\/assets\/common\/img\/logos\/payment\/mastercard@2x.png\" width=\"43\" height=\"27\" \/><img loading=\"lazy\" decoding=\"async\" class=\"\" src=\"https:\/\/d26lpennugtm8s.cloudfront.net\/assets\/common\/img\/logos\/payment\/amex@2x.png\" width=\"43\" height=\"27\" \/><img loading=\"lazy\" decoding=\"async\" class=\"\" src=\"https:\/\/d26lpennugtm8s.cloudfront.net\/assets\/common\/img\/logos\/payment\/diners@2x.png\" width=\"46\" height=\"29\" \/><img loading=\"lazy\" decoding=\"async\" class=\"\" src=\"https:\/\/d26lpennugtm8s.cloudfront.net\/assets\/common\/img\/logos\/payment\/br\/elo@2x.png\" width=\"45\" height=\"28\" \/><img loading=\"lazy\" decoding=\"async\" class=\"\" src=\"https:\/\/d26lpennugtm8s.cloudfront.net\/assets\/common\/img\/logos\/payment\/br\/hipercard@2x.png\" width=\"44\" height=\"28\" \/><img loading=\"lazy\" decoding=\"async\" class=\"\" src=\"https:\/\/d26lpennugtm8s.cloudfront.net\/assets\/common\/img\/logos\/payment\/mercadopago@2x.png\" width=\"45\" height=\"28\" \/><\/div>\n<\/div>\n<\/div>\n","protected":false},"featured_media":19623,"template":"","meta":{"_seopress_robots_primary_cat":"none","_seopress_titles_title":"%%post_title%% %%sitetitle%%","_seopress_titles_desc":"%%post_content%%","_seopress_robots_index":""},"product_cat":[67,15],"product_tag":[],"class_list":{"0":"post-19621","1":"product","2":"type-product","3":"status-publish","4":"has-post-thumbnail","6":"product_cat-radiologia","7":"product_cat-uncategorized","9":"first","10":"instock","11":"downloadable","12":"virtual","13":"purchasable","14":"product-type-simple","15":"col-xs-6 col-sm-4","16":"col-mf-5","17":"un-5-cols"},"jetpack_sharing_enabled":true,"_links":{"self":[{"href":"https:\/\/portifolioos-prontos.com\/index.php\/wp-json\/wp\/v2\/product\/19621","targetHints":{"allow":["GET"]}}],"collection":[{"href":"https:\/\/portifolioos-prontos.com\/index.php\/wp-json\/wp\/v2\/product"}],"about":[{"href":"https:\/\/portifolioos-prontos.com\/index.php\/wp-json\/wp\/v2\/types\/product"}],"version-history":[{"count":0,"href":"https:\/\/portifolioos-prontos.com\/index.php\/wp-json\/wp\/v2\/product\/19621\/revisions"}],"wp:featuredmedia":[{"embeddable":true,"href":"https:\/\/portifolioos-prontos.com\/index.php\/wp-json\/wp\/v2\/media\/19623"}],"wp:attachment":[{"href":"https:\/\/portifolioos-prontos.com\/index.php\/wp-json\/wp\/v2\/media?parent=19621"}],"wp:term":[{"taxonomy":"product_cat","embeddable":true,"href":"https:\/\/portifolioos-prontos.com\/index.php\/wp-json\/wp\/v2\/product_cat?post=19621"},{"taxonomy":"product_tag","embeddable":true,"href":"https:\/\/portifolioos-prontos.com\/index.php\/wp-json\/wp\/v2\/product_tag?post=19621"}],"curies":[{"name":"wp","href":"https:\/\/api.w.org\/{rel}","templated":true}]}}