{"id":21826,"date":"2023-11-08T10:57:49","date_gmt":"2023-11-08T13:57:49","guid":{"rendered":"https:\/\/portifolioos-prontos.com\/?post_type=product&#038;p=21826"},"modified":"2023-11-11T11:11:51","modified_gmt":"2023-11-11T14:11:51","slug":"aula-pratica-ciencias-morfofuncionais-dos-sistemas-nervoso-e-cardiorrespiratorio-2","status":"publish","type":"product","link":"https:\/\/portifolioos-prontos.com\/index.php\/product\/aula-pratica-ciencias-morfofuncionais-dos-sistemas-nervoso-e-cardiorrespiratorio-2\/","title":{"rendered":"Aula pr\u00e1tica Ci\u00eancias morfofuncionais dos sistemas nervoso e cardiorrespirat\u00f3rio"},"content":{"rendered":"<h4>Aula pr\u00e1tica Ci\u00eancias morfofuncionais dos sistemas nervoso e cardiorrespirat\u00f3rio<\/h4>\n<hr \/>\n<p>ROTEIRO DE AULA PR\u00c1TICA<br \/>\nNOME DA DISCIPLINA: Ci\u00eancias Morfofuncionais dos Sistemas Nervoso e<br \/>\nCardiorrespirat\u00f3rio<br \/>\nOBJETIVOS<br \/>\nDefini\u00e7\u00e3o dos objetivos da aula pr\u00e1tica:<br \/>\n\u2022 Criar condi\u00e7\u00f5es did\u00e1tico-pedag\u00f3gicas para que os alunos desenvolvam seus<br \/>\nconhecimentos\u00a0com rela\u00e7\u00e3o:<br \/>\n\u2022 Ao estudo da anatomia do sistema nervoso central e perif\u00e9rico, relacionando<br \/>\ncom suas caracter\u00edsticas funcionais;<br \/>\n\u2022 Ao estudo da anatomia do sistema cardiovascular e respirat\u00f3rio, relacionando<br \/>\ncom suas caracter\u00edsticas funcionais.<br \/>\nINFRAESTRUTURA<br \/>\nInstala\u00e7\u00f5es:<br \/>\nLaborat\u00f3rio de Inform\u00e1tica<br \/>\nMateriais de consumo:<br \/>\nDescri\u00e7\u00e3o<br \/>\nQuantidade de materiais<br \/>\npor<br \/>\nprocedimento\/atividade<br \/>\nEnc\u00e9falo OVID<br \/>\nMedula espinhal OVID<br \/>\nNervos cranianos OVID<br \/>\nNervos espinhais (plexos) OVID<br \/>\nCora\u00e7\u00e3o OVID<br \/>\nVasos sangu\u00edneos da base do cora\u00e7\u00e3o OVID<br \/>\nPrincipais vasos sangu\u00edneos do corpo OVID<br \/>\nNariz e cavidade nasal OVID<br \/>\nFaringe OVID<br \/>\nTraqueia e br\u00f4nquios OVID<br \/>\nPulm\u00f5es OVID<br \/>\nSoftware:<br \/>\nSim ( X ) N\u00e3o ( )<br \/>\nEm caso afirmativo, qual? OVID: Wolters Kluwer<br \/>\nPago ( ) N\u00e3o Pago ( X )<br \/>\nTipo de Licen\u00e7a:<br \/>\nDescri\u00e7\u00e3o do software:<br \/>\nNSA.<br \/>\n3<br \/>\nEquipamento de Prote\u00e7\u00e3o Individual (EPI):<br \/>\nPara a utiliza\u00e7\u00e3o do laborat\u00f3rio de inform\u00e1tica n\u00e3o h\u00e1 necessidade de EPIs.<br \/>\nPROCEDIMENTOS<br \/>\nNeste momento, o aluno deve seguir as orienta\u00e7\u00f5es apresentadas no v\u00eddeo da aula pr\u00e1tica, bem como as<br \/>\napresentadas pelo tutor no momento da realiza\u00e7\u00e3o das atividades. Lembre-se de organizar o ambiente<br \/>\npara que a atividade ocorra da melhor forma e em seguran\u00e7a, garantindo a todos uma excelente<br \/>\nexperi\u00eancia de aprendizado<br \/>\nProcedimento n\u00b01<br \/>\nAtividade proposta<br \/>\nReconhecer e identificar as estruturas anat\u00f4micas do sistema nervoso.<br \/>\nProcedimentos para a realiza\u00e7\u00e3o da atividade:<br \/>\nPara o procedimento, ser\u00e1 utilizada o Software OVID (Wolters Kluwer) dispon\u00edvel na Biblioteca Virtual<br \/>\npara identifica\u00e7\u00e3o e observa\u00e7\u00e3o das estruturas anat\u00f4micas dos sistemas nervoso central e perif\u00e9rico.<br \/>\nPara cada estrutura anat\u00f4mica identificada, o aluno dever\u00e1 estabelecer a rela\u00e7\u00e3o com suas fun\u00e7\u00f5es<br \/>\nfisiol\u00f3gicas. Sempre lembrando que os procedimentos devem ser realizados conforme explicado no<br \/>\nv\u00eddeo da aula pr\u00e1tica. Assim, devem ser seguidos os seguintes passos:<br \/>\n\u2013 Acessar a Biblioteca Virtual (dispon\u00edvel em\u00a0<a href=\"https:\/\/biblioteca-virtual.com\/\" rel=\"nofollow\">https:\/\/biblioteca-virtual.com\/<\/a>) e efetuar o login;<br \/>\n\u2013 Clicar em \u201cWolters Kluwer\u201c;<br \/>\n\u2013 Clicar em \u201cOVID \u2013 Human Anatomy Atlas\u201d;<br \/>\n\u2013 Clicar em \u201cLaunch Human Anatomy Atlas\u201d, para acessar o software;<br \/>\n\u2013 Clicar em \u201cHuman Anatomy Atlas\u201d, para acessar o atlas digital;<br \/>\n\u2013 A seguir, selecionar a aba \u201cSystems\u201d, para acesso aos diferentes sistemas do corpo humano, ou<br \/>\n\u201cMicroanatomy\u201d, dependendo da atividade solicitada no roteiro.<br \/>\n4<br \/>\nAgora, voc\u00ea dever\u00e1 realizar as seguintes atividades:<br \/>\n\u2022 Identificar e reconhecer: sistema nervoso central. Em Systems, buscar o \u00edcone Nervous System<br \/>\nViews (Vista do Sistema Nervoso). Acessar op\u00e7\u00e3o 1 (Nervous System). Com o cursor, clicar sobre<br \/>\ncada uma das seguintes estruturas para identifica\u00e7\u00e3o e an\u00e1lise:<br \/>\n\u2013 Enc\u00e9falo (identificar: c\u00e9rebro, tronco encef\u00e1lico e cerebelo);<br \/>\n\u2013 Meninges (dura-m\u00e1ter);<br \/>\n\u2013 Hemisf\u00e9rios cerebrais, fissura longitudinal, sulco central, giro pr\u00e9-central, giro p\u00f3scentral;<br \/>\n\u2013 Lobos cerebrais (frontal, parietais, temporais e occipital);<br \/>\n\u2013 Medula espinhal (subst\u00e2ncia branca e subst\u00e2ncia cinzenta)<br \/>\n\u2022 Identificar e reconhecer: sistema nervoso perif\u00e9rico. Em Systems, buscar o \u00edcone Nervous<br \/>\nSystem Views (Vista do Sistema Nervoso). Acessar op\u00e7\u00e3o 1 (Nervous system). Observar os<br \/>\ndiferentes nervos cranianos e espinhais (plexos cervical, braquial, lombar, sacral e cocc\u00edgeo)<br \/>\ndistribu\u00eddos pelo corpo humano, conforme apresentado no v\u00eddeo da aula pr\u00e1tica. Clicar em<br \/>\n\u201cMenu\u201d e retornar para Systems;<br \/>\nA identifica\u00e7\u00e3o e observa\u00e7\u00e3o das estruturas solicitadas dever\u00e3o ser realizadas sob orienta\u00e7\u00e3o do tutor<br \/>\nrespons\u00e1vel e seguindo as instru\u00e7\u00f5es apresentadas no v\u00eddeo da aula pr\u00e1tica.<br \/>\nProcedimento n\u00b02<br \/>\nAtividade proposta:<br \/>\nReconhecer e identificar as estruturas anat\u00f4micas do sistema cardiorrespirat\u00f3rio.<br \/>\nProcedimentos para a realiza\u00e7\u00e3o da atividade:<br \/>\nAgora, voc\u00ea dever\u00e1 realizar as seguintes atividades:<br \/>\n\u2022 Identificar e reconhecer: cora\u00e7\u00e3o fechado. Em Systems, buscar o \u00edcone Circulatory System Views<br \/>\n(Vista do Sistema Circulat\u00f3rio). Acessar op\u00e7\u00e3o 1 (Circulatory System \u2013 Sistema circulat\u00f3rio). Com<br \/>\no cursor, clicar sobre cada uma das seguintes estruturas para identifica\u00e7\u00e3o e an\u00e1lise:<br \/>\n\u2013 Posi\u00e7\u00e3o no mediastino;<br \/>\n\u2013 Base e \u00e1pice;<br \/>\n\u2013 Peric\u00e1rdio;<br \/>\n5<br \/>\n\u2013 Tronco pulmonar, art\u00e9rias pulmonares e veias pulmonares;<br \/>\n\u2013 Aorta e suas ramifica\u00e7\u00f5es;<br \/>\n\u2013 Veia cava superior, veias braquiocef\u00e1licas, veias axilares e veias jugulares;<br \/>\n\u2013 Veia cava inferior, veias il\u00edacas externas, veias femorais;<br \/>\n\u2013 Art\u00e9rias coron\u00e1rias, veias coron\u00e1rias e seio coron\u00e1rio.<br \/>\n\u2022 Identificar e reconhecer: cora\u00e7\u00e3o aberto. Em Systems, buscar o \u00edcone Circulatory System Views<br \/>\n(Vista do Sistema Circulat\u00f3rio). Acessar op\u00e7\u00e3o 7 (Heart Section \u2013 Cora\u00e7\u00e3o seccionado). Com o<br \/>\ncursor, clicar sobre cada uma das seguintes estruturas para identifica\u00e7\u00e3o e an\u00e1lise:<br \/>\n\u2013 C\u00e2maras card\u00edacas: \u00e1trio direito, ventr\u00edculo direito, \u00e1trio esquerdo e ventr\u00edculo esquerdo;<br \/>\n\u2013 Valvas: atrioventricular direita (tric\u00faspide), atrioventricular esquerda (bic\u00faspide ou mitral), pulmonar<br \/>\ne a\u00f3rtica;<br \/>\n\u2013 Grandes vasos: veia cava superior e veia cava inferior, art\u00e9ria aorta, tronco pulmonar, art\u00e9ria<br \/>\npulmonar, veias pulmonares.<br \/>\n\u2013 Cord\u00f5es tend\u00edneos, m\u00fasculos papilares e trab\u00e9culas c\u00e1rneas;<br \/>\n\u2013 Septo interventricular<br \/>\nClicar em \u201cMenu\u201d e retornar para Systems;<br \/>\n\u2022 Identificar e reconhecer: sistema respirat\u00f3rio. Em Systems, buscar o \u00edcone Respiratory System<br \/>\nViews (Vista do Sistema Respirat\u00f3rio). Acessar op\u00e7\u00e3o 1 (Upper Respiratory \u2013 Vias superiores). Com<br \/>\no cursor, clicar sobre cada uma das seguintes estruturas para identifica\u00e7\u00e3o e an\u00e1lise: cavidade<br \/>\nnasal (conchas nasais), faringe (nasofaringe, orofaringe e laringofaringe), laringe (epiglote e cordas<br \/>\nvocais verdadeiras e falsas, rima da glote, cartilagem tire\u00f3idea, cartilagem cricoidea, cartilagem<br \/>\naritenoide, cartilagem corniculada), traqueia (an\u00e9is cartilaginosos e carina), br\u00f4nquios (principais,<br \/>\nlobares e segmentares), bronqu\u00edolos e pulm\u00f5es (lobos pulmonares, fissura horizontal, fissura<br \/>\nobl\u00edqua, incisura card\u00edaca); relacionar cada estrutura com suas respectivas fun\u00e7\u00f5es. Seguir as<br \/>\norienta\u00e7\u00f5es apresentadas no v\u00eddeo da aula pr\u00e1tica. Clicar em \u201cMenu\u201d e retornar para Systems;<br \/>\n\u2022 Identificar e reconhecer: pulm\u00f5es. Em Systems, buscar o \u00edcone Search (Busca \u2013 lupa no canto<br \/>\ninferior esquerdo). Digitar Lungs (Pulm\u00f5es). Com o cursor, clicar sobre cada uma das seguintes<br \/>\nestruturas para identifica\u00e7\u00e3o e an\u00e1lise: pleuras e lobos pulmonares. Clicar em \u201cMenu\u201d e retornar<br \/>\npara Systems;<br \/>\n6<br \/>\n\u2022 Identificar e reconhecer: Em Systems, buscar o \u00edcone Respiratory System Views (Vista do Sistema<br \/>\nRespirat\u00f3rio). Acessar op\u00e7\u00e3o 12 (Pulmonary Circulation \u2013 Circula\u00e7\u00e3o pulmonar). Com o cursor,<br \/>\nclicar sobre cada uma das seguintes estruturas para identifica\u00e7\u00e3o e an\u00e1lise: art\u00e9rias pulmonares e<br \/>\nveias pulmonares.<br \/>\nA identifica\u00e7\u00e3o e observa\u00e7\u00e3o das estruturas solicitadas dever\u00e3o ser realizadas sob orienta\u00e7\u00e3o do tutor<br \/>\nrespons\u00e1vel e seguindo as instru\u00e7\u00f5es apresentadas no v\u00eddeo da aula pr\u00e1tica.<br \/>\nChecklist:<br \/>\n\u2713 Acessar a base OVID na Biblioteca Virtual;<br \/>\n\u2713 Acessar as imagens, conforme indicado no roteiro, para identifica\u00e7\u00e3o e observa\u00e7\u00e3o das estruturas<br \/>\nanat\u00f4micas presentes sistema nervoso;<br \/>\n\u2713 Relacionar as estruturas anat\u00f4micas visualizadas e identificadas com suas fun\u00e7\u00f5es fisiol\u00f3gicas; \u2013<br \/>\nVerificar se todos os alunos conseguiram realizar a identifica\u00e7\u00e3o das principais caracter\u00edsticas<br \/>\nanat\u00f4micas dos sistemas nervoso central e perif\u00e9rico;<br \/>\n\u2713 Esclarecer as poss\u00edveis d\u00favidas quanto \u00e0s caracter\u00edsticas anat\u00f4micas estudadas.<br \/>\n\u2713 A postagem do arquivo final deve ser em um \u00fanico arquivo, formato .DOC (Word ou editor de textos)<br \/>\nelaborado de acordo com as normas ABNT;<br \/>\nRESULTADOS<br \/>\nResultados da aula pr\u00e1tica:<br \/>\nComo resultados dessa pr\u00e1tica, espera-se que os objetivos propostos tenham sido alcan\u00e7ados por meio<br \/>\nda compreens\u00e3o das caracter\u00edsticas anat\u00f4micas das estruturas propostas, bem como de suas respectivas<br \/>\nfun\u00e7\u00f5es fisiol\u00f3gicas<\/p>\n<div class=\"elementor-toggle-item\">\n<h4 id=\"elementor-tab-title-1941\" class=\"elementor-tab-title elementor-active\" tabindex=\"0\" role=\"tab\" data-tab=\"1\" aria-controls=\"elementor-tab-content-1941\" aria-expanded=\"true\" aria-selected=\"true\">Como funciona?<\/h4>\n<div id=\"elementor-tab-content-1941\" class=\"elementor-tab-content elementor-clearfix elementor-active\" role=\"tabpanel\" data-tab=\"1\" aria-labelledby=\"elementor-tab-title-1941\">\n<p>Elaboramos os portf\u00f3lios, j\u00e1 deixamos prontos, nas normas da ABNT e conforme os requisitos da universidade. F\u00e1cil assim! O MELHOR \u00c9 QUE VOC\u00ca COMPRA E J\u00c1 BAIXA NA HORA O SEU ARQUIVO EM WORD! Sabemos que conciliar trabalho, fam\u00edlia, vida profissional e estudos \u00e9 dif\u00edcil hoje em dia, por isso, estamos aqui para ajudar voc\u00ea. Conte com nossa qualidade, experi\u00eancia e profissionalismo adquirindo seu portf\u00f3lio conosco. GARANTIMOS SEU CONCEITO!<\/p>\n<h4>Como se realizam os envios?<\/h4>\n<\/div>\n<\/div>\n<div class=\"elementor-toggle-item\">\n<div id=\"elementor-tab-content-1942\" class=\"elementor-tab-content elementor-clearfix elementor-active\" role=\"tabpanel\" data-tab=\"2\" aria-labelledby=\"elementor-tab-title-1942\">O seu trabalho \u00e9 disponibilizado pronto, respondido e nas normas j\u00e1 na mesma hora aqui em nosso site na sua \u00e1rea de downloads e tamb\u00e9m no seu e-mail.<\/div>\n<\/div>\n<div class=\"elementor-toggle-item\">\n<div id=\"elementor-tab-content-1943\" class=\"elementor-tab-content elementor-clearfix elementor-active\" role=\"tabpanel\" data-tab=\"3\" aria-labelledby=\"elementor-tab-title-1943\">\n<h4>Em quanto tempo recebo o portf\u00f3lio?<\/h4>\n<\/div>\n<\/div>\n<div class=\"elementor-toggle-item\">\n<div id=\"elementor-tab-content-1944\" class=\"elementor-tab-content elementor-clearfix elementor-active\" role=\"tabpanel\" data-tab=\"4\" aria-labelledby=\"elementor-tab-title-1944\">\n<p>Os envios s\u00e3o imediatos. Ap\u00f3s sua compra, o trabalho j\u00e1 \u00e9 disponibilizado instantaneamente aqui em nosso site e no seu e-mail.<\/p>\n<h4>E se o portf\u00f3lio que comprei precisar de corre\u00e7\u00e3o?<\/h4>\n<\/div>\n<\/div>\n<div class=\"elementor-toggle-item\">\n<div id=\"elementor-tab-content-1945\" class=\"elementor-tab-content elementor-clearfix elementor-active\" role=\"tabpanel\" data-tab=\"5\" aria-labelledby=\"elementor-tab-title-1945\">\n<p>Caso haja alguma solicita\u00e7\u00e3o de corre\u00e7\u00e3o\/altera\u00e7\u00e3o por parte do tutor, basta entrar em contato conosco pelo\u00a0WhatsApp\u00a0que provid\u00eanciaremos sem custo algum.<\/p>\n<h4>Qual o formato do arquivo?<\/h4>\n<\/div>\n<\/div>\n<div class=\"elementor-toggle-item\">\n<div id=\"elementor-tab-content-1946\" class=\"elementor-tab-content elementor-clearfix elementor-active\" role=\"tabpanel\" data-tab=\"6\" aria-labelledby=\"elementor-tab-title-1946\">\n<p>Os arquivos s\u00e3o enviados em formato Word e s\u00e3o edit\u00e1veis.<\/p>\n<h4>Caso eu tiver alguma d\u00favida, terei suporte no p\u00f3s venda?<\/h4>\n<\/div>\n<\/div>\n<div class=\"elementor-toggle-item\">\n<div id=\"elementor-tab-content-1948\" class=\"elementor-tab-content elementor-clearfix elementor-active\" role=\"tabpanel\" data-tab=\"8\" aria-labelledby=\"elementor-tab-title-1948\">\n<p>Sim, com certeza. Basta clicar no \u00edcone do WhatsApp no cantinho da tela. Ser\u00e1 um prazer atend\u00ea-lo(a).<\/p>\n<div class=\"elementor-toggle-item\">\n<div id=\"elementor-tab-content-1948\" class=\"elementor-tab-content elementor-clearfix elementor-active\" role=\"tabpanel\" data-tab=\"8\" aria-labelledby=\"elementor-tab-title-1948\">\n<h4>Quais os seus canais de contato?<\/h4>\n<\/div>\n<\/div>\n<div class=\"elementor-toggle-item\">\n<div id=\"elementor-tab-content-1949\" class=\"elementor-tab-content elementor-clearfix elementor-active\" role=\"tabpanel\" data-tab=\"9\" aria-labelledby=\"elementor-tab-title-1949\">\n<p>Whatsapp: 53 984751621 \u2013 Clicar no canto da tela ou ESCANEIE O QRCODE ABAIXO<\/p>\n<h4><img decoding=\"async\" class=\"alignnone wp-image-13699 jetpack-lazy-image jetpack-lazy-image--handled\" src=\"https:\/\/i0.wp.com\/portifolioos-prontos.com\/wp-content\/uploads\/2023\/02\/whatsapp-business-projeto-de-extensao-300x300.jpeg?resize=144%2C144\" sizes=\"(max-width: 144px) 100vw, 144px\" srcset=\"https:\/\/i0.wp.com\/portifolioos-prontos.com\/wp-content\/uploads\/2023\/02\/whatsapp-business-projeto-de-extensao.jpeg?resize=300%2C301&amp;ssl=1 300w, https:\/\/i0.wp.com\/portifolioos-prontos.com\/wp-content\/uploads\/2023\/02\/whatsapp-business-projeto-de-extensao.jpeg?resize=150%2C150&amp;ssl=1 150w, https:\/\/i0.wp.com\/portifolioos-prontos.com\/wp-content\/uploads\/2023\/02\/whatsapp-business-projeto-de-extensao.jpeg?resize=370%2C372&amp;ssl=1 370w, https:\/\/i0.wp.com\/portifolioos-prontos.com\/wp-content\/uploads\/2023\/02\/whatsapp-business-projeto-de-extensao.jpeg?resize=100%2C100&amp;ssl=1 100w, https:\/\/i0.wp.com\/portifolioos-prontos.com\/wp-content\/uploads\/2023\/02\/whatsapp-business-projeto-de-extensao.jpeg?w=470&amp;ssl=1 470w\" alt=\"projeto de extens\u00e3o unopar\" width=\"144\" height=\"144\" data-lazy-loaded=\"1\" \/><\/h4>\n<\/div>\n<\/div>\n<\/div>\n<\/div>\n<div class=\"elementor-toggle-item\">\n<div id=\"elementor-tab-content-1949\" class=\"elementor-tab-content elementor-clearfix elementor-active\" role=\"tabpanel\" data-tab=\"9\" aria-labelledby=\"elementor-tab-title-1949\">\n<p>E-mail:portifoliosp@gmail.com<\/p>\n<div id=\"attachment_143\" class=\"wp-caption alignnone\">\n<div id=\"attachment_143\" class=\"wp-caption alignnone\" style=\"width: 63px;\">\n<p><a href=\"http:\/\/portifolioos-prontos.com\/\"><img decoding=\"async\" class=\"wp-image-143 jetpack-lazy-image jetpack-lazy-image--handled\" title=\"portfolio pronto unopar\" src=\"https:\/\/i0.wp.com\/portifolioos-prontos.com\/wp-content\/uploads\/2022\/04\/conceitomaximo.png?resize=161%2C46\" alt=\"PORTFOLIO PRONTO UNOPAR ANHANGUERA\" width=\"63\" height=\"18\" aria-describedby=\"caption-attachment-143\" data-lazy-loaded=\"1\" \/><\/a><\/p>\n<p id=\"caption-attachment-143\" class=\"wp-caption-text\">Portf\u00f3lio em Word, respondido, completo e j\u00e1 nas normas.<\/p>\n<\/div>\n<\/div>\n<\/div>\n<\/div>\n","protected":false},"excerpt":{"rendered":"<div class=\"product-short-description\">\n<h5><strong>Pague pelo PIX ou cart\u00e3o e fa\u00e7a o download agora mesmo.<\/strong><\/h5>\n<\/div>\n<div class=\"sticky-add-to-cart-wrapper\">\n<div class=\"sticky-add-to-cart\">\n<div class=\"quantity buttons_added form-flat\"><img decoding=\"async\" class=\"alignnone wp-image-761\" src=\"http:\/\/portifolioos-prontos.com\/wp-content\/uploads\/2022\/04\/PIX-300x107.webp\" alt=\"\" width=\"78\" height=\"28\" \/>\u00a0\u00a0<img loading=\"lazy\" decoding=\"async\" class=\"\" src=\"https:\/\/d26lpennugtm8s.cloudfront.net\/assets\/common\/img\/logos\/payment\/visa@2x.png\" width=\"46\" height=\"29\" \/><img loading=\"lazy\" decoding=\"async\" class=\"\" src=\"https:\/\/d26lpennugtm8s.cloudfront.net\/assets\/common\/img\/logos\/payment\/boleto@2x.png\" width=\"43\" height=\"27\" \/><img loading=\"lazy\" decoding=\"async\" class=\"\" src=\"https:\/\/d26lpennugtm8s.cloudfront.net\/assets\/common\/img\/logos\/payment\/mastercard@2x.png\" width=\"43\" height=\"27\" \/><img loading=\"lazy\" decoding=\"async\" class=\"\" src=\"https:\/\/d26lpennugtm8s.cloudfront.net\/assets\/common\/img\/logos\/payment\/amex@2x.png\" width=\"43\" height=\"27\" \/><img loading=\"lazy\" decoding=\"async\" class=\"\" src=\"https:\/\/d26lpennugtm8s.cloudfront.net\/assets\/common\/img\/logos\/payment\/diners@2x.png\" width=\"46\" height=\"29\" \/><img loading=\"lazy\" decoding=\"async\" class=\"\" src=\"https:\/\/d26lpennugtm8s.cloudfront.net\/assets\/common\/img\/logos\/payment\/br\/elo@2x.png\" width=\"45\" height=\"28\" \/><img loading=\"lazy\" decoding=\"async\" class=\"\" src=\"https:\/\/d26lpennugtm8s.cloudfront.net\/assets\/common\/img\/logos\/payment\/br\/hipercard@2x.png\" width=\"44\" height=\"28\" \/><img loading=\"lazy\" decoding=\"async\" class=\"\" src=\"https:\/\/d26lpennugtm8s.cloudfront.net\/assets\/common\/img\/logos\/payment\/mercadopago@2x.png\" width=\"45\" height=\"28\" \/><\/div>\n<\/div>\n<\/div>\n","protected":false},"featured_media":21829,"template":"","meta":{"_seopress_robots_primary_cat":"none","_seopress_titles_title":"%%post_title%% %%sitetitle%%","_seopress_titles_desc":"%%post_content%%","_seopress_robots_index":""},"product_cat":[15],"product_tag":[],"class_list":{"0":"post-21826","1":"product","2":"type-product","3":"status-publish","4":"has-post-thumbnail","6":"product_cat-uncategorized","8":"first","9":"instock","10":"shipping-taxable","11":"purchasable","12":"product-type-simple","13":"col-xs-6 col-sm-4","14":"col-mf-5","15":"un-5-cols"},"jetpack_sharing_enabled":true,"_links":{"self":[{"href":"https:\/\/portifolioos-prontos.com\/index.php\/wp-json\/wp\/v2\/product\/21826","targetHints":{"allow":["GET"]}}],"collection":[{"href":"https:\/\/portifolioos-prontos.com\/index.php\/wp-json\/wp\/v2\/product"}],"about":[{"href":"https:\/\/portifolioos-prontos.com\/index.php\/wp-json\/wp\/v2\/types\/product"}],"version-history":[{"count":0,"href":"https:\/\/portifolioos-prontos.com\/index.php\/wp-json\/wp\/v2\/product\/21826\/revisions"}],"wp:featuredmedia":[{"embeddable":true,"href":"https:\/\/portifolioos-prontos.com\/index.php\/wp-json\/wp\/v2\/media\/21829"}],"wp:attachment":[{"href":"https:\/\/portifolioos-prontos.com\/index.php\/wp-json\/wp\/v2\/media?parent=21826"}],"wp:term":[{"taxonomy":"product_cat","embeddable":true,"href":"https:\/\/portifolioos-prontos.com\/index.php\/wp-json\/wp\/v2\/product_cat?post=21826"},{"taxonomy":"product_tag","embeddable":true,"href":"https:\/\/portifolioos-prontos.com\/index.php\/wp-json\/wp\/v2\/product_tag?post=21826"}],"curies":[{"name":"wp","href":"https:\/\/api.w.org\/{rel}","templated":true}]}}