{"id":2199,"date":"2022-04-30T16:27:08","date_gmt":"2022-04-30T19:27:08","guid":{"rendered":"https:\/\/portifolioos-prontos.com\/?post_type=product&#038;p=2199"},"modified":"2025-08-02T16:55:11","modified_gmt":"2025-08-02T19:55:11","slug":"portfolio-roteiro-aula-pratica-algoritmos-e-logica-de-programacao","status":"publish","type":"product","link":"https:\/\/portifolioos-prontos.com\/index.php\/product\/portfolio-roteiro-aula-pratica-algoritmos-e-logica-de-programacao\/","title":{"rendered":"Portf\u00f3lio Roteiro Aula Pr\u00e1tica Algor\u00edtmos e L\u00f3gica de Programa\u00e7\u00e3o"},"content":{"rendered":"<p><span class=\"fontstyle0\">ROTEIRO DE AULA PR\u00c1TICA<br \/>\nNOME DA DISCIPLINA:\u00a0<\/span><span class=\"fontstyle0\">Algoritmos e L\u00f3gica de Programa\u00e7\u00e3o<\/span><\/p>\n<table class=\"NormalTable\" style=\"height: 292px;\" width=\"901\">\n<tbody>\n<tr>\n<td width=\"200\"><span class=\"fontstyle0\">OBJETIVOS<\/span><\/td>\n<\/tr>\n<tr>\n<td width=\"200\">Defini\u00e7\u00e3o dos objetivos da aula pr\u00e1tica:<\/td>\n<\/tr>\n<tr>\n<td width=\"200\">&#8211; Desenvolver um programa utilizando os fundamentos da l\u00f3gica de programa\u00e7\u00e3o de maneira\u00a0estruturada, utilizando recursos b\u00e1sicos como estruturas de decis\u00e3o e repeti\u00e7\u00e3o e uso de\u00a0vari\u00e1veis e seus tipos.<\/td>\n<\/tr>\n<\/tbody>\n<\/table>\n<p>&nbsp;<\/p>\n<table class=\"NormalTable\" style=\"height: 847px;\" width=\"894\">\n<tbody>\n<tr>\n<td width=\"200\"><span class=\"fontstyle0\">INFRAESTRUTURA<\/span><\/td>\n<\/tr>\n<tr>\n<td width=\"200\">Instala\u00e7\u00f5es:<\/td>\n<\/tr>\n<tr>\n<td width=\"200\">Computador com o programa Dev C\/C++<\/td>\n<\/tr>\n<tr>\n<td width=\"200\">Materiais de consumo:<\/td>\n<\/tr>\n<tr>\n<td width=\"200\">Descri\u00e7\u00e3o<\/td>\n<td width=\"200\"><span class=\"fontstyle3\">Quantidade de materiais\u00a0por\u00a0procedimento\/atividade<\/span><\/td>\n<\/tr>\n<tr>\n<td width=\"200\">Computador<\/td>\n<td width=\"200\">1 por aluno<\/td>\n<\/tr>\n<tr>\n<td width=\"200\">Software:<\/td>\n<\/tr>\n<tr>\n<td width=\"200\"><span class=\"fontstyle2\">Sim ( X ) N\u00e3o ( )<\/span><\/td>\n<\/tr>\n<tr>\n<td width=\"200\"><span class=\"fontstyle2\">Em caso afirmativo, qual? Dev C\/C++<\/span><\/td>\n<\/tr>\n<tr>\n<td width=\"200\"><span class=\"fontstyle2\">Pago ( ) N\u00e3o Pago ( X )<\/span><\/td>\n<\/tr>\n<tr>\n<td width=\"200\"><span class=\"fontstyle2\">Tipo de Licen\u00e7a:\u00a0<\/span><span class=\"fontstyle2\">Gratuita<\/span><\/td>\n<\/tr>\n<tr>\n<td width=\"200\">Descri\u00e7\u00e3o do software:<\/td>\n<\/tr>\n<tr>\n<td width=\"200\">Dev-C++ \u00e9 um ambiente de desenvolvimento integrado livre que utiliza os compiladores do\u00a0projeto GNU para compilar programas para o sistema operacional Microsoft Windows. Suporta\u00a0as linguagens de programa\u00e7\u00e3o C e C++, e possui toda a biblioteca ANSI C.<\/td>\n<\/tr>\n<tr>\n<td width=\"200\">Equipamento de Prote\u00e7\u00e3o Individual (EPI):<\/td>\n<\/tr>\n<tr>\n<td width=\"200\">&#8211; NSA<\/td>\n<\/tr>\n<\/tbody>\n<\/table>\n<p>&nbsp;<\/p>\n<table class=\"NormalTable\" style=\"height: 247px;\" width=\"894\">\n<tbody>\n<tr>\n<td width=\"200\"><span class=\"fontstyle0\">PROCEDIMENTOS PR\u00c1TICOS<\/span><\/td>\n<\/tr>\n<tr>\n<td width=\"200\">Desenvolvimento de um programa utilizando a Linguagem C\/C++.<\/td>\n<\/tr>\n<tr>\n<td width=\"200\"><span class=\"fontstyle0\">Atividade proposta:<\/span><\/td>\n<\/tr>\n<tr>\n<td width=\"200\">&#8211; Desenvolvimento de um programa utilizando a Linguagem C\/C++.<\/td>\n<\/tr>\n<\/tbody>\n<\/table>\n<p><span class=\"fontstyle3\">3<\/span><\/p>\n<table class=\"NormalTable\" style=\"height: 933px;\" width=\"901\">\n<tbody>\n<tr>\n<td width=\"200\"><span class=\"fontstyle0\">Procedimentos para a realiza\u00e7\u00e3o da atividade:<\/span><\/td>\n<\/tr>\n<tr>\n<td width=\"200\"><span class=\"fontstyle3\">Voc\u00ea dever\u00e1:<\/span><br \/>\n<span class=\"fontstyle4\">\u2022\u00a0<\/span><span class=\"fontstyle3\">Realizar o download e instalar o DEV C\/C++ (o aluno poder\u00e1 utilizar outro ambiente de desenvolvimento, no<br \/>\nentanto, \u00e9 importante que a linguagem utilizada seja o C\/C++).<\/span><br \/>\n<span class=\"fontstyle4\">\u2022\u00a0<\/span><span class=\"fontstyle3\">Ap\u00f3s a instala\u00e7\u00e3o do programa, o aluno dever\u00e1 abrir um projeto (Arquivo -&gt; Novo -&gt; Projeto) como indicado na<br \/>\nFigura 1.<\/span><img decoding=\"async\" src=\"https:\/\/cdn.awsli.com.br\/2324\/2324894\/arquivos\/image.png\" \/><br \/>\n<span class=\"fontstyle3\">Figura 1 | Criando um projeto<\/span><br \/>\n<span class=\"fontstyle4\">\u2022\u00a0<\/span><span class=\"fontstyle3\">Uma nova janela vai se abrir, e nesta o aluno escolher\u00e1 a op\u00e7\u00e3o \u201c<\/span><span class=\"fontstyle5\">Console Application<\/span><span class=\"fontstyle3\">\u201d e Projeto C++, como<br \/>\nindicado na Figura 2.<\/span><img fetchpriority=\"high\" decoding=\"async\" src=\"https:\/\/cdn.awsli.com.br\/2324\/2324894\/arquivos\/image.png\" width=\"1268\" height=\"662\" \/><br \/>\n<span class=\"fontstyle3\">Figura 2 | Criando um projeto<\/span><\/td>\n<\/tr>\n<\/tbody>\n<\/table>\n<p><span class=\"fontstyle3\">4<\/span><\/p>\n<table class=\"NormalTable\" style=\"height: 1331px;\" width=\"924\">\n<tbody>\n<tr>\n<td width=\"200\"><span class=\"fontstyle4\">\u2022\u00a0<\/span><span class=\"fontstyle3\">Uma nova janela aparecer\u00e1, o aluno dever\u00e1 escolher qual pasta o projeto ser\u00e1 armazenado e qual \u00e9 o nome deste<br \/>\nprojeto, como indicado na Figura 3.<\/span><img decoding=\"async\" src=\"https:\/\/cdn.awsli.com.br\/2324\/2324894\/arquivos\/image.png\" \/><br \/>\n<span class=\"fontstyle3\">Figura 3| Salvando e renomeando o projeto<\/span><br \/>\n<span class=\"fontstyle4\">\u2022\u00a0<\/span><span class=\"fontstyle3\">Ap\u00f3s esta configura\u00e7\u00e3o, o ambiente de desenvolvimento est\u00e1 pronto para ser utilizado e elaborar o problema\u00a0proposto a seguir.<\/span><br \/>\n<span class=\"fontstyle2\">Problema Proposto:<\/span><br \/>\n<span class=\"fontstyle3\">Fa\u00e7a um programa problema utilizando conjectura de Collatz. Esta conjuntura toma um n\u00famero natural \u201cn\u201d, se n for\u00a0par, ser\u00e1 dividido por 2; se n for \u00edmpar, ser\u00e1 multiplicado por 3 e ao resultado ser\u00e1 somado 1. Repete-se o processo\u00a0indefinidamente. A Conjectura de Collatz estabelece que, com essas duas regras simples, todos os n\u00fameros naturais\u00a0chegam at\u00e9 1 (e a partir da\u00ed o la\u00e7o 1,4,2,1,4,2,1,4,2,1&#8230; se repete indefinidamente). Matematicamente, as regras s\u00e3o:<br \/>\n(n) = n\/2 se n \u00e9 par<br \/>\n(n) = 3n + 1n se n \u00e9 \u00edmpar<br \/>\nVamos, ent\u00e3o, fazer um programa que calcula todos os n\u00fameros da sequ\u00eancia de Collatz para uma entrada qualquer.<br \/>\nA sequ\u00eancia de comandos \u00e9:<br \/>\n\u2022 Entrar com um n\u00famero inteiro positivo superior a 1.<br \/>\n\u2022 Se o n\u00famero for par, dividir por dois,<br \/>\n\u2022 Se o n\u00famero for \u00edmpar, multiplicar por tr\u00eas e somar 1<br \/>\n\u2022 Pela conjectura de Collatz, a sequ\u00eancia sempre termina em 1, como j\u00e1 foi explanado.<br \/>\nSolicitar o n\u00famero cuja sequ\u00eancia de Colatz ser\u00e1 calculada.<br \/>\nPara conferir a sequ\u00eancia gerado, o seguinte site gera a sequ\u00eancia gerada de acordo com uma entrada.<br \/>\nhttp:\/\/cehum.ilch.uminho.pt\/collatz<\/span><\/td>\n<\/tr>\n<\/tbody>\n<\/table>\n<p><span class=\"fontstyle3\">5<\/span><\/p>\n<table class=\"NormalTable\" style=\"height: 335px;\" width=\"926\">\n<tbody>\n<tr>\n<td width=\"200\"><span class=\"fontstyle0\">Checklist:<\/span><\/td>\n<\/tr>\n<tr>\n<td width=\"200\"><span class=\"fontstyle3\">&#8211; Criar um projeto no Dev C\/C++.<br \/>\n&#8211; Desenvolver a solu\u00e7\u00e3o para o problema proposto.<\/span><\/td>\n<\/tr>\n<tr>\n<td width=\"200\"><span class=\"fontstyle0\">RESULTADOS<\/span><\/td>\n<\/tr>\n<tr>\n<td width=\"200\"><span class=\"fontstyle0\">Resultados da aula pr\u00e1tica:<\/span><\/td>\n<\/tr>\n<tr>\n<td width=\"200\"><span class=\"fontstyle3\">Elaborar um relat\u00f3rio que dever\u00e1 conter introdu\u00e7\u00e3o, m\u00e9todos, resultados e conclus\u00e3o sobre o assunto desenvolvido<br \/>\nem aula pr\u00e1tica.<\/span><\/td>\n<\/tr>\n<\/tbody>\n<\/table>\n<p>&nbsp;<\/p>\n<div class=\"elementor-toggle-item\">\n<div class=\"elementor-toggle-item\">\n<p><strong>Como se realizam os envios?<\/strong><\/p>\n<\/div>\n<p id=\"elementor-tab-content-1942\" class=\"elementor-tab-content elementor-clearfix elementor-active\" role=\"tabpanel\" data-tab=\"2\" aria-labelledby=\"elementor-tab-title-1942\">O seu trabalho \u00e9 disponibilizado pronto, respondido e nas normas j\u00e1 na mesma hora aqui em nosso site na sua \u00e1rea de downloads e tamb\u00e9m no seu e-mail.<\/p>\n<p><strong>Em quanto tempo recebo o portf\u00f3lio?<\/strong><\/p>\n<p>Os envios s\u00e3o imediatos. Ap\u00f3s sua compra, o trabalho j\u00e1 \u00e9 disponibilizado instantaneamente aqui em nosso site e no seu e-mail.<\/p>\n<p><strong>E se o portf\u00f3lio que comprei precisar de corre\u00e7\u00e3o?<\/strong><\/p>\n<p>Caso haja alguma solicita\u00e7\u00e3o de corre\u00e7\u00e3o\/altera\u00e7\u00e3o por parte do tutor, basta entrar em contato conosco pelo\u00a0WhatsApp\u00a0que provid\u00eanciaremos sem custo algum.<\/p>\n<p><strong>Qual o formato do arquivo?<\/strong><\/p>\n<p>Os arquivos s\u00e3o enviados em formato Word e s\u00e3o edit\u00e1veis.<\/p>\n<p><strong>Caso eu tiver alguma d\u00favida, terei suporte no p\u00f3s venda?<\/strong><\/p>\n<p>Sim, com certeza. Basta clicar no \u00edcone do WhatsApp no cantinho da tela. Ser\u00e1 um prazer atend\u00ea-lo(a).<\/p>\n<div id=\"elementor-tab-content-1948\" class=\"elementor-tab-content elementor-clearfix elementor-active\" role=\"tabpanel\" data-tab=\"8\" aria-labelledby=\"elementor-tab-title-1948\">\n<p><strong>Quais os seus canais de contato?<\/strong><\/p>\n<\/div>\n<div id=\"elementor-tab-content-1949\" class=\"elementor-tab-content elementor-clearfix elementor-active\" role=\"tabpanel\" data-tab=\"9\" aria-labelledby=\"elementor-tab-title-1949\">\n<p>Whatsapp: 53 984751621 \u2013 Clicar no canto da tela ou ESCANEIE O QRCODE ABAIXO<\/p>\n<h4><img decoding=\"async\" class=\"alignnone wp-image-13699 jetpack-lazy-image jetpack-lazy-image--handled\" src=\"https:\/\/i0.wp.com\/portifolioos-prontos.com\/wp-content\/uploads\/2023\/02\/whatsapp-business-projeto-de-extensao-300x300.jpeg?resize=144%2C144\" sizes=\"(max-width: 144px) 100vw, 144px\" srcset=\"https:\/\/i0.wp.com\/portifolioos-prontos.com\/wp-content\/uploads\/2023\/02\/whatsapp-business-projeto-de-extensao.jpeg?resize=300%2C301&amp;ssl=1 300w, https:\/\/i0.wp.com\/portifolioos-prontos.com\/wp-content\/uploads\/2023\/02\/whatsapp-business-projeto-de-extensao.jpeg?resize=150%2C150&amp;ssl=1 150w, https:\/\/i0.wp.com\/portifolioos-prontos.com\/wp-content\/uploads\/2023\/02\/whatsapp-business-projeto-de-extensao.jpeg?resize=370%2C372&amp;ssl=1 370w, https:\/\/i0.wp.com\/portifolioos-prontos.com\/wp-content\/uploads\/2023\/02\/whatsapp-business-projeto-de-extensao.jpeg?resize=100%2C100&amp;ssl=1 100w, https:\/\/i0.wp.com\/portifolioos-prontos.com\/wp-content\/uploads\/2023\/02\/whatsapp-business-projeto-de-extensao.jpeg?w=470&amp;ssl=1 470w\" alt=\"projeto de extens\u00e3o unopar\" width=\"144\" height=\"144\" data-lazy-loaded=\"1\" \/><\/h4>\n<\/div>\n<div class=\"elementor-toggle-item\">\n<div id=\"elementor-tab-content-1949\" class=\"elementor-tab-content elementor-clearfix elementor-active\" role=\"tabpanel\" data-tab=\"9\" aria-labelledby=\"elementor-tab-title-1949\">\n<p>E-mail:portifoliosp@gmail.com<\/p>\n<div id=\"attachment_143\" class=\"wp-caption alignnone\">\n<div id=\"attachment_143\" class=\"wp-caption alignnone\" style=\"width: 87px;\">\n<p><a href=\"https:\/\/portifolioos-prontos.com\/\"><img decoding=\"async\" class=\"wp-image-143 jetpack-lazy-image jetpack-lazy-image--handled smush-image-11 smush-image-1 smush-detected-img smush-image-smaller-1\" title=\"portfolio pronto unopar\" src=\"https:\/\/i0.wp.com\/portifolioos-prontos.com\/wp-content\/uploads\/2022\/04\/conceitomaximo.png?resize=161%2C46\" sizes=\"(max-width: 35px) 100vw, 35px\" srcset=\"https:\/\/i0.wp.com\/portifolioos-prontos.com\/wp-content\/uploads\/2022\/04\/conceitomaximo.png?w=244&amp;ssl=1 244w, https:\/\/i0.wp.com\/portifolioos-prontos.com\/wp-content\/uploads\/2022\/04\/conceitomaximo.png?resize=220%2C70&amp;ssl=1 220w\" alt=\"PORTFOLIO PRONTO UNOPAR ANHANGUERA\" width=\"87\" height=\"28\" aria-describedby=\"caption-attachment-143\" data-lazy-loaded=\"1\" \/><\/a><\/p>\n<p id=\"caption-attachment-143\" class=\"wp-caption-text\">Portf\u00f3lioem Word, respondido, completo e j\u00e1 nas normas<\/p>\n<\/div>\n<\/div>\n<\/div>\n<\/div>\n<\/div>\n","protected":false},"excerpt":{"rendered":"<div class=\"product-short-description\">\n<p><strong>Pague pelo PIX ou cart\u00e3o e fa\u00e7a o download agora mesmo.<\/strong><\/p>\n<\/div>\n<div class=\"sticky-add-to-cart-wrapper\">\n<div class=\"sticky-add-to-cart\">\n<p class=\"quantity buttons_added form-flat\"><img loading=\"lazy\" decoding=\"async\" class=\"lazyloaded smush-image-5 smush-image-3 smush-image-4 smush-detected-img smush-image-bigger-3\" src=\"https:\/\/d26lpennugtm8s.cloudfront.net\/assets\/common\/img\/logos\/payment\/visa@2x.png\" width=\"46\" height=\"29\" data-src=\"https:\/\/d26lpennugtm8s.cloudfront.net\/assets\/common\/img\/logos\/payment\/visa@2x.png\" \/><img loading=\"lazy\" decoding=\"async\" class=\"lazyloaded smush-image-6 smush-image-4 smush-image-5 smush-detected-img smush-image-bigger-4\" src=\"https:\/\/d26lpennugtm8s.cloudfront.net\/assets\/common\/img\/logos\/payment\/boleto@2x.png\" width=\"43\" height=\"27\" data-src=\"https:\/\/d26lpennugtm8s.cloudfront.net\/assets\/common\/img\/logos\/payment\/boleto@2x.png\" \/><img loading=\"lazy\" decoding=\"async\" class=\"lazyloaded smush-image-7 smush-image-5 smush-image-6 smush-detected-img smush-image-bigger-5\" src=\"https:\/\/d26lpennugtm8s.cloudfront.net\/assets\/common\/img\/logos\/payment\/mastercard@2x.png\" width=\"43\" height=\"27\" data-src=\"https:\/\/d26lpennugtm8s.cloudfront.net\/assets\/common\/img\/logos\/payment\/mastercard@2x.png\" \/><img loading=\"lazy\" decoding=\"async\" class=\"lazyloaded smush-image-8 smush-image-6 smush-image-7 smush-detected-img smush-image-bigger-6\" src=\"https:\/\/d26lpennugtm8s.cloudfront.net\/assets\/common\/img\/logos\/payment\/amex@2x.png\" width=\"43\" height=\"27\" data-src=\"https:\/\/d26lpennugtm8s.cloudfront.net\/assets\/common\/img\/logos\/payment\/amex@2x.png\" \/><img loading=\"lazy\" decoding=\"async\" class=\"lazyloaded smush-image-9 smush-image-7 smush-image-8 smush-detected-img smush-image-bigger-7\" src=\"https:\/\/d26lpennugtm8s.cloudfront.net\/assets\/common\/img\/logos\/payment\/diners@2x.png\" width=\"46\" height=\"29\" data-src=\"https:\/\/d26lpennugtm8s.cloudfront.net\/assets\/common\/img\/logos\/payment\/diners@2x.png\" \/><img loading=\"lazy\" decoding=\"async\" class=\"lazyloaded smush-image-10 smush-image-8 smush-image-9 alignnone smush-detected-img smush-image-bigger-8\" src=\"https:\/\/d26lpennugtm8s.cloudfront.net\/assets\/common\/img\/logos\/payment\/br\/elo@2x.png\" alt=\"portf\u00f3lio unopar anhanguera\" width=\"45\" height=\"28\" data-src=\"https:\/\/d26lpennugtm8s.cloudfront.net\/assets\/common\/img\/logos\/payment\/br\/elo@2x.png\" \/><img loading=\"lazy\" decoding=\"async\" class=\"lazyloaded smush-image-11 smush-image-9 smush-image-10 alignnone smush-detected-img smush-image-bigger-9\" src=\"https:\/\/d26lpennugtm8s.cloudfront.net\/assets\/common\/img\/logos\/payment\/br\/hipercard@2x.png\" alt=\"portf\u00f3lio unopar anhanguera\" width=\"44\" height=\"28\" data-src=\"https:\/\/d26lpennugtm8s.cloudfront.net\/assets\/common\/img\/logos\/payment\/br\/hipercard@2x.png\" \/><img loading=\"lazy\" decoding=\"async\" class=\"lazyloaded smush-image-12 smush-image-10 smush-image-11 alignnone smush-detected-img smush-image-bigger-10\" src=\"https:\/\/d26lpennugtm8s.cloudfront.net\/assets\/common\/img\/logos\/payment\/mercadopago@2x.png\" alt=\"portf\u00f3lio unopar anhanguera\" width=\"45\" height=\"28\" data-src=\"https:\/\/d26lpennugtm8s.cloudfront.net\/assets\/common\/img\/logos\/payment\/mercadopago@2x.png\" \/><img loading=\"lazy\" decoding=\"async\" class=\"alignnone ls-is-cached lazyloaded smush-detected-img smush-image-bigger-11\" src=\"https:\/\/futurium.com.br\/wp-content\/uploads\/2021\/06\/logo-pix-icone-512.png\" alt=\"portfolio pronto\" width=\"30\" height=\"30\" data-src=\"https:\/\/futurium.com.br\/wp-content\/uploads\/2021\/06\/logo-pix-icone-512.png\" \/><\/p>\n<\/div>\n<\/div>\n","protected":false},"featured_media":8358,"template":"","meta":{"_seopress_robots_primary_cat":"none","_seopress_titles_title":"","_seopress_titles_desc":"","_seopress_robots_index":""},"product_cat":[58],"product_tag":[],"class_list":{"0":"post-2199","1":"product","2":"type-product","3":"status-publish","4":"has-post-thumbnail","6":"product_cat-cursos-de-t-i","8":"first","9":"instock","10":"downloadable","11":"virtual","12":"purchasable","13":"product-type-simple","14":"col-xs-6 col-sm-4","15":"col-mf-5","16":"un-5-cols"},"jetpack_sharing_enabled":true,"_links":{"self":[{"href":"https:\/\/portifolioos-prontos.com\/index.php\/wp-json\/wp\/v2\/product\/2199","targetHints":{"allow":["GET"]}}],"collection":[{"href":"https:\/\/portifolioos-prontos.com\/index.php\/wp-json\/wp\/v2\/product"}],"about":[{"href":"https:\/\/portifolioos-prontos.com\/index.php\/wp-json\/wp\/v2\/types\/product"}],"version-history":[{"count":0,"href":"https:\/\/portifolioos-prontos.com\/index.php\/wp-json\/wp\/v2\/product\/2199\/revisions"}],"wp:featuredmedia":[{"embeddable":true,"href":"https:\/\/portifolioos-prontos.com\/index.php\/wp-json\/wp\/v2\/media\/8358"}],"wp:attachment":[{"href":"https:\/\/portifolioos-prontos.com\/index.php\/wp-json\/wp\/v2\/media?parent=2199"}],"wp:term":[{"taxonomy":"product_cat","embeddable":true,"href":"https:\/\/portifolioos-prontos.com\/index.php\/wp-json\/wp\/v2\/product_cat?post=2199"},{"taxonomy":"product_tag","embeddable":true,"href":"https:\/\/portifolioos-prontos.com\/index.php\/wp-json\/wp\/v2\/product_tag?post=2199"}],"curies":[{"name":"wp","href":"https:\/\/api.w.org\/{rel}","templated":true}]}}