{"id":23168,"date":"2024-02-09T10:35:21","date_gmt":"2024-02-09T13:35:21","guid":{"rendered":"https:\/\/portifolioos-prontos.com\/?post_type=product&#038;p=23168"},"modified":"2025-10-26T18:32:13","modified_gmt":"2025-10-26T21:32:13","slug":"atividade-pratica-criacao-publicitaria-para-tv-cinema-e-internet","status":"publish","type":"product","link":"https:\/\/portifolioos-prontos.com\/index.php\/product\/atividade-pratica-criacao-publicitaria-para-tv-cinema-e-internet\/","title":{"rendered":"Atividade pr\u00e1tica Cria\u00e7\u00e3o publicit\u00e1ria para TV, cinema e internet"},"content":{"rendered":"<p>Atividade pr\u00e1tica Cria\u00e7\u00e3o publicit\u00e1ria para TV, cinema e internet<\/p>\n<hr \/>\n<p>OBJETIVOS<br \/>\nA proposta desta atividade pr\u00e1tica est\u00e1 amparada nos seguintes objetivos:<br \/>\n\u2013\u00a0conhecer\u00a0as variedades de m\u00eddia indoor;<br \/>\n\u2013 desenvolver esbo\u00e7o de campanha publicit\u00e1ria indoor para veicula\u00e7\u00e3o em cinemas; e<br \/>\n\u2013 articular diferentes pr\u00e1ticas publicit\u00e1rias indoor.<br \/>\nRECURSOS<br \/>\nComputador com acesso \u00e0 internet e ao ambiente virtual.<br \/>\nPROCEDIMENTOS\u00a0PR\u00c1TICOS<br \/>\nAtividade proposta<br \/>\nCria\u00e7\u00e3o do esbo\u00e7o de uma campanha publicit\u00e1ria de m\u00eddia indoor a ser veiculada em<br \/>\ncinemas.<br \/>\nProcedimentos para a realiza\u00e7\u00e3o da atividade<br \/>\n1) Leia os trechos a seguir, os quais tratam do conceito de m\u00eddia indoor:<br \/>\n\u201cConforme explicam Burtenshaw et al. (2010), quando se trata da m\u00eddia n\u00e3o<br \/>\nconvencional, a localiza\u00e7\u00e3o da mensagem \u00e9 de suma import\u00e2ncia, e a maioria<br \/>\ndascampanhas nessa modalidade de publicidade utiliza o ambiente como parte do<br \/>\nan\u00fancio \u2013 como aquelas que utilizam ambientes externos, como as ruas e o<br \/>\nmobili\u00e1rio urbano (pontos de \u00f4nibus, bancos de pra\u00e7a, etc.), e ambientes<br \/>\ninternos,como bares, restaurantes e academias.\u201d<br \/>\n\u201cO conceito de m\u00eddia indoor surge em oposi\u00e7\u00e3o ao termo outdoor e remete \u00e0s<br \/>\na\u00e7\u00f5es promocionais que ocorrem \u201cdo lado de dentro\u201d [de um ambiente]. Trata-se<br \/>\nde uma veicula\u00e7\u00e3o publicit\u00e1ria instalada em ambientes fechados, em que haja<br \/>\ngrande circula\u00e7\u00e3o de pessoas, que normalmente compartilham os mesmos h\u00e1bitos<br \/>\nou tend\u00eancias de consumo.\u201d<br \/>\nLIMA, Juliana de Mello Chagas. Linguagem e produ\u00e7\u00e3o de sentidos na m\u00eddia de<br \/>\nambiente\/m\u00eddia indoor. (2012). Disserta\u00e7\u00e3o de Mestrado. Universidade Estadual<br \/>\nde Maring\u00e1, 2012, p. 33; 35)<br \/>\n2) Agora, realize uma sondagem por exemplos de m\u00eddia indoor, incluindo m\u00eddias<br \/>\nmenos convencionais, como an\u00fancios em banheiros, adesivos de piso, capas de<br \/>\npoltronas etc.<br \/>\n3) Com as informa\u00e7\u00f5es obtidas, voc\u00ea deve elaborar o esbo\u00e7o de uma campanha<br \/>\npublicit\u00e1ria de acordo com as seguintes especifica\u00e7\u00f5es:<br \/>\n\u2022 Cliente: \u201cONG Comida, Educa\u00e7\u00e3o &amp; Arte\u201d, uma institui\u00e7\u00e3o que oferece<br \/>\nalimenta\u00e7\u00e3o, cursos t\u00e9cnicos e atividades culturais para crian\u00e7as de<br \/>\nperiferia;<br \/>\n\u2022 Objetivo: Estimular doa\u00e7\u00f5es e\/ou apadrinhamentos de crian\u00e7as para idas<br \/>\nao cinema;<br \/>\n\u2022 Estrat\u00e9gia de m\u00eddia: M\u00eddia indoor em alguns cinemas locais;<br \/>\n\u2022 Composi\u00e7\u00e3o da campanha: m\u00faltiplos formatos (no m\u00ednimo 2 e no m\u00e1ximo<br \/>\n5);<br \/>\n\u2022 Voc\u00ea dever\u00e1 desenvolver um tema para a campanha e explicar sua<br \/>\nproposta, indicando os formatos escolhidos e o motivo das escolhas (como<br \/>\neles atendem sua proposta? Como eles atingir\u00e3o o p\u00fablico?). Esse texto<br \/>\ndeve ter no m\u00ednimo 100 e no m\u00e1ximo 250 palavras. Para auxili\u00e1-lo no<br \/>\ndesenvolvimento do tema, consulte o arquivo \u201cTema de Campanha<br \/>\nPublicit\u00e1ria\u201d (ANEXO I).<br \/>\n\u2022 Por fim, descreva uma pe\u00e7a (o an\u00fancio em si) para cada formato<br \/>\nselecionado, bem como sua localiza\u00e7\u00e3o (Ex.: Poster nas paredes pr\u00f3ximas<br \/>\n\u00e0 bomboniere: imagem de uma crian\u00e7a sorrindo com a seguinte frase\u2026).<br \/>\n4) Ap\u00f3s o processo, voc\u00ea dever\u00e1 postar o material em arquivo word, contendo:<br \/>\na) Cabe\u00e7alho incluindo: t\u00edtulo (tema da camapanha), cliente, objetivo, estrat\u00e9gia de<br \/>\nm\u00eddia. Todos esses \u00edtens est\u00e3o indicados acima.<br \/>\nb) Texto explicando a campanha e justificando suas escolhas.<br \/>\nc) Descri\u00e7\u00e3o das pe\u00e7as acompanhada da localiza\u00e7\u00e3o de cada uma delas dentro do<br \/>\ncinema.<br \/>\nChecklist<br \/>\nPrincipais etapas para a completude da atividade pr\u00e1tica:<br \/>\nETAPA 01 \u2013 Assimila\u00e7\u00e3o do conceito de m\u00eddia indoor;<br \/>\nETAPA 02 \u2013 Sondagem para conhecer diferentes tipos de m\u00eddia indoor;<br \/>\nETAPA 03 \u2013 Cria\u00e7\u00e3o do esbo\u00e7o da campanha, com no m\u00ednimo 100 e no m\u00e1ximo 250<br \/>\npalavras, contendo: tema, explica\u00e7\u00e3o da proposta e indica\u00e7\u00e3o dos tipos de an\u00fancios<br \/>\nescolhidos;<br \/>\nETAPA 04 \u2013 Descri\u00e7\u00e3o de uma pe\u00e7a para cada formato com indica\u00e7\u00e3o dos locais em<br \/>\nque ser\u00e3o aplicadas;<br \/>\nETAPA 05 \u2013 Envio do arquivo contendo o cabe\u00e7alho, o esbo\u00e7o da campanha e a<br \/>\ndescri\u00e7\u00e3o das pe\u00e7as e indica\u00e7\u00e3o de seus locais de aplica\u00e7\u00e3o.<br \/>\nRESULTADO<br \/>\nEntrega de um arquivo word que contemple todas as etapas da atividade pr\u00e1tica,<br \/>\nconforme apresentado no checklist.<\/p>\n<div class=\"elementor-toggle-item\">\n<h4 id=\"elementor-tab-title-1941\" class=\"elementor-tab-title elementor-active\" tabindex=\"0\" role=\"tab\" data-tab=\"1\" aria-controls=\"elementor-tab-content-1941\" aria-expanded=\"true\" aria-selected=\"true\">Como funciona?<\/h4>\n<div id=\"elementor-tab-content-1941\" class=\"elementor-tab-content elementor-clearfix elementor-active\" role=\"tabpanel\" data-tab=\"1\" aria-labelledby=\"elementor-tab-title-1941\">\n<p>Elaboramos os portf\u00f3lios, j\u00e1 deixamos prontos, nas normas da ABNT e conforme os requisitos da universidade. F\u00e1cil assim! O MELHOR \u00c9 QUE VOC\u00ca COMPRA E J\u00c1 BAIXA NA HORA O SEU ARQUIVO EM WORD! Sabemos que conciliar trabalho, fam\u00edlia, vida profissional e estudos \u00e9 dif\u00edcil hoje em dia, por isso, estamos aqui para ajudar voc\u00ea. Conte com nossa qualidade, experi\u00eancia e profissionalismo adquirindo seu portf\u00f3lio conosco. GARANTIMOS SEU CONCEITO!<\/p>\n<h4>Como se realizam os envios?<\/h4>\n<\/div>\n<\/div>\n<div class=\"elementor-toggle-item\">\n<div id=\"elementor-tab-content-1942\" class=\"elementor-tab-content elementor-clearfix elementor-active\" role=\"tabpanel\" data-tab=\"2\" aria-labelledby=\"elementor-tab-title-1942\">O seu trabalho \u00e9 disponibilizado pronto, respondido e nas normas j\u00e1 na mesma hora aqui em nosso site na sua \u00e1rea de downloads e tamb\u00e9m no seu e-mail.<\/div>\n<\/div>\n<div class=\"elementor-toggle-item\">\n<div id=\"elementor-tab-content-1943\" class=\"elementor-tab-content elementor-clearfix elementor-active\" role=\"tabpanel\" data-tab=\"3\" aria-labelledby=\"elementor-tab-title-1943\">\n<h4>Em quanto tempo recebo o portf\u00f3lio?<\/h4>\n<\/div>\n<\/div>\n<div class=\"elementor-toggle-item\">\n<div id=\"elementor-tab-content-1944\" class=\"elementor-tab-content elementor-clearfix elementor-active\" role=\"tabpanel\" data-tab=\"4\" aria-labelledby=\"elementor-tab-title-1944\">\n<p>Os envios s\u00e3o imediatos. Ap\u00f3s sua compra, o trabalho j\u00e1 \u00e9 disponibilizado instantaneamente aqui em nosso site e no seu e-mail.<\/p>\n<h4>E se o portf\u00f3lio que comprei precisar de corre\u00e7\u00e3o?<\/h4>\n<\/div>\n<\/div>\n<div class=\"elementor-toggle-item\">\n<div id=\"elementor-tab-content-1945\" class=\"elementor-tab-content elementor-clearfix elementor-active\" role=\"tabpanel\" data-tab=\"5\" aria-labelledby=\"elementor-tab-title-1945\">\n<p>Caso haja alguma solicita\u00e7\u00e3o de corre\u00e7\u00e3o\/altera\u00e7\u00e3o por parte do tutor, basta entrar em contato conosco pelo\u00a0WhatsApp\u00a0que provid\u00eanciaremos sem custo algum.<\/p>\n<h4>Qual o formato do arquivo?<\/h4>\n<\/div>\n<\/div>\n<div class=\"elementor-toggle-item\">\n<div id=\"elementor-tab-content-1946\" class=\"elementor-tab-content elementor-clearfix elementor-active\" role=\"tabpanel\" data-tab=\"6\" aria-labelledby=\"elementor-tab-title-1946\">\n<p>Os arquivos s\u00e3o enviados em formato Word e s\u00e3o edit\u00e1veis.<\/p>\n<h4>Caso eu tiver alguma d\u00favida, terei suporte no p\u00f3s venda?<\/h4>\n<\/div>\n<\/div>\n<div class=\"elementor-toggle-item\">\n<div id=\"elementor-tab-content-1948\" class=\"elementor-tab-content elementor-clearfix elementor-active\" role=\"tabpanel\" data-tab=\"8\" aria-labelledby=\"elementor-tab-title-1948\">\n<p>Sim, com certeza. Basta clicar no \u00edcone do WhatsApp no cantinho da tela. Ser\u00e1 um prazer atend\u00ea-lo(a).<\/p>\n<div class=\"elementor-toggle-item\">\n<div id=\"elementor-tab-content-1948\" class=\"elementor-tab-content elementor-clearfix elementor-active\" role=\"tabpanel\" data-tab=\"8\" aria-labelledby=\"elementor-tab-title-1948\">\n<h4>Quais os seus canais de contato?<\/h4>\n<\/div>\n<\/div>\n<div class=\"elementor-toggle-item\">\n<div id=\"elementor-tab-content-1949\" class=\"elementor-tab-content elementor-clearfix elementor-active\" role=\"tabpanel\" data-tab=\"9\" aria-labelledby=\"elementor-tab-title-1949\">\n<p>Whatsapp: 53 984751621 \u2013 Clicar no canto da tela ou ESCANEIE O QRCODE ABAIXO<\/p>\n<h4><img decoding=\"async\" class=\"alignnone wp-image-13699 jetpack-lazy-image jetpack-lazy-image--handled\" src=\"https:\/\/i0.wp.com\/portifolioos-prontos.com\/wp-content\/uploads\/2023\/02\/whatsapp-business-projeto-de-extensao-300x300.jpeg?resize=144%2C144\" sizes=\"(max-width: 144px) 100vw, 144px\" srcset=\"https:\/\/i0.wp.com\/portifolioos-prontos.com\/wp-content\/uploads\/2023\/02\/whatsapp-business-projeto-de-extensao.jpeg?resize=300%2C301&amp;ssl=1 300w, https:\/\/i0.wp.com\/portifolioos-prontos.com\/wp-content\/uploads\/2023\/02\/whatsapp-business-projeto-de-extensao.jpeg?resize=150%2C150&amp;ssl=1 150w, https:\/\/i0.wp.com\/portifolioos-prontos.com\/wp-content\/uploads\/2023\/02\/whatsapp-business-projeto-de-extensao.jpeg?resize=370%2C372&amp;ssl=1 370w, https:\/\/i0.wp.com\/portifolioos-prontos.com\/wp-content\/uploads\/2023\/02\/whatsapp-business-projeto-de-extensao.jpeg?resize=100%2C100&amp;ssl=1 100w, https:\/\/i0.wp.com\/portifolioos-prontos.com\/wp-content\/uploads\/2023\/02\/whatsapp-business-projeto-de-extensao.jpeg?w=470&amp;ssl=1 470w\" alt=\"projeto de extens\u00e3o unopar\" width=\"144\" height=\"144\" data-lazy-loaded=\"1\" \/><\/h4>\n<\/div>\n<\/div>\n<\/div>\n<\/div>\n<div class=\"elementor-toggle-item\">\n<div id=\"elementor-tab-content-1949\" class=\"elementor-tab-content elementor-clearfix elementor-active\" role=\"tabpanel\" data-tab=\"9\" aria-labelledby=\"elementor-tab-title-1949\">\n<p>E-mail:portifoliosp@gmail.com<\/p>\n<div id=\"attachment_143\" class=\"wp-caption alignnone\">\n<div id=\"attachment_143\" class=\"wp-caption alignnone\" style=\"width: 70px;\">\n<p><a href=\"http:\/\/portifolioos-prontos.com\/\"><img decoding=\"async\" class=\"wp-image-143 jetpack-lazy-image jetpack-lazy-image--handled\" title=\"portfolio pronto unopar\" src=\"https:\/\/i0.wp.com\/portifolioos-prontos.com\/wp-content\/uploads\/2022\/04\/conceitomaximo.png?resize=161%2C46\" alt=\"PORTFOLIO PRONTO UNOPAR ANHANGUERA\" width=\"70\" height=\"20\" aria-describedby=\"caption-attachment-143\" data-lazy-loaded=\"1\" \/><\/a><\/p>\n<p id=\"caption-attachment-143\" class=\"wp-caption-text\">Portf\u00f3lio em Word, respondido, completo e j\u00e1 nas normas.<\/p>\n<\/div>\n<\/div>\n<\/div>\n<\/div>\n","protected":false},"excerpt":{"rendered":"<div class=\"product-short-description\">\n<h5><strong>Pague pelo PIX ou cart\u00e3o e fa\u00e7a o download agora mesmo.<\/strong><\/h5>\n<\/div>\n<div class=\"sticky-add-to-cart-wrapper\">\n<div class=\"sticky-add-to-cart\">\n<div class=\"quantity buttons_added form-flat\"><img decoding=\"async\" class=\"alignnone wp-image-761\" src=\"http:\/\/portifolioos-prontos.com\/wp-content\/uploads\/2022\/04\/PIX-300x107.webp\" alt=\"\" width=\"78\" height=\"28\" \/>\u00a0\u00a0<img loading=\"lazy\" decoding=\"async\" class=\"\" src=\"https:\/\/d26lpennugtm8s.cloudfront.net\/assets\/common\/img\/logos\/payment\/visa@2x.png\" width=\"46\" height=\"29\" \/><img loading=\"lazy\" decoding=\"async\" class=\"\" src=\"https:\/\/d26lpennugtm8s.cloudfront.net\/assets\/common\/img\/logos\/payment\/boleto@2x.png\" width=\"43\" height=\"27\" \/><img loading=\"lazy\" decoding=\"async\" class=\"\" src=\"https:\/\/d26lpennugtm8s.cloudfront.net\/assets\/common\/img\/logos\/payment\/mastercard@2x.png\" width=\"43\" height=\"27\" \/><img loading=\"lazy\" decoding=\"async\" class=\"\" src=\"https:\/\/d26lpennugtm8s.cloudfront.net\/assets\/common\/img\/logos\/payment\/amex@2x.png\" width=\"43\" height=\"27\" \/><img loading=\"lazy\" decoding=\"async\" class=\"\" src=\"https:\/\/d26lpennugtm8s.cloudfront.net\/assets\/common\/img\/logos\/payment\/diners@2x.png\" width=\"46\" height=\"29\" \/><img loading=\"lazy\" decoding=\"async\" class=\"\" src=\"https:\/\/d26lpennugtm8s.cloudfront.net\/assets\/common\/img\/logos\/payment\/br\/elo@2x.png\" width=\"45\" height=\"28\" \/><img loading=\"lazy\" decoding=\"async\" class=\"\" src=\"https:\/\/d26lpennugtm8s.cloudfront.net\/assets\/common\/img\/logos\/payment\/br\/hipercard@2x.png\" width=\"44\" height=\"28\" \/><img loading=\"lazy\" decoding=\"async\" class=\"\" src=\"https:\/\/d26lpennugtm8s.cloudfront.net\/assets\/common\/img\/logos\/payment\/mercadopago@2x.png\" width=\"45\" height=\"28\" \/><\/div>\n<\/div>\n<\/div>\n","protected":false},"featured_media":23171,"template":"","meta":{"_seopress_robots_primary_cat":"none","_seopress_titles_title":"%%post_title%% %%sitetitle%%","_seopress_titles_desc":"%%post_content%%","_seopress_robots_index":""},"product_cat":[15],"product_tag":[],"class_list":{"0":"post-23168","1":"product","2":"type-product","3":"status-publish","4":"has-post-thumbnail","6":"product_cat-uncategorized","8":"first","9":"instock","10":"downloadable","11":"virtual","12":"purchasable","13":"product-type-simple","14":"col-xs-6 col-sm-4","15":"col-mf-5","16":"un-5-cols"},"jetpack_sharing_enabled":true,"_links":{"self":[{"href":"https:\/\/portifolioos-prontos.com\/index.php\/wp-json\/wp\/v2\/product\/23168","targetHints":{"allow":["GET"]}}],"collection":[{"href":"https:\/\/portifolioos-prontos.com\/index.php\/wp-json\/wp\/v2\/product"}],"about":[{"href":"https:\/\/portifolioos-prontos.com\/index.php\/wp-json\/wp\/v2\/types\/product"}],"version-history":[{"count":1,"href":"https:\/\/portifolioos-prontos.com\/index.php\/wp-json\/wp\/v2\/product\/23168\/revisions"}],"predecessor-version":[{"id":47011,"href":"https:\/\/portifolioos-prontos.com\/index.php\/wp-json\/wp\/v2\/product\/23168\/revisions\/47011"}],"wp:featuredmedia":[{"embeddable":true,"href":"https:\/\/portifolioos-prontos.com\/index.php\/wp-json\/wp\/v2\/media\/23171"}],"wp:attachment":[{"href":"https:\/\/portifolioos-prontos.com\/index.php\/wp-json\/wp\/v2\/media?parent=23168"}],"wp:term":[{"taxonomy":"product_cat","embeddable":true,"href":"https:\/\/portifolioos-prontos.com\/index.php\/wp-json\/wp\/v2\/product_cat?post=23168"},{"taxonomy":"product_tag","embeddable":true,"href":"https:\/\/portifolioos-prontos.com\/index.php\/wp-json\/wp\/v2\/product_tag?post=23168"}],"curies":[{"name":"wp","href":"https:\/\/api.w.org\/{rel}","templated":true}]}}