{"id":23182,"date":"2024-02-09T15:43:17","date_gmt":"2024-02-09T18:43:17","guid":{"rendered":"https:\/\/portifolioos-prontos.com\/?post_type=product&#038;p=23182"},"modified":"2026-03-02T16:34:09","modified_gmt":"2026-03-02T19:34:09","slug":"atividade-pratica-praticas-secretariais-2","status":"publish","type":"product","link":"https:\/\/portifolioos-prontos.com\/index.php\/product\/atividade-pratica-praticas-secretariais-2\/","title":{"rendered":"Atividade Pr\u00e1tica Pr\u00e1ticas Secretariais"},"content":{"rendered":"<h3>Atividade Pr\u00e1tica Pr\u00e1ticas Secretariais<\/h3>\n<hr \/>\n<p><strong>ROTEIRO DE ATIVIDADE PR\u00c1TICA<\/strong><br \/>\n<strong>NOME DA DISCIPLINA: Pr\u00e1ticas Secretariais<\/strong><br \/>\n<strong>OBJETIVOS<\/strong><br \/>\nDefini\u00e7\u00e3o dos objetivos da aula pr\u00e1tica:<br \/>\nA proposta desta aula pr\u00e1tica est\u00e1 amparada nos seguintes objetivos:<br \/>\n&#8211; refletir sobre o perfil profissiogr\u00e1fico de um secret\u00e1rio;<br \/>\n&#8211; explorar os estere\u00f3tipos que recobrem a imagem de secret\u00e1rios; e<br \/>\n&#8211; compreender os aspectos constitutivos da identidade do profissional de secretariado.<\/p>\n<hr \/>\n<p><strong>INFRAESTRUTURA<\/strong><br \/>\nInstala\u00e7\u00f5es:<br \/>\nComputador com acesso \u00e0 internet e ao ambiente virtual.<br \/>\nMateriais de consumo:<br \/>\nDescri\u00e7\u00e3o<br \/>\nQuatid. de materiais por<br \/>\nprocedimento\/atividade<br \/>\nNSA NSA<br \/>\nSoftware:<br \/>\nSim ( ) N\u00e3o ( X )<br \/>\nEm caso afirmativo, qual?<br \/>\nPago ( ) N\u00e3o Pago ( )<br \/>\nTipo de Licen\u00e7a: NSA<br \/>\nDescri\u00e7\u00e3o do software:<br \/>\nNSA<br \/>\nEquipamento de Prote\u00e7\u00e3o Individual (EPI):<br \/>\nNSA<\/p>\n<hr \/>\n<p><strong>PROCEDIMENTOS PR\u00c1TICOS<\/strong><br \/>\n<strong>Atividade proposta:<\/strong><br \/>\nComposi\u00e7\u00e3o da &#8220;imagem&#8221; de um secret\u00e1rio, considerando aspectos hist\u00f3ricos, sociais e<br \/>\nideol\u00f3gicos que recobrem a profiss\u00e3o.<br \/>\nProcedimentos para a realiza\u00e7\u00e3o da atividade:<br \/>\n1) Voc\u00ea dever\u00e1 pesquisar sobre o perfil profissiogr\u00e1fico de um secret\u00e1rio, ou seja, o conjunto<br \/>\nde caracter\u00edsticas desej\u00e1veis em um profissional da \u00e1rea, o que inclui as compet\u00eancias e<br \/>\nas habilidades requeridas no desenvolvimento da fun\u00e7\u00e3o. Para isso, poder\u00e1 partir de<br \/>\nreflex\u00f5es como estas:<br \/>\nOs profissionais de secretariado \u201c[&#8230;] buscam ferramentas para administrar eficazmente o<br \/>\ntempo; aplicam as fun\u00e7\u00f5es gerenciais (planejamento, organiza\u00e7\u00e3o, controle e dire\u00e7\u00e3o); d\u00e3o<br \/>\n\u00eanfase ao relacionamento com os clientes (internos e externos); valorizam os princ\u00edpios de<br \/>\num sistema de comunica\u00e7\u00e3o; possuem habilidade para o trabalho em equipe na busca de<br \/>\nsinergia; resolvem problemas inerentes ao seu trabalho, melhorando a qualidade e a<br \/>\nprodutividade dos servi\u00e7os; procuram obter uma vis\u00e3o geral da cultura da organiza\u00e7\u00e3o;<br \/>\nconhecem e aplicam elementos de psicologia, cultivando a habilidade nas rela\u00e7\u00f5es<br \/>\npessoais, ou seja, habilidade no trato das pessoas, respeitando suas diferen\u00e7as individuais<br \/>\ne as diversas situa\u00e7\u00f5es que as envolvem; assim como habilidade e capacidade para<br \/>\nperceber a necessidade constante de aperfei\u00e7oamento profissional, acompanhando a<br \/>\nevolu\u00e7\u00e3o cient\u00edfica e tecnol\u00f3gica.\u201d<br \/>\nA conquista de um cargo na \u00e1rea de secretariado \u201cse d\u00e1 com a\u00e7\u00f5es, atitudes, postura<br \/>\nassertiva e proativa, qualidade no assessoramento \u00e0 empresa e a toda equipe gerencial. A<br \/>\nponte para galgar o posto \u00e9 formada por capacita\u00e7\u00e3o espec\u00edfica, aprendizagem<br \/>\npermanente e a\u00e7\u00f5es de iniciativa, que se tornam vis\u00edveis atrav\u00e9s de resultados no<br \/>\nassessoramento di\u00e1rio.\u201d<br \/>\n(CARVALHO, Antonio Pires de; GRISSON, Diller. Manual de secretariado executivo. S\u00e3o Paulo: Difus\u00e3o Cultural<br \/>\ndo Livro Ltda., 2002. p. 452; 473.)<br \/>\n2) Na sequ\u00eancia, voc\u00ea dever\u00e1 pesquisar sobre como secret\u00e1rios s\u00e3o comumente<br \/>\nrepresentados socialmente, especialmente na m\u00eddia. Assim, dever\u00e1 realizar uma pesquisa<br \/>\nna internet, de modo a localizar exemplos (reportagens, textos, imagens, v\u00eddeos, etc.) que<br \/>\nse baseiem na representa\u00e7\u00e3o de secret\u00e1rios.<br \/>\n3) A partir dos exemplos coletados, voc\u00ea dever\u00e1 proceder a um levantamento das marcas<br \/>\nrecorrentes nessas representa\u00e7\u00f5es, identificando se tais aspectos revelam, de fato, a<br \/>\ness\u00eancia do profissional de secretariado a partir de sua forma\u00e7\u00e3o t\u00e9cnica, ou se expressam<br \/>\nconcep\u00e7\u00f5es pr\u00e9-estabelecidas, isto \u00e9, estere\u00f3tipos do profissional (como a ideia de que<br \/>\nsecret\u00e1rios \u201cs\u00f3 atendem a telefonemas\u201d ou \u201cs\u00f3 cuidam de agendas\u201d).<br \/>\n4) Ap\u00f3s o levantamento de tais informa\u00e7\u00f5es, voc\u00ea dever\u00e1 elaborar um perfil profissiogr\u00e1fico<br \/>\nrequerido para a empregabilidade do profissional na sua regi\u00e3o, ressaltando os aspectos<br \/>\nque julgar mais relevantes para a identifica\u00e7\u00e3o da fun\u00e7\u00e3o em tr\u00eas categorias distintas:<br \/>\nhabilidades cognitivas, habilidades t\u00e9cnicas e habilidades comportamentais. Voc\u00ea poder\u00e1,<br \/>\nse desejar, conversar com profissionais da \u00e1rea ou de recursos humanos.<br \/>\n5) Ap\u00f3s o processo, voc\u00ea dever\u00e1 postar o material, contendo:<br \/>\na) Introdu\u00e7\u00e3o: Apresenta\u00e7\u00e3o dos objetivos da pr\u00e1tica.<br \/>\nb) Desenvolvimento:<br \/>\n\u2022 Apresenta\u00e7\u00e3o da pesquisa sobre o perfil do profissional de secretariado.<br \/>\n\u2022 Apresenta\u00e7\u00e3o dos estere\u00f3tipos relacionados ao profissional.<br \/>\n\u2022 Apresenta\u00e7\u00e3o do perfil profissiogr\u00e1fico elaborado.<br \/>\nc) Conclus\u00e3o: Para a finaliza\u00e7\u00e3o do texto, deve ser feita uma retomada do tema com a<br \/>\ns\u00edntese de seu posicionamento em rela\u00e7\u00e3o \u00e0 discuss\u00e3o proposta.<br \/>\n<strong>Checklist:<\/strong><br \/>\nPrincipais etapas para a completude da aula pr\u00e1tica:<br \/>\n&#8211; Reflex\u00e3o sobre o perfil profissiogr\u00e1fico do profissional de secretariado.<br \/>\n&#8211; Pesquisa de exemplos de representa\u00e7\u00f5es de secret\u00e1rios.<br \/>\n&#8211; An\u00e1lise dos exemplos, considerando representa\u00e7\u00f5es ideais ou estereotipadas.<br \/>\n&#8211; Elabora\u00e7\u00e3o do perfil profissiogr\u00e1fico do profissional de secretariado.<\/p>\n<hr \/>\n<p><strong>RESULTADOS<\/strong><br \/>\nResultados da aula pr\u00e1tica:<br \/>\nVoc\u00ea ter\u00e1 conhecimento sobre o perfil de um profissional de secretariado, as compet\u00eancias e<br \/>\nas habilidades requeridas no desenvolvimento da fun\u00e7\u00e3o<\/p>\n<div class=\"elementor-toggle-item\">\n<div class=\"elementor-toggle-item\">\n<p id=\"elementor-tab-title-1941\" class=\"elementor-tab-title elementor-active\" tabindex=\"0\" role=\"tab\" data-tab=\"1\" aria-controls=\"elementor-tab-content-1941\" aria-expanded=\"true\" aria-selected=\"true\"><strong>Como funciona?<\/strong><\/p>\n<p>Elaboramos os portf\u00f3lios, j\u00e1 deixamos prontos, nas normas da ABNT e conforme os requisitos da universidade. F\u00e1cil assim! O MELHOR \u00c9 QUE VOC\u00ca COMPRA E J\u00c1 BAIXA NA HORA O SEU ARQUIVO EM WORD! Sabemos que conciliar trabalho, fam\u00edlia, vida profissional e estudos \u00e9 dif\u00edcil hoje em dia, por isso, estamos aqui para ajudar voc\u00ea. Conte com nossa qualidade, experi\u00eancia e profissionalismo adquirindo seu portf\u00f3lio conosco. GARANTIMOS SEU CONCEITO!<\/p>\n<p><strong>Como se realizam os envios?<\/strong><\/p>\n<\/div>\n<p id=\"elementor-tab-content-1942\" class=\"elementor-tab-content elementor-clearfix elementor-active\" role=\"tabpanel\" data-tab=\"2\" aria-labelledby=\"elementor-tab-title-1942\">O seu trabalho \u00e9 disponibilizado pronto, respondido e nas normas j\u00e1 na mesma hora aqui em nosso site na sua \u00e1rea de downloads e tamb\u00e9m no seu e-mail.<\/p>\n<p><strong>Em quanto tempo recebo o portf\u00f3lio?<\/strong><\/p>\n<p>Os envios s\u00e3o imediatos. Ap\u00f3s sua compra, o trabalho j\u00e1 \u00e9 disponibilizado instantaneamente aqui em nosso site e no seu e-mail.<\/p>\n<p><strong>E se o portf\u00f3lio que comprei precisar de corre\u00e7\u00e3o?<\/strong><\/p>\n<p>Caso haja alguma solicita\u00e7\u00e3o de corre\u00e7\u00e3o\/altera\u00e7\u00e3o por parte do tutor, basta entrar em contato conosco pelo\u00a0WhatsApp\u00a0que provid\u00eanciaremos sem custo algum.<\/p>\n<p><strong>Qual o formato do arquivo?<\/strong><\/p>\n<p>Os arquivos s\u00e3o enviados em formato Word e s\u00e3o edit\u00e1veis.<\/p>\n<p><strong>Caso eu tiver alguma d\u00favida, terei suporte no p\u00f3s venda?<\/strong><\/p>\n<p>Sim, com certeza. Basta clicar no \u00edcone do WhatsApp no cantinho da tela. Ser\u00e1 um prazer atend\u00ea-lo(a).<\/p>\n<div id=\"elementor-tab-content-1948\" class=\"elementor-tab-content elementor-clearfix elementor-active\" role=\"tabpanel\" data-tab=\"8\" aria-labelledby=\"elementor-tab-title-1948\">\n<p><strong>Quais os seus canais de contato?<\/strong><\/p>\n<\/div>\n<div id=\"elementor-tab-content-1949\" class=\"elementor-tab-content elementor-clearfix elementor-active\" role=\"tabpanel\" data-tab=\"9\" aria-labelledby=\"elementor-tab-title-1949\">\n<p>Whatsapp: 53 984751621 \u2013 Clicar no canto da tela ou ESCANEIE O QRCODE ABAIXO<\/p>\n<h4><img decoding=\"async\" class=\"alignnone wp-image-13699 jetpack-lazy-image jetpack-lazy-image--handled\" src=\"https:\/\/i0.wp.com\/portifolioos-prontos.com\/wp-content\/uploads\/2023\/02\/whatsapp-business-projeto-de-extensao-300x300.jpeg?resize=144%2C144\" sizes=\"(max-width: 144px) 100vw, 144px\" srcset=\"https:\/\/i0.wp.com\/portifolioos-prontos.com\/wp-content\/uploads\/2023\/02\/whatsapp-business-projeto-de-extensao.jpeg?resize=300%2C301&amp;ssl=1 300w, https:\/\/i0.wp.com\/portifolioos-prontos.com\/wp-content\/uploads\/2023\/02\/whatsapp-business-projeto-de-extensao.jpeg?resize=150%2C150&amp;ssl=1 150w, https:\/\/i0.wp.com\/portifolioos-prontos.com\/wp-content\/uploads\/2023\/02\/whatsapp-business-projeto-de-extensao.jpeg?resize=370%2C372&amp;ssl=1 370w, https:\/\/i0.wp.com\/portifolioos-prontos.com\/wp-content\/uploads\/2023\/02\/whatsapp-business-projeto-de-extensao.jpeg?resize=100%2C100&amp;ssl=1 100w, https:\/\/i0.wp.com\/portifolioos-prontos.com\/wp-content\/uploads\/2023\/02\/whatsapp-business-projeto-de-extensao.jpeg?w=470&amp;ssl=1 470w\" alt=\"projeto de extens\u00e3o unopar\" width=\"144\" height=\"144\" data-lazy-loaded=\"1\" \/><\/h4>\n<\/div>\n<div class=\"elementor-toggle-item\">\n<div id=\"elementor-tab-content-1949\" class=\"elementor-tab-content elementor-clearfix elementor-active\" role=\"tabpanel\" data-tab=\"9\" aria-labelledby=\"elementor-tab-title-1949\">\n<p>E-mail:portifoliosp@gmail.com<\/p>\n<div id=\"attachment_143\" class=\"wp-caption alignnone\">\n<div id=\"attachment_143\" class=\"wp-caption alignnone\">\n<p id=\"caption-attachment-143\" class=\"wp-caption-text\"><a href=\"http:\/\/portfolio-pronto.com\/\">Portf\u00f3lio<\/a>\u00a0em Word, respondido, completo e j\u00e1 nas normas<\/p>\n<\/div>\n<\/div>\n<\/div>\n<\/div>\n<\/div>\n","protected":false},"excerpt":{"rendered":"<div class=\"product-short-description\">\n<div class=\"product-short-description\">\n<p><strong>Pague pelo PIX ou cart\u00e3o e fa\u00e7a o download agora mesmo.<\/strong><\/p>\n<\/div>\n<div class=\"sticky-add-to-cart-wrapper\">\n<div class=\"sticky-add-to-cart\">\n<p class=\"quantity buttons_added form-flat\"><img decoding=\"async\" class=\"lazyloaded smush-image-5 smush-image-3 smush-image-4 smush-detected-img smush-image-bigger-3\" src=\"https:\/\/d26lpennugtm8s.cloudfront.net\/assets\/common\/img\/logos\/payment\/visa@2x.png\" width=\"46\" height=\"29\" data-src=\"https:\/\/d26lpennugtm8s.cloudfront.net\/assets\/common\/img\/logos\/payment\/visa@2x.png\" \/><img decoding=\"async\" class=\"lazyloaded smush-image-6 smush-image-4 smush-image-5 smush-detected-img smush-image-bigger-4\" src=\"https:\/\/d26lpennugtm8s.cloudfront.net\/assets\/common\/img\/logos\/payment\/boleto@2x.png\" width=\"43\" height=\"27\" data-src=\"https:\/\/d26lpennugtm8s.cloudfront.net\/assets\/common\/img\/logos\/payment\/boleto@2x.png\" \/><img loading=\"lazy\" decoding=\"async\" class=\"lazyloaded smush-image-7 smush-image-5 smush-image-6 smush-detected-img smush-image-bigger-5\" src=\"https:\/\/d26lpennugtm8s.cloudfront.net\/assets\/common\/img\/logos\/payment\/mastercard@2x.png\" width=\"43\" height=\"27\" data-src=\"https:\/\/d26lpennugtm8s.cloudfront.net\/assets\/common\/img\/logos\/payment\/mastercard@2x.png\" \/><img loading=\"lazy\" decoding=\"async\" class=\"lazyloaded smush-image-8 smush-image-6 smush-image-7 smush-detected-img smush-image-bigger-6\" src=\"https:\/\/d26lpennugtm8s.cloudfront.net\/assets\/common\/img\/logos\/payment\/amex@2x.png\" width=\"43\" height=\"27\" data-src=\"https:\/\/d26lpennugtm8s.cloudfront.net\/assets\/common\/img\/logos\/payment\/amex@2x.png\" \/><img loading=\"lazy\" decoding=\"async\" class=\"lazyloaded smush-image-9 smush-image-7 smush-image-8 smush-detected-img smush-image-bigger-7\" src=\"https:\/\/d26lpennugtm8s.cloudfront.net\/assets\/common\/img\/logos\/payment\/diners@2x.png\" width=\"46\" height=\"29\" data-src=\"https:\/\/d26lpennugtm8s.cloudfront.net\/assets\/common\/img\/logos\/payment\/diners@2x.png\" \/><img loading=\"lazy\" decoding=\"async\" class=\"lazyloaded smush-image-10 smush-image-8 smush-image-9 alignnone smush-detected-img smush-image-bigger-8\" src=\"https:\/\/d26lpennugtm8s.cloudfront.net\/assets\/common\/img\/logos\/payment\/br\/elo@2x.png\" alt=\"portf\u00f3lio unopar anhanguera\" width=\"45\" height=\"28\" data-src=\"https:\/\/d26lpennugtm8s.cloudfront.net\/assets\/common\/img\/logos\/payment\/br\/elo@2x.png\" \/><img loading=\"lazy\" decoding=\"async\" class=\"lazyloaded smush-image-11 smush-image-9 smush-image-10 alignnone smush-detected-img smush-image-bigger-9\" src=\"https:\/\/d26lpennugtm8s.cloudfront.net\/assets\/common\/img\/logos\/payment\/br\/hipercard@2x.png\" alt=\"portf\u00f3lio unopar anhanguera\" width=\"44\" height=\"28\" data-src=\"https:\/\/d26lpennugtm8s.cloudfront.net\/assets\/common\/img\/logos\/payment\/br\/hipercard@2x.png\" \/><img loading=\"lazy\" decoding=\"async\" class=\"lazyloaded smush-image-12 smush-image-10 smush-image-11 alignnone smush-detected-img smush-image-bigger-10\" src=\"https:\/\/d26lpennugtm8s.cloudfront.net\/assets\/common\/img\/logos\/payment\/mercadopago@2x.png\" alt=\"portf\u00f3lio unopar anhanguera\" width=\"45\" height=\"28\" data-src=\"https:\/\/d26lpennugtm8s.cloudfront.net\/assets\/common\/img\/logos\/payment\/mercadopago@2x.png\" \/><\/p>\n<\/div>\n<\/div>\n<\/div>\n","protected":false},"featured_media":23185,"template":"","meta":{"_seopress_robots_primary_cat":"none","_seopress_titles_title":"%%post_title%% %%sitetitle%%","_seopress_titles_desc":"%%post_content%%","_seopress_robots_index":""},"product_cat":[77,15],"product_tag":[],"class_list":{"0":"post-23182","1":"product","2":"type-product","3":"status-publish","4":"has-post-thumbnail","6":"product_cat-secretariado","7":"product_cat-uncategorized","9":"first","10":"instock","11":"downloadable","12":"virtual","13":"purchasable","14":"product-type-simple","15":"col-xs-6 col-sm-4","16":"col-mf-5","17":"un-5-cols"},"jetpack_sharing_enabled":true,"_links":{"self":[{"href":"https:\/\/portifolioos-prontos.com\/index.php\/wp-json\/wp\/v2\/product\/23182","targetHints":{"allow":["GET"]}}],"collection":[{"href":"https:\/\/portifolioos-prontos.com\/index.php\/wp-json\/wp\/v2\/product"}],"about":[{"href":"https:\/\/portifolioos-prontos.com\/index.php\/wp-json\/wp\/v2\/types\/product"}],"version-history":[{"count":2,"href":"https:\/\/portifolioos-prontos.com\/index.php\/wp-json\/wp\/v2\/product\/23182\/revisions"}],"predecessor-version":[{"id":49796,"href":"https:\/\/portifolioos-prontos.com\/index.php\/wp-json\/wp\/v2\/product\/23182\/revisions\/49796"}],"wp:featuredmedia":[{"embeddable":true,"href":"https:\/\/portifolioos-prontos.com\/index.php\/wp-json\/wp\/v2\/media\/23185"}],"wp:attachment":[{"href":"https:\/\/portifolioos-prontos.com\/index.php\/wp-json\/wp\/v2\/media?parent=23182"}],"wp:term":[{"taxonomy":"product_cat","embeddable":true,"href":"https:\/\/portifolioos-prontos.com\/index.php\/wp-json\/wp\/v2\/product_cat?post=23182"},{"taxonomy":"product_tag","embeddable":true,"href":"https:\/\/portifolioos-prontos.com\/index.php\/wp-json\/wp\/v2\/product_tag?post=23182"}],"curies":[{"name":"wp","href":"https:\/\/api.w.org\/{rel}","templated":true}]}}