{"id":23224,"date":"2024-02-13T17:29:54","date_gmt":"2024-02-13T20:29:54","guid":{"rendered":"https:\/\/portifolioos-prontos.com\/?post_type=product&#038;p=23224"},"modified":"2025-05-02T13:20:41","modified_gmt":"2025-05-02T16:20:41","slug":"atividade-pratica-desenho-de-observacao","status":"publish","type":"product","link":"https:\/\/portifolioos-prontos.com\/index.php\/product\/atividade-pratica-desenho-de-observacao\/","title":{"rendered":"Atividade pr\u00e1tica Desenho de observa\u00e7\u00e3o"},"content":{"rendered":"<p>Atividade pr\u00e1tica Desenho de observa\u00e7\u00e3o<\/p>\n<hr \/>\n<p>OBJETIVOS<br \/>\nA proposta desta atividade pr\u00e1tica est\u00e1 amparada nos seguintes objetivos:<br \/>\n\u2013 Exercitar a pr\u00e1tica do desenho a partir do fundamentos e atitudes para o desenho;<br \/>\n\u2013 Explorar representa\u00e7\u00e3o da forma, volume e propor\u00e7\u00e3o no desenho;<br \/>\n\u2013 Compreender a representa\u00e7\u00e3o do espa\u00e7o tridimensional no desenho.<br \/>\nRECURSOS<br \/>\n\u2013 L\u00e1pis 2B\/ l\u00e1pis 6B\/ Folhas brancas de papel sulfite A4 \/ Prancheta para desenho\/<br \/>\nMesa de apoio\/ tinta guache\/ pinc\u00e9is\/ god\u00ea.<br \/>\n\u2013 Computador com acesso \u00e0 internet e ao ambiente virtual.<br \/>\nPROCEDIMENTOS PR\u00c1TICOS<br \/>\nAtividade proposta<br \/>\nDesenho de um conjunto de objetos dispostos conjuntamente sobre uma mesa, de<br \/>\nacordo com a propor\u00e7\u00e3o correta.<br \/>\nProcedimentos para a realiza\u00e7\u00e3o da atividade<br \/>\n1)\u00a0Nesta atividade, voc\u00ea realizar\u00e1 um desenho de objetos comuns, de uso di\u00e1rio,<br \/>\ndispostos conjuntamente sobre uma mesa. Mas \u00e9 importante que eles obede\u00e7am a<br \/>\nrela\u00e7\u00e3o de tamanhos comparativos entre eles, ou seja, sua propor\u00e7\u00e3o.<br \/>\n2) E o que \u00e9 a propor\u00e7\u00e3o?<br \/>\n\u201cA proporc\u0327a\u0303o e\u0301 a relac\u0327a\u0303o comparativa entre duas coisas no que se refere ao tamanho, a\u0300 quantidade ou ao peso. Os me\u0301dicos, por exemplo<a href=\"http:\/\/portfoliooead.com.br\/\">,<\/a>\u00a0calculam o peso ideal<br \/>\nde uma pessoa em relac\u0327a\u0303o a\u0300 sua altura. Nos desenhos, a proporc\u0327a\u0303o geralmente se<br \/>\nrefere ao tamanho relativo e costuma ser utilizada para comparar as dimenso\u0303es exteriores (largura\/altura) de uma figura ou objeto, o tamanho relativo de suas partes<br \/>\nconstituintes, o tamanho de qualquer uma de suas partes em relac\u0327a\u0303o ao todo ou o<br \/>\ntamanho geral de uma figura ou objeto em comparac\u0327a\u0303o a\u0300 sua contraparte\u201d (CURTIS,<br \/>\nBrian. Desenho de observa\u00e7\u00e3o. Porto Alegre: Bookman, 2015, p. 77).<br \/>\n3) Escolha 5 ou 6 objetos de uso cotidiano, como copos, garrafas, talheres, vasos etc.<br \/>\nVoc\u00ea poder\u00e1 escolher os objetos similares (como 5 vasos), ou diferentes, tanto em<br \/>\nforma quanto em tamanho. Disponha-os pr\u00f3ximos da extremidade de uma mesa,<br \/>\nenquanto voc\u00ea se sentar\u00e1 na outra extremidade, com um campo de observa\u00e7\u00e3o em<br \/>\nperspectiva privilegiada;<br \/>\nDesenho de natureza morta. Fonte: Dispon\u00edvel em\u00a0<a href=\"https:\/\/is.gd\/qslIjH\" rel=\"nofollow\">https:\/\/is.gd\/qslIjH<\/a>\u00a0Acesso em 15 de Dezembro de<br \/>\n2021.<br \/>\n4) Para come\u00e7ar o desenho, observe a folha em que ser\u00e1 realizado o desenho e pense<br \/>\ncomo os objetos ser\u00e3o posicionados. A dificuldade desta etapa est\u00e1 principalmente<br \/>\nno fato de que os objetos s\u00e3o tridimensionais, mas o desenho deve traduz\u00ed-los para<br \/>\num suporte bidimensional.<br \/>\n5) Com o l\u00e1pis na m\u00e3o, na posi\u00e7\u00e3o vertical, estique seu bra\u00e7o e posicione visualmente<br \/>\nsua extremidade com a parte mais alta do objeto; com o dedo polegar, marque a<br \/>\nparte inferior do objeto. Repita a opera\u00e7\u00e3o com o l\u00e1pis na horizontal.<br \/>\nMedindo a propor\u00e7\u00e3o de um objeto. Fonte: Dispon\u00edvel em CURTIS, Brian. Desenho de observa\u00e7\u00e3o.<br \/>\nPorto Alegre: Bookman, 2015, p. 81.<br \/>\na) Transfira essas medidas realizadas visualmente para a folha. Desse modo a<br \/>\npropor\u00e7\u00e3o ficar\u00e1 correta. Ou seja, sua apar\u00eancia corresponder\u00e1 ao formato<br \/>\ncorreto do objeto, sem chances de aparentar ser mais alto ou mais largo do que<br \/>\nvoc\u00ea realmente v\u00ea;<br \/>\nb) A medida realizada com o l\u00e1pis \u00e9 exatamente a medida que voc\u00ea transferir\u00e1 para<br \/>\no papel;<br \/>\nc) Repita a mesma opera\u00e7\u00e3o para os demais objetos. O fato de voc\u00ea realizar a<br \/>\nmedi\u00e7\u00e3o com o bra\u00e7o sempre esticado e baseado na mesma premissa (que \u00e9<br \/>\nutilizar o l\u00e1pis na vertical e na horizontal para marcar as alturas e larguras),<br \/>\ngarante que a rela\u00e7\u00e3o de tamanhos relativos entre os objetos fique correta. Isso<br \/>\n\u00e9 a propor\u00e7\u00e3o.<br \/>\n6) Caso voc\u00ea tenha optado por colocar todos os objetos exatamente um ao lado do<br \/>\noutro, enfileirados, ser\u00e1 mais f\u00e1cil observar as rela\u00e7\u00f5es de propor\u00e7\u00e3o. Mas o<br \/>\ndesenho se torna mais interessante visualmente se voc\u00ea colocar esses objetos com<br \/>\ndist\u00e2ncias diferentes de voc\u00ea. Ou seja, alguns mais pr\u00f3ximos de seu olhar, outros<br \/>\num pouco mais atr\u00e1s, pois isso aumenta a profundidade de campo.<br \/>\na) Caso escolha esta segunda op\u00e7\u00e3o, aqueles objetos que estiverem mais<br \/>\npr\u00f3ximos de seu olhar ser\u00e3o posicionados mais abaixo na superf\u00edcie da folha.<br \/>\nb) Os objetos posicionados mais distantes ficar\u00e3o posicionados um pouco mais<br \/>\nacima na superf\u00edcie da folha.<br \/>\nObserve como a posi\u00e7\u00e3o dos objetos aumenta a profundidade de campo. Fonte: Dispon\u00edvel em<br \/>\nCURTIS, Brian. Desenho de observa\u00e7\u00e3o. Porto Alegre: Bookman, 2015, p. 94.<br \/>\n7) Fotografe seu desenho final e os objetos sobre a mesa, tal como estiverem<br \/>\ndispostos, para compor o arquivo que ser\u00e1 postado em seu ambiente AVA.<br \/>\nChecklist<br \/>\n\u2013 Escolha 5 ou objetos para desenhar e os posicione sobre uma mesa;<br \/>\n\u2013 Realize a medi\u00e7\u00e3o de propor\u00e7\u00e3o de cada um dos objetos com a ajuda de<br \/>\num l\u00e1pis;<br \/>\n\u2013 A posi\u00e7\u00e3o dos objetos determinar\u00e1 sua posi\u00e7\u00e3o na superf\u00edcie da folha;<br \/>\n\u2013 Fotografe os objetos e seu desenho e os insira em um arquivo formato<br \/>\nWord para postar em seu AVA.<br \/>\nRESULTADO<br \/>\nO trabalho dever\u00e1 ser entregue em arquivo Word atendendo as etapas de produ\u00e7\u00e3o e<br \/>\nutilizando os recursos solicitados no roteiro.<br \/>\n\u2022 O arquivo dever\u00e1 conter:<br \/>\n\u2022 Capa;<br \/>\n\u2022 Folha de rosto com os dados da disciplina e do aluno;<br \/>\n\u2022 Os resultados das atividades pr\u00e1ticas exigidas pelo roteiro;<br \/>\n\u2022 Refer\u00eancias bibliogr\u00e1ficas (quando houver).<\/p>\n<div class=\"elementor-toggle-item\">\n<h4 id=\"elementor-tab-title-1941\" class=\"elementor-tab-title elementor-active\" tabindex=\"0\" role=\"tab\" data-tab=\"1\" aria-controls=\"elementor-tab-content-1941\" aria-expanded=\"true\" aria-selected=\"true\">Como funciona?<\/h4>\n<div id=\"elementor-tab-content-1941\" class=\"elementor-tab-content elementor-clearfix elementor-active\" role=\"tabpanel\" data-tab=\"1\" aria-labelledby=\"elementor-tab-title-1941\">\n<p>Elaboramos os portf\u00f3lios, j\u00e1 deixamos prontos, nas normas da ABNT e conforme os requisitos da universidade. F\u00e1cil assim! O MELHOR \u00c9 QUE VOC\u00ca COMPRA E J\u00c1 BAIXA NA HORA O SEU ARQUIVO EM WORD! Sabemos que conciliar trabalho, fam\u00edlia, vida profissional e estudos \u00e9 dif\u00edcil hoje em dia, por isso, estamos aqui para ajudar voc\u00ea. Conte com nossa qualidade, experi\u00eancia e profissionalismo adquirindo seu portf\u00f3lio conosco. GARANTIMOS SEU CONCEITO!<\/p>\n<h4>Como se realizam os envios?<\/h4>\n<\/div>\n<\/div>\n<div class=\"elementor-toggle-item\">\n<div id=\"elementor-tab-content-1942\" class=\"elementor-tab-content elementor-clearfix elementor-active\" role=\"tabpanel\" data-tab=\"2\" aria-labelledby=\"elementor-tab-title-1942\">O seu trabalho \u00e9 disponibilizado pronto, respondido e nas normas j\u00e1 na mesma hora aqui em nosso site na sua \u00e1rea de downloads e tamb\u00e9m no seu e-mail.<\/div>\n<\/div>\n<div class=\"elementor-toggle-item\">\n<div id=\"elementor-tab-content-1943\" class=\"elementor-tab-content elementor-clearfix elementor-active\" role=\"tabpanel\" data-tab=\"3\" aria-labelledby=\"elementor-tab-title-1943\">\n<h4>Em quanto tempo recebo o portf\u00f3lio?<\/h4>\n<\/div>\n<\/div>\n<div class=\"elementor-toggle-item\">\n<div id=\"elementor-tab-content-1944\" class=\"elementor-tab-content elementor-clearfix elementor-active\" role=\"tabpanel\" data-tab=\"4\" aria-labelledby=\"elementor-tab-title-1944\">\n<p>Os envios s\u00e3o imediatos. Ap\u00f3s sua compra, o trabalho j\u00e1 \u00e9 disponibilizado instantaneamente aqui em nosso site e no seu e-mail.<\/p>\n<h4>E se o portf\u00f3lio que comprei precisar de corre\u00e7\u00e3o?<\/h4>\n<\/div>\n<\/div>\n<div class=\"elementor-toggle-item\">\n<div id=\"elementor-tab-content-1945\" class=\"elementor-tab-content elementor-clearfix elementor-active\" role=\"tabpanel\" data-tab=\"5\" aria-labelledby=\"elementor-tab-title-1945\">\n<p>Caso haja alguma solicita\u00e7\u00e3o de corre\u00e7\u00e3o\/altera\u00e7\u00e3o por parte do tutor, basta entrar em contato conosco pelo\u00a0WhatsApp\u00a0que provid\u00eanciaremos sem custo algum.<\/p>\n<h4>Qual o formato do arquivo?<\/h4>\n<\/div>\n<\/div>\n<div class=\"elementor-toggle-item\">\n<div id=\"elementor-tab-content-1946\" class=\"elementor-tab-content elementor-clearfix elementor-active\" role=\"tabpanel\" data-tab=\"6\" aria-labelledby=\"elementor-tab-title-1946\">\n<p>Os arquivos s\u00e3o enviados em formato Word e s\u00e3o edit\u00e1veis.<\/p>\n<h4>Caso eu tiver alguma d\u00favida, terei suporte no p\u00f3s venda?<\/h4>\n<\/div>\n<\/div>\n<div class=\"elementor-toggle-item\">\n<div id=\"elementor-tab-content-1948\" class=\"elementor-tab-content elementor-clearfix elementor-active\" role=\"tabpanel\" data-tab=\"8\" aria-labelledby=\"elementor-tab-title-1948\">\n<p>Sim, com certeza. Basta clicar no \u00edcone do WhatsApp no cantinho da tela. Ser\u00e1 um prazer atend\u00ea-lo(a).<\/p>\n<div class=\"elementor-toggle-item\">\n<div id=\"elementor-tab-content-1948\" class=\"elementor-tab-content elementor-clearfix elementor-active\" role=\"tabpanel\" data-tab=\"8\" aria-labelledby=\"elementor-tab-title-1948\">\n<h4>Quais os seus canais de contato?<\/h4>\n<\/div>\n<\/div>\n<div class=\"elementor-toggle-item\">\n<div id=\"elementor-tab-content-1949\" class=\"elementor-tab-content elementor-clearfix elementor-active\" role=\"tabpanel\" data-tab=\"9\" aria-labelledby=\"elementor-tab-title-1949\">\n<p>Whatsapp: 53 984751621 \u2013 Clicar no canto da tela ou ESCANEIE O QRCODE ABAIXO<\/p>\n<h4><img decoding=\"async\" class=\"alignnone wp-image-13699 jetpack-lazy-image jetpack-lazy-image--handled\" src=\"https:\/\/i0.wp.com\/portifolioos-prontos.com\/wp-content\/uploads\/2023\/02\/whatsapp-business-projeto-de-extensao-300x300.jpeg?resize=144%2C144\" sizes=\"(max-width: 144px) 100vw, 144px\" srcset=\"https:\/\/i0.wp.com\/portifolioos-prontos.com\/wp-content\/uploads\/2023\/02\/whatsapp-business-projeto-de-extensao.jpeg?resize=300%2C301&amp;ssl=1 300w, https:\/\/i0.wp.com\/portifolioos-prontos.com\/wp-content\/uploads\/2023\/02\/whatsapp-business-projeto-de-extensao.jpeg?resize=150%2C150&amp;ssl=1 150w, https:\/\/i0.wp.com\/portifolioos-prontos.com\/wp-content\/uploads\/2023\/02\/whatsapp-business-projeto-de-extensao.jpeg?resize=370%2C372&amp;ssl=1 370w, https:\/\/i0.wp.com\/portifolioos-prontos.com\/wp-content\/uploads\/2023\/02\/whatsapp-business-projeto-de-extensao.jpeg?resize=100%2C100&amp;ssl=1 100w, https:\/\/i0.wp.com\/portifolioos-prontos.com\/wp-content\/uploads\/2023\/02\/whatsapp-business-projeto-de-extensao.jpeg?w=470&amp;ssl=1 470w\" alt=\"projeto de extens\u00e3o unopar\" width=\"144\" height=\"144\" data-lazy-loaded=\"1\" \/><\/h4>\n<\/div>\n<\/div>\n<\/div>\n<\/div>\n<div class=\"elementor-toggle-item\">\n<div id=\"elementor-tab-content-1949\" class=\"elementor-tab-content elementor-clearfix elementor-active\" role=\"tabpanel\" data-tab=\"9\" aria-labelledby=\"elementor-tab-title-1949\">\n<p>E-mail:portifoliosp@gmail.com<\/p>\n<div id=\"attachment_143\" class=\"wp-caption alignnone\">\n<div id=\"attachment_143\" class=\"wp-caption alignnone\" style=\"width: 91px;\">\n<p><a href=\"http:\/\/portifolioos-prontos.com\/\"><img decoding=\"async\" class=\"wp-image-143 jetpack-lazy-image jetpack-lazy-image--handled\" title=\"portfolio pronto unopar\" src=\"https:\/\/i0.wp.com\/portifolioos-prontos.com\/wp-content\/uploads\/2022\/04\/conceitomaximo.png?resize=161%2C46\" alt=\"PORTFOLIO PRONTO UNOPAR ANHANGUERA\" width=\"91\" height=\"26\" aria-describedby=\"caption-attachment-143\" data-lazy-loaded=\"1\" \/><\/a><\/p>\n<p id=\"caption-attachment-143\" class=\"wp-caption-text\">Portf\u00f3lio em Word, respondido, completo e j\u00e1 nas normas.<\/p>\n<\/div>\n<\/div>\n<\/div>\n<\/div>\n","protected":false},"excerpt":{"rendered":"<div class=\"product-short-description\">\n<h5><strong>Pague pelo PIX ou cart\u00e3o e fa\u00e7a o download agora mesmo.<\/strong><\/h5>\n<\/div>\n<div class=\"sticky-add-to-cart-wrapper\">\n<div class=\"sticky-add-to-cart\">\n<div class=\"quantity buttons_added form-flat\"><img decoding=\"async\" class=\"alignnone wp-image-761\" src=\"http:\/\/portifolioos-prontos.com\/wp-content\/uploads\/2022\/04\/PIX-300x107.webp\" alt=\"\" width=\"78\" height=\"28\" \/>\u00a0\u00a0<img loading=\"lazy\" decoding=\"async\" class=\"\" src=\"https:\/\/d26lpennugtm8s.cloudfront.net\/assets\/common\/img\/logos\/payment\/visa@2x.png\" width=\"46\" height=\"29\" \/><img loading=\"lazy\" decoding=\"async\" class=\"\" src=\"https:\/\/d26lpennugtm8s.cloudfront.net\/assets\/common\/img\/logos\/payment\/boleto@2x.png\" width=\"43\" height=\"27\" \/><img loading=\"lazy\" decoding=\"async\" class=\"\" src=\"https:\/\/d26lpennugtm8s.cloudfront.net\/assets\/common\/img\/logos\/payment\/mastercard@2x.png\" width=\"43\" height=\"27\" \/><img loading=\"lazy\" decoding=\"async\" class=\"\" src=\"https:\/\/d26lpennugtm8s.cloudfront.net\/assets\/common\/img\/logos\/payment\/amex@2x.png\" width=\"43\" height=\"27\" \/><img loading=\"lazy\" decoding=\"async\" class=\"\" src=\"https:\/\/d26lpennugtm8s.cloudfront.net\/assets\/common\/img\/logos\/payment\/diners@2x.png\" width=\"46\" height=\"29\" \/><img loading=\"lazy\" decoding=\"async\" class=\"\" src=\"https:\/\/d26lpennugtm8s.cloudfront.net\/assets\/common\/img\/logos\/payment\/br\/elo@2x.png\" width=\"45\" height=\"28\" \/><img loading=\"lazy\" decoding=\"async\" class=\"\" src=\"https:\/\/d26lpennugtm8s.cloudfront.net\/assets\/common\/img\/logos\/payment\/br\/hipercard@2x.png\" width=\"44\" height=\"28\" \/><img loading=\"lazy\" decoding=\"async\" class=\"\" src=\"https:\/\/d26lpennugtm8s.cloudfront.net\/assets\/common\/img\/logos\/payment\/mercadopago@2x.png\" width=\"45\" height=\"28\" \/><\/div>\n<\/div>\n<\/div>\n","protected":false},"featured_media":23227,"template":"","meta":{"_seopress_robots_primary_cat":"none","_seopress_titles_title":"%%post_title%% %%sitetitle%%","_seopress_titles_desc":"%%post_content%%","_seopress_robots_index":""},"product_cat":[15],"product_tag":[],"class_list":{"0":"post-23224","1":"product","2":"type-product","3":"status-publish","4":"has-post-thumbnail","6":"product_cat-uncategorized","8":"first","9":"instock","10":"downloadable","11":"virtual","12":"purchasable","13":"product-type-simple","14":"col-xs-6 col-sm-4","15":"col-mf-5","16":"un-5-cols"},"jetpack_sharing_enabled":true,"_links":{"self":[{"href":"https:\/\/portifolioos-prontos.com\/index.php\/wp-json\/wp\/v2\/product\/23224","targetHints":{"allow":["GET"]}}],"collection":[{"href":"https:\/\/portifolioos-prontos.com\/index.php\/wp-json\/wp\/v2\/product"}],"about":[{"href":"https:\/\/portifolioos-prontos.com\/index.php\/wp-json\/wp\/v2\/types\/product"}],"version-history":[{"count":0,"href":"https:\/\/portifolioos-prontos.com\/index.php\/wp-json\/wp\/v2\/product\/23224\/revisions"}],"wp:featuredmedia":[{"embeddable":true,"href":"https:\/\/portifolioos-prontos.com\/index.php\/wp-json\/wp\/v2\/media\/23227"}],"wp:attachment":[{"href":"https:\/\/portifolioos-prontos.com\/index.php\/wp-json\/wp\/v2\/media?parent=23224"}],"wp:term":[{"taxonomy":"product_cat","embeddable":true,"href":"https:\/\/portifolioos-prontos.com\/index.php\/wp-json\/wp\/v2\/product_cat?post=23224"},{"taxonomy":"product_tag","embeddable":true,"href":"https:\/\/portifolioos-prontos.com\/index.php\/wp-json\/wp\/v2\/product_tag?post=23224"}],"curies":[{"name":"wp","href":"https:\/\/api.w.org\/{rel}","templated":true}]}}