{"id":23254,"date":"2024-02-13T17:50:16","date_gmt":"2024-02-13T20:50:16","guid":{"rendered":"https:\/\/portifolioos-prontos.com\/?post_type=product&#038;p=23254"},"modified":"2026-03-02T19:51:37","modified_gmt":"2026-03-02T22:51:37","slug":"atividade-pratica-processos-de-intervencao-psicopedagogica","status":"publish","type":"product","link":"https:\/\/portifolioos-prontos.com\/index.php\/product\/atividade-pratica-processos-de-intervencao-psicopedagogica\/","title":{"rendered":"Atividade pr\u00e1tica Processos de interven\u00e7\u00e3o psicopedag\u00f3gica"},"content":{"rendered":"<h4>Atividade pr\u00e1tica Processos de interven\u00e7\u00e3o psicopedag\u00f3gica<\/h4>\n<hr \/>\n<p><strong>OBJETIVOS<\/strong><br \/>\n\u2022 Conhecer e compreender os processos de interven\u00e7\u00e3o psicopedag\u00f3gica,<br \/>\nconsiderando a\u00a0multiplicidade\u00a0de diagn\u00f3sticos e suas implica\u00e7\u00f5es para o<br \/>\nsujeito.<br \/>\n\u2022 Conhecer e analisar princ\u00edpios b\u00e1sicos para intervir no atendimento<br \/>\npsicopedag\u00f3gico.<\/p>\n<hr \/>\n<p><strong>RECURSOS<\/strong><br \/>\n\u2022 Computador com acesso \u00e0 internet e ao ambiente virtual.<br \/>\n\u2022 Editor de texto Word (modelo de arquivo dispon\u00edvel no AVA).<br \/>\n\u2022 Materiais necess\u00e1rios para a constru\u00e7\u00e3o da atividade l\u00fadica ou jogo.<\/p>\n<hr \/>\n<p><strong>PROCEDIMENTOS PR\u00c1TICOS<\/strong><br \/>\nAtividade proposta<br \/>\nDurante a avalia\u00e7\u00e3o dos processos de aprendizagem de um aluno, deve-se levar em<br \/>\nconsidera\u00e7\u00e3o suas especificidades, individualidades, contexto social, matura\u00e7\u00e3o neuronal e<br \/>\nos aspectos do desenvolvimento humano que s\u00e3o esperados na faixa et\u00e1ria observada. A<br \/>\npartir da utiliza\u00e7\u00e3o de diferentes estrat\u00e9gias, uma interven\u00e7\u00e3o psicopedag\u00f3gica nesse<br \/>\ncontexto busca realizar um acompanhamento mais direcionado desta avalia\u00e7\u00e3o, sendo uma<br \/>\na\u00e7\u00e3o\/interfer\u00eancia realizada por um profissional da psicopedagogia em pessoas que<br \/>\napresentam dificuldades de aprendizagem.<br \/>\nO psicopedagogo deve propor exerc\u00edcios de estimula\u00e7\u00e3o cognitiva, testes e jogos<br \/>\nvariados. Estes instrumentos buscam promover avan\u00e7os em diversas \u00e1reas, estimulando as<br \/>\nestruturas estruturais e promovendo o desenvolvimento afetivo, emocional, social, al\u00e9m de<br \/>\nmelhorar os processos de aprendizagem.<br \/>\nProcedimentos para a realiza\u00e7\u00e3o da atividade<br \/>\nAtividade 01: Identificando problemas de aprendizagem<br \/>\nPara realizar os exerc\u00edcios propostos na atividade 01, siga as orienta\u00e7\u00e3o descritas<br \/>\nabaixo:<br \/>\n\u2022 Para iniciar, escute o podcast, dispon\u00edvel em:<br \/>\n\u2022 Ao escutar o conte\u00fado, pense sobre as defini\u00e7\u00f5es que a profissional apresenta sobre<br \/>\ninterven\u00e7\u00e3o, anamnese e outros exemplos de interven\u00e7\u00e3o.<br \/>\n\u2022 Ap\u00f3s esse primeiro momento, imagine que voc\u00ea atua como psicopedagogo (a) e<br \/>\nrecebe uma fam\u00edlia cuja queixa \u00e9 que o filho de oito anos apresenta muitas<br \/>\ndificuldades na escrita e na leitura das atividades escolares.<br \/>\n\u2022 Para iniciar o atendimento, voc\u00ea ir\u00e1 entrevistar esses pais e, em seguida, dever\u00e1<br \/>\npropor uma entrevista de anamnese, focada na coleta de dados sobre o hist\u00f3rico<br \/>\ndesta crian\u00e7a, envolvendo situa\u00e7\u00f5es do presente, passado e proje\u00e7\u00f5es para o futuro.<br \/>\nPara isso, voc\u00ea dever\u00e1 elaborar a sua pr\u00f3pria ficha de anamnese, digitada no<br \/>\neditor de texto Word, com quest\u00f5es que contemplem os seguintes aspectos para<br \/>\nsondagem:<br \/>\n\u2022 Dados sobre aprendizagem da crian\u00e7a;<br \/>\n\u2022 Desenvolvimento geral;<br \/>\n\u2022 Hist\u00f3rico familiar e cl\u00ednico;<br \/>\n\u2022 Hist\u00f3rico escolar.<br \/>\nPara auxiliar a sua cria\u00e7\u00e3o, observe um modelo de ficha de anamnese:<br \/>\nAnamnese Escolar<br \/>\nIdentifica\u00e7\u00e3o da crian\u00e7a:<br \/>\nNome:<br \/>\nIdade: Data de nascimento: \/ \/<br \/>\nAltura: Peso:<br \/>\nDificuldades observadas pelos respons\u00e1veis :<br \/>\nDados dos familiares:<br \/>\nNome do pai:<br \/>\nNome da m\u00e3e: Estado civil dos pais:<br \/>\nIrm\u00e3os:<br \/>\nHist\u00f3rico do nascimento<br \/>\nComo foi a gesta\u00e7\u00e3o?<br \/>\nOs pais planejaram a gesta\u00e7\u00e3o? Fez pr\u00e9-natal?<br \/>\nO parto foi normal?<br \/>\nA crian\u00e7a nasceu prematura?<br \/>\nApresentou alguma altera\u00e7\u00e3o nos exames p\u00f3s-nascimento?<br \/>\nHist\u00f3rico do desenvolvimento da crian\u00e7a<br \/>\nDorme bem? Apresenta dificuldade com o sono ou terror noturno?<br \/>\nComo \u00e9 a alimenta\u00e7\u00e3o?<br \/>\nHouve dificuldade para aprender a ler, escrever ou contar?<br \/>\nCostuma esquecer o que aprendeu?<br \/>\nComo \u00e9 a intera\u00e7\u00e3o com novas pessoas?<br \/>\nApresenta algum tique?<br \/>\nDesenvolvimento escolar<br \/>\nComo \u00e9 a rela\u00e7\u00e3o da crian\u00e7a com \u00e0 escola?<br \/>\nOs pais auxiliam nas atividades escolares?<br \/>\nQuais s\u00e3o as mat\u00e9rias com mais e menos facilidade de aprendizagem?<br \/>\nFoi repovado alguma vez?<br \/>\nTem hist\u00f3rico de mudan\u00e7a cont\u00ednua de escola?<br \/>\nComo \u00e9 o relacionamento entre os colegas?<br \/>\nConsidera\u00e7\u00f5es Adicionais<br \/>\nPara entrega da atividade pr\u00e1tica, use o modelo (Resultado_Roteiro de Pr\u00e1tica_Processos<br \/>\nde Interven\u00e7\u00e3o Psicopedag\u00f3gica) dispon\u00edvel no seu Ambiente Virtual.<br \/>\nAtividade 02: Criando um jogo ou atividade de interven\u00e7\u00e3o psicopedag\u00f3gica<br \/>\npara crian\u00e7a com dislexia.<br \/>\nPara realizar os exerc\u00edcios propostos da atividade 02, siga as orienta\u00e7\u00e3o descritas<br \/>\nabaixo:<br \/>\n\u2022 Retomando a situa\u00e7\u00e3o hipot\u00e9tica da atividade anterior, imagine que depois de<br \/>\nconstruir sua ficha de anamnese e aplic\u00e1-la com o apredente a partir da utiliza\u00e7\u00e3o de<br \/>\ninstrumentos avaliativos, foi detectado que o mesmo \u00e9 disl\u00e9xico.<br \/>\n\u2022 Para saber mais sobre a dislexia e suas especificidades, leia o texto: Dislexia,<br \/>\ndispon\u00edvel em:\u00a0<a href=\"https:\/\/bvsms.saude.gov.br\/dislexia\/\" rel=\"nofollow\">https:\/\/bvsms.saude.gov.br\/dislexia\/<\/a><br \/>\n\u2022 Compreendendo melhor a dificuldade do estudante, proponha uma atividade l\u00fadica<br \/>\nou jogo para trabalhar a escrita e leitura com ele. Para tal, preencha o seguinte<br \/>\nquadro sobre o jogo ou atividade proposta:<br \/>\nAtividade\/ Jogo<br \/>\nNome do jogo\/ Atividade Informe o nome da atividade ou jogo, exemplo: jogo<br \/>\nda mem\u00f3ria com imagens e palavras<br \/>\ncorrespondentes.<br \/>\nObjetivo Qual objetivo de aprendizagem com a aplica\u00e7\u00e3o<br \/>\ndesse jogo ou atividade? O que se espera do<br \/>\napredente ao usar os recursos?<br \/>\nTempo Descreva o tempo de aplica\u00e7\u00e3o do jogo ou<br \/>\natividade, exemplo: entre 20 e 30 min.<br \/>\nRegras Explique as regras e o funcionamento do jogo ou o<br \/>\npasso a passo da atividade.<br \/>\nTipo de jogo\/ atividade Descreva o tipo de jogo ou atividade, exemplo: jogo<br \/>\nde encaixe, mem\u00f3ria, aten\u00e7\u00e3o. Atividade de<br \/>\ncompletar lacunas, reconhecer palavras, dentre<br \/>\noutros.<br \/>\n<strong>Checklist<\/strong><br \/>\n\u2022 Buscar um ambiente com pouco barulho e uma boa ilumina\u00e7\u00e3o para se concentrar.<br \/>\n\u2022 Separar os materiais necess\u00e1rios : computador, celular, caderno, caneta.<br \/>\n\u2022 Reservar um tempo de qualidade para seus estudos.<br \/>\n\u2022 Seguir as orienta\u00e7\u00f5es apresentadas no material de Atividade Pr\u00e1tica.<\/p>\n<hr \/>\n<p><strong>RESULTADO<\/strong><br \/>\nO trabalho dever\u00e1 ser entregue em arquivo Word, conforme o modelo<br \/>\ndisponibilizado no AVA, atendendo as etapas de produ\u00e7\u00e3o e utilizando os recursos<br \/>\nsolicitados no roteiro.<br \/>\nO arquivo dever\u00e1 conter:<br \/>\n\u2022 Capa;<br \/>\n\u2022 Folha de rosto com os dados da disciplina e do aluno;<br \/>\n\u2022 Os resultados das atividades pr\u00e1ticas exigidas pelo roteiro;<br \/>\n\u2022 Refer\u00eancias bibliogr\u00e1ficas (quando houver)<\/p>\n<div class=\"elementor-toggle-item\">\n<h4 id=\"elementor-tab-title-1941\" class=\"elementor-tab-title elementor-active\" tabindex=\"0\" role=\"tab\" data-tab=\"1\" aria-controls=\"elementor-tab-content-1941\" aria-expanded=\"true\" aria-selected=\"true\">Como funciona?<\/h4>\n<div id=\"elementor-tab-content-1941\" class=\"elementor-tab-content elementor-clearfix elementor-active\" role=\"tabpanel\" data-tab=\"1\" aria-labelledby=\"elementor-tab-title-1941\">\n<p>Elaboramos os portf\u00f3lios, j\u00e1 deixamos prontos, nas normas da ABNT e conforme os requisitos da universidade. F\u00e1cil assim! O MELHOR \u00c9 QUE VOC\u00ca COMPRA E J\u00c1 BAIXA NA HORA O SEU ARQUIVO EM WORD! Sabemos que conciliar trabalho, fam\u00edlia, vida profissional e estudos \u00e9 dif\u00edcil hoje em dia, por isso, estamos aqui para ajudar voc\u00ea. Conte com nossa qualidade, experi\u00eancia e profissionalismo adquirindo seu portf\u00f3lio conosco. GARANTIMOS SEU CONCEITO!<\/p>\n<h4>Como se realizam os envios?<\/h4>\n<\/div>\n<\/div>\n<div class=\"elementor-toggle-item\">\n<div id=\"elementor-tab-content-1942\" class=\"elementor-tab-content elementor-clearfix elementor-active\" role=\"tabpanel\" data-tab=\"2\" aria-labelledby=\"elementor-tab-title-1942\">O seu trabalho \u00e9 disponibilizado pronto, respondido e nas normas j\u00e1 na mesma hora aqui em nosso site na sua \u00e1rea de downloads e tamb\u00e9m no seu e-mail.<\/div>\n<\/div>\n<div class=\"elementor-toggle-item\">\n<div id=\"elementor-tab-content-1943\" class=\"elementor-tab-content elementor-clearfix elementor-active\" role=\"tabpanel\" data-tab=\"3\" aria-labelledby=\"elementor-tab-title-1943\">\n<h4>Em quanto tempo recebo o portf\u00f3lio?<\/h4>\n<\/div>\n<\/div>\n<div class=\"elementor-toggle-item\">\n<div id=\"elementor-tab-content-1944\" class=\"elementor-tab-content elementor-clearfix elementor-active\" role=\"tabpanel\" data-tab=\"4\" aria-labelledby=\"elementor-tab-title-1944\">\n<p>Os envios s\u00e3o imediatos. Ap\u00f3s sua compra, o trabalho j\u00e1 \u00e9 disponibilizado instantaneamente aqui em nosso site e no seu e-mail.<\/p>\n<h4>E se o portf\u00f3lio que comprei precisar de corre\u00e7\u00e3o?<\/h4>\n<\/div>\n<\/div>\n<div class=\"elementor-toggle-item\">\n<div id=\"elementor-tab-content-1945\" class=\"elementor-tab-content elementor-clearfix elementor-active\" role=\"tabpanel\" data-tab=\"5\" aria-labelledby=\"elementor-tab-title-1945\">\n<p>Caso haja alguma solicita\u00e7\u00e3o de corre\u00e7\u00e3o\/altera\u00e7\u00e3o por parte do tutor, basta entrar em contato conosco pelo\u00a0WhatsApp\u00a0que provid\u00eanciaremos sem custo algum.<\/p>\n<h4>Qual o formato do arquivo?<\/h4>\n<\/div>\n<\/div>\n<div class=\"elementor-toggle-item\">\n<div id=\"elementor-tab-content-1946\" class=\"elementor-tab-content elementor-clearfix elementor-active\" role=\"tabpanel\" data-tab=\"6\" aria-labelledby=\"elementor-tab-title-1946\">\n<p>Os arquivos s\u00e3o enviados em formato Word e s\u00e3o edit\u00e1veis.<\/p>\n<h4>Caso eu tiver alguma d\u00favida, terei suporte no p\u00f3s venda?<\/h4>\n<\/div>\n<\/div>\n<div class=\"elementor-toggle-item\">\n<div id=\"elementor-tab-content-1948\" class=\"elementor-tab-content elementor-clearfix elementor-active\" role=\"tabpanel\" data-tab=\"8\" aria-labelledby=\"elementor-tab-title-1948\">\n<p>Sim, com certeza. Basta clicar no \u00edcone do WhatsApp no cantinho da tela. Ser\u00e1 um prazer atend\u00ea-lo(a).<\/p>\n<div class=\"elementor-toggle-item\">\n<div id=\"elementor-tab-content-1948\" class=\"elementor-tab-content elementor-clearfix elementor-active\" role=\"tabpanel\" data-tab=\"8\" aria-labelledby=\"elementor-tab-title-1948\">\n<h4>Quais os seus canais de contato?<\/h4>\n<\/div>\n<\/div>\n<div class=\"elementor-toggle-item\">\n<div id=\"elementor-tab-content-1949\" class=\"elementor-tab-content elementor-clearfix elementor-active\" role=\"tabpanel\" data-tab=\"9\" aria-labelledby=\"elementor-tab-title-1949\">\n<p>Whatsapp: 53 984751621 \u2013 Clicar no canto da tela ou ESCANEIE O QRCODE ABAIXO<\/p>\n<h4><img decoding=\"async\" class=\"alignnone wp-image-13699 jetpack-lazy-image jetpack-lazy-image--handled\" src=\"https:\/\/i0.wp.com\/portifolioos-prontos.com\/wp-content\/uploads\/2023\/02\/whatsapp-business-projeto-de-extensao-300x300.jpeg?resize=144%2C144\" sizes=\"(max-width: 144px) 100vw, 144px\" srcset=\"https:\/\/i0.wp.com\/portifolioos-prontos.com\/wp-content\/uploads\/2023\/02\/whatsapp-business-projeto-de-extensao.jpeg?resize=300%2C301&amp;ssl=1 300w, https:\/\/i0.wp.com\/portifolioos-prontos.com\/wp-content\/uploads\/2023\/02\/whatsapp-business-projeto-de-extensao.jpeg?resize=150%2C150&amp;ssl=1 150w, https:\/\/i0.wp.com\/portifolioos-prontos.com\/wp-content\/uploads\/2023\/02\/whatsapp-business-projeto-de-extensao.jpeg?resize=370%2C372&amp;ssl=1 370w, https:\/\/i0.wp.com\/portifolioos-prontos.com\/wp-content\/uploads\/2023\/02\/whatsapp-business-projeto-de-extensao.jpeg?resize=100%2C100&amp;ssl=1 100w, https:\/\/i0.wp.com\/portifolioos-prontos.com\/wp-content\/uploads\/2023\/02\/whatsapp-business-projeto-de-extensao.jpeg?w=470&amp;ssl=1 470w\" alt=\"projeto de extens\u00e3o unopar\" width=\"144\" height=\"144\" data-lazy-loaded=\"1\" \/><\/h4>\n<\/div>\n<\/div>\n<\/div>\n<\/div>\n<div class=\"elementor-toggle-item\">\n<div id=\"elementor-tab-content-1949\" class=\"elementor-tab-content elementor-clearfix elementor-active\" role=\"tabpanel\" data-tab=\"9\" aria-labelledby=\"elementor-tab-title-1949\">\n<p>E-mail:portifoliosp@gmail.com<\/p>\n<div id=\"attachment_143\" class=\"wp-caption alignnone\">\n<div id=\"attachment_143\" class=\"wp-caption alignnone\" style=\"width: 95px;\">\n<p><a href=\"http:\/\/portifolioos-prontos.com\/\"><img decoding=\"async\" class=\"wp-image-143 jetpack-lazy-image jetpack-lazy-image--handled\" title=\"portfolio pronto unopar\" src=\"https:\/\/i0.wp.com\/portifolioos-prontos.com\/wp-content\/uploads\/2022\/04\/conceitomaximo.png?resize=161%2C46\" alt=\"PORTFOLIO PRONTO UNOPAR ANHANGUERA\" width=\"95\" height=\"27\" aria-describedby=\"caption-attachment-143\" data-lazy-loaded=\"1\" \/><\/a><\/p>\n<p id=\"caption-attachment-143\" class=\"wp-caption-text\">Portf\u00f3lio em Word, respondido, completo e j\u00e1 nas normas.<\/p>\n<\/div>\n<\/div>\n<\/div>\n<\/div>\n","protected":false},"excerpt":{"rendered":"<div class=\"product-short-description\">\n<h5><strong>Pague pelo PIX ou cart\u00e3o e fa\u00e7a o download agora mesmo.<\/strong><\/h5>\n<\/div>\n<div class=\"sticky-add-to-cart-wrapper\">\n<div class=\"sticky-add-to-cart\">\n<div class=\"quantity buttons_added form-flat\"><img decoding=\"async\" class=\"\" src=\"https:\/\/d26lpennugtm8s.cloudfront.net\/assets\/common\/img\/logos\/payment\/visa@2x.png\" width=\"46\" height=\"29\" \/><img loading=\"lazy\" decoding=\"async\" class=\"\" src=\"https:\/\/d26lpennugtm8s.cloudfront.net\/assets\/common\/img\/logos\/payment\/boleto@2x.png\" width=\"43\" height=\"27\" \/><img loading=\"lazy\" decoding=\"async\" class=\"\" src=\"https:\/\/d26lpennugtm8s.cloudfront.net\/assets\/common\/img\/logos\/payment\/mastercard@2x.png\" width=\"43\" height=\"27\" \/><img loading=\"lazy\" decoding=\"async\" class=\"\" src=\"https:\/\/d26lpennugtm8s.cloudfront.net\/assets\/common\/img\/logos\/payment\/amex@2x.png\" width=\"43\" height=\"27\" \/><img loading=\"lazy\" decoding=\"async\" class=\"\" src=\"https:\/\/d26lpennugtm8s.cloudfront.net\/assets\/common\/img\/logos\/payment\/diners@2x.png\" width=\"46\" height=\"29\" \/><img loading=\"lazy\" decoding=\"async\" class=\"\" src=\"https:\/\/d26lpennugtm8s.cloudfront.net\/assets\/common\/img\/logos\/payment\/br\/elo@2x.png\" width=\"45\" height=\"28\" \/><img loading=\"lazy\" decoding=\"async\" class=\"\" src=\"https:\/\/d26lpennugtm8s.cloudfront.net\/assets\/common\/img\/logos\/payment\/br\/hipercard@2x.png\" width=\"44\" height=\"28\" \/><img loading=\"lazy\" decoding=\"async\" class=\"\" src=\"https:\/\/d26lpennugtm8s.cloudfront.net\/assets\/common\/img\/logos\/payment\/mercadopago@2x.png\" width=\"45\" height=\"28\" \/><\/div>\n<\/div>\n<\/div>\n","protected":false},"featured_media":23257,"template":"","meta":{"_seopress_robots_primary_cat":"none","_seopress_titles_title":"%%post_title%% %%sitetitle%%","_seopress_titles_desc":"%%post_content%%","_seopress_robots_index":""},"product_cat":[142,15],"product_tag":[],"class_list":{"0":"post-23254","1":"product","2":"type-product","3":"status-publish","4":"has-post-thumbnail","6":"product_cat-psicopedagogia","7":"product_cat-uncategorized","9":"first","10":"instock","11":"downloadable","12":"virtual","13":"purchasable","14":"product-type-simple","15":"col-xs-6 col-sm-4","16":"col-mf-5","17":"un-5-cols"},"jetpack_sharing_enabled":true,"_links":{"self":[{"href":"https:\/\/portifolioos-prontos.com\/index.php\/wp-json\/wp\/v2\/product\/23254","targetHints":{"allow":["GET"]}}],"collection":[{"href":"https:\/\/portifolioos-prontos.com\/index.php\/wp-json\/wp\/v2\/product"}],"about":[{"href":"https:\/\/portifolioos-prontos.com\/index.php\/wp-json\/wp\/v2\/types\/product"}],"version-history":[{"count":2,"href":"https:\/\/portifolioos-prontos.com\/index.php\/wp-json\/wp\/v2\/product\/23254\/revisions"}],"predecessor-version":[{"id":49884,"href":"https:\/\/portifolioos-prontos.com\/index.php\/wp-json\/wp\/v2\/product\/23254\/revisions\/49884"}],"wp:featuredmedia":[{"embeddable":true,"href":"https:\/\/portifolioos-prontos.com\/index.php\/wp-json\/wp\/v2\/media\/23257"}],"wp:attachment":[{"href":"https:\/\/portifolioos-prontos.com\/index.php\/wp-json\/wp\/v2\/media?parent=23254"}],"wp:term":[{"taxonomy":"product_cat","embeddable":true,"href":"https:\/\/portifolioos-prontos.com\/index.php\/wp-json\/wp\/v2\/product_cat?post=23254"},{"taxonomy":"product_tag","embeddable":true,"href":"https:\/\/portifolioos-prontos.com\/index.php\/wp-json\/wp\/v2\/product_tag?post=23254"}],"curies":[{"name":"wp","href":"https:\/\/api.w.org\/{rel}","templated":true}]}}