{"id":23259,"date":"2024-02-13T17:52:08","date_gmt":"2024-02-13T20:52:08","guid":{"rendered":"https:\/\/portifolioos-prontos.com\/?post_type=product&#038;p=23259"},"modified":"2024-02-13T17:52:08","modified_gmt":"2024-02-13T20:52:08","slug":"atividade-pratica-sintaxe-e-linguagem-visual","status":"publish","type":"product","link":"https:\/\/portifolioos-prontos.com\/index.php\/product\/atividade-pratica-sintaxe-e-linguagem-visual\/","title":{"rendered":"Atividade pr\u00e1tica Sintaxe e linguagem visual"},"content":{"rendered":"<h4>Atividade pr\u00e1tica Sintaxe e linguagem visual<\/h4>\n<hr \/>\n<p>OBJETIVOS<br \/>\nA proposta desta atividade pr\u00e1tica possui os seguintes objetivos:<br \/>\n\u2013 Compreender as rela\u00e7\u00f5es entre os princ\u00edpios da sintaxe da express\u00e3o visual;<br \/>\n\u2013 Exercitar a percep\u00e7\u00e3o visual por meio da linguagem visual (desenho\/pintura\/colagem,<br \/>\netc);<br \/>\n\u2013 Estabelecer as rela\u00e7\u00f5es entre ponto, linha, plano, cor e textura.<br \/>\nRECURSOS<br \/>\n\u2013 Computador com acesso \u00e0 internet e ao ambiente virtual.<br \/>\n\u2013 Materiais de desenho e pintura de sua escolha;<br \/>\n\u2013 Papel espesso (a partir de gramatura 120grs);<br \/>\n\u2013 Pincel v\u00e1riados;<br \/>\n\u2013 Tinta guache em cores variadas;<br \/>\n\u2013 Se optar por realizar a atividade de forma digital \u00e9 recomendado ( mas n\u00e3o obrigat\u00f3rio)<br \/>\no uso de uma mesa digitalizadora;<br \/>\n\u2013 Softwares de cria\u00e7\u00e3o de imagens (Canva, Photopea, Pixlr, etc).<br \/>\nPROCEDIMENTOS PR\u00c1TICOS<br \/>\nAtividade proposta<br \/>\nA sintaxe da express\u00e3o visual se refere \u00e0s regras e princ\u00edpios que governam a<br \/>\norganiza\u00e7\u00e3o dos elementos visuais em uma composi\u00e7\u00e3o, incluindo coisas como a<br \/>\ndisposi\u00e7\u00e3o, propor\u00e7\u00e3o, equil\u00edbrio, contraste, repeti\u00e7\u00e3o e outras caracter\u00edsticas que<br \/>\nobtiveram a apar\u00eancia e a legibilidade da imagem.<br \/>\nEm outras palavras, \u00e9 como os elementos visuais s\u00e3o organizados para criar uma<br \/>\ncomposi\u00e7\u00e3o coesa e agrad\u00e1vel aos olhos.<br \/>\nWassily Kandinsky, \u201cThroughgoing Line \u2013 1923\u201d<br \/>\nFonte: Dispon\u00edvel em &lt;<a href=\"https:\/\/is.gd\/PJYto0&amp;gt\" rel=\"nofollow\">https:\/\/is.gd\/PJYto0&amp;gt<\/a>;. Acesso em 07 mar\u00e7o de 2023.<br \/>\nOs princ\u00edpios da sintaxe da linguagem visual s\u00e3o um conjunto de diretrizes que ajudam<br \/>\na criar uma composi\u00e7\u00e3o visual coesa e eficaz.<br \/>\nAqui est\u00e3o alguns dos princ\u00edpios:<br \/>\nHierarquia visual: este princ\u00edpio envolve a cria\u00e7\u00e3o de uma estrutura visual clara que<br \/>\nindica ao espectador onde ele deve olhar primeiro e como os elementos da composi\u00e7\u00e3o<br \/>\nse relacionam entre si. Elementos maiores, mais brilhantes ou mais contrastantes<br \/>\ngeralmente indicam uma hierarquia visual mais alta.<br \/>\nEquil\u00edbrio: o equil\u00edbrio refere-se \u00e0 distribui\u00e7\u00e3o visual dos elementos em uma<br \/>\ncomposi\u00e7\u00e3o. Uma composi\u00e7\u00e3o equilibrada pode ser sim\u00e9trica (com elementos iguais em<br \/>\nambos os lados) ou assim\u00e9trica (com elementos diferentes em ambos os lados, mas<br \/>\nainda visualmente equilibradas).<br \/>\nContraste: o contraste envolve a diferen\u00e7a visual entre elementos na composi\u00e7\u00e3o. O<br \/>\ncontraste pode ser alcan\u00e7ado por meio de diferen\u00e7a de cor, valor, tamanho ou textura, e<br \/>\n\u00e9 usado para chamar a aten\u00e7\u00e3o para elementos importantes e aumentar a legibilidade<br \/>\nda composi\u00e7\u00e3o.<br \/>\nRepeti\u00e7\u00e3o: a repeti\u00e7\u00e3o envolve o uso de elementos visuais semelhantes ou id\u00eanticos<br \/>\nem uma composi\u00e7\u00e3o para criar padr\u00f5es e ritmo visual. A repeti\u00e7\u00e3o ajuda a unificar uma<br \/>\ncomposi\u00e7\u00e3o e criar uma sensa\u00e7\u00e3o de coes\u00e3o.<br \/>\nPropor\u00e7\u00e3o: a propor\u00e7\u00e3o refere-se \u00e0 rela\u00e7\u00e3o visual entre os elementos em uma<br \/>\ncomposi\u00e7\u00e3o. Uma propor\u00e7\u00e3o harmoniosa pode criar uma sensa\u00e7\u00e3o de equil\u00edbrio e<br \/>\nestabilidade, enquanto uma propor\u00e7\u00e3o desequilibrada pode criar tens\u00e3o e equil\u00edbrio.<br \/>\nEspa\u00e7o negativo: o espa\u00e7o negativo \u00e9 a \u00e1rea em branco ou vazio em torno dos<br \/>\nelementos visuais de uma composi\u00e7\u00e3o. O espa\u00e7o negativo pode ser usado para criar<br \/>\numa sensa\u00e7\u00e3o de treinamento e dar aos elementos visuais espa\u00e7o para respirar e se<br \/>\ndestacar.<br \/>\nEsses s\u00e3o apenas alguns dos princ\u00edpios da sintaxe da linguagem visual, mas h\u00e1 muitos<br \/>\noutros que tamb\u00e9m podem ser usados para criar uma composi\u00e7\u00e3o visual eficaz e coesa.<br \/>\nNesta atividade realizaremos um exerc\u00edcio de cria\u00e7\u00e3o visual experimentando coms os<br \/>\nprinc\u00edpios da sintaxe da express\u00e3o visual.<br \/>\nEssa atividade pode ser feita de maneira anal\u00f3gica (papel, l\u00e1pis, tinta, pinceis, etc) ou<br \/>\ndigital (utilizando algum software de cria\u00e7\u00e3o de imagens).<br \/>\nCaso voc\u00ea opte com um cria\u00e7\u00e3o digital, deixamos abaixo algumas sugest\u00f5es de<br \/>\nsimuladores gratu\u00edtos para voc\u00ea experimentar:<br \/>\n\u00a7 CANVA:\u00a0<a href=\"https:\/\/www.canva.com\/\" rel=\"nofollow\">https:\/\/www.canva.com\/<\/a>\u00a0. Acesso em 07 de mar\u00e7o de 2023.<br \/>\n\u00a7 PIXLR:\u00a0<a href=\"https:\/\/pixlr.com\/br\/x\/\" rel=\"nofollow\">https:\/\/pixlr.com\/br\/x\/<\/a>\u00a0. Acesso em 07 de mar\u00e7o de 2023.<br \/>\n\u00a7 PHOTOPEA:\u00a0<a href=\"https:\/\/www.photopea.com\/\" rel=\"nofollow\">https:\/\/www.photopea.com\/<\/a>\u00a0. Acesso em 07 de mar\u00e7o de 2023.<br \/>\nProcedimentos para a realiza\u00e7\u00e3o da atividade<br \/>\nEssa atividade pode ser feita por meio do desenho, da pintura ou da colagem, e pode<br \/>\nser anal\u00f3gica ou digital. Mais importante do que a linguagem escolhida, \u00e9 o respeito<br \/>\ne aten\u00e7\u00e3o aos princ\u00edpios da sintaxe da express\u00e3o visual.<br \/>\nPARA REALIZAR A PROPOSTA DO ROTEIRO, VOC\u00ca DEVER\u00c1 OBEDECER \u00c0S<br \/>\nSEGUNTES INSTRU\u00c7\u00d5ES:<br \/>\n1) Escolha um tema para a sua composi\u00e7\u00e3o, como natureza, animais, cidade, etc,<br \/>\nou mesmo, abstrata.<br \/>\n2) Escolha uma paleta de cores limitada para a sua composi\u00e7\u00e3o. Por exemplo,<br \/>\nvoc\u00ea pode optar por usar apenas tons de verde e marrom para uma composi\u00e7\u00e3o<br \/>\nde natureza.<br \/>\n3) Defina o formato e o tamanho da sua composi\u00e7\u00e3o. Isso pode depender do meio<br \/>\nem que voc\u00ea est\u00e1 trabalhando, como tela digital ou papel.<br \/>\n4) Desenhe uma linha guia para ajud\u00e1-lo a posicionar os elementos da sua<br \/>\ncomposi\u00e7\u00e3o, por exemplo, se voc\u00ea estiver fazendo uma composi\u00e7\u00e3o de<br \/>\npaisagem, pode usar uma linha guia para posicionar o horizonte.<br \/>\n5) Comece a adicionar os elementos principais da sua composi\u00e7\u00e3o, como \u00e1rvores,<br \/>\nedif\u00edcios ou animais. Posicione esses elementos com base na sua linha guia e<br \/>\npense em como eles se relacionam entre si na composi\u00e7\u00e3o.<br \/>\n6) Crie uma \u201cautoridade\u201d visual. Determine qual elemento \u00e9 o mais importante na<br \/>\nsua composi\u00e7\u00e3o e use o tamanho, a cor e o contraste para destac\u00e1-lo.<br \/>\n7) Adicione detalhes menores para dar textura e profundidade \u00e0 sua composi\u00e7\u00e3o.<br \/>\nIsso pode incluir coisas como folhagem, texturas de parede ou padr\u00f5es na roupa<br \/>\ndos personagens.<br \/>\n8) Verifique se h\u00e1 equil\u00edbrio na sua composi\u00e7\u00e3o. Certifique-se de que n\u00e3o h\u00e1 uma<br \/>\nconcentra\u00e7\u00e3o excessiva de elementos em uma \u00e1rea e que a composi\u00e7\u00e3o parece<br \/>\nharmoniosa.<br \/>\n9) Adicione algum contraste para aumentar a legibilidade da composi\u00e7\u00e3o. Isso<br \/>\npode ser alcan\u00e7ado por meio do uso de cor, tamanho ou textura contrastantes.<br \/>\n10) Fa\u00e7a ajustes finais para aprimorar a composi\u00e7\u00e3o, se necess\u00e1rio. Isso pode<br \/>\nincluir a adi\u00e7\u00e3o de sombras, destaque de luz ou outros efeitos para aumentar o<br \/>\nimpacto visual.<br \/>\nN\u00e3o h\u00e1 limites para a quantidade de exerc\u00edcios a serem realizados, mas voc\u00ea dever\u00e1<br \/>\nescolher apenas um, sendo esse o que atenda melhor aos proncipios da Sintaxe da<br \/>\nexpress\u00e3o visual.<br \/>\nChecklist<br \/>\nPrincipais etapas para a completude da atividade pr\u00e1tica:<br \/>\n\u2013 Produ\u00e7\u00e3o do desenho, pintura ou colagem (anal\u00f3gica ou digital);<br \/>\n\u2013 Respeitar todos os princ\u00edpios da sintaxe da express\u00e3o vial descritos no roteiro;<br \/>\nRESULTADO<br \/>\nO trabalho dever\u00e1 ser entregue em arquivo Word atendendo as etapas de produ\u00e7\u00e3o e<br \/>\nutilizando os recursos solicitados no roteiro.<br \/>\nO arquivo dever\u00e1 conter:<br \/>\n\u00a7 Capa;<br \/>\n\u00a7 Folha de rosto com os dados da disciplina e do aluno;<br \/>\n\u00a7 Os resultados das atividades pr\u00e1ticas exigidas pelo roteiro;<br \/>\n\u00a7 Refer\u00eancias bibliogr\u00e1ficas (quando houver).<\/p>\n<div class=\"elementor-toggle-item\">\n<h4 id=\"elementor-tab-title-1941\" class=\"elementor-tab-title elementor-active\" tabindex=\"0\" role=\"tab\" data-tab=\"1\" aria-controls=\"elementor-tab-content-1941\" aria-expanded=\"true\" aria-selected=\"true\">Como funciona?<\/h4>\n<div id=\"elementor-tab-content-1941\" class=\"elementor-tab-content elementor-clearfix elementor-active\" role=\"tabpanel\" data-tab=\"1\" aria-labelledby=\"elementor-tab-title-1941\">\n<p>Elaboramos os portf\u00f3lios, j\u00e1 deixamos prontos, nas normas da ABNT e conforme os requisitos da universidade. F\u00e1cil assim! O MELHOR \u00c9 QUE VOC\u00ca COMPRA E J\u00c1 BAIXA NA HORA O SEU ARQUIVO EM WORD! Sabemos que conciliar trabalho, fam\u00edlia, vida profissional e estudos \u00e9 dif\u00edcil hoje em dia, por isso, estamos aqui para ajudar voc\u00ea. Conte com nossa qualidade, experi\u00eancia e profissionalismo adquirindo seu portf\u00f3lio conosco. GARANTIMOS SEU CONCEITO!<\/p>\n<h4>Como se realizam os envios?<\/h4>\n<\/div>\n<\/div>\n<div class=\"elementor-toggle-item\">\n<div id=\"elementor-tab-content-1942\" class=\"elementor-tab-content elementor-clearfix elementor-active\" role=\"tabpanel\" data-tab=\"2\" aria-labelledby=\"elementor-tab-title-1942\">O seu trabalho \u00e9 disponibilizado pronto, respondido e nas normas j\u00e1 na mesma hora aqui em nosso site na sua \u00e1rea de downloads e tamb\u00e9m no seu e-mail.<\/div>\n<\/div>\n<div class=\"elementor-toggle-item\">\n<div id=\"elementor-tab-content-1943\" class=\"elementor-tab-content elementor-clearfix elementor-active\" role=\"tabpanel\" data-tab=\"3\" aria-labelledby=\"elementor-tab-title-1943\">\n<h4>Em quanto tempo recebo o portf\u00f3lio?<\/h4>\n<\/div>\n<\/div>\n<div class=\"elementor-toggle-item\">\n<div id=\"elementor-tab-content-1944\" class=\"elementor-tab-content elementor-clearfix elementor-active\" role=\"tabpanel\" data-tab=\"4\" aria-labelledby=\"elementor-tab-title-1944\">\n<p>Os envios s\u00e3o imediatos. Ap\u00f3s sua compra, o trabalho j\u00e1 \u00e9 disponibilizado instantaneamente aqui em nosso site e no seu e-mail.<\/p>\n<h4>E se o portf\u00f3lio que comprei precisar de corre\u00e7\u00e3o?<\/h4>\n<\/div>\n<\/div>\n<div class=\"elementor-toggle-item\">\n<div id=\"elementor-tab-content-1945\" class=\"elementor-tab-content elementor-clearfix elementor-active\" role=\"tabpanel\" data-tab=\"5\" aria-labelledby=\"elementor-tab-title-1945\">\n<p>Caso haja alguma solicita\u00e7\u00e3o de corre\u00e7\u00e3o\/altera\u00e7\u00e3o por parte do tutor, basta entrar em contato conosco pelo\u00a0WhatsApp\u00a0que provid\u00eanciaremos sem custo algum.<\/p>\n<h4>Qual o formato do arquivo?<\/h4>\n<\/div>\n<\/div>\n<div class=\"elementor-toggle-item\">\n<div id=\"elementor-tab-content-1946\" class=\"elementor-tab-content elementor-clearfix elementor-active\" role=\"tabpanel\" data-tab=\"6\" aria-labelledby=\"elementor-tab-title-1946\">\n<p>Os arquivos s\u00e3o enviados em formato Word e s\u00e3o edit\u00e1veis.<\/p>\n<h4>Caso eu tiver alguma d\u00favida, terei suporte no p\u00f3s venda?<\/h4>\n<\/div>\n<\/div>\n<div class=\"elementor-toggle-item\">\n<div id=\"elementor-tab-content-1948\" class=\"elementor-tab-content elementor-clearfix elementor-active\" role=\"tabpanel\" data-tab=\"8\" aria-labelledby=\"elementor-tab-title-1948\">\n<p>Sim, com certeza. Basta clicar no \u00edcone do WhatsApp no cantinho da tela. Ser\u00e1 um prazer atend\u00ea-lo(a).<\/p>\n<div class=\"elementor-toggle-item\">\n<div id=\"elementor-tab-content-1948\" class=\"elementor-tab-content elementor-clearfix elementor-active\" role=\"tabpanel\" data-tab=\"8\" aria-labelledby=\"elementor-tab-title-1948\">\n<h4>Quais os seus canais de contato?<\/h4>\n<\/div>\n<\/div>\n<div class=\"elementor-toggle-item\">\n<div id=\"elementor-tab-content-1949\" class=\"elementor-tab-content elementor-clearfix elementor-active\" role=\"tabpanel\" data-tab=\"9\" aria-labelledby=\"elementor-tab-title-1949\">\n<p>Whatsapp: 53 984751621 \u2013 Clicar no canto da tela ou ESCANEIE O QRCODE ABAIXO<\/p>\n<h4><img decoding=\"async\" class=\"alignnone wp-image-13699 jetpack-lazy-image jetpack-lazy-image--handled\" src=\"https:\/\/i0.wp.com\/portifolioos-prontos.com\/wp-content\/uploads\/2023\/02\/whatsapp-business-projeto-de-extensao-300x300.jpeg?resize=144%2C144\" sizes=\"(max-width: 144px) 100vw, 144px\" srcset=\"https:\/\/i0.wp.com\/portifolioos-prontos.com\/wp-content\/uploads\/2023\/02\/whatsapp-business-projeto-de-extensao.jpeg?resize=300%2C301&amp;ssl=1 300w, https:\/\/i0.wp.com\/portifolioos-prontos.com\/wp-content\/uploads\/2023\/02\/whatsapp-business-projeto-de-extensao.jpeg?resize=150%2C150&amp;ssl=1 150w, https:\/\/i0.wp.com\/portifolioos-prontos.com\/wp-content\/uploads\/2023\/02\/whatsapp-business-projeto-de-extensao.jpeg?resize=370%2C372&amp;ssl=1 370w, https:\/\/i0.wp.com\/portifolioos-prontos.com\/wp-content\/uploads\/2023\/02\/whatsapp-business-projeto-de-extensao.jpeg?resize=100%2C100&amp;ssl=1 100w, https:\/\/i0.wp.com\/portifolioos-prontos.com\/wp-content\/uploads\/2023\/02\/whatsapp-business-projeto-de-extensao.jpeg?w=470&amp;ssl=1 470w\" alt=\"projeto de extens\u00e3o unopar\" width=\"144\" height=\"144\" data-lazy-loaded=\"1\" \/><\/h4>\n<\/div>\n<\/div>\n<\/div>\n<\/div>\n<div class=\"elementor-toggle-item\">\n<div id=\"elementor-tab-content-1949\" class=\"elementor-tab-content elementor-clearfix elementor-active\" role=\"tabpanel\" data-tab=\"9\" aria-labelledby=\"elementor-tab-title-1949\">\n<p>E-mail:portifoliosp@gmail.com<\/p>\n<div id=\"attachment_143\" class=\"wp-caption alignnone\">\n<div id=\"attachment_143\" class=\"wp-caption alignnone\" style=\"width: 105px;\">\n<p><a href=\"http:\/\/portifolioos-prontos.com\/\"><img decoding=\"async\" class=\"wp-image-143 jetpack-lazy-image jetpack-lazy-image--handled\" title=\"portfolio pronto unopar\" src=\"https:\/\/i0.wp.com\/portifolioos-prontos.com\/wp-content\/uploads\/2022\/04\/conceitomaximo.png?resize=161%2C46\" alt=\"PORTFOLIO PRONTO UNOPAR ANHANGUERA\" width=\"105\" height=\"30\" aria-describedby=\"caption-attachment-143\" data-lazy-loaded=\"1\" \/><\/a><\/p>\n<p id=\"caption-attachment-143\" class=\"wp-caption-text\">Portf\u00f3lio em Word, respondido, completo e j\u00e1 nas normas.<\/p>\n<\/div>\n<\/div>\n<\/div>\n<\/div>\n","protected":false},"excerpt":{"rendered":"<div class=\"product-short-description\">\n<h5><strong>Pague pelo PIX ou cart\u00e3o e fa\u00e7a o download agora mesmo.<\/strong><\/h5>\n<\/div>\n<div class=\"sticky-add-to-cart-wrapper\">\n<div class=\"sticky-add-to-cart\">\n<div class=\"quantity buttons_added form-flat\"><img decoding=\"async\" class=\"alignnone wp-image-761\" src=\"http:\/\/portifolioos-prontos.com\/wp-content\/uploads\/2022\/04\/PIX-300x107.webp\" alt=\"\" width=\"78\" height=\"28\" \/>\u00a0\u00a0<img loading=\"lazy\" decoding=\"async\" class=\"\" src=\"https:\/\/d26lpennugtm8s.cloudfront.net\/assets\/common\/img\/logos\/payment\/visa@2x.png\" width=\"46\" height=\"29\" \/><img loading=\"lazy\" decoding=\"async\" class=\"\" src=\"https:\/\/d26lpennugtm8s.cloudfront.net\/assets\/common\/img\/logos\/payment\/boleto@2x.png\" width=\"43\" height=\"27\" \/><img loading=\"lazy\" decoding=\"async\" class=\"\" src=\"https:\/\/d26lpennugtm8s.cloudfront.net\/assets\/common\/img\/logos\/payment\/mastercard@2x.png\" width=\"43\" height=\"27\" \/><img loading=\"lazy\" decoding=\"async\" class=\"\" src=\"https:\/\/d26lpennugtm8s.cloudfront.net\/assets\/common\/img\/logos\/payment\/amex@2x.png\" width=\"43\" height=\"27\" \/><img loading=\"lazy\" decoding=\"async\" class=\"\" src=\"https:\/\/d26lpennugtm8s.cloudfront.net\/assets\/common\/img\/logos\/payment\/diners@2x.png\" width=\"46\" height=\"29\" \/><img loading=\"lazy\" decoding=\"async\" class=\"\" src=\"https:\/\/d26lpennugtm8s.cloudfront.net\/assets\/common\/img\/logos\/payment\/br\/elo@2x.png\" width=\"45\" height=\"28\" \/><img loading=\"lazy\" decoding=\"async\" class=\"\" src=\"https:\/\/d26lpennugtm8s.cloudfront.net\/assets\/common\/img\/logos\/payment\/br\/hipercard@2x.png\" width=\"44\" height=\"28\" \/><img loading=\"lazy\" decoding=\"async\" class=\"\" src=\"https:\/\/d26lpennugtm8s.cloudfront.net\/assets\/common\/img\/logos\/payment\/mercadopago@2x.png\" width=\"45\" height=\"28\" \/><\/div>\n<\/div>\n<\/div>\n","protected":false},"featured_media":23262,"template":"","meta":{"_seopress_robots_primary_cat":"","_seopress_titles_title":"%%post_title%% %%sitetitle%%","_seopress_titles_desc":"%%post_content%%","_seopress_robots_index":""},"product_cat":[15],"product_tag":[],"class_list":{"0":"post-23259","1":"product","2":"type-product","3":"status-publish","4":"has-post-thumbnail","6":"product_cat-uncategorized","8":"first","9":"instock","10":"shipping-taxable","11":"product-type-simple","12":"col-xs-6 col-sm-4","13":"col-mf-5","14":"un-5-cols"},"jetpack_sharing_enabled":true,"_links":{"self":[{"href":"https:\/\/portifolioos-prontos.com\/index.php\/wp-json\/wp\/v2\/product\/23259","targetHints":{"allow":["GET"]}}],"collection":[{"href":"https:\/\/portifolioos-prontos.com\/index.php\/wp-json\/wp\/v2\/product"}],"about":[{"href":"https:\/\/portifolioos-prontos.com\/index.php\/wp-json\/wp\/v2\/types\/product"}],"version-history":[{"count":0,"href":"https:\/\/portifolioos-prontos.com\/index.php\/wp-json\/wp\/v2\/product\/23259\/revisions"}],"wp:featuredmedia":[{"embeddable":true,"href":"https:\/\/portifolioos-prontos.com\/index.php\/wp-json\/wp\/v2\/media\/23262"}],"wp:attachment":[{"href":"https:\/\/portifolioos-prontos.com\/index.php\/wp-json\/wp\/v2\/media?parent=23259"}],"wp:term":[{"taxonomy":"product_cat","embeddable":true,"href":"https:\/\/portifolioos-prontos.com\/index.php\/wp-json\/wp\/v2\/product_cat?post=23259"},{"taxonomy":"product_tag","embeddable":true,"href":"https:\/\/portifolioos-prontos.com\/index.php\/wp-json\/wp\/v2\/product_tag?post=23259"}],"curies":[{"name":"wp","href":"https:\/\/api.w.org\/{rel}","templated":true}]}}