{"id":23270,"date":"2024-02-13T18:01:56","date_gmt":"2024-02-13T21:01:56","guid":{"rendered":"https:\/\/portifolioos-prontos.com\/?post_type=product&#038;p=23270"},"modified":"2025-08-11T22:02:44","modified_gmt":"2025-08-12T01:02:44","slug":"aula-pratica-desenho-tecnico-mecanico","status":"publish","type":"product","link":"https:\/\/portifolioos-prontos.com\/index.php\/product\/aula-pratica-desenho-tecnico-mecanico\/","title":{"rendered":"Aula Pr\u00e1tica Desenho t\u00e9cnico mec\u00e2nico"},"content":{"rendered":"<h4>Aula Pr\u00e1tica Desenho t\u00e9cnico mec\u00e2nico<\/h4>\n<hr \/>\n<p>ROTEIRO DE AULA PR\u00c1TICA<br \/>\nNOME DA DISCIPLINA: DESENHO T\u00c9CNICO MEC\u00c2NICO<br \/>\nUnidade: DESENHO DE COMPONENTES MEC\u00c2NICOS (2D E 3D)<br \/>\nSe\u00e7\u00e3o: Desenho assistido por computador: Comandos 3D<br \/>\nOBJETIVOS<br \/>\nDefini\u00e7\u00e3o dos objetivos da aula pr\u00e1tica:<br \/>\nOs objetivos de aprendizagem s\u00e3o:<br \/>\nCapacitar o aluno a desenvolver projetos tridimensionais\/perspectivas;<br \/>\nDesenvolver margem e legenda em projetos mec\u00e2nicos;<br \/>\nPraticar os comandos aprendidos na se\u00e7\u00e3o;<br \/>\nCriar desenhos projetivos: proje\u00e7\u00e3o ortogonal e perspectivas.<br \/>\nINFRAESTRUTURA<br \/>\nInstala\u00e7\u00f5es \u2013 Materiais de consumo \u2013 Equipamentos:<br \/>\nLABORAT\u00d3RIO DE INFORM\u00c1TICA<br \/>\nEquipamentos:<br \/>\n\u2022 Desktop Lab Informatica \u2013 Positivo C6300<br \/>\n~ 1 aluno<br \/>\nSOLU\u00c7\u00c3O DIGITAL<br \/>\n\u2022 AUTODESK \u2013 INVENTOR (Software)<br \/>\nAutodesk \u2013 Inventor: O Inventor \u00e9 um software CAD 3D da Autodesk que permite criar modelos<br \/>\n3D precisos de pe\u00e7as, montagens e desenhos t\u00e9cnicos. Ele oferece recursos de simula\u00e7\u00e3o e<br \/>\nvisualiza\u00e7\u00e3o para ajudar a validar designs e criar documenta\u00e7\u00e3o t\u00e9cnica.<\/p>\n<p>EQUIPAMENTO DE PROTE\u00c7\u00c3O INDIVIDUAL (EPI)<br \/>\nnsa<br \/>\n3<br \/>\nPROCEDIMENTOS PR\u00c1TICOS<br \/>\nProcedimento\/Atividade n\u00ba 1 (F\u00edsico)<br \/>\nAtividade proposta:<br \/>\nA tarefa consiste em desenhar quatro perspectivas em uma mesma \u00e1rea gr\u00e1fica\/tela com a<br \/>\nrepresenta\u00e7\u00e3o de suas cotas em mil\u00edmetros<br \/>\nProcedimentos para a realiza\u00e7\u00e3o da atividade:<br \/>\nA tarefa consiste em desenhar quatro perspectivas em uma mesma \u00e1rea gr\u00e1fica\/tela com a<br \/>\nrepresenta\u00e7\u00e3o de suas cotas em mil\u00edmetros, conforme mostra a Figura 1. Os desenhos<br \/>\nprecisam estar alinhados na parte inferior e equidistantes entre si, ou seja, com mesma medida,<br \/>\ncomo mostra a Figura 2. Essa medida deve ser escolhida pelo projetista. Para a constru\u00e7\u00e3o das<br \/>\nperspectivas, fazer as extrus\u00f5es das pe\u00e7as com 10 mm de largura. Na vista frontal de cada um<br \/>\ndos desenhos, escreva o n\u00famero da pe\u00e7a acrescentando material com 1 mm em preto.<br \/>\nFonte: o autor<br \/>\n4<br \/>\nFonte: o autor<br \/>\nOBS: As pe\u00e7as est\u00e3o com cotas desnecess\u00e1rias, ou seja, com cotas a mais, foi realizado desta<br \/>\nforma para facilitar a execu\u00e7\u00e3o da tarefa.<br \/>\nEtapas a serem desenvolvidas para a realiza\u00e7\u00e3o da atividade:<br \/>\n\u2013 Passo 1: Criar uma nova pe\u00e7a no template m\u00e9trico: padr\u00e3o mm (.ipt), iniciar um esbo\u00e7o 2D e<br \/>\nselecionar o plano frontal (XY).<br \/>\n\u2013 Passo 2: Utilizar comandos dispon\u00edveis no software para desenhar os esbo\u00e7os com suas<br \/>\ndevidas cotas.<br \/>\n\u2013 Passo 3: Verificar se os desenhos est\u00e3o alinhados na parte inferior e se s\u00e3o equidistantes.<br \/>\n\u2013 Passo 4: Escrever ao lado de cada um dos desenhos o n\u00famero da pe\u00e7a.<br \/>\n\u2013 Passo 5: Encerrar o esbo\u00e7o.<br \/>\n\u2013 Passo 6: Fazer as extrus\u00f5es das pe\u00e7as com 10 mm de largura.<br \/>\n\u2013 Passo 7: Criar novo esbo\u00e7o na VF e fazer as quatro caixas de textos com os n\u00fameros das<br \/>\npe\u00e7as.<br \/>\n\u2013 Passo 8: Fazer as extrus\u00f5es dos textos com 1 mm de largura.<br \/>\n\u2013 Passo 9: Selecionar a extrus\u00e3o no hist\u00f3rico e trocar a cor para preto.<br \/>\n\u2013 Passo 10: Salvar o arquivo.<br \/>\n5<br \/>\nChecklist:<br \/>\nLembre-se de salvar o projeto na pasta adequada de tempos em tempos para evitar transtornos<br \/>\ncaso o Inventor feche inesperadamente, sabendo diferenciar o nome de projeto, nome de pasta<br \/>\ne nome das pe\u00e7as<br \/>\nProcedimento\/Atividade n\u00ba 2 (F\u00edsico)<br \/>\nAtividade proposta:<br \/>\nA tarefa consiste em desenhar o modelo 3D representado na Figura 3 em ferro fundido<br \/>\nProcedimentos para a realiza\u00e7\u00e3o da atividade:<br \/>\nA tarefa consiste em desenhar o modelo 3D representado na Figura 3 em ferro fundido.<br \/>\nTransformar as medidas apresentadas em m para mm. Al\u00e9m desenvolva o projeto em formato<br \/>\nA4, com a margem e legenda da disciplina.<br \/>\n\u2013 Preenchimento da legenda:<br \/>\n\u2013 T\u00edtulo do desenho: Suporte para eixo;<br \/>\n\u2013 Aluno: nome completo ou nome e sobrenome;<br \/>\n6<br \/>\n\u2013 RA: registro acad\u00eamico do aluno;<br \/>\n\u2013 Data: data de desenvolvimento da atividade;<br \/>\n\u2013 Escala: definida pelo projetista;<br \/>\n\u2013 Medidas: mm.<br \/>\nFonte: o autor<br \/>\nEtapas a serem desenvolvidas para a realiza\u00e7\u00e3o da atividade:<br \/>\n\u2013 Passo 1: Criar uma nova pe\u00e7a no template m\u00e9trico: padr\u00e3o mm (.ipt) e iniciar um esbo\u00e7o 2D.<br \/>\n\u2013 Passo 2: Utilizar comandos dispon\u00edveis no software para desenhar o modelo 3D com suas<br \/>\ndevidas cotas. No final, acrescentar a pe\u00e7a o material de ferro fundido.<br \/>\n\u2013 Passo 3: Abrir a folha formatada salva no template e editar a legenda clicando em ISO com o<br \/>\nbot\u00e3o direito do mouse no hist\u00f3rico do modelo e fazer o preenchimento. O \u00fanico item que n\u00e3o<br \/>\ndeve ser preenchido \u00e9 o visto.<br \/>\n\u2013 Passo 4: Adicionar as vistas da pe\u00e7a (1\u00b0 diedro) e a perspectiva do modelo. Defina o estilo de<br \/>\nvisualiza\u00e7\u00e3o e adicione as cotas.<br \/>\n\u2013 Passo 5: Encerrar e salvar o esbo\u00e7o para avalia\u00e7\u00e3o<br \/>\nLembre-se de salvar o projeto na pasta adequada de tempos em tempos para evitar transtornos<br \/>\ncaso o Inventor feche inesperadamente, sabendo diferenciar o nome de projeto, nome de pasta<br \/>\ne nome das pe\u00e7as.<br \/>\nPara alterar quantidade de algarismos depois da v\u00edrgula no ambiente (.ipt) v\u00e1 na barra<br \/>\nferramentas&gt;configura\u00e7\u00f5es do documento&gt;unidades. Deixar as cotas com apenas um<br \/>\nalgarismo, conforme Figura 4.<br \/>\n7<br \/>\nFonte: o autor<br \/>\nPara alterar quantidade de algarismos depois da v\u00edrgula no ambiente (.dwg) d\u00ea dois cliques<br \/>\nsobre a cota. Na op\u00e7\u00e3o unidade prim\u00e1ria \u00e9 poss\u00edvel deixar as cotas sem nenhum algarismo<br \/>\ndepois da v\u00edrgula e at\u00e9 com oito. A Figura 5 apresenta configura\u00e7\u00e3o para tr\u00eas casas.<\/p>\n<div class=\"elementor-toggle-item\">\n<div class=\"elementor-toggle-item\">\n<p id=\"elementor-tab-title-1941\" class=\"elementor-tab-title elementor-active\" tabindex=\"0\" role=\"tab\" data-tab=\"1\" aria-controls=\"elementor-tab-content-1941\" aria-expanded=\"true\" aria-selected=\"true\"><strong>Como funciona?<\/strong><\/p>\n<p>Elaboramos os portf\u00f3lios, j\u00e1 deixamos prontos, nas normas da ABNT e conforme os requisitos da universidade. F\u00e1cil assim! O MELHOR \u00c9 QUE VOC\u00ca COMPRA E J\u00c1 BAIXA NA HORA O SEU ARQUIVO EM WORD! Sabemos que conciliar trabalho, fam\u00edlia, vida profissional e estudos \u00e9 dif\u00edcil hoje em dia, por isso, estamos aqui para ajudar voc\u00ea. Conte com nossa qualidade, experi\u00eancia e profissionalismo adquirindo seu portf\u00f3lio conosco. GARANTIMOS SEU CONCEITO!<\/p>\n<p><strong>Como se realizam os envios?<\/strong><\/p>\n<\/div>\n<p id=\"elementor-tab-content-1942\" class=\"elementor-tab-content elementor-clearfix elementor-active\" role=\"tabpanel\" data-tab=\"2\" aria-labelledby=\"elementor-tab-title-1942\">O seu trabalho \u00e9 disponibilizado pronto, respondido e nas normas j\u00e1 na mesma hora aqui em nosso site na sua \u00e1rea de downloads e tamb\u00e9m no seu e-mail.<\/p>\n<p><strong>Em quanto tempo recebo o portf\u00f3lio?<\/strong><\/p>\n<p>Os envios s\u00e3o imediatos. Ap\u00f3s sua compra, o trabalho j\u00e1 \u00e9 disponibilizado instantaneamente aqui em nosso site e no seu e-mail.<\/p>\n<p><strong>E se o portf\u00f3lio que comprei precisar de corre\u00e7\u00e3o?<\/strong><\/p>\n<p>Caso haja alguma solicita\u00e7\u00e3o de corre\u00e7\u00e3o\/altera\u00e7\u00e3o por parte do tutor, basta entrar em contato conosco pelo\u00a0WhatsApp\u00a0que provid\u00eanciaremos sem custo algum.<\/p>\n<p><strong>Qual o formato do arquivo?<\/strong><\/p>\n<p>Os arquivos s\u00e3o enviados em formato Word e s\u00e3o edit\u00e1veis.<\/p>\n<p><strong>Caso eu tiver alguma d\u00favida, terei suporte no p\u00f3s venda?<\/strong><\/p>\n<p>Sim, com certeza. Basta clicar no \u00edcone do WhatsApp no cantinho da tela. Ser\u00e1 um prazer atend\u00ea-lo(a).<\/p>\n<div id=\"elementor-tab-content-1948\" class=\"elementor-tab-content elementor-clearfix elementor-active\" role=\"tabpanel\" data-tab=\"8\" aria-labelledby=\"elementor-tab-title-1948\">\n<p><strong>Quais os seus canais de contato?<\/strong><\/p>\n<\/div>\n<div id=\"elementor-tab-content-1949\" class=\"elementor-tab-content elementor-clearfix elementor-active\" role=\"tabpanel\" data-tab=\"9\" aria-labelledby=\"elementor-tab-title-1949\">\n<p>Whatsapp: 53 984751621 \u2013 Clicar no canto da tela ou ESCANEIE O QRCODE ABAIXO<\/p>\n<h4><img decoding=\"async\" class=\"alignnone wp-image-13699 jetpack-lazy-image jetpack-lazy-image--handled\" src=\"https:\/\/i0.wp.com\/portifolioos-prontos.com\/wp-content\/uploads\/2023\/02\/whatsapp-business-projeto-de-extensao-300x300.jpeg?resize=144%2C144\" sizes=\"(max-width: 144px) 100vw, 144px\" srcset=\"https:\/\/i0.wp.com\/portifolioos-prontos.com\/wp-content\/uploads\/2023\/02\/whatsapp-business-projeto-de-extensao.jpeg?resize=300%2C301&amp;ssl=1 300w, https:\/\/i0.wp.com\/portifolioos-prontos.com\/wp-content\/uploads\/2023\/02\/whatsapp-business-projeto-de-extensao.jpeg?resize=150%2C150&amp;ssl=1 150w, https:\/\/i0.wp.com\/portifolioos-prontos.com\/wp-content\/uploads\/2023\/02\/whatsapp-business-projeto-de-extensao.jpeg?resize=370%2C372&amp;ssl=1 370w, https:\/\/i0.wp.com\/portifolioos-prontos.com\/wp-content\/uploads\/2023\/02\/whatsapp-business-projeto-de-extensao.jpeg?resize=100%2C100&amp;ssl=1 100w, https:\/\/i0.wp.com\/portifolioos-prontos.com\/wp-content\/uploads\/2023\/02\/whatsapp-business-projeto-de-extensao.jpeg?w=470&amp;ssl=1 470w\" alt=\"projeto de extens\u00e3o unopar\" width=\"144\" height=\"144\" data-lazy-loaded=\"1\" \/><\/h4>\n<\/div>\n<div class=\"elementor-toggle-item\">\n<div id=\"elementor-tab-content-1949\" class=\"elementor-tab-content elementor-clearfix elementor-active\" role=\"tabpanel\" data-tab=\"9\" aria-labelledby=\"elementor-tab-title-1949\">\n<p>E-mail:portifoliosp@gmail.com<\/p>\n<div id=\"attachment_143\" class=\"wp-caption alignnone\">\n<div id=\"attachment_143\" class=\"wp-caption alignnone\">\n<p id=\"caption-attachment-143\" class=\"wp-caption-text\"><a href=\"http:\/\/portfolio-pronto.com\/\">Portf\u00f3lio<\/a>\u00a0em Word, respondido, completo e j\u00e1 nas normas<\/p>\n<\/div>\n<\/div>\n<\/div>\n<\/div>\n<\/div>\n","protected":false},"excerpt":{"rendered":"<div class=\"product-short-description\">\n<div class=\"product-short-description\">\n<p><strong>Pague pelo PIX ou cart\u00e3o e fa\u00e7a o download agora mesmo.<\/strong><\/p>\n<\/div>\n<div class=\"sticky-add-to-cart-wrapper\">\n<div class=\"sticky-add-to-cart\">\n<p class=\"quantity buttons_added form-flat\"><img decoding=\"async\" class=\"lazyloaded smush-image-5 smush-image-3 smush-image-4 smush-detected-img smush-image-bigger-3\" src=\"https:\/\/d26lpennugtm8s.cloudfront.net\/assets\/common\/img\/logos\/payment\/visa@2x.png\" width=\"46\" height=\"29\" data-src=\"https:\/\/d26lpennugtm8s.cloudfront.net\/assets\/common\/img\/logos\/payment\/visa@2x.png\" \/><img decoding=\"async\" class=\"lazyloaded smush-image-6 smush-image-4 smush-image-5 smush-detected-img smush-image-bigger-4\" src=\"https:\/\/d26lpennugtm8s.cloudfront.net\/assets\/common\/img\/logos\/payment\/boleto@2x.png\" width=\"43\" height=\"27\" data-src=\"https:\/\/d26lpennugtm8s.cloudfront.net\/assets\/common\/img\/logos\/payment\/boleto@2x.png\" \/><img loading=\"lazy\" decoding=\"async\" class=\"lazyloaded smush-image-7 smush-image-5 smush-image-6 smush-detected-img smush-image-bigger-5\" src=\"https:\/\/d26lpennugtm8s.cloudfront.net\/assets\/common\/img\/logos\/payment\/mastercard@2x.png\" width=\"43\" height=\"27\" data-src=\"https:\/\/d26lpennugtm8s.cloudfront.net\/assets\/common\/img\/logos\/payment\/mastercard@2x.png\" \/><img loading=\"lazy\" decoding=\"async\" class=\"lazyloaded smush-image-8 smush-image-6 smush-image-7 smush-detected-img smush-image-bigger-6\" src=\"https:\/\/d26lpennugtm8s.cloudfront.net\/assets\/common\/img\/logos\/payment\/amex@2x.png\" width=\"43\" height=\"27\" data-src=\"https:\/\/d26lpennugtm8s.cloudfront.net\/assets\/common\/img\/logos\/payment\/amex@2x.png\" \/><img loading=\"lazy\" decoding=\"async\" class=\"lazyloaded smush-image-9 smush-image-7 smush-image-8 smush-detected-img smush-image-bigger-7\" src=\"https:\/\/d26lpennugtm8s.cloudfront.net\/assets\/common\/img\/logos\/payment\/diners@2x.png\" width=\"46\" height=\"29\" data-src=\"https:\/\/d26lpennugtm8s.cloudfront.net\/assets\/common\/img\/logos\/payment\/diners@2x.png\" \/><img loading=\"lazy\" decoding=\"async\" class=\"lazyloaded smush-image-10 smush-image-8 smush-image-9 alignnone smush-detected-img smush-image-bigger-8\" src=\"https:\/\/d26lpennugtm8s.cloudfront.net\/assets\/common\/img\/logos\/payment\/br\/elo@2x.png\" alt=\"portf\u00f3lio unopar anhanguera\" width=\"45\" height=\"28\" data-src=\"https:\/\/d26lpennugtm8s.cloudfront.net\/assets\/common\/img\/logos\/payment\/br\/elo@2x.png\" \/><img loading=\"lazy\" decoding=\"async\" class=\"lazyloaded smush-image-11 smush-image-9 smush-image-10 alignnone smush-detected-img smush-image-bigger-9\" src=\"https:\/\/d26lpennugtm8s.cloudfront.net\/assets\/common\/img\/logos\/payment\/br\/hipercard@2x.png\" alt=\"portf\u00f3lio unopar anhanguera\" width=\"44\" height=\"28\" data-src=\"https:\/\/d26lpennugtm8s.cloudfront.net\/assets\/common\/img\/logos\/payment\/br\/hipercard@2x.png\" \/><img loading=\"lazy\" decoding=\"async\" class=\"lazyloaded smush-image-12 smush-image-10 smush-image-11 alignnone smush-detected-img smush-image-bigger-10\" src=\"https:\/\/d26lpennugtm8s.cloudfront.net\/assets\/common\/img\/logos\/payment\/mercadopago@2x.png\" alt=\"portf\u00f3lio unopar anhanguera\" width=\"45\" height=\"28\" data-src=\"https:\/\/d26lpennugtm8s.cloudfront.net\/assets\/common\/img\/logos\/payment\/mercadopago@2x.png\" \/><img loading=\"lazy\" decoding=\"async\" class=\"alignnone ls-is-cached lazyloaded smush-detected-img smush-image-bigger-11\" src=\"https:\/\/futurium.com.br\/wp-content\/uploads\/2021\/06\/logo-pix-icone-512.png\" alt=\"portfolio pronto\" width=\"30\" height=\"30\" data-src=\"https:\/\/futurium.com.br\/wp-content\/uploads\/2021\/06\/logo-pix-icone-512.png\" \/><\/p>\n<\/div>\n<\/div>\n<\/div>\n","protected":false},"featured_media":23273,"template":"","meta":{"_seopress_robots_primary_cat":"none","_seopress_titles_title":"%%post_title%% %%sitetitle%%","_seopress_titles_desc":"%%post_content%%","_seopress_robots_index":""},"product_cat":[33,220,15],"product_tag":[],"class_list":{"0":"post-23270","1":"product","2":"type-product","3":"status-publish","4":"has-post-thumbnail","6":"product_cat-cursos-de-engenharia","7":"product_cat-engenharia-civil","8":"product_cat-uncategorized","10":"first","11":"instock","12":"downloadable","13":"virtual","14":"purchasable","15":"product-type-simple","16":"col-xs-6 col-sm-4","17":"col-mf-5","18":"un-5-cols"},"jetpack_sharing_enabled":true,"_links":{"self":[{"href":"https:\/\/portifolioos-prontos.com\/index.php\/wp-json\/wp\/v2\/product\/23270","targetHints":{"allow":["GET"]}}],"collection":[{"href":"https:\/\/portifolioos-prontos.com\/index.php\/wp-json\/wp\/v2\/product"}],"about":[{"href":"https:\/\/portifolioos-prontos.com\/index.php\/wp-json\/wp\/v2\/types\/product"}],"version-history":[{"count":0,"href":"https:\/\/portifolioos-prontos.com\/index.php\/wp-json\/wp\/v2\/product\/23270\/revisions"}],"wp:featuredmedia":[{"embeddable":true,"href":"https:\/\/portifolioos-prontos.com\/index.php\/wp-json\/wp\/v2\/media\/23273"}],"wp:attachment":[{"href":"https:\/\/portifolioos-prontos.com\/index.php\/wp-json\/wp\/v2\/media?parent=23270"}],"wp:term":[{"taxonomy":"product_cat","embeddable":true,"href":"https:\/\/portifolioos-prontos.com\/index.php\/wp-json\/wp\/v2\/product_cat?post=23270"},{"taxonomy":"product_tag","embeddable":true,"href":"https:\/\/portifolioos-prontos.com\/index.php\/wp-json\/wp\/v2\/product_tag?post=23270"}],"curies":[{"name":"wp","href":"https:\/\/api.w.org\/{rel}","templated":true}]}}