{"id":23283,"date":"2024-02-13T18:08:41","date_gmt":"2024-02-13T21:08:41","guid":{"rendered":"https:\/\/portifolioos-prontos.com\/?post_type=product&#038;p=23283"},"modified":"2026-03-02T17:07:43","modified_gmt":"2026-03-02T20:07:43","slug":"aula-pratica-exames-especiais-em-raio-x-e-ultrassonografia","status":"publish","type":"product","link":"https:\/\/portifolioos-prontos.com\/index.php\/product\/aula-pratica-exames-especiais-em-raio-x-e-ultrassonografia\/","title":{"rendered":"Aula pr\u00e1tica Exames especiais em raio x e ultrassonografia"},"content":{"rendered":"<h5><strong>Aula pr\u00e1tica Exames especiais em raio x e ultrassonografia<\/strong><\/h5>\n<hr \/>\n<h5><strong>ROTEIRO DE AULA PR\u00c1TICA<\/strong><\/h5>\n<hr \/>\n<h5><strong>NOME DA DISCIPLINA: Exames especiais em Raio x e Ultrassonografia<\/strong><\/h5>\n<hr \/>\n<h5><strong>OBJETIVOS<\/strong><\/h5>\n<p>Defini\u00e7\u00e3o dos objetivos da aula pr\u00e1tica:<\/p>\n<p>Aprender a realizar as condutas em casos de acidente vascular encef\u00e1lico, dor precordial, lipotimia, desmaio e obstru\u00e7\u00e3o de vias a\u00e9reas por corpo estranho.<\/p>\n<hr \/>\n<h5><strong>INFRAESTRUTURA<\/strong><\/h5>\n<p>Instala\u00e7\u00f5es:<br \/>\nComputador com acesso a internet<\/p>\n<p>Materiais de consumo:<\/p>\n<p>Descri\u00e7\u00e3o<br \/>\nQuantid. de materiais por procedimento\/atividade<br \/>\nComputador com acesso \u00e0 internet.<\/p>\n<hr \/>\n<h5><strong>Software<\/strong><\/h5>\n<p>Sim ( X ) N\u00e3o ( )<\/p>\n<p>Em caso afirmativo, qual? MedDream<br \/>\nPago ( ) N\u00e3o Pago ( X )<br \/>\nTipo de Licen\u00e7a: NSA.<\/p>\n<p>Descri\u00e7\u00e3o do software:<br \/>\nMedDream WEB DICOM<\/p>\n<hr \/>\n<h5><strong>Equipamento de Prote\u00e7\u00e3o Individual (EPI)<\/strong><\/h5>\n<p>N\u00e3o se aplica.<\/p>\n<hr \/>\n<h5><strong>PROCEDIMENTOS PR\u00c1TICOS<\/strong><\/h5>\n<hr \/>\n<h5><strong>Procedimento\/Atividade N\u00ba 1<\/strong><\/h5>\n<hr \/>\n<h5><strong>Atividade proposta<\/strong><\/h5>\n<p>Capacidade de realizar um exame radiol\u00f3gico em paciente traumatizado.<\/p>\n<hr \/>\n<h5><strong>Procedimentos para a realiza\u00e7\u00e3o da atividade<\/strong><\/h5>\n<p>Antes de iniciar sua aula, pe\u00e7o que acesse o link abaixo e veja o v\u00eddeo com as instru\u00e7\u00f5es:<br \/>\n<a href=\"https:\/\/drive.google.com\/file\/d\/1rIFQQiUkJtV3HBMF906zKQSFXy1Njcea\/view?usp=sharing\">https:\/\/drive.google.com\/file\/d\/1rIFQQiUkJtV3HBMF906zKQSFXy1Njcea\/view?usp=sharing<\/a><\/p>\n<p>A radiologia do trauma \u00e9 uma \u00e1rea de estudo que se dedica \u00e0 avalia\u00e7\u00e3o e diagn\u00f3stico por imagem de les\u00f5es causadas por traumas f\u00edsicos, como acidentes de carro, quedas, les\u00f5es esportivas e agress\u00f5es.<\/p>\n<p>Vamos para nossa atividade:<\/p>\n<p>Caso Cl\u00ednico: Paciente com Trauma de Costelas.<\/p>\n<p>Hist\u00f3ria Cl\u00ednica:<br \/>\nUm paciente de 45 anos chega ao Pronto-Socorro com queixa de dor intensa no lado esquerdo do t\u00f3rax ap\u00f3s sofrer um acidente de carro. Ele relata ter batido o lado esquerdo do t\u00f3rax no volante durante a colis\u00e3o. O paciente apresenta dificuldade respirat\u00f3ria e dor \u00e0 palpa\u00e7\u00e3o na regi\u00e3o das costelas direitas.<\/p>\n<p>Tarefa:<br \/>\nComo aluno tecn\u00f3logo em radiologia, sua tarefa \u00e9 descrever o procedimento de radiografia a ser realizado nesse paciente para avalia\u00e7\u00e3o do trauma de costelas.<\/p>\n<hr \/>\n<p>Caso Cl\u00ednico: Paciente com Trauma de F\u00edbula Proximal.<\/p>\n<p>Hist\u00f3ria Cl\u00ednica:<br \/>\nUm paciente de 30 anos chega ao Pronto-Socorro com dor e incha\u00e7o na regi\u00e3o do tornozelo direito ap\u00f3s uma queda durante a pr\u00e1tica esportiva. O paciente relata ter sentido um estalo na perna e n\u00e3o consegue apoiar o peso sobre o membro inferior afetado. Ao exame f\u00edsico, \u00e9 observada deformidade localizada e sensibilidade na regi\u00e3o proximal da f\u00edbula.<\/p>\n<p>Tarefa:<br \/>\nComo aluno tecn\u00f3logo em radiologia, sua tarefa \u00e9 descrever o procedimento de radiografia a ser realizado nesse paciente para avalia\u00e7\u00e3o do trauma de f\u00edbula proximal.<\/p>\n<hr \/>\n<h5><strong>Procedimento\/Atividade N\u00ba 2<\/strong><\/h5>\n<hr \/>\n<h5><strong>Atividade proposta<\/strong><\/h5>\n<p>Capacidade de identificar estruturas anat\u00f4micas na imagem de raio x.<\/p>\n<hr \/>\n<h5><strong>Procedimentos para a realiza\u00e7\u00e3o da atividade<\/strong><\/h5>\n<p>Para a nossa atividade voc\u00ea deve acessar a plataforma MedDream, vamos l\u00e1?<\/p>\n<p>\u2022 Acesse a plataforma MedDream atrav\u00e9s do link: <a href=\"https:\/\/www.softneta.com\/\">https:\/\/www.softneta.com\/<\/a> e selecionar \u201cONLINE DEMO\u201d.<\/p>\n<p>\u2022 Ao abrir o visualizador, selecione no menu inferior a op\u00e7\u00e3o \u201cDX DICOM\u201d<\/p>\n<p>\u2022 Agora voc\u00ea vai clicar e ampliar a imagem que corresponde a uma radiografia de quadril;<\/p>\n<p>Vamos para a atividade?<\/p>\n<ol>\n<li>Nomeie todas as estruturas que voc\u00ea consegue visualizar nessa imagem;<\/li>\n<li>Qual protocolo de posicionamento para uma radiografia de QUADRIL COM SUSPEITA DE TRAUMA?<\/li>\n<li>Na imagem abaixo temos trauma? Qual estrutura est\u00e1 fraturada?<\/li>\n<\/ol>\n<hr \/>\n<h5><strong>Checklist<\/strong><\/h5>\n<p>\u00c9 esperado, que ao final dessa pr\u00e1tica, o aluno saiba a import\u00e2ncia de conhecer os protocolos para a realiza\u00e7\u00e3o de exames em pacientes com suspeita de trauma, al\u00e9m de saber identificar uma estrutura anat\u00f4mica modificada em decorr\u00eancia de fratura.<\/p>\n<hr \/>\n<h5><strong>RESULTADOS<\/strong><\/h5>\n<p>Resultados da aula pr\u00e1tica:<\/p>\n<p>Orienta\u00e7\u00f5es para o envio da atividade:<\/p>\n<p>\u2022 O resultado de aprendizagem da aula pr\u00e1tica dever\u00e1 ser registrado em forma de um relat\u00f3rio descritivo que dever\u00e1 ser postado em seu ambiente virtual.<br \/>\n\u2022 A postagem do arquivo final deve ser em um \u00fanico arquivo, formato .DOC (Word ou editor de textos), elaborado de acordo com as normas da ABNT;<br \/>\n\u2022 Apresente por meio de prints da tela as fases do contraste identificadas na Atividade 1.<br \/>\n\u2022 Responda detalhadamente as quest\u00f5es propostas na Atividade 2.<br \/>\n\u2022 O sistema ir\u00e1 arquivar e disponibilizar para corre\u00e7\u00e3o apenas o \u00faltimo trabalho encaminhado, caso voc\u00ea encaminhe um novo arquivo, ele ir\u00e1 sobrepor e apagar o arquivo encaminhado anteriormente;<br \/>\n\u2022 Voc\u00ea dever\u00e1 postar o trabalho finalizado no AVA, o que dever\u00e1 ser feito na pasta espec\u00edfica, obedecendo ao prazo limite de postagem, conforme disposto no cronograma do curso. N\u00e3o existe prorroga\u00e7\u00e3o para a postagem da atividade;<br \/>\n\u2022 O trabalho ser\u00e1 realizado individualmente.<br \/>\n\u2022 N\u00e3o deixe de participar de todas as tarefas! Elas ser\u00e3o determinantes para o aprendizado das t\u00e9cnicas.<\/p>\n<div class=\"elementor-toggle-item\">\n<h4 id=\"elementor-tab-title-1941\" class=\"elementor-tab-title elementor-active\" tabindex=\"0\" role=\"tab\" data-tab=\"1\" aria-controls=\"elementor-tab-content-1941\" aria-expanded=\"true\" aria-selected=\"true\">Como funciona?<\/h4>\n<div id=\"elementor-tab-content-1941\" class=\"elementor-tab-content elementor-clearfix elementor-active\" role=\"tabpanel\" data-tab=\"1\" aria-labelledby=\"elementor-tab-title-1941\">\n<p>Elaboramos os portf\u00f3lios, j\u00e1 deixamos prontos, nas normas da ABNT e conforme os requisitos da universidade. F\u00e1cil assim! O MELHOR \u00c9 QUE VOC\u00ca COMPRA E J\u00c1 BAIXA NA HORA O SEU ARQUIVO EM WORD! Sabemos que conciliar trabalho, fam\u00edlia, vida profissional e estudos \u00e9 dif\u00edcil hoje em dia, por isso, estamos aqui para ajudar voc\u00ea. Conte com nossa qualidade, experi\u00eancia e profissionalismo adquirindo seu portf\u00f3lio conosco. GARANTIMOS SEU CONCEITO!<\/p>\n<h4>Como se realizam os envios?<\/h4>\n<\/div>\n<\/div>\n<div class=\"elementor-toggle-item\">\n<div id=\"elementor-tab-content-1942\" class=\"elementor-tab-content elementor-clearfix elementor-active\" role=\"tabpanel\" data-tab=\"2\" aria-labelledby=\"elementor-tab-title-1942\">O seu trabalho \u00e9 disponibilizado pronto, respondido e nas normas j\u00e1 na mesma hora aqui em nosso site na sua \u00e1rea de downloads e tamb\u00e9m no seu e-mail.<\/div>\n<\/div>\n<div class=\"elementor-toggle-item\">\n<div id=\"elementor-tab-content-1943\" class=\"elementor-tab-content elementor-clearfix elementor-active\" role=\"tabpanel\" data-tab=\"3\" aria-labelledby=\"elementor-tab-title-1943\">\n<h4>Em quanto tempo recebo o portf\u00f3lio?<\/h4>\n<\/div>\n<\/div>\n<div class=\"elementor-toggle-item\">\n<div id=\"elementor-tab-content-1944\" class=\"elementor-tab-content elementor-clearfix elementor-active\" role=\"tabpanel\" data-tab=\"4\" aria-labelledby=\"elementor-tab-title-1944\">\n<p>Os envios s\u00e3o imediatos. Ap\u00f3s sua compra, o trabalho j\u00e1 \u00e9 disponibilizado instantaneamente aqui em nosso site e no seu e-mail.<\/p>\n<h4>E se o portf\u00f3lio que comprei precisar de corre\u00e7\u00e3o?<\/h4>\n<\/div>\n<\/div>\n<div class=\"elementor-toggle-item\">\n<div id=\"elementor-tab-content-1945\" class=\"elementor-tab-content elementor-clearfix elementor-active\" role=\"tabpanel\" data-tab=\"5\" aria-labelledby=\"elementor-tab-title-1945\">\n<p>Caso haja alguma solicita\u00e7\u00e3o de corre\u00e7\u00e3o\/altera\u00e7\u00e3o por parte do tutor, basta entrar em contato conosco pelo\u00a0WhatsApp\u00a0que provid\u00eanciaremos sem custo algum.<\/p>\n<h4>Qual o formato do arquivo?<\/h4>\n<\/div>\n<\/div>\n<div class=\"elementor-toggle-item\">\n<div id=\"elementor-tab-content-1946\" class=\"elementor-tab-content elementor-clearfix elementor-active\" role=\"tabpanel\" data-tab=\"6\" aria-labelledby=\"elementor-tab-title-1946\">\n<p>Os arquivos s\u00e3o enviados em formato Word e s\u00e3o edit\u00e1veis.<\/p>\n<h4>Caso eu tiver alguma d\u00favida, terei suporte no p\u00f3s venda?<\/h4>\n<\/div>\n<\/div>\n<div class=\"elementor-toggle-item\">\n<div id=\"elementor-tab-content-1948\" class=\"elementor-tab-content elementor-clearfix elementor-active\" role=\"tabpanel\" data-tab=\"8\" aria-labelledby=\"elementor-tab-title-1948\">\n<p>Sim, com certeza. Basta clicar no \u00edcone do WhatsApp no cantinho da tela. Ser\u00e1 um prazer atend\u00ea-lo(a).<\/p>\n<div class=\"elementor-toggle-item\">\n<div id=\"elementor-tab-content-1948\" class=\"elementor-tab-content elementor-clearfix elementor-active\" role=\"tabpanel\" data-tab=\"8\" aria-labelledby=\"elementor-tab-title-1948\">\n<h4>Quais os seus canais de contato?<\/h4>\n<\/div>\n<\/div>\n<div class=\"elementor-toggle-item\">\n<div id=\"elementor-tab-content-1949\" class=\"elementor-tab-content elementor-clearfix elementor-active\" role=\"tabpanel\" data-tab=\"9\" aria-labelledby=\"elementor-tab-title-1949\">\n<p>Whatsapp: 53 984751621 \u2013 Clicar no canto da tela ou ESCANEIE O QRCODE ABAIXO<\/p>\n<h4><img decoding=\"async\" class=\"alignnone wp-image-13699 jetpack-lazy-image jetpack-lazy-image--handled\" src=\"https:\/\/i0.wp.com\/portifolioos-prontos.com\/wp-content\/uploads\/2023\/02\/whatsapp-business-projeto-de-extensao-300x300.jpeg?resize=144%2C144\" sizes=\"(max-width: 144px) 100vw, 144px\" srcset=\"https:\/\/i0.wp.com\/portifolioos-prontos.com\/wp-content\/uploads\/2023\/02\/whatsapp-business-projeto-de-extensao.jpeg?resize=300%2C301&amp;ssl=1 300w, https:\/\/i0.wp.com\/portifolioos-prontos.com\/wp-content\/uploads\/2023\/02\/whatsapp-business-projeto-de-extensao.jpeg?resize=150%2C150&amp;ssl=1 150w, https:\/\/i0.wp.com\/portifolioos-prontos.com\/wp-content\/uploads\/2023\/02\/whatsapp-business-projeto-de-extensao.jpeg?resize=370%2C372&amp;ssl=1 370w, https:\/\/i0.wp.com\/portifolioos-prontos.com\/wp-content\/uploads\/2023\/02\/whatsapp-business-projeto-de-extensao.jpeg?resize=100%2C100&amp;ssl=1 100w, https:\/\/i0.wp.com\/portifolioos-prontos.com\/wp-content\/uploads\/2023\/02\/whatsapp-business-projeto-de-extensao.jpeg?w=470&amp;ssl=1 470w\" alt=\"projeto de extens\u00e3o unopar\" width=\"144\" height=\"144\" data-lazy-loaded=\"1\" \/><\/h4>\n<\/div>\n<\/div>\n<\/div>\n<\/div>\n<div class=\"elementor-toggle-item\">\n<div id=\"elementor-tab-content-1949\" class=\"elementor-tab-content elementor-clearfix elementor-active\" role=\"tabpanel\" data-tab=\"9\" aria-labelledby=\"elementor-tab-title-1949\">\n<p>E-mail:portifoliosp@gmail.com<\/p>\n<div id=\"attachment_143\" class=\"wp-caption alignnone\">\n<div id=\"attachment_143\" class=\"wp-caption alignnone\" style=\"width: 95px;\">\n<p><a href=\"http:\/\/portifolioos-prontos.com\/\"><img decoding=\"async\" class=\"wp-image-143 jetpack-lazy-image jetpack-lazy-image--handled\" title=\"portfolio pronto unopar\" src=\"https:\/\/i0.wp.com\/portifolioos-prontos.com\/wp-content\/uploads\/2022\/04\/conceitomaximo.png?resize=161%2C46\" alt=\"PORTFOLIO PRONTO UNOPAR ANHANGUERA\" width=\"95\" height=\"27\" aria-describedby=\"caption-attachment-143\" data-lazy-loaded=\"1\" \/><\/a><\/p>\n<p id=\"caption-attachment-143\" class=\"wp-caption-text\">Portf\u00f3lio em Word, respondido, completo e j\u00e1 nas normas.<\/p>\n<\/div>\n<\/div>\n<\/div>\n<\/div>\n","protected":false},"excerpt":{"rendered":"<div class=\"product-short-description\">\n<h5><strong>Pague pelo PIX ou cart\u00e3o e fa\u00e7a o download agora mesmo.<\/strong><\/h5>\n<\/div>\n<div class=\"sticky-add-to-cart-wrapper\">\n<div class=\"sticky-add-to-cart\">\n<div class=\"quantity buttons_added form-flat\"><img decoding=\"async\" class=\"\" src=\"https:\/\/d26lpennugtm8s.cloudfront.net\/assets\/common\/img\/logos\/payment\/visa@2x.png\" width=\"46\" height=\"29\" \/><img loading=\"lazy\" decoding=\"async\" class=\"\" src=\"https:\/\/d26lpennugtm8s.cloudfront.net\/assets\/common\/img\/logos\/payment\/boleto@2x.png\" width=\"43\" height=\"27\" \/><img loading=\"lazy\" decoding=\"async\" class=\"\" src=\"https:\/\/d26lpennugtm8s.cloudfront.net\/assets\/common\/img\/logos\/payment\/mastercard@2x.png\" width=\"43\" height=\"27\" \/><img loading=\"lazy\" decoding=\"async\" class=\"\" src=\"https:\/\/d26lpennugtm8s.cloudfront.net\/assets\/common\/img\/logos\/payment\/amex@2x.png\" width=\"43\" height=\"27\" \/><img loading=\"lazy\" decoding=\"async\" class=\"\" src=\"https:\/\/d26lpennugtm8s.cloudfront.net\/assets\/common\/img\/logos\/payment\/diners@2x.png\" width=\"46\" height=\"29\" \/><img loading=\"lazy\" decoding=\"async\" class=\"\" src=\"https:\/\/d26lpennugtm8s.cloudfront.net\/assets\/common\/img\/logos\/payment\/br\/elo@2x.png\" width=\"45\" height=\"28\" \/><img loading=\"lazy\" decoding=\"async\" class=\"\" src=\"https:\/\/d26lpennugtm8s.cloudfront.net\/assets\/common\/img\/logos\/payment\/br\/hipercard@2x.png\" width=\"44\" height=\"28\" \/><img loading=\"lazy\" decoding=\"async\" class=\"\" src=\"https:\/\/d26lpennugtm8s.cloudfront.net\/assets\/common\/img\/logos\/payment\/mercadopago@2x.png\" width=\"45\" height=\"28\" \/><\/div>\n<\/div>\n<\/div>\n","protected":false},"featured_media":23286,"template":"","meta":{"_seopress_robots_primary_cat":"none","_seopress_titles_title":"%%post_title%% %%sitetitle%%","_seopress_titles_desc":"%%post_content%%","_seopress_robots_index":""},"product_cat":[67,15],"product_tag":[],"class_list":{"0":"post-23283","1":"product","2":"type-product","3":"status-publish","4":"has-post-thumbnail","6":"product_cat-radiologia","7":"product_cat-uncategorized","9":"first","10":"instock","11":"downloadable","12":"virtual","13":"purchasable","14":"product-type-simple","15":"col-xs-6 col-sm-4","16":"col-mf-5","17":"un-5-cols"},"jetpack_sharing_enabled":true,"_links":{"self":[{"href":"https:\/\/portifolioos-prontos.com\/index.php\/wp-json\/wp\/v2\/product\/23283","targetHints":{"allow":["GET"]}}],"collection":[{"href":"https:\/\/portifolioos-prontos.com\/index.php\/wp-json\/wp\/v2\/product"}],"about":[{"href":"https:\/\/portifolioos-prontos.com\/index.php\/wp-json\/wp\/v2\/types\/product"}],"version-history":[{"count":2,"href":"https:\/\/portifolioos-prontos.com\/index.php\/wp-json\/wp\/v2\/product\/23283\/revisions"}],"predecessor-version":[{"id":49822,"href":"https:\/\/portifolioos-prontos.com\/index.php\/wp-json\/wp\/v2\/product\/23283\/revisions\/49822"}],"wp:featuredmedia":[{"embeddable":true,"href":"https:\/\/portifolioos-prontos.com\/index.php\/wp-json\/wp\/v2\/media\/23286"}],"wp:attachment":[{"href":"https:\/\/portifolioos-prontos.com\/index.php\/wp-json\/wp\/v2\/media?parent=23283"}],"wp:term":[{"taxonomy":"product_cat","embeddable":true,"href":"https:\/\/portifolioos-prontos.com\/index.php\/wp-json\/wp\/v2\/product_cat?post=23283"},{"taxonomy":"product_tag","embeddable":true,"href":"https:\/\/portifolioos-prontos.com\/index.php\/wp-json\/wp\/v2\/product_tag?post=23283"}],"curies":[{"name":"wp","href":"https:\/\/api.w.org\/{rel}","templated":true}]}}