{"id":23306,"date":"2024-02-13T20:36:27","date_gmt":"2024-02-13T23:36:27","guid":{"rendered":"https:\/\/portifolioos-prontos.com\/?post_type=product&#038;p=23306"},"modified":"2025-08-03T16:29:38","modified_gmt":"2025-08-03T19:29:38","slug":"aula-pratica-infraestrutura-agil","status":"publish","type":"product","link":"https:\/\/portifolioos-prontos.com\/index.php\/product\/aula-pratica-infraestrutura-agil\/","title":{"rendered":"Aula pr\u00e1tica Infraestrutura \u00e1gil"},"content":{"rendered":"<h4>Aula pr\u00e1tica Infraestrutura \u00e1gil<\/h4>\n<hr \/>\n<p>ROTEIRO DE AULA PR\u00c1TICA<\/p>\n<p>NOME DA DISCIPLINA: INFRAESTRUTURA \u00c1GIL<\/p>\n<p>Unidade: INFRAESTRUTURA EM CONTAINERS<\/p>\n<p>Se\u00e7\u00e3o: Implanta\u00e7\u00e3o de Containers<\/p>\n<p>OBJETIVOS Defini\u00e7\u00e3o dos objetivos da aula pr\u00e1tica: \u2022 Compreender os conceitos fundamentais de containers, Docker e Kubernetes. \u2022 Capacitar os alunos na instala\u00e7\u00e3o e utiliza\u00e7\u00e3o b\u00e1sica de Docker Containers. \u2022 Demonstrar a arquitetura e funcionamento do Kubernetes. \u2022 Explorar exemplos de replica\u00e7\u00e3o e padroniza\u00e7\u00e3o de containers. \u2022 Introduzir pr\u00e1ticas de monitoramento de containers e sistemas virtualizados.<\/p>\n<p>INFRAESTRUTURA\u00a0Instala\u00e7\u00f5es \u2013 Materiais de consumo \u2013 Equipamentos: LABORAT\u00d3RIO DE INFORM\u00c1TICA Equipamentos: \u2022 Desktop Lab Informatica \u2013 Positivo C6300 ~ 1 un para cada aluno SOLU\u00c7\u00c3O DIGITAL \u2022 DOCKER CONTAINERS (Software) Docker Containers: uma plataforma de virtualiza\u00e7\u00e3o que permite aos usu\u00e1rios criar, implantar e executar aplicativos em cont\u00eaineres isolados, tornando o processo de desenvolvimento e implanta\u00e7\u00e3o mais r\u00e1pido e f\u00e1cil.<\/p>\n<p>EQUIPAMENTO DE PROTE\u00c7\u00c3O INDIVIDUAL (EPI) N\u00e3o se aplica 3<\/p>\n<p>PROCEDIMENTOS PR\u00c1TICOS<\/p>\n<p>Procedimento\/Atividade n\u00ba 1 (F\u00edsico) Atividade proposta: Implanta\u00e7\u00e3o de Containers com Docker e Kubernetes. Procedimentos para a realiza\u00e7\u00e3o da atividade:<\/p>\n<p>Passo 1: Introdu\u00e7\u00e3o aos Containers e Docker \u00b7 Assista ao v\u00eddeo introdut\u00f3rio sobre containers. \u00b7 Fa\u00e7a a leitura de um artigo destacando as vantagens do Docker. \u00b7 Traga em uma resenha os principais pontos.<\/p>\n<p>Passo 2: Arquitetura e Funcionamento do Kubernetes \u00b7 Realize um tutorial interativo online sobre os componentes do Kubernetes. \u00b7 Desenhe um diagrama simples representando a arquitetura do Kubernetes.<\/p>\n<p>Passo 3: Instalar e verificar o funcionamento do Docker. Certifique-se de estar utilizando um sistema operacional compat\u00edvel com o Docker. O Docker \u00e9 compat\u00edvel com uma variedade de sistemas operacionais, incluindo Linux, Windows e macOS. Verifique os requisitos espec\u00edficos para o seu sistema no site oficial do Docker. \u00b7 Linux: Utilize o gerenciador de pacotes do seu sistema. Para distribui\u00e7\u00f5es baseadas em Debian, como o Ubuntu, use o seguinte comando: sudo apt-get update sudo apt-get install docker-ce docker-ce-cli containerd.io \u00b7 Windows: Baixe o instalador do Docker Desktop no site oficial e siga as instru\u00e7\u00f5es do instalador. Verifica\u00e7\u00e3o da Instala\u00e7\u00e3o<\/p>\n<p>4 Ap\u00f3s a instala\u00e7\u00e3o, \u00e9 crucial verificar se o Docker est\u00e1 funcionando corretamente. Abra um terminal ou prompt de comando. Execute o seguinte comando para verificar se o Docker est\u00e1 instalado: docker \u2013version Isso deve exibir a vers\u00e3o do Docker instalada no seu sistema. Em seguida, execute o comando para verificar se o Docker est\u00e1 funcionando corretamente: docker run hello-world Este comando baixar\u00e1 uma imagem leve, executar\u00e1 um container a partir dela e exibir\u00e1 uma mensagem indicando que o Docker est\u00e1 funcionando corretamente.<\/p>\n<p>Passo 6: Atividade Pr\u00e1tica \u2013 Utiliza\u00e7\u00e3o do Docker Containers Agora que voc\u00ea tem o Docker instalado e verificado, vamos criar e executar um container personalizado. Escolha uma aplica\u00e7\u00e3o simples para ser empacotada em um container. Vamos usar um exemplo com um servidor web b\u00e1sico. Cria\u00e7\u00e3o do Dockerfile Abra seu editor de texto preferido e crie um arquivo chamado Dockerfile (sem extens\u00e3o) em um diret\u00f3rio de sua escolha. Adicione o seguinte conte\u00fado ao Dockerfile: Este exemplo utiliza a imagem oficial do Ubuntu e instala o servidor web Nginx.<\/p>\n<p>5 Constru\u00e7\u00e3o da Imagem No mesmo diret\u00f3rio do Dockerfile, abra um terminal ou prompt de comando. Execute o seguinte comando para construir a imagem: docker build -t meu-servidor-web:1.0 . Certifique-se de incluir o ponto (.) no final, indicando que o Dockerfile est\u00e1 no diret\u00f3rio atual. Execu\u00e7\u00e3o do Container Ap\u00f3s a constru\u00e7\u00e3o da imagem, execute o seguinte comando para iniciar um container: docker run -p 8080:80 meu-servidor-web:1.0 Este comando mapeia a porta 80 do container para a porta 8080 do host. Abra um navegador web e acesse\u00a0<a href=\"http:\/\/localhost:8080\/\" rel=\"nofollow\">http:\/\/localhost:8080<\/a>. Voc\u00ea deve ver a p\u00e1gina padr\u00e3o do Nginx, indicando que o servidor web est\u00e1 funcionando. Explorando o Container Para acessar o shell do container e explorar seu ambiente: docker exec -it \/bin\/bash Substitua pelo ID do container em execu\u00e7\u00e3o (voc\u00ea pode obter esse ID usando \u2018docker os\u2019). Checklist: \u2022 Assista ao v\u00eddeo introdut\u00f3rio sobre containers. \u2022 Leia um artigo sobre as vantagens do Docker. \u2022 Realize um tutorial interativo sobre os componentes do Kubernetes. \u2022 Desenhe um diagrama representando a arquitetura do Kubernetes. \u2022 Siga um guia para instalar o Docker no sistema operacional. \u2022 Verifique a instala\u00e7\u00e3o usando comandos b\u00e1sicos.<\/p>\n<div class=\"elementor-toggle-item\">\n<div class=\"elementor-toggle-item\">\n<p id=\"elementor-tab-title-1941\" class=\"elementor-tab-title elementor-active\" tabindex=\"0\" role=\"tab\" data-tab=\"1\" aria-controls=\"elementor-tab-content-1941\" aria-expanded=\"true\" aria-selected=\"true\"><strong>Como funciona?<\/strong><\/p>\n<p>Elaboramos os portf\u00f3lios, j\u00e1 deixamos prontos, nas normas da ABNT e conforme os requisitos da universidade. F\u00e1cil assim! O MELHOR \u00c9 QUE VOC\u00ca COMPRA E J\u00c1 BAIXA NA HORA O SEU ARQUIVO EM WORD! Sabemos que conciliar trabalho, fam\u00edlia, vida profissional e estudos \u00e9 dif\u00edcil hoje em dia, por isso, estamos aqui para ajudar voc\u00ea. Conte com nossa qualidade, experi\u00eancia e profissionalismo adquirindo seu portf\u00f3lio conosco. GARANTIMOS SEU CONCEITO!<\/p>\n<p><strong>Como se realizam os envios?<\/strong><\/p>\n<\/div>\n<p id=\"elementor-tab-content-1942\" class=\"elementor-tab-content elementor-clearfix elementor-active\" role=\"tabpanel\" data-tab=\"2\" aria-labelledby=\"elementor-tab-title-1942\">O seu trabalho \u00e9 disponibilizado pronto, respondido e nas normas j\u00e1 na mesma hora aqui em nosso site na sua \u00e1rea de downloads e tamb\u00e9m no seu e-mail.<\/p>\n<p><strong>Em quanto tempo recebo o portf\u00f3lio?<\/strong><\/p>\n<p>Os envios s\u00e3o imediatos. Ap\u00f3s sua compra, o trabalho j\u00e1 \u00e9 disponibilizado instantaneamente aqui em nosso site e no seu e-mail.<\/p>\n<p><strong>E se o portf\u00f3lio que comprei precisar de corre\u00e7\u00e3o?<\/strong><\/p>\n<p>Caso haja alguma solicita\u00e7\u00e3o de corre\u00e7\u00e3o\/altera\u00e7\u00e3o por parte do tutor, basta entrar em contato conosco pelo\u00a0WhatsApp\u00a0que provid\u00eanciaremos sem custo algum.<\/p>\n<p><strong>Qual o formato do arquivo?<\/strong><\/p>\n<p>Os arquivos s\u00e3o enviados em formato Word e s\u00e3o edit\u00e1veis.<\/p>\n<p><strong>Caso eu tiver alguma d\u00favida, terei suporte no p\u00f3s venda?<\/strong><\/p>\n<p>Sim, com certeza. Basta clicar no \u00edcone do WhatsApp no cantinho da tela. Ser\u00e1 um prazer atend\u00ea-lo(a).<\/p>\n<div id=\"elementor-tab-content-1948\" class=\"elementor-tab-content elementor-clearfix elementor-active\" role=\"tabpanel\" data-tab=\"8\" aria-labelledby=\"elementor-tab-title-1948\">\n<p><strong>Quais os seus canais de contato?<\/strong><\/p>\n<\/div>\n<div id=\"elementor-tab-content-1949\" class=\"elementor-tab-content elementor-clearfix elementor-active\" role=\"tabpanel\" data-tab=\"9\" aria-labelledby=\"elementor-tab-title-1949\">\n<p>Whatsapp: 53 984751621 \u2013 Clicar no canto da tela ou ESCANEIE O QRCODE ABAIXO<\/p>\n<h4><img decoding=\"async\" class=\"alignnone wp-image-13699 jetpack-lazy-image jetpack-lazy-image--handled\" src=\"https:\/\/i0.wp.com\/portifolioos-prontos.com\/wp-content\/uploads\/2023\/02\/whatsapp-business-projeto-de-extensao-300x300.jpeg?resize=144%2C144\" sizes=\"(max-width: 144px) 100vw, 144px\" srcset=\"https:\/\/i0.wp.com\/portifolioos-prontos.com\/wp-content\/uploads\/2023\/02\/whatsapp-business-projeto-de-extensao.jpeg?resize=300%2C301&amp;ssl=1 300w, https:\/\/i0.wp.com\/portifolioos-prontos.com\/wp-content\/uploads\/2023\/02\/whatsapp-business-projeto-de-extensao.jpeg?resize=150%2C150&amp;ssl=1 150w, https:\/\/i0.wp.com\/portifolioos-prontos.com\/wp-content\/uploads\/2023\/02\/whatsapp-business-projeto-de-extensao.jpeg?resize=370%2C372&amp;ssl=1 370w, https:\/\/i0.wp.com\/portifolioos-prontos.com\/wp-content\/uploads\/2023\/02\/whatsapp-business-projeto-de-extensao.jpeg?resize=100%2C100&amp;ssl=1 100w, https:\/\/i0.wp.com\/portifolioos-prontos.com\/wp-content\/uploads\/2023\/02\/whatsapp-business-projeto-de-extensao.jpeg?w=470&amp;ssl=1 470w\" alt=\"projeto de extens\u00e3o unopar\" width=\"144\" height=\"144\" data-lazy-loaded=\"1\" \/><\/h4>\n<\/div>\n<div class=\"elementor-toggle-item\">\n<div id=\"elementor-tab-content-1949\" class=\"elementor-tab-content elementor-clearfix elementor-active\" role=\"tabpanel\" data-tab=\"9\" aria-labelledby=\"elementor-tab-title-1949\">\n<p>E-mail:portifoliosp@gmail.com<\/p>\n<div id=\"attachment_143\" class=\"wp-caption alignnone\">\n<div id=\"attachment_143\" class=\"wp-caption alignnone\">\n<p id=\"caption-attachment-143\" class=\"wp-caption-text\"><a href=\"http:\/\/portfolio-pronto.com\/\">Portf\u00f3lio<\/a>\u00a0em Word, respondido, completo e j\u00e1 nas normas<\/p>\n<\/div>\n<\/div>\n<\/div>\n<\/div>\n<\/div>\n","protected":false},"excerpt":{"rendered":"<div class=\"product-short-description\">\n<div class=\"product-short-description\">\n<p><strong>Pague pelo PIX ou cart\u00e3o e fa\u00e7a o download agora mesmo.<\/strong><\/p>\n<\/div>\n<div class=\"sticky-add-to-cart-wrapper\">\n<div class=\"sticky-add-to-cart\">\n<p class=\"quantity buttons_added form-flat\"><img decoding=\"async\" class=\"lazyloaded smush-image-5 smush-image-3 smush-image-4 smush-detected-img smush-image-bigger-3\" src=\"https:\/\/d26lpennugtm8s.cloudfront.net\/assets\/common\/img\/logos\/payment\/visa@2x.png\" width=\"46\" height=\"29\" data-src=\"https:\/\/d26lpennugtm8s.cloudfront.net\/assets\/common\/img\/logos\/payment\/visa@2x.png\" \/><img decoding=\"async\" class=\"lazyloaded smush-image-6 smush-image-4 smush-image-5 smush-detected-img smush-image-bigger-4\" src=\"https:\/\/d26lpennugtm8s.cloudfront.net\/assets\/common\/img\/logos\/payment\/boleto@2x.png\" width=\"43\" height=\"27\" data-src=\"https:\/\/d26lpennugtm8s.cloudfront.net\/assets\/common\/img\/logos\/payment\/boleto@2x.png\" \/><img loading=\"lazy\" decoding=\"async\" class=\"lazyloaded smush-image-7 smush-image-5 smush-image-6 smush-detected-img smush-image-bigger-5\" src=\"https:\/\/d26lpennugtm8s.cloudfront.net\/assets\/common\/img\/logos\/payment\/mastercard@2x.png\" width=\"43\" height=\"27\" data-src=\"https:\/\/d26lpennugtm8s.cloudfront.net\/assets\/common\/img\/logos\/payment\/mastercard@2x.png\" \/><img loading=\"lazy\" decoding=\"async\" class=\"lazyloaded smush-image-8 smush-image-6 smush-image-7 smush-detected-img smush-image-bigger-6\" src=\"https:\/\/d26lpennugtm8s.cloudfront.net\/assets\/common\/img\/logos\/payment\/amex@2x.png\" width=\"43\" height=\"27\" data-src=\"https:\/\/d26lpennugtm8s.cloudfront.net\/assets\/common\/img\/logos\/payment\/amex@2x.png\" \/><img loading=\"lazy\" decoding=\"async\" class=\"lazyloaded smush-image-9 smush-image-7 smush-image-8 smush-detected-img smush-image-bigger-7\" src=\"https:\/\/d26lpennugtm8s.cloudfront.net\/assets\/common\/img\/logos\/payment\/diners@2x.png\" width=\"46\" height=\"29\" data-src=\"https:\/\/d26lpennugtm8s.cloudfront.net\/assets\/common\/img\/logos\/payment\/diners@2x.png\" \/><img loading=\"lazy\" decoding=\"async\" class=\"lazyloaded smush-image-10 smush-image-8 smush-image-9 alignnone smush-detected-img smush-image-bigger-8\" src=\"https:\/\/d26lpennugtm8s.cloudfront.net\/assets\/common\/img\/logos\/payment\/br\/elo@2x.png\" alt=\"portf\u00f3lio unopar anhanguera\" width=\"45\" height=\"28\" data-src=\"https:\/\/d26lpennugtm8s.cloudfront.net\/assets\/common\/img\/logos\/payment\/br\/elo@2x.png\" \/><img loading=\"lazy\" decoding=\"async\" class=\"lazyloaded smush-image-11 smush-image-9 smush-image-10 alignnone smush-detected-img smush-image-bigger-9\" src=\"https:\/\/d26lpennugtm8s.cloudfront.net\/assets\/common\/img\/logos\/payment\/br\/hipercard@2x.png\" alt=\"portf\u00f3lio unopar anhanguera\" width=\"44\" height=\"28\" data-src=\"https:\/\/d26lpennugtm8s.cloudfront.net\/assets\/common\/img\/logos\/payment\/br\/hipercard@2x.png\" \/><img loading=\"lazy\" decoding=\"async\" class=\"lazyloaded smush-image-12 smush-image-10 smush-image-11 alignnone smush-detected-img smush-image-bigger-10\" src=\"https:\/\/d26lpennugtm8s.cloudfront.net\/assets\/common\/img\/logos\/payment\/mercadopago@2x.png\" alt=\"portf\u00f3lio unopar anhanguera\" width=\"45\" height=\"28\" data-src=\"https:\/\/d26lpennugtm8s.cloudfront.net\/assets\/common\/img\/logos\/payment\/mercadopago@2x.png\" \/><img loading=\"lazy\" decoding=\"async\" class=\"alignnone ls-is-cached lazyloaded smush-detected-img smush-image-bigger-11\" src=\"https:\/\/futurium.com.br\/wp-content\/uploads\/2021\/06\/logo-pix-icone-512.png\" alt=\"portfolio pronto\" width=\"30\" height=\"30\" data-src=\"https:\/\/futurium.com.br\/wp-content\/uploads\/2021\/06\/logo-pix-icone-512.png\" \/><\/p>\n<\/div>\n<\/div>\n<\/div>\n","protected":false},"featured_media":23309,"template":"","meta":{"_seopress_robots_primary_cat":"none","_seopress_titles_title":"%%post_title%% %%sitetitle%%","_seopress_titles_desc":"%%post_content%%","_seopress_robots_index":""},"product_cat":[15],"product_tag":[],"class_list":{"0":"post-23306","1":"product","2":"type-product","3":"status-publish","4":"has-post-thumbnail","6":"product_cat-uncategorized","8":"first","9":"instock","10":"downloadable","11":"virtual","12":"purchasable","13":"product-type-simple","14":"col-xs-6 col-sm-4","15":"col-mf-5","16":"un-5-cols"},"jetpack_sharing_enabled":true,"_links":{"self":[{"href":"https:\/\/portifolioos-prontos.com\/index.php\/wp-json\/wp\/v2\/product\/23306","targetHints":{"allow":["GET"]}}],"collection":[{"href":"https:\/\/portifolioos-prontos.com\/index.php\/wp-json\/wp\/v2\/product"}],"about":[{"href":"https:\/\/portifolioos-prontos.com\/index.php\/wp-json\/wp\/v2\/types\/product"}],"version-history":[{"count":0,"href":"https:\/\/portifolioos-prontos.com\/index.php\/wp-json\/wp\/v2\/product\/23306\/revisions"}],"wp:featuredmedia":[{"embeddable":true,"href":"https:\/\/portifolioos-prontos.com\/index.php\/wp-json\/wp\/v2\/media\/23309"}],"wp:attachment":[{"href":"https:\/\/portifolioos-prontos.com\/index.php\/wp-json\/wp\/v2\/media?parent=23306"}],"wp:term":[{"taxonomy":"product_cat","embeddable":true,"href":"https:\/\/portifolioos-prontos.com\/index.php\/wp-json\/wp\/v2\/product_cat?post=23306"},{"taxonomy":"product_tag","embeddable":true,"href":"https:\/\/portifolioos-prontos.com\/index.php\/wp-json\/wp\/v2\/product_tag?post=23306"}],"curies":[{"name":"wp","href":"https:\/\/api.w.org\/{rel}","templated":true}]}}