{"id":23395,"date":"2024-02-13T21:34:40","date_gmt":"2024-02-14T00:34:40","guid":{"rendered":"https:\/\/portifolioos-prontos.com\/?post_type=product&#038;p=23395"},"modified":"2025-09-02T22:30:26","modified_gmt":"2025-09-03T01:30:26","slug":"roteiro-aula-pratica-informatica-aplicada-a-moda","status":"publish","type":"product","link":"https:\/\/portifolioos-prontos.com\/index.php\/product\/roteiro-aula-pratica-informatica-aplicada-a-moda\/","title":{"rendered":"Roteiro aula pr\u00e1tica Inform\u00e1tica aplicada \u00e0 moda"},"content":{"rendered":"<h4>Roteiro aula pr\u00e1tica Inform\u00e1tica aplicada \u00e0 moda<\/h4>\n<hr \/>\n<p>ROTEIRO DE AULA\u00a0PR\u00c1TICA<br \/>\nNOME DA DISCIPLINA: INFORM\u00c1TICA APLICADA \u00c0 MODA<br \/>\nOBJETIVOS<br \/>\nDefini\u00e7\u00e3o dos objetivos da aula pr\u00e1tica:<br \/>\n\u2022 Dominar a plataforma de design gr\u00e1fico digital Canva.<br \/>\n\u2022\u00a0Estruturar\u00a0e organizar um portf\u00f3lio de moda.<br \/>\n\u2022 Explorar diferentes estilos, tend\u00eancias e conceitos de moda utilizando ferramentas digitais<br \/>\ne recursos online.<br \/>\nSOLU\u00c7\u00c3O DIGITAL<br \/>\nCanva (software ou online)<br \/>\nPROCEDIMENTOS PR\u00c1TICOS<br \/>\nProcedimento\/Atividade n\u00ba 1 (Virtual)<br \/>\nAtividade proposta:<br \/>\nCria\u00e7\u00e3o de um Portf\u00f3lio de Moda Digital<br \/>\nProcedimentos para a realiza\u00e7\u00e3o da atividade:<br \/>\n1. Leitura do texto de contextualiza\u00e7\u00e3o da atividade:<br \/>\nNa ind\u00fastria da moda, onde a visualiza\u00e7\u00e3o e a apresenta\u00e7\u00e3o est\u00e9tica s\u00e3o fundamentais, o<br \/>\nportf\u00f3lio digital emergiu como uma ferramenta indispens\u00e1vel para designers, estilistas e demais<br \/>\nprofissionais do ramo. Superando as limita\u00e7\u00f5es dos portf\u00f3lios tradicionais em papel, os<br \/>\nportf\u00f3lios digitais se revelam como plataformas din\u00e2micas e flex\u00edveis, capazes de exibir cria\u00e7\u00f5es<br \/>\nde maneira impactante, atingir um p\u00fablico mais diversificado e navegar com agilidade pelas<br \/>\ntend\u00eancias que evoluem a cada esta\u00e7\u00e3o.<br \/>\nUm portf\u00f3lio digital bem elaborado, al\u00e9m de destacar as habilidades criativas e t\u00e9cnicas<br \/>\nde um profissional da moda, tamb\u00e9m demonstra sua compet\u00eancia em ferramentas<br \/>\ndigitais, um aspecto cada vez mais valorizado no mundo da moda. A facilidade de<br \/>\natualizar e personalizar o portf\u00f3lio digital com\u00a0<a href=\"https:\/\/portfolioacademico.com.br\/\">facilidade<\/a>\u00a0permite que os designers de<br \/>\nmoda mantenham suas cole\u00e7\u00f5es em sintonia com as inova\u00e7\u00f5es e tend\u00eancias atuais.<br \/>\n3<br \/>\nEm um cen\u00e1rio em que a primeira impress\u00e3o \u00e9 decisiva, um portf\u00f3lio digital serve como um<br \/>\ncart\u00e3o de visitas interativo, refletindo a identidade e o estilo \u00fanico de cada criador. Por isso,<br \/>\nfamiliarizar-se com as ferramentas para criar um portf\u00f3lio digital torna-se um passo essencial<br \/>\npara quem deseja se destacar no competitivo mercado da moda.<br \/>\n2. Registro e Primeiros Passos No Canva:<br \/>\nPara come\u00e7ar a utilizar o Canva, siga estas etapas:<br \/>\n1. Acesso ao Site:<br \/>\n\u2022 Visite o site do Canva (www.canva.com) em seu navegador.<br \/>\n2. Cria\u00e7\u00e3o de Conta:<br \/>\n\u2022 Clique no bot\u00e3o de \u201cCriar uma conta\u201d na p\u00e1gina inicial.<br \/>\n\u2022 Voc\u00ea pode registrar-se gratuitamente usando um endere\u00e7o de e-mail, uma conta<br \/>\ndo Google ou do Facebook.<br \/>\n\u2022 Ap\u00f3s inserir seus dados, voc\u00ea ser\u00e1 direcionado para a p\u00e1gina de boas-vindas.<br \/>\n\u2022 Caso voc\u00ea j\u00e1 tenha cadastro, basta acess\u00e1-lo normalmente.<br \/>\n\u2022 Voc\u00ea pode utilizar o Canva diretamente no deu navegador ou fazer o download<br \/>\ndo Software no seu computador.<br \/>\n3. Explora\u00e7\u00e3o da Interface:<br \/>\n\u2022 Dedique um momento para explorar a interface do Canva. Voc\u00ea encontrar\u00e1 a<br \/>\nop\u00e7\u00e3o de criar um design no canto superior direito.<br \/>\n\u2022 Navegue para descobrir as diferentes categorias de design dispon\u00edveis.<br \/>\n4<br \/>\n4. Escolha do Template:<br \/>\n\u2022 Escolha um template no formato \u201cApresenta\u00e7\u00f5es\u201d ou digite na barra de buscas<br \/>\npelo termo \u201cPortf\u00f3lio\u201d. H\u00e1 diversas op\u00e7\u00f5es de modelos para voc\u00ea escolher e<br \/>\npersonalizar como preferir. D\u00ea prefer\u00eancia para templates que j\u00e1 apresentem<br \/>\nop\u00e7\u00f5es diferentes de layouts para cada Slide.<br \/>\n5. Estrutura do Portf\u00f3lio:<br \/>\nO portf\u00f3lio de moda \u00e9 uma cole\u00e7\u00e3o curada de seus melhores trabalhos, refletindo suas<br \/>\nhabilidades, estilo e vis\u00e3o como designer ou profissional da moda. Este \u00e9 um momento de<br \/>\n5<br \/>\nexplora\u00e7\u00e3o e apresenta\u00e7\u00e3o da sua vis\u00e3o criativa. Ao planejar seu portf\u00f3lio, inclua os seguintes<br \/>\nelementos, dedicando um slide separado para cada um:<br \/>\n1. Capa:<br \/>\nUtilizando o template escolhido ou criando do zero, elabore a capa do seu portf\u00f3lio,<br \/>\napresentando seu nome e elementos visuais coerentes com o seu projeto.<br \/>\n2. Introdu\u00e7\u00e3o Pessoal:<br \/>\nUma breve biografia que destaca sua forma\u00e7\u00e3o, experi\u00eancia e inspira\u00e7\u00f5es na moda.<br \/>\n3. Cole\u00e7\u00f5es de Design:<br \/>\nApresente suas cole\u00e7\u00f5es de design, mostrando a variedade e a profundidade do seu<br \/>\ntrabalho. Voc\u00ea pode utilizar esbo\u00e7os, ilustra\u00e7\u00f5es e fotografias de pe\u00e7as pr\u00f3prias, ou<br \/>\nbuscar no banco de imagens do Canva, reposit\u00f3rios online como Freepik.com,<br \/>\nUnsplash.com, ou Pinterest. Escolha imagens que representem o estilo e a est\u00e9tica que<br \/>\nvoc\u00ea admira ou gostaria de desenvolver.<br \/>\n4. Processo criativo:<br \/>\nDocumente seu processo criativo. Isso pode incluir moodboard (painel de inspira\u00e7\u00f5es),<br \/>\nesbo\u00e7os iniciais, desenvolvimento de design e a sele\u00e7\u00e3o de materiais. Inclua paletas de<br \/>\ncores, texturas e elementos que voc\u00ea considera importantes no processo de design.<br \/>\n5. Projetos Especiais:<br \/>\nImagine colabora\u00e7\u00f5es com marcas ou projetos especiais. Descreva esses projetos, o<br \/>\nque eles representariam e como voc\u00ea abordaria o design para essas colabora\u00e7\u00f5es.<br \/>\nUtilize imagens para ilustrar suas ideias.<br \/>\n6. Vis\u00e3o futura<br \/>\nEscreva em poucas linhas sobre suas aspira\u00e7\u00f5es futuras. Onde voc\u00ea se v\u00ea na ind\u00fastria<br \/>\nda moda? Que tipo de design voc\u00ea deseja criar? Isso pode ser uma combina\u00e7\u00e3o de<br \/>\nmetas pessoais e tend\u00eancias de moda que voc\u00ea admira.<br \/>\n7. Contato e Presen\u00e7a Online:<br \/>\nForne\u00e7a suas informa\u00e7\u00f5es de contato. Se voc\u00ea tem perfis em redes sociais relacionados<br \/>\n\u00e0 moda, inclua-os aqui.<br \/>\nOrienta\u00e7\u00f5es Adicionais:<br \/>\n\u2022 Pesquisa e Inspira\u00e7\u00e3o: Use o Pinterest e outros sites para pesquisar tend\u00eancias atuais<br \/>\ne estilos que voc\u00ea admira. Isso ajuda a formar uma base s\u00f3lida para suas cole\u00e7\u00f5es<br \/>\nfict\u00edcias.<br \/>\n\u2022 Coes\u00e3o e Consist\u00eancia: Mantenha um tema ou estilo consistente em todo o portf\u00f3lio.<br \/>\n\u2022 Narrativa Visual: Cada se\u00e7\u00e3o deve fluir de forma l\u00f3gica para a pr\u00f3xima. Organize o<br \/>\nconte\u00fado de forma que conte uma hist\u00f3ria ou mostre sua jornada na moda.<br \/>\n6<br \/>\n6. Salvar e compartilhar o seu Portf\u00f3lio:<br \/>\nAo finalizar o seu trabalho, voc\u00ea deve apresent\u00e1-lo em seu Relat\u00f3rio de Pr\u00e1tica. Para isso, siga<br \/>\nestas duas etapas:<br \/>\n1. Salve a Capa do seu Portf\u00f3lio como imagem:<br \/>\nClique no bot\u00e3o \u201cCompartilhar\u201d, que fica no canto superior direito do Canva, e escolha a<br \/>\nop\u00e7\u00e3o \u201cBaixar\u201d. Selecione o formato de arquivo JPG, Selecione apenas a p\u00e1gina<br \/>\ncorrespondente \u00e0 Capa do seu trabalho (P\u00e1gina 1), e clique no bot\u00e3o \u2018Baixar\u2019. Inclua<br \/>\nesta imagem no seu relat\u00f3rio de pr\u00e1tica.<br \/>\n7<br \/>\n2. Salve o link para compartilhar em seu relat\u00f3rio. Para isso, clique novamente no<br \/>\nbot\u00e3o Compartilhar, e escolha a op\u00e7\u00e3o Link somente para visualiza\u00e7\u00e3o. Copie o link<br \/>\nfornecido e cole no seu Relat\u00f3rio.<br \/>\nChecklist<br \/>\n1. Leitura do texto de contextualiza\u00e7\u00e3o<br \/>\n2. Registro no Canva e explora\u00e7\u00e3o na plataforma do Canva<br \/>\n3. Escolha do template do Portf\u00f3lio<br \/>\n4. Estruturar o Portf\u00f3lio<br \/>\n5. Salvar a capa do Portf\u00f3lio e o link para visualiza\u00e7\u00e3o<br \/>\nRESULTADOS<br \/>\nResultados de Aprendizagem:<br \/>\nOs alunos ter\u00e3o adquirido habilidades pr\u00e1ticas no uso de ferramentas digitais, como o Canva, para criar e<br \/>\napresentar trabalhos de moda de forma profissional. Al\u00e9m disso, este trabalho prepara os estudantes para<br \/>\no mercado de trabalho na moda, ensinando-os a criar um portf\u00f3lio digital que possa ser utilizado para<br \/>\ndemonstrar suas habilidades e vis\u00e3o a potenciais empregadores ou clientes.<br \/>\n8<br \/>\nNORMAS PARA ELABORA\u00c7\u00c3O E ENTREGA DO RELAT\u00d3RIO DE ATIVIDADE PR\u00c1TICA<br \/>\nOl\u00e1, estudante. Tudo bem?<br \/>\nAs atividades pr\u00e1ticas visam desenvolver compet\u00eancias para a atua\u00e7\u00e3o profissional. Elas s\u00e3o importantes<br \/>\npara que voc\u00ea vivencie situa\u00e7\u00f5es que te preparar\u00e3o para o mercado de trabalho.<br \/>\nPor isso, trazemos informa\u00e7\u00f5es para que voc\u00ea possa realizar as atividades propostas com \u00eaxito.<br \/>\n1. Que atividade dever\u00e1 ser feita?<br \/>\n\u2022 A(s) atividades a ser(em) realizada(s) est\u00e3o descritas no Roteiro de Atividade Pr\u00e1tica,<br \/>\ndispon\u00edvel no AVA.<br \/>\n\u2022 Ap\u00f3s a leitura do Roteiro, voc\u00ea dever\u00e1 realizar a(s) atividade(s) pr\u00e1tica(s) solicitadas e<br \/>\nelaborar um documento \u00daNICO contendo todas as resolu\u00e7\u00f5es de acordo com a proposta<br \/>\nestabelecida.<br \/>\n\u2022 O trabalho deve ser aut\u00eantico e contemplar todas as resolu\u00e7\u00f5es das atividades propostas.<br \/>\nN\u00e3o ser\u00e3o aceitos trabalhos com reprodu\u00e7\u00e3o de materiais extra\u00eddos da internet.<br \/>\n2. Como farei a entrega dessa atividade?<br \/>\n\u2022 Voc\u00ea dever\u00e1 postar seu trabalho final no AVA, na pasta espec\u00edfica relacionada \u00e0 atividade<br \/>\npr\u00e1tica, obedecendo o prazo limite de postagem, conforme disposto no AVA.<br \/>\n\u2022 Todas as resolu\u00e7\u00f5es das atividades pr\u00e1ticas devem ser entregues em um ARQUIVO \u00daNICO<br \/>\nde at\u00e9 10 MB.<br \/>\n\u2022 O trabalho deve ser enviado em formato Word ou PDF, exceto nos casos em que h\u00e1 formato<br \/>\nespecificado no Roteiro.<br \/>\n\u2022 O sistema permite anexar apenas um arquivo. Caso haja mais de uma postagem, ser\u00e1<br \/>\nconsiderada a \u00faltima vers\u00e3o.<br \/>\nIMPORTANTE:<br \/>\n\u2022 A entrega da atividade, de acordo com a proposta solicitada, \u00e9 um crit\u00e9rio de aprova\u00e7\u00e3o na<br \/>\ndisciplina.<\/p>\n<p>Roteiro aula pr\u00e1tica Inform\u00e1tica aplicada \u00e0 moda<br \/>\n\u2022 N\u00e3o h\u00e1 prorroga\u00e7\u00e3o para a postagem da atividade.<br \/>\nAproveite essa oportunidade para aprofundar ainda mais seus conhecimentos.<\/p>\n<div class=\"elementor-toggle-item\">\n<h4 id=\"elementor-tab-title-1941\" class=\"elementor-tab-title elementor-active\" tabindex=\"0\" role=\"tab\" data-tab=\"1\" aria-controls=\"elementor-tab-content-1941\" aria-expanded=\"true\" aria-selected=\"true\">Como funciona?<\/h4>\n<div id=\"elementor-tab-content-1941\" class=\"elementor-tab-content elementor-clearfix elementor-active\" role=\"tabpanel\" data-tab=\"1\" aria-labelledby=\"elementor-tab-title-1941\">\n<p>Elaboramos os portf\u00f3lios, j\u00e1 deixamos prontos, nas normas da ABNT e conforme os requisitos da universidade. F\u00e1cil assim! O MELHOR \u00c9 QUE VOC\u00ca COMPRA E J\u00c1 BAIXA NA HORA O SEU ARQUIVO EM WORD! Sabemos que conciliar trabalho, fam\u00edlia, vida profissional e estudos \u00e9 dif\u00edcil hoje em dia, por isso, estamos aqui para ajudar voc\u00ea. Conte com nossa qualidade, experi\u00eancia e profissionalismo adquirindo seu portf\u00f3lio conosco. GARANTIMOS SEU CONCEITO!<\/p>\n<h4>Como se realizam os envios?<\/h4>\n<\/div>\n<\/div>\n<div class=\"elementor-toggle-item\">\n<div id=\"elementor-tab-content-1942\" class=\"elementor-tab-content elementor-clearfix elementor-active\" role=\"tabpanel\" data-tab=\"2\" aria-labelledby=\"elementor-tab-title-1942\">O seu trabalho \u00e9 disponibilizado pronto, respondido e nas normas j\u00e1 na mesma hora aqui em nosso site na sua \u00e1rea de downloads e tamb\u00e9m no seu e-mail.<\/div>\n<\/div>\n<div class=\"elementor-toggle-item\">\n<div id=\"elementor-tab-content-1943\" class=\"elementor-tab-content elementor-clearfix elementor-active\" role=\"tabpanel\" data-tab=\"3\" aria-labelledby=\"elementor-tab-title-1943\">\n<h4>Em quanto tempo recebo o portf\u00f3lio?<\/h4>\n<\/div>\n<\/div>\n<div class=\"elementor-toggle-item\">\n<div id=\"elementor-tab-content-1944\" class=\"elementor-tab-content elementor-clearfix elementor-active\" role=\"tabpanel\" data-tab=\"4\" aria-labelledby=\"elementor-tab-title-1944\">\n<p>Os envios s\u00e3o imediatos. Ap\u00f3s sua compra, o trabalho j\u00e1 \u00e9 disponibilizado instantaneamente aqui em nosso site e no seu e-mail.<\/p>\n<h4>E se o portf\u00f3lio que comprei precisar de corre\u00e7\u00e3o?<\/h4>\n<\/div>\n<\/div>\n<div class=\"elementor-toggle-item\">\n<div id=\"elementor-tab-content-1945\" class=\"elementor-tab-content elementor-clearfix elementor-active\" role=\"tabpanel\" data-tab=\"5\" aria-labelledby=\"elementor-tab-title-1945\">\n<p>Caso haja alguma solicita\u00e7\u00e3o de corre\u00e7\u00e3o\/altera\u00e7\u00e3o por parte do tutor, basta entrar em contato conosco pelo\u00a0WhatsApp\u00a0que provid\u00eanciaremos sem custo algum.<\/p>\n<h4>Qual o formato do arquivo?<\/h4>\n<\/div>\n<\/div>\n<div class=\"elementor-toggle-item\">\n<div id=\"elementor-tab-content-1946\" class=\"elementor-tab-content elementor-clearfix elementor-active\" role=\"tabpanel\" data-tab=\"6\" aria-labelledby=\"elementor-tab-title-1946\">\n<p>Os arquivos s\u00e3o enviados em formato Word e s\u00e3o edit\u00e1veis.<\/p>\n<h4>Caso eu tiver alguma d\u00favida, terei suporte no p\u00f3s venda?<\/h4>\n<\/div>\n<\/div>\n<div class=\"elementor-toggle-item\">\n<div id=\"elementor-tab-content-1948\" class=\"elementor-tab-content elementor-clearfix elementor-active\" role=\"tabpanel\" data-tab=\"8\" aria-labelledby=\"elementor-tab-title-1948\">\n<p>Sim, com certeza. Basta clicar no \u00edcone do WhatsApp no cantinho da tela. Ser\u00e1 um prazer atend\u00ea-lo(a).<\/p>\n<div class=\"elementor-toggle-item\">\n<div id=\"elementor-tab-content-1948\" class=\"elementor-tab-content elementor-clearfix elementor-active\" role=\"tabpanel\" data-tab=\"8\" aria-labelledby=\"elementor-tab-title-1948\">\n<h4>Quais os seus canais de contato?<\/h4>\n<\/div>\n<\/div>\n<div class=\"elementor-toggle-item\">\n<div id=\"elementor-tab-content-1949\" class=\"elementor-tab-content elementor-clearfix elementor-active\" role=\"tabpanel\" data-tab=\"9\" aria-labelledby=\"elementor-tab-title-1949\">\n<p>Whatsapp: 53 984751621 \u2013 Clicar no canto da tela ou ESCANEIE O QRCODE ABAIXO<\/p>\n<h4><img decoding=\"async\" class=\"alignnone wp-image-13699 jetpack-lazy-image jetpack-lazy-image--handled\" src=\"https:\/\/i0.wp.com\/portifolioos-prontos.com\/wp-content\/uploads\/2023\/02\/whatsapp-business-projeto-de-extensao-300x300.jpeg?resize=144%2C144\" sizes=\"(max-width: 144px) 100vw, 144px\" srcset=\"https:\/\/i0.wp.com\/portifolioos-prontos.com\/wp-content\/uploads\/2023\/02\/whatsapp-business-projeto-de-extensao.jpeg?resize=300%2C301&amp;ssl=1 300w, https:\/\/i0.wp.com\/portifolioos-prontos.com\/wp-content\/uploads\/2023\/02\/whatsapp-business-projeto-de-extensao.jpeg?resize=150%2C150&amp;ssl=1 150w, https:\/\/i0.wp.com\/portifolioos-prontos.com\/wp-content\/uploads\/2023\/02\/whatsapp-business-projeto-de-extensao.jpeg?resize=370%2C372&amp;ssl=1 370w, https:\/\/i0.wp.com\/portifolioos-prontos.com\/wp-content\/uploads\/2023\/02\/whatsapp-business-projeto-de-extensao.jpeg?resize=100%2C100&amp;ssl=1 100w, https:\/\/i0.wp.com\/portifolioos-prontos.com\/wp-content\/uploads\/2023\/02\/whatsapp-business-projeto-de-extensao.jpeg?w=470&amp;ssl=1 470w\" alt=\"projeto de extens\u00e3o unopar\" width=\"144\" height=\"144\" data-lazy-loaded=\"1\" \/><\/h4>\n<\/div>\n<\/div>\n<\/div>\n<\/div>\n<div class=\"elementor-toggle-item\">\n<div id=\"elementor-tab-content-1949\" class=\"elementor-tab-content elementor-clearfix elementor-active\" role=\"tabpanel\" data-tab=\"9\" aria-labelledby=\"elementor-tab-title-1949\">\n<p>E-mail:portifoliosp@gmail.com<\/p>\n<div id=\"attachment_143\" class=\"wp-caption alignnone\">\n<div id=\"attachment_143\" class=\"wp-caption alignnone\" style=\"width: 102px;\">\n<p><a href=\"http:\/\/portifolioos-prontos.com\/\"><img decoding=\"async\" class=\"wp-image-143 jetpack-lazy-image jetpack-lazy-image--handled\" title=\"portfolio pronto unopar\" src=\"https:\/\/i0.wp.com\/portifolioos-prontos.com\/wp-content\/uploads\/2022\/04\/conceitomaximo.png?resize=161%2C46\" alt=\"PORTFOLIO PRONTO UNOPAR ANHANGUERA\" width=\"102\" height=\"29\" aria-describedby=\"caption-attachment-143\" data-lazy-loaded=\"1\" \/><\/a><\/p>\n<p id=\"caption-attachment-143\" class=\"wp-caption-text\">Portf\u00f3lio em Word, respondido, completo e j\u00e1 nas normas.<\/p>\n<\/div>\n<\/div>\n<\/div>\n<\/div>\n","protected":false},"excerpt":{"rendered":"<div class=\"product-short-description\">\n<h5><strong>Pague pelo PIX ou cart\u00e3o e fa\u00e7a o download agora mesmo.<\/strong><\/h5>\n<\/div>\n<div class=\"sticky-add-to-cart-wrapper\">\n<div class=\"sticky-add-to-cart\">\n<div class=\"quantity buttons_added form-flat\"><img decoding=\"async\" class=\"alignnone wp-image-761\" src=\"http:\/\/portifolioos-prontos.com\/wp-content\/uploads\/2022\/04\/PIX-300x107.webp\" alt=\"\" width=\"78\" height=\"28\" \/>\u00a0\u00a0<img loading=\"lazy\" decoding=\"async\" class=\"\" src=\"https:\/\/d26lpennugtm8s.cloudfront.net\/assets\/common\/img\/logos\/payment\/visa@2x.png\" width=\"46\" height=\"29\" \/><img loading=\"lazy\" decoding=\"async\" class=\"\" src=\"https:\/\/d26lpennugtm8s.cloudfront.net\/assets\/common\/img\/logos\/payment\/boleto@2x.png\" width=\"43\" height=\"27\" \/><img loading=\"lazy\" decoding=\"async\" class=\"\" src=\"https:\/\/d26lpennugtm8s.cloudfront.net\/assets\/common\/img\/logos\/payment\/mastercard@2x.png\" width=\"43\" height=\"27\" \/><img loading=\"lazy\" decoding=\"async\" class=\"\" src=\"https:\/\/d26lpennugtm8s.cloudfront.net\/assets\/common\/img\/logos\/payment\/amex@2x.png\" width=\"43\" height=\"27\" \/><img loading=\"lazy\" decoding=\"async\" class=\"\" src=\"https:\/\/d26lpennugtm8s.cloudfront.net\/assets\/common\/img\/logos\/payment\/diners@2x.png\" width=\"46\" height=\"29\" \/><img loading=\"lazy\" decoding=\"async\" class=\"\" src=\"https:\/\/d26lpennugtm8s.cloudfront.net\/assets\/common\/img\/logos\/payment\/br\/elo@2x.png\" width=\"45\" height=\"28\" \/><img loading=\"lazy\" decoding=\"async\" class=\"\" src=\"https:\/\/d26lpennugtm8s.cloudfront.net\/assets\/common\/img\/logos\/payment\/br\/hipercard@2x.png\" width=\"44\" height=\"28\" \/><img loading=\"lazy\" decoding=\"async\" class=\"\" src=\"https:\/\/d26lpennugtm8s.cloudfront.net\/assets\/common\/img\/logos\/payment\/mercadopago@2x.png\" width=\"45\" height=\"28\" \/><\/div>\n<\/div>\n<\/div>\n","protected":false},"featured_media":23398,"template":"","meta":{"_seopress_robots_primary_cat":"","_seopress_titles_title":"%%post_title%% %%sitetitle%%","_seopress_titles_desc":"%%post_content%%","_seopress_robots_index":""},"product_cat":[110,15],"product_tag":[],"class_list":{"0":"post-23395","1":"product","2":"type-product","3":"status-publish","4":"has-post-thumbnail","6":"product_cat-design-de-moda","7":"product_cat-uncategorized","9":"first","10":"instock","11":"shipping-taxable","12":"purchasable","13":"product-type-simple","14":"col-xs-6 col-sm-4","15":"col-mf-5","16":"un-5-cols"},"jetpack_sharing_enabled":true,"_links":{"self":[{"href":"https:\/\/portifolioos-prontos.com\/index.php\/wp-json\/wp\/v2\/product\/23395","targetHints":{"allow":["GET"]}}],"collection":[{"href":"https:\/\/portifolioos-prontos.com\/index.php\/wp-json\/wp\/v2\/product"}],"about":[{"href":"https:\/\/portifolioos-prontos.com\/index.php\/wp-json\/wp\/v2\/types\/product"}],"version-history":[{"count":0,"href":"https:\/\/portifolioos-prontos.com\/index.php\/wp-json\/wp\/v2\/product\/23395\/revisions"}],"wp:featuredmedia":[{"embeddable":true,"href":"https:\/\/portifolioos-prontos.com\/index.php\/wp-json\/wp\/v2\/media\/23398"}],"wp:attachment":[{"href":"https:\/\/portifolioos-prontos.com\/index.php\/wp-json\/wp\/v2\/media?parent=23395"}],"wp:term":[{"taxonomy":"product_cat","embeddable":true,"href":"https:\/\/portifolioos-prontos.com\/index.php\/wp-json\/wp\/v2\/product_cat?post=23395"},{"taxonomy":"product_tag","embeddable":true,"href":"https:\/\/portifolioos-prontos.com\/index.php\/wp-json\/wp\/v2\/product_tag?post=23395"}],"curies":[{"name":"wp","href":"https:\/\/api.w.org\/{rel}","templated":true}]}}