{"id":23423,"date":"2024-02-14T10:12:23","date_gmt":"2024-02-14T13:12:23","guid":{"rendered":"https:\/\/portifolioos-prontos.com\/?post_type=product&#038;p=23423"},"modified":"2025-08-03T16:30:43","modified_gmt":"2025-08-03T19:30:43","slug":"estagio-em-educacao-fisica-bacharelado-i","status":"publish","type":"product","link":"https:\/\/portifolioos-prontos.com\/index.php\/product\/estagio-em-educacao-fisica-bacharelado-i\/","title":{"rendered":"Est\u00e1gio em Educa\u00e7\u00e3o F\u00edsica Bacharelado I"},"content":{"rendered":"<h5>Est\u00e1gio em Educa\u00e7\u00e3o F\u00edsica Bacharelado I<\/h5>\n<h5>5\u00ba e 6\u00ba semestre<\/h5>\n<h5>215h<\/h5>\n<p>Esporte:\u00a0campo\u00a0profissional que ofere\u00e7a pr\u00e1ticas esportivas coletivas e\/ou individuais com fins de<br \/>\nesporte de forma\u00e7\u00e3o, comunit\u00e1rio, competitivos, por exemplo, voleibol, futebol, basquetebol, handebol, futsal, atletismo, nata\u00e7\u00e3o, ciclismo, gin\u00e1stica, jud\u00f4 e outros. A libera\u00e7\u00e3o do campo profissional est\u00e1<br \/>\ncondicionada a contempla\u00e7\u00e3o do fen\u00f4meno do esporte nas atividades desenvolvidas em campo.<\/p>\n<hr \/>\n<p>INTRODU\u00c7\u00c3O 4<br \/>\n2\u00a0DESCRI\u00c7\u00c3O DA VISITA A CONCEDENTE\u2026\u2026\u2026\u2026\u2026\u2026\u2026\u2026\u2026\u2026\u2026\u2026\u2026\u2026\u2026\u2026\u2026\u2026..4<br \/>\n3 DESCRI\u00c7\u00c3O DA INFRAESTRUTURA DA CONCEDENTE\u2026\u2026\u2026\u2026\u2026\u2026\u2026\u2026\u2026\u2026.5<br \/>\n4 DESCRI\u00c7\u00c3O DA INTERVEN\u00c7\u00c3O DO SUPERVISOR 6<br \/>\n5 RESENHA DA BIBLIOGRAFIA UTILIZADA NO AUTOESTUDO 7<br \/>\n6 DESCRI\u00c7\u00c3O DO PROCESSO DE COPARTICIPA\u00c7\u00c3O NA INTERVEN\u00c7\u00c3O 8<br \/>\n7 APRESENTA\u00c7\u00c3O DO PLANO DE INTERVEN\u00c7\u00c3O 11<br \/>\n8 RELATO DO PROCESSO DE INTERVEN\u00c7\u00c3O 13<br \/>\n9 RELATO DOS APONTAMENTOS DO SUPERVISOR DE CAMPO A<br \/>\nRESPEITO DA INTERVEN\u00c7\u00c3O 14<br \/>\n10 AN\u00c1LISE REFLEXIVA SOBRE AS ETAPAS DO EST\u00c1GIO 17<br \/>\nCONSIDERA\u00c7\u00d5ES FINAIS 19<br \/>\nVALIDA\u00c7\u00c3O DO RELAT\u00d3RIO \u2026\u2026\u2026\u2026\u2026\u2026\u2026\u2026\u2026\u2026\u2026\u2026\u2026\u2026\u2026\u2026\u2026\u2026\u2026\u2026\u2026\u2026\u2026\u2026\u2026\u2026..20<\/p>\n<p>&nbsp;<\/p>\n<div>1.\u00a0INTRODU\u00c7\u00c3O<\/div>\n<div><\/div>\n<div>Neste item, voc\u00ea deve apresentar, de forma clara, o objetivo da disciplina, ou<\/div>\n<div>seja, a apresenta\u00e7\u00e3o das caracter\u00edsticas do est\u00e1gio realizado no semestre. Deve<\/div>\n<div>conter de forma sucinta: o que foi realizado; onde foi realizado; por que foi realizado;<\/div>\n<div>como foi realizado; quando foi realizado; e os resultados obtidos. Para a<\/div>\n<div>apresenta\u00e7\u00e3o do texto, seguir a presente formata\u00e7\u00e3o, preenchendo 1 p\u00e1gina.<\/div>\n<div><\/div>\n<div>5<\/div>\n<div><\/div>\n<div>2. DESCRI\u00c7\u00c3O DA VISITA A CONCEDENTE<\/div>\n<div><\/div>\n<div>Desenvolver um texto elaborado com base na visita e apresenta\u00e7\u00e3o do campo<\/div>\n<div>de est\u00e1gio. Voc\u00ea pode ter como base alguns pontos, \u00e0 exemplo de qual foi o motivo<\/div>\n<div>de ter procurado esta empresa; como voc\u00ea foi recebido pela institui\u00e7\u00e3o concedente;<\/div>\n<div>como foi a conversa com o respons\u00e1vel da institui\u00e7\u00e3o concedente; como voc\u00ea<\/div>\n<div>apresentou as atividades a serem desenvolvidas; as caracter\u00edsticas da empresa<\/div>\n<div>considerando os servi\u00e7os ofertados. Outros pontos que considerar importante podem<\/div>\n<div>ser inclu\u00eddos. Para a apresenta\u00e7\u00e3o do texto, seguir esta formata\u00e7\u00e3o, preenchendo<\/div>\n<div>de 1 a 2 p\u00e1ginas.<\/div>\n<div><\/div>\n<div>6<\/div>\n<div><\/div>\n<div>3. DESCRI\u00c7\u00c3O DA INFRAESTRUTURA DA CONCEDENTE<\/div>\n<div>Desenvolver um texto descritivo a respeito da infraestrutura da concedente.<\/div>\n<div>Voc\u00ea pode ter como base a infraestrutura f\u00edsica, recursos humanos, insumos e<\/div>\n<div>equipamentos disponibilizados e outros pontos que julgar importante. Para a<\/div>\n<div>apresenta\u00e7\u00e3o do texto, seguir a presente formata\u00e7\u00e3o, preenchendo de 1 a 2<\/div>\n<div>p\u00e1ginas.<\/div>\n<div><\/div>\n<div>7<\/div>\n<div><\/div>\n<div>4. DESCRI\u00c7\u00c3O DA INTERVEN\u00c7\u00c3O DO SUPERVISOR<\/div>\n<div>Desenvolver um texto descritivo a respeito da interven\u00e7\u00e3o do supervisor<\/div>\n<div>correlacionando com os conhecimentos adquiridos ao longo do curso. Voc\u00ea pode ter<\/div>\n<div>como base as estrat\u00e9gias utilizadas por ele na orienta\u00e7\u00e3o\/prescri\u00e7\u00e3o de exerc\u00edcio,<\/div>\n<div>equipamentos utilizados, gest\u00e3o do espa\u00e7o, e outros pontos que julgar importante.<\/div>\n<div>Para a apresenta\u00e7\u00e3o do texto, seguir a presente formata\u00e7\u00e3o, preenchendo de 1 a 2<\/div>\n<div>p\u00e1ginas.<\/div>\n<div><\/div>\n<div>8<\/div>\n<div><\/div>\n<div>5. RESENHA DA BIBLIOGRAFIA UTILIZADA NO AUTOESUTDO<\/div>\n<div><\/div>\n<div>Produzir uma resenha com base nas leituras das refer\u00eancias adicionais. Voc\u00ea<\/div>\n<div>dever\u00e1 realizar suas buscas em materiais bibliogr\u00e1ficos (ex: livros, artigos)<\/div>\n<div>publicados em bases indexadas (exemplo: scielo:\u00a0<a href=\"http:\/\/www.scielo.br\/\" rel=\"nofollow\">http:\/\/www.scielo.br\/<\/a>\u00a0, lilacs:<\/div>\n<div><a href=\"http:\/\/lilacs.bvsalud.org\/\" rel=\"nofollow\">http:\/\/lilacs.bvsalud.org\/<\/a>\u00a0, dom\u00ednio p\u00fablico:\u00a0<a href=\"http:\/\/www.dominiopublico.gov.br\/\" rel=\"nofollow\">http:\/\/www.dominiopublico.gov.br<\/a>\u00a0, google<\/div>\n<div>acad\u00eamico:\u00a0<a href=\"https:\/\/scholar.google.com.br\/\" rel=\"nofollow\">https:\/\/scholar.google.com.br\/<\/a>\u00a0e outras). Monografias, disserta\u00e7\u00f5es e<\/div>\n<div>teses defendidas, tamb\u00e9m podem auxiliar na confec\u00e7\u00e3o do seu relat\u00f3rio. As<\/div>\n<div>refer\u00eancias adicionais devem ter abordagem correspondente ao est\u00e1gio cumprido.<\/div>\n<div>N\u00e3o h\u00e1 n\u00famero m\u00ednimo ou m\u00e1ximo de refer\u00eancias, entretanto, para a apresenta\u00e7\u00e3o<\/div>\n<div>do texto, seguir a presente formata\u00e7\u00e3o, preenchendo de 1 a 2 p\u00e1ginas. As<\/div>\n<div>refer\u00eancias adicionais que voc\u00ea incluir, dever\u00e3o constar nas refer\u00eancias ao final do<\/div>\n<div>relat\u00f3rio.<\/div>\n<div>\uf0b7<\/div>\n<div><\/div>\n<div>9<\/div>\n<div>6. DESCRI\u00c7\u00c3O DO PROCESSO DE COPARTICIPA\u00c7\u00c3O NA INTERVEN\u00c7\u00c3O<\/div>\n<div>Descrever a sua coparticipa\u00e7\u00e3o no processo de interven\u00e7\u00e3o do supervisor.<\/div>\n<div>Descrever como auxiliou o supervisor de campo, quais atividades foram delegadas,<\/div>\n<div>como foi sua postura e outros pontos que julgar relevante. Para a apresenta\u00e7\u00e3o do<\/div>\n<div>texto, seguir a presente formata\u00e7\u00e3o, preenchendo de 1 a 2 p\u00e1ginas.<\/div>\n<div><\/div>\n<div>10<\/div>\n<div><\/div>\n<div>7. APRESENTA\u00c7\u00c3O DO PLANO DE INTERVEN\u00c7\u00c3O<\/div>\n<div><\/div>\n<div>Apresentar a proposta de interven\u00e7\u00e3o que foi aplicada com a supervis\u00e3o do<\/div>\n<div>profissional de campo. Realizar a descri\u00e7\u00e3o minuciosa das atividades desenvolvidas<\/div>\n<div>juntamente com o seu supervisor de campo. Para a apresenta\u00e7\u00e3o do texto, seguir a<\/div>\n<div>presente formata\u00e7\u00e3o, preenchendo de 1 a 2 p\u00e1ginas.<\/div>\n<div><\/div>\n<div>11<\/div>\n<div><\/div>\n<div>8. RELATO DO PROCESSO DE INTERVEN\u00c7\u00c3O<\/div>\n<div><\/div>\n<div>Relatar como foi a participa\u00e7\u00e3o ativa no processo de interven\u00e7\u00e3o realizado<\/div>\n<div>com a supervis\u00e3o do profissional de campo. Realizar a descri\u00e7\u00e3o minuciosa do<\/div>\n<div>processo elencando pontos positivos, pontos negativos, perspectivas para futuras<\/div>\n<div>interven\u00e7\u00f5es e outros pontos que julgar importante. Para a apresenta\u00e7\u00e3o do texto,<\/div>\n<div>seguir a presente formata\u00e7\u00e3o, preenchendo de 1 a 2 p\u00e1ginas.<\/div>\n<div><\/div>\n<div>12<\/div>\n<div>9. RELATO DOS APONTAMENTOS DO SUPERVISRO DE CAMPO A<\/div>\n<div>RESPEITO DA INTERVEN\u00c7\u00c3O<\/div>\n<div>Apresentar os pontos positivos e negativos reportados pelo supervisor de<\/div>\n<div>campo sobre o processo de interven\u00e7\u00e3o. Elencar tantos os pontos t\u00e9cnicos quanto<\/div>\n<div>comportamentais. Para a apresenta\u00e7\u00e3o do texto, seguir a presente formata\u00e7\u00e3o,<\/div>\n<div>preenchendo de 1 a 2 p\u00e1ginas.<\/div>\n<div><\/div>\n<div>13<\/div>\n<div><\/div>\n<div>10. AN\u00c1LISE REFLEXIVA SOBRE AS ETAPAS DO EST\u00c1GIO<\/div>\n<div><\/div>\n<div>Desenvolver um texto com base na sua experi\u00eancia com a disciplina e o<\/div>\n<div>est\u00e1gio (ex: dificuldades, resposta do p\u00fablico-alvo, aprendizado proporcionado,<\/div>\n<div>resultados esperados, proje\u00e7\u00f5es futuras, resumo de aspectos positivos e negativos,<\/div>\n<div>etc.). Para a apresenta\u00e7\u00e3o do texto, seguir a presente formata\u00e7\u00e3o, preenchendo de<\/div>\n<div>1 a 2 p\u00e1ginas.<\/div>\n<div><\/div>\n<div>14<\/div>\n<div><\/div>\n<div>CONSIDERA\u00c7\u00d5ES FINAIS<\/div>\n<div><\/div>\n<div>Apresentar as considera\u00e7\u00f5es finais, com coment\u00e1rios decorrentes de<\/div>\n<div>reflex\u00f5es acerca das atividades do est\u00e1gio realizado no semestre. Relatar as<\/div>\n<div>contribui\u00e7\u00f5es do est\u00e1gio para a empresa e para voc\u00ea estagi\u00e1rio (pessoal e<\/div>\n<div>profissionalmente). A conclus\u00e3o \u00e9 o momento em que voc\u00ea descreve as suas<\/div>\n<div>impress\u00f5es fundamentadas nas interven\u00e7\u00f5es da pr\u00e1tica di\u00e1ria como estagi\u00e1rio.<\/div>\n<div>Dessa forma, deve-se expressar com clareza e precis\u00e3o as conclus\u00f5es observadas<\/div>\n<div>no decorrer de todas as etapas do est\u00e1gio. Para a apresenta\u00e7\u00e3o do texto, seguir a<\/div>\n<div>presente formata\u00e7\u00e3o, preenchendo de 0,5 a 1 p\u00e1gina.<\/div>\n<div><\/div>\n<div>15<\/div>\n<div><\/div>\n<div>VALIDA\u00c7\u00c3O DO RELAT\u00d3RIO<\/div>\n<div>Incluir o termo de valida\u00e7\u00e3o digitalizado. O modelo para download encontra-se<\/div>\n<div>disponibilizado no AVA.<\/div>\n<div><\/div>\n<div>16<\/div>\n<div><\/div>\n<div>REFER\u00caNCIAS<\/div>\n<div><\/div>\n<div>Apresentar as refer\u00eancias citadas nos textos constru\u00eddos para o relat\u00f3rio,<\/div>\n<div>seguindo as normas ABNT. Aqui tamb\u00e9m devem ser inseridas as refer\u00eancias<\/div>\n<div>adicionais que voc\u00ea pesquisou.<\/div>\n<div>Citar apenas as refer\u00eancias utilizadas, seguindo, por exemplo, as orienta\u00e7\u00f5es<\/div>\n<div>os modelos a seguir:<\/div>\n<div>Refer\u00eancia \u00e9 um conjunto padronizado de elementos descritivos de<\/div>\n<div>documentos que permite a sua identifica\u00e7\u00e3o no todo ou em parte. Apresenta\u00e7\u00e3o de<\/div>\n<div>refer\u00eancias: em ordem alfab\u00e9tica e n\u00e3o-numeradas; sequ\u00eancia padronizada dos<\/div>\n<div>elementos essenciais e complementares (S\u00e3o complementares: n\u00famero de p\u00e1gina,<\/div>\n<div>n\u00famero do ISBN, ISSN e dimens\u00f5es); alinhamento somente \u00e0 margem esquerda;<\/div>\n<div>uso de espa\u00e7o simples; uso de espa\u00e7o duplo entre refer\u00eancias; pontua\u00e7\u00e3o uniforme;<\/div>\n<div>destaque de t\u00edtulos com it\u00e1lico; nas entradas pelo t\u00edtulo utilizam-se mai\u00fasculas na<\/div>\n<div>primeira palavra, com exclus\u00e3o de artigos e palavras monossil\u00e1bicas; casos omissos<\/div>\n<div>seguem as normas t\u00e9cnicas da ABNT \u2013 NBR 6023. A elabora\u00e7\u00e3o das refer\u00eancias<\/div>\n<div>necessita de uma aten\u00e7\u00e3o especial, pois \u00e9 fundamental que todos os autores que<\/div>\n<div>foram citados no texto, estejam nas refer\u00eancias. Por sua vez, se o autor \u201cn\u00e3o\u201d foi<\/div>\n<div>citado na fundamenta\u00e7\u00e3o, tamb\u00e9m \u201cn\u00e3o\u201d pode estar listado nas refer\u00eancias.<\/div>\n<div>Segue abaixo alguns exemplos (apenas com os elementos essenciais):<\/div>\n<div>Livro com um \u00fanico autor<\/div>\n<div>SOBRENOME, Nome Abreviado. T\u00edtulo: subt\u00edtulo (se houver). Edi\u00e7\u00e3o (se houver).<\/div>\n<div>Local de publica\u00e7\u00e3o: Editora, data de publica\u00e7\u00e3o da obra.<\/div>\n<div>Livro com at\u00e9 tr\u00eas autores:<\/div>\n<div>O procedimento \u00e9 o mesmo que o anterior, por\u00e9m, s\u00e3o escritos os nomes dos 3<\/div>\n<div>autores separados por ponto e v\u00edrgula seguido de espa\u00e7o.<\/div>\n<div>Livro com mais de tr\u00eas autores<\/div>\n<div>Aponta-se apenas o primeiro e acrescenta-se a express\u00e3o latina et. al.(it\u00e1lico)<\/div>\n<div>Cap\u00edtulo de livro<\/div>\n<div>SOBRENOME, Nome (autor do cap\u00edtulo). T\u00edtulo do cap\u00edtulo. In: SOBRENOME,<\/div>\n<div>Nome (autor do livro). T\u00edtulo do livro (negrito). edi\u00e7\u00e3o. Local: Editora, ano. p. inicial-<\/div>\n<div>final.<\/div>\n<div>Refer\u00eancias Bibliogr\u00e1ficas de SITES (LINKS da Internet)<\/div>\n<div><\/div>\n<div>Est\u00e1gio em Educa\u00e7\u00e3o F\u00edsica Bacharelado I<\/div>\n<div>Est\u00e1gio em Educa\u00e7\u00e3o F\u00edsica Bacharelado I<\/div>\n<div>SOBRENOME DO AUTOR, nome do autor. t\u00edtulo do Artigo \u2013 Ano \u2013 link \u2013 data de<\/div>\n<div>acesso (antes da data acrescenta-se a express\u00e3o acesso em:). O nome do autor<\/div>\n<div>pode ser omitido.<\/div>\n<div>Exemplos:<\/div>\n<div>HOWE TE, et al. Exercise for improving balance in older people. The Cochrane<\/div>\n<div>Library, 2011.Dispon\u00edvel em:<\/div>\n<div><a href=\"http:\/\/onlinelibrary.wiley.com\/doi\/10.1002\/14651858.CD004963.pub3\/full\" rel=\"nofollow\">http:\/\/onlinelibrary.wiley.com\/doi\/10.1002\/14651858.CD004963.pub3\/full<\/a>\u00a0. Acesso em:<\/div>\n<div>24\/10\/2016.<\/div>\n<div>Brasil. Minist\u00e9rio da Sa\u00fade. Cadernos de Aten\u00e7\u00e3o B\u00e1sica \u2013 Estrat\u00e9gia para o<\/div>\n<div>cuidado da pessoa com doen\u00e7a cr\u00f4nica (Caderno de Aten\u00e7\u00e3o B\u00e1sica n. 35) [recurso<\/div>\n<div>eletr\u00f4nico]. Minist\u00e9rio da Sa\u00fade, Secretaria de Aten\u00e7\u00e3o \u00e0 Sa\u00fade, Departamento de<\/div>\n<div>Aten\u00e7\u00e3o B\u00e1sica. Bras\u00edlia: Minist\u00e9rio da Sa\u00fade, 2014. Dispon\u00edvel em:<\/div>\n<div><a href=\"http:\/\/bvsms.saude.gov.br\/bvs\/publicacoes\/estrategias_cuidado_pessoa_doenca_cro\" rel=\"nofollow\">http:\/\/bvsms.saude.gov.br\/bvs\/publicacoes\/estrategias_cuidado_pessoa_doenca_cro<\/a><\/div>\n<div>nica_cab35.pdf . Acesso em 06 setembro 2016.<\/div>\n<div>Artigo de peri\u00f3dico (jornal)<\/div>\n<div>SOBRENOME, Nome (Autor do artigo). T\u00edtulo do artigo. Nome da Revista (negrito),<\/div>\n<div>Local, v., n., p. inicial-final, m\u00eas (abreviatura) ano.<\/div>\n<div>Artigo e\/ou mat\u00e9rias de jornais<\/div>\n<div>SOBRENOME, Nome (Autor do artigo). T\u00edtulo do artigo. Nome do Jornal (negrito),<\/div>\n<div>Local de publica\u00e7\u00e3o, numera\u00e7\u00e3o do ano e\/ou volume, n\u00famero (se houver), p\u00e1gina,<\/div>\n<div>dia m\u00eas e ano. Se\u00e7\u00e3o ou parte.<\/div>\n<div>Teses, disserta\u00e7\u00f5es e trabalhos de final de curso<\/div>\n<div>SOBRENOME, Nome. T\u00edtulo do trabalho (negrito). Ano. N\u00famero de folhas. Natureza<\/div>\n<div>do Trabalho (N\u00edvel e \u00e1rea do curso) \u2013 Unidade de Ensino, Institui\u00e7\u00e3o, Local, Ano de<\/div>\n<div>defesa.<\/div>\n<div>Artigo de peri\u00f3dico (meio eletr\u00f4nico)<\/div>\n<div>SOBRENOME, Nome. T\u00edtulo do artigo. Nome da Revista (negrito), Local, v. , n. ,<\/div>\n<div>m\u00eas (abreviado) ano. Dispon\u00edvel em: http:\/www.enderecodosite.com.br. Acesso em:<\/div>\n<div>26 jul. 2018.<\/div>\n<div>\n<div class=\"elementor-toggle-item\">\n<div class=\"elementor-toggle-item\">\n<p id=\"elementor-tab-title-1941\" class=\"elementor-tab-title elementor-active\" tabindex=\"0\" role=\"tab\" data-tab=\"1\" aria-controls=\"elementor-tab-content-1941\" aria-expanded=\"true\" aria-selected=\"true\"><strong>Como funciona?<\/strong><\/p>\n<p>Elaboramos os portf\u00f3lios, j\u00e1 deixamos prontos, nas normas da ABNT e conforme os requisitos da universidade. F\u00e1cil assim! O MELHOR \u00c9 QUE VOC\u00ca COMPRA E J\u00c1 BAIXA NA HORA O SEU ARQUIVO EM WORD! Sabemos que conciliar trabalho, fam\u00edlia, vida profissional e estudos \u00e9 dif\u00edcil hoje em dia, por isso, estamos aqui para ajudar voc\u00ea. Conte com nossa qualidade, experi\u00eancia e profissionalismo adquirindo seu portf\u00f3lio conosco. GARANTIMOS SEU CONCEITO!<\/p>\n<p><strong>Como se realizam os envios?<\/strong><\/p>\n<\/div>\n<p id=\"elementor-tab-content-1942\" class=\"elementor-tab-content elementor-clearfix elementor-active\" role=\"tabpanel\" data-tab=\"2\" aria-labelledby=\"elementor-tab-title-1942\">O seu trabalho \u00e9 disponibilizado pronto, respondido e nas normas j\u00e1 na mesma hora aqui em nosso site na sua \u00e1rea de downloads e tamb\u00e9m no seu e-mail.<\/p>\n<p><strong>Em quanto tempo recebo o portf\u00f3lio?<\/strong><\/p>\n<p>Os envios s\u00e3o imediatos. Ap\u00f3s sua compra, o trabalho j\u00e1 \u00e9 disponibilizado instantaneamente aqui em nosso site e no seu e-mail.<\/p>\n<p><strong>E se o portf\u00f3lio que comprei precisar de corre\u00e7\u00e3o?<\/strong><\/p>\n<p>Caso haja alguma solicita\u00e7\u00e3o de corre\u00e7\u00e3o\/altera\u00e7\u00e3o por parte do tutor, basta entrar em contato conosco pelo\u00a0WhatsApp\u00a0que provid\u00eanciaremos sem custo algum.<\/p>\n<p><strong>Qual o formato do arquivo?<\/strong><\/p>\n<p>Os arquivos s\u00e3o enviados em formato Word e s\u00e3o edit\u00e1veis.<\/p>\n<p><strong>Caso eu tiver alguma d\u00favida, terei suporte no p\u00f3s venda?<\/strong><\/p>\n<p>Sim, com certeza. Basta clicar no \u00edcone do WhatsApp no cantinho da tela. Ser\u00e1 um prazer atend\u00ea-lo(a).<\/p>\n<div id=\"elementor-tab-content-1948\" class=\"elementor-tab-content elementor-clearfix elementor-active\" role=\"tabpanel\" data-tab=\"8\" aria-labelledby=\"elementor-tab-title-1948\">\n<p><strong>Quais os seus canais de contato?<\/strong><\/p>\n<\/div>\n<div id=\"elementor-tab-content-1949\" class=\"elementor-tab-content elementor-clearfix elementor-active\" role=\"tabpanel\" data-tab=\"9\" aria-labelledby=\"elementor-tab-title-1949\">\n<p>Whatsapp: 53 984751621 \u2013 Clicar no canto da tela ou ESCANEIE O QRCODE ABAIXO<\/p>\n<h4><img decoding=\"async\" class=\"alignnone wp-image-13699 jetpack-lazy-image jetpack-lazy-image--handled\" src=\"https:\/\/i0.wp.com\/portifolioos-prontos.com\/wp-content\/uploads\/2023\/02\/whatsapp-business-projeto-de-extensao-300x300.jpeg?resize=144%2C144\" sizes=\"(max-width: 144px) 100vw, 144px\" srcset=\"https:\/\/i0.wp.com\/portifolioos-prontos.com\/wp-content\/uploads\/2023\/02\/whatsapp-business-projeto-de-extensao.jpeg?resize=300%2C301&amp;ssl=1 300w, https:\/\/i0.wp.com\/portifolioos-prontos.com\/wp-content\/uploads\/2023\/02\/whatsapp-business-projeto-de-extensao.jpeg?resize=150%2C150&amp;ssl=1 150w, https:\/\/i0.wp.com\/portifolioos-prontos.com\/wp-content\/uploads\/2023\/02\/whatsapp-business-projeto-de-extensao.jpeg?resize=370%2C372&amp;ssl=1 370w, https:\/\/i0.wp.com\/portifolioos-prontos.com\/wp-content\/uploads\/2023\/02\/whatsapp-business-projeto-de-extensao.jpeg?resize=100%2C100&amp;ssl=1 100w, https:\/\/i0.wp.com\/portifolioos-prontos.com\/wp-content\/uploads\/2023\/02\/whatsapp-business-projeto-de-extensao.jpeg?w=470&amp;ssl=1 470w\" alt=\"projeto de extens\u00e3o unopar\" width=\"144\" height=\"144\" data-lazy-loaded=\"1\" \/><\/h4>\n<\/div>\n<div class=\"elementor-toggle-item\">\n<div id=\"elementor-tab-content-1949\" class=\"elementor-tab-content elementor-clearfix elementor-active\" role=\"tabpanel\" data-tab=\"9\" aria-labelledby=\"elementor-tab-title-1949\">\n<p>E-mail:portifoliosp@gmail.com<\/p>\n<div id=\"attachment_143\" class=\"wp-caption alignnone\">\n<div id=\"attachment_143\" class=\"wp-caption alignnone\">\n<p id=\"caption-attachment-143\" class=\"wp-caption-text\"><a href=\"http:\/\/portfolio-pronto.com\/\">Portf\u00f3lio<\/a>\u00a0em Word, respondido, completo e j\u00e1 nas normas<\/p>\n<\/div>\n<\/div>\n<\/div>\n<\/div>\n<\/div>\n<\/div>\n","protected":false},"excerpt":{"rendered":"<div class=\"product-short-description\">\n<div class=\"product-short-description\">\n<p><strong>Pague pelo PIX ou cart\u00e3o e fa\u00e7a o download agora mesmo.<\/strong><\/p>\n<\/div>\n<div class=\"sticky-add-to-cart-wrapper\">\n<div class=\"sticky-add-to-cart\">\n<p class=\"quantity buttons_added form-flat\"><img decoding=\"async\" class=\"lazyloaded smush-image-5 smush-image-3 smush-image-4 smush-detected-img smush-image-bigger-3\" src=\"https:\/\/d26lpennugtm8s.cloudfront.net\/assets\/common\/img\/logos\/payment\/visa@2x.png\" width=\"46\" height=\"29\" data-src=\"https:\/\/d26lpennugtm8s.cloudfront.net\/assets\/common\/img\/logos\/payment\/visa@2x.png\" \/><img decoding=\"async\" class=\"lazyloaded smush-image-6 smush-image-4 smush-image-5 smush-detected-img smush-image-bigger-4\" src=\"https:\/\/d26lpennugtm8s.cloudfront.net\/assets\/common\/img\/logos\/payment\/boleto@2x.png\" width=\"43\" height=\"27\" data-src=\"https:\/\/d26lpennugtm8s.cloudfront.net\/assets\/common\/img\/logos\/payment\/boleto@2x.png\" \/><img loading=\"lazy\" decoding=\"async\" class=\"lazyloaded smush-image-7 smush-image-5 smush-image-6 smush-detected-img smush-image-bigger-5\" src=\"https:\/\/d26lpennugtm8s.cloudfront.net\/assets\/common\/img\/logos\/payment\/mastercard@2x.png\" width=\"43\" height=\"27\" data-src=\"https:\/\/d26lpennugtm8s.cloudfront.net\/assets\/common\/img\/logos\/payment\/mastercard@2x.png\" \/><img loading=\"lazy\" decoding=\"async\" class=\"lazyloaded smush-image-8 smush-image-6 smush-image-7 smush-detected-img smush-image-bigger-6\" src=\"https:\/\/d26lpennugtm8s.cloudfront.net\/assets\/common\/img\/logos\/payment\/amex@2x.png\" width=\"43\" height=\"27\" data-src=\"https:\/\/d26lpennugtm8s.cloudfront.net\/assets\/common\/img\/logos\/payment\/amex@2x.png\" \/><img loading=\"lazy\" decoding=\"async\" class=\"lazyloaded smush-image-9 smush-image-7 smush-image-8 smush-detected-img smush-image-bigger-7\" src=\"https:\/\/d26lpennugtm8s.cloudfront.net\/assets\/common\/img\/logos\/payment\/diners@2x.png\" width=\"46\" height=\"29\" data-src=\"https:\/\/d26lpennugtm8s.cloudfront.net\/assets\/common\/img\/logos\/payment\/diners@2x.png\" \/><img loading=\"lazy\" decoding=\"async\" class=\"lazyloaded smush-image-10 smush-image-8 smush-image-9 alignnone smush-detected-img smush-image-bigger-8\" src=\"https:\/\/d26lpennugtm8s.cloudfront.net\/assets\/common\/img\/logos\/payment\/br\/elo@2x.png\" alt=\"portf\u00f3lio unopar anhanguera\" width=\"45\" height=\"28\" data-src=\"https:\/\/d26lpennugtm8s.cloudfront.net\/assets\/common\/img\/logos\/payment\/br\/elo@2x.png\" \/><img loading=\"lazy\" decoding=\"async\" class=\"lazyloaded smush-image-11 smush-image-9 smush-image-10 alignnone smush-detected-img smush-image-bigger-9\" src=\"https:\/\/d26lpennugtm8s.cloudfront.net\/assets\/common\/img\/logos\/payment\/br\/hipercard@2x.png\" alt=\"portf\u00f3lio unopar anhanguera\" width=\"44\" height=\"28\" data-src=\"https:\/\/d26lpennugtm8s.cloudfront.net\/assets\/common\/img\/logos\/payment\/br\/hipercard@2x.png\" \/><img loading=\"lazy\" decoding=\"async\" class=\"lazyloaded smush-image-12 smush-image-10 smush-image-11 alignnone smush-detected-img smush-image-bigger-10\" src=\"https:\/\/d26lpennugtm8s.cloudfront.net\/assets\/common\/img\/logos\/payment\/mercadopago@2x.png\" alt=\"portf\u00f3lio unopar anhanguera\" width=\"45\" height=\"28\" data-src=\"https:\/\/d26lpennugtm8s.cloudfront.net\/assets\/common\/img\/logos\/payment\/mercadopago@2x.png\" \/><img loading=\"lazy\" decoding=\"async\" class=\"alignnone ls-is-cached lazyloaded smush-detected-img smush-image-bigger-11\" src=\"https:\/\/futurium.com.br\/wp-content\/uploads\/2021\/06\/logo-pix-icone-512.png\" alt=\"portfolio pronto\" width=\"30\" height=\"30\" data-src=\"https:\/\/futurium.com.br\/wp-content\/uploads\/2021\/06\/logo-pix-icone-512.png\" \/><\/p>\n<\/div>\n<\/div>\n<\/div>\n","protected":false},"featured_media":23426,"template":"","meta":{"_seopress_robots_primary_cat":"none","_seopress_titles_title":"%%post_title%% %%sitetitle%%","_seopress_titles_desc":"%%post_content%%","_seopress_robots_index":""},"product_cat":[35,221,15],"product_tag":[747,746],"class_list":{"0":"post-23423","1":"product","2":"type-product","3":"status-publish","4":"has-post-thumbnail","6":"product_cat-educacao-fisica","7":"product_cat-educacao-fisica-bacharelado","8":"product_cat-uncategorized","9":"product_tag-portfolio-de-estagio-anhanguera","10":"product_tag-portfolio-de-estagio-unopar","12":"first","13":"instock","14":"downloadable","15":"virtual","16":"purchasable","17":"product-type-simple","18":"col-xs-6 col-sm-4","19":"col-mf-5","20":"un-5-cols"},"jetpack_sharing_enabled":true,"_links":{"self":[{"href":"https:\/\/portifolioos-prontos.com\/index.php\/wp-json\/wp\/v2\/product\/23423","targetHints":{"allow":["GET"]}}],"collection":[{"href":"https:\/\/portifolioos-prontos.com\/index.php\/wp-json\/wp\/v2\/product"}],"about":[{"href":"https:\/\/portifolioos-prontos.com\/index.php\/wp-json\/wp\/v2\/types\/product"}],"version-history":[{"count":0,"href":"https:\/\/portifolioos-prontos.com\/index.php\/wp-json\/wp\/v2\/product\/23423\/revisions"}],"wp:featuredmedia":[{"embeddable":true,"href":"https:\/\/portifolioos-prontos.com\/index.php\/wp-json\/wp\/v2\/media\/23426"}],"wp:attachment":[{"href":"https:\/\/portifolioos-prontos.com\/index.php\/wp-json\/wp\/v2\/media?parent=23423"}],"wp:term":[{"taxonomy":"product_cat","embeddable":true,"href":"https:\/\/portifolioos-prontos.com\/index.php\/wp-json\/wp\/v2\/product_cat?post=23423"},{"taxonomy":"product_tag","embeddable":true,"href":"https:\/\/portifolioos-prontos.com\/index.php\/wp-json\/wp\/v2\/product_tag?post=23423"}],"curies":[{"name":"wp","href":"https:\/\/api.w.org\/{rel}","templated":true}]}}