{"id":23460,"date":"2024-02-14T11:59:04","date_gmt":"2024-02-14T14:59:04","guid":{"rendered":"https:\/\/portifolioos-prontos.com\/?post_type=product&#038;p=23460"},"modified":"2025-05-29T11:55:16","modified_gmt":"2025-05-29T14:55:16","slug":"atividade-pratica-agrometereologia","status":"publish","type":"product","link":"https:\/\/portifolioos-prontos.com\/index.php\/product\/atividade-pratica-agrometereologia\/","title":{"rendered":"Atividade pr\u00e1tica Agrometereologia"},"content":{"rendered":"<h4>ATIVIDADE PR\u00c1TICA AGROMETEOROLOGIA<\/h4>\n<p><strong>OBJETIVOS<\/strong><br \/>\nA proposta desta atividade pr\u00e1tica est\u00e1 amparada nos seguintes objetivos:<br \/>\n&#8211; Conhecer a metodologia de elabora\u00e7\u00e3o do balan\u00e7o h\u00eddrico;<br \/>\n&#8211; Elaborar a classifica\u00e7\u00e3o clim\u00e1tica de Koppen para uma determinada localidade.<br \/>\n<strong>RECURSOS<\/strong><br \/>\nComputador com acesso \u00e0 internet e ao ambiente virtual.<br \/>\n<strong>PROCEDIMENTOS PR\u00c1TICOS<\/strong><br \/>\nAtividade proposta<\/p>\n<p><strong>ETAPA 01<\/strong><br \/>\nElabora\u00e7\u00e3o do balan\u00e7o h\u00eddrico climatol\u00f3gico normal para a cidade de Passo Fundo \u2013 RS, (Lat.<br \/>\n28\u00ba15\u00b4S), Per\u00edodo: 1961-1990, CAD = 100mm<br \/>\nTomar como base os seguintes valores de ETP: 344<br \/>\nM\u00eas Jan Fev Mar Abr Mai Jun Jul Ago Set Out Nov Dez<br \/>\nETP mm 105 92 90 64 44 35 36 43 47 68 82 100<br \/>\nProcedimentos para a realiza\u00e7\u00e3o da atividade<br \/>\n\u2022 Considerar os dados m\u00e9dios de precipita\u00e7\u00e3o (mm) para Passo Fundo referentes \u00e0s<br \/>\nNormais climatol\u00f3gicas (1961 \u2013 1990) para os meses de janeiro a dezembro.<br \/>\nM\u00eas Jan Fev Mar Abr Mai Jun Jul Ago Set Out Nov Dez<br \/>\nP mm 143 148 121 118 131 129 153 166 207 167 141 162<br \/>\n\u2022 Calcular P-ETP conservando os sinais.<br \/>\nM\u00eas Jan Fev Mar Abr Mai Jun Jul Ago Set Out Nov Dez<br \/>\n(P &#8211;<br \/>\nETP) mm +38 +56 +31 +54 +87 +94 +117 +123 +160 +99 +59 +62<br \/>\n\u2022 Calcular o negativo acumulado.<br \/>\nM\u00eas Jan Fev Mar Abr Mai Jun Jul Ago Set Out Nov Dez<br \/>\nNAc mm 0 0 0 0 0 0 0 0 0 0 0 0<br \/>\n(Verifique que neste caso n\u00e3o h\u00e1 negativo acumulado, pois, todos os valores de P-ETP s\u00e3o<br \/>\npositivos)<br \/>\n\u2022 Calcular o armazenamento utilizando a f\u00f3rmula:<br \/>\nM\u00eas Jan Fev Mar Abr Mai Jun Jul Ago Set Out Nov Dez<br \/>\nARM mm 100 100 100 100 100 100 100 100 100 100 100 100<br \/>\n\u2022 Calcular a altera\u00e7\u00e3o do armazenamento de \u00e1gua no sistema:<br \/>\nM\u00eas Jan Fev Mar Abr Mai Jun Jul Ago Set Out Nov Dez<br \/>\nALT mm 0 0 0 0 0 0 0 0 0 0 0 0<br \/>\n\u2022 Calcular a evapotranspira\u00e7\u00e3o real<br \/>\nM\u00eas Jan Fev Mar Abr Mai Jun Jul Ago Set Out Nov Dez<br \/>\nETR mm 105 92 90 64 44 35 36 43 47 68 82 100<br \/>\n(Como P &#8211; ETP \u2265 0 \u21d2 ETR = ETP)<br \/>\n\u2022 Calcular a defici\u00eancia h\u00eddrica pela f\u00f3rmula: \ud835\udc37\ud835\udc38\ud835\udc39 = \ud835\udc38\ud835\udc47\ud835\udc43 \u2212 \ud835\udc38\ud835\udc47\ud835\udc45<br \/>\nM\u00eas Jan Fev Mar Abr Mai Jun Jul Ago Set Out Nov Dez<br \/>\nDEF mm 0 0 0 0 0 0 0 0 0 0 0 0<br \/>\n\u2022 Calcular o excedente h\u00eddrico<br \/>\nComo ARM = CAD \u21d2 EXC = (P-ETP) \u2013 ALT<br \/>\nM\u00eas Jan Fev Mar Abr Mai Jun Jul Ago Set Out Nov Dez<br \/>\nEXC mm 38 56 31 54 87 94 117 123 160 99 59 62<br \/>\nChecar se os valores do balan\u00e7o h\u00eddrico est\u00e3o corretos pelas f\u00f3rmulas:<br \/>\n\u25aa \u03a3P = \u03a3 ETP + \u03a3 (P &#8211; ETP) = 1786 -806 = + 980 (Correto)<br \/>\n\u25aa \u03a3P = \u03a3 ETR + \u03a3 EXC = 806 + 980 = 1786 (Correto)<br \/>\n\u25aa \u03a3ETP = \u03a3 ETR + \u03a3 DEF = 806 + 0 = 806 (Correto)<br \/>\n\u25aa \u03a3ALT = 0 (Correto)<\/p>\n<p><strong>ETAPA 02<\/strong><br \/>\nEscolha uma localidade no Brasil para classifica\u00e7\u00e3o clim\u00e1tica.<br \/>\nAp\u00f3s escolher a cidade levante as informa\u00e7\u00f5es de Temperatura e precipita\u00e7\u00e3o m\u00e9dias atrav\u00e9s das<br \/>\n\u201cNormais Climatol\u00f3gicas\u201d. Estes dados podem ser encontrados no site do Inmet (www.inmet.gov.br).<br \/>\nElaborar o balan\u00e7o h\u00eddrico da localidade buscando a determina\u00e7\u00e3o dos valores de<br \/>\nevapotranspira\u00e7\u00e3o. Pode ser utilizado o balan\u00e7o h\u00eddrico elaborado na etapa anterior. De posse dos<br \/>\nvalores de Temperatura, precipita\u00e7\u00e3o e evapotranspira\u00e7\u00e3o determinar o Grupo clim\u00e1tico (Grupos A,<br \/>\nB, C, D ou E).<br \/>\nDeterminar o tipo clim\u00e1tico em fun\u00e7\u00e3o das caracter\u00edsticas do local escolhido. Checar se o tipo<br \/>\nclim\u00e1tico corresponde ao Grupo encontrado.<br \/>\nChecar pela Figura 1 a seguir:<br \/>\nFigura 1. Indicador de tipos de clima segundo a classifica\u00e7\u00e3o de K\u00f6ppen<br \/>\nDeterminar o subtipo clim\u00e1tico em fun\u00e7\u00e3o das caracter\u00edsticas local escolhido. Checar se o subtipo<br \/>\nclim\u00e1tico corresponde ao Grupo encontrado.<br \/>\nChecar pela Figura 2, a seguir:<br \/>\nFigura 2. Indicador de subtipos de clima segundo a classifica\u00e7\u00e3o de K\u00f6ppen<br \/>\nDescrever a classifica\u00e7\u00e3o clim\u00e1tica do local escolhido.<br \/>\nElaborar relat\u00f3rio contendo o local, a classifica\u00e7\u00e3o clim\u00e1tica e a metodologia utilizada.<br \/>\nChecklist<br \/>\nPrincipais etapas para a completude da atividade pr\u00e1tica:<\/p>\n<p><strong>ETAPA 01<\/strong><br \/>\n\u2022 Calcular a diferen\u00e7a de P-EPT<br \/>\n\u2022 Calcular Negativo acumulado<br \/>\n\u2022 Calcular armazenamento de \u00e1gua<br \/>\n\u2022 Calcular altera\u00e7\u00e3o do armazenamento de \u00e1gua<br \/>\n\u2022 Calcular evapotranspira\u00e7\u00e3o real<br \/>\n\u2022 Calcular a defici\u00eancia h\u00eddrica<br \/>\n\u2022 Calcular o excedente h\u00eddrico<br \/>\n\u2022 Checar se os dados do balan\u00e7o h\u00eddrico est\u00e3o corretos.<\/p>\n<p><strong>ETAPA 02<\/strong><br \/>\n\u2022 Escolher a localidade<br \/>\n\u2022 Levantar dados de temperatura<br \/>\n\u2022 Levantar dados de precipita\u00e7\u00e3o<br \/>\n\u2022 Determinar a evapotranspira\u00e7\u00e3o atrav\u00e9s do balan\u00e7o h\u00eddrico<br \/>\n\u2022 Determinar grupo climatol\u00f3gico da localidade<br \/>\n\u2022 Determinar tipo climatol\u00f3gico da localidade<br \/>\n\u2022 Determinar subtipo climatol\u00f3gico da localidade<br \/>\n\u2022 Elaborar a classifica\u00e7\u00e3o clim\u00e1tica<br \/>\n\u2022 Elaborar relat\u00f3rio final<\/p>\n<p><strong>RESULTADO<\/strong><br \/>\nEntrega de um arquivo word que contemple todas as etapas da atividade pr\u00e1tica.<br \/>\nO aluno dever\u00e1 descrever no relat\u00f3rio o passo a passo para elabora\u00e7\u00e3o do balan\u00e7o h\u00eddrico. Dever\u00e1<br \/>\ntamb\u00e9m realizar a checagem final do correto preenchimento do balan\u00e7o h\u00eddrico e apresentar os<br \/>\nper\u00edodos de excesso h\u00eddrico e de defici\u00eancia h\u00eddrica para a localidade apresentada. E o que<br \/>\nrepresenta o BH para as culturas.<br \/>\nEspera-se ainda que o aluno consiga elaborar a classifica\u00e7\u00e3o clim\u00e1tica para a localidade escolhida.<br \/>\nIsso deve ser expresso atrav\u00e9s de um relat\u00f3rio que conste a localidade escolhida e seus dados<br \/>\nclimatol\u00f3gicos, a descri\u00e7\u00e3o do passo a passo para a classifica\u00e7\u00e3o pr\u00e9via e finalmente a classifica\u00e7\u00e3o<br \/>\nclim\u00e1tica completa para o local escolhido. Os dados climatol\u00f3gicos podem ser expressos na forma<br \/>\nde tabelas e a classifica\u00e7\u00e3o clim\u00e1tica expressa em seguida.<\/p>\n<div class=\"elementor-toggle-item\">\n<h4 id=\"elementor-tab-title-1941\" class=\"elementor-tab-title elementor-active\" tabindex=\"0\" role=\"tab\" data-tab=\"1\" aria-controls=\"elementor-tab-content-1941\" aria-expanded=\"true\" aria-selected=\"true\">Como funciona?<\/h4>\n<div id=\"elementor-tab-content-1941\" class=\"elementor-tab-content elementor-clearfix elementor-active\" role=\"tabpanel\" data-tab=\"1\" aria-labelledby=\"elementor-tab-title-1941\">\n<p>Elaboramos os portf\u00f3lios, j\u00e1 deixamos prontos, nas normas da ABNT e conforme os requisitos da universidade. F\u00e1cil assim! O MELHOR \u00c9 QUE VOC\u00ca COMPRA E J\u00c1 BAIXA NA HORA O SEU ARQUIVO EM WORD! Sabemos que conciliar trabalho, fam\u00edlia, vida profissional e estudos \u00e9 dif\u00edcil hoje em dia, por isso, estamos aqui para ajudar voc\u00ea. Conte com nossa qualidade, experi\u00eancia e profissionalismo adquirindo seu portf\u00f3lio conosco. GARANTIMOS SEU CONCEITO!<\/p>\n<h4>Como se realizam os envios?<\/h4>\n<\/div>\n<\/div>\n<div class=\"elementor-toggle-item\">\n<div id=\"elementor-tab-content-1942\" class=\"elementor-tab-content elementor-clearfix elementor-active\" role=\"tabpanel\" data-tab=\"2\" aria-labelledby=\"elementor-tab-title-1942\">O seu trabalho \u00e9 disponibilizado pronto, respondido e nas normas j\u00e1 na mesma hora aqui em nosso site na sua \u00e1rea de downloads e tamb\u00e9m no seu e-mail.<\/div>\n<\/div>\n<div class=\"elementor-toggle-item\">\n<div id=\"elementor-tab-content-1943\" class=\"elementor-tab-content elementor-clearfix elementor-active\" role=\"tabpanel\" data-tab=\"3\" aria-labelledby=\"elementor-tab-title-1943\">\n<h4>Em quanto tempo recebo o portf\u00f3lio?<\/h4>\n<\/div>\n<\/div>\n<div class=\"elementor-toggle-item\">\n<div id=\"elementor-tab-content-1944\" class=\"elementor-tab-content elementor-clearfix elementor-active\" role=\"tabpanel\" data-tab=\"4\" aria-labelledby=\"elementor-tab-title-1944\">\n<p>Os envios s\u00e3o imediatos. Ap\u00f3s sua compra, o trabalho j\u00e1 \u00e9 disponibilizado instantaneamente aqui em nosso site e no seu e-mail.<\/p>\n<h4>E se o portf\u00f3lio que comprei precisar de corre\u00e7\u00e3o?<\/h4>\n<\/div>\n<\/div>\n<div class=\"elementor-toggle-item\">\n<div id=\"elementor-tab-content-1945\" class=\"elementor-tab-content elementor-clearfix elementor-active\" role=\"tabpanel\" data-tab=\"5\" aria-labelledby=\"elementor-tab-title-1945\">\n<p>Caso haja alguma solicita\u00e7\u00e3o de corre\u00e7\u00e3o\/altera\u00e7\u00e3o por parte do tutor, basta entrar em contato conosco pelo\u00a0WhatsApp\u00a0que provid\u00eanciaremos sem custo algum.<\/p>\n<h4>Qual o formato do arquivo?<\/h4>\n<\/div>\n<\/div>\n<div class=\"elementor-toggle-item\">\n<div id=\"elementor-tab-content-1946\" class=\"elementor-tab-content elementor-clearfix elementor-active\" role=\"tabpanel\" data-tab=\"6\" aria-labelledby=\"elementor-tab-title-1946\">\n<p>Os arquivos s\u00e3o enviados em formato Word e s\u00e3o edit\u00e1veis.<\/p>\n<h4>Caso eu tiver alguma d\u00favida, terei suporte no p\u00f3s venda?<\/h4>\n<\/div>\n<\/div>\n<div class=\"elementor-toggle-item\">\n<div id=\"elementor-tab-content-1948\" class=\"elementor-tab-content elementor-clearfix elementor-active\" role=\"tabpanel\" data-tab=\"8\" aria-labelledby=\"elementor-tab-title-1948\">\n<p>Sim, com certeza. Basta clicar no \u00edcone do WhatsApp no cantinho da tela. Ser\u00e1 um prazer atend\u00ea-lo(a).<\/p>\n<div class=\"elementor-toggle-item\">\n<div id=\"elementor-tab-content-1948\" class=\"elementor-tab-content elementor-clearfix elementor-active\" role=\"tabpanel\" data-tab=\"8\" aria-labelledby=\"elementor-tab-title-1948\">\n<h4>Quais os seus canais de contato?<\/h4>\n<\/div>\n<\/div>\n<div class=\"elementor-toggle-item\">\n<div id=\"elementor-tab-content-1949\" class=\"elementor-tab-content elementor-clearfix elementor-active\" role=\"tabpanel\" data-tab=\"9\" aria-labelledby=\"elementor-tab-title-1949\">\n<p>Whatsapp: 53 984751621 \u2013 Clicar no canto da tela ou ESCANEIE O QRCODE ABAIXO<\/p>\n<h4><img decoding=\"async\" class=\"alignnone wp-image-13699 jetpack-lazy-image jetpack-lazy-image--handled\" src=\"https:\/\/i0.wp.com\/portifolioos-prontos.com\/wp-content\/uploads\/2023\/02\/whatsapp-business-projeto-de-extensao-300x300.jpeg?resize=144%2C144\" sizes=\"(max-width: 144px) 100vw, 144px\" srcset=\"https:\/\/i0.wp.com\/portifolioos-prontos.com\/wp-content\/uploads\/2023\/02\/whatsapp-business-projeto-de-extensao.jpeg?resize=300%2C301&amp;ssl=1 300w, https:\/\/i0.wp.com\/portifolioos-prontos.com\/wp-content\/uploads\/2023\/02\/whatsapp-business-projeto-de-extensao.jpeg?resize=150%2C150&amp;ssl=1 150w, https:\/\/i0.wp.com\/portifolioos-prontos.com\/wp-content\/uploads\/2023\/02\/whatsapp-business-projeto-de-extensao.jpeg?resize=370%2C372&amp;ssl=1 370w, https:\/\/i0.wp.com\/portifolioos-prontos.com\/wp-content\/uploads\/2023\/02\/whatsapp-business-projeto-de-extensao.jpeg?resize=100%2C100&amp;ssl=1 100w, https:\/\/i0.wp.com\/portifolioos-prontos.com\/wp-content\/uploads\/2023\/02\/whatsapp-business-projeto-de-extensao.jpeg?w=470&amp;ssl=1 470w\" alt=\"projeto de extens\u00e3o unopar\" width=\"144\" height=\"144\" data-lazy-loaded=\"1\" \/><\/h4>\n<\/div>\n<\/div>\n<\/div>\n<\/div>\n<div class=\"elementor-toggle-item\">\n<div id=\"elementor-tab-content-1949\" class=\"elementor-tab-content elementor-clearfix elementor-active\" role=\"tabpanel\" data-tab=\"9\" aria-labelledby=\"elementor-tab-title-1949\">\n<p>E-mail:portifoliosp@gmail.com<\/p>\n<div id=\"attachment_143\" class=\"wp-caption alignnone\">\n<div id=\"attachment_143\" class=\"wp-caption alignnone\" style=\"width: 155px;\">\n<p><a href=\"http:\/\/portifolioos-prontos.com\/\"><img decoding=\"async\" class=\"wp-image-143 jetpack-lazy-image jetpack-lazy-image--handled\" title=\"portfolio pronto unopar\" src=\"https:\/\/i0.wp.com\/portifolioos-prontos.com\/wp-content\/uploads\/2022\/04\/conceitomaximo.png?resize=161%2C46\" alt=\"PORTFOLIO PRONTO UNOPAR ANHANGUERA\" width=\"155\" height=\"44\" aria-describedby=\"caption-attachment-143\" data-lazy-loaded=\"1\" \/><\/a><\/p>\n<p id=\"caption-attachment-143\" class=\"wp-caption-text\">Portf\u00f3lio em Word, respondido, completo e j\u00e1 nas normas.<\/p>\n<\/div>\n<\/div>\n<\/div>\n<\/div>\n","protected":false},"excerpt":{"rendered":"<div class=\"product-short-description\">\n<h5>TRABALHO PRONTO, POR\u00c9M, N\u00c3O DEVE SER ENVIADO \u00c0 UNIVERSIDADE! SERVE APENAS PARA MODELO.<\/h5>\n<h5><strong>Pague pelo PIX ou cart\u00e3o e fa\u00e7a o download agora mesmo.<\/strong><\/h5>\n<\/div>\n<div class=\"sticky-add-to-cart-wrapper\">\n<div class=\"sticky-add-to-cart\">\n<div class=\"quantity buttons_added form-flat\"><img decoding=\"async\" class=\"alignnone wp-image-761\" src=\"http:\/\/portifolioos-prontos.com\/wp-content\/uploads\/2022\/04\/PIX-300x107.webp\" alt=\"\" width=\"78\" height=\"28\" \/>\u00a0\u00a0<img loading=\"lazy\" decoding=\"async\" class=\"\" src=\"https:\/\/d26lpennugtm8s.cloudfront.net\/assets\/common\/img\/logos\/payment\/visa@2x.png\" width=\"46\" height=\"29\" \/><img loading=\"lazy\" decoding=\"async\" class=\"\" src=\"https:\/\/d26lpennugtm8s.cloudfront.net\/assets\/common\/img\/logos\/payment\/boleto@2x.png\" width=\"43\" height=\"27\" \/><img loading=\"lazy\" decoding=\"async\" class=\"\" src=\"https:\/\/d26lpennugtm8s.cloudfront.net\/assets\/common\/img\/logos\/payment\/mastercard@2x.png\" width=\"43\" height=\"27\" \/><img loading=\"lazy\" decoding=\"async\" class=\"\" src=\"https:\/\/d26lpennugtm8s.cloudfront.net\/assets\/common\/img\/logos\/payment\/amex@2x.png\" width=\"43\" height=\"27\" \/><img loading=\"lazy\" decoding=\"async\" class=\"\" src=\"https:\/\/d26lpennugtm8s.cloudfront.net\/assets\/common\/img\/logos\/payment\/diners@2x.png\" width=\"46\" height=\"29\" \/><img loading=\"lazy\" decoding=\"async\" class=\"\" src=\"https:\/\/d26lpennugtm8s.cloudfront.net\/assets\/common\/img\/logos\/payment\/br\/elo@2x.png\" width=\"45\" height=\"28\" \/><img loading=\"lazy\" decoding=\"async\" class=\"\" src=\"https:\/\/d26lpennugtm8s.cloudfront.net\/assets\/common\/img\/logos\/payment\/br\/hipercard@2x.png\" width=\"44\" height=\"28\" \/><img loading=\"lazy\" decoding=\"async\" class=\"\" src=\"https:\/\/d26lpennugtm8s.cloudfront.net\/assets\/common\/img\/logos\/payment\/mercadopago@2x.png\" width=\"45\" height=\"28\" \/><\/div>\n<\/div>\n<\/div>\n","protected":false},"featured_media":23463,"template":"","meta":{"_seopress_robots_primary_cat":"none","_seopress_titles_title":"%%post_title%% %%sitetitle%%","_seopress_titles_desc":"%%post_content%%","_seopress_robots_index":""},"product_cat":[63,29,15],"product_tag":[],"class_list":{"0":"post-23460","1":"product","2":"type-product","3":"status-publish","4":"has-post-thumbnail","6":"product_cat-agronegocio","7":"product_cat-agronomia","8":"product_cat-uncategorized","10":"first","11":"instock","12":"downloadable","13":"virtual","14":"purchasable","15":"product-type-simple","16":"col-xs-6 col-sm-4","17":"col-mf-5","18":"un-5-cols"},"jetpack_sharing_enabled":true,"_links":{"self":[{"href":"https:\/\/portifolioos-prontos.com\/index.php\/wp-json\/wp\/v2\/product\/23460","targetHints":{"allow":["GET"]}}],"collection":[{"href":"https:\/\/portifolioos-prontos.com\/index.php\/wp-json\/wp\/v2\/product"}],"about":[{"href":"https:\/\/portifolioos-prontos.com\/index.php\/wp-json\/wp\/v2\/types\/product"}],"version-history":[{"count":0,"href":"https:\/\/portifolioos-prontos.com\/index.php\/wp-json\/wp\/v2\/product\/23460\/revisions"}],"wp:featuredmedia":[{"embeddable":true,"href":"https:\/\/portifolioos-prontos.com\/index.php\/wp-json\/wp\/v2\/media\/23463"}],"wp:attachment":[{"href":"https:\/\/portifolioos-prontos.com\/index.php\/wp-json\/wp\/v2\/media?parent=23460"}],"wp:term":[{"taxonomy":"product_cat","embeddable":true,"href":"https:\/\/portifolioos-prontos.com\/index.php\/wp-json\/wp\/v2\/product_cat?post=23460"},{"taxonomy":"product_tag","embeddable":true,"href":"https:\/\/portifolioos-prontos.com\/index.php\/wp-json\/wp\/v2\/product_tag?post=23460"}],"curies":[{"name":"wp","href":"https:\/\/api.w.org\/{rel}","templated":true}]}}