{"id":23466,"date":"2024-02-14T12:05:33","date_gmt":"2024-02-14T15:05:33","guid":{"rendered":"https:\/\/portifolioos-prontos.com\/?post_type=product&#038;p=23466"},"modified":"2026-03-02T19:50:59","modified_gmt":"2026-03-02T22:50:59","slug":"atividade-pratica-processos-psicologicos-basicos","status":"publish","type":"product","link":"https:\/\/portifolioos-prontos.com\/index.php\/product\/atividade-pratica-processos-psicologicos-basicos\/","title":{"rendered":"Atividade pr\u00e1tica Processos Psicol\u00f3gicos B\u00e1sicos"},"content":{"rendered":"<h4>Atividade pr\u00e1tica Processos Psicol\u00f3gicos B\u00e1sicos<\/h4>\n<p><strong>OBJETIVOS<\/strong><br \/>\nA proposta desta atividade pr\u00e1tica est\u00e1 amparada nos seguintes objetivos:<br \/>\n&#8211; Promover a\u00e7\u00f5es que contemplam os processos psicol\u00f3gicos b\u00e1sicos, ampliando as possibilidades<br \/>\ndas pr\u00e1ticas de interven\u00e7\u00e3o.<br \/>\n&#8211; Elaborar propostas que valorizem a utiliza\u00e7\u00e3o de jogos para impulsionar o desenvolvimento de<br \/>\nprocessos psicol\u00f3gicos b\u00e1sicos.<\/p>\n<hr \/>\n<p><strong>RECURSOS<\/strong><br \/>\n&#8211; Computador com acesso \u00e0 internet.<br \/>\n&#8211; Material recicl\u00e1vel.<br \/>\n&#8211; Cartolina.<br \/>\n&#8211; Sulfite.<br \/>\n&#8211; L\u00e1pis de cor ou canetas coloridas.<br \/>\n&#8211; Tesoura e cola.<br \/>\n&#8211; Recurso educacional digital (canva e outros).<br \/>\nAtividade proposta<br \/>\nFun\u00e7\u00f5es mentais como aten\u00e7\u00e3o, sensa\u00e7\u00e3o, percep\u00e7\u00e3o, mem\u00f3ria, pensamento, linguagem e<br \/>\naprendizagem s\u00e3o caracterizadas na psicologia como processos psicol\u00f3gicos b\u00e1sicos. Nesse<br \/>\ncontexto, est\u00e3o inseridas no \u00e2mbito da emo\u00e7\u00e3o, a\u00e7\u00f5es permeadas pela afetividade.<br \/>\nO psicopedagogo deve propor exerc\u00edcios que explorem os processos psicol\u00f3gicos b\u00e1sicos<br \/>\nrelacionados aos fen\u00f4menos ps\u00edquicos que se manifestam sob a forma de emo\u00e7\u00f5es e sentimentos. \u00c9<br \/>\na afetividade que determina a atitude geral do indiv\u00edduo diante de qualquer experi\u00eancia vivida, dentre<br \/>\nelas, situa\u00e7\u00f5es cotidianas que envolvem a aprendizagem.<br \/>\nProcedimentos para a realiza\u00e7\u00e3o da atividade<br \/>\nAtividade 01: Proposta de atividade estimulando a identifica\u00e7\u00e3o e nomea\u00e7\u00e3o das<br \/>\nemo\u00e7\u00f5es:<br \/>\nPara fazer esta proposta \u00e9 preciso assistir ao v\u00eddeo e seguir as orienta\u00e7\u00f5es exemplificadas:<br \/>\n\uf0b7 Assista o trailer do filme \u201cDivertidamente\u201d dispon\u00edvel em:<br \/>\nEm seguida, responda:<br \/>\n\uf0b7 Quais s\u00e3o as emo\u00e7\u00f5es citadas no v\u00eddeo?<br \/>\n\uf0b7 Na sua opini\u00e3o, as experi\u00eancias advindas da mem\u00f3ria s\u00e3o importantes? Justifique.<br \/>\n\uf0b7 Com base no trailer quais aspectos da mem\u00f3ria voc\u00ea consegue destacar. Registre suas<br \/>\nrespostas no arquivo da atividade 1.<br \/>\nAp\u00f3s, este primeiro momento, voc\u00ea dever\u00e1 elaborar recursos para um jogo de associa\u00e7\u00e3o das<br \/>\nemo\u00e7\u00f5es. Para isso, produza cart\u00f5es com emo\u00e7\u00f5es: alegria, tristeza, vergonha, raiva, medo e nojo e<br \/>\ndescreva as carcter\u00edsticas de cada uma destas emo\u00e7\u00f5es.<br \/>\n\uf0b7 Para a produ\u00e7\u00e3o dos cart\u00f5es, siga o exemplo abaixo:<br \/>\nExemplo:<br \/>\nDispon\u00edvel em: https:\/\/encurtador.com.br\/mEGW2. Acesso em: 07 de dez. 2023.<br \/>\nPara criar seus cart\u00f5es, voc\u00ea pode utilizar ferramentas como:<br \/>\n\uf0b7 Word;<br \/>\n\uf0b7 Sulfite;<br \/>\n\uf0b7 Cartolina;<br \/>\n\uf0b7 Canva: https:\/\/www.canva.com<br \/>\nAtividade 02: Atua\u00e7\u00e3o psicopedag\u00f3gica<br \/>\nImagine que voc\u00ea \u00e9 o psicopedagogo e recebeu um adolescente na faixa et\u00e1ria de 12 a 14<br \/>\nanos que vivencia a seguinte situa\u00e7\u00e3o:<br \/>\nAp\u00f3s presenciar uma cena de viol\u00eancia dom\u00e9stica envolvendo seus pais, esse adolescente<br \/>\n(estudante do ensino fundamental II) ainda muito assustado, comentou o ocorrido com um amigo da<br \/>\nescola. Ap\u00f3s alguns dias, come\u00e7ou a perceber olhares e piadas direcionadas a ele. Sentindo-se<br \/>\ndesconfort\u00e1vel, n\u00e3o queria mais frequentar a escola por vergonha dos colegas e professores.<br \/>\nNesse contexto, voc\u00ea pensar\u00e1 como atuar na autorregula\u00e7\u00e3o do aprendente. Considere<br \/>\nautorregula\u00e7\u00e3o como estrat\u00e9gias que auxiliam o aprendente a dominar suas emo\u00e7\u00f5es em situa\u00e7\u00f5es<br \/>\nALEGRIA<br \/>\nEstado de<br \/>\nsatisfa\u00e7\u00e3o<br \/>\nextrema;<br \/>\nsentimento de<br \/>\ncontentamento<br \/>\nou de prazer<br \/>\nexcessivo.<br \/>\nde desconforto e conflito. Para isso, leia o artigo abaixo e depois descreva como voc\u00ea poder\u00e1 auxili\u00e1lo na regula\u00e7\u00e3o das emo\u00e7\u00f5es:<br \/>\n\uf0b7 Leia o artigo \u201cBullying na escola: comportamento agressivo, vitimiza\u00e7\u00e3o e conduta pr\u00f3-social<br \/>\nentre pares\u201c dispon\u00edvel em:<br \/>\nhttp:\/\/pepsic.bvsalud.org\/scielo.php?script=sci_arttext&#038;pid=S1983-34822009000200001<br \/>\n\uf0b7 Ap\u00f3s leitura, descreva as a\u00e7\u00f5es que voc\u00ea enquanto psicopedagogo poder\u00e1 desenvolver para<br \/>\nauxiliar o aprendente na autorregula\u00e7\u00e3o de suas emo\u00e7\u00f5es. Essa descri\u00e7\u00e3o dever\u00e1 ser feita no<br \/>\narquivo de entrega do trabalho final.<br \/>\nAtividade 03: Cria\u00e7\u00e3o de um infogr\u00e1fico<br \/>\nA adolesc\u00eancia \u00e9 um per\u00edodo muito significativo, repleto de mudan\u00e7as no corpo, na mente e<br \/>\nnas emo\u00e7\u00f5es dos adolescentes. Esse fato, impacta diretamente no emocional e, consequentemente,<br \/>\npodem acabar interferindo em todas as \u00e1reas da vida desse adolescente, inclusive no desempenho<br \/>\nescolar e na conviv\u00eancia social. Portanto, a autorregula\u00e7\u00e3o das emo\u00e7\u00f5es \u00e9 fundamental para que eles<br \/>\nconsigam enfrentar os desafios nesse per\u00edodo.<br \/>\n\uf0b7 Para elaborar a atividade proposta \u00e9 preciso retomar a leitura realizada na atividade 2;<br \/>\n\uf0b7 Com base nas infroma\u00e7\u00f5es do texto, construa um infogr\u00e1fico destacando as ideias principais<br \/>\nda abordagem sobre Bullying e a sua rela\u00e7\u00e3o com as emo\u00e7\u00f5es.<br \/>\n\uf0b7 Para criar seu infogr\u00e1fico voc\u00ea poder\u00e1 utilizar o Infogram ou o Canva.<br \/>\nInfogram: https:\/\/infogram.com<br \/>\nCanva: https:\/\/www.canva.com<br \/>\nO infogr\u00e1fico \u00e9 um recurso visual de apresenta\u00e7\u00e3o de dados e informa\u00e7\u00f5es. Geralmente<br \/>\nmistura imagens, ilustra\u00e7\u00f5es, gr\u00e1ficos e textos de modo a transmitir as informa\u00e7\u00f5es de maneira clara,<br \/>\nobjetiva e atrativa para o leitor.<br \/>\n<strong>Checklist<\/strong><br \/>\n&#8211; Procurar um ambiente tranquilo para realizar as atividades solicitadas sem interfer\u00eancias.<br \/>\n&#8211; Identificar os sujeitos e contextos descritos nas atividades 1, 2 e 3.<br \/>\n&#8211; Realizar as reflex\u00f5es propostas e a elabora\u00e7\u00e3o das atividades.<\/p>\n<hr \/>\n<p><strong>RESULTADO<\/strong><br \/>\nO trabalho dever\u00e1 ser entregue em arquivo Word atendendo as etapas de produ\u00e7\u00e3o e<br \/>\nutilizando os recursos solicitados no roteiro.<br \/>\nO arquivo dever\u00e1 conter:<br \/>\n\uf0b7 Capa;<br \/>\n\uf0b7 Folha de rosto com os dados da disciplina e do aluno;<br \/>\n\uf0b7 Descri\u00e7\u00e3o das atividades pr\u00e1ticas exigidas pelo roteiro;<br \/>\n\uf0b7 Refer\u00eancias bibliogr\u00e1ficas (quando houver).<\/p>\n<hr \/>\n<p><strong>REFER\u00caNCIAS<\/strong><br \/>\nCALBO, Adriano et al. Bullying na escola: comportamento agressivo, vitimiza\u00e7\u00e3o e conduta pr\u00f3social entre pares. Contextos Cl\u00ednicos, 2009. Dispon\u00edvel em:<br \/>\nhttp:\/\/pepsic.bvsalud.org\/scielo.php?script=sci_arttext&amp;pid=S1983-34822009000200001. Acesso<br \/>\nem: 07 de dez. 2023.<\/p>\n<div class=\"elementor-toggle-item\">\n<h4 id=\"elementor-tab-title-1941\" class=\"elementor-tab-title elementor-active\" tabindex=\"0\" role=\"tab\" data-tab=\"1\" aria-controls=\"elementor-tab-content-1941\" aria-expanded=\"true\" aria-selected=\"true\">Como funciona?<\/h4>\n<div id=\"elementor-tab-content-1941\" class=\"elementor-tab-content elementor-clearfix elementor-active\" role=\"tabpanel\" data-tab=\"1\" aria-labelledby=\"elementor-tab-title-1941\">\n<p>Elaboramos os portf\u00f3lios, j\u00e1 deixamos prontos, nas normas da ABNT e conforme os requisitos da universidade. F\u00e1cil assim! O MELHOR \u00c9 QUE VOC\u00ca COMPRA E J\u00c1 BAIXA NA HORA O SEU ARQUIVO EM WORD! Sabemos que conciliar trabalho, fam\u00edlia, vida profissional e estudos \u00e9 dif\u00edcil hoje em dia, por isso, estamos aqui para ajudar voc\u00ea. Conte com nossa qualidade, experi\u00eancia e profissionalismo adquirindo seu portf\u00f3lio conosco. GARANTIMOS SEU CONCEITO!<\/p>\n<h4>Como se realizam os envios?<\/h4>\n<\/div>\n<\/div>\n<div class=\"elementor-toggle-item\">\n<div id=\"elementor-tab-content-1942\" class=\"elementor-tab-content elementor-clearfix elementor-active\" role=\"tabpanel\" data-tab=\"2\" aria-labelledby=\"elementor-tab-title-1942\">O seu trabalho \u00e9 disponibilizado pronto, respondido e nas normas j\u00e1 na mesma hora aqui em nosso site na sua \u00e1rea de downloads e tamb\u00e9m no seu e-mail.<\/div>\n<\/div>\n<div class=\"elementor-toggle-item\">\n<div id=\"elementor-tab-content-1943\" class=\"elementor-tab-content elementor-clearfix elementor-active\" role=\"tabpanel\" data-tab=\"3\" aria-labelledby=\"elementor-tab-title-1943\">\n<h4>Em quanto tempo recebo o portf\u00f3lio?<\/h4>\n<\/div>\n<\/div>\n<div class=\"elementor-toggle-item\">\n<div id=\"elementor-tab-content-1944\" class=\"elementor-tab-content elementor-clearfix elementor-active\" role=\"tabpanel\" data-tab=\"4\" aria-labelledby=\"elementor-tab-title-1944\">\n<p>Os envios s\u00e3o imediatos. Ap\u00f3s sua compra, o trabalho j\u00e1 \u00e9 disponibilizado instantaneamente aqui em nosso site e no seu e-mail.<\/p>\n<h4>E se o portf\u00f3lio que comprei precisar de corre\u00e7\u00e3o?<\/h4>\n<\/div>\n<\/div>\n<div class=\"elementor-toggle-item\">\n<div id=\"elementor-tab-content-1945\" class=\"elementor-tab-content elementor-clearfix elementor-active\" role=\"tabpanel\" data-tab=\"5\" aria-labelledby=\"elementor-tab-title-1945\">\n<p>Caso haja alguma solicita\u00e7\u00e3o de corre\u00e7\u00e3o\/altera\u00e7\u00e3o por parte do tutor, basta entrar em contato conosco pelo\u00a0WhatsApp\u00a0que provid\u00eanciaremos sem custo algum.<\/p>\n<h4>Qual o formato do arquivo?<\/h4>\n<\/div>\n<\/div>\n<div class=\"elementor-toggle-item\">\n<div id=\"elementor-tab-content-1946\" class=\"elementor-tab-content elementor-clearfix elementor-active\" role=\"tabpanel\" data-tab=\"6\" aria-labelledby=\"elementor-tab-title-1946\">\n<p>Os arquivos s\u00e3o enviados em formato Word e s\u00e3o edit\u00e1veis.<\/p>\n<h4>Caso eu tiver alguma d\u00favida, terei suporte no p\u00f3s venda?<\/h4>\n<\/div>\n<\/div>\n<div class=\"elementor-toggle-item\">\n<div id=\"elementor-tab-content-1948\" class=\"elementor-tab-content elementor-clearfix elementor-active\" role=\"tabpanel\" data-tab=\"8\" aria-labelledby=\"elementor-tab-title-1948\">\n<p>Sim, com certeza. Basta clicar no \u00edcone do WhatsApp no cantinho da tela. Ser\u00e1 um prazer atend\u00ea-lo(a).<\/p>\n<div class=\"elementor-toggle-item\">\n<div id=\"elementor-tab-content-1948\" class=\"elementor-tab-content elementor-clearfix elementor-active\" role=\"tabpanel\" data-tab=\"8\" aria-labelledby=\"elementor-tab-title-1948\">\n<h4>Quais os seus canais de contato?<\/h4>\n<\/div>\n<\/div>\n<div class=\"elementor-toggle-item\">\n<div id=\"elementor-tab-content-1949\" class=\"elementor-tab-content elementor-clearfix elementor-active\" role=\"tabpanel\" data-tab=\"9\" aria-labelledby=\"elementor-tab-title-1949\">\n<p>Whatsapp: 53 984751621 \u2013 Clicar no canto da tela ou ESCANEIE O QRCODE ABAIXO<\/p>\n<h4><img decoding=\"async\" class=\"alignnone wp-image-13699 jetpack-lazy-image jetpack-lazy-image--handled\" src=\"https:\/\/i0.wp.com\/portifolioos-prontos.com\/wp-content\/uploads\/2023\/02\/whatsapp-business-projeto-de-extensao-300x300.jpeg?resize=144%2C144\" sizes=\"(max-width: 144px) 100vw, 144px\" srcset=\"https:\/\/i0.wp.com\/portifolioos-prontos.com\/wp-content\/uploads\/2023\/02\/whatsapp-business-projeto-de-extensao.jpeg?resize=300%2C301&amp;ssl=1 300w, https:\/\/i0.wp.com\/portifolioos-prontos.com\/wp-content\/uploads\/2023\/02\/whatsapp-business-projeto-de-extensao.jpeg?resize=150%2C150&amp;ssl=1 150w, https:\/\/i0.wp.com\/portifolioos-prontos.com\/wp-content\/uploads\/2023\/02\/whatsapp-business-projeto-de-extensao.jpeg?resize=370%2C372&amp;ssl=1 370w, https:\/\/i0.wp.com\/portifolioos-prontos.com\/wp-content\/uploads\/2023\/02\/whatsapp-business-projeto-de-extensao.jpeg?resize=100%2C100&amp;ssl=1 100w, https:\/\/i0.wp.com\/portifolioos-prontos.com\/wp-content\/uploads\/2023\/02\/whatsapp-business-projeto-de-extensao.jpeg?w=470&amp;ssl=1 470w\" alt=\"projeto de extens\u00e3o unopar\" width=\"144\" height=\"144\" data-lazy-loaded=\"1\" \/><\/h4>\n<\/div>\n<\/div>\n<\/div>\n<\/div>\n<div class=\"elementor-toggle-item\">\n<div id=\"elementor-tab-content-1949\" class=\"elementor-tab-content elementor-clearfix elementor-active\" role=\"tabpanel\" data-tab=\"9\" aria-labelledby=\"elementor-tab-title-1949\">\n<p>E-mail:portifoliosp@gmail.com<\/p>\n<div id=\"attachment_143\" class=\"wp-caption alignnone\">\n<div id=\"attachment_143\" class=\"wp-caption alignnone\" style=\"width: 137px;\">\n<p><a href=\"http:\/\/portifolioos-prontos.com\/\"><img decoding=\"async\" class=\"wp-image-143 jetpack-lazy-image jetpack-lazy-image--handled\" title=\"portfolio pronto unopar\" src=\"https:\/\/i0.wp.com\/portifolioos-prontos.com\/wp-content\/uploads\/2022\/04\/conceitomaximo.png?resize=161%2C46\" alt=\"PORTFOLIO PRONTO UNOPAR ANHANGUERA\" width=\"137\" height=\"39\" aria-describedby=\"caption-attachment-143\" data-lazy-loaded=\"1\" \/><\/a><\/p>\n<p id=\"caption-attachment-143\" class=\"wp-caption-text\">Portf\u00f3lio em Word, respondido, completo e j\u00e1 nas normas.<\/p>\n<\/div>\n<\/div>\n<\/div>\n<\/div>\n","protected":false},"excerpt":{"rendered":"<div class=\"product-short-description\">\n<h5><strong>Pague pelo PIX ou cart\u00e3o e fa\u00e7a o download agora mesmo.<\/strong><\/h5>\n<\/div>\n<div class=\"sticky-add-to-cart-wrapper\">\n<div class=\"sticky-add-to-cart\">\n<div class=\"quantity buttons_added form-flat\"><img decoding=\"async\" class=\"\" src=\"https:\/\/d26lpennugtm8s.cloudfront.net\/assets\/common\/img\/logos\/payment\/visa@2x.png\" width=\"46\" height=\"29\" \/><img loading=\"lazy\" decoding=\"async\" class=\"\" src=\"https:\/\/d26lpennugtm8s.cloudfront.net\/assets\/common\/img\/logos\/payment\/boleto@2x.png\" width=\"43\" height=\"27\" \/><img loading=\"lazy\" decoding=\"async\" class=\"\" src=\"https:\/\/d26lpennugtm8s.cloudfront.net\/assets\/common\/img\/logos\/payment\/mastercard@2x.png\" width=\"43\" height=\"27\" \/><img loading=\"lazy\" decoding=\"async\" class=\"\" src=\"https:\/\/d26lpennugtm8s.cloudfront.net\/assets\/common\/img\/logos\/payment\/amex@2x.png\" width=\"43\" height=\"27\" \/><img loading=\"lazy\" decoding=\"async\" class=\"\" src=\"https:\/\/d26lpennugtm8s.cloudfront.net\/assets\/common\/img\/logos\/payment\/diners@2x.png\" width=\"46\" height=\"29\" \/><img loading=\"lazy\" decoding=\"async\" class=\"\" src=\"https:\/\/d26lpennugtm8s.cloudfront.net\/assets\/common\/img\/logos\/payment\/br\/elo@2x.png\" width=\"45\" height=\"28\" \/><img loading=\"lazy\" decoding=\"async\" class=\"\" src=\"https:\/\/d26lpennugtm8s.cloudfront.net\/assets\/common\/img\/logos\/payment\/br\/hipercard@2x.png\" width=\"44\" height=\"28\" \/><img loading=\"lazy\" decoding=\"async\" class=\"\" src=\"https:\/\/d26lpennugtm8s.cloudfront.net\/assets\/common\/img\/logos\/payment\/mercadopago@2x.png\" width=\"45\" height=\"28\" \/><\/div>\n<\/div>\n<\/div>\n","protected":false},"featured_media":23470,"template":"","meta":{"_seopress_robots_primary_cat":"none","_seopress_titles_title":"%%post_title%% %%sitetitle%%","_seopress_titles_desc":"%%post_content%%","_seopress_robots_index":""},"product_cat":[131,15],"product_tag":[],"class_list":{"0":"post-23466","1":"product","2":"type-product","3":"status-publish","4":"has-post-thumbnail","6":"product_cat-psicologia","7":"product_cat-uncategorized","9":"first","10":"instock","11":"downloadable","12":"virtual","13":"purchasable","14":"product-type-simple","15":"col-xs-6 col-sm-4","16":"col-mf-5","17":"un-5-cols"},"jetpack_sharing_enabled":true,"_links":{"self":[{"href":"https:\/\/portifolioos-prontos.com\/index.php\/wp-json\/wp\/v2\/product\/23466","targetHints":{"allow":["GET"]}}],"collection":[{"href":"https:\/\/portifolioos-prontos.com\/index.php\/wp-json\/wp\/v2\/product"}],"about":[{"href":"https:\/\/portifolioos-prontos.com\/index.php\/wp-json\/wp\/v2\/types\/product"}],"version-history":[{"count":1,"href":"https:\/\/portifolioos-prontos.com\/index.php\/wp-json\/wp\/v2\/product\/23466\/revisions"}],"predecessor-version":[{"id":49882,"href":"https:\/\/portifolioos-prontos.com\/index.php\/wp-json\/wp\/v2\/product\/23466\/revisions\/49882"}],"wp:featuredmedia":[{"embeddable":true,"href":"https:\/\/portifolioos-prontos.com\/index.php\/wp-json\/wp\/v2\/media\/23470"}],"wp:attachment":[{"href":"https:\/\/portifolioos-prontos.com\/index.php\/wp-json\/wp\/v2\/media?parent=23466"}],"wp:term":[{"taxonomy":"product_cat","embeddable":true,"href":"https:\/\/portifolioos-prontos.com\/index.php\/wp-json\/wp\/v2\/product_cat?post=23466"},{"taxonomy":"product_tag","embeddable":true,"href":"https:\/\/portifolioos-prontos.com\/index.php\/wp-json\/wp\/v2\/product_tag?post=23466"}],"curies":[{"name":"wp","href":"https:\/\/api.w.org\/{rel}","templated":true}]}}