{"id":23475,"date":"2024-02-14T17:44:42","date_gmt":"2024-02-14T20:44:42","guid":{"rendered":"https:\/\/portifolioos-prontos.com\/?post_type=product&#038;p=23475"},"modified":"2025-08-03T16:50:00","modified_gmt":"2025-08-03T19:50:00","slug":"projeto-integrado-sintese-gestao-ambiental","status":"publish","type":"product","link":"https:\/\/portifolioos-prontos.com\/index.php\/product\/projeto-integrado-sintese-gestao-ambiental\/","title":{"rendered":"Projeto Integrado S\u00edntese &#8211; Gest\u00e3o Ambiental"},"content":{"rendered":"<h4>Projeto Integrado S\u00edntese &#8211; Gest\u00e3o Ambiental<\/h4>\n<p>Ol\u00e1, Estudante,<br \/>\nSeja bem-vindo a este semestre!<br \/>\nNeste projeto integrado vamos refletir sobre uma quest\u00e3o muito importante: o mercado de<br \/>\ntrabalho na \u00e1rea ambiental.<br \/>\nMeio ambiente \u00e9, em primeiro lugar, um campo muito vasto, que envolve uma s\u00e9rie de<br \/>\npossibilidades trabalhos diferentes, seja no poder p\u00fablico, na iniciativa privada ou mesmo em<br \/>\nOrganiza\u00e7\u00f5es N\u00e3o Governamentais \u2013 ONG.<br \/>\nO objetivo desta atividade \u00e9 focar em uma carreira muito comum para diversas pessoas que<br \/>\nse formam na \u00e1rea ambiental, que \u00e9 abrir um escrit\u00f3rio de consultoria ambiental.<br \/>\nSITUA\u00c7\u00c3O GERADORA DE APRENDIZAGEM<br \/>\nA \u00e1rea ambiental \u00e9 bastante ampla, contemplando uma s\u00e9rie de possibilidades de atua\u00e7\u00e3o de<br \/>\nprofissionais diversos, desde bachar\u00e9is em Direito que estudam a legisla\u00e7\u00e3o ambiental at\u00e9<br \/>\nespecialistas que trabalham desenvolvendo novos materiais e tecnologias que sejam menos<br \/>\nimpactantes.<br \/>\nUma caracter\u00edstica importante da \u00e1rea ambiental \u00e9 que se trata de um ramo multidisciplinar<br \/>\ne que, muitas vezes, um profissional da \u00e1rea n\u00e3o atua sozinho, mas com equipe formada por pessoas<br \/>\nde diferentes forma\u00e7\u00f5es.<br \/>\nPROJETO INTEGRADO<br \/>\nDIVIDUAL \u2013 PTI<br \/>\nNeste sentido, o tecn\u00f3logo ou tecn\u00f3loga em gest\u00e3o ambiental, possui uma forma\u00e7\u00e3o<br \/>\nabrangente que tem conhecimento sobre os principais temas que envolvem a quest\u00e3o ambiental em<br \/>\nnosso pa\u00eds.<br \/>\nAssim, nesta atividade, vamos partir do princ\u00edpio de que voc\u00ea \u00e9 uma pessoa rec\u00e9m-formada<br \/>\ne que est\u00e1 iniciando suas atividades como consultor(a) ambiental em um escrit\u00f3rio pr\u00f3prio. Ap\u00f3s<br \/>\nrealizar um levantamento sobre os principais campos de atua\u00e7\u00e3o de um consultor ambiental no seu<br \/>\nmunic\u00edpio voc\u00ea concluiu que o licenciamento ambiental era a atividade que mais demandava este<br \/>\ntipo de servi\u00e7o, uma vez que esta esp\u00e9cie de processo demanda diferentes estudos ambientais,<br \/>\ndependendo da categoria de atividade licenciada e da tipologia do licenciamento.<br \/>\nDentre os tipos de estudos, projetos e\/ou planos que o \u00f3rg\u00e3o licenciador usualmente solicita<br \/>\npara a expedi\u00e7\u00e3o da licen\u00e7a ambiental, temos: Plano de Gerenciamento de Res\u00edduos S\u00f3lidos, Plano<br \/>\nde Gerenciamento de Res\u00edduos da Constru\u00e7\u00e3o Civil, Plano de Gerenciamento de Res\u00edduos da Sa\u00fade,<br \/>\nPlano de Controle Ambiental, Plano de Recupera\u00e7\u00e3o de \u00c1reas Degradadas, Estudo de Impacto de<br \/>\nVizinhan\u00e7a, Outorga de Uso da \u00c1gua, Estudo de Impacto Ambiental \/ Relat\u00f3rio de Impacto de Meio<br \/>\nAmbiente.<br \/>\nO \u00f3rg\u00e3o licenciador, al\u00e9m de solicitar os documentos ambientais citados, tamb\u00e9m exige dos<br \/>\nempreendimentos adequa\u00e7\u00f5es das inconformidades, seja na estrutura f\u00edsica do estabelecimento,<br \/>\nseja no processo produtivo. Portanto, conforme o caso, pode ser exigido tamb\u00e9m uma Auditoria<br \/>\nAmbiental Compuls\u00f3ria.<br \/>\nPROPOSTA PARA ATIVIDADE<br \/>\nPara poder entrar neste mercado, foi necess\u00e1rio estudar profundamente a legisla\u00e7\u00e3o sobre<br \/>\nlicenciamento e, voc\u00ea percebeu, que entre os fundamentos da lei, destacava-se que o \u201cArt. Todo<br \/>\nmaterial cartogr\u00e1fico, seja plantas, cartas ou mapas, dever\u00e3o ser confeccionados em Datum<br \/>\nHorizontal SIRGAS2000, e sistema de Proje\u00e7\u00e3o Universal Transversa de Mercator e dever\u00e3o ser<br \/>\nentregues em meio digital, em arquivo Shapefile para as camadas vetoriais e\/ou arquivo Geotiff<br \/>\nquando a camada for matricial\u201d.<br \/>\nPROJETO INTEGRADO<br \/>\nDIVIDUAL \u2013 PTI<br \/>\nAl\u00e9m da quest\u00e3o da cartografia, a legisla\u00e7\u00e3o trata que um dos princ\u00edpios do licenciamento<br \/>\nambiental \u00e9 \u201cfomentar a Educa\u00e7\u00e3o Ambiental nas empresas por meio treinamentos como condi\u00e7\u00e3o<br \/>\npara expedi\u00e7\u00e3o das licen\u00e7as\u201d.<br \/>\nPartindo dos seus conhecimentos sobre a realidade ambiental do seu munic\u00edpio e sobre a<br \/>\nlegisla\u00e7\u00e3o ambiental, reflita sobre as seguintes quest\u00f5es:<br \/>\n\u2022 Como voc\u00ea, que est\u00e1 iniciando seu neg\u00f3cio, pode conquistar clientes?<br \/>\n\u2022 Considerando a multidisciplinaridade da tem\u00e1tica ambiental voc\u00ea precisar\u00e1 de uma<br \/>\nrede de profissionais que, ou trabalhar\u00e3o para voc\u00ea, ou trabalhar\u00e3o em parceria.<br \/>\nQuais tipos de profissionais devem fazer parte desta equipe? E por qu\u00ea? (Cite e<br \/>\nexplique ao menos 5 &#8211; considerando as caracter\u00edsticas do profissional).<br \/>\n\u2022 Por que o artigo que trata da produ\u00e7\u00e3o cartogr\u00e1fica apresenta esses quesitos<br \/>\nt\u00e9cnicos?<br \/>\n\u2022 Como a Educa\u00e7\u00e3o Ambiental pode ser implementada em um processo de<br \/>\nLicenciamento Ambiental?<br \/>\n\u2022 Como o avan\u00e7o tecnol\u00f3gico influencia o meio ambiente? E de que modo a<br \/>\npreserva\u00e7\u00e3o ambiental se articula com os princ\u00edpios da cidadania?<br \/>\nLembre-se que o processo de licenciamento ambiental pode exigir, justificadamente, uma<br \/>\ndiversidade de estudos ambientais!<br \/>\nORIENTA\u00c7\u00d5ES<br \/>\nPartindo da Situa\u00e7\u00e3o Geradora de Aprendizagem e da Proposta para atividade apresentada,<br \/>\nvoc\u00ea dever\u00e1 redigir um texto apresentando a sua futura empresa. Portanto, todos os t\u00f3picos dos<br \/>\nquestionamentos precisam ser respondidos de maneira fluida, convencendo o leitor que sua<br \/>\nempresa possui um grande diferencial, como, por exemplo:<br \/>\n\u201cVoc\u00ea, alguma vez, como empres\u00e1rio, sentiu dificuldades em regularizar a sua empresa<br \/>\nperante o \u00f3rg\u00e3o licenciador?<br \/>\nPROJETO INTEGRADO<br \/>\nDIVIDUAL \u2013 PTI<br \/>\nAcaba de ser inaugurado o escrit\u00f3rio de consultoria ambiental que possui como diferencial&#8230;\u201d<br \/>\nD\u00ea um car\u00e1ter t\u00e9cnico\/acad\u00eamico ao seu texto. Utilize ao menos 3 (tr\u00eas) cita\u00e7\u00f5es diretas e<br \/>\ncurtas (e n\u00e3o se esque\u00e7a de referenciar ao final!).<\/p>\n<div class=\"elementor-toggle-item\">\n<div class=\"elementor-toggle-item\">\n<p id=\"elementor-tab-title-1941\" class=\"elementor-tab-title elementor-active\" tabindex=\"0\" role=\"tab\" data-tab=\"1\" aria-controls=\"elementor-tab-content-1941\" aria-expanded=\"true\" aria-selected=\"true\"><strong>Como funciona?<\/strong><\/p>\n<p>Elaboramos os portf\u00f3lios, j\u00e1 deixamos prontos, nas normas da ABNT e conforme os requisitos da universidade. F\u00e1cil assim! O MELHOR \u00c9 QUE VOC\u00ca COMPRA E J\u00c1 BAIXA NA HORA O SEU ARQUIVO EM WORD! Sabemos que conciliar trabalho, fam\u00edlia, vida profissional e estudos \u00e9 dif\u00edcil hoje em dia, por isso, estamos aqui para ajudar voc\u00ea. Conte com nossa qualidade, experi\u00eancia e profissionalismo adquirindo seu portf\u00f3lio conosco. GARANTIMOS SEU CONCEITO!<\/p>\n<p><strong>Como se realizam os envios?<\/strong><\/p>\n<\/div>\n<p id=\"elementor-tab-content-1942\" class=\"elementor-tab-content elementor-clearfix elementor-active\" role=\"tabpanel\" data-tab=\"2\" aria-labelledby=\"elementor-tab-title-1942\">O seu trabalho \u00e9 disponibilizado pronto, respondido e nas normas j\u00e1 na mesma hora aqui em nosso site na sua \u00e1rea de downloads e tamb\u00e9m no seu e-mail.<\/p>\n<p><strong>Em quanto tempo recebo o portf\u00f3lio?<\/strong><\/p>\n<p>Os envios s\u00e3o imediatos. Ap\u00f3s sua compra, o trabalho j\u00e1 \u00e9 disponibilizado instantaneamente aqui em nosso site e no seu e-mail.<\/p>\n<p><strong>E se o portf\u00f3lio que comprei precisar de corre\u00e7\u00e3o?<\/strong><\/p>\n<p>Caso haja alguma solicita\u00e7\u00e3o de corre\u00e7\u00e3o\/altera\u00e7\u00e3o por parte do tutor, basta entrar em contato conosco pelo\u00a0WhatsApp\u00a0que provid\u00eanciaremos sem custo algum.<\/p>\n<p><strong>Qual o formato do arquivo?<\/strong><\/p>\n<p>Os arquivos s\u00e3o enviados em formato Word e s\u00e3o edit\u00e1veis.<\/p>\n<p><strong>Caso eu tiver alguma d\u00favida, terei suporte no p\u00f3s venda?<\/strong><\/p>\n<p>Sim, com certeza. Basta clicar no \u00edcone do WhatsApp no cantinho da tela. Ser\u00e1 um prazer atend\u00ea-lo(a).<\/p>\n<div id=\"elementor-tab-content-1948\" class=\"elementor-tab-content elementor-clearfix elementor-active\" role=\"tabpanel\" data-tab=\"8\" aria-labelledby=\"elementor-tab-title-1948\">\n<p><strong>Quais os seus canais de contato?<\/strong><\/p>\n<\/div>\n<div id=\"elementor-tab-content-1949\" class=\"elementor-tab-content elementor-clearfix elementor-active\" role=\"tabpanel\" data-tab=\"9\" aria-labelledby=\"elementor-tab-title-1949\">\n<p>Whatsapp: 53 984751621 \u2013 Clicar no canto da tela ou ESCANEIE O QRCODE ABAIXO<\/p>\n<h4><img decoding=\"async\" class=\"alignnone wp-image-13699 jetpack-lazy-image jetpack-lazy-image--handled\" src=\"https:\/\/i0.wp.com\/portifolioos-prontos.com\/wp-content\/uploads\/2023\/02\/whatsapp-business-projeto-de-extensao-300x300.jpeg?resize=144%2C144\" sizes=\"(max-width: 144px) 100vw, 144px\" srcset=\"https:\/\/i0.wp.com\/portifolioos-prontos.com\/wp-content\/uploads\/2023\/02\/whatsapp-business-projeto-de-extensao.jpeg?resize=300%2C301&amp;ssl=1 300w, https:\/\/i0.wp.com\/portifolioos-prontos.com\/wp-content\/uploads\/2023\/02\/whatsapp-business-projeto-de-extensao.jpeg?resize=150%2C150&amp;ssl=1 150w, https:\/\/i0.wp.com\/portifolioos-prontos.com\/wp-content\/uploads\/2023\/02\/whatsapp-business-projeto-de-extensao.jpeg?resize=370%2C372&amp;ssl=1 370w, https:\/\/i0.wp.com\/portifolioos-prontos.com\/wp-content\/uploads\/2023\/02\/whatsapp-business-projeto-de-extensao.jpeg?resize=100%2C100&amp;ssl=1 100w, https:\/\/i0.wp.com\/portifolioos-prontos.com\/wp-content\/uploads\/2023\/02\/whatsapp-business-projeto-de-extensao.jpeg?w=470&amp;ssl=1 470w\" alt=\"projeto de extens\u00e3o unopar\" width=\"144\" height=\"144\" data-lazy-loaded=\"1\" \/><\/h4>\n<\/div>\n<div class=\"elementor-toggle-item\">\n<div id=\"elementor-tab-content-1949\" class=\"elementor-tab-content elementor-clearfix elementor-active\" role=\"tabpanel\" data-tab=\"9\" aria-labelledby=\"elementor-tab-title-1949\">\n<p>E-mail:portifoliosp@gmail.com<\/p>\n<div id=\"attachment_143\" class=\"wp-caption alignnone\">\n<div id=\"attachment_143\" class=\"wp-caption alignnone\">\n<p id=\"caption-attachment-143\" class=\"wp-caption-text\"><a href=\"http:\/\/portfolio-pronto.com\/\">Portf\u00f3lio<\/a>\u00a0em Word, respondido, completo e j\u00e1 nas normas<\/p>\n<\/div>\n<\/div>\n<\/div>\n<\/div>\n<\/div>\n","protected":false},"excerpt":{"rendered":"<div class=\"product-short-description\">\n<div class=\"product-short-description\">\n<p><strong>Pague pelo PIX ou cart\u00e3o e fa\u00e7a o download agora mesmo.<\/strong><\/p>\n<\/div>\n<div class=\"sticky-add-to-cart-wrapper\">\n<div class=\"sticky-add-to-cart\">\n<p class=\"quantity buttons_added form-flat\"><img decoding=\"async\" class=\"lazyloaded smush-image-5 smush-image-3 smush-image-4 smush-detected-img smush-image-bigger-3\" src=\"https:\/\/d26lpennugtm8s.cloudfront.net\/assets\/common\/img\/logos\/payment\/visa@2x.png\" width=\"46\" height=\"29\" data-src=\"https:\/\/d26lpennugtm8s.cloudfront.net\/assets\/common\/img\/logos\/payment\/visa@2x.png\" \/><img decoding=\"async\" class=\"lazyloaded smush-image-6 smush-image-4 smush-image-5 smush-detected-img smush-image-bigger-4\" src=\"https:\/\/d26lpennugtm8s.cloudfront.net\/assets\/common\/img\/logos\/payment\/boleto@2x.png\" width=\"43\" height=\"27\" data-src=\"https:\/\/d26lpennugtm8s.cloudfront.net\/assets\/common\/img\/logos\/payment\/boleto@2x.png\" \/><img loading=\"lazy\" decoding=\"async\" class=\"lazyloaded smush-image-7 smush-image-5 smush-image-6 smush-detected-img smush-image-bigger-5\" src=\"https:\/\/d26lpennugtm8s.cloudfront.net\/assets\/common\/img\/logos\/payment\/mastercard@2x.png\" width=\"43\" height=\"27\" data-src=\"https:\/\/d26lpennugtm8s.cloudfront.net\/assets\/common\/img\/logos\/payment\/mastercard@2x.png\" \/><img loading=\"lazy\" decoding=\"async\" class=\"lazyloaded smush-image-8 smush-image-6 smush-image-7 smush-detected-img smush-image-bigger-6\" src=\"https:\/\/d26lpennugtm8s.cloudfront.net\/assets\/common\/img\/logos\/payment\/amex@2x.png\" width=\"43\" height=\"27\" data-src=\"https:\/\/d26lpennugtm8s.cloudfront.net\/assets\/common\/img\/logos\/payment\/amex@2x.png\" \/><img loading=\"lazy\" decoding=\"async\" class=\"lazyloaded smush-image-9 smush-image-7 smush-image-8 smush-detected-img smush-image-bigger-7\" src=\"https:\/\/d26lpennugtm8s.cloudfront.net\/assets\/common\/img\/logos\/payment\/diners@2x.png\" width=\"46\" height=\"29\" data-src=\"https:\/\/d26lpennugtm8s.cloudfront.net\/assets\/common\/img\/logos\/payment\/diners@2x.png\" \/><img loading=\"lazy\" decoding=\"async\" class=\"lazyloaded smush-image-10 smush-image-8 smush-image-9 alignnone smush-detected-img smush-image-bigger-8\" src=\"https:\/\/d26lpennugtm8s.cloudfront.net\/assets\/common\/img\/logos\/payment\/br\/elo@2x.png\" alt=\"portf\u00f3lio unopar anhanguera\" width=\"45\" height=\"28\" data-src=\"https:\/\/d26lpennugtm8s.cloudfront.net\/assets\/common\/img\/logos\/payment\/br\/elo@2x.png\" \/><img loading=\"lazy\" decoding=\"async\" class=\"lazyloaded smush-image-11 smush-image-9 smush-image-10 alignnone smush-detected-img smush-image-bigger-9\" src=\"https:\/\/d26lpennugtm8s.cloudfront.net\/assets\/common\/img\/logos\/payment\/br\/hipercard@2x.png\" alt=\"portf\u00f3lio unopar anhanguera\" width=\"44\" height=\"28\" data-src=\"https:\/\/d26lpennugtm8s.cloudfront.net\/assets\/common\/img\/logos\/payment\/br\/hipercard@2x.png\" \/><img loading=\"lazy\" decoding=\"async\" class=\"lazyloaded smush-image-12 smush-image-10 smush-image-11 alignnone smush-detected-img smush-image-bigger-10\" src=\"https:\/\/d26lpennugtm8s.cloudfront.net\/assets\/common\/img\/logos\/payment\/mercadopago@2x.png\" alt=\"portf\u00f3lio unopar anhanguera\" width=\"45\" height=\"28\" data-src=\"https:\/\/d26lpennugtm8s.cloudfront.net\/assets\/common\/img\/logos\/payment\/mercadopago@2x.png\" \/><img loading=\"lazy\" decoding=\"async\" class=\"alignnone ls-is-cached lazyloaded smush-detected-img smush-image-bigger-11\" src=\"https:\/\/futurium.com.br\/wp-content\/uploads\/2021\/06\/logo-pix-icone-512.png\" alt=\"portfolio pronto\" width=\"30\" height=\"30\" data-src=\"https:\/\/futurium.com.br\/wp-content\/uploads\/2021\/06\/logo-pix-icone-512.png\" \/><\/p>\n<\/div>\n<\/div>\n<\/div>\n","protected":false},"featured_media":23485,"template":"","meta":{"_seopress_robots_primary_cat":"none","_seopress_titles_title":"%%post_title%% %%sitetitle%%","_seopress_titles_desc":"%%post_content%%","_seopress_robots_index":""},"product_cat":[74,15],"product_tag":[],"class_list":{"0":"post-23475","1":"product","2":"type-product","3":"status-publish","4":"has-post-thumbnail","6":"product_cat-gestao-ambiental","7":"product_cat-uncategorized","9":"first","10":"instock","11":"downloadable","12":"virtual","13":"purchasable","14":"product-type-simple","15":"col-xs-6 col-sm-4","16":"col-mf-5","17":"un-5-cols"},"jetpack_sharing_enabled":true,"_links":{"self":[{"href":"https:\/\/portifolioos-prontos.com\/index.php\/wp-json\/wp\/v2\/product\/23475","targetHints":{"allow":["GET"]}}],"collection":[{"href":"https:\/\/portifolioos-prontos.com\/index.php\/wp-json\/wp\/v2\/product"}],"about":[{"href":"https:\/\/portifolioos-prontos.com\/index.php\/wp-json\/wp\/v2\/types\/product"}],"version-history":[{"count":0,"href":"https:\/\/portifolioos-prontos.com\/index.php\/wp-json\/wp\/v2\/product\/23475\/revisions"}],"wp:featuredmedia":[{"embeddable":true,"href":"https:\/\/portifolioos-prontos.com\/index.php\/wp-json\/wp\/v2\/media\/23485"}],"wp:attachment":[{"href":"https:\/\/portifolioos-prontos.com\/index.php\/wp-json\/wp\/v2\/media?parent=23475"}],"wp:term":[{"taxonomy":"product_cat","embeddable":true,"href":"https:\/\/portifolioos-prontos.com\/index.php\/wp-json\/wp\/v2\/product_cat?post=23475"},{"taxonomy":"product_tag","embeddable":true,"href":"https:\/\/portifolioos-prontos.com\/index.php\/wp-json\/wp\/v2\/product_tag?post=23475"}],"curies":[{"name":"wp","href":"https:\/\/api.w.org\/{rel}","templated":true}]}}