{"id":23526,"date":"2024-02-16T15:48:49","date_gmt":"2024-02-16T18:48:49","guid":{"rendered":"https:\/\/portifolioos-prontos.com\/?post_type=product&#038;p=23526"},"modified":"2025-08-03T16:50:09","modified_gmt":"2025-08-03T19:50:09","slug":"projeto-integrado-sintese-radiologia","status":"publish","type":"product","link":"https:\/\/portifolioos-prontos.com\/index.php\/product\/projeto-integrado-sintese-radiologia\/","title":{"rendered":"Projeto Integrado Radiologia &#8211; Estudo de Caso: &#8220;Log\u00edstica Reversa no Setor de Radiologia&#8221;"},"content":{"rendered":"<h4>Projeto Integrado &#8211; Radiologia<\/h4>\n<h5>SITUA\u00c7\u00c3O PROPOSTA:<\/h5>\n<h5>Estudo de Caso: &#8220;Log\u00edstica Reversa no Setor de Radiologia&#8221;<\/h5>\n<p>A partir de 1914, os filmes de raios-X ficaram cada vez mais populares, pois os vidros que at\u00e9<br \/>\nent\u00e3o eram utilizados vinham da B\u00e9lgica e devido \u00e0 Primeira Guerra Mundial, o suprimento deste<br \/>\nmaterial acabou sendo cortado, assim, com os filmes foi poss\u00edvel obter grandes avan\u00e7os (FERREIRA,<br \/>\n2007).<br \/>\nNo Brasil, Jos\u00e9 Carlos Ferreira Pires foi o primeiro m\u00e9dico a instalar um aparelho de raiosX no interior do Brasil, na cidade de Formiga, Minas Gerais, a 600 km do Rio de Janeiro, em 1897\u201d<br \/>\n(PEREIRA, 2006, P. 51). Suas primeiras radiografias tamb\u00e9m funcionavam com as chapas de vidro<br \/>\nfotogr\u00e1ficos, sendo a primeira chapa registrada de uma m\u00e3o que apresentava um corpo estranho.<br \/>\nPor\u00e9m, era necess\u00e1rio muito tempo para realizar a radiografia, prejudicando a imagem e expondo<br \/>\nos pacientes \u00e0 intensa radia\u00e7\u00e3o. Por exemplo, uma radiografia de t\u00f3rax demorava cerca de 30<br \/>\nminutos e a de um cr\u00e2nio, em torno de 45 minutos (FENELON, 2005).<br \/>\nAinda no s\u00e9culo XIX, come\u00e7aram a chegar ao Brasil os primeiros aparelhos de raio-X. O<br \/>\npioneirismo foi disputado por cientistas da Bahia, S\u00e3o Paulo, Rio de Janeiro, Minas Gerais e Par\u00e1.<br \/>\nPor\u00e9m n\u00e3o h\u00e1 registros corretos para determinar quem fez a primeira radiografia no filme<br \/>\nradiogr\u00e1fico (CORREA, 2010).<br \/>\nA estrutura b\u00e1sica de um filme radiogr\u00e1fico \u00e9 composta \u201cde base, emuls\u00e3o e camada<br \/>\nprotetora (cobertura), sob o filme de PET (Poli-Tereftalato de Etileno), que \u00e9 um tipo de pl\u00e1stico<br \/>\nutilizado tamb\u00e9m em recipientes de refrigerantes\u201d (PIVA; WIEBECK, 2004).<br \/>\nA base ou suporte \u00e9 um componente que sustenta a emuls\u00e3o gelatinosa. Deve ser constitu\u00edda<br \/>\npor um material transparente que absorve pouca luz. \u201cJ\u00e1 a emuls\u00e3o \u00e9 a parte que recebe a imagem<br \/>\ne nela \u00e9 contida a gelatina que permite manter fixos e dispersos os microcristais ou gr\u00e3os de haletos<br \/>\nde prata que s\u00e3o sens\u00edveis \u00e0 luz\u201d (FERREIRA, 2007, p.7). \u201cAs radiografias tamb\u00e9m cont\u00eam metanol,<br \/>\nam\u00f4nia e metais pesados como cromo. Al\u00e9m destes materiais, tamb\u00e9m podem ser encontrados<br \/>\nchumbo nos pap\u00e9is que recobrem as pel\u00edculas radiogr\u00e1ficas usadas por dentistas\u201d (CALDERARI,<br \/>\n2008).<br \/>\nPROJETO INTEGRADO<br \/>\nINDIVIDUAL \u2013 PTI<br \/>\nSegundo Kawaguti, et al (2012), o processo de reciclagem das radiografias inicia-se quando<br \/>\nestas s\u00e3o recolhidas em hospitais, cl\u00ednicas e outras entidades. Depois, s\u00e3o separadas por tamanho e<br \/>\nlavadas com soda c\u00e1ustica. Da \u00e1gua, sai uma massa de sujeira. Nela se encontra a prata. Para retir\u00e1la, \u00e9 preciso derreter o material junto com alguns elementos fundentes. Esse processo separa as<br \/>\nimpurezas do precioso metal, sendo a prata a parte menor. Para, no m\u00ednimo, 2,5 mil chapas, se<br \/>\nconsegue em torno de uns 450 gramas de prata.<br \/>\nNa etapa seguinte, a prata \u00e9 derretida de novo com uma temperatura bem mais alta e<br \/>\ndepois \u00e9 despejada \u00e1gua fria e misturada rapidamente. A prata se torna granulada devido ao<br \/>\nchoque t\u00e9rmico. Toda \u00e1gua utilizada na limpeza das radiografias deve ser tratada antes de parar<br \/>\nna rede de esgoto ou reutilizada nos tanques de limpeza (PEQUENAS EMPRESAS E GRANDES<br \/>\nNEGOCIOS, 2010).<\/p>\n<p><strong>ATIVIDADES<\/strong><br \/>\n<strong>ATIVIDADE 1<\/strong><br \/>\nEstudante, desenvolva um plano para a implementa\u00e7\u00e3o de um projeto de Log\u00edstica Reversa,<br \/>\nfocado em estrat\u00e9gias de conscientiza\u00e7\u00e3o e sustentabilidade do setor de radiodiagn\u00f3stico, seguindo<br \/>\nos seguintes passos:<br \/>\nPasso 1: An\u00e1lise de Desafios<br \/>\nRealize uma pesquisa bibliogr\u00e1fica para identifica\u00e7\u00e3o dos desafios que envolvem o setor em<br \/>\nrela\u00e7\u00e3o aos materiais que s\u00e3o descartados e seus destinos adequados.<br \/>\nPasso 2: An\u00e1lise Cr\u00edtica<br \/>\nAp\u00f3s pesquisa bibliogr\u00e1fica sobre o tema, fa\u00e7a uma an\u00e1lise cr\u00edtica sobe a real situa\u00e7\u00e3o do<br \/>\nsetor e as poss\u00edveis melhorias que poderiam ser efetuadas para o descarte e o destino correto dos<br \/>\nrejeitos do setor.<br \/>\nPasso 3: Estrat\u00e9gias de Log\u00edstica Reversa<br \/>\nElabore estrat\u00e9gias de Log\u00edstica Reversa como um l\u00edder do segmento de Radiologia,<br \/>\nincluindo abordagens online e offline, considerando a conscientiza\u00e7\u00e3o do consumidor sobre a<br \/>\nimport\u00e2ncia da sustentabilidade do setor.<br \/>\nPROJETO INTEGRADO<br \/>\nINDIVIDUAL \u2013 PTI<br \/>\nREFER\u00caNCIAS PARA ATIVIDADE:<br \/>\nASSOCIA\u00c7\u00c3O BRASILEIRA DE NORMAS T\u00c9CNICAS &#8211; Res\u00edduos de Servi\u00e7os de Sa\u00fadeTerminologia, NBR<br \/>\n12807, Rio de Janeiro, 1993.<br \/>\nNAIME, Roberto; SARTOR, Ivone; GARCIA, Ana Cristina. Uma abordagem sobre a gest\u00e3ode res\u00edduos<br \/>\nde servi\u00e7os de sa\u00fade. Revista Espa\u00e7o para a Sa\u00fade 21 [peri\u00f3dico on- line],2004; v.5, n.02. Dispon\u00edvel<br \/>\nem: &lt;http:\/\/www.ccs.uel.br\/espa\u00e7oparasa\u00fade.&gt;<br \/>\nGUARNIERI, Patr\u00edcia; KOVALESKI, Jo\u00e3o Luiz; STADLER, Carlos Cezar; OLIVEIRA, Ivanir Luiz de. A<br \/>\nCaracteriza\u00e7\u00e3o da Log\u00edstica Reversa no Ambiente Empresarial em Suas \u00c1reas de Atua\u00e7\u00e3o: P\u00f3s-venda<br \/>\ne P\u00f3s-Consumo Agregando Valor Econ\u00f4mico e Legal. 2006. Dispon\u00edvel em:<br \/>\n&lt;http:\/\/www.ppgep.pg.cefetpr.br\/ppgep\/Ebook\/ARTIGOS2005\/E- book%202006_artigo%2057.pdf&gt;<\/p>\n<p><strong>ATIVIDADE 2<\/strong><br \/>\nTodo Projeto \u00e9 sempre um desafio e gera mudan\u00e7as que envolvem v\u00e1rias esferas: social,<br \/>\neducacional e ambiental. Essas mudan\u00e7as podem trazer diversos benef\u00edcios para uma empresa da<br \/>\n\u00e1rea de Sa\u00fade.<br \/>\nPortanto, a partir desse desafio, voc\u00ea ir\u00e1 avan\u00e7ar na discuss\u00e3o desse tema, propondo<br \/>\nmelhorias ou mitigando a\u00e7\u00f5es em empresas, institui\u00e7\u00f5es da \u00e1rea da sa\u00fade, unidades de sa\u00fade<br \/>\nparticulares e p\u00fablicas, e outros. Para esse avan\u00e7o fa\u00e7a uma an\u00e1lise e discorra sobre os t\u00f3picos<br \/>\nabordados abaixo:<br \/>\n1. Defina o que \u00e9 Log\u00edstica Reversa e sua import\u00e2ncia para os segmentos da \u00e1rea<br \/>\nda sa\u00fade?<br \/>\n2. Crie um plano de a\u00e7\u00e3o educacional e de conscientiza\u00e7\u00e3o sobre o descarte<br \/>\ncorreto dos rejeitos do setor de sa\u00fade (cl\u00ednicas, hospital, entre outros), especificando em<br \/>\num momento o de radiodiagn\u00f3stico.<br \/>\n3. Destaque quais as vantagens da implanta\u00e7\u00e3o do seu Projeto em Log\u00edstica<br \/>\nReversa para empresas da \u00e1rea da sa\u00fade?<br \/>\nPROJETO INTEGRADO<br \/>\nINDIVIDUAL \u2013 PTI<br \/>\nREFER\u00caNCIAS PARA ATIVIDADE<br \/>\nPEREIRA, Adriana C; DA SILVA, Gibson Z; EHRHARDT, Maria E. Sustentabilidade, responsabilidade<br \/>\nsocial e meio ambiente. Editora Saraiva, S\u00e3o Paulo. 2011.<br \/>\nSOLER, Fabr\u00edcio; PALERMO, Caroline. ESG (ambiental, social e governan\u00e7a): da teoria \u00e0 pr\u00e1tica. S\u00e3o<br \/>\nPaulo: Expressa, 2023.<br \/>\nLEITE, Paulo Roberto. Log\u00edstica Reversa: Meio ambiente e competitividade. S\u00e3o Paulo: Pearson<br \/>\nPrentice Hall, 2009.<br \/>\nGUARNIERI, Patr\u00edcia; KOVALESKI, Jo\u00e3o Luiz; STADLER, Carlos Cezar; OLIVEIRA, Ivanir Luiz de. A<br \/>\nCaracteriza\u00e7\u00e3o da Log\u00edstica Reversa no Ambiente Empresarial em Suas \u00c1reas de Atua\u00e7\u00e3o: P\u00f3s-venda<br \/>\ne P\u00f3s-Consumo Agregando Valor Econ\u00f4mico e Legal. 2006. Dispon\u00edvel em:<br \/>\n&lt;http:\/\/www.ppgep.pg.cefetpr.br\/ppgep\/Ebook\/ARTIGOS2005\/E- book%202006_artigo%2057.pdf<\/p>\n<p><strong>ATIVIDADE 3 &#8211; Sa\u00fade Coletiva<\/strong><br \/>\nA vigil\u00e2ncia sanit\u00e1ria \u00e9 respons\u00e1vel por garantir a qualidade e seguran\u00e7a dos produtos e<br \/>\nservi\u00e7os relacionados \u00e0 sa\u00fade, visando proteger a sa\u00fade da popula\u00e7\u00e3o e prevenir riscos \u00e0 sa\u00fade. Para<br \/>\nestabelecer os padr\u00f5es de qualidade, seguran\u00e7a e efic\u00e1cia de produtos, a Ag\u00eancia Nacional de<br \/>\nVigil\u00e2ncia Sanit\u00e1ria (ANVISA) emite documentos normativos, conhecidos como Resolu\u00e7\u00e3o da<br \/>\nDiretoria Colegiada (RDC). A RDC \u00e9 uma das principais ferramentas utilizadas pela vigil\u00e2ncia sanit\u00e1ria<br \/>\npara garantir a prote\u00e7\u00e3o da sa\u00fade p\u00fablica. Dentre as resolu\u00e7\u00f5es, destaca-se a RDC 330, que aborda<br \/>\nos requisitos necess\u00e1rios para garantir a qualidade e seguran\u00e7a dos produtos e servi\u00e7os em<br \/>\nradiologia. Dessa forma, com base na refer\u00eancia sugerida e de acordo com seus conhecimentos,<br \/>\nresponda:<br \/>\n1. Como a implementa\u00e7\u00e3o efetiva da RDC 330 pelos servi\u00e7os de radiologia pode impactar<br \/>\npositivamente a seguran\u00e7a e efic\u00e1cia dos produtos para sa\u00fade, al\u00e9m de contribuir para a<br \/>\nprote\u00e7\u00e3o da sa\u00fade da popula\u00e7\u00e3o, dos profissionais e do meio ambiente?<br \/>\nPROJETO INTEGRADO<br \/>\nINDIVIDUAL \u2013 PTI<br \/>\nREFER\u00caNCIA:<br \/>\nBRASIL. Minist\u00e9rio da Sa\u00fade. Ag\u00eancia Nacional de Vigil\u00e2ncia Sanit\u00e1ria (ANVISA). Resolu\u00e7\u00e3o da<br \/>\nDiretoria Colegiada Resolu\u00e7\u00e3o &#8211; RDC N\u00ba 330, de 20 de dezembro de 2019. Dispon\u00edvel em:<br \/>\nhttps:\/\/l1nk.dev\/DYsbS. Acesso em: 12 dez. 2023<\/p>\n<p><strong>ATIVIDADE 4<\/strong><br \/>\nA cidadania ambiental ilumina um sentido universal, essencialmente coletivo. A cidadania<br \/>\nclama pela urg\u00eancia da a\u00e7\u00e3o e participa\u00e7\u00e3o ativa cidad\u00e3 em defesa do meio ambiente de forma<br \/>\narticulada, em \u00e2mbito local, nacional e global. Ademais, um dos desafios mais significativos e atuais<br \/>\npercebidos pelo Brasil \u2013 e profundamente relacionado ao sistema econ\u00f4mico vigente e \u00e0s ideias de<br \/>\nindividualismo e responsabilidade \u2013 consiste na manuten\u00e7\u00e3o de uma ordem ambiental equilibrada<br \/>\nem nosso territ\u00f3rio, sobretudo em fun\u00e7\u00e3o dos padr\u00f5es de consumo vigentes na sociedade<br \/>\ncontempor\u00e2nea.<br \/>\nA cidadania ambiental exige um constante processo de reeduca\u00e7\u00e3o e conscientiza\u00e7\u00e3o dos<br \/>\nindiv\u00edduos sobre seus deveres na promo\u00e7\u00e3o do desenvolvimento sustent\u00e1vel no dia a dia. Diante<br \/>\ndisso, a fim de exercitar um olhar cr\u00edtico e colocar em pr\u00e1tica a a\u00e7\u00e3o cidad\u00e3, produza um \u00fanico<br \/>\ncoment\u00e1rio argumentativo que contemple a resposta para os seguintes questionamentos:<br \/>\n1. O que \u00e9 a bio\u00e9tica e de que modo ela pode contribuir com o plano de log\u00edstica reversa no<br \/>\nsetor de radiologia?<br \/>\n2. Na hist\u00f3ria da humanidade, a partir de que momento se tornou mais expl\u00edcita a preocupa\u00e7\u00e3o<br \/>\ncom crises ambientais, seus impactos pelo mundo e os debates sobre a cidadania<br \/>\ntransnacional?<br \/>\n3. H\u00e1 rela\u00e7\u00e3o entre o tema do meio ambiente e as reflex\u00f5es sobre a pol\u00edtica?<br \/>\n4. Como em geral as corpora\u00e7\u00f5es encaram o respeito \u00e0s normas ambientais no Brasil e qual a<br \/>\nimport\u00e2ncia de incentivar programas de log\u00edstica reversa?<br \/>\nPROJETO INTEGRADO<br \/>\nINDIVIDUAL \u2013 PTI<\/p>\n<p>REFER\u00caNCIAS PARA A ATIVIDADE<br \/>\nBELLO, Enzo. Ensaios cr\u00edticos sobre cidadania e meio ambiente. Caxias do Sul: Educ, 2012. 213 p.<br \/>\nISBN: 9788570616845. Dispon\u00edvel na Biblioteca Virtual.<br \/>\nCONTI, Hugo Martarello de. ALVES, Patr\u00edcia Villen Meirelles. Sociedade Brasileira e Cidadania.<br \/>\nLondrina: Editora e Distribuidora Educacional S.A. 2019.<br \/>\nCYRNE. C. C. S. BARDEN, J. E. et al. \u201cGEST\u00c3O DE RES\u00cdDUOS, CIDADANIA E EDUCA\u00c7\u00c3O AMBIENTAL: A<br \/>\nSUBVERS\u00c3O DO CONCEITO DE FUN\u00c7\u00c3O\u201d. In: Revbea \u2013 Revista Brasileira de Educa\u00e7\u00e3o Ambiental, S\u00e3o<br \/>\nPaulo, V. 15, N\u00ba 5: 409-423, 2020. p. 409-423. Dispon\u00edvel em:<br \/>\n&lt;https:\/\/periodicos.unifesp.br\/index.php\/revbea\/article\/download\/9879\/7977\/44156&gt; Acesso: 13<br \/>\ndez. 2023.<br \/>\nSTJ. \u201cCidadania ambiental: a constru\u00e7\u00e3o do futuro sustent\u00e1vel tamb\u00e9m passa pela jurisprud\u00eancia do<br \/>\nSTJ\u201d. In: STJ \u2013 Superior Tribunal de Justi\u00e7a [Online]. Publicada em 03\/12\/2023, 07:00. Dispon\u00edvel em:<br \/>\nhttps:\/\/www.stj.jus.br\/sites\/portalp\/Paginas\/Comunicacao\/Noticias\/2023\/03122023-Cidadaniaambiental-a-construcao-do-futuro-sustentavel-tambem-passa-pela-jurisprudencia-do-STJ.aspx<br \/>\nAcesso: 13 dez. 2023.<\/p>\n<div class=\"elementor-toggle-item\">\n<div class=\"elementor-toggle-item\">\n<p id=\"elementor-tab-title-1941\" class=\"elementor-tab-title elementor-active\" tabindex=\"0\" role=\"tab\" data-tab=\"1\" aria-controls=\"elementor-tab-content-1941\" aria-expanded=\"true\" aria-selected=\"true\"><strong>Como funciona?<\/strong><\/p>\n<p>Elaboramos os portf\u00f3lios, j\u00e1 deixamos prontos, nas normas da ABNT e conforme os requisitos da universidade. F\u00e1cil assim! O MELHOR \u00c9 QUE VOC\u00ca COMPRA E J\u00c1 BAIXA NA HORA O SEU ARQUIVO EM WORD! Sabemos que conciliar trabalho, fam\u00edlia, vida profissional e estudos \u00e9 dif\u00edcil hoje em dia, por isso, estamos aqui para ajudar voc\u00ea. Conte com nossa qualidade, experi\u00eancia e profissionalismo adquirindo seu portf\u00f3lio conosco. GARANTIMOS SEU CONCEITO!<\/p>\n<p><strong>Como se realizam os envios?<\/strong><\/p>\n<\/div>\n<p id=\"elementor-tab-content-1942\" class=\"elementor-tab-content elementor-clearfix elementor-active\" role=\"tabpanel\" data-tab=\"2\" aria-labelledby=\"elementor-tab-title-1942\">O seu trabalho \u00e9 disponibilizado pronto, respondido e nas normas j\u00e1 na mesma hora aqui em nosso site na sua \u00e1rea de downloads e tamb\u00e9m no seu e-mail.<\/p>\n<p><strong>Em quanto tempo recebo o portf\u00f3lio?<\/strong><\/p>\n<p>Os envios s\u00e3o imediatos. Ap\u00f3s sua compra, o trabalho j\u00e1 \u00e9 disponibilizado instantaneamente aqui em nosso site e no seu e-mail.<\/p>\n<p><strong>E se o portf\u00f3lio que comprei precisar de corre\u00e7\u00e3o?<\/strong><\/p>\n<p>Caso haja alguma solicita\u00e7\u00e3o de corre\u00e7\u00e3o\/altera\u00e7\u00e3o por parte do tutor, basta entrar em contato conosco pelo\u00a0WhatsApp\u00a0que provid\u00eanciaremos sem custo algum.<\/p>\n<p><strong>Qual o formato do arquivo?<\/strong><\/p>\n<p>Os arquivos s\u00e3o enviados em formato Word e s\u00e3o edit\u00e1veis.<\/p>\n<p><strong>Caso eu tiver alguma d\u00favida, terei suporte no p\u00f3s venda?<\/strong><\/p>\n<p>Sim, com certeza. Basta clicar no \u00edcone do WhatsApp no cantinho da tela. Ser\u00e1 um prazer atend\u00ea-lo(a).<\/p>\n<div id=\"elementor-tab-content-1948\" class=\"elementor-tab-content elementor-clearfix elementor-active\" role=\"tabpanel\" data-tab=\"8\" aria-labelledby=\"elementor-tab-title-1948\">\n<p><strong>Quais os seus canais de contato?<\/strong><\/p>\n<\/div>\n<div id=\"elementor-tab-content-1949\" class=\"elementor-tab-content elementor-clearfix elementor-active\" role=\"tabpanel\" data-tab=\"9\" aria-labelledby=\"elementor-tab-title-1949\">\n<p>Whatsapp: 53 984751621 \u2013 Clicar no canto da tela ou ESCANEIE O QRCODE ABAIXO<\/p>\n<h4><img decoding=\"async\" class=\"alignnone wp-image-13699 jetpack-lazy-image jetpack-lazy-image--handled\" src=\"https:\/\/i0.wp.com\/portifolioos-prontos.com\/wp-content\/uploads\/2023\/02\/whatsapp-business-projeto-de-extensao-300x300.jpeg?resize=144%2C144\" sizes=\"(max-width: 144px) 100vw, 144px\" srcset=\"https:\/\/i0.wp.com\/portifolioos-prontos.com\/wp-content\/uploads\/2023\/02\/whatsapp-business-projeto-de-extensao.jpeg?resize=300%2C301&amp;ssl=1 300w, https:\/\/i0.wp.com\/portifolioos-prontos.com\/wp-content\/uploads\/2023\/02\/whatsapp-business-projeto-de-extensao.jpeg?resize=150%2C150&amp;ssl=1 150w, https:\/\/i0.wp.com\/portifolioos-prontos.com\/wp-content\/uploads\/2023\/02\/whatsapp-business-projeto-de-extensao.jpeg?resize=370%2C372&amp;ssl=1 370w, https:\/\/i0.wp.com\/portifolioos-prontos.com\/wp-content\/uploads\/2023\/02\/whatsapp-business-projeto-de-extensao.jpeg?resize=100%2C100&amp;ssl=1 100w, https:\/\/i0.wp.com\/portifolioos-prontos.com\/wp-content\/uploads\/2023\/02\/whatsapp-business-projeto-de-extensao.jpeg?w=470&amp;ssl=1 470w\" alt=\"projeto de extens\u00e3o unopar\" width=\"144\" height=\"144\" data-lazy-loaded=\"1\" \/><\/h4>\n<\/div>\n<div class=\"elementor-toggle-item\">\n<div id=\"elementor-tab-content-1949\" class=\"elementor-tab-content elementor-clearfix elementor-active\" role=\"tabpanel\" data-tab=\"9\" aria-labelledby=\"elementor-tab-title-1949\">\n<p>E-mail:portifoliosp@gmail.com<\/p>\n<div id=\"attachment_143\" class=\"wp-caption alignnone\">\n<div id=\"attachment_143\" class=\"wp-caption alignnone\">\n<p id=\"caption-attachment-143\" class=\"wp-caption-text\"><a href=\"http:\/\/portfolio-pronto.com\/\">Portf\u00f3lio<\/a>\u00a0em Word, respondido, completo e j\u00e1 nas normas<\/p>\n<\/div>\n<\/div>\n<\/div>\n<\/div>\n<\/div>\n","protected":false},"excerpt":{"rendered":"<div class=\"product-short-description\">\n<div class=\"product-short-description\">\n<p><strong>Pague pelo PIX ou cart\u00e3o e fa\u00e7a o download agora mesmo.<\/strong><\/p>\n<\/div>\n<div class=\"sticky-add-to-cart-wrapper\">\n<div class=\"sticky-add-to-cart\">\n<p class=\"quantity buttons_added form-flat\"><img decoding=\"async\" class=\"lazyloaded smush-image-5 smush-image-3 smush-image-4 smush-detected-img smush-image-bigger-3\" src=\"https:\/\/d26lpennugtm8s.cloudfront.net\/assets\/common\/img\/logos\/payment\/visa@2x.png\" width=\"46\" height=\"29\" data-src=\"https:\/\/d26lpennugtm8s.cloudfront.net\/assets\/common\/img\/logos\/payment\/visa@2x.png\" \/><img decoding=\"async\" class=\"lazyloaded smush-image-6 smush-image-4 smush-image-5 smush-detected-img smush-image-bigger-4\" src=\"https:\/\/d26lpennugtm8s.cloudfront.net\/assets\/common\/img\/logos\/payment\/boleto@2x.png\" width=\"43\" height=\"27\" data-src=\"https:\/\/d26lpennugtm8s.cloudfront.net\/assets\/common\/img\/logos\/payment\/boleto@2x.png\" \/><img loading=\"lazy\" decoding=\"async\" class=\"lazyloaded smush-image-7 smush-image-5 smush-image-6 smush-detected-img smush-image-bigger-5\" src=\"https:\/\/d26lpennugtm8s.cloudfront.net\/assets\/common\/img\/logos\/payment\/mastercard@2x.png\" width=\"43\" height=\"27\" data-src=\"https:\/\/d26lpennugtm8s.cloudfront.net\/assets\/common\/img\/logos\/payment\/mastercard@2x.png\" \/><img loading=\"lazy\" decoding=\"async\" class=\"lazyloaded smush-image-8 smush-image-6 smush-image-7 smush-detected-img smush-image-bigger-6\" src=\"https:\/\/d26lpennugtm8s.cloudfront.net\/assets\/common\/img\/logos\/payment\/amex@2x.png\" width=\"43\" height=\"27\" data-src=\"https:\/\/d26lpennugtm8s.cloudfront.net\/assets\/common\/img\/logos\/payment\/amex@2x.png\" \/><img loading=\"lazy\" decoding=\"async\" class=\"lazyloaded smush-image-9 smush-image-7 smush-image-8 smush-detected-img smush-image-bigger-7\" src=\"https:\/\/d26lpennugtm8s.cloudfront.net\/assets\/common\/img\/logos\/payment\/diners@2x.png\" width=\"46\" height=\"29\" data-src=\"https:\/\/d26lpennugtm8s.cloudfront.net\/assets\/common\/img\/logos\/payment\/diners@2x.png\" \/><img loading=\"lazy\" decoding=\"async\" class=\"lazyloaded smush-image-10 smush-image-8 smush-image-9 alignnone smush-detected-img smush-image-bigger-8\" src=\"https:\/\/d26lpennugtm8s.cloudfront.net\/assets\/common\/img\/logos\/payment\/br\/elo@2x.png\" alt=\"portf\u00f3lio unopar anhanguera\" width=\"45\" height=\"28\" data-src=\"https:\/\/d26lpennugtm8s.cloudfront.net\/assets\/common\/img\/logos\/payment\/br\/elo@2x.png\" \/><img loading=\"lazy\" decoding=\"async\" class=\"lazyloaded smush-image-11 smush-image-9 smush-image-10 alignnone smush-detected-img smush-image-bigger-9\" src=\"https:\/\/d26lpennugtm8s.cloudfront.net\/assets\/common\/img\/logos\/payment\/br\/hipercard@2x.png\" alt=\"portf\u00f3lio unopar anhanguera\" width=\"44\" height=\"28\" data-src=\"https:\/\/d26lpennugtm8s.cloudfront.net\/assets\/common\/img\/logos\/payment\/br\/hipercard@2x.png\" \/><img loading=\"lazy\" decoding=\"async\" class=\"lazyloaded smush-image-12 smush-image-10 smush-image-11 alignnone smush-detected-img smush-image-bigger-10\" src=\"https:\/\/d26lpennugtm8s.cloudfront.net\/assets\/common\/img\/logos\/payment\/mercadopago@2x.png\" alt=\"portf\u00f3lio unopar anhanguera\" width=\"45\" height=\"28\" data-src=\"https:\/\/d26lpennugtm8s.cloudfront.net\/assets\/common\/img\/logos\/payment\/mercadopago@2x.png\" \/><img loading=\"lazy\" decoding=\"async\" class=\"alignnone ls-is-cached lazyloaded smush-detected-img smush-image-bigger-11\" src=\"https:\/\/futurium.com.br\/wp-content\/uploads\/2021\/06\/logo-pix-icone-512.png\" alt=\"portfolio pronto\" width=\"30\" height=\"30\" data-src=\"https:\/\/futurium.com.br\/wp-content\/uploads\/2021\/06\/logo-pix-icone-512.png\" \/><\/p>\n<\/div>\n<\/div>\n<\/div>\n","protected":false},"featured_media":23531,"template":"","meta":{"_seopress_robots_primary_cat":"none","_seopress_titles_title":"%%post_title%% %%sitetitle%%","_seopress_titles_desc":"%%post_content%%","_seopress_robots_index":""},"product_cat":[67,15],"product_tag":[],"class_list":{"0":"post-23526","1":"product","2":"type-product","3":"status-publish","4":"has-post-thumbnail","6":"product_cat-radiologia","7":"product_cat-uncategorized","9":"first","10":"instock","11":"downloadable","12":"virtual","13":"purchasable","14":"product-type-simple","15":"col-xs-6 col-sm-4","16":"col-mf-5","17":"un-5-cols"},"jetpack_sharing_enabled":true,"_links":{"self":[{"href":"https:\/\/portifolioos-prontos.com\/index.php\/wp-json\/wp\/v2\/product\/23526","targetHints":{"allow":["GET"]}}],"collection":[{"href":"https:\/\/portifolioos-prontos.com\/index.php\/wp-json\/wp\/v2\/product"}],"about":[{"href":"https:\/\/portifolioos-prontos.com\/index.php\/wp-json\/wp\/v2\/types\/product"}],"version-history":[{"count":0,"href":"https:\/\/portifolioos-prontos.com\/index.php\/wp-json\/wp\/v2\/product\/23526\/revisions"}],"wp:featuredmedia":[{"embeddable":true,"href":"https:\/\/portifolioos-prontos.com\/index.php\/wp-json\/wp\/v2\/media\/23531"}],"wp:attachment":[{"href":"https:\/\/portifolioos-prontos.com\/index.php\/wp-json\/wp\/v2\/media?parent=23526"}],"wp:term":[{"taxonomy":"product_cat","embeddable":true,"href":"https:\/\/portifolioos-prontos.com\/index.php\/wp-json\/wp\/v2\/product_cat?post=23526"},{"taxonomy":"product_tag","embeddable":true,"href":"https:\/\/portifolioos-prontos.com\/index.php\/wp-json\/wp\/v2\/product_tag?post=23526"}],"curies":[{"name":"wp","href":"https:\/\/api.w.org\/{rel}","templated":true}]}}