{"id":23549,"date":"2024-02-17T13:29:46","date_gmt":"2024-02-17T16:29:46","guid":{"rendered":"https:\/\/portifolioos-prontos.com\/?post_type=product&#038;p=23549"},"modified":"2025-08-03T16:50:16","modified_gmt":"2025-08-03T19:50:16","slug":"roteiro-aula-pratica-materiais-de-construcao-civil-i","status":"publish","type":"product","link":"https:\/\/portifolioos-prontos.com\/index.php\/product\/roteiro-aula-pratica-materiais-de-construcao-civil-i\/","title":{"rendered":"Roteiro aula pr\u00e1tica Materiais de constru\u00e7\u00e3o civil I"},"content":{"rendered":"<h4>Roteiro aula pr\u00e1tica Materiais de constru\u00e7\u00e3o civil I<\/h4>\n<hr \/>\n<p>ROTEIRO DE AULA PR\u00c1TICA<br \/>\nNOME DA DISCIPLINA: MATERIAIS DE CONSTRU\u00c7\u00c3O CIVIL I<br \/>\nUnidade: AGREGADOS GRA\u00daDOS E MI\u00daDOS<br \/>\nSe\u00e7\u00e3o: Constantes f\u00edsicas dos agregados<br \/>\nOBJETIVOS<br \/>\nDefini\u00e7\u00e3o dos objetivos da aula pr\u00e1tica:<br \/>\n\u2022 Compreender o ensaio de massa unit\u00e1ria no estado compactado de britas;<br \/>\n\u2022 Entender a import\u00e2ncia da massa unit\u00e1ria na transforma\u00e7\u00e3o de quantidades de agregado em<br \/>\nmassas para volumes para realiza\u00e7\u00e3o de tra\u00e7os de concreto.<br \/>\nINFRAESTRUTURA<br \/>\nInstala\u00e7\u00f5es \u2013 Materiais de consumo \u2013 Equipamentos:<br \/>\nMATERIAIS DE CONSTRU\u00c7\u00c3O CIVIL, SOLOS E TOPOGRAFIA<br \/>\nMateriais de consumo:<br \/>\n\u2022 BRITA 1<br \/>\n~ 1 20<br \/>\n\u2022 CONCHA PARA CONCRETO PARA FORMA 15X30CM<br \/>\n~ 1 5<br \/>\n\u2022 HASTE ADENSAMENTO CORPO PROVA DIAM. 1.5X<br \/>\n~ 1 5<br \/>\n\u2022 RECIPIENTES PARA DENSIDADE APARENTE<br \/>\n~ 1 5<br \/>\n\u2022 TERM\u00d4METRO DIGITAL CL\u00cdNICO COMUM<br \/>\n~ 1 20<br \/>\nEquipamentos:<br \/>\n\u2022 BALAN\u00c7A CAP. 60 KG COM LEITOR DIGITAL<br \/>\n~ 1 20<br \/>\n\u2022 ESTUFA DE ESTERILIZA\u00c7AO E SECAGEM 40L 22<br \/>\n3<br \/>\n~ 1 20<br \/>\nSOLU\u00c7\u00c3O DIGITAL<br \/>\n\u2022 ALGETEC \u2013 ENGENHARIAS E ARQUITETURA \u2013 PR\u00c1TICAS ESPEC\u00cdFICAS DE ENG. CIVIL,<br \/>\nGEOLOGIA E ARQUITETURA (Simulador)<br \/>\nOs Laborat\u00f3rios Virtuais Algetec s\u00e3o simuladores digitais que replicam, com alto grau de<br \/>\nfidelidade, as pr\u00e1ticas realizadas em um laborat\u00f3rio f\u00edsico.<\/p>\n<p>EQUIPAMENTO DE PROTE\u00c7\u00c3O INDIVIDUAL (EPI)<br \/>\nOs alunos devem usar jaleco, cal\u00e7a e cal\u00e7ado fechado para realiza\u00e7\u00e3o da pr\u00e1tica<br \/>\nPROCEDIMENTOS PR\u00c1TICOS<br \/>\nProcedimento\/Atividade n\u00ba 1 (F\u00edsico)<br \/>\nAtividade proposta:<br \/>\nDetermina\u00e7\u00e3o da massa unit\u00e1ria no estado solto e compactado de britas, conforme ABNT NBR<br \/>\n16972<br \/>\nProcedimentos para a realiza\u00e7\u00e3o da atividade:<br \/>\nPara realiza\u00e7\u00e3o do ensaio, o tutor deve previamente secar o agregado (Brita 1) em estufa \u00e0<br \/>\n105\u00baC por 24 horas ou at\u00e9 atingir const\u00e2ncia de massa. Feito isso, o agregado deve ser retirado<br \/>\nda estufa at\u00e9 atingir a temperatura ambiente para ent\u00e3o os alunos realizarem a pr\u00e1tica.<br \/>\nO tutor deve separar a sala em grupos (sugere-se de 5 alunos);<br \/>\nA pr\u00e1tica consiste no ensaio de massa unit\u00e1ria no estado solto e compacto de britas. Para tal,<br \/>\ndeve-se seguir os seguintes passos:<br \/>\n1. Organizar os materiais, a aparelhagem e o laborat\u00f3rio<br \/>\na) Materiais utilizados:<br \/>\na.1. Brita 1 em quantidade suficiente para preencher o recipiente de ensaio;<br \/>\na.2. Recipiente de ensaio com volume m\u00ednimo de 10 dm\u00b3 ou 10 L;<br \/>\na.3. Haste para o adensamento da amostra no recipiente;<br \/>\na.4. Concha para depositar o agregado no recipiente;<br \/>\n4<br \/>\nb) Aparelhagem:<br \/>\nb.1. Balan\u00e7a para quantifica\u00e7\u00e3o da massa do recipiente e massa da amostra;<br \/>\nb.2. Term\u00f4metro para medi\u00e7\u00e3o da temperatura da \u00e1gua;<br \/>\n2. Determinar o volume do recipiente a ser utilizado<br \/>\nA determina\u00e7\u00e3o do volume, de acordo com a norma \u00e9 feita a partir do seguinte processo:<br \/>\n1. Encher o recipiente com \u00e1gua (23\u00b12\u00baC);<br \/>\n2. Determinar a massa de \u00e1gua no recipiente;<br \/>\n3. Calcular o volume do recipiente utilizando a Equa\u00e7\u00e3o 1, utilizando como densidade da \u00e1gua<br \/>\n997,5 kg\/m\u00b3 (23\u00baC).<br \/>\nV=M\/P (Eq. 1)<br \/>\nObserva\u00e7\u00f5es:<br \/>\n\u2022 N\u00e3o se deve esquecer de descontar da massa obtida a massa do recipiente.<br \/>\n\u2022 O recipiente deve ser cheio com \u00e1gua at\u00e9 o seu total preenchimento. Ao final do enchimento,<br \/>\nrecomenda-se o uso de uma pissete ou b\u00e9quer para evitar o transbordamento da \u00e1gua;<br \/>\n\u2022 Caso a temperatura da \u00e1gua for diferente de 23\u00b12\u00baC, deve-se pesquisar a densidade da \u00e1gua<br \/>\nnaquela dada temperatura para aplicar a Equa\u00e7\u00e3o 1.<br \/>\nSelecionar o m\u00e9todo de ensaio e realiz\u00e1-lo<br \/>\nA norma descreve tr\u00eas m\u00e9todos de realiza\u00e7\u00e3o do ensaio (Figura 1), que variam de acordo com<br \/>\na dimens\u00e3o m\u00e1xima do agregado que ser\u00e1 ensaiado. Como na pr\u00e1tica a Brita 1 ser\u00e1 utilizada,<br \/>\nrealizaremos o M\u00e9todo A e C.<br \/>\nFigura 1: M\u00e9todos de ensaio descritos na ABNT NBR 16972<br \/>\n5<br \/>\nFonte: Elaborado pela autora.<br \/>\nProcedimento para realiza\u00e7\u00e3o do ensaio pelo M\u00e9todo A:<br \/>\n1. Determinar a massa do recipiente vazio (Mr);<br \/>\n2. Encher o recipiente at\u00e9 um ter\u00e7o da sua capacidade e nivelar a superf\u00edcie com os dedos;<br \/>\n3. Efetuar o adensamento da camada de agregado com 25 golpes, com o uso da haste de<br \/>\nadensamento. Os golpes devem ser uniformemente distribu\u00eddos ao longo de todo o recipiente;<br \/>\n4. Encher o recipiente at\u00e9 dois ter\u00e7os, nivelar a superf\u00edcie com os dedos e repetir a etapa 3;<br \/>\n5. Encher completamente o recipiente, nivelar a superf\u00edcie com os dedos e repetir a etapa 3.<br \/>\n6. Nivelar a camada superficial com as m\u00e3os ou uma esp\u00e1tula, de forma a ras\u00e1-la com a borda<br \/>\nsuperior do recipiente;<br \/>\n7. Determinar a massa do recipiente com a amostra (Mar);<br \/>\nObserva\u00e7\u00f5es importantes:<br \/>\nAo compactar a primeira camada do agregado (etapa 2), a haste de adensamento n\u00e3o deve<br \/>\ntocar o fundo do recipiente e ao compactar a segunda e terceira camada, deve-se evitar com<br \/>\nque a haste penetre na camada anterior.<br \/>\nO procedimento para realiza\u00e7\u00e3o do ensaio pelo M\u00e9todo C \u00e9 mais simples e est\u00e1 descrito na<br \/>\nsequ\u00eancia:<br \/>\n1. Determinar a massa do recipiente vazio (Mr).<br \/>\n2. Encher o recipiente at\u00e9 que ele transborde, utilizando uma p\u00e1 ou uma concha, despejando o<br \/>\nagregado de uma altura que n\u00e3o supere 50 mm acima da borda superior do recipiente.<br \/>\n3. Evitar ao m\u00e1ximo a segrega\u00e7\u00e3o dos agregados que comp\u00f5em a amostra.<br \/>\n4. Nivelar a camada superficial do agregado com as m\u00e3os ou com o uso de uma esp\u00e1tula;<br \/>\n5. Determinar a massa do recipiente com o seu conte\u00fado (Mar).<br \/>\nRealizar os c\u00e1lculos e a an\u00e1lise dos resultados<br \/>\nCom os resultados dos procedimentos do M\u00e9todo A e C, deve-se aplicar a Equa\u00e7\u00e3o 2 para a<br \/>\ndetermina\u00e7\u00e3o da massa unit\u00e1ria.<br \/>\np = (mar \u2013 mr)\/v (Eq. 2)<br \/>\nSendo que:<br \/>\np \u00e9 a massa unit\u00e1ria do agregado, expressa em kg\/m\u00b3;<br \/>\nmar \u00e9 a massa do recipiente com o agregado, expressa em kg;<br \/>\nmr \u00e9 a massa do recipiente vazio, expressa em kg;<br \/>\nV \u00e9 o volume do recipiente, expresso em m\u00b3.<br \/>\n6<br \/>\nObserva\u00e7\u00f5es importantes:<br \/>\nDeve-se realizar cada ensaio duas vezes e verificar a diferen\u00e7a entre os resultados obtidos. A<br \/>\nnorma prev\u00ea que a diferen\u00e7a entre dois resultados individuais, obtidos a partir de uma mesma<br \/>\namostra submetida a ensaio, pelo mesmo operador, empregando o mesmo equipamento, em<br \/>\num curto intervalo de tempo, n\u00e3o pode ser maior que 40 kg\/m3.<br \/>\nA diferen\u00e7a entre dois resultados individuais e independentes, obtidos a partir de uma mesma<br \/>\namostra, submetida a ensaio por dois operadores em laborat\u00f3rios diferentes, n\u00e3o pode ser<br \/>\nmaior que 125 kg\/m3.<br \/>\n5. Elaborar o relat\u00f3rio de ensaio.<br \/>\nDe acordo com a ABNT NBR 16972, o relat\u00f3rio de ensaio deve conter os resultados de massa<br \/>\nunit\u00e1ria com aproxima\u00e7\u00e3o de 10 kg\/m\u00b3, bem como o m\u00e9todo utilizado.<br \/>\nO relat\u00f3rio deve apresentar uma an\u00e1lise comparativa entre as duas massas espec\u00edficas obtidas<br \/>\n(compactada e sem compactar), explicando quando cada uma delas deve ser utilizada.<br \/>\n6. Guardar os materiais, a aparelhagem e manter o laborat\u00f3rio organizado.<br \/>\nPara finalizar a aula pr\u00e1tica os alunos devem guardar os materiais e manter o laborat\u00f3rio<br \/>\norganizado para a pr\u00f3xima turma<br \/>\nChecklist:<br \/>\n1. Organizar os materiais, a aparelhagem e o laborat\u00f3rio;<br \/>\n2. Determinar o volume do recipiente a ser utilizado;<br \/>\n3. Selecionar o m\u00e9todo a ser aplicado;<br \/>\n4. Realizar o ensaio e os c\u00e1lculos;<br \/>\n5. Elaborar o relat\u00f3rio de ensaio.<br \/>\n6. Guardar os materiais e a aparelhagem.<br \/>\nProcedimento\/Atividade n\u00ba 1 (Virtual)<\/p>\n<div class=\"elementor-toggle-item\">\n<div class=\"elementor-toggle-item\">\n<p id=\"elementor-tab-title-1941\" class=\"elementor-tab-title elementor-active\" tabindex=\"0\" role=\"tab\" data-tab=\"1\" aria-controls=\"elementor-tab-content-1941\" aria-expanded=\"true\" aria-selected=\"true\"><strong>Como funciona?<\/strong><\/p>\n<p>Elaboramos os portf\u00f3lios, j\u00e1 deixamos prontos, nas normas da ABNT e conforme os requisitos da universidade. F\u00e1cil assim! O MELHOR \u00c9 QUE VOC\u00ca COMPRA E J\u00c1 BAIXA NA HORA O SEU ARQUIVO EM WORD! Sabemos que conciliar trabalho, fam\u00edlia, vida profissional e estudos \u00e9 dif\u00edcil hoje em dia, por isso, estamos aqui para ajudar voc\u00ea. Conte com nossa qualidade, experi\u00eancia e profissionalismo adquirindo seu portf\u00f3lio conosco. GARANTIMOS SEU CONCEITO!<\/p>\n<p><strong>Como se realizam os envios?<\/strong><\/p>\n<\/div>\n<p id=\"elementor-tab-content-1942\" class=\"elementor-tab-content elementor-clearfix elementor-active\" role=\"tabpanel\" data-tab=\"2\" aria-labelledby=\"elementor-tab-title-1942\">O seu trabalho \u00e9 disponibilizado pronto, respondido e nas normas j\u00e1 na mesma hora aqui em nosso site na sua \u00e1rea de downloads e tamb\u00e9m no seu e-mail.<\/p>\n<p><strong>Em quanto tempo recebo o portf\u00f3lio?<\/strong><\/p>\n<p>Os envios s\u00e3o imediatos. Ap\u00f3s sua compra, o trabalho j\u00e1 \u00e9 disponibilizado instantaneamente aqui em nosso site e no seu e-mail.<\/p>\n<p><strong>E se o portf\u00f3lio que comprei precisar de corre\u00e7\u00e3o?<\/strong><\/p>\n<p>Caso haja alguma solicita\u00e7\u00e3o de corre\u00e7\u00e3o\/altera\u00e7\u00e3o por parte do tutor, basta entrar em contato conosco pelo\u00a0WhatsApp\u00a0que provid\u00eanciaremos sem custo algum.<\/p>\n<p><strong>Qual o formato do arquivo?<\/strong><\/p>\n<p>Os arquivos s\u00e3o enviados em formato Word e s\u00e3o edit\u00e1veis.<\/p>\n<p><strong>Caso eu tiver alguma d\u00favida, terei suporte no p\u00f3s venda?<\/strong><\/p>\n<p>Sim, com certeza. Basta clicar no \u00edcone do WhatsApp no cantinho da tela. Ser\u00e1 um prazer atend\u00ea-lo(a).<\/p>\n<div id=\"elementor-tab-content-1948\" class=\"elementor-tab-content elementor-clearfix elementor-active\" role=\"tabpanel\" data-tab=\"8\" aria-labelledby=\"elementor-tab-title-1948\">\n<p><strong>Quais os seus canais de contato?<\/strong><\/p>\n<\/div>\n<div id=\"elementor-tab-content-1949\" class=\"elementor-tab-content elementor-clearfix elementor-active\" role=\"tabpanel\" data-tab=\"9\" aria-labelledby=\"elementor-tab-title-1949\">\n<p>Whatsapp: 53 984751621 \u2013 Clicar no canto da tela ou ESCANEIE O QRCODE ABAIXO<\/p>\n<h4><img decoding=\"async\" class=\"alignnone wp-image-13699 jetpack-lazy-image jetpack-lazy-image--handled\" src=\"https:\/\/i0.wp.com\/portifolioos-prontos.com\/wp-content\/uploads\/2023\/02\/whatsapp-business-projeto-de-extensao-300x300.jpeg?resize=144%2C144\" sizes=\"(max-width: 144px) 100vw, 144px\" srcset=\"https:\/\/i0.wp.com\/portifolioos-prontos.com\/wp-content\/uploads\/2023\/02\/whatsapp-business-projeto-de-extensao.jpeg?resize=300%2C301&amp;ssl=1 300w, https:\/\/i0.wp.com\/portifolioos-prontos.com\/wp-content\/uploads\/2023\/02\/whatsapp-business-projeto-de-extensao.jpeg?resize=150%2C150&amp;ssl=1 150w, https:\/\/i0.wp.com\/portifolioos-prontos.com\/wp-content\/uploads\/2023\/02\/whatsapp-business-projeto-de-extensao.jpeg?resize=370%2C372&amp;ssl=1 370w, https:\/\/i0.wp.com\/portifolioos-prontos.com\/wp-content\/uploads\/2023\/02\/whatsapp-business-projeto-de-extensao.jpeg?resize=100%2C100&amp;ssl=1 100w, https:\/\/i0.wp.com\/portifolioos-prontos.com\/wp-content\/uploads\/2023\/02\/whatsapp-business-projeto-de-extensao.jpeg?w=470&amp;ssl=1 470w\" alt=\"projeto de extens\u00e3o unopar\" width=\"144\" height=\"144\" data-lazy-loaded=\"1\" \/><\/h4>\n<\/div>\n<div class=\"elementor-toggle-item\">\n<div id=\"elementor-tab-content-1949\" class=\"elementor-tab-content elementor-clearfix elementor-active\" role=\"tabpanel\" data-tab=\"9\" aria-labelledby=\"elementor-tab-title-1949\">\n<p>E-mail:portifoliosp@gmail.com<\/p>\n<div id=\"attachment_143\" class=\"wp-caption alignnone\">\n<div id=\"attachment_143\" class=\"wp-caption alignnone\">\n<p id=\"caption-attachment-143\" class=\"wp-caption-text\"><a href=\"http:\/\/portfolio-pronto.com\/\">Portf\u00f3lio<\/a>\u00a0em Word, respondido, completo e j\u00e1 nas normas<\/p>\n<\/div>\n<\/div>\n<\/div>\n<\/div>\n<\/div>\n","protected":false},"excerpt":{"rendered":"<div class=\"product-short-description\">\n<div class=\"product-short-description\">\n<p><strong>Pague pelo PIX ou cart\u00e3o e fa\u00e7a o download agora mesmo.<\/strong><\/p>\n<\/div>\n<div class=\"sticky-add-to-cart-wrapper\">\n<div class=\"sticky-add-to-cart\">\n<p class=\"quantity buttons_added form-flat\"><img decoding=\"async\" class=\"lazyloaded smush-image-5 smush-image-3 smush-image-4 smush-detected-img smush-image-bigger-3\" src=\"https:\/\/d26lpennugtm8s.cloudfront.net\/assets\/common\/img\/logos\/payment\/visa@2x.png\" width=\"46\" height=\"29\" data-src=\"https:\/\/d26lpennugtm8s.cloudfront.net\/assets\/common\/img\/logos\/payment\/visa@2x.png\" \/><img decoding=\"async\" class=\"lazyloaded smush-image-6 smush-image-4 smush-image-5 smush-detected-img smush-image-bigger-4\" src=\"https:\/\/d26lpennugtm8s.cloudfront.net\/assets\/common\/img\/logos\/payment\/boleto@2x.png\" width=\"43\" height=\"27\" data-src=\"https:\/\/d26lpennugtm8s.cloudfront.net\/assets\/common\/img\/logos\/payment\/boleto@2x.png\" \/><img loading=\"lazy\" decoding=\"async\" class=\"lazyloaded smush-image-7 smush-image-5 smush-image-6 smush-detected-img smush-image-bigger-5\" src=\"https:\/\/d26lpennugtm8s.cloudfront.net\/assets\/common\/img\/logos\/payment\/mastercard@2x.png\" width=\"43\" height=\"27\" data-src=\"https:\/\/d26lpennugtm8s.cloudfront.net\/assets\/common\/img\/logos\/payment\/mastercard@2x.png\" \/><img loading=\"lazy\" decoding=\"async\" class=\"lazyloaded smush-image-8 smush-image-6 smush-image-7 smush-detected-img smush-image-bigger-6\" src=\"https:\/\/d26lpennugtm8s.cloudfront.net\/assets\/common\/img\/logos\/payment\/amex@2x.png\" width=\"43\" height=\"27\" data-src=\"https:\/\/d26lpennugtm8s.cloudfront.net\/assets\/common\/img\/logos\/payment\/amex@2x.png\" \/><img loading=\"lazy\" decoding=\"async\" class=\"lazyloaded smush-image-9 smush-image-7 smush-image-8 smush-detected-img smush-image-bigger-7\" src=\"https:\/\/d26lpennugtm8s.cloudfront.net\/assets\/common\/img\/logos\/payment\/diners@2x.png\" width=\"46\" height=\"29\" data-src=\"https:\/\/d26lpennugtm8s.cloudfront.net\/assets\/common\/img\/logos\/payment\/diners@2x.png\" \/><img loading=\"lazy\" decoding=\"async\" class=\"lazyloaded smush-image-10 smush-image-8 smush-image-9 alignnone smush-detected-img smush-image-bigger-8\" src=\"https:\/\/d26lpennugtm8s.cloudfront.net\/assets\/common\/img\/logos\/payment\/br\/elo@2x.png\" alt=\"portf\u00f3lio unopar anhanguera\" width=\"45\" height=\"28\" data-src=\"https:\/\/d26lpennugtm8s.cloudfront.net\/assets\/common\/img\/logos\/payment\/br\/elo@2x.png\" \/><img loading=\"lazy\" decoding=\"async\" class=\"lazyloaded smush-image-11 smush-image-9 smush-image-10 alignnone smush-detected-img smush-image-bigger-9\" src=\"https:\/\/d26lpennugtm8s.cloudfront.net\/assets\/common\/img\/logos\/payment\/br\/hipercard@2x.png\" alt=\"portf\u00f3lio unopar anhanguera\" width=\"44\" height=\"28\" data-src=\"https:\/\/d26lpennugtm8s.cloudfront.net\/assets\/common\/img\/logos\/payment\/br\/hipercard@2x.png\" \/><img loading=\"lazy\" decoding=\"async\" class=\"lazyloaded smush-image-12 smush-image-10 smush-image-11 alignnone smush-detected-img smush-image-bigger-10\" src=\"https:\/\/d26lpennugtm8s.cloudfront.net\/assets\/common\/img\/logos\/payment\/mercadopago@2x.png\" alt=\"portf\u00f3lio unopar anhanguera\" width=\"45\" height=\"28\" data-src=\"https:\/\/d26lpennugtm8s.cloudfront.net\/assets\/common\/img\/logos\/payment\/mercadopago@2x.png\" \/><img loading=\"lazy\" decoding=\"async\" class=\"alignnone ls-is-cached lazyloaded smush-detected-img smush-image-bigger-11\" src=\"https:\/\/futurium.com.br\/wp-content\/uploads\/2021\/06\/logo-pix-icone-512.png\" alt=\"portfolio pronto\" width=\"30\" height=\"30\" data-src=\"https:\/\/futurium.com.br\/wp-content\/uploads\/2021\/06\/logo-pix-icone-512.png\" \/><\/p>\n<\/div>\n<\/div>\n<\/div>\n","protected":false},"featured_media":37865,"template":"","meta":{"_seopress_robots_primary_cat":"none","_seopress_titles_title":"%%post_title%% %%sitetitle%%","_seopress_titles_desc":"%%post_content%%","_seopress_robots_index":""},"product_cat":[15],"product_tag":[],"class_list":{"0":"post-23549","1":"product","2":"type-product","3":"status-publish","4":"has-post-thumbnail","6":"product_cat-uncategorized","8":"first","9":"instock","10":"downloadable","11":"virtual","12":"purchasable","13":"product-type-simple","14":"col-xs-6 col-sm-4","15":"col-mf-5","16":"un-5-cols"},"jetpack_sharing_enabled":true,"_links":{"self":[{"href":"https:\/\/portifolioos-prontos.com\/index.php\/wp-json\/wp\/v2\/product\/23549","targetHints":{"allow":["GET"]}}],"collection":[{"href":"https:\/\/portifolioos-prontos.com\/index.php\/wp-json\/wp\/v2\/product"}],"about":[{"href":"https:\/\/portifolioos-prontos.com\/index.php\/wp-json\/wp\/v2\/types\/product"}],"version-history":[{"count":0,"href":"https:\/\/portifolioos-prontos.com\/index.php\/wp-json\/wp\/v2\/product\/23549\/revisions"}],"wp:featuredmedia":[{"embeddable":true,"href":"https:\/\/portifolioos-prontos.com\/index.php\/wp-json\/wp\/v2\/media\/37865"}],"wp:attachment":[{"href":"https:\/\/portifolioos-prontos.com\/index.php\/wp-json\/wp\/v2\/media?parent=23549"}],"wp:term":[{"taxonomy":"product_cat","embeddable":true,"href":"https:\/\/portifolioos-prontos.com\/index.php\/wp-json\/wp\/v2\/product_cat?post=23549"},{"taxonomy":"product_tag","embeddable":true,"href":"https:\/\/portifolioos-prontos.com\/index.php\/wp-json\/wp\/v2\/product_tag?post=23549"}],"curies":[{"name":"wp","href":"https:\/\/api.w.org\/{rel}","templated":true}]}}