{"id":23596,"date":"2024-02-20T18:12:33","date_gmt":"2024-02-20T21:12:33","guid":{"rendered":"https:\/\/portifolioos-prontos.com\/?post_type=product&#038;p=23596"},"modified":"2024-11-08T16:56:01","modified_gmt":"2024-11-08T19:56:01","slug":"projeto-integrado-gerontologia-instituicoes-de-longa-permanencia-para-idosos-ilpi-no-brasil","status":"publish","type":"product","link":"https:\/\/portifolioos-prontos.com\/index.php\/product\/projeto-integrado-gerontologia-instituicoes-de-longa-permanencia-para-idosos-ilpi-no-brasil\/","title":{"rendered":"Projeto Integrado Gerontologia &#8211; Institui\u00e7\u00f5es de Longa Perman\u00eancia para Idosos (ILPI) no Brasil"},"content":{"rendered":"<h4>Projeto Integrado Gerontologia &#8211; Institui\u00e7\u00f5es de Longa Perman\u00eancia para Idosos (ILPI) no Brasil<\/h4>\n<p>Prezado(a) aluno(a),<br \/>\nEste projeto tem a finalidade de integrar os conhecimentos adquiridos ao longo do semestre com<br \/>\naplica\u00e7\u00f5es de situa\u00e7\u00f5es pr\u00e1ticas.<br \/>\n___________________**__________________<br \/>\nAtividade<br \/>\nLeia o texto abaixo, escrito pela Sociedade Brasileira de Geriatria e Gerontologia e responda as<br \/>\nperguntas com base na sua experi\u00eancia durante o semestre.<br \/>\nInstitui\u00e7\u00f5es de Longa Perman\u00eancia para Idosos (ILPI) no Brasil<br \/>\nA propor\u00e7\u00e3o de idosos no Brasil ultrapassa 13,5% da popula\u00e7\u00e3o, representando em torno de 28<br \/>\nmilh\u00f5es de pessoas com idade igual ou superior a 60 anos (IBGE, 2018). Apesar do envelhecimento n\u00e3o ser<br \/>\num processo novo, muitas das suas necessidades espec\u00edficas est\u00e3o ainda por ser identificadas e trabalhadas.<br \/>\nEsse fen\u00f4meno mundial \u00e9 associado \u00e0 aus\u00eancia de um n\u00famero suficiente de estruturas e servi\u00e7os de suporte,<br \/>\nlevando a crescentes dificuldades na gest\u00e3o deste cen\u00e1rio. Assim, os setores p\u00fablicos e privados est\u00e3o<br \/>\nsobrecarregados e pouco preparados para essa popula\u00e7\u00e3o, gerando sobreutiliza\u00e7\u00e3o dos servi\u00e7os, com<br \/>\natendimentos por vezes desnecess\u00e1rios e falta de servi\u00e7os para o cuidado adequado ao idoso.<br \/>\nAo longo da hist\u00f3ria de muitas sociedades ocidentais, o surgimento e o desenvolvimento de espa\u00e7os<br \/>\ninstitucionais, especialmente asilos e manic\u00f4mios, transformou em pr\u00e1tica efetiva a institucionaliza\u00e7\u00e3o de<br \/>\ntodos aqueles indiv\u00edduos que, por motivos de sa\u00fade, econ\u00f4micos, legais e mesmo pol\u00edticos, eram considerados<br \/>\nindignos de conviver em sociedade ou vistos como objeto de compaix\u00e3o. O asilo \u00e9 geralmente associado ou<br \/>\nrotulado como \u201cinstitui\u00e7\u00e3o total\u201d, express\u00e3o criada por Goffman (1974) em seu trabalho \u201cManic\u00f4mios, pris\u00f5es<br \/>\ne conventos\u201d. O autor define institui\u00e7\u00f5es totais como institui\u00e7\u00f5es onde todos os aspectos da vida s\u00e3o<br \/>\nrealizados num mesmo local e sob a mesma autoridade. Assim, cada fase da vida di\u00e1ria do participante \u00e9<br \/>\nrealizada na companhia de um grupo relativamente grande de outras pessoas, as atividades di\u00e1rias s\u00e3o<br \/>\nrigorosamente estabelecidas em hor\u00e1rios e toda a sequ\u00eancia de atividades \u00e9 imposta por um sistema de regras<br \/>\nformais e um grupo de funcion\u00e1rios, supostamente planejada para atender aos objetivos oficiais da institui\u00e7\u00e3o.<br \/>\nPROJETO INTEGRADO<br \/>\nEnquanto ator social, o conjunto de papeis ou a\u00e7\u00f5es com os quais um idoso asilado poderia contar tornam-se<br \/>\nrestritos na medida em que a institui\u00e7\u00e3o \u00e9 menos aberta para o mundo exterior. (Goffman, 1976; Debert,<br \/>\n1999).<br \/>\nA utiliza\u00e7\u00e3o da express\u00e3o Institui\u00e7\u00e3o de Longa Perman\u00eancia para Idosos (ILPI) foi iniciada em comiss\u00f5es<br \/>\nespecializadas da Sociedade Brasileira de Geriatria e Gerontologia (SBGG), correspondendo ao termo long<br \/>\nterm care institution, apesar da tradu\u00e7\u00e3o mais adequada ser \u201cinstitui\u00e7\u00e3o de cuidado a longo prazo\u201d ou de<br \/>\nlonga dura\u00e7\u00e3o. Essas institui\u00e7\u00f5es s\u00e3o a modalidade mais antiga de aten\u00e7\u00e3o ao idoso e em muitos pa\u00edses<br \/>\nsurgiram como um servi\u00e7o para abrigar idosos pobres e sem fam\u00edlia. Devido \u00e0s transforma\u00e7\u00f5es sociais e<br \/>\nculturais, aos altos custos econ\u00f4micos que levaram algumas institui\u00e7\u00f5es a serem fechadas e ao fato de que<br \/>\ntais servi\u00e7os geravam resultados nem sempre positivos, surgiram diversos questionamentos quanto \u00e0 referida<br \/>\npr\u00e1tica.<br \/>\nA partir dos anos 1960, a fam\u00edlia e a comunidade come\u00e7aram a ser valorizadas como espa\u00e7os de<br \/>\natendimento, dando origem a movimentos de desinstitucionaliza\u00e7\u00e3o. No caso dos idosos, a fam\u00edlia e a<br \/>\ncomunidade j\u00e1 costumavam ser responsabilizadas pela provis\u00e3o de cuidados, seja de maneira totalmente<br \/>\nreservada, seja por meio de institui\u00e7\u00f5es mantidas por grupos religiosos, que tiveram refor\u00e7ado seu papel como<br \/>\nforma preferencial de suporte social formal. A Constitui\u00e7\u00e3o Federal, no \u00a7 1\u00ba do artigo, estabelece que \u201cos<br \/>\nprogramas de amparo aos idosos ser\u00e3o preferencialmente executados em seus lares\u201d. Essa determina\u00e7\u00e3o \u00e9<br \/>\nrefor\u00e7ada no Estatuto do Idoso (Lei 10.741\/03), que menciona que o primeiro respons\u00e1vel pelo cuidado \u00e9 a<br \/>\nfam\u00edlia, em detrimento do atendimento asilar, exceto para aqueles que n\u00e3o possuam condi\u00e7\u00f5es de<br \/>\nmanuten\u00e7\u00e3o da pr\u00f3pria sobreviv\u00eancia.<br \/>\nAs ILPIs surgem como institui\u00e7\u00f5es de assist\u00eancia social, por\u00e9m sofrem uma transforma\u00e7\u00e3o em<br \/>\ndecorr\u00eancia das demandas por cuidados especializados. Segundo Kane e Kane (1987), a institui\u00e7\u00e3o para idosos<br \/>\nque necessitam de cuidados a longo prazo deve ser um servi\u00e7o h\u00edbrido de assist\u00eancia \u00e0 sa\u00fade e de bem-estar<br \/>\nsocial. Esses autores, baseando-se na express\u00e3o nursing home, refor\u00e7am a dupla miss\u00e3o da ILPI, que seria<br \/>\nproporcionar tanto os cuidados de diferentes complexidades, como ser um lugar para viver, ou seja, uma<br \/>\nmoradia especializada que integre um sistema de cuidados continuados, atendendo uma popula\u00e7\u00e3o que passa<br \/>\npor dram\u00e1ticas altera\u00e7\u00f5es com o tempo e na qual \u00e9 esperado um agravamento da depend\u00eancia funcional em<br \/>\nraz\u00e3o da evolu\u00e7\u00e3o dos quadros cl\u00ednico-funcionais.<br \/>\nNo Brasil, as ILPIs p\u00fablicas, privadas ou sem fins lucrativos s\u00e3o ainda hoje reconhecidas como<br \/>\ninstitui\u00e7\u00f5es de assist\u00eancia social, segundo a RDC 283\/2005, da Ag\u00eancia Nacional de Vigil\u00e2ncia Sanit\u00e1ria<br \/>\nPROJETO INTEGRADO<br \/>\n(ANVISA) e Resolu\u00e7\u00e3o SS 123\/2001, da Pol\u00edtica Nacional do Idoso e Estatuto do Idoso. Essas institui\u00e7\u00f5es<br \/>\npossuem, em sua maioria, demandas simult\u00e2neas tanto do sistema de assist\u00eancia social (SUAS), como do<br \/>\nsistema de sa\u00fade (SUS), por\u00e9m n\u00e3o fazem men\u00e7\u00e3o ao dimensionamento dessas demandas ou mesmo a<br \/>\nqualquer outra exig\u00eancia sobre os profissionais de sa\u00fade, deixando a crit\u00e9rio da institui\u00e7\u00e3o a avalia\u00e7\u00e3o das<br \/>\nnecessidades de sa\u00fade dos idosos e a vincula\u00e7\u00e3o dos respectivos profissionais \u00e0 sua equipe de trabalho. Ainda<br \/>\nhoje, h\u00e1 falta de clareza at\u00e9 mesmo entre os formuladores de pol\u00edticas p\u00fablicas nas diferentes esferas de<br \/>\ngoverno, existindo documentos que as designam como servi\u00e7os de sa\u00fade, servi\u00e7os de assist\u00eancia social e<br \/>\nservi\u00e7os de atendimento asilar. Com isso, h\u00e1 ainda muita resist\u00eancia na discuss\u00e3o sobre essa tem\u00e1tica.<br \/>\nNo processo de regulamenta\u00e7\u00e3o da Pol\u00edtica Nacional do Idoso no n\u00edvel federal \u00e9 a Portaria SS n\u00ba<br \/>\n73\/2001 do Minist\u00e9rio da Previd\u00eancia Social que descreve os modelos de institui\u00e7\u00f5es (chamadas de totais e<br \/>\nde atendimento integral constitucional) e os define, dentre outros servi\u00e7os de aten\u00e7\u00e3o ao idoso no Brasil. Estas<br \/>\ninstitui\u00e7\u00f5es s\u00e3o divididas em tr\u00eas modalidades:<br \/>\nI- Institui\u00e7\u00e3o destinada a idosos independentes para Atividades da Vida Di\u00e1ria (AVD), mesmo que requeiram o<br \/>\nuso de algum equipamento de autoajuda.<br \/>\nII- Institui\u00e7\u00e3o destinada a idosos dependentes e independentes que necessitam de aux\u00edlio e de cuidados<br \/>\nespecializados e que exijam controle e acompanhamento adequado de profissionais de sa\u00fade. Nesta unidade<br \/>\nn\u00e3o s\u00e3o aceitos idosos portadores de depend\u00eancia f\u00edsica acentuada e de doen\u00e7a mental incapacitante.<br \/>\nIII- Institui\u00e7\u00e3o destinada a idosos dependentes que requeiram assist\u00eancia total, no m\u00ednimo, em uma Atividade<br \/>\nda Vida Di\u00e1ria (AVD), necessitando, para tanto, de equipe interdisciplinar de sa\u00fade.<br \/>\nAnualmente, essas institui\u00e7\u00f5es brasileiras preenchem o Censo SUAS, um dos principais instrumentos<br \/>\npara o acompanhamento e monitoramento das unidades gestoras e prestadoras de servi\u00e7os da assist\u00eancia<br \/>\nsocial em todo o pa\u00eds. As informa\u00e7\u00f5es coletadas t\u00eam sido fundamentais para planejamento, discuss\u00e3o e<br \/>\npactua\u00e7\u00e3o das a\u00e7\u00f5es de expans\u00e3o e de reordenamento dos servi\u00e7os, tanto no \u00e2mbito federal, como para os<br \/>\nestados e munic\u00edpios. Por meio de um estudo das condi\u00e7\u00f5es sociodemogr\u00e1ficas e epidemiol\u00f3gicas dos idosos<br \/>\nresidentes em ILPIs registradas no Censo SUAS, realizado por Duarte, Giacomin e Watanabe (2017),<br \/>\nlevantaram-se as condi\u00e7\u00f5es f\u00edsicas, os servi\u00e7os oferecidos, os recursos dispon\u00edveis (humanos, financeiros e<br \/>\nparcerias), os custos de manuten\u00e7\u00e3o, bem como algumas caracter\u00edsticas da popula\u00e7\u00e3o residente.<br \/>\nPROJETO INTEGRADO<br \/>\nNa regi\u00e3o Sudeste, encontram-se 57,6% das institui\u00e7\u00f5es, regi\u00e3o com maior propor\u00e7\u00e3o de popula\u00e7\u00e3o<br \/>\nidosa tamb\u00e9m. Em S\u00e3o Paulo, existia um total de 387 ILPIs. A regi\u00e3o Sul \u00e9 a segunda maior em absor\u00e7\u00e3o das<br \/>\nILPIs; \u00e9 onde se encontram 17% do total das institui\u00e7\u00f5es.<\/p>\n<p><strong>Perguntas para refletir:<\/strong><br \/>\n<strong>1)<\/strong> Quantos idosos tem no seu munic\u00edpio e quantas ILPIs? Quais s\u00e3o as modalidades dessas ILPIs? Voc\u00ea acredita<br \/>\nque essa quantidade de institui\u00e7\u00f5es atende bem a demanda?<br \/>\n<strong>2)<\/strong> Cite a\u00e7\u00f5es que devem ser realizadas nas ILPIs para garantir a qualidade de vida do idoso:<br \/>\n<strong>3)<\/strong> De forma interprofissional, como podemos cuidar dos aspectos biopsicossociais do idoso na ILPI? Quais<br \/>\nprofissionais s\u00e3o importantes?<br \/>\n<strong>4)<\/strong> Escolha uma ILPI pr\u00f3xima a sua casa<a href=\"https:\/\/portfolio-pronto.com\/\">,<\/a> e investigue quais s\u00e3o os profissionais que atuam em prol dos idosos.<br \/>\nEssa equipe apresenta um n\u00famero ideal de profissionais e conta com trabalhadores de diversas \u00e1reas de<br \/>\natua\u00e7\u00e3o?<br \/>\n<strong>5)<\/strong> As pol\u00edticas p\u00fablicas garantem os direitos da pessoa idosa. Qual \u00e9 o papel da ILPI para cumprir esses direitos?<br \/>\n<strong>6)<\/strong> \u00c9 importante que a equipe de cuidados seja treinada para prestar os primeiros socorros em caso de<br \/>\nemerg\u00eancia. Cite duas manobras que considere as mais importantes para esses profissionais e explique as<br \/>\nt\u00e9cnicas e o porqu\u00ea de sua import\u00e2ncia.<br \/>\nBom trabalho!<\/p>\n<div class=\"elementor-toggle-item\">\n<h4 id=\"elementor-tab-title-1941\" class=\"elementor-tab-title elementor-active\" tabindex=\"0\" role=\"tab\" data-tab=\"1\" aria-controls=\"elementor-tab-content-1941\" aria-expanded=\"true\" aria-selected=\"true\">Como funciona?<\/h4>\n<div id=\"elementor-tab-content-1941\" class=\"elementor-tab-content elementor-clearfix elementor-active\" role=\"tabpanel\" data-tab=\"1\" aria-labelledby=\"elementor-tab-title-1941\">\n<p>Elaboramos os portf\u00f3lios, j\u00e1 deixamos prontos, nas normas da ABNT e conforme os requisitos da universidade. F\u00e1cil assim! O MELHOR \u00c9 QUE VOC\u00ca COMPRA E J\u00c1 BAIXA NA HORA O SEU ARQUIVO EM WORD! Sabemos que conciliar trabalho, fam\u00edlia, vida profissional e estudos \u00e9 dif\u00edcil hoje em dia, por isso, estamos aqui para ajudar voc\u00ea. Conte com nossa qualidade, experi\u00eancia e profissionalismo adquirindo seu portf\u00f3lio conosco. GARANTIMOS SEU CONCEITO!<\/p>\n<h4>Como se realizam os envios?<\/h4>\n<\/div>\n<\/div>\n<div class=\"elementor-toggle-item\">\n<div id=\"elementor-tab-content-1942\" class=\"elementor-tab-content elementor-clearfix elementor-active\" role=\"tabpanel\" data-tab=\"2\" aria-labelledby=\"elementor-tab-title-1942\">O seu trabalho \u00e9 disponibilizado pronto, respondido e nas normas j\u00e1 na mesma hora aqui em nosso site na sua \u00e1rea de downloads e tamb\u00e9m no seu e-mail.<\/div>\n<\/div>\n<div class=\"elementor-toggle-item\">\n<div id=\"elementor-tab-content-1943\" class=\"elementor-tab-content elementor-clearfix elementor-active\" role=\"tabpanel\" data-tab=\"3\" aria-labelledby=\"elementor-tab-title-1943\">\n<h4>Em quanto tempo recebo o portf\u00f3lio?<\/h4>\n<\/div>\n<\/div>\n<div class=\"elementor-toggle-item\">\n<div id=\"elementor-tab-content-1944\" class=\"elementor-tab-content elementor-clearfix elementor-active\" role=\"tabpanel\" data-tab=\"4\" aria-labelledby=\"elementor-tab-title-1944\">\n<p>Os envios s\u00e3o imediatos. Ap\u00f3s sua compra, o trabalho j\u00e1 \u00e9 disponibilizado instantaneamente aqui em nosso site e no seu e-mail.<\/p>\n<h4>E se o portf\u00f3lio que comprei precisar de corre\u00e7\u00e3o?<\/h4>\n<\/div>\n<\/div>\n<div class=\"elementor-toggle-item\">\n<div id=\"elementor-tab-content-1945\" class=\"elementor-tab-content elementor-clearfix elementor-active\" role=\"tabpanel\" data-tab=\"5\" aria-labelledby=\"elementor-tab-title-1945\">\n<p>Caso haja alguma solicita\u00e7\u00e3o de corre\u00e7\u00e3o\/altera\u00e7\u00e3o por parte do tutor, basta entrar em contato conosco pelo\u00a0WhatsApp\u00a0que provid\u00eanciaremos sem custo algum.<\/p>\n<h4>Qual o formato do arquivo?<\/h4>\n<\/div>\n<\/div>\n<div class=\"elementor-toggle-item\">\n<div id=\"elementor-tab-content-1946\" class=\"elementor-tab-content elementor-clearfix elementor-active\" role=\"tabpanel\" data-tab=\"6\" aria-labelledby=\"elementor-tab-title-1946\">\n<p>Os arquivos s\u00e3o enviados em formato Word e s\u00e3o edit\u00e1veis.<\/p>\n<h4>Caso eu tiver alguma d\u00favida, terei suporte no p\u00f3s venda?<\/h4>\n<\/div>\n<\/div>\n<div class=\"elementor-toggle-item\">\n<div id=\"elementor-tab-content-1948\" class=\"elementor-tab-content elementor-clearfix elementor-active\" role=\"tabpanel\" data-tab=\"8\" aria-labelledby=\"elementor-tab-title-1948\">\n<p>Sim, com certeza. Basta clicar no \u00edcone do WhatsApp no cantinho da tela. Ser\u00e1 um prazer atend\u00ea-lo(a).<\/p>\n<div class=\"elementor-toggle-item\">\n<div id=\"elementor-tab-content-1948\" class=\"elementor-tab-content elementor-clearfix elementor-active\" role=\"tabpanel\" data-tab=\"8\" aria-labelledby=\"elementor-tab-title-1948\">\n<h4>Quais os seus canais de contato?<\/h4>\n<\/div>\n<\/div>\n<div class=\"elementor-toggle-item\">\n<div id=\"elementor-tab-content-1949\" class=\"elementor-tab-content elementor-clearfix elementor-active\" role=\"tabpanel\" data-tab=\"9\" aria-labelledby=\"elementor-tab-title-1949\">\n<p>Whatsapp: 53 984751621 \u2013 Clicar no canto da tela ou ESCANEIE O QRCODE ABAIXO<\/p>\n<h4><img decoding=\"async\" class=\"alignnone wp-image-13699 jetpack-lazy-image jetpack-lazy-image--handled\" src=\"https:\/\/i0.wp.com\/portifolioos-prontos.com\/wp-content\/uploads\/2023\/02\/whatsapp-business-projeto-de-extensao-300x300.jpeg?resize=144%2C144\" sizes=\"(max-width: 144px) 100vw, 144px\" srcset=\"https:\/\/i0.wp.com\/portifolioos-prontos.com\/wp-content\/uploads\/2023\/02\/whatsapp-business-projeto-de-extensao.jpeg?resize=300%2C301&amp;ssl=1 300w, https:\/\/i0.wp.com\/portifolioos-prontos.com\/wp-content\/uploads\/2023\/02\/whatsapp-business-projeto-de-extensao.jpeg?resize=150%2C150&amp;ssl=1 150w, https:\/\/i0.wp.com\/portifolioos-prontos.com\/wp-content\/uploads\/2023\/02\/whatsapp-business-projeto-de-extensao.jpeg?resize=370%2C372&amp;ssl=1 370w, https:\/\/i0.wp.com\/portifolioos-prontos.com\/wp-content\/uploads\/2023\/02\/whatsapp-business-projeto-de-extensao.jpeg?resize=100%2C100&amp;ssl=1 100w, https:\/\/i0.wp.com\/portifolioos-prontos.com\/wp-content\/uploads\/2023\/02\/whatsapp-business-projeto-de-extensao.jpeg?w=470&amp;ssl=1 470w\" alt=\"projeto de extens\u00e3o unopar\" width=\"144\" height=\"144\" data-lazy-loaded=\"1\" \/><\/h4>\n<\/div>\n<\/div>\n<\/div>\n<\/div>\n<div class=\"elementor-toggle-item\">\n<div id=\"elementor-tab-content-1949\" class=\"elementor-tab-content elementor-clearfix elementor-active\" role=\"tabpanel\" data-tab=\"9\" aria-labelledby=\"elementor-tab-title-1949\">\n<p>E-mail:portifoliosp@gmail.com<\/p>\n<div id=\"attachment_143\" class=\"wp-caption alignnone\">\n<div id=\"attachment_143\" class=\"wp-caption alignnone\" style=\"width: 163px;\">\n<p><a href=\"http:\/\/portifolioos-prontos.com\/\"><img decoding=\"async\" class=\"wp-image-143 jetpack-lazy-image jetpack-lazy-image--handled\" title=\"portfolio pronto unopar\" src=\"https:\/\/i0.wp.com\/portifolioos-prontos.com\/wp-content\/uploads\/2022\/04\/conceitomaximo.png?resize=161%2C46\" alt=\"PORTFOLIO PRONTO UNOPAR ANHANGUERA\" width=\"163\" height=\"47\" aria-describedby=\"caption-attachment-143\" data-lazy-loaded=\"1\" \/><\/a><\/p>\n<p id=\"caption-attachment-143\" class=\"wp-caption-text\">Portf\u00f3lio em Word, respondido, completo e j\u00e1 nas normas.<\/p>\n<\/div>\n<\/div>\n<\/div>\n<\/div>\n","protected":false},"excerpt":{"rendered":"<div class=\"product-short-description\">\n<h5><strong>Pague pelo PIX ou cart\u00e3o e fa\u00e7a o download agora mesmo.<\/strong><\/h5>\n<\/div>\n<div class=\"sticky-add-to-cart-wrapper\">\n<div class=\"sticky-add-to-cart\">\n<div class=\"quantity buttons_added form-flat\"><img decoding=\"async\" class=\"alignnone wp-image-761\" src=\"http:\/\/portifolioos-prontos.com\/wp-content\/uploads\/2022\/04\/PIX-300x107.webp\" alt=\"\" width=\"78\" height=\"28\" \/>\u00a0\u00a0<img loading=\"lazy\" decoding=\"async\" class=\"\" src=\"https:\/\/d26lpennugtm8s.cloudfront.net\/assets\/common\/img\/logos\/payment\/visa@2x.png\" width=\"46\" height=\"29\" \/><img loading=\"lazy\" decoding=\"async\" class=\"\" src=\"https:\/\/d26lpennugtm8s.cloudfront.net\/assets\/common\/img\/logos\/payment\/boleto@2x.png\" width=\"43\" height=\"27\" \/><img loading=\"lazy\" decoding=\"async\" class=\"\" src=\"https:\/\/d26lpennugtm8s.cloudfront.net\/assets\/common\/img\/logos\/payment\/mastercard@2x.png\" width=\"43\" height=\"27\" \/><img loading=\"lazy\" decoding=\"async\" class=\"\" src=\"https:\/\/d26lpennugtm8s.cloudfront.net\/assets\/common\/img\/logos\/payment\/amex@2x.png\" width=\"43\" height=\"27\" \/><img loading=\"lazy\" decoding=\"async\" class=\"\" src=\"https:\/\/d26lpennugtm8s.cloudfront.net\/assets\/common\/img\/logos\/payment\/diners@2x.png\" width=\"46\" height=\"29\" \/><img loading=\"lazy\" decoding=\"async\" class=\"\" src=\"https:\/\/d26lpennugtm8s.cloudfront.net\/assets\/common\/img\/logos\/payment\/br\/elo@2x.png\" width=\"45\" height=\"28\" \/><img loading=\"lazy\" decoding=\"async\" class=\"\" src=\"https:\/\/d26lpennugtm8s.cloudfront.net\/assets\/common\/img\/logos\/payment\/br\/hipercard@2x.png\" width=\"44\" height=\"28\" \/><img loading=\"lazy\" decoding=\"async\" class=\"\" src=\"https:\/\/d26lpennugtm8s.cloudfront.net\/assets\/common\/img\/logos\/payment\/mercadopago@2x.png\" width=\"45\" height=\"28\" \/><\/div>\n<\/div>\n<\/div>\n","protected":false},"featured_media":23599,"template":"","meta":{"_seopress_robots_primary_cat":"none","_seopress_titles_title":"%%post_title%% %%sitetitle%%","_seopress_titles_desc":"%%post_content%%","_seopress_robots_index":""},"product_cat":[75,15],"product_tag":[],"class_list":{"0":"post-23596","1":"product","2":"type-product","3":"status-publish","4":"has-post-thumbnail","6":"product_cat-gerontologia","7":"product_cat-uncategorized","9":"first","10":"instock","11":"virtual","12":"purchasable","13":"product-type-simple","14":"col-xs-6 col-sm-4","15":"col-mf-5","16":"un-5-cols"},"jetpack_sharing_enabled":true,"_links":{"self":[{"href":"https:\/\/portifolioos-prontos.com\/index.php\/wp-json\/wp\/v2\/product\/23596","targetHints":{"allow":["GET"]}}],"collection":[{"href":"https:\/\/portifolioos-prontos.com\/index.php\/wp-json\/wp\/v2\/product"}],"about":[{"href":"https:\/\/portifolioos-prontos.com\/index.php\/wp-json\/wp\/v2\/types\/product"}],"version-history":[{"count":0,"href":"https:\/\/portifolioos-prontos.com\/index.php\/wp-json\/wp\/v2\/product\/23596\/revisions"}],"wp:featuredmedia":[{"embeddable":true,"href":"https:\/\/portifolioos-prontos.com\/index.php\/wp-json\/wp\/v2\/media\/23599"}],"wp:attachment":[{"href":"https:\/\/portifolioos-prontos.com\/index.php\/wp-json\/wp\/v2\/media?parent=23596"}],"wp:term":[{"taxonomy":"product_cat","embeddable":true,"href":"https:\/\/portifolioos-prontos.com\/index.php\/wp-json\/wp\/v2\/product_cat?post=23596"},{"taxonomy":"product_tag","embeddable":true,"href":"https:\/\/portifolioos-prontos.com\/index.php\/wp-json\/wp\/v2\/product_tag?post=23596"}],"curies":[{"name":"wp","href":"https:\/\/api.w.org\/{rel}","templated":true}]}}