{"id":23824,"date":"2024-03-04T21:15:39","date_gmt":"2024-03-05T00:15:39","guid":{"rendered":"https:\/\/portifolioos-prontos.com\/?post_type=product&#038;p=23824"},"modified":"2025-08-03T16:50:38","modified_gmt":"2025-08-03T19:50:38","slug":"projeto-integrado-cst-em-secretariado-business-letter-como-e-mail","status":"publish","type":"product","link":"https:\/\/portifolioos-prontos.com\/index.php\/product\/projeto-integrado-cst-em-secretariado-business-letter-como-e-mail\/","title":{"rendered":"Projeto Integrado CST em Secretariado &#8211; Business Letter como e-mail"},"content":{"rendered":"<h4>Projeto Integrado CST em Secretariado &#8211; Business Letter como e-mail<\/h4>\n<p>Seja bem-vindo!<br \/>\nA proposta de Projeto Integrado ter\u00e1 como tem\u00e1tica a Business Letter via e-mail como<br \/>\nferramenta de comunica\u00e7\u00e3o para o engajamento de projetos entre empresas multinacionais.<br \/>\nEscolhemos essa tem\u00e1tica para possibilitar a aprendizagem interdisciplinar dos conte\u00fados<br \/>\ndesenvolvidos nas disciplinas estudadas.<br \/>\nORIENTA\u00c7\u00d5ES<br \/>\n1. Leitura e interpreta\u00e7\u00e3o da SGA<br \/>\nPor meio da leitura da SGA e, tamb\u00e9m, da situa\u00e7\u00e3o-problema destacada, voc\u00ea deve redigir<br \/>\numa Business Letter via e-mail, em ingl\u00eas, com a proposta de um projeto entre empresas tecnol\u00f3gicas<br \/>\nmultinacionais.<br \/>\nSitua\u00e7\u00e3o Geradora de Aprendizagem (SGA)<br \/>\nPara refletir sobre a atua\u00e7\u00e3o de um profissional de secretariado, tome como exemplo o<br \/>\ncontexto a seguir:<br \/>\nO termo \u201csecret\u00e1rio\u201d \u00e9 derivado da palavra latina \u201csecretarius\u201d que significa tratar de coisas<br \/>\nprivadas ou confidenciais, assim como a palavra \u201csecreto\u201d. Ser secret\u00e1rio, h\u00e1 muito tempo,se tratava<br \/>\nde ser respons\u00e1vel em lidar com neg\u00f3cios confidenciais, normalmente para pessoas poderosas, como<br \/>\no Papa ou reis. O dever de um secret\u00e1rio moderno ainda inclui lidar com informa\u00e7\u00f5es confidenciais.<br \/>\nCom o passar dos anos, o termo \u201csecret\u00e1rio\u201d foi sendo aplicado em diferentes fun\u00e7\u00f5es, o que<br \/>\ntrouxe novos t\u00edtulos para essa profiss\u00e3o, como Secret\u00e1rio Geral, Secret\u00e1rio Financeiro e at\u00e9 mesmo<br \/>\nPROJETO INTEGRADO<br \/>\nSecretariado<br \/>\nSecret\u00e1rio de Estado. Por esse motivo, um profissional de Secretariado deve estudar e se aprofundar<br \/>\nem conhecimentos de diferentes \u00e1reas referentes ao seu contexto laboral.<br \/>\nDesde a d\u00e9cada de 70, a automa\u00e7\u00e3o presente nos ambientes empresariais tem se<br \/>\ndesenvolvido rapidamente devido \u00e0 revolu\u00e7\u00e3o tecnol\u00f3gica e seu grande n\u00famero de ferramentas<br \/>\ninovadoras. Essas ferramentas se tornaram instrumento de trabalho para o secretariado. Devido a<br \/>\nessa revolu\u00e7\u00e3o tecnol\u00f3gica, o secretariado deve tamb\u00e9m se dispor de novos conhecimentos para se<br \/>\nsentir confort\u00e1vel em realizar o seu trabalho rotineiro, como, por exemplo, saber se comunicar em<br \/>\nalguma l\u00edngua estrangeira, possuir conhecimento multicultural, ou seja, saber como lidar com<br \/>\npessoas de diferentes culturas.<br \/>\nConsiderando essas informa\u00e7\u00f5es, leia atentamente a seguinte situa\u00e7\u00e3o:<br \/>\nElo\u00edsa acabou de concluir sua gradua\u00e7\u00e3o em Secretariado e est\u00e1 atuando em uma empresa<br \/>\nmultinacional de tecnologias e lida diretamente com o seu CEO (Chief Executive Officer). Devido a<br \/>\nesse acompanhamento constante da rotina de seu CEO, Elo\u00edsa necessita realizar muitas atividades<br \/>\ndi\u00e1rias. E, como a empresa est\u00e1 em fase de expans\u00e3o, o CEO solicitou a elabora\u00e7\u00e3o de uma Business<br \/>\nLetter a ser enviada por e-mail, para uma empresa indiana. Al\u00e9m dessa Business Letter, Elo\u00edsa ser\u00e1 a<br \/>\nrespons\u00e1vel por elaborar um projeto plaus\u00edvel de ser colocado em pr\u00e1tica com essa empresa indiana<br \/>\nde tecnologia.<br \/>\nQual projeto poder\u00e1 ser aplicado por ambas as empresas com uma viabilidade t\u00e9cnica, legal,<br \/>\noperacional, ambiental e mercadol\u00f3gica adequada? Quais informa\u00e7\u00f5es s\u00e3o importantes para serem<br \/>\napresentadas, em ingl\u00eas, em uma Business Letter para a empresa de destino?<br \/>\nSitua\u00e7\u00e3o-problema:<br \/>\nPara realizar essa Produ\u00e7\u00e3o, voc\u00ea deve se colocar na situa\u00e7\u00e3o de Elo\u00edsa e elaborar uma<br \/>\nBusiness Letter, em ingl\u00eas que ser\u00e1 enviada por e-mail, apresentando a sua empresa para a empresa<br \/>\nindiana. Essa Business Letter dever\u00e1 conter informa\u00e7\u00f5es para convencer a empresa indiana a realizar<br \/>\num projeto em conjunto. Voc\u00ea poder\u00e1 apresentar gr\u00e1ficos, dados, planos de a\u00e7\u00e3o, entre outras<br \/>\ninforma\u00e7\u00f5es que julgar importantes.<br \/>\nORIENTA\u00c7\u00d5ES PARA A EXECU\u00c7\u00c3O DO TRABALHO<br \/>\nPara desenvolver seu trabalho, \u00e9 essencial que voc\u00ea se coloque no lugar de Elo\u00edsa e entenda<br \/>\no desafio que ela tem pela frente: elaborar um projeto adequado que poder\u00e1 ser adotado e colocado<br \/>\nem pr\u00e1tica por ambas as empresas; redigir uma Business Letter, em ingl\u00eas via e-mail apresentando<br \/>\ninforma\u00e7\u00f5es importantes para a empresa indiana. Para isso, \u00e9 essencial que voc\u00ea leia os textos aqui<br \/>\nindicados e reflita sobre algumas perguntas que podem nortear o seu trabalho, s\u00e3o elas:<br \/>\nPROJETO INTEGRADO<br \/>\nSecretariado<br \/>\n\u2022 Que tipo de projeto poder\u00e1 ser aplicado por ambas as empresas com viabilidade<br \/>\nt\u00e9cnica, legal, operacional, ambiental e mercadol\u00f3gica?<br \/>\n\u2022 Quais informa\u00e7\u00f5es s\u00e3o importantes para serem apresentadas, em ingl\u00eas, em uma<br \/>\nBusiness Letter para a empresa de destino?<br \/>\n\u2022 Quais s\u00e3o as caracter\u00edsticas principais do g\u00eanero textual Business Letter, em ingl\u00eas,<br \/>\npara ser enviado por e-mail?<br \/>\n\u2022 Como apresentar os dados da minha empresa para que a empresa indiana se sinta<br \/>\nsegura para se tornar parceira nesse projeto?<br \/>\nAs quest\u00f5es apresentadas s\u00e3o um guia para que voc\u00ea possa elaborar a fundamenta\u00e7\u00e3o te\u00f3rica<br \/>\ndo seu trabalho. N\u00e3o h\u00e1 impedimento para discorrer a respeito de informa\u00e7\u00f5es extras. Todas as<br \/>\ninforma\u00e7\u00f5es questionadas devem estar presentes ao longo da fundamenta\u00e7\u00e3o te\u00f3rica.<br \/>\nPara a elabora\u00e7\u00e3o de seu trabalho como um todo, \u00e9 essencial que voc\u00ea realize a leitura dos<br \/>\ntextos indicados:<br \/>\n\u2022 ALMEIDA, Walkiria Aparecida Gomes de; BORINI, Felipe Mendes; SOUZA, Eduardo<br \/>\nC\u00e9sar Pereira. Compet\u00eancias comportamentais dos profissionais de secretariado: o<br \/>\nimpacto da atua\u00e7\u00e3o internacional da empresa. Dispon\u00edvel em:<br \/>\nhttps:\/\/bit.ly\/3KPpQm1. Acesso em: 30 nov. 2023. (ANEXO 1)<br \/>\n\u2022 BERNARDON, Maura. A pesquisa sobre l\u00edngua inglesa e secretariado executivo: uma<br \/>\nconsulta ao site da ABPSEC. Dispon\u00edvel em: https:\/\/bit.ly\/3r8KF4c. Acesso em: 30 nov.<br \/>\n2023. (ANEXO 2)<br \/>\n\u2022 BRANCHER, Naiana; SANTOS, Maria Elisabete Mariano dos. O dom\u00ednio das l\u00ednguas<br \/>\nestrangeiras e o profissional de secretariado executivo bil\u00edngue. Dispon\u00edvel em:<br \/>\nhttps:\/\/bit.ly\/32DMM6p. Acesso em: 30 nov. 2023. (ANEXO 3)<br \/>\n\u2022 Business Letter example. (ANEXO 4)<br \/>\nLeituras complementares:<br \/>\n\u2022 SOUZA, Carla Neres de. A import\u00e2ncia da \u00e9tica empresarial para o profissional de<br \/>\nsecretariado. Dispon\u00edvel em: https:\/\/bit.ly\/34eqKYe. Acesso em: 30 nov. 2023.<br \/>\n(ANEXO 5)<br \/>\n\u2022 LUCIANI, Luciana Paula Bento; SANTOS, Beatriz Naves da Silva. O profissional de<br \/>\nsecretariado executivo como protagonista na proposi\u00e7\u00e3o e gest\u00e3o de projetos.<br \/>\nDispon\u00edvel em: https:\/\/erevista.unioeste.br\/index.php\/expectativa\/article\/view\/27682. Acesso em: 30 nov.<br \/>\n2023. (ANEXO 6)<br \/>\nAp\u00f3s finalizar suas leituras e seu percurso reflexivo, proceda \u00e0 confec\u00e7\u00e3o da sua Business<br \/>\nLetter, tendo em vista as indica\u00e7\u00f5es:<br \/>\nPROJETO INTEGRADO<br \/>\nSecretariado<br \/>\n\u25cf Introdu\u00e7\u00e3o: descreva, em portugu\u00eas, o foco da sua empresa e da empresa indiana (ambas<br \/>\nfict\u00edcias) com a qual deseja realizar parcerias. Relate, em portugu\u00eas, o projeto que sua<br \/>\nempresa ir\u00e1 apresentar \u00e0 empresa indiana utilizando dados. Fa\u00e7a uso dos conhecimentos<br \/>\npresentes nas disciplinas estudadas, para que voc\u00ea possa apresentar proposta mais elaborada<br \/>\ne convincente ao seu cliente. (2 laudas)<br \/>\n\u25cf Desenvolvimento: para o desenvolvimento de seu trabalho, voc\u00ea deve realizar:<br \/>\na) Uma Business Letter, em ingl\u00eas, seguindo as caracter\u00edsticas desse g\u00eanero textual. Essa<br \/>\nBusiness Letter dever\u00e1 apresentar informa\u00e7\u00f5es referentes ao primeiro contato com a<br \/>\nempresa indiana, como: endere\u00e7o da sua empresa, sauda\u00e7\u00f5es, corpo do e-mail descrevendo<br \/>\no motivo da sua empresa estar interessada em realizar um projeto com a empresa indiana, e<br \/>\num fechamento. (1 lauda)<br \/>\n\u2022 Considera\u00e7\u00f5es finais: Para a finaliza\u00e7\u00e3o do texto, deve ser feita uma retomada da situa\u00e7\u00e3oproblema, com a s\u00edntese do seu posicionamento em rela\u00e7\u00e3o ao caso discutido e \u00e0 proposta<br \/>\nelaborada. Fa\u00e7a uso de cita\u00e7\u00f5es de autores que discutem os temas apresentados em sua<br \/>\natividade. (Ao menos 1 lauda)<br \/>\n\u2022 Refer\u00eancias: fa\u00e7a a lista de refer\u00eancias, conforme as normas da ABNT, citando todos os<br \/>\nautores utilizados para a realiza\u00e7\u00e3o da sua atividade.<\/p>\n<div class=\"elementor-toggle-item\">\n<div class=\"elementor-toggle-item\">\n<p id=\"elementor-tab-title-1941\" class=\"elementor-tab-title elementor-active\" tabindex=\"0\" role=\"tab\" data-tab=\"1\" aria-controls=\"elementor-tab-content-1941\" aria-expanded=\"true\" aria-selected=\"true\"><strong>Como funciona?<\/strong><\/p>\n<p>Elaboramos os portf\u00f3lios, j\u00e1 deixamos prontos, nas normas da ABNT e conforme os requisitos da universidade. F\u00e1cil assim! O MELHOR \u00c9 QUE VOC\u00ca COMPRA E J\u00c1 BAIXA NA HORA O SEU ARQUIVO EM WORD! Sabemos que conciliar trabalho, fam\u00edlia, vida profissional e estudos \u00e9 dif\u00edcil hoje em dia, por isso, estamos aqui para ajudar voc\u00ea. Conte com nossa qualidade, experi\u00eancia e profissionalismo adquirindo seu portf\u00f3lio conosco. GARANTIMOS SEU CONCEITO!<\/p>\n<p><strong>Como se realizam os envios?<\/strong><\/p>\n<\/div>\n<p id=\"elementor-tab-content-1942\" class=\"elementor-tab-content elementor-clearfix elementor-active\" role=\"tabpanel\" data-tab=\"2\" aria-labelledby=\"elementor-tab-title-1942\">O seu trabalho \u00e9 disponibilizado pronto, respondido e nas normas j\u00e1 na mesma hora aqui em nosso site na sua \u00e1rea de downloads e tamb\u00e9m no seu e-mail.<\/p>\n<p><strong>Em quanto tempo recebo o portf\u00f3lio?<\/strong><\/p>\n<p>Os envios s\u00e3o imediatos. Ap\u00f3s sua compra, o trabalho j\u00e1 \u00e9 disponibilizado instantaneamente aqui em nosso site e no seu e-mail.<\/p>\n<p><strong>E se o portf\u00f3lio que comprei precisar de corre\u00e7\u00e3o?<\/strong><\/p>\n<p>Caso haja alguma solicita\u00e7\u00e3o de corre\u00e7\u00e3o\/altera\u00e7\u00e3o por parte do tutor, basta entrar em contato conosco pelo\u00a0WhatsApp\u00a0que provid\u00eanciaremos sem custo algum.<\/p>\n<p><strong>Qual o formato do arquivo?<\/strong><\/p>\n<p>Os arquivos s\u00e3o enviados em formato Word e s\u00e3o edit\u00e1veis.<\/p>\n<p><strong>Caso eu tiver alguma d\u00favida, terei suporte no p\u00f3s venda?<\/strong><\/p>\n<p>Sim, com certeza. Basta clicar no \u00edcone do WhatsApp no cantinho da tela. Ser\u00e1 um prazer atend\u00ea-lo(a).<\/p>\n<div id=\"elementor-tab-content-1948\" class=\"elementor-tab-content elementor-clearfix elementor-active\" role=\"tabpanel\" data-tab=\"8\" aria-labelledby=\"elementor-tab-title-1948\">\n<p><strong>Quais os seus canais de contato?<\/strong><\/p>\n<\/div>\n<div id=\"elementor-tab-content-1949\" class=\"elementor-tab-content elementor-clearfix elementor-active\" role=\"tabpanel\" data-tab=\"9\" aria-labelledby=\"elementor-tab-title-1949\">\n<p>Whatsapp: 53 984751621 \u2013 Clicar no canto da tela ou ESCANEIE O QRCODE ABAIXO<\/p>\n<h4><img decoding=\"async\" class=\"alignnone wp-image-13699 jetpack-lazy-image jetpack-lazy-image--handled\" src=\"https:\/\/i0.wp.com\/portifolioos-prontos.com\/wp-content\/uploads\/2023\/02\/whatsapp-business-projeto-de-extensao-300x300.jpeg?resize=144%2C144\" sizes=\"(max-width: 144px) 100vw, 144px\" srcset=\"https:\/\/i0.wp.com\/portifolioos-prontos.com\/wp-content\/uploads\/2023\/02\/whatsapp-business-projeto-de-extensao.jpeg?resize=300%2C301&amp;ssl=1 300w, https:\/\/i0.wp.com\/portifolioos-prontos.com\/wp-content\/uploads\/2023\/02\/whatsapp-business-projeto-de-extensao.jpeg?resize=150%2C150&amp;ssl=1 150w, https:\/\/i0.wp.com\/portifolioos-prontos.com\/wp-content\/uploads\/2023\/02\/whatsapp-business-projeto-de-extensao.jpeg?resize=370%2C372&amp;ssl=1 370w, https:\/\/i0.wp.com\/portifolioos-prontos.com\/wp-content\/uploads\/2023\/02\/whatsapp-business-projeto-de-extensao.jpeg?resize=100%2C100&amp;ssl=1 100w, https:\/\/i0.wp.com\/portifolioos-prontos.com\/wp-content\/uploads\/2023\/02\/whatsapp-business-projeto-de-extensao.jpeg?w=470&amp;ssl=1 470w\" alt=\"projeto de extens\u00e3o unopar\" width=\"144\" height=\"144\" data-lazy-loaded=\"1\" \/><\/h4>\n<\/div>\n<div class=\"elementor-toggle-item\">\n<div id=\"elementor-tab-content-1949\" class=\"elementor-tab-content elementor-clearfix elementor-active\" role=\"tabpanel\" data-tab=\"9\" aria-labelledby=\"elementor-tab-title-1949\">\n<p>E-mail:portifoliosp@gmail.com<\/p>\n<div id=\"attachment_143\" class=\"wp-caption alignnone\">\n<div id=\"attachment_143\" class=\"wp-caption alignnone\">\n<p id=\"caption-attachment-143\" class=\"wp-caption-text\"><a href=\"http:\/\/portfolio-pronto.com\/\">Portf\u00f3lio<\/a>\u00a0em Word, respondido, completo e j\u00e1 nas normas<\/p>\n<\/div>\n<\/div>\n<\/div>\n<\/div>\n<\/div>\n","protected":false},"excerpt":{"rendered":"<div class=\"product-short-description\">\n<div class=\"product-short-description\">\n<p><strong>Pague pelo PIX ou cart\u00e3o e fa\u00e7a o download agora mesmo.<\/strong><\/p>\n<\/div>\n<div class=\"sticky-add-to-cart-wrapper\">\n<div class=\"sticky-add-to-cart\">\n<p class=\"quantity buttons_added form-flat\"><img decoding=\"async\" class=\"lazyloaded smush-image-5 smush-image-3 smush-image-4 smush-detected-img smush-image-bigger-3\" src=\"https:\/\/d26lpennugtm8s.cloudfront.net\/assets\/common\/img\/logos\/payment\/visa@2x.png\" width=\"46\" height=\"29\" data-src=\"https:\/\/d26lpennugtm8s.cloudfront.net\/assets\/common\/img\/logos\/payment\/visa@2x.png\" \/><img decoding=\"async\" class=\"lazyloaded smush-image-6 smush-image-4 smush-image-5 smush-detected-img smush-image-bigger-4\" src=\"https:\/\/d26lpennugtm8s.cloudfront.net\/assets\/common\/img\/logos\/payment\/boleto@2x.png\" width=\"43\" height=\"27\" data-src=\"https:\/\/d26lpennugtm8s.cloudfront.net\/assets\/common\/img\/logos\/payment\/boleto@2x.png\" \/><img loading=\"lazy\" decoding=\"async\" class=\"lazyloaded smush-image-7 smush-image-5 smush-image-6 smush-detected-img smush-image-bigger-5\" src=\"https:\/\/d26lpennugtm8s.cloudfront.net\/assets\/common\/img\/logos\/payment\/mastercard@2x.png\" width=\"43\" height=\"27\" data-src=\"https:\/\/d26lpennugtm8s.cloudfront.net\/assets\/common\/img\/logos\/payment\/mastercard@2x.png\" \/><img loading=\"lazy\" decoding=\"async\" class=\"lazyloaded smush-image-8 smush-image-6 smush-image-7 smush-detected-img smush-image-bigger-6\" src=\"https:\/\/d26lpennugtm8s.cloudfront.net\/assets\/common\/img\/logos\/payment\/amex@2x.png\" width=\"43\" height=\"27\" data-src=\"https:\/\/d26lpennugtm8s.cloudfront.net\/assets\/common\/img\/logos\/payment\/amex@2x.png\" \/><img loading=\"lazy\" decoding=\"async\" class=\"lazyloaded smush-image-9 smush-image-7 smush-image-8 smush-detected-img smush-image-bigger-7\" src=\"https:\/\/d26lpennugtm8s.cloudfront.net\/assets\/common\/img\/logos\/payment\/diners@2x.png\" width=\"46\" height=\"29\" data-src=\"https:\/\/d26lpennugtm8s.cloudfront.net\/assets\/common\/img\/logos\/payment\/diners@2x.png\" \/><img loading=\"lazy\" decoding=\"async\" class=\"lazyloaded smush-image-10 smush-image-8 smush-image-9 alignnone smush-detected-img smush-image-bigger-8\" src=\"https:\/\/d26lpennugtm8s.cloudfront.net\/assets\/common\/img\/logos\/payment\/br\/elo@2x.png\" alt=\"portf\u00f3lio unopar anhanguera\" width=\"45\" height=\"28\" data-src=\"https:\/\/d26lpennugtm8s.cloudfront.net\/assets\/common\/img\/logos\/payment\/br\/elo@2x.png\" \/><img loading=\"lazy\" decoding=\"async\" class=\"lazyloaded smush-image-11 smush-image-9 smush-image-10 alignnone smush-detected-img smush-image-bigger-9\" src=\"https:\/\/d26lpennugtm8s.cloudfront.net\/assets\/common\/img\/logos\/payment\/br\/hipercard@2x.png\" alt=\"portf\u00f3lio unopar anhanguera\" width=\"44\" height=\"28\" data-src=\"https:\/\/d26lpennugtm8s.cloudfront.net\/assets\/common\/img\/logos\/payment\/br\/hipercard@2x.png\" \/><img loading=\"lazy\" decoding=\"async\" class=\"lazyloaded smush-image-12 smush-image-10 smush-image-11 alignnone smush-detected-img smush-image-bigger-10\" src=\"https:\/\/d26lpennugtm8s.cloudfront.net\/assets\/common\/img\/logos\/payment\/mercadopago@2x.png\" alt=\"portf\u00f3lio unopar anhanguera\" width=\"45\" height=\"28\" data-src=\"https:\/\/d26lpennugtm8s.cloudfront.net\/assets\/common\/img\/logos\/payment\/mercadopago@2x.png\" \/><img loading=\"lazy\" decoding=\"async\" class=\"alignnone ls-is-cached lazyloaded smush-detected-img smush-image-bigger-11\" src=\"https:\/\/futurium.com.br\/wp-content\/uploads\/2021\/06\/logo-pix-icone-512.png\" alt=\"portfolio pronto\" width=\"30\" height=\"30\" data-src=\"https:\/\/futurium.com.br\/wp-content\/uploads\/2021\/06\/logo-pix-icone-512.png\" \/><\/p>\n<\/div>\n<\/div>\n<\/div>\n","protected":false},"featured_media":23827,"template":"","meta":{"_seopress_robots_primary_cat":"none","_seopress_titles_title":"","_seopress_titles_desc":"","_seopress_robots_index":""},"product_cat":[77,15],"product_tag":[],"class_list":{"0":"post-23824","1":"product","2":"type-product","3":"status-publish","4":"has-post-thumbnail","6":"product_cat-secretariado","7":"product_cat-uncategorized","9":"first","10":"instock","11":"downloadable","12":"virtual","13":"purchasable","14":"product-type-simple","15":"col-xs-6 col-sm-4","16":"col-mf-5","17":"un-5-cols"},"jetpack_sharing_enabled":true,"_links":{"self":[{"href":"https:\/\/portifolioos-prontos.com\/index.php\/wp-json\/wp\/v2\/product\/23824","targetHints":{"allow":["GET"]}}],"collection":[{"href":"https:\/\/portifolioos-prontos.com\/index.php\/wp-json\/wp\/v2\/product"}],"about":[{"href":"https:\/\/portifolioos-prontos.com\/index.php\/wp-json\/wp\/v2\/types\/product"}],"version-history":[{"count":0,"href":"https:\/\/portifolioos-prontos.com\/index.php\/wp-json\/wp\/v2\/product\/23824\/revisions"}],"wp:featuredmedia":[{"embeddable":true,"href":"https:\/\/portifolioos-prontos.com\/index.php\/wp-json\/wp\/v2\/media\/23827"}],"wp:attachment":[{"href":"https:\/\/portifolioos-prontos.com\/index.php\/wp-json\/wp\/v2\/media?parent=23824"}],"wp:term":[{"taxonomy":"product_cat","embeddable":true,"href":"https:\/\/portifolioos-prontos.com\/index.php\/wp-json\/wp\/v2\/product_cat?post=23824"},{"taxonomy":"product_tag","embeddable":true,"href":"https:\/\/portifolioos-prontos.com\/index.php\/wp-json\/wp\/v2\/product_tag?post=23824"}],"curies":[{"name":"wp","href":"https:\/\/api.w.org\/{rel}","templated":true}]}}