{"id":23886,"date":"2024-03-06T21:01:38","date_gmt":"2024-03-07T00:01:38","guid":{"rendered":"https:\/\/portifolioos-prontos.com\/?post_type=product&#038;p=23886"},"modified":"2024-04-15T20:05:06","modified_gmt":"2024-04-15T23:05:06","slug":"atividades-de-extensao-cruzeiro-do-sul","status":"publish","type":"product","link":"https:\/\/portifolioos-prontos.com\/index.php\/product\/atividades-de-extensao-cruzeiro-do-sul\/","title":{"rendered":"Atividades de Extens\u00e3o &#8211; Cruzeiro do Sul"},"content":{"rendered":"<p>Atividades de Extens\u00e3o &#8211; Cruzeiro do Sul<\/p>\n<p><strong>RELAT\u00d3RIO DAS ATIVIDADES DE EXTENS\u00c3O<\/strong><\/p>\n<table style=\"height: 208px;\" width=\"977\">\n<tbody>\n<tr>\n<td colspan=\"2\" width=\"697\"><strong>1.\u00a0\u00a0\u00a0\u00a0\u00a0 <\/strong><strong>IDENTIFICA\u00c7\u00c3O DO ALUNO<\/strong><\/td>\n<\/tr>\n<tr>\n<td width=\"102\"><strong>Nome<\/strong><\/td>\n<td width=\"595\"><\/td>\n<\/tr>\n<tr>\n<td width=\"102\"><strong>RGM<\/strong><\/td>\n<td width=\"595\"><\/td>\n<\/tr>\n<tr>\n<td width=\"102\"><strong>Curso<\/strong><\/td>\n<td width=\"595\"><\/td>\n<\/tr>\n<tr>\n<td width=\"102\"><strong>Campus\/Polo<\/strong><\/td>\n<td width=\"595\"><\/td>\n<\/tr>\n<\/tbody>\n<\/table>\n<p>&nbsp;<\/p>\n<table width=\"697\">\n<tbody>\n<tr>\n<td colspan=\"2\" width=\"697\"><strong>2.\u00a0\u00a0\u00a0\u00a0\u00a0 <\/strong><strong>IDENTIFICA\u00c7\u00c3O DA ATIVIDADE<\/strong><\/td>\n<\/tr>\n<tr>\n<td width=\"206\"><strong>Nome do Projeto<\/strong><\/td>\n<td width=\"491\"><\/td>\n<\/tr>\n<tr>\n<td width=\"206\"><strong>A\u00e7\u00e3o<\/strong><\/td>\n<td width=\"491\"><\/td>\n<\/tr>\n<tr>\n<td width=\"206\"><strong>Institui\u00e7\u00e3o parceira (se houver)<\/strong><\/td>\n<td width=\"491\"><\/td>\n<\/tr>\n<tr>\n<td width=\"206\"><strong>Per\u00edodo de Realiza\u00e7\u00e3o<\/strong><\/td>\n<td width=\"491\"><\/td>\n<\/tr>\n<tr>\n<td width=\"206\"><strong>P\u00fablico-alvo<\/strong><\/td>\n<td width=\"491\"><\/td>\n<\/tr>\n<tr>\n<td width=\"206\"><strong>N\u00famero de pessoas atendidas<\/strong><\/td>\n<td width=\"491\"><\/td>\n<\/tr>\n<tr>\n<td width=\"206\"><strong>Carga Hor\u00e1ria<\/strong><\/td>\n<td width=\"491\"><\/td>\n<\/tr>\n<\/tbody>\n<\/table>\n<p>&nbsp;<\/p>\n<table style=\"height: 1048px;\" width=\"1010\">\n<tbody>\n<tr>\n<td width=\"697\"><strong>3.\u00a0\u00a0\u00a0\u00a0\u00a0 <\/strong><strong>DESENVOLVIMENTO<\/strong><\/td>\n<\/tr>\n<tr>\n<td width=\"697\"><strong>3.1\u00a0 <\/strong><strong>Breve relato sobre a atividade realizada, a partir das seguintes premissas:<\/strong><\/p>\n<p><em>Apresente de forma sucinta as atividades realizadas ao longo do semestre, considerando a Institui\u00e7\u00e3o ou a comunidade em que voc\u00ea atuou. Indique qual(is) os Objetivos de Desenvolvimento Sustent\u00e1vel relacionados a essa atividade.<\/em><\/td>\n<\/tr>\n<tr>\n<td width=\"697\"><strong>\u00a0 <\/strong><\/td>\n<\/tr>\n<tr>\n<td width=\"697\"><strong>3.2\u00a0 <\/strong><strong>\u00a0Descri\u00e7\u00e3o das etapas da atividade realizada:<\/strong><\/p>\n<p><em>Descreva os objetivos gerais e espec\u00edficos da atividade, a justificativa, como a atividade foi realizada (metodologia), o cronograma das atividades, qual o p\u00fablico-alvo assistido, quantas pessoas foram atendidas e\/ou impactadas pela atividade, os resultados obtidos. Insira a maior quantidade de informa\u00e7\u00f5es, de maneira a apresentar uma vis\u00e3o global de sua atua\u00e7\u00e3o.<\/em><\/td>\n<\/tr>\n<tr>\n<td width=\"697\"><strong>\u00a0 <\/strong><\/td>\n<\/tr>\n<tr>\n<td width=\"697\"><strong>3.3\u00a0 <\/strong><strong>Discuss\u00e3o e Resultados alcan\u00e7ados:<\/strong><\/p>\n<p><em>Descreva qual foi a sua atua\u00e7\u00e3o na condu\u00e7\u00e3o da atividade, partindo do princ\u00edpio de como a atividade contribuiu para a sua forma\u00e7\u00e3o cidad\u00e3 e profissional; bem como para a sua forma\u00e7\u00e3o acad\u00eamica (conte\u00fados e experi\u00eancias). Apresente, ainda, os resultados alcan\u00e7ados junto \u00e0 comunidade, ou seja, a contribui\u00e7\u00e3o da atividade para o p\u00fablico-alvo e os impactos da transforma\u00e7\u00e3o local.<\/em><\/td>\n<\/tr>\n<tr>\n<td width=\"697\"><strong>\u00a0 <\/strong><\/td>\n<\/tr>\n<tr>\n<td width=\"697\"><strong>3.4\u00a0 <\/strong><strong>Autoavalia\u00e7\u00e3o:<\/strong><\/p>\n<p><em>Apresente suas considera\u00e7\u00f5es finais, dificuldades enfrentadas, sugest\u00f5es e outras observa\u00e7\u00f5es pertinentes.<\/em><\/td>\n<\/tr>\n<tr>\n<td width=\"697\"><strong>\u00a0 <\/strong><\/td>\n<\/tr>\n<tr>\n<td width=\"697\"><strong><em>3.5\u00a0 <\/em><\/strong><strong>Anexos<\/strong><\/p>\n<p><em>Insira os documentos comprobat\u00f3rios da realiza\u00e7\u00e3o das atividades (fotos, certificados, entre outros\u2026)<\/em><\/td>\n<\/tr>\n<\/tbody>\n<\/table>\n<p>Local, xx de xxxxx de xxxx.<\/p>\n<div class=\"elementor-toggle-item\">\n<div id=\"elementor-tab-content-1941\" class=\"elementor-tab-content elementor-clearfix elementor-active\" role=\"tabpanel\" data-tab=\"1\" aria-labelledby=\"elementor-tab-title-1941\">\n<h4>Como se realizam os envios?<\/h4>\n<\/div>\n<\/div>\n<div class=\"elementor-toggle-item\">\n<div id=\"elementor-tab-content-1942\" class=\"elementor-tab-content elementor-clearfix elementor-active\" role=\"tabpanel\" data-tab=\"2\" aria-labelledby=\"elementor-tab-title-1942\">O seu trabalho \u00e9 disponibilizado pronto, respondido e nas normas j\u00e1 na mesma hora aqui em nosso site na sua \u00e1rea de downloads e tamb\u00e9m no seu e-mail.<\/div>\n<\/div>\n<div class=\"elementor-toggle-item\">\n<div id=\"elementor-tab-content-1943\" class=\"elementor-tab-content elementor-clearfix elementor-active\" role=\"tabpanel\" data-tab=\"3\" aria-labelledby=\"elementor-tab-title-1943\">\n<h4>Como funciona?<\/h4>\n<p>Elaboramos os projetos de extens\u00e3o, j\u00e1 deixamos prontos e respondidos, entretanto, deve ser referenciado um local, portanto, al\u00e9m de incluir seus dados como nome e cidade do polo, ir\u00e1 incluir tamb\u00e9m o nome do local onde vai aplicar o projeto.<\/p>\n<h4>D\u00favidas? Chama no WhatsApp para um atendimento personalizado.<\/h4>\n<\/div>\n<\/div>\n<div class=\"elementor-toggle-item\">\n<div id=\"elementor-tab-content-1948\" class=\"elementor-tab-content elementor-clearfix elementor-active\" role=\"tabpanel\" data-tab=\"8\" aria-labelledby=\"elementor-tab-title-1948\">\n<div class=\"elementor-toggle-item\">\n<div id=\"elementor-tab-content-1949\" class=\"elementor-tab-content elementor-clearfix elementor-active\" role=\"tabpanel\" data-tab=\"9\" aria-labelledby=\"elementor-tab-title-1949\">\n<p>Whatsapp: 53 984751621 \u2013 Clicar no canto da tela ou ESCANEIE O QRCODE ABAIXO<\/p>\n<h4><img decoding=\"async\" class=\"alignnone wp-image-13699 jetpack-lazy-image jetpack-lazy-image--handled\" src=\"https:\/\/i0.wp.com\/portifolioos-prontos.com\/wp-content\/uploads\/2023\/02\/whatsapp-business-projeto-de-extensao-300x300.jpeg?resize=144%2C144\" sizes=\"(max-width: 144px) 100vw, 144px\" srcset=\"https:\/\/i0.wp.com\/portifolioos-prontos.com\/wp-content\/uploads\/2023\/02\/whatsapp-business-projeto-de-extensao.jpeg?resize=300%2C301&amp;ssl=1 300w, https:\/\/i0.wp.com\/portifolioos-prontos.com\/wp-content\/uploads\/2023\/02\/whatsapp-business-projeto-de-extensao.jpeg?resize=150%2C150&amp;ssl=1 150w, https:\/\/i0.wp.com\/portifolioos-prontos.com\/wp-content\/uploads\/2023\/02\/whatsapp-business-projeto-de-extensao.jpeg?resize=370%2C372&amp;ssl=1 370w, https:\/\/i0.wp.com\/portifolioos-prontos.com\/wp-content\/uploads\/2023\/02\/whatsapp-business-projeto-de-extensao.jpeg?resize=100%2C100&amp;ssl=1 100w, https:\/\/i0.wp.com\/portifolioos-prontos.com\/wp-content\/uploads\/2023\/02\/whatsapp-business-projeto-de-extensao.jpeg?w=470&amp;ssl=1 470w\" alt=\"projeto de extens\u00e3o unopar\" width=\"144\" height=\"144\" data-lazy-loaded=\"1\" \/><\/h4>\n<\/div>\n<\/div>\n<\/div>\n<\/div>\n<div class=\"elementor-toggle-item\">\n<div id=\"elementor-tab-content-1949\" class=\"elementor-tab-content elementor-clearfix elementor-active\" role=\"tabpanel\" data-tab=\"9\" aria-labelledby=\"elementor-tab-title-1949\">\n<p>E-mail:portifoliosp@gmail.com<\/p>\n<div id=\"attachment_143\" class=\"wp-caption alignnone\">\n<div id=\"attachment_143\" class=\"wp-caption alignnone\" style=\"width: 114px;\">\n<p><a href=\"http:\/\/portifolioos-prontos.com\/\"><img decoding=\"async\" class=\"wp-image-143 jetpack-lazy-image jetpack-lazy-image--handled\" title=\"portfolio pronto unopar\" src=\"https:\/\/i0.wp.com\/portifolioos-prontos.com\/wp-content\/uploads\/2022\/04\/conceitomaximo.png?resize=161%2C46\" alt=\"PORTFOLIO PRONTO UNOPAR ANHANGUERA\" width=\"114\" height=\"33\" aria-describedby=\"caption-attachment-143\" data-lazy-loaded=\"1\" \/><\/a><\/p>\n<p id=\"caption-attachment-143\" class=\"wp-caption-text\">Atividade em Word, respondida, completa e j\u00e1 nas normas.<\/p>\n<\/div>\n<\/div>\n<\/div>\n<\/div>\n<p>&nbsp;<\/p>\n","protected":false},"excerpt":{"rendered":"<div class=\"product-short-description\">\n<h5><strong>Pague pelo PIX ou cart\u00e3o e fa\u00e7a o download agora mesmo.<\/strong><\/h5>\n<\/div>\n<div class=\"sticky-add-to-cart-wrapper\">\n<div class=\"sticky-add-to-cart\">\n<div class=\"quantity buttons_added form-flat\"><img decoding=\"async\" class=\"alignnone wp-image-761\" src=\"http:\/\/portifolioos-prontos.com\/wp-content\/uploads\/2022\/04\/PIX-300x107.webp\" alt=\"\" width=\"78\" height=\"28\" \/>\u00a0\u00a0<img loading=\"lazy\" decoding=\"async\" class=\"\" src=\"https:\/\/d26lpennugtm8s.cloudfront.net\/assets\/common\/img\/logos\/payment\/visa@2x.png\" width=\"46\" height=\"29\" \/><img loading=\"lazy\" decoding=\"async\" class=\"\" src=\"https:\/\/d26lpennugtm8s.cloudfront.net\/assets\/common\/img\/logos\/payment\/boleto@2x.png\" width=\"43\" height=\"27\" \/><img loading=\"lazy\" decoding=\"async\" class=\"\" src=\"https:\/\/d26lpennugtm8s.cloudfront.net\/assets\/common\/img\/logos\/payment\/mastercard@2x.png\" width=\"43\" height=\"27\" \/><img loading=\"lazy\" decoding=\"async\" class=\"\" src=\"https:\/\/d26lpennugtm8s.cloudfront.net\/assets\/common\/img\/logos\/payment\/amex@2x.png\" width=\"43\" height=\"27\" \/><img loading=\"lazy\" decoding=\"async\" class=\"\" src=\"https:\/\/d26lpennugtm8s.cloudfront.net\/assets\/common\/img\/logos\/payment\/diners@2x.png\" width=\"46\" height=\"29\" \/><img loading=\"lazy\" decoding=\"async\" class=\"\" src=\"https:\/\/d26lpennugtm8s.cloudfront.net\/assets\/common\/img\/logos\/payment\/br\/elo@2x.png\" width=\"45\" height=\"28\" \/><img loading=\"lazy\" decoding=\"async\" class=\"\" src=\"https:\/\/d26lpennugtm8s.cloudfront.net\/assets\/common\/img\/logos\/payment\/br\/hipercard@2x.png\" width=\"44\" height=\"28\" \/><img loading=\"lazy\" decoding=\"async\" class=\"\" src=\"https:\/\/d26lpennugtm8s.cloudfront.net\/assets\/common\/img\/logos\/payment\/mercadopago@2x.png\" width=\"45\" height=\"28\" \/><\/div>\n<\/div>\n<\/div>\n","protected":false},"featured_media":23891,"template":"","meta":{"_seopress_robots_primary_cat":"none","_seopress_titles_title":"%%post_title%% %%sitetitle%%","_seopress_titles_desc":"%%post_content%%","_seopress_robots_index":""},"product_cat":[244,15],"product_tag":[],"class_list":{"0":"post-23886","1":"product","2":"type-product","3":"status-publish","4":"has-post-thumbnail","6":"product_cat-atividade-de-extensao-cruzeiro-do-sul","7":"product_cat-uncategorized","9":"first","10":"outofstock","11":"shipping-taxable","12":"product-type-simple","13":"col-xs-6 col-sm-4","14":"col-mf-5","15":"un-5-cols"},"jetpack_sharing_enabled":true,"_links":{"self":[{"href":"https:\/\/portifolioos-prontos.com\/index.php\/wp-json\/wp\/v2\/product\/23886","targetHints":{"allow":["GET"]}}],"collection":[{"href":"https:\/\/portifolioos-prontos.com\/index.php\/wp-json\/wp\/v2\/product"}],"about":[{"href":"https:\/\/portifolioos-prontos.com\/index.php\/wp-json\/wp\/v2\/types\/product"}],"version-history":[{"count":0,"href":"https:\/\/portifolioos-prontos.com\/index.php\/wp-json\/wp\/v2\/product\/23886\/revisions"}],"wp:featuredmedia":[{"embeddable":true,"href":"https:\/\/portifolioos-prontos.com\/index.php\/wp-json\/wp\/v2\/media\/23891"}],"wp:attachment":[{"href":"https:\/\/portifolioos-prontos.com\/index.php\/wp-json\/wp\/v2\/media?parent=23886"}],"wp:term":[{"taxonomy":"product_cat","embeddable":true,"href":"https:\/\/portifolioos-prontos.com\/index.php\/wp-json\/wp\/v2\/product_cat?post=23886"},{"taxonomy":"product_tag","embeddable":true,"href":"https:\/\/portifolioos-prontos.com\/index.php\/wp-json\/wp\/v2\/product_tag?post=23886"}],"curies":[{"name":"wp","href":"https:\/\/api.w.org\/{rel}","templated":true}]}}