{"id":2392,"date":"2022-05-12T19:16:19","date_gmt":"2022-05-12T22:16:19","guid":{"rendered":"https:\/\/portifolioos-prontos.com\/?post_type=product&#038;p=2392"},"modified":"2024-05-04T12:22:49","modified_gmt":"2024-05-04T15:22:49","slug":"projeto-integrado-cursos-da-area-de-ti-arquiteturas-de-alto-desempenho","status":"publish","type":"product","link":"https:\/\/portifolioos-prontos.com\/index.php\/product\/projeto-integrado-cursos-da-area-de-ti-arquiteturas-de-alto-desempenho\/","title":{"rendered":"Projeto Integrado cursos da \u00e1rea de Ti: Arquiteturas de alto desempenho"},"content":{"rendered":"<p>Projeto Integrado cursos da \u00e1rea de Ti: Arquiteturas de alto desempenho<\/p>\n<hr \/>\n<p>A proposta de Projeto Integrado \u00e9 possibilitar a aprendizagem interdisciplinar dos conte\u00fados<br \/>\ndesenvolvidos nas disciplinas desse semestre.<\/p>\n<p>ATIVIDADES<\/p>\n<p>Tarefa 1<a href=\"http:\/\/portfoliooead.com.br\/\">:<\/a><br \/>\nUma parte fundamental de um computador \u00e9 o processador. Pesquise sobre as arquiteturas de alto<br \/>\ndesempenho:<br \/>\na) Arquitetura de sistema de processamento paralelo<br \/>\nb) Arquiteturas multithreaded<br \/>\nc) Arquiteturas multicore<br \/>\nd) Descreva os mais recentes processadores que est\u00e3o dispon\u00edveis no mercado com no m\u00ednimo:<br \/>\nI. Modelo<br \/>\nII. Frequ\u00eancia<br \/>\nIII. N\u00facleos<br \/>\nIV. Threads<br \/>\nV. Cache<br \/>\nVI. Frequ\u00eancia<br \/>\nVII. Turbo max<\/p>\n<p>Tarefa 2:<br \/>\nExistem in\u00fameras institui\u00e7\u00f5es reconhecidas que disponibilizam normas para permitir o<br \/>\nplanejamento, desenvolvimento e controle da qualidade, inclusive espec\u00edficas para softwares.<br \/>\nDescreva as caracter\u00edsticas do modelo de qualidade MPS.BR, al\u00e9m disso, escolha um n\u00edvel de<br \/>\nmaturidade deste modelo para descrever sobre as melhorias que este n\u00edvel prop\u00f5e.<\/p>\n<p>PROJETO INTEGRADO<\/p>\n<p>Tarefa 3:<br \/>\nUma das tecnologias mais populares que temos atualmente \u00e9 o uso de cont\u00eaineres para a execu\u00e7\u00e3o<br \/>\nde sistemas dos mais variados tipos. Isso ocorre devido \u00e0 facilidade e \u00e0 flexibilidade que adv\u00eam do<br \/>\nuso deles. O cont\u00eainer funciona como uma tecnologia que d\u00e1 o suporte para o funcionamento de<br \/>\numa aplica\u00e7\u00e3o e pode ser considerado a emula\u00e7\u00e3o de nossa aplica\u00e7\u00e3o. Quando a aplica\u00e7\u00e3o \u00e9<br \/>\nexecutada atrav\u00e9s de um cont\u00eainer, ela tem todas as bibliotecas e os elementos necess\u00e1rios para o<br \/>\nfuncionamento dispon\u00edveis dentro do cont\u00eainer.<br \/>\nUma das plataformas mais comuns para este fim \u00e9 o Docker! Por\u00e9m, n\u00e3o \u00e9 a \u00fanica. Sendo assim,<br \/>\nrealiza uma pesquisa sobre alguma outra plataformas utilizadas para trabalhar com conteineriza\u00e7\u00e3o<br \/>\nem sistemas distribu\u00eddos. Cite suas principais caracter\u00edsticas e vantagens de sua utiliza\u00e7\u00e3o.<\/p>\n<p>Tarefa 4:<\/p>\n<p>Conforme artigo\u00a0<a href=\"https:\/\/www.gta.ufrj.br\/grad\/15_1\/rfid\/segurepriv.html\" rel=\"nofollow\">https:\/\/www.gta.ufrj.br\/grad\/15_1\/rfid\/segurepriv.html<\/a>\u00a0&lt;acesso em 16dez21&gt;,<br \/>\nUma caracter\u00edstica da tecnologia RFID, tem como uma de suas vantagens, a capacidade de<br \/>\ntransmiss\u00e3o e armazenamento de um grande n\u00famero de informa\u00e7\u00f5es. Contudo, esse \u00e9 um dos<br \/>\nprincipais fatores que pode deixar o sistema vulner\u00e1vel em rela\u00e7\u00e3o \u00e0 seguran\u00e7a e \u00e0 privacidade.<br \/>\nDessa forma, busca-se por um sistema \u00e0 prova de intercepta\u00e7\u00f5es, garantindo a autenticidade dos<br \/>\nusu\u00e1rios, a privacidade das mensagens e a integridade dos dados.<br \/>\nContudo, ainda h\u00e1 muitos tipos de falhas relacionadas \u00e0 seguran\u00e7a envolvendo a radiofrequ\u00eancia:<br \/>\nA) Intercepta\u00e7\u00e3o: as etiquetas podem ser lidas por qualquer leitor compat\u00edvel, inclusive de um<br \/>\nusu\u00e1rio mal-intencionado, o qual ter\u00e1 acesso a informa\u00e7\u00f5es pessoais.<br \/>\nB) Rastreamento: etiquetas colocadas em pertences de indiv\u00edduos podem ser rastreadas e<br \/>\nmonitoradas, gerando problemas de privacidade.<br \/>\nC) Clonagem: utiliza\u00e7\u00e3o de uma etiqueta clonada para se comunicar com o leitor original e, assim,<br \/>\nconseguir acesso ao sistema.<br \/>\nD) Altera\u00e7\u00e3o de conte\u00fado: a transmiss\u00e3o realizada entre a etiqueta e o leitor pode ser interceptada<br \/>\ne alterada por um dispositivo.<\/p>\n<p>PROJETO INTEGRADO<\/p>\n<p>E) Nega\u00e7\u00e3o de servi\u00e7os: a comunica\u00e7\u00e3o entre a etiqueta e o leitor pode ser interrompida de v\u00e1rias<br \/>\nformas no meio de uma transmiss\u00e3o e dados incompletos ser\u00e3o registrados no sistema.<br \/>\nTendo essas informa\u00e7\u00f5es, pesquise e escreva duas defini\u00e7\u00f5es das propriedades fundamentais da<br \/>\nseguran\u00e7a da informa\u00e7\u00e3o (CID) e correlacione com as nossas pulseiras e d\u00ea uma sugest\u00e3o de como<br \/>\nvoc\u00ea resolveria essas falhas (A,B,C,D, e E) citadas acima.<br \/>\nPara essa sugest\u00e3o voc\u00ea pode pesquisar na internet e usar sua imagina\u00e7\u00e3o.<\/p>\n<div class=\"elementor-toggle-item\">\n<h4 id=\"elementor-tab-title-1941\" class=\"elementor-tab-title elementor-active\" tabindex=\"0\" role=\"tab\" data-tab=\"1\" aria-controls=\"elementor-tab-content-1941\" aria-expanded=\"true\" aria-selected=\"true\">Como funciona?<\/h4>\n<div id=\"elementor-tab-content-1941\" class=\"elementor-tab-content elementor-clearfix elementor-active\" role=\"tabpanel\" data-tab=\"1\" aria-labelledby=\"elementor-tab-title-1941\">\n<p>Elaboramos os portf\u00f3lios, j\u00e1 deixamos prontos, nas normas da ABNT e conforme os requisitos da universidade. F\u00e1cil assim! O MELHOR \u00c9 QUE VOC\u00ca COMPRA E J\u00c1 BAIXA NA HORA O SEU ARQUIVO EM WORD! Sabemos que conciliar trabalho, fam\u00edlia, vida profissional e estudos \u00e9 dif\u00edcil hoje em dia, por isso, estamos aqui para ajudar voc\u00ea. Conte com nossa qualidade, experi\u00eancia e profissionalismo adquirindo seu portf\u00f3lio conosco. GARANTIMOS SEU CONCEITO!<\/p>\n<p><span style=\"color: #000000; font-size: 18px; font-weight: bold;\">Como se realizam os envios?<\/span><\/p>\n<\/div>\n<\/div>\n<div class=\"elementor-toggle-item\">\n<div id=\"elementor-tab-content-1942\" class=\"elementor-tab-content elementor-clearfix elementor-active\" role=\"tabpanel\" data-tab=\"2\" aria-labelledby=\"elementor-tab-title-1942\">O seu trabalho \u00e9 disponibilizado pronto, respondido e nas normas j\u00e1 na mesma hora aqui em nosso site na sua \u00e1rea de downloads e tamb\u00e9m no seu e-mail.<\/div>\n<div role=\"tabpanel\" data-tab=\"2\" aria-labelledby=\"elementor-tab-title-1942\"><\/div>\n<div role=\"tabpanel\" data-tab=\"2\" aria-labelledby=\"elementor-tab-title-1942\"><span style=\"color: #000000; font-size: 18px; font-weight: bold;\">Quais formas de pagamento para realizar minha compra?<\/span><\/div>\n<\/div>\n<div class=\"elementor-toggle-item\">\n<div id=\"elementor-tab-content-1943\" class=\"elementor-tab-content elementor-clearfix elementor-active\" role=\"tabpanel\" data-tab=\"3\" aria-labelledby=\"elementor-tab-title-1943\">\n<p>Dispomos dos seguintes meios de pagamento PIX, Cart\u00f5es de Cr\u00e9dito e Boleto\u00a0 \u00a0<img decoding=\"async\" class=\"alignnone wp-image-761\" src=\"http:\/\/portifolioos-prontos.com\/wp-content\/uploads\/2022\/04\/portfolio-unopar-pronto-producao-textual-interdisciplinar-300x107.webp\" sizes=\"(max-width: 140px) 100vw, 140px\" srcset=\"https:\/\/portifolioos-prontos.com\/wp-content\/uploads\/2022\/04\/portfolio-unopar-pronto-producao-textual-interdisciplinar-300x107.webp 300w, https:\/\/portifolioos-prontos.com\/wp-content\/uploads\/2022\/04\/PIX-1024x364.webp 1024w, https:\/\/portifolioos-prontos.com\/wp-content\/uploads\/2022\/04\/PIX-768x273.webp 768w, https:\/\/portifolioos-prontos.com\/wp-content\/uploads\/2022\/04\/PIX-370x131.webp 370w, https:\/\/portifolioos-prontos.com\/wp-content\/uploads\/2022\/04\/PIX-600x213.webp 600w, https:\/\/portifolioos-prontos.com\/wp-content\/uploads\/2022\/04\/portfolio-unopar-pronto-producao-textual-interdisciplinar.webp 1200w\" alt=\"Portfolio pronto,portifolio pronto,portf\u00f3lio pronto,portifolios prontos,portif\u00f3lios prontos,portf\u00f3lio pronto unopar,portifolio pronto unopar,portif\u00f3lio pronto unopar,portifolios prontos unopar,portifolios prontos anhanguera,portf\u00f3lios prontos anhanguera,portf\u00f3lio pronto anhanguera,pti unopar,ptg unopar,modelo de portf\u00f3lio unopar,modelo de portf\u00f3lio anhanguera,como fazer um portf\u00f3lio para faculdade,como faz portf\u00f3lio universidade,como faz portf\u00f3lios para universidade,portf\u00f3lios prontos para universidade,portf\u00f3lios pronto para faculdade,portf\u00f3lio pronto para editar,portifolios prontos para editar,portf\u00f3lio em word,portfolio em word,portf\u00f3lio em word para editar,portifolio em word para editar,portfolio unopar pronto para editar,modelo de portfolio para unopar,modelo de portif\u00f3lio para unopar,modelo de portf\u00f3lio para unopar,unopar portf\u00f3lio pronto,anhanguera portf\u00f3lio pronto,portf\u00f3lio em word pronto,comprar portf\u00f3lio pronto,como fazer um portf\u00f3lio,como fazer portf\u00f3lio digital,portfolio,portf\u00f3lio,portifolio,portif\u00f3lio,portf\u00f3lio interdisciplinar individual,portfolio interdisciplinar individual,exemplos de portf\u00f3lio para faculdade,baixar portf\u00f3lio pronto,portf\u00f3lio acad\u00eamico,portf\u00f3lio online,portfoliooead,portfolio ead,portf\u00f3lio pronto interdisciplinar individual,relat\u00f3rio de est\u00e1gio unopar,relat\u00f3rio de est\u00e1gio pronto unopar,como criar um portf\u00f3lio,o que \u00e9 um portf\u00f3lio e como fazer,portfolio exemplo,modelo de portfolio acad\u00eamico,relat\u00f3rio de est\u00e1gio gest\u00e3o escolar pronto unopar,portf\u00f3lio como fazer,prova profici\u00eancia unopar,portfolio individual est\u00e1gio curricular obrigat\u00f3rio ii anos iniciais do ensino fundamental,prova de profici\u00eancia pedagogia unopar,capa de trabalho unopar para editar,portf\u00f3lio acad\u00eamico unopar,como fazer um portf\u00f3lio acad\u00eamico,portf\u00f3lio exemplos word,portfolio acad\u00eamico,portfolio individual,portfolio individual unopar,portfolio individual anhanguera,portfolio marketing digital,portf\u00f3lio educa\u00e7\u00e3o f\u00edsica unopar,portf\u00f3lio gest\u00e3o educacional e espa\u00e7os n\u00e3o escolares,como fazer um portifolio unopar,modelo de portf\u00f3lio unopar em arquivo word,capa de portf\u00f3lio de pedagogia,como fazer um portf\u00f3lio no word,projeto integrado unopar,exemplo de portf\u00f3lio academico pedagogia\" width=\"109\" height=\"39\" \/>\u00a0\u00a0<img decoding=\"async\" class=\"\" src=\"https:\/\/d26lpennugtm8s.cloudfront.net\/assets\/common\/img\/logos\/payment\/visa@2x.png\" width=\"68\" height=\"43\" \/><img decoding=\"async\" class=\"\" src=\"https:\/\/d26lpennugtm8s.cloudfront.net\/assets\/common\/img\/logos\/payment\/boleto@2x.png\" width=\"65\" height=\"41\" \/><img loading=\"lazy\" decoding=\"async\" class=\"\" src=\"https:\/\/d26lpennugtm8s.cloudfront.net\/assets\/common\/img\/logos\/payment\/mastercard@2x.png\" width=\"62\" height=\"39\" \/><img loading=\"lazy\" decoding=\"async\" class=\"\" src=\"https:\/\/d26lpennugtm8s.cloudfront.net\/assets\/common\/img\/logos\/payment\/amex@2x.png\" width=\"62\" height=\"39\" \/><img loading=\"lazy\" decoding=\"async\" class=\"\" src=\"https:\/\/d26lpennugtm8s.cloudfront.net\/assets\/common\/img\/logos\/payment\/diners@2x.png\" width=\"60\" height=\"38\" \/><img loading=\"lazy\" decoding=\"async\" class=\"\" src=\"https:\/\/d26lpennugtm8s.cloudfront.net\/assets\/common\/img\/logos\/payment\/br\/elo@2x.png\" width=\"60\" height=\"38\" \/><img loading=\"lazy\" decoding=\"async\" class=\"\" src=\"https:\/\/d26lpennugtm8s.cloudfront.net\/assets\/common\/img\/logos\/payment\/br\/hipercard@2x.png\" width=\"65\" height=\"41\" \/><img loading=\"lazy\" decoding=\"async\" class=\"\" src=\"https:\/\/d26lpennugtm8s.cloudfront.net\/assets\/common\/img\/logos\/payment\/mercadopago@2x.png\" width=\"67\" height=\"42\" \/><\/p>\n<p><span style=\"color: #000000; font-size: 18px; font-weight: bold;\">Em quanto tempo recebo o portf\u00f3lio?<\/span><\/p>\n<\/div>\n<\/div>\n<div class=\"elementor-toggle-item\">\n<div id=\"elementor-tab-content-1944\" class=\"elementor-tab-content elementor-clearfix elementor-active\" role=\"tabpanel\" data-tab=\"4\" aria-labelledby=\"elementor-tab-title-1944\">\n<p>Os envios s\u00e3o imediatos. Ap\u00f3s sua compra, o trabalho j\u00e1 \u00e9 disponibilizado instantaneamente aqui em nosso site e no seu e-mail.<\/p>\n<p><span style=\"color: #000000; font-size: 18px; font-weight: bold;\">E se o portf\u00f3lio que comprei precisar de corre\u00e7\u00e3o?<\/span><\/p>\n<\/div>\n<\/div>\n<div class=\"elementor-toggle-item\">\n<div id=\"elementor-tab-content-1945\" class=\"elementor-tab-content elementor-clearfix elementor-active\" role=\"tabpanel\" data-tab=\"5\" aria-labelledby=\"elementor-tab-title-1945\">\n<p>Caso haja alguma solicita\u00e7\u00e3o de corre\u00e7\u00e3o\/altera\u00e7\u00e3o por parte do tutor, basta entrar em contato conosco pelo\u00a0<a href=\"https:\/\/api.whatsapp.com\/send\/?phone=5553984751621&amp;text&amp;app_absent=0\">WhatsApp<\/a> que provid\u00eanciaremos sem custo algum.<\/p>\n<p><span style=\"color: #000000; font-size: 18px; font-weight: bold;\">Qual o formato do arquivo?<\/span><\/p>\n<\/div>\n<\/div>\n<div class=\"elementor-toggle-item\">\n<div id=\"elementor-tab-content-1946\" class=\"elementor-tab-content elementor-clearfix elementor-active\" role=\"tabpanel\" data-tab=\"6\" aria-labelledby=\"elementor-tab-title-1946\">\n<p>Os arquivos s\u00e3o enviados em formato Word e s\u00e3o edit\u00e1veis.<\/p>\n<p><span style=\"color: #000000; font-size: 18px; font-weight: bold;\">Caso eu tiver alguma d\u00favida, terei suporte no p\u00f3s venda?<\/span><\/p>\n<\/div>\n<\/div>\n<div class=\"elementor-toggle-item\">\n<div id=\"elementor-tab-content-1948\" class=\"elementor-tab-content elementor-clearfix elementor-active\" role=\"tabpanel\" data-tab=\"8\" aria-labelledby=\"elementor-tab-title-1948\">\n<p>Sim, com certeza. Basta clicar no \u00edcone do WhatsApp no cantinho da tela. Ser\u00e1 um prazer atend\u00ea-lo(a).<\/p>\n<p><span style=\"color: #000000; font-size: 18px; font-weight: bold;\">Quais os seus canais de contato?<\/span><\/p>\n<\/div>\n<\/div>\n<div class=\"elementor-toggle-item\">\n<div id=\"elementor-tab-content-1949\" class=\"elementor-tab-content elementor-clearfix elementor-active\" role=\"tabpanel\" data-tab=\"9\" aria-labelledby=\"elementor-tab-title-1949\">\n<p><a href=\"https:\/\/api.whatsapp.com\/send\/?phone=5553984751621&amp;text&amp;app_absent=0\">Whatsapp: 53 984751621 \u2013 Clicar no canto da tela.<\/a><\/p>\n<p>E-mail:portifoliosp@gmail.com<\/p>\n<\/div>\n<\/div>\n","protected":false},"excerpt":{"rendered":"<p>Projeto Integrado cursos da \u00e1rea de Ti: Arquiteturas de alto desempenho A proposta de Projeto Integrado \u00e9 possibilitar a aprendizagem interdisciplinar dos conte\u00fados desenvolvidos nas disciplinas desse semestre. ATIVIDADES Tarefa 1: Uma parte fundamental de um computador \u00e9 o processador. Pesquise sobre as arquiteturas de alto desempenho: a) Arquitetura de sistema de processamento paralelo b)&hellip;<\/p>\n","protected":false},"featured_media":3645,"template":"","meta":{"_seopress_robots_primary_cat":"none","_seopress_titles_title":"","_seopress_titles_desc":"","_seopress_robots_index":""},"product_cat":[58],"product_tag":[],"class_list":{"0":"post-2392","1":"product","2":"type-product","3":"status-publish","4":"has-post-thumbnail","6":"product_cat-cursos-de-t-i","8":"first","9":"instock","10":"downloadable","11":"virtual","12":"purchasable","13":"product-type-simple","14":"col-xs-6 col-sm-4","15":"col-mf-5","16":"un-5-cols"},"jetpack_sharing_enabled":true,"_links":{"self":[{"href":"https:\/\/portifolioos-prontos.com\/index.php\/wp-json\/wp\/v2\/product\/2392","targetHints":{"allow":["GET"]}}],"collection":[{"href":"https:\/\/portifolioos-prontos.com\/index.php\/wp-json\/wp\/v2\/product"}],"about":[{"href":"https:\/\/portifolioos-prontos.com\/index.php\/wp-json\/wp\/v2\/types\/product"}],"version-history":[{"count":0,"href":"https:\/\/portifolioos-prontos.com\/index.php\/wp-json\/wp\/v2\/product\/2392\/revisions"}],"wp:featuredmedia":[{"embeddable":true,"href":"https:\/\/portifolioos-prontos.com\/index.php\/wp-json\/wp\/v2\/media\/3645"}],"wp:attachment":[{"href":"https:\/\/portifolioos-prontos.com\/index.php\/wp-json\/wp\/v2\/media?parent=2392"}],"wp:term":[{"taxonomy":"product_cat","embeddable":true,"href":"https:\/\/portifolioos-prontos.com\/index.php\/wp-json\/wp\/v2\/product_cat?post=2392"},{"taxonomy":"product_tag","embeddable":true,"href":"https:\/\/portifolioos-prontos.com\/index.php\/wp-json\/wp\/v2\/product_tag?post=2392"}],"curies":[{"name":"wp","href":"https:\/\/api.w.org\/{rel}","templated":true}]}}