{"id":23934,"date":"2024-03-08T16:38:49","date_gmt":"2024-03-08T19:38:49","guid":{"rendered":"https:\/\/portifolioos-prontos.com\/?post_type=product&#038;p=23934"},"modified":"2024-10-18T09:24:41","modified_gmt":"2024-10-18T12:24:41","slug":"atividade-pratica-neuroanatomofisiologia","status":"publish","type":"product","link":"https:\/\/portifolioos-prontos.com\/index.php\/product\/atividade-pratica-neuroanatomofisiologia\/","title":{"rendered":"Atividade pr\u00e1tica Neuroanatomofisiologia"},"content":{"rendered":"<p><a href=\"http:\/\/portifolioos-prontos.com\">ATIVIDADE PR\u00c1TICA NEUROANATOMOFISIOLOGIA<\/a><br \/>\nOBJETIVOS<br \/>\n\u2022 A proposta desta atividade pr\u00e1tica est\u00e1 amparada nos seguintes objetivos:<br \/>\n\u2013 conhecer e aprender a manusear a interface do sistema de aprendizagem das<br \/>\nestruturas anat\u00f4micas, atrav\u00e9s da base OVID.<br \/>\n\u2013 conhecer e identificar as estruturas anat\u00f4micas relacionadas a<br \/>\nneuroanatomofisiologia do aparelho locomotor humano, que envovem as estruturas dos<br \/>\nsistemas nervoso central e perif\u00e9rico, sistema muscular e esquel\u00e9tico.<br \/>\n\u2013 realizar pesquisas em refer\u00eancias bibliogr\u00e1ficas nos livros dispon\u00edveis da biblioteca<br \/>\nvirtual sobre estruturas anat\u00f4micas relacionadas a\u00a0<a href=\"http:\/\/portfolio-pronto.com\">neuroanatomofisiologia<\/a>.<br \/>\nRECURSOS<br \/>\n\u2022 Computador com acesso \u00e0 internet e ao ambiente virtual.<br \/>\nPROCEDIMENTOS PR\u00c1TICOS<br \/>\nAtividades propostas<br \/>\n\u2022 Identifica\u00e7\u00e3o das estruturas anat\u00f4micas relacionadas \u00e0 neuroanatomofisiologia do<br \/>\naparelho locomotor ao utilizar a base OVID.<br \/>\n\u2013 Sistema nervoso central<br \/>\n\u2013 Sistema nervoso perif\u00e9rico<br \/>\n\u2013 Sistema muscular<br \/>\n\u2013 Sistema \u00f3sseo<br \/>\n\u2022 Pesquisa bibliog\u00e1fica em atlas de anatomia e fisiologia humana por meio da<br \/>\nbiblioteca virtual.<br \/>\n\u2022 Produ\u00e7\u00e3o textual sobre o conte\u00fado referente \u00e0 neuroanatomofisiologia.<br \/>\nProcedimentos para a realiza\u00e7\u00e3o da atividade<br \/>\n1) ETAPA 1<br \/>\n\u2022 Voc\u00ea dever\u00e1 realizar a identifica\u00e7\u00e3o e observa\u00e7\u00e3o das principais estruturas<br \/>\nanat\u00f4micas. Para este procedimento, voc\u00ea dever\u00e1 utilizar o Software OVID (Wolters<br \/>\nKluwer) dispon\u00edvel na Biblioteca Virtual. Para cada estrutura anat\u00f4mica identificada,<br \/>\nvoc\u00ea dever\u00e1 estabelecer a rela\u00e7\u00e3o com suas fun\u00e7\u00f5es fisiol\u00f3gicas. Assim, devem ser<br \/>\nseguidos os seguintes passos:<br \/>\n\u2013 Acessar a Biblioteca Virtual (dispon\u00edvel em https:\/\/biblioteca-virtual.com\/) e efetuar o<br \/>\nlogin;<br \/>\n\u2013 Clicar em \u201cWolters Kluwer\u201c;<br \/>\n\u2013 Clicar em \u201cOVID \u2013 Human Anatomy Atlas\u201d;<br \/>\n\u2013 Clicar em \u201cHuman Anatomy Atlas\u201d, na p\u00e1gina com o t\u00edtulo \u201cVisible Body \/ Anatomy<br \/>\nApps From Visible Body\u201d para acessar o software;<br \/>\n\u2013 Clicar em \u201cLaunch Human Anatomy Atlas\u201d, na p\u00e1gina com o t\u00edtulo \u201cHuman Anatomy<br \/>\nAtlas 2021\u201d para acessar o atlas digital;<br \/>\n\u2013 A seguir, selecionar \u201cViews\u201d ou \u201cMedia\u201d no menu superior, dependendo da atividade<br \/>\nsolicitada no roteiro, e na aba \u201cSystems\u201d para acesso aos diferentes sistemas do corpo<br \/>\nhumano.<br \/>\n\u2013 Orienta\u00e7\u00f5es sobre este tema, acesse o link a seguir:<br \/>\nhttps:\/\/mdstrm.com\/embed\/62bddb131aa21f083497d438<br \/>\nAp\u00f3s realizar todos os procedimentos descritos anteriormente, voc\u00ea dever\u00e1 acessar a<br \/>\nbase OVID para explorar e identificar as estruturas anat\u00f4micas relacionadas \u00e0<br \/>\nneuroanatomofisioligia do aparelhor locomotor, descritas a seguir.<br \/>\nSISTEMA NERVOSO CENTRAL<br \/>\n\u2022 Identificar e reconhecer as principais estruturas anat\u00f4micas do sistema nervoso<br \/>\ncentral. Em Systems, buscar o \u00edcone Nervous System Views (Vista do Sistema Nervoso).<br \/>\nAcessar op\u00e7\u00e3o 1 (Nervous System). Com o cursor, clicar sobre cada uma das seguintes<br \/>\nestruturas para identifica\u00e7\u00e3o e an\u00e1lise:<br \/>\n\u2013 Enc\u00e9falo [c\u00e9rebro (cortex cerebral e telenc\u00e9falo), dienc\u00e9falo (t\u00e1lamo e hipot\u00e1lamo)<br \/>\ntronco encef\u00e1lico (mesenc\u00e9falo, ponte e bulbo), cerebelo (verne cerebelar e emisf\u00e9rios<br \/>\ncerebelares];<br \/>\n\u2013 Corpo caloso<br \/>\n\u2013 Medula espinhal<br \/>\n\u2013 Cone medular<br \/>\n\u2013 Caldequina<br \/>\n\u2013 Meninges (dura-mater, aracn\u00f3ide e pia-mater)<br \/>\nAcesse o v\u00eddeo de orienta\u00e7\u00e3o atraves do link:<br \/>\nhttps:\/\/mdstrm.com\/embed\/62bdd99fcd0ed62823295fc3<br \/>\nClicar em \u201cMenu\u201d para retornar a aba \u201cSystem\u201d para a realiza\u00e7\u00e3o do pr\u00f3ximo<br \/>\nprocedimento;<br \/>\nSISTEMA NERVOSO PERIF\u00c9RICO<br \/>\n\u2022 Identificar e reconhecer: sistema nervoso perif\u00e9rico. Em Systems, buscar o \u00edcone<br \/>\nNervous System Views (Vista do Sistema Nervoso). Acessar op\u00e7\u00e3o 1 (Nervous System).<br \/>\nObservar os diferentes nervos distribu\u00eddos pelo corpo humano, conforme apresentado<br \/>\nno v\u00eddeo da aula pr\u00e1tica.<br \/>\n\u2013 Nervos espinhais<br \/>\n\u2013 Plexo Cervical (C1 \u2013 C5)<br \/>\n\u2013 Plexo Braquial (C5 \u2013 T1)<br \/>\n\u2013 Nervos tor\u00e1cicos (T2 \u2013 T12)<br \/>\n\u2013 Plexo Lombar (L1 \u2013 L4)<br \/>\n\u2013 Plexo Sacral (L5 \u2013 S4)<br \/>\n\u2013 Plexo Cocc\u00edgeno<br \/>\n\u2013 Assitir v\u00eddeo ilustrativo. Acessar no menu superior a op\u00e7\u00e3o \u201cMedia\u201d e na aba \u201cPatient<br \/>\nEducation Animations\u201d procure a op\u00e7\u00e3o \u201cNutritional and Elimination\u201d, clique na op\u00e7\u00e3o \u201c8.<br \/>\nPeripheral nerve functions\u201d.<br \/>\n\u2013 Assitir v\u00eddeo ilustrativo. Acessar no menu superior a op\u00e7\u00e3o \u201cMedia\u201d e na aba \u201cPatient<br \/>\nEducation Animations\u201d procure a op\u00e7\u00e3o \u201cBones and Skeletal Muscles\u201d, clique na op\u00e7\u00e3o<br \/>\n\u201c9. Involuntary Reflexes\u201d.<br \/>\nAcesse o v\u00eddeo de orienta\u00e7\u00e3o atrav\u00e9s do link:<br \/>\nhttp:\/\/mdstrm.com\/embed\/62bdda8ec8b1700826d5a393<br \/>\nClicar em \u201cMenu\u201d para retornar a aba \u201cSystem\u201d para a realiza\u00e7\u00e3o do pr\u00f3ximo<br \/>\nprocedimento;<br \/>\nSISTEMA \u00d3SSEO<br \/>\n\u2022 Identificar e reconhecer: principais ossos do esqueleto. Acessar Skeletal System<br \/>\nViews, op\u00e7\u00e3o 1 (Full Skeleton). Com o aux\u00edlio do cursor, identificar os seguintes ossos<br \/>\nda cabe\u00e7a, formados por 22 ossos, 8 ossos cranianos e 14 ossos da face.<br \/>\n\u2013 Os ossos do cr\u00e2nio: frontal, dois parietais, dois temporais, occipital, esfen\u00f3ide e<br \/>\netm\u00f3ide.<br \/>\n\u2013 Os ossos da face: dois nasais, duas maxilas, dois zigom\u00e1ticos, mand\u00edbula, dois<br \/>\nlacrimais, dois palatinos, duas conchas nasais inferiores e o v\u00f4mer.<br \/>\n\u2013 Coluna vertebral (v\u00e9rtebras cervicais, v\u00e9rtebras tor\u00e1cicas, v\u00e9rtebras lombares, sacro<br \/>\ne c\u00f3ccix; discos intervertebrais).<br \/>\n\u2013 C\u00edngulo do membro superior: clav\u00edcula e esc\u00e1pula;<br \/>\n\u2013 Membro superior: \u00famero, r\u00e1dio, ulna, ossos do carpo, metacarpos e falanges;<br \/>\n\u2013 Caixa tor\u00e1cica: costelas e esterno;<br \/>\n\u2013 C\u00edngulo dos membros inferiores: ossos do quadril (\u00edlio, p\u00fabis e \u00edsquio) e s\u00ednfise<br \/>\np\u00fabica;<br \/>\n\u2013 Membro inferior: f\u00eamur, t\u00edbia, f\u00edbula, ossos do tarso, metatarsos e falanges.<br \/>\nOrienta\u00e7\u00f5es sobre este tema, acesse o link a seguir:<br \/>\nhttps:\/\/mdstrm.com\/embed\/62bdd8aa1246fb08357593c2<br \/>\nClicar em \u201cMenu\u201d para retornar a aba \u201cSystem\u201d para a realiza\u00e7\u00e3o do pr\u00f3ximo<br \/>\nprocedimento;<br \/>\nSISTEMA MUSCULAR<br \/>\n\u2022 Identificar e reconhecer: principais m\u00fasculos do esqueleto. Acessar \u201cMuscular<br \/>\nSystem Views\u201d, op\u00e7\u00e3o 20 (Muscular system view). Com o aux\u00edlio do cursor, identificar os<br \/>\nseguintes m\u00fasculos:<br \/>\n\u2013 M\u00fasculos da Cabe\u00e7a: occiptofrontal, temporal, pr\u00f3cero, depressor do superc\u00edlio,<br \/>\norbicular dos olhos, nasal, levantador do l\u00e1bio superior, zigom\u00e1tico maior, zigom\u00e1tico<br \/>\nmenor, orbicular da boca, depressor do \u00e2ngulo da boca, depressor do l\u00e1bio inferior,<br \/>\nmasseter;<br \/>\n\u2013 M\u00fasculos do Pesco\u00e7o: platisma, esternocleidomastoideo, levantador da esc\u00e1pula,<br \/>\nespl\u00eanio da cabe\u00e7a e espl\u00eanio do pesco\u00e7o;<br \/>\n\u2013 M\u00fasculos do Tronco: peitoral maior, obl\u00edquo externo, linha alba, reto abdominal,<br \/>\nobl\u00edquo interno, intercostal externo, transverso do abdome, trap\u00e9zio, lat\u00edssimo do dorso,<br \/>\ngl\u00fateo m\u00e1ximo, gl\u00fateo m\u00e9dio, gl\u00fateo m\u00ednimo;<br \/>\n\u2013 M\u00fasculos dos Membros superiores: deltoide, b\u00edceps braquial, braquial, tr\u00edceps<br \/>\nbraquial, braquirradial, pronador redondo, flexo radial do carpo, flexor superficial dos<br \/>\ndedos, extensor dos dedos;<br \/>\n\u2013 M\u00fasculos dos Membros inferiores: sart\u00f3rio, externsor da f\u00e1scia lata, reto femoral,<br \/>\nadutor longo, pect\u00edneo, psoas maior, il\u00edaco, vasto lateral, vasto medial, gr\u00e1cil, tibial<br \/>\nanterior, extensor longo dos dedos, fibular longo, gastrocn\u00eamio, s\u00f3leo, b\u00edceps femoral,<br \/>\nsemitendinoso, semimembran\u00e1ceo.<br \/>\nAcesse o v\u00eddeo de orienta\u00e7\u00e3o atrav\u00e9s do link:<br \/>\nhttps:\/\/mdstrm.com\/embed\/62bdd73bb067590933e80752<br \/>\nClicar em \u201cMenu\u201d para retornar a aba \u201cSystem\u201d para a realiza\u00e7\u00e3o do pr\u00f3ximo<br \/>\nprocedimento;<br \/>\n2) ETAPA 2<br \/>\n\u2022 Ap\u00f3s a identifica\u00e7\u00e3o das estruturas anat\u00f4micas relacionadas \u00e0 neuroanatomia do<br \/>\naparelho locomotor, voc\u00ea dever\u00e1 realizar uma pesquisa sobre os componentes e n\u00edvel<br \/>\nde organiza\u00e7\u00e3o do sistema nervoso, com as estruturas que comp\u00f5e sistema nervoso<br \/>\ncentral e sistema nervoso perif\u00e9rico. Como quest\u00e3o norteadora, pesquise tamb\u00e9m a<br \/>\nrespeito das estruturas relacionadas ao sistema som\u00e1tico (volunt\u00e1rio) e sistema nervovo<br \/>\naut\u00f4nomo (involunt\u00e1rio) e suas fun\u00e7\u00f5es em seres humanos. Para isso, poder\u00e1 acessar<br \/>\na Biblioteca Virtual e buscar os diferentes Atlas e livros de anatomia e fisiologia<br \/>\ndispon\u00edveis.<br \/>\n\u2022 Com as informa\u00e7\u00f5es levantadas no item anterior, agora, voc\u00ea ir\u00e1 aprofundar seus<br \/>\nconhecimentos a respeito do controle neural do movimento atrav\u00e9s da organiza\u00e7\u00e3o do<br \/>\nsistema neuromotor. Voc\u00ea dever\u00e1 pesquisar sobre as caracter\u00edsticas do sistema nervoso<br \/>\nperif\u00e9rico (que consiste em 31 pares de nervos espinhais e 12 pares de nervos<br \/>\ncranianos), sobretudo as estruturas que envolvem a inerva\u00e7\u00e3o do m\u00fasculo, bem como<br \/>\na anatomia da unidade motora, que envolvem a unidade funcional do movimento por<br \/>\nmeio do neur\u00f4nio motor anterior (motoneur\u00f4nio, jun\u00e7\u00e3o neuromuscular, processo de<br \/>\nexcita\u00e7\u00e3o-facilita\u00e7\u00e3o) e fibras musculares espec\u00edficas. Para isso, poder\u00e1 acessar a<br \/>\nBiblioteca Virtual e buscar os diferentes Atlas e livros de anatomia e fisiologia<br \/>\ndispon\u00edveis.<br \/>\n3) ETAPA 3<br \/>\n\u2022 Ap\u00f3s o levantamento de tais informa\u00e7\u00f5es, voc\u00ea dever\u00e1 elaborar e produzir um texto<br \/>\ndissertativo (m\u00ednimo de 2 e m\u00e1ximo de 4 p\u00e1ginas) , que integre e relacione os seguintes<br \/>\npontos levantados:<br \/>\n\u2013 fun\u00e7\u00f5es dos sistemas nervoso central e perif\u00e9rico;<br \/>\n\u2013 papel do sistema nervoso som\u00e1tico na gera\u00e7\u00e3o do movimento volunt\u00e1rio;<br \/>\n\u2013 citar e conceituar os diferentes tipos de estruturas relacionadas \u00e0 unidade motora;<br \/>\n\u2022 Voc\u00ea dever\u00e1 postar o material, contendo:<br \/>\n\u27a2 Introdu\u00e7\u00e3o: Apresenta\u00e7\u00e3o dos objetivos da pr\u00e1tica.<br \/>\n\u27a2 Desenvolvimento: Apresenta\u00e7\u00e3o dos conte\u00fados da pesquisa.<br \/>\n\u27a2 Considera\u00e7\u00f5es finais: Para a finaliza\u00e7\u00e3o do texto, deve ser feita uma retomada do<br \/>\ntema com a s\u00edntese da discuss\u00e3o proposta.<br \/>\n\u27a2 Refer\u00eancias: citar as fontes bibliogr\u00e1ficas utilizadas conforne norma vigente da ABNT.<br \/>\nResumo geral do roteiro da aula pr\u00e1tica.<br \/>\n\u2022 Realizar cada atividade conforme solicitado no roteiro;<br \/>\n\u2022 Ao finalizar as atividades propostas, salvar o arquivo em formato word;<br \/>\n\u2022 Enviar o arquivo com identifica\u00e7\u00e3o (nome, curso, polo e semestre) para avalia\u00e7\u00e3o.<br \/>\nObs.:<br \/>\nImportante: O trabalho deve ser enviado em formato Word. N\u00e3o ser\u00e3o aceitos, sob<br \/>\nnenhuma hip\u00f3tese, trabalhos enviados em PDF. E n\u00e3o ser\u00e3o aceitos conte\u00fados textuais<br \/>\nidentificados como pl\u00e1gio.<br \/>\nChecklist<br \/>\n\u2022 Principais etapas para a completude da atividade pr\u00e1tica:<br \/>\n\u2013 Acessar a base OVID na Biblioteca Virtual;<br \/>\n\u2013 Acessar as imagens e v\u00eddeos, conforme indicado no roteiro, para identifica\u00e7\u00e3o e<br \/>\nobserva\u00e7\u00e3o das estruturas anat\u00f4micas presentes nos diferentes sistemas do corpo<br \/>\nhumano;<br \/>\n\u2013 Pesquisar livros de anatomia e fisiologia dispon\u00edveis na biblioteca virtual para<br \/>\ndesenvolvimento de assuntos previamente orientados.<br \/>\n\u2013 Produ\u00e7\u00e3o de texto relacionado ao tema proposto.<br \/>\nRESULTADO<br \/>\nEntrega de um arquivo formato word que contemple todas as etapas da atividade<br \/>\npr\u00e1tica proposta, conforme apresentado no checklist<\/p>\n<div class=\"elementor-toggle-item\">\n<h4 id=\"elementor-tab-title-1941\" class=\"elementor-tab-title elementor-active\" tabindex=\"0\" role=\"tab\" data-tab=\"1\" aria-controls=\"elementor-tab-content-1941\" aria-expanded=\"true\" aria-selected=\"true\">Como funciona?<\/h4>\n<div id=\"elementor-tab-content-1941\" class=\"elementor-tab-content elementor-clearfix elementor-active\" role=\"tabpanel\" data-tab=\"1\" aria-labelledby=\"elementor-tab-title-1941\">\n<p>Elaboramos os portf\u00f3lios, j\u00e1 deixamos prontos, nas normas da ABNT e conforme os requisitos da universidade. F\u00e1cil assim! O MELHOR \u00c9 QUE VOC\u00ca COMPRA E J\u00c1 BAIXA NA HORA O SEU ARQUIVO EM WORD! Sabemos que conciliar trabalho, fam\u00edlia, vida profissional e estudos \u00e9 dif\u00edcil hoje em dia, por isso, estamos aqui para ajudar voc\u00ea. Conte com nossa qualidade, experi\u00eancia e profissionalismo adquirindo seu portf\u00f3lio conosco. GARANTIMOS SEU CONCEITO!<\/p>\n<h4>Como se realizam os envios?<\/h4>\n<\/div>\n<\/div>\n<div class=\"elementor-toggle-item\">\n<div id=\"elementor-tab-content-1942\" class=\"elementor-tab-content elementor-clearfix elementor-active\" role=\"tabpanel\" data-tab=\"2\" aria-labelledby=\"elementor-tab-title-1942\">O seu trabalho \u00e9 disponibilizado pronto, respondido e nas normas j\u00e1 na mesma hora aqui em nosso site na sua \u00e1rea de downloads e tamb\u00e9m no seu e-mail.<\/div>\n<\/div>\n<div class=\"elementor-toggle-item\">\n<div id=\"elementor-tab-content-1943\" class=\"elementor-tab-content elementor-clearfix elementor-active\" role=\"tabpanel\" data-tab=\"3\" aria-labelledby=\"elementor-tab-title-1943\">\n<h4>Em quanto tempo recebo o portf\u00f3lio?<\/h4>\n<\/div>\n<\/div>\n<div class=\"elementor-toggle-item\">\n<div id=\"elementor-tab-content-1944\" class=\"elementor-tab-content elementor-clearfix elementor-active\" role=\"tabpanel\" data-tab=\"4\" aria-labelledby=\"elementor-tab-title-1944\">\n<p>Os envios s\u00e3o imediatos. Ap\u00f3s sua compra, o trabalho j\u00e1 \u00e9 disponibilizado instantaneamente aqui em nosso site e no seu e-mail.<\/p>\n<h4>E se o portf\u00f3lio que comprei precisar de corre\u00e7\u00e3o?<\/h4>\n<\/div>\n<\/div>\n<div class=\"elementor-toggle-item\">\n<div id=\"elementor-tab-content-1945\" class=\"elementor-tab-content elementor-clearfix elementor-active\" role=\"tabpanel\" data-tab=\"5\" aria-labelledby=\"elementor-tab-title-1945\">\n<p>Caso haja alguma solicita\u00e7\u00e3o de corre\u00e7\u00e3o\/altera\u00e7\u00e3o por parte do tutor, basta entrar em contato conosco pelo\u00a0WhatsApp\u00a0que provid\u00eanciaremos sem custo algum.<\/p>\n<h4>Qual o formato do arquivo?<\/h4>\n<\/div>\n<\/div>\n<div class=\"elementor-toggle-item\">\n<div id=\"elementor-tab-content-1946\" class=\"elementor-tab-content elementor-clearfix elementor-active\" role=\"tabpanel\" data-tab=\"6\" aria-labelledby=\"elementor-tab-title-1946\">\n<p>Os arquivos s\u00e3o enviados em formato Word e s\u00e3o edit\u00e1veis.<\/p>\n<h4>Caso eu tiver alguma d\u00favida, terei suporte no p\u00f3s venda?<\/h4>\n<\/div>\n<\/div>\n<div class=\"elementor-toggle-item\">\n<div id=\"elementor-tab-content-1948\" class=\"elementor-tab-content elementor-clearfix elementor-active\" role=\"tabpanel\" data-tab=\"8\" aria-labelledby=\"elementor-tab-title-1948\">\n<p>Sim, com certeza. Basta clicar no \u00edcone do WhatsApp no cantinho da tela. Ser\u00e1 um prazer atend\u00ea-lo(a).<\/p>\n<div class=\"elementor-toggle-item\">\n<div id=\"elementor-tab-content-1948\" class=\"elementor-tab-content elementor-clearfix elementor-active\" role=\"tabpanel\" data-tab=\"8\" aria-labelledby=\"elementor-tab-title-1948\">\n<h4>Quais os seus canais de contato?<\/h4>\n<\/div>\n<\/div>\n<div class=\"elementor-toggle-item\">\n<div id=\"elementor-tab-content-1949\" class=\"elementor-tab-content elementor-clearfix elementor-active\" role=\"tabpanel\" data-tab=\"9\" aria-labelledby=\"elementor-tab-title-1949\">\n<p>Whatsapp: 53 984751621 \u2013 Clicar no canto da tela ou ESCANEIE O QRCODE ABAIXO<\/p>\n<h4><img decoding=\"async\" class=\"alignnone wp-image-13699 jetpack-lazy-image jetpack-lazy-image--handled\" src=\"https:\/\/i0.wp.com\/portifolioos-prontos.com\/wp-content\/uploads\/2023\/02\/whatsapp-business-projeto-de-extensao-300x300.jpeg?resize=144%2C144\" sizes=\"(max-width: 144px) 100vw, 144px\" srcset=\"https:\/\/i0.wp.com\/portifolioos-prontos.com\/wp-content\/uploads\/2023\/02\/whatsapp-business-projeto-de-extensao.jpeg?resize=300%2C301&amp;ssl=1 300w, https:\/\/i0.wp.com\/portifolioos-prontos.com\/wp-content\/uploads\/2023\/02\/whatsapp-business-projeto-de-extensao.jpeg?resize=150%2C150&amp;ssl=1 150w, https:\/\/i0.wp.com\/portifolioos-prontos.com\/wp-content\/uploads\/2023\/02\/whatsapp-business-projeto-de-extensao.jpeg?resize=370%2C372&amp;ssl=1 370w, https:\/\/i0.wp.com\/portifolioos-prontos.com\/wp-content\/uploads\/2023\/02\/whatsapp-business-projeto-de-extensao.jpeg?resize=100%2C100&amp;ssl=1 100w, https:\/\/i0.wp.com\/portifolioos-prontos.com\/wp-content\/uploads\/2023\/02\/whatsapp-business-projeto-de-extensao.jpeg?w=470&amp;ssl=1 470w\" alt=\"projeto de extens\u00e3o unopar\" width=\"144\" height=\"144\" data-lazy-loaded=\"1\" \/><\/h4>\n<\/div>\n<\/div>\n<\/div>\n<\/div>\n<div class=\"elementor-toggle-item\">\n<div id=\"elementor-tab-content-1949\" class=\"elementor-tab-content elementor-clearfix elementor-active\" role=\"tabpanel\" data-tab=\"9\" aria-labelledby=\"elementor-tab-title-1949\">\n<p>E-mail:portifoliosp@gmail.com<\/p>\n<div id=\"attachment_143\" class=\"wp-caption alignnone\">\n<div id=\"attachment_143\" class=\"wp-caption alignnone\" style=\"width: 123px;\">\n<p><a href=\"http:\/\/portifolioos-prontos.com\/\"><img decoding=\"async\" class=\"wp-image-143 jetpack-lazy-image jetpack-lazy-image--handled\" title=\"portfolio pronto unopar\" src=\"https:\/\/i0.wp.com\/portifolioos-prontos.com\/wp-content\/uploads\/2022\/04\/conceitomaximo.png?resize=161%2C46\" alt=\"PORTFOLIO PRONTO UNOPAR ANHANGUERA\" width=\"123\" height=\"36\" aria-describedby=\"caption-attachment-143\" data-lazy-loaded=\"1\" \/><\/a><\/p>\n<p id=\"caption-attachment-143\" class=\"wp-caption-text\">Portf\u00f3lio em Word, respondido, completo e j\u00e1 nas normas.<\/p>\n<\/div>\n<\/div>\n<\/div>\n<\/div>\n","protected":false},"excerpt":{"rendered":"<div class=\"product-short-description\">\n<h5><strong>Pague pelo PIX ou cart\u00e3o e fa\u00e7a o download agora mesmo.<\/strong><\/h5>\n<\/div>\n<div class=\"sticky-add-to-cart-wrapper\">\n<div class=\"sticky-add-to-cart\">\n<div class=\"quantity buttons_added form-flat\"><img decoding=\"async\" class=\"alignnone wp-image-761\" src=\"http:\/\/portifolioos-prontos.com\/wp-content\/uploads\/2022\/04\/PIX-300x107.webp\" alt=\"\" width=\"78\" height=\"28\" \/>\u00a0\u00a0<img loading=\"lazy\" decoding=\"async\" class=\"\" src=\"https:\/\/d26lpennugtm8s.cloudfront.net\/assets\/common\/img\/logos\/payment\/visa@2x.png\" width=\"46\" height=\"29\" \/><img loading=\"lazy\" decoding=\"async\" class=\"\" src=\"https:\/\/d26lpennugtm8s.cloudfront.net\/assets\/common\/img\/logos\/payment\/boleto@2x.png\" width=\"43\" height=\"27\" \/><img loading=\"lazy\" decoding=\"async\" class=\"\" src=\"https:\/\/d26lpennugtm8s.cloudfront.net\/assets\/common\/img\/logos\/payment\/mastercard@2x.png\" width=\"43\" height=\"27\" \/><img loading=\"lazy\" decoding=\"async\" class=\"\" src=\"https:\/\/d26lpennugtm8s.cloudfront.net\/assets\/common\/img\/logos\/payment\/amex@2x.png\" width=\"43\" height=\"27\" \/><img loading=\"lazy\" decoding=\"async\" class=\"\" src=\"https:\/\/d26lpennugtm8s.cloudfront.net\/assets\/common\/img\/logos\/payment\/diners@2x.png\" width=\"46\" height=\"29\" \/><img loading=\"lazy\" decoding=\"async\" class=\"\" src=\"https:\/\/d26lpennugtm8s.cloudfront.net\/assets\/common\/img\/logos\/payment\/br\/elo@2x.png\" width=\"45\" height=\"28\" \/><img loading=\"lazy\" decoding=\"async\" class=\"\" src=\"https:\/\/d26lpennugtm8s.cloudfront.net\/assets\/common\/img\/logos\/payment\/br\/hipercard@2x.png\" width=\"44\" height=\"28\" \/><img loading=\"lazy\" decoding=\"async\" class=\"\" src=\"https:\/\/d26lpennugtm8s.cloudfront.net\/assets\/common\/img\/logos\/payment\/mercadopago@2x.png\" width=\"45\" height=\"28\" \/><\/div>\n<\/div>\n<\/div>\n","protected":false},"featured_media":23937,"template":"","meta":{"_seopress_robots_primary_cat":"none","_seopress_titles_title":"%%post_title%% %%sitetitle%%","_seopress_titles_desc":"%%post_content%%","_seopress_robots_index":""},"product_cat":[15],"product_tag":[],"class_list":{"0":"post-23934","1":"product","2":"type-product","3":"status-publish","4":"has-post-thumbnail","6":"product_cat-uncategorized","8":"first","9":"instock","10":"downloadable","11":"virtual","12":"purchasable","13":"product-type-simple","14":"col-xs-6 col-sm-4","15":"col-mf-5","16":"un-5-cols"},"jetpack_sharing_enabled":true,"_links":{"self":[{"href":"https:\/\/portifolioos-prontos.com\/index.php\/wp-json\/wp\/v2\/product\/23934","targetHints":{"allow":["GET"]}}],"collection":[{"href":"https:\/\/portifolioos-prontos.com\/index.php\/wp-json\/wp\/v2\/product"}],"about":[{"href":"https:\/\/portifolioos-prontos.com\/index.php\/wp-json\/wp\/v2\/types\/product"}],"version-history":[{"count":0,"href":"https:\/\/portifolioos-prontos.com\/index.php\/wp-json\/wp\/v2\/product\/23934\/revisions"}],"wp:featuredmedia":[{"embeddable":true,"href":"https:\/\/portifolioos-prontos.com\/index.php\/wp-json\/wp\/v2\/media\/23937"}],"wp:attachment":[{"href":"https:\/\/portifolioos-prontos.com\/index.php\/wp-json\/wp\/v2\/media?parent=23934"}],"wp:term":[{"taxonomy":"product_cat","embeddable":true,"href":"https:\/\/portifolioos-prontos.com\/index.php\/wp-json\/wp\/v2\/product_cat?post=23934"},{"taxonomy":"product_tag","embeddable":true,"href":"https:\/\/portifolioos-prontos.com\/index.php\/wp-json\/wp\/v2\/product_tag?post=23934"}],"curies":[{"name":"wp","href":"https:\/\/api.w.org\/{rel}","templated":true}]}}