{"id":23993,"date":"2024-03-12T11:10:17","date_gmt":"2024-03-12T14:10:17","guid":{"rendered":"https:\/\/portifolioos-prontos.com\/?post_type=product&#038;p=23993"},"modified":"2025-08-03T16:51:00","modified_gmt":"2025-08-03T19:51:00","slug":"projeto-integrado-sintese-gestao-de-saude-publica","status":"publish","type":"product","link":"https:\/\/portifolioos-prontos.com\/index.php\/product\/projeto-integrado-sintese-gestao-de-saude-publica\/","title":{"rendered":"Projeto Integrado S\u00edntese &#8211; Gest\u00e3o de Sa\u00fade P\u00fablica"},"content":{"rendered":"<h4>Projeto Integrado S\u00edntese &#8211; Gest\u00e3o de Sa\u00fade P\u00fablica &#8211; Governo Federal sanciona lei que institui nova pol\u00edtica nacional de transplantes<\/h4>\n<p>SITUA\u00c7\u00c3O GERADORA DE APRENDIZAGEM (SGA)<br \/>\nGoverno Federal sanciona lei que institui nova pol\u00edtica nacional de transplantes<br \/>\nA doa\u00e7\u00e3o de \u00f3rg\u00e3os \u00e9 um ato por meio do qual podem ser retirados \u00f3rg\u00e3os ou tecidos de uma<br \/>\npessoa \u2013 aqui caracterizado como doador \u2013 para serem utilizados no tratamento de outras pessoas<br \/>\n\u2013 os receptores \u2013 com a finalidade de reestabelecer as fun\u00e7\u00f5es de um \u00f3rg\u00e3o ou tecido doente. Neste<br \/>\nsentido, tem-se a import\u00e2ncia da doa\u00e7\u00e3o, pois \u00e9 um ato que pode salvar vidas.<br \/>\nO indiv\u00edduo que esteja necessitando do \u00f3rg\u00e3o ou tecido o receber\u00e1 por meio da realiza\u00e7\u00e3o de<br \/>\num processo denominado transplante. O transplante \u00e9 um procedimento cir\u00fargico em que um \u00f3rg\u00e3o<br \/>\nPROJETO INTEGRADO<br \/>\nS\u00cdNTESE<br \/>\nTecnologia em Gest\u00e3o de Sa\u00fade P\u00fablica<br \/>\nou tecido presente na pessoa doente (receptor), \u00e9 substitu\u00eddo por um \u00f3rg\u00e3o ou tecido sadio<br \/>\nproveniente de um doador.<br \/>\nSegundo o Minist\u00e9rio da Sa\u00fade, o Brasil \u00e9 refer\u00eancia mundial na \u00e1rea de transplantes e possui<br \/>\no maior sistema p\u00fablico de transplantes do mundo. Mais especificamente, o Brasil \u00e9 o 2\u00ba maior<br \/>\ntransplantador do mundo, atr\u00e1s apenas dos Estados Unidos. A rede p\u00fablica de sa\u00fade fornece aos<br \/>\npacientes assist\u00eancia integral e gratuita, incluindo exames preparat\u00f3rios, cirurgia, acompanhamento<br \/>\ne medicamentos p\u00f3s-transplante.<br \/>\nFrente ao contexto da doa\u00e7\u00e3o de \u00f3rg\u00e3os no Brasil, leia atentamente os fragmentos a seguir:<br \/>\nFragmento 1:<br \/>\nGoverno Federal sanciona lei que institui nova pol\u00edtica nacional de transplantes<br \/>\nObjetivo \u00e9 conscientizar a popula\u00e7\u00e3o, incentivar o aumento de doa\u00e7\u00f5es no pa\u00eds e desenvolver<br \/>\nprogramas de forma\u00e7\u00e3o continuada. Brasil bateu recorde de doa\u00e7\u00f5es no primeiro semestre de 2023<br \/>\nPublicado em 10\/11\/2023 12h34<br \/>\nO presidente da Rep\u00fablica sancionou, nesta quinta-feira (9), em conjunto com a ministra da<br \/>\nSa\u00fade, a lei que institui a Pol\u00edtica Nacional de Conscientiza\u00e7\u00e3o e Incentivo \u00e0 Doa\u00e7\u00e3o e ao Transplante<br \/>\nde \u00d3rg\u00e3os e Tecidos. O objetivo \u00e9 informar e conscientizar a popula\u00e7\u00e3o sobre a relev\u00e2ncia da doa\u00e7\u00e3o<br \/>\nde \u00f3rg\u00e3os e tecidos. E, ainda, promover a discuss\u00e3o e o esclarecimento cient\u00edfico para desmistificar<br \/>\nas quest\u00f5es que envolvem o tema.<br \/>\nA pol\u00edtica prev\u00ea investimentos em programas de forma\u00e7\u00e3o continuada para gestores e<br \/>\nprofissionais da sa\u00fade e da educa\u00e7\u00e3o que contemplem a doa\u00e7\u00e3o de \u00f3rg\u00e3os. Al\u00e9m disso, haver\u00e1 a<br \/>\nelabora\u00e7\u00e3o de material did\u00e1tico que explique o procedimento de forma adequada a cada faixa et\u00e1ria<br \/>\nestudantil. Ainda na \u00e1rea da educa\u00e7\u00e3o, ser\u00e1 inserida uma semana de atividades no calend\u00e1rio escolar<br \/>\npara a conscientiza\u00e7\u00e3o sobre o tema, sempre em setembro.<br \/>\nA norma estabelece tamb\u00e9m o aprimoramento do Sistema Nacional de Transplantes (SNT),<br \/>\ngerido pelo Minist\u00e9rio da Sa\u00fade. O SNT \u00e9 reconhecido como o maior sistema p\u00fablico de transplantes<br \/>\ndo mundo e o segundo maior transplantador em n\u00fameros absolutos, atr\u00e1s apenas dos Estados<br \/>\nPROJETO INTEGRADO<br \/>\nS\u00cdNTESE<br \/>\nTecnologia em Gest\u00e3o de Sa\u00fade P\u00fablica<br \/>\nUnidos. E tem como responsabilidade toda a regulamenta\u00e7\u00e3o, controle e monitoramento do processo<br \/>\nde doa\u00e7\u00e3o e transplantes realizados no Brasil.<br \/>\nFonte: https:\/\/www.gov.br\/saude\/pt-br\/assuntos\/noticias\/2023\/novembro\/governo-federalsanciona-lei-que-institui-nova-politica-nacional-de-transplantes.<br \/>\nFragmento 2:<br \/>\nHumaniza\u00e7\u00e3o: doa\u00e7\u00e3o de \u00f3rg\u00e3os \u00e9 um gesto que promove a continuidade da vida<br \/>\nPublicado: 27 Setembro 2023<br \/>\n[&#8230;] O coordenador da ala A do Centro de Terapia Intensiva (CTI) do HGG, explica que a melhor<br \/>\nforma de auxiliar na redu\u00e7\u00e3o da lista de espera para realiza\u00e7\u00e3o de transplantes, \u00e9 com o apoio e<br \/>\naten\u00e7\u00e3o dos profissionais de sa\u00fade para identificar e notificar \u00f3bitos principalmente os de morte<br \/>\nencef\u00e1lica.<br \/>\n\u201cPrecisamos preparar nossas equipes de profissionais de sa\u00fade e, ao mesmo tempo,<br \/>\ncompreender que aquela fam\u00edlia perdeu um ente querido. \u00c9 uma dor para aquela fam\u00edlia, mas nosso<br \/>\npapel \u00e9 conversar e mostrar que existe uma possibilidade de esperan\u00e7a e continuidade de vida<br \/>\ndaquela pessoa que se foi, se mantendo viva em outras pessoas\u201d.<br \/>\nO m\u00e9dico explica ainda que as chances para doa\u00e7\u00e3o de \u00f3rg\u00e3os s\u00e3o maiores quando as fam\u00edlias<br \/>\nj\u00e1 est\u00e3o envolvidas com as equipes m\u00e9dicas que cuidam dos pacientes. \u201cO v\u00ednculo dos familiares com<br \/>\nas equipes s\u00e3o um ponto importante e fundamental neste momento de morte. Pois, o cuidado com o<br \/>\nenfermo vai muito al\u00e9m do f\u00edsico, h\u00e1 conex\u00e3o entre ambas as partes, n\u00f3s conseguimos ouvir, sentir a<br \/>\ndor da fam\u00edlia que est\u00e1 perdendo o ente querido. Dessa forma, tentamos da melhor maneira poss\u00edvel<br \/>\ntransparecer para os familiares que, na verdade, eles t\u00eam uma possibilidade de continuidade de vida,<br \/>\nisso de certa forma, deixa o processo mais humanizado e aumenta as chances de capta\u00e7\u00e3o\u201d, comenta.<br \/>\nPROJETO INTEGRADO<br \/>\nS\u00cdNTESE<br \/>\nTecnologia em Gest\u00e3o de Sa\u00fade P\u00fablica<br \/>\n[&#8230;] Para ser doador, no Brasil, \u00e9 preciso que cada indiv\u00edduo converse com sua fam\u00edlia sobre<br \/>\nseu desejo de ser doador. A doa\u00e7\u00e3o de \u00f3rg\u00e3os s\u00f3 acontecer\u00e1 ap\u00f3s a autoriza\u00e7\u00e3o da fam\u00edlia.<br \/>\nFonte e texto na \u00edntegra dispon\u00edvel em: https:\/\/www.saude.go.gov.br\/noticias\/19554-<br \/>\nhumanizacao-doacao-de-orgaos-e-um-gesto-que-promove-a-continuidade-da-vida.<br \/>\nPartindo do exposto at\u00e9 o momento, \u00e9 poss\u00edvel perceber que o contexto da doa\u00e7\u00e3o de \u00f3rg\u00e3os<br \/>\nperpassa as quest\u00f5es operacionais, pois para al\u00e9m de toda uma estrutura que viabilize os processos<br \/>\nde transplantes, tem-se uma quest\u00e3o subjetiva determinante: o desejo frente \u00e0 doa\u00e7\u00e3o volunt\u00e1ria a<br \/>\nqual, por vezes, n\u00e3o configura um assunto tratado em vida. A difus\u00e3o do assunto, dissemina\u00e7\u00e3o de<br \/>\ninforma\u00e7\u00e3o e conhecimento, bem como conscientiza\u00e7\u00e3o da popula\u00e7\u00e3o s\u00e3o pontos importantes e v\u00e3o<br \/>\nao encontro das proposi\u00e7\u00f5es legais pensadas para a nova pol\u00edtica nacional de transplantes.<br \/>\nAinda, claro, toda a estrutura de sa\u00fade requer preparo para lidar com diagn\u00f3sticos e quest\u00f5es<br \/>\ninstrumentais, bem como com rela\u00e7\u00e3o ao psicol\u00f3gico das fam\u00edlias e quest\u00f5es complexas altamente<br \/>\nsubjetivas que demandas compet\u00eancias socioemocionais e interpessoais, para al\u00e9m das t\u00e9cnicas.<br \/>\nA fim de ent\u00e3o come\u00e7ar a instrumentalizar os fundamentos dessa nova pol\u00edtica no munic\u00edpio<br \/>\nem que voc\u00ea atua, imagine que uma institui\u00e7\u00e3o de pesquisa governamental realizou uma pesquisa<br \/>\njunto \u00e0 popula\u00e7\u00e3o de seu Estado a fim de avaliar o n\u00edvel de conscientiza\u00e7\u00e3o atual sobre doa\u00e7\u00e3o de<br \/>\n\u00f3rg\u00e3os, identificar percep\u00e7\u00f5es e poss\u00edvel barreiras que podem afetar a decis\u00e3o das pessoas em se<br \/>\ntornarem doadoras. Os resultados dessa pesquisa foram divulgados amplamente entre os munic\u00edpios<br \/>\ndesse Estado a fim de sustentar a elabora\u00e7\u00e3o de um poss\u00edvel plano de a\u00e7\u00e3o, abarcando uma<br \/>\nestrat\u00e9gia efetiva sobre o tema.<br \/>\nAinda que o Brasil tenha batido recorde de doa\u00e7\u00f5es no primeiro semestre do ano, imagine<br \/>\nque voc\u00ea atua na equipe de uma UBS \u2013 Unidade B\u00e1sica de Sa\u00fade em uma cidade com pouco mais de<br \/>\n300 mil habitantes e o \u00edndice com rela\u00e7\u00e3o ao n\u00edvel de informa\u00e7\u00e3o sobre o tema e inten\u00e7\u00e3o de doa\u00e7\u00e3o<br \/>\nforam bem abaixo do esperado.<br \/>\nPROJETO INTEGRADO<br \/>\nS\u00cdNTESE<br \/>\nTecnologia em Gest\u00e3o de Sa\u00fade P\u00fablica<br \/>\nAgora o desafio \u00e9 com voc\u00ea!<br \/>\nDESAFIO<br \/>\n<strong>Etapa 1<\/strong><br \/>\nPartindo do texto base da situa\u00e7\u00e3o geradora de aprendizagem, \u00e9 poss\u00edvel inferir que a rela\u00e7\u00e3o<br \/>\nentre equipes e profissionais de sa\u00fade com a comunidade local, familiares e os pr\u00f3prios pacientes,<br \/>\ninterferem diretamente na inten\u00e7\u00e3o ou n\u00e3o de doar \u00f3rg\u00e3os e tecidos. Sendo assim, como a gest\u00e3o<br \/>\nda sa\u00fade p\u00fablica municipal pode aumentar a \u201ccapta\u00e7\u00e3o\u201d de doadores?<br \/>\n<strong>Etapa 2<\/strong><br \/>\n\u00c9 imprescind\u00edvel no contexto de hoje, a reflex\u00e3o acerca do papel do Estado no atendimento<br \/>\nao conjunto das demandas sociais. Dessa maneira, se faz pensar a exig\u00eancia cada vez maior da<br \/>\nsociedade por efici\u00eancia, efic\u00e1cia e efetividade das pol\u00edticas p\u00fablicas e faz aumentar o<br \/>\nreconhecimento do qu\u00e3o importante \u00e9 a participa\u00e7\u00e3o dos gestores p\u00fablicos em rela\u00e7\u00e3o aos servi\u00e7os<br \/>\nprestados e oferecidos pelo setor p\u00fablico. (DA SILVA; GIL; DA SILVA OKABAYASHI, 2014).<br \/>\nPensando em alcan\u00e7ar o sucesso na nova pol\u00edtica em quest\u00e3o a partir das atividades da UBS<br \/>\nem quest\u00e3o \u2013 associada aos demais \u00f3rg\u00e3os de sa\u00fade do munic\u00edpio em estudo \u2013 reflita sobre e<br \/>\ndescreva quais s\u00e3o a compet\u00eancia t\u00e9cnica, a compet\u00eancia interpessoal, a compet\u00eancia conceitual e<br \/>\na compet\u00eancia pol\u00edtica necess\u00e1rias \u00e0s equipes de sa\u00fade para trazer efetividade nos resultados<br \/>\nesperados?<br \/>\n<strong>Etapa 3<\/strong><br \/>\nDe maneira geral, a gest\u00e3o da qualidade no setor p\u00fablico est\u00e1 diretamente associada \u00e0 busca<br \/>\npela potencializa\u00e7\u00e3o dos n\u00edveis de efici\u00eancia na presta\u00e7\u00e3o dos servi\u00e7os, versando sempre pela<br \/>\nmelhoria cont\u00ednua a fim de atender \u00e0s demandas coletivas.<br \/>\nNo contexto da nova pol\u00edtica nacional de transplantes, em especial, \u00e9 preciso pensar<br \/>\nestrategicamente frente \u00e0s a\u00e7\u00f5es estabelecidas a fim de aumentar a conscientiza\u00e7\u00e3o da popula\u00e7\u00e3o,<br \/>\no aumento de doa\u00e7\u00f5es no pa\u00eds, e o desenvolvimento de programas de forma\u00e7\u00e3o continuada, bem<br \/>\nPROJETO INTEGRADO<br \/>\nS\u00cdNTESE<br \/>\nTecnologia em Gest\u00e3o de Sa\u00fade P\u00fablica<br \/>\ncomo quais seriam os poss\u00edveis indicadores de mensura\u00e7\u00e3o para valida\u00e7\u00e3o efetiva de tais pr\u00e1ticas.<br \/>\nFrente \u00e0s diferentes ferramentas no campo do gerenciamento e controle da qualidade as quais<br \/>\npodem ser implementadas neste sentido, voc\u00ea sugeriu \u00e0 equipe da sua UBS, a elabora\u00e7\u00e3o de um ciclo<br \/>\nPDCA.<br \/>\n\u2022 Sua miss\u00e3o, nesta tarefa, \u00e9 elaborar um ciclo PDCA, de forma que tal ferramenta possa auxiliar<br \/>\nna gest\u00e3o das a\u00e7\u00f5es voltadas \u00e0 pol\u00edtica em quest\u00e3o.<br \/>\n(Lembrando que o ciclo PDCA \u00e9 formado pelas seguintes etapas: PLAN \u201cdefinir metas e os m\u00e9todos<br \/>\nque permitir\u00e3o alcan\u00e7ar as metas\u201d; DO \u201ctreinar e executar as tarefas\u201d; CHECK \u201cverificar resultados a<br \/>\npartir da compara\u00e7\u00e3o do previsto com o realizado\u201d; ACT \u201cagir corretivamente, preventivamente,<br \/>\nbuscando a melhoria\u201d).<br \/>\n&#8212;<br \/>\nFRAN\u00c7A, P. G. Controle da administra\u00e7\u00e3o p\u00fablica. Editora Saraiva, 2016.<br \/>\nMATIAS-PEREIRA, Jos\u00e9. Curso de Gest\u00e3o Estrat\u00e9gica na Administra\u00e7\u00e3o P\u00fablica. Grupo GEN, 2021.<br \/>\nSECCHI, L. An\u00e1lise de pol\u00edticas p\u00fablicas: diagn\u00f3stico de problemas, recomenda\u00e7\u00e3o de solu\u00e7\u00f5es. S\u00e3o Paulo:<br \/>\nCengage Learning, 2016.<br \/>\nPROJETO INTEGRADO<br \/>\nS\u00cdNTESE<br \/>\nTecnologia em Gest\u00e3o de Sa\u00fade P\u00fablica<br \/>\nBrasil. Conselho Nacional de Secret\u00e1rios de Sa\u00fade. Aten\u00e7\u00e3o Prim\u00e1ria e Promo\u00e7\u00e3o da Sa\u00fade.<br \/>\nBras\u00edlia, 2011. [acesso em 2022 jun. 27]. Dispon\u00edvel em:<br \/>\n&lt;http:\/\/www.conass.org.br\/bibliotecav3\/pdfs\/colecao2011\/livro_3.pdf&gt;.<br \/>\nRODRIGUES, E. de A. Modelos de gest\u00e3o. Londrina: Editora e Distribuidora Educacional S.A., 2016.<br \/>\nROBBINS, Stephen P.; DECENZO, Robert Wolter. A nova administra\u00e7\u00e3o. 1 ed. S\u00e3o Paulo: Saraiva,<br \/>\n2020.. [MINHA BIBLIOTECA]<\/p>\n<div class=\"elementor-toggle-item\">\n<div class=\"elementor-toggle-item\">\n<p id=\"elementor-tab-title-1941\" class=\"elementor-tab-title elementor-active\" tabindex=\"0\" role=\"tab\" data-tab=\"1\" aria-controls=\"elementor-tab-content-1941\" aria-expanded=\"true\" aria-selected=\"true\"><strong>Como funciona?<\/strong><\/p>\n<p>Elaboramos os portf\u00f3lios, j\u00e1 deixamos prontos, nas normas da ABNT e conforme os requisitos da universidade. F\u00e1cil assim! O MELHOR \u00c9 QUE VOC\u00ca COMPRA E J\u00c1 BAIXA NA HORA O SEU ARQUIVO EM WORD! Sabemos que conciliar trabalho, fam\u00edlia, vida profissional e estudos \u00e9 dif\u00edcil hoje em dia, por isso, estamos aqui para ajudar voc\u00ea. Conte com nossa qualidade, experi\u00eancia e profissionalismo adquirindo seu portf\u00f3lio conosco. GARANTIMOS SEU CONCEITO!<\/p>\n<p><strong>Como se realizam os envios?<\/strong><\/p>\n<\/div>\n<p id=\"elementor-tab-content-1942\" class=\"elementor-tab-content elementor-clearfix elementor-active\" role=\"tabpanel\" data-tab=\"2\" aria-labelledby=\"elementor-tab-title-1942\">O seu trabalho \u00e9 disponibilizado pronto, respondido e nas normas j\u00e1 na mesma hora aqui em nosso site na sua \u00e1rea de downloads e tamb\u00e9m no seu e-mail.<\/p>\n<p><strong>Em quanto tempo recebo o portf\u00f3lio?<\/strong><\/p>\n<p>Os envios s\u00e3o imediatos. Ap\u00f3s sua compra, o trabalho j\u00e1 \u00e9 disponibilizado instantaneamente aqui em nosso site e no seu e-mail.<\/p>\n<p><strong>E se o portf\u00f3lio que comprei precisar de corre\u00e7\u00e3o?<\/strong><\/p>\n<p>Caso haja alguma solicita\u00e7\u00e3o de corre\u00e7\u00e3o\/altera\u00e7\u00e3o por parte do tutor, basta entrar em contato conosco pelo\u00a0WhatsApp\u00a0que provid\u00eanciaremos sem custo algum.<\/p>\n<p><strong>Qual o formato do arquivo?<\/strong><\/p>\n<p>Os arquivos s\u00e3o enviados em formato Word e s\u00e3o edit\u00e1veis.<\/p>\n<p><strong>Caso eu tiver alguma d\u00favida, terei suporte no p\u00f3s venda?<\/strong><\/p>\n<p>Sim, com certeza. Basta clicar no \u00edcone do WhatsApp no cantinho da tela. Ser\u00e1 um prazer atend\u00ea-lo(a).<\/p>\n<div id=\"elementor-tab-content-1948\" class=\"elementor-tab-content elementor-clearfix elementor-active\" role=\"tabpanel\" data-tab=\"8\" aria-labelledby=\"elementor-tab-title-1948\">\n<p><strong>Quais os seus canais de contato?<\/strong><\/p>\n<\/div>\n<div id=\"elementor-tab-content-1949\" class=\"elementor-tab-content elementor-clearfix elementor-active\" role=\"tabpanel\" data-tab=\"9\" aria-labelledby=\"elementor-tab-title-1949\">\n<p>Whatsapp: 53 984751621 \u2013 Clicar no canto da tela ou ESCANEIE O QRCODE ABAIXO<\/p>\n<h4><img decoding=\"async\" class=\"alignnone wp-image-13699 jetpack-lazy-image jetpack-lazy-image--handled\" src=\"https:\/\/i0.wp.com\/portifolioos-prontos.com\/wp-content\/uploads\/2023\/02\/whatsapp-business-projeto-de-extensao-300x300.jpeg?resize=144%2C144\" sizes=\"(max-width: 144px) 100vw, 144px\" srcset=\"https:\/\/i0.wp.com\/portifolioos-prontos.com\/wp-content\/uploads\/2023\/02\/whatsapp-business-projeto-de-extensao.jpeg?resize=300%2C301&amp;ssl=1 300w, https:\/\/i0.wp.com\/portifolioos-prontos.com\/wp-content\/uploads\/2023\/02\/whatsapp-business-projeto-de-extensao.jpeg?resize=150%2C150&amp;ssl=1 150w, https:\/\/i0.wp.com\/portifolioos-prontos.com\/wp-content\/uploads\/2023\/02\/whatsapp-business-projeto-de-extensao.jpeg?resize=370%2C372&amp;ssl=1 370w, https:\/\/i0.wp.com\/portifolioos-prontos.com\/wp-content\/uploads\/2023\/02\/whatsapp-business-projeto-de-extensao.jpeg?resize=100%2C100&amp;ssl=1 100w, https:\/\/i0.wp.com\/portifolioos-prontos.com\/wp-content\/uploads\/2023\/02\/whatsapp-business-projeto-de-extensao.jpeg?w=470&amp;ssl=1 470w\" alt=\"projeto de extens\u00e3o unopar\" width=\"144\" height=\"144\" data-lazy-loaded=\"1\" \/><\/h4>\n<\/div>\n<div class=\"elementor-toggle-item\">\n<div id=\"elementor-tab-content-1949\" class=\"elementor-tab-content elementor-clearfix elementor-active\" role=\"tabpanel\" data-tab=\"9\" aria-labelledby=\"elementor-tab-title-1949\">\n<p>E-mail:portifoliosp@gmail.com<\/p>\n<div id=\"attachment_143\" class=\"wp-caption alignnone\">\n<div id=\"attachment_143\" class=\"wp-caption alignnone\">\n<p id=\"caption-attachment-143\" class=\"wp-caption-text\"><a href=\"http:\/\/portfolio-pronto.com\/\">Portf\u00f3lio<\/a>\u00a0em Word, respondido, completo e j\u00e1 nas normas<\/p>\n<\/div>\n<\/div>\n<\/div>\n<\/div>\n<\/div>\n","protected":false},"excerpt":{"rendered":"<div class=\"product-short-description\">\n<div class=\"product-short-description\">\n<p><strong>Pague pelo PIX ou cart\u00e3o e fa\u00e7a o download agora mesmo.<\/strong><\/p>\n<\/div>\n<div class=\"sticky-add-to-cart-wrapper\">\n<div class=\"sticky-add-to-cart\">\n<p class=\"quantity buttons_added form-flat\"><img decoding=\"async\" class=\"lazyloaded smush-image-5 smush-image-3 smush-image-4 smush-detected-img smush-image-bigger-3\" src=\"https:\/\/d26lpennugtm8s.cloudfront.net\/assets\/common\/img\/logos\/payment\/visa@2x.png\" width=\"46\" height=\"29\" data-src=\"https:\/\/d26lpennugtm8s.cloudfront.net\/assets\/common\/img\/logos\/payment\/visa@2x.png\" \/><img decoding=\"async\" class=\"lazyloaded smush-image-6 smush-image-4 smush-image-5 smush-detected-img smush-image-bigger-4\" src=\"https:\/\/d26lpennugtm8s.cloudfront.net\/assets\/common\/img\/logos\/payment\/boleto@2x.png\" width=\"43\" height=\"27\" data-src=\"https:\/\/d26lpennugtm8s.cloudfront.net\/assets\/common\/img\/logos\/payment\/boleto@2x.png\" \/><img loading=\"lazy\" decoding=\"async\" class=\"lazyloaded smush-image-7 smush-image-5 smush-image-6 smush-detected-img smush-image-bigger-5\" src=\"https:\/\/d26lpennugtm8s.cloudfront.net\/assets\/common\/img\/logos\/payment\/mastercard@2x.png\" width=\"43\" height=\"27\" data-src=\"https:\/\/d26lpennugtm8s.cloudfront.net\/assets\/common\/img\/logos\/payment\/mastercard@2x.png\" \/><img loading=\"lazy\" decoding=\"async\" class=\"lazyloaded smush-image-8 smush-image-6 smush-image-7 smush-detected-img smush-image-bigger-6\" src=\"https:\/\/d26lpennugtm8s.cloudfront.net\/assets\/common\/img\/logos\/payment\/amex@2x.png\" width=\"43\" height=\"27\" data-src=\"https:\/\/d26lpennugtm8s.cloudfront.net\/assets\/common\/img\/logos\/payment\/amex@2x.png\" \/><img loading=\"lazy\" decoding=\"async\" class=\"lazyloaded smush-image-9 smush-image-7 smush-image-8 smush-detected-img smush-image-bigger-7\" src=\"https:\/\/d26lpennugtm8s.cloudfront.net\/assets\/common\/img\/logos\/payment\/diners@2x.png\" width=\"46\" height=\"29\" data-src=\"https:\/\/d26lpennugtm8s.cloudfront.net\/assets\/common\/img\/logos\/payment\/diners@2x.png\" \/><img loading=\"lazy\" decoding=\"async\" class=\"lazyloaded smush-image-10 smush-image-8 smush-image-9 alignnone smush-detected-img smush-image-bigger-8\" src=\"https:\/\/d26lpennugtm8s.cloudfront.net\/assets\/common\/img\/logos\/payment\/br\/elo@2x.png\" alt=\"portf\u00f3lio unopar anhanguera\" width=\"45\" height=\"28\" data-src=\"https:\/\/d26lpennugtm8s.cloudfront.net\/assets\/common\/img\/logos\/payment\/br\/elo@2x.png\" \/><img loading=\"lazy\" decoding=\"async\" class=\"lazyloaded smush-image-11 smush-image-9 smush-image-10 alignnone smush-detected-img smush-image-bigger-9\" src=\"https:\/\/d26lpennugtm8s.cloudfront.net\/assets\/common\/img\/logos\/payment\/br\/hipercard@2x.png\" alt=\"portf\u00f3lio unopar anhanguera\" width=\"44\" height=\"28\" data-src=\"https:\/\/d26lpennugtm8s.cloudfront.net\/assets\/common\/img\/logos\/payment\/br\/hipercard@2x.png\" \/><img loading=\"lazy\" decoding=\"async\" class=\"lazyloaded smush-image-12 smush-image-10 smush-image-11 alignnone smush-detected-img smush-image-bigger-10\" src=\"https:\/\/d26lpennugtm8s.cloudfront.net\/assets\/common\/img\/logos\/payment\/mercadopago@2x.png\" alt=\"portf\u00f3lio unopar anhanguera\" width=\"45\" height=\"28\" data-src=\"https:\/\/d26lpennugtm8s.cloudfront.net\/assets\/common\/img\/logos\/payment\/mercadopago@2x.png\" \/><img loading=\"lazy\" decoding=\"async\" class=\"alignnone ls-is-cached lazyloaded smush-detected-img smush-image-bigger-11\" src=\"https:\/\/futurium.com.br\/wp-content\/uploads\/2021\/06\/logo-pix-icone-512.png\" alt=\"portfolio pronto\" width=\"30\" height=\"30\" data-src=\"https:\/\/futurium.com.br\/wp-content\/uploads\/2021\/06\/logo-pix-icone-512.png\" \/><\/p>\n<\/div>\n<\/div>\n<\/div>\n","protected":false},"featured_media":23996,"template":"","meta":{"_seopress_robots_primary_cat":"none","_seopress_titles_title":"%%post_title%% %%sitetitle%%","_seopress_titles_desc":"%%post_content%%","_seopress_robots_index":""},"product_cat":[66,15],"product_tag":[],"class_list":{"0":"post-23993","1":"product","2":"type-product","3":"status-publish","4":"has-post-thumbnail","6":"product_cat-gestao-de-saude-publica","7":"product_cat-uncategorized","9":"first","10":"instock","11":"downloadable","12":"virtual","13":"purchasable","14":"product-type-simple","15":"col-xs-6 col-sm-4","16":"col-mf-5","17":"un-5-cols"},"jetpack_sharing_enabled":true,"_links":{"self":[{"href":"https:\/\/portifolioos-prontos.com\/index.php\/wp-json\/wp\/v2\/product\/23993","targetHints":{"allow":["GET"]}}],"collection":[{"href":"https:\/\/portifolioos-prontos.com\/index.php\/wp-json\/wp\/v2\/product"}],"about":[{"href":"https:\/\/portifolioos-prontos.com\/index.php\/wp-json\/wp\/v2\/types\/product"}],"version-history":[{"count":0,"href":"https:\/\/portifolioos-prontos.com\/index.php\/wp-json\/wp\/v2\/product\/23993\/revisions"}],"wp:featuredmedia":[{"embeddable":true,"href":"https:\/\/portifolioos-prontos.com\/index.php\/wp-json\/wp\/v2\/media\/23996"}],"wp:attachment":[{"href":"https:\/\/portifolioos-prontos.com\/index.php\/wp-json\/wp\/v2\/media?parent=23993"}],"wp:term":[{"taxonomy":"product_cat","embeddable":true,"href":"https:\/\/portifolioos-prontos.com\/index.php\/wp-json\/wp\/v2\/product_cat?post=23993"},{"taxonomy":"product_tag","embeddable":true,"href":"https:\/\/portifolioos-prontos.com\/index.php\/wp-json\/wp\/v2\/product_tag?post=23993"}],"curies":[{"name":"wp","href":"https:\/\/api.w.org\/{rel}","templated":true}]}}