{"id":24299,"date":"2024-03-25T15:45:59","date_gmt":"2024-03-25T18:45:59","guid":{"rendered":"https:\/\/portifolioos-prontos.com\/?post_type=product&#038;p=24299"},"modified":"2025-01-24T14:15:39","modified_gmt":"2025-01-24T17:15:39","slug":"tcc-i-ciencias-economicas","status":"publish","type":"product","link":"https:\/\/portifolioos-prontos.com\/index.php\/product\/tcc-i-ciencias-economicas\/","title":{"rendered":"TCC I Ci\u00eancias Econ\u00f4micas"},"content":{"rendered":"<p>TCC I Ci\u00eancias Econ\u00f4micas<\/p>\n<hr \/>\n<p>Curso: Bacharelado em Ci\u00eancias Econ\u00f4micas<br \/>\nDisciplinas: Trabalho de Conclus\u00e3o de Curso I<br \/>\nProfessor (a): Renato Jos\u00e9 da Silva<br \/>\nCompet\u00eancias:<br \/>\n\u2022 Possibilitar o entendimento sobre as etapas de um projeto<br \/>\nde pesquisa;<br \/>\n\u2022 Proporcionar a compreens\u00e3o da import\u00e2ncia da escolha de<br \/>\num tema de pesquisa;<br \/>\n\u2022 Apresentar os campos poss\u00edveis da pesquisa emEconomia;<br \/>\n\u2022 Oportunizar o conhecimento de pontuais fontes de dados.<br \/>\nHabilidades: O TCC oportunizar\u00e1 ao aluno a integrar e aplicar conhecimentos<br \/>\nadquiridos ao longo da gradua\u00e7\u00e3o. Tamb\u00e9m capacita o aluno a<br \/>\naplicar as compet\u00eancias adquiridas durante o seu percurso<br \/>\nformativo de forma sistematizada, em um ambiente profissional<br \/>\ncontrolado e sob orienta\u00e7\u00e3o. Por meio do TCC, o aluno poder\u00e1<br \/>\ntrabalhar uma tem\u00e1tica relacionada \u00e0 sua futura \u00e1rea de atua\u00e7\u00e3o,<br \/>\npermitindo a inicia\u00e7\u00e3o cient\u00edfica, visando completar sua forma\u00e7\u00e3o<br \/>\nde qualidade e atingir o perfil desejado ao futuro egresso.<br \/>\nObjetivos da<br \/>\nAprendizagem:<br \/>\nS\u00e3o objetivos do TCC: estimular o desenvolvimento do esp\u00edrito<br \/>\ncient\u00edfico e do pensamento reflexivo; suscitar o desejo permanente<br \/>\nde aperfei\u00e7oamento cultural e profissional e possibilitar<br \/>\ncorrespondente concretiza\u00e7\u00e3o no desenvolvimento de<br \/>\ncompet\u00eancias e habilidades; propiciar ao aluno a oportunidade da<br \/>\ncorrela\u00e7\u00e3o e aprofundamento dos conhecimentos te\u00f3ricos e<br \/>\npr\u00e1ticos trabalhados no curso.<br \/>\nO presente manual tem por objetivo orientar os acad\u00eamicos do curso de gradua\u00e7\u00e3o<br \/>\nem Ci\u00eancias Econ\u00f4micas sobre a confec\u00e7\u00e3o e as regras para elabora\u00e7\u00e3o do Trabalho de Conclus\u00e3o de<br \/>\nCurso I.<br \/>\nO TCC I dever\u00e1 ser inserido no ambiente virtual de Aprendizagem \u2013 Colaborar da<br \/>\ndisciplina de Trabalho de Conclus\u00e3o de Curso I (regular e\/ou depend\u00eancia), em data definida em<br \/>\ncalend\u00e1rio acad\u00eamico.<br \/>\nO Trabalho de Conclus\u00e3o de Curso \u00e9 INDIVIDUAL e essencial para que o aluno se<br \/>\ngradue em Economia, conforme consta no Guia de Percurso.<br \/>\n2<br \/>\nSUM\u00c1RIO<br \/>\nORIENTA\u00c7\u00d5ES PARA A CONSTRU\u00c7\u00c3O DO TRABALHO \u2026\u2026\u2026\u2026\u2026\u2026\u2026\u2026\u2026\u2026\u2026\u2026\u2026\u2026\u2026\u2026\u2026\u2026\u2026\u2026\u2026\u2026..3<br \/>\nROTEIRO PARA ELABORA\u00c7\u00c3O DO PROJETO DE PESQUISA\u2026\u2026\u2026\u2026\u2026\u2026\u2026\u2026\u2026\u2026\u2026\u2026\u2026\u2026\u2026\u2026\u2026\u2026\u2026\u2026..4<br \/>\n1. INTRODU\u00c7\u00c3O \u2026\u2026\u2026\u2026\u2026\u2026\u2026\u2026\u2026\u2026\u2026\u2026\u2026\u2026\u2026\u2026\u2026\u2026\u2026\u2026\u2026\u2026\u2026\u2026\u2026\u2026\u2026\u2026\u2026\u2026\u2026\u2026\u2026\u2026\u2026\u2026\u2026\u2026\u2026\u2026\u2026.4<br \/>\n2. DELIMITA\u00c7\u00c3O E FORMULA\u00c7\u00c3O DO PROBLEMA\u2026\u2026\u2026\u2026\u2026\u2026\u2026\u2026\u2026\u2026\u2026\u2026\u2026\u2026\u2026\u2026\u2026\u2026\u2026\u2026\u2026\u2026\u2026\u2026..4<br \/>\n3. FORMULA\u00c7\u00c3O DOS OBJETIVOS GERAL E ESPEC\u00cdFICOS \u2026\u2026\u2026\u2026\u2026\u2026\u2026\u2026\u2026\u2026\u2026\u2026\u2026\u2026\u2026\u2026\u2026\u2026\u2026\u2026..4<br \/>\n4. JUSTIFICATIVA \u2026\u2026\u2026\u2026\u2026\u2026\u2026\u2026\u2026\u2026\u2026\u2026\u2026\u2026\u2026\u2026\u2026\u2026\u2026\u2026\u2026\u2026\u2026\u2026\u2026\u2026\u2026\u2026\u2026\u2026\u2026\u2026\u2026\u2026\u2026\u2026\u2026\u2026\u2026\u2026\u20264<br \/>\n5. METODOLOGIA\u2026\u2026\u2026\u2026\u2026\u2026\u2026\u2026\u2026\u2026\u2026\u2026\u2026\u2026\u2026\u2026\u2026\u2026\u2026\u2026\u2026\u2026\u2026\u2026\u2026\u2026\u2026\u2026\u2026\u2026\u2026\u2026\u2026\u2026\u2026\u2026\u2026\u2026\u2026\u2026..4<br \/>\n6. REVIS\u00c3O BIBLIOGR\u00c1FICA \u2026\u2026\u2026\u2026\u2026\u2026\u2026\u2026\u2026\u2026\u2026\u2026\u2026\u2026\u2026\u2026\u2026\u2026\u2026\u2026\u2026\u2026\u2026\u2026\u2026\u2026\u2026\u2026\u2026\u2026\u2026\u2026\u2026\u2026\u2026..5<br \/>\n7. CRONOGRAMA DA PESQUISA (PREVIS\u00c3O SOBRE O TEMPO PARA O DESENVOLVIMENTO DA<br \/>\nPESQUISA)\u2026\u2026\u2026\u2026\u2026\u2026\u2026\u2026\u2026\u2026\u2026\u2026\u2026\u2026\u2026\u2026\u2026\u2026\u2026\u2026\u2026\u2026\u2026\u2026\u2026\u2026\u2026\u2026\u2026\u2026\u2026\u2026\u2026\u2026\u2026\u2026\u2026\u2026\u2026\u2026\u2026\u2026\u2026\u2026.5<br \/>\n8. OR\u00c7AMENTO\u2026\u2026\u2026\u2026\u2026\u2026\u2026\u2026\u2026\u2026\u2026\u2026\u2026\u2026\u2026\u2026\u2026\u2026\u2026\u2026\u2026\u2026\u2026\u2026\u2026\u2026\u2026\u2026\u2026\u2026\u2026\u2026\u2026\u2026\u2026\u2026\u2026\u2026\u2026\u2026\u2026..5<br \/>\n9. RESULTADOS ESPERADOS \u2026\u2026\u2026\u2026\u2026\u2026\u2026\u2026\u2026\u2026\u2026\u2026\u2026\u2026\u2026\u2026\u2026\u2026\u2026\u2026\u2026\u2026\u2026\u2026\u2026\u2026\u2026\u2026\u2026\u2026\u2026\u2026\u2026\u2026\u2026.6<br \/>\n10. REFER\u00caNCIAS \u2026\u2026\u2026\u2026\u2026\u2026\u2026\u2026\u2026\u2026\u2026\u2026\u2026\u2026\u2026\u2026\u2026\u2026\u2026\u2026\u2026\u2026\u2026\u2026\u2026\u2026\u2026\u2026\u2026\u2026\u2026\u2026\u2026\u2026\u2026\u2026\u2026\u2026\u2026\u2026\u20266<br \/>\nOBSERVA\u00c7\u00d5ES\u2026\u2026\u2026\u2026\u2026\u2026\u2026\u2026\u2026\u2026\u2026\u2026\u2026\u2026\u2026\u2026\u2026\u2026\u2026\u2026\u2026\u2026\u2026\u2026\u2026\u2026\u2026\u2026\u2026\u2026\u2026\u2026\u2026\u2026\u2026\u2026\u2026\u2026\u2026\u2026\u2026\u2026.6<br \/>\n3<br \/>\nORIENTA\u00c7\u00d5ES PARA A CONSTRU\u00c7\u00c3O DO TRABALHO<br \/>\nPrezado(a) aluno(a),<br \/>\nEste \u00e9 um momento de sua forma\u00e7\u00e3o no qual voc\u00ea j\u00e1 deve estarse preparando para<br \/>\no Trabalho de Conclus\u00e3o de Curso I (TCC I) e para o exerc\u00edcio profissional.<br \/>\nAo longo dos semestres voc\u00ea teve \u00e0 sua disposi\u00e7\u00e3o algumas disciplinas que o<br \/>\najudar\u00e3o n\u00e3o somente no desenvolvimento dos trabalhos a serem realizados, mas tamb\u00e9m no<br \/>\nexerc\u00edcio das diferentes dimens\u00f5es da profiss\u00e3o, que em breve estar\u00e1 exercendo.<br \/>\nPara que o profissional tenha uma a\u00e7\u00e3o que fa\u00e7a a diferen\u00e7a no mercado de<br \/>\ntrabalho, \u00e9 preciso que estabele\u00e7a estrat\u00e9gias que respondam a situa\u00e7\u00f5es percebidas no seu<br \/>\ncotidiano profissional, sempre tendo como refer\u00eancia conhecimentos elaborados, indicadores<br \/>\necon\u00f4micos e estat\u00edsticas levantadas em rela\u00e7\u00e3o ao assunto em quest\u00e3o.<br \/>\nCom o objetivo de exercitar o aprendizado proposto pelas disciplinas do semestre<br \/>\ne demais conte\u00fados trabalhados no decorrer do curso, solicitamos que voc\u00ea fa\u00e7a um Projeto de<br \/>\nPesquisa individual. Tendo como refer\u00eancia as orienta\u00e7\u00f5es de Joaquim Martins Junior (2008),<br \/>\napresentamos no quadro abaixo um roteiro para nortear o teu trabalho:<br \/>\nObserva\u00e7\u00e3o indispens\u00e1vel: N\u00e3o confundir projeto de pesquisa com projeto de<br \/>\ninterven\u00e7\u00e3o. Esta proposta \u00e9 de conhecer e n\u00e3o de intervir, portanto, s\u00f3 ser\u00e3o aceitos projetos de<br \/>\npesquisa.<br \/>\nO tipo de pesquisa de seu projeto deve ser \u201cbibliogr\u00e1fica\u201d, conforme o roteiro na<br \/>\npr\u00f3xima p\u00e1gina:<br \/>\n4<br \/>\nINTRODU\u00c7\u00c3O<br \/>\nAqui dever\u00e1 ser descrito o tema escolhido, o problema que se pretende conhecer.<br \/>\nNeste item, voc\u00ea dar\u00e1 uma pequena no\u00e7\u00e3o sobre o que pretende pesquisar.<br \/>\nDELIMITA\u00c7\u00c3O E FORMULA\u00c7\u00c3O DO PROBLEMA<br \/>\nNeste t\u00f3pico, \u00e9 importante delimitar o objeto dentro do tema. \u00c9 a quest\u00e3o central<br \/>\nda sua pesquisa, podendo ser em uma \u00fanica frase, interrogat\u00f3ria.<br \/>\nFORMULA\u00c7\u00c3O DOS OBJETIVOS GERAL E ESPEC\u00cdFICOS<br \/>\nObjetivo Geral: Dever\u00e1 indicar uma inten\u00e7\u00e3o qualitativa que se pretende alcan\u00e7ar<br \/>\ncom o trabalho. \u00c9 importante ser claro e usar apenas um objetivo, no tempo infinitivo.<br \/>\nEspec\u00edficos: Apontam com mais detalhamento o que se pretende conhecer,<br \/>\ndesmembrando o objetivo geral. Voc\u00ea dever\u00e1 elaborar ao menos quatro objetivos espec\u00edficos.<br \/>\nJUSTIFICATIVA:<br \/>\nEm primeiro momento, dever\u00e1 explicitar a inten\u00e7\u00e3o daquele que elabora oprojeto<br \/>\ne em segundo momento apresentar o \u201cpara que\u201d, \u201cpara quem\u201d e \u201cno que pode contribuir\u201d o trabalho<br \/>\na ser desenvolvido.<br \/>\nROTEIRO PARA ELABORA\u00c7\u00c3O DO PROJETO DE PESQUISA<br \/>\nMETODOLOGIA:<br \/>\nNa pesquisa bibliogr\u00e1fica \u00e9 necess\u00e1rio apresentar a forma e as fontes que ser\u00e3o<br \/>\nconsultadas, mencionando as fontes impressas e fontes eletr\u00f4nicas e como a pesquisa ser\u00e1<br \/>\ndesenvolvida posteriormente.<br \/>\nM\u00e9todo:<br \/>\nO m\u00e9todo a ser utilizado em seu projeto tamb\u00e9m deve ser informado e justificado.<br \/>\nREVIS\u00c3O BIBLIOGR\u00c1FICA<br \/>\nPesquisa sobre o que j\u00e1 foi escrito a respeito do assunto investigado. N\u00e3o \u00e9<br \/>\nnecess\u00e1rio estender muito sobre a obra do(s) autor(es) escolhido(s) como referencial, fa\u00e7a um<br \/>\ndi\u00e1logo entre a fala do autor e o problema sobre o qual pretende trabalhar). Voc\u00ea dever\u00e1 citar no<br \/>\nm\u00ednimo 4 autores.<br \/>\nExemplos:<br \/>\n1. O autor XXXX (2010) refere-se ao processo inflacion\u00e1rio como um desafio\u2026<br \/>\n2. O autor YYYY (2008) refere-se sobre a import\u00e2ncia da pol\u00edtica monet\u00e1ria para<br \/>\no equil\u00edbrio econ\u00f4mico\u2026.<br \/>\nCRONOGRAMA DA PESQUISA (PREVIS\u00c3O SOBRE O TEMPO PARA O DESENVOLVIMENTO DA<br \/>\nPESQUISA)<br \/>\nExemplo de um cronograma de pesquisa (os prazos dever\u00e3o ser observados em seu ambiente de<br \/>\naprendizagem).<br \/>\nEtapas Mar Abr Mai Jun<br \/>\nElabora\u00e7\u00e3o do projeto X X X<br \/>\nRevis\u00e3o de literatura X X X<br \/>\nColeta de dados X<br \/>\nConclus\u00e3o e reda\u00e7\u00e3o X<br \/>\nCorre\u00e7\u00e3o ortogr\u00e1fica X<br \/>\nEntrega X<br \/>\nOR\u00c7AMENTO<br \/>\nN\u00e3o se aplica.<br \/>\nRESULTADOS ESPERADOS<br \/>\nComo este trabalho se trata apenas de um projeto de pesquisa, n\u00e3o \u00e9 poss\u00edvel ainda<br \/>\napresentar resultados, mas sim apontar resultados esperados, que poder\u00e3o ser comprovados ou n\u00e3o<br \/>\nno momento do desenvolvimento da mesma.<br \/>\nREFER\u00caNCIAS<br \/>\nNo final, o pesquisador apresenta somente as fontes de pesquisa que utilizou no<br \/>\ndecorrer da elabora\u00e7\u00e3o do projeto e n\u00e3o aquelas que pretende consultar no desenvolvimento do<br \/>\nprojeto.<br \/>\nA pesquisa \u00e9 fundamental para o desenvolvimento de trabalhos acad\u00eamicos e o<br \/>\nexerc\u00edcio profissional, no entanto \u00e9 necess\u00e1rio se atentar a alguns pontos, dentre eles:<br \/>\n\u2022 O(A) ALUNO(A) pode transcrever trechosimportantes dos autores que leu, por\u00e9m DEVE fazer<br \/>\na devida refer\u00eancia, para n\u00e3o caracterizar pl\u00e1gio;<br \/>\n\u2022 Pode parafrasear trechos importantes dos autores que leu, mas tamb\u00e9m DEVE fazer a devida<br \/>\nrefer\u00eancia, para n\u00e3o caracterizar pl\u00e1gio;<br \/>\n\u2022 DEVE escrever com suas pr\u00f3prias palavras, para que o trabalho tamb\u00e9m tenha a sua cara!<br \/>\nO trabalho dever\u00e1 ser elaborado de acordo com as normas da ABNT.<br \/>\nTenham um \u00f3timo trabalho!<\/p>\n<div class=\"elementor-toggle-item\">\n<h4 id=\"elementor-tab-title-1941\" class=\"elementor-tab-title elementor-active\" tabindex=\"0\" role=\"tab\" data-tab=\"1\" aria-controls=\"elementor-tab-content-1941\" aria-expanded=\"true\" aria-selected=\"true\">Como funciona?<\/h4>\n<div id=\"elementor-tab-content-1941\" class=\"elementor-tab-content elementor-clearfix elementor-active\" role=\"tabpanel\" data-tab=\"1\" aria-labelledby=\"elementor-tab-title-1941\">\n<p>Elaboramos os portf\u00f3lios, j\u00e1 deixamos prontos, nas normas da ABNT e conforme os requisitos da universidade. F\u00e1cil assim! O MELHOR \u00c9 QUE VOC\u00ca COMPRA E J\u00c1 BAIXA NA HORA O SEU ARQUIVO EM WORD! Sabemos que conciliar trabalho, fam\u00edlia, vida profissional e estudos \u00e9 dif\u00edcil hoje em dia, por isso, estamos aqui para ajudar voc\u00ea. Conte com nossa qualidade, experi\u00eancia e profissionalismo adquirindo seu portf\u00f3lio conosco. GARANTIMOS SEU CONCEITO!<\/p>\n<h4>Como se realizam os envios?<\/h4>\n<\/div>\n<\/div>\n<div class=\"elementor-toggle-item\">\n<div id=\"elementor-tab-content-1942\" class=\"elementor-tab-content elementor-clearfix elementor-active\" role=\"tabpanel\" data-tab=\"2\" aria-labelledby=\"elementor-tab-title-1942\">O seu trabalho \u00e9 disponibilizado pronto, respondido e nas normas j\u00e1 na mesma hora aqui em nosso site na sua \u00e1rea de downloads e tamb\u00e9m no seu e-mail.<\/div>\n<\/div>\n<div class=\"elementor-toggle-item\">\n<div id=\"elementor-tab-content-1943\" class=\"elementor-tab-content elementor-clearfix elementor-active\" role=\"tabpanel\" data-tab=\"3\" aria-labelledby=\"elementor-tab-title-1943\">\n<h4>Em quanto tempo recebo o portf\u00f3lio?<\/h4>\n<\/div>\n<\/div>\n<div class=\"elementor-toggle-item\">\n<div id=\"elementor-tab-content-1944\" class=\"elementor-tab-content elementor-clearfix elementor-active\" role=\"tabpanel\" data-tab=\"4\" aria-labelledby=\"elementor-tab-title-1944\">\n<p>Os envios s\u00e3o imediatos. Ap\u00f3s sua compra, o trabalho j\u00e1 \u00e9 disponibilizado instantaneamente aqui em nosso site e no seu e-mail.<\/p>\n<h4>E se o portf\u00f3lio que comprei precisar de corre\u00e7\u00e3o?<\/h4>\n<\/div>\n<\/div>\n<div class=\"elementor-toggle-item\">\n<div id=\"elementor-tab-content-1945\" class=\"elementor-tab-content elementor-clearfix elementor-active\" role=\"tabpanel\" data-tab=\"5\" aria-labelledby=\"elementor-tab-title-1945\">\n<p>Caso haja alguma solicita\u00e7\u00e3o de corre\u00e7\u00e3o\/altera\u00e7\u00e3o por parte do tutor, basta entrar em contato conosco pelo\u00a0WhatsApp\u00a0que provid\u00eanciaremos sem custo algum.<\/p>\n<h4>Qual o formato do arquivo?<\/h4>\n<\/div>\n<\/div>\n<div class=\"elementor-toggle-item\">\n<div id=\"elementor-tab-content-1946\" class=\"elementor-tab-content elementor-clearfix elementor-active\" role=\"tabpanel\" data-tab=\"6\" aria-labelledby=\"elementor-tab-title-1946\">\n<p>Os arquivos s\u00e3o enviados em formato Word e s\u00e3o edit\u00e1veis.<\/p>\n<h4>Caso eu tiver alguma d\u00favida, terei suporte no p\u00f3s venda?<\/h4>\n<\/div>\n<\/div>\n<div class=\"elementor-toggle-item\">\n<div id=\"elementor-tab-content-1948\" class=\"elementor-tab-content elementor-clearfix elementor-active\" role=\"tabpanel\" data-tab=\"8\" aria-labelledby=\"elementor-tab-title-1948\">\n<p>Sim, com certeza. Basta clicar no \u00edcone do WhatsApp no cantinho da tela. Ser\u00e1 um prazer atend\u00ea-lo(a).<\/p>\n<div class=\"elementor-toggle-item\">\n<div id=\"elementor-tab-content-1948\" class=\"elementor-tab-content elementor-clearfix elementor-active\" role=\"tabpanel\" data-tab=\"8\" aria-labelledby=\"elementor-tab-title-1948\">\n<h4>Quais os seus canais de contato?<\/h4>\n<\/div>\n<\/div>\n<div class=\"elementor-toggle-item\">\n<div id=\"elementor-tab-content-1949\" class=\"elementor-tab-content elementor-clearfix elementor-active\" role=\"tabpanel\" data-tab=\"9\" aria-labelledby=\"elementor-tab-title-1949\">\n<p>Whatsapp: 53 984751621 \u2013 Clicar no canto da tela ou ESCANEIE O QRCODE ABAIXO<\/p>\n<h4><img decoding=\"async\" class=\"alignnone wp-image-13699 jetpack-lazy-image jetpack-lazy-image--handled\" src=\"https:\/\/i0.wp.com\/portifolioos-prontos.com\/wp-content\/uploads\/2023\/02\/whatsapp-business-projeto-de-extensao-300x300.jpeg?resize=144%2C144\" sizes=\"(max-width: 144px) 100vw, 144px\" srcset=\"https:\/\/i0.wp.com\/portifolioos-prontos.com\/wp-content\/uploads\/2023\/02\/whatsapp-business-projeto-de-extensao.jpeg?resize=300%2C301&amp;ssl=1 300w, https:\/\/i0.wp.com\/portifolioos-prontos.com\/wp-content\/uploads\/2023\/02\/whatsapp-business-projeto-de-extensao.jpeg?resize=150%2C150&amp;ssl=1 150w, https:\/\/i0.wp.com\/portifolioos-prontos.com\/wp-content\/uploads\/2023\/02\/whatsapp-business-projeto-de-extensao.jpeg?resize=370%2C372&amp;ssl=1 370w, https:\/\/i0.wp.com\/portifolioos-prontos.com\/wp-content\/uploads\/2023\/02\/whatsapp-business-projeto-de-extensao.jpeg?resize=100%2C100&amp;ssl=1 100w, https:\/\/i0.wp.com\/portifolioos-prontos.com\/wp-content\/uploads\/2023\/02\/whatsapp-business-projeto-de-extensao.jpeg?w=470&amp;ssl=1 470w\" alt=\"projeto de extens\u00e3o unopar\" width=\"144\" height=\"144\" data-lazy-loaded=\"1\" \/><\/h4>\n<\/div>\n<\/div>\n<\/div>\n<\/div>\n<div class=\"elementor-toggle-item\">\n<div id=\"elementor-tab-content-1949\" class=\"elementor-tab-content elementor-clearfix elementor-active\" role=\"tabpanel\" data-tab=\"9\" aria-labelledby=\"elementor-tab-title-1949\">\n<p>E-mail:portifoliosp@gmail.com<\/p>\n<div id=\"attachment_143\" class=\"wp-caption alignnone\">\n<div id=\"attachment_143\" class=\"wp-caption alignnone\" style=\"width: 128px;\">\n<p><a href=\"http:\/\/portifolioos-prontos.com\/\"><img decoding=\"async\" class=\"wp-image-143 jetpack-lazy-image jetpack-lazy-image--handled\" title=\"portfolio pronto unopar\" src=\"https:\/\/i0.wp.com\/portifolioos-prontos.com\/wp-content\/uploads\/2022\/04\/conceitomaximo.png?resize=161%2C46\" alt=\"PORTFOLIO PRONTO UNOPAR ANHANGUERA\" width=\"128\" height=\"37\" aria-describedby=\"caption-attachment-143\" data-lazy-loaded=\"1\" \/><\/a><\/p>\n<p id=\"caption-attachment-143\" class=\"wp-caption-text\">Portf\u00f3lio em Word, respondido, completo e j\u00e1 nas normas.<\/p>\n<\/div>\n<\/div>\n<\/div>\n<\/div>\n","protected":false},"excerpt":{"rendered":"<div class=\"product-short-description\">\n<h5><strong>Pague pelo PIX ou cart\u00e3o e fa\u00e7a o download agora mesmo.<\/strong><\/h5>\n<\/div>\n<div class=\"sticky-add-to-cart-wrapper\">\n<div class=\"sticky-add-to-cart\">\n<div class=\"quantity buttons_added form-flat\"><img decoding=\"async\" class=\"alignnone wp-image-761\" src=\"http:\/\/portifolioos-prontos.com\/wp-content\/uploads\/2022\/04\/PIX-300x107.webp\" alt=\"\" width=\"78\" height=\"28\" \/>\u00a0\u00a0<img loading=\"lazy\" decoding=\"async\" class=\"\" src=\"https:\/\/d26lpennugtm8s.cloudfront.net\/assets\/common\/img\/logos\/payment\/visa@2x.png\" width=\"46\" height=\"29\" \/><img loading=\"lazy\" decoding=\"async\" class=\"\" src=\"https:\/\/d26lpennugtm8s.cloudfront.net\/assets\/common\/img\/logos\/payment\/boleto@2x.png\" width=\"43\" height=\"27\" \/><img loading=\"lazy\" decoding=\"async\" class=\"\" src=\"https:\/\/d26lpennugtm8s.cloudfront.net\/assets\/common\/img\/logos\/payment\/mastercard@2x.png\" width=\"43\" height=\"27\" \/><img loading=\"lazy\" decoding=\"async\" class=\"\" src=\"https:\/\/d26lpennugtm8s.cloudfront.net\/assets\/common\/img\/logos\/payment\/amex@2x.png\" width=\"43\" height=\"27\" \/><img loading=\"lazy\" decoding=\"async\" class=\"\" src=\"https:\/\/d26lpennugtm8s.cloudfront.net\/assets\/common\/img\/logos\/payment\/diners@2x.png\" width=\"46\" height=\"29\" \/><img loading=\"lazy\" decoding=\"async\" class=\"\" src=\"https:\/\/d26lpennugtm8s.cloudfront.net\/assets\/common\/img\/logos\/payment\/br\/elo@2x.png\" width=\"45\" height=\"28\" \/><img loading=\"lazy\" decoding=\"async\" class=\"\" src=\"https:\/\/d26lpennugtm8s.cloudfront.net\/assets\/common\/img\/logos\/payment\/br\/hipercard@2x.png\" width=\"44\" height=\"28\" \/><img loading=\"lazy\" decoding=\"async\" class=\"\" src=\"https:\/\/d26lpennugtm8s.cloudfront.net\/assets\/common\/img\/logos\/payment\/mercadopago@2x.png\" width=\"45\" height=\"28\" \/><\/div>\n<\/div>\n<\/div>\n","protected":false},"featured_media":24302,"template":"","meta":{"_seopress_robots_primary_cat":"none","_seopress_titles_title":"%%post_title%% %%sitetitle%%","_seopress_titles_desc":"%%post_content%%","_seopress_robots_index":""},"product_cat":[31,113,15],"product_tag":[],"class_list":{"0":"post-24299","1":"product","2":"type-product","3":"status-publish","4":"has-post-thumbnail","6":"product_cat-ciencias-economicas","7":"product_cat-gestao-do-projeto-educativo-tcc","8":"product_cat-uncategorized","10":"first","11":"instock","12":"shipping-taxable","13":"purchasable","14":"product-type-simple","15":"col-xs-6 col-sm-4","16":"col-mf-5","17":"un-5-cols"},"jetpack_sharing_enabled":true,"_links":{"self":[{"href":"https:\/\/portifolioos-prontos.com\/index.php\/wp-json\/wp\/v2\/product\/24299","targetHints":{"allow":["GET"]}}],"collection":[{"href":"https:\/\/portifolioos-prontos.com\/index.php\/wp-json\/wp\/v2\/product"}],"about":[{"href":"https:\/\/portifolioos-prontos.com\/index.php\/wp-json\/wp\/v2\/types\/product"}],"version-history":[{"count":0,"href":"https:\/\/portifolioos-prontos.com\/index.php\/wp-json\/wp\/v2\/product\/24299\/revisions"}],"wp:featuredmedia":[{"embeddable":true,"href":"https:\/\/portifolioos-prontos.com\/index.php\/wp-json\/wp\/v2\/media\/24302"}],"wp:attachment":[{"href":"https:\/\/portifolioos-prontos.com\/index.php\/wp-json\/wp\/v2\/media?parent=24299"}],"wp:term":[{"taxonomy":"product_cat","embeddable":true,"href":"https:\/\/portifolioos-prontos.com\/index.php\/wp-json\/wp\/v2\/product_cat?post=24299"},{"taxonomy":"product_tag","embeddable":true,"href":"https:\/\/portifolioos-prontos.com\/index.php\/wp-json\/wp\/v2\/product_tag?post=24299"}],"curies":[{"name":"wp","href":"https:\/\/api.w.org\/{rel}","templated":true}]}}