{"id":24874,"date":"2024-04-08T21:14:30","date_gmt":"2024-04-09T00:14:30","guid":{"rendered":"https:\/\/portifolioos-prontos.com\/?post_type=product&#038;p=24874"},"modified":"2025-08-11T22:02:44","modified_gmt":"2025-08-12T01:02:44","slug":"aula-pratica-mecanica-geral-aplicada","status":"publish","type":"product","link":"https:\/\/portifolioos-prontos.com\/index.php\/product\/aula-pratica-mecanica-geral-aplicada\/","title":{"rendered":"Aula Pr\u00e1tica \u2013 Mec\u00e2nica Geral Aplicada"},"content":{"rendered":"<h3>Aula Pr\u00e1tica Mec\u00e2nica geral aplicada<\/h3>\n<hr \/>\n<p>ROTEIRO DE AULA PR\u00c1TICA<br \/>\nNOME DA DISCIPLINA: MEC\u00c2NICA GERAL APLICADA<br \/>\nUnidade: CONCEITOS FUNDAMENTAIS DE CINEM\u00c1TICA E DIN\u00c2MICA<br \/>\nSe\u00e7\u00e3o: Cinem\u00e1tica de uma part\u00edcula- An\u00e1lise instant\u00e2nea do movimento da part\u00edcula<br \/>\nOBJETIVOS<br \/>\nDefini\u00e7\u00e3o dos objetivos da aula pr\u00e1tica:<br \/>\nO experimento proposto consiste em analisar o movimento de um corpo descrito por uma reta e<br \/>\nque apresenta velocidade vari\u00e1vel (MRUV). Para isso, ser\u00e1 necess\u00e1rio:<br \/>\n\u2013 Identificar as caracter\u00edsticas de um movimento retil\u00edneo uniformemente variado (MRUV);<br \/>\n\u2013 Coletar dados experimentais;<br \/>\n\u2013 Construir o gr\u00e1fico da varia\u00e7\u00e3o da posi\u00e7\u00e3o do m\u00f3vel em fun\u00e7\u00e3o do tempo;<br \/>\n\u2013 Determinar a velocidade m\u00e9dia.<br \/>\nINFRAESTRUTURA<br \/>\nInstala\u00e7\u00f5es \u2013 Materiais de consumo \u2013 Equipamentos:<br \/>\nN\u00e3o se aplica<br \/>\nSOLU\u00c7\u00c3O DIGITAL<br \/>\n\u2022 ALGETEC \u2013 CI\u00caNCIAS NATURAIS (F\u00cdSICA E QU\u00cdMICA) (Simulador)<br \/>\nOs Laborat\u00f3rios Virtuais Algetec s\u00e3o simuladores digitais que replicam, com alto grau de<br \/>\nfidelidade, as pr\u00e1ticas realizadas em um laborat\u00f3rio f\u00edsico.<\/p>\n<p>EQUIPAMENTO DE PROTE\u00c7\u00c3O INDIVIDUAL (EPI)<br \/>\nN\u00e3o se aplica<br \/>\nPROCEDIMENTOS PR\u00c1TICOS<br \/>\nProcedimento\/Atividade n\u00ba 1 (Virtual)<br \/>\nAtividade proposta:<br \/>\n3<br \/>\nAnalisar o movimento de um objeto, descrito por uma linha reta, apresentando o gr\u00e1fico do<br \/>\nmovimento e a velocidade m\u00e9dia em cada ponto.<br \/>\nProcedimentos para a realiza\u00e7\u00e3o da atividade:<br \/>\nNesse experimento voc\u00ea ir\u00e1 utilizar o plano inclinado, onde far\u00e1 uso de um carrinho, um im\u00e3<br \/>\npara segurar o movimento do carrinho, um n\u00edvel bolha para nivelar a base de ensaio, um fuso<br \/>\npara mudar o \u00e2ngulo do trilho e um cron\u00f4metro para realizar a medi\u00e7\u00e3o do tempo em que o<br \/>\ncarrinho percorre a trajet\u00f3ria no trilho.<br \/>\nPara realizar o experimento:<br \/>\nVoc\u00ea dever\u00e1 acessar o site da ALGETEC. Nesse site, acesse \u201cCursos\u201d no menu localizado \u00e0<br \/>\nesquerda, e logo ap\u00f3s clique em \u201cCi\u00eancias Naturais (F\u00edsica e Qu\u00edmica)\u201d. Na nova aba, na op\u00e7\u00e3o<br \/>\nde conte\u00fado do curso, selecione \u201cF\u00edsica\u201d e ent\u00e3o acesse o experimento \u201cMovimento Retil\u00edneo<br \/>\nUniformemente Variado (MRUV)\u201d. Ir\u00e1 abrir a p\u00e1gina inicial do simulador, contendo o menu das<br \/>\natividades. Clique na op\u00e7\u00e3o \u201cExperimento\u201d e acesse o laborat\u00f3rio virtual.<br \/>\nCaso seja seu primeiro acesso aos simuladores da plataforma Algetec, o software pode<br \/>\nAula Pr\u00e1tica Mec\u00e2nica geral aplicada<br \/>\ndemorar<br \/>\num pouco para carregar. Contudo, nos pr\u00f3ximos acessos o carregamento ser\u00e1 mais r\u00e1pido!<br \/>\nVoc\u00ea<br \/>\ntamb\u00e9m pode olhar os outros \u00edtens do Menu, que lhe trar\u00e3o mais informa\u00e7\u00f5es a respeito do<br \/>\ntema<br \/>\nabordado e do experimento que ser\u00e1 realizado, contendo inclusive alguns exerc\u00edcios pr\u00e9 e p\u00f3s<br \/>\nexperimento.<br \/>\nAo abrir o experimento, a pr\u00f3xima etapa consiste em montar e ajustar o experimento. Para isso,<br \/>\narraste o n\u00edvel bolha at\u00e9 o plano inclinado, clicando com o bot\u00e3o esquerdo do mouse sobre ele<br \/>\ne<br \/>\narrastando-o.<br \/>\nNivele a base, ajustando os \u201cp\u00e9s\u201d da base do plano inclinado, colocando o n\u00edvel bolha no local<br \/>\napontado pela seta vermelha deixando centralizado, clicando com o bot\u00e3o direito do mouse no<br \/>\nn\u00edvel bolha e selecionando a op\u00e7\u00e3o \u201cNivelar base\u201d.<br \/>\nArraste o \u00edm\u00e3 para o in\u00edcio do trilho, onde aponta a seta vermelha, para que possa segurar o<br \/>\ncarrinho.<br \/>\nPosicione o sensor na posi\u00e7\u00e3o 300 de dist\u00e2ncia do in\u00edcio da trajet\u00f3ria.<br \/>\nPosicione o fuso elevador para alterar grandes inclina\u00e7\u00f5es, clicando com o bot\u00e3o esquerdo do<br \/>\nmouse sobre o fuso e arrastando-o para perto do n\u00edvel bolha. Inicie a etapa de regulagem do<br \/>\n\u00e2ngulo da rampa, clicando com o bot\u00e3o direito do mouse no fuso elevador e selecionando a<br \/>\nop\u00e7\u00e3o \u201cGirar fuso\u201d.<br \/>\nAula Pr\u00e1tica Mec\u00e2nica geral aplicada<br \/>\nCom o fuso na posi\u00e7\u00e3o de grandes inclina\u00e7\u00f5es, ajuste o \u00e2ngulo para 10\u00b0 clicando com o bot\u00e3o<br \/>\nesquerdo do mouse nas setas \u201cSubir\u201d e \u201cDescer\u201d.<br \/>\nVisualize o cron\u00f4metro, em detalhes, acessando a c\u00e2mera \u201cCron\u00f4metro\u201d, clicando com o bot\u00e3o<br \/>\nesquerdo do mouse sobre o menu lateral esquerdo. Conecte a fonte de alimenta\u00e7\u00e3o do<br \/>\nmulticron\u00f4metro na tomada, clicando e arrastando com o bot\u00e3o esquerdo do mouse sobre a<br \/>\nfonte.<br \/>\nA janela do multicron\u00f4metro ser\u00e1 exibida.<br \/>\nPara ligar o multicron\u00f4metro, clique com o bot\u00e3o esquerdo do mouse no bot\u00e3o \u201cPower\u201d. Clique<br \/>\ncom o bot\u00e3o esquerdo do mouse no bot\u00e3o \u201cReset\u201d para voltar \u00e0 sele\u00e7\u00e3o de fun\u00e7\u00f5es. Para<br \/>\nselecionar uma das fun\u00e7\u00f5es que aparecem no visor, clique com o bot\u00e3o esquerdo do mouse<br \/>\nnos bot\u00f5es retangulares azuis. Para ajustar valores, clique com o bot\u00e3o esquerdo do mouse nas<br \/>\nsetas.<br \/>\nConecte o cabo do disparador na porta S0 do multicron\u00f4metro, clicando e arrastando com o<br \/>\nbot\u00e3o esquerdo do mouse para o local indicado com a seta vermelha, conforme demonstrado<br \/>\nabaixo.<br \/>\nPara operar o multicron\u00f4metro, selecione o idioma<br \/>\nSelecione a fun\u00e7\u00e3o clicando no bot\u00e3o quadrado que indica as setas na tela at\u00e9 que apare\u00e7a a<br \/>\nfun\u00e7\u00e3o \u201cF3 10PASS 1SEN\u201d. Em seguida, clique no bot\u00e3o quadrado no meio da tela em que<br \/>\nindica \u201cok\u201d para selecionar a fun\u00e7\u00e3o.<br \/>\nClique no quadrado que indica \u201cok\u201d na tela para come\u00e7ar.<br \/>\nVoc\u00ea est\u00e1 pronto para come\u00e7ar o experimento.<br \/>\nAcesse a c\u00e2mera \u201cPlano inclinado\u201d.<br \/>\nClique com o bot\u00e3o esquerdo do mouse no carrinho e arraste-o at\u00e9 ele ficar em cima do trilho,<br \/>\nonde ser\u00e1 segurado o movimento pelo im\u00e3.<br \/>\nAp\u00f3s a retirada do \u00edm\u00e3, o carrinho descer\u00e1 e o sensor ir\u00e1 captar o instante de tempo em 10<br \/>\npontos marcados na r\u00e9gua sobre o carrinho que estar\u00e3o \u00e0 0 mm, 18 mm, 36 mm, 54 mm, 72<br \/>\nmm, 90 mm, 108 mm, 126 mm, 144 mm, 162 mm e 180 mm.<br \/>\nAula Pr\u00e1tica Mec\u00e2nica geral aplicada<br \/>\nUma vez terminado o movimento do carrinho, realize a leitura dos resultados utilizando as<br \/>\nfun\u00e7\u00f5es do multicron\u00f4metro. Clique com o bot\u00e3o esquerdo do mouse no bot\u00e3o destacado em<br \/>\namarelo para verificar os resultados e no bot\u00e3o destacado em verde para repetir o experimento<br \/>\nLeia o resultado do experimento<br \/>\nClique nas setas destacadas em amarelo para ver os pontos de medidas e seus resultados.<br \/>\nEm seguida, calcule o quadrado do tempo em cada momento, elevando o valor do tempo<br \/>\nencontrado ao quadrado. Anote os valores em uma tabela semelhante \u00e0 tabela abaixo.<br \/>\nChegou o momento de analisarmos e interpretarmos o experimento que foi realizado, bem<br \/>\ncomo os dados obtidos. Para isso, responda os questionamentos abaixo:<br \/>\n1. No in\u00edcio do experimento, a etapa de nivelar o plano inclinado precisou ser executada. Por<br \/>\nque \u00e9 importante nivelar a base do plano inclinado?<br \/>\n2. Apresente uma tabela com os dados de posi\u00e7\u00e3o, tempo e o quadrado do tempo obtidos no<br \/>\nexperimento (com \u00e2ngulo de inclina\u00e7\u00e3o de 10\u00ba).<br \/>\n3. Com base nos dados obtidos construa e apresente o gr\u00e1fico de espa\u00e7o pelo tempo da esfera,<br \/>\ne tamb\u00e9m o gr\u00e1fico do espa\u00e7o pelo quadrado do tempo. Qual a diferen\u00e7a desses gr\u00e1ficos? Qual<br \/>\nfun\u00e7\u00e3o eles representam?<br \/>\nAula Pr\u00e1tica Mec\u00e2nica geral aplicada<br \/>\n4. Calcule as velocidades para os pontos medidos t4, t6, t8, t10 e anote em uma tabela<br \/>\nsemelhante \u00e0 demonstrada a seguir. Utilize a f\u00f3rmula de velocidade m\u00e9dia, onde:<br \/>\nUtilize a tabela abaixo para anotar os dados:<br \/>\n5. Repita os c\u00e1lculos da quest\u00e3o 4 para o quadrado do tempo e monte uma tabela. Esse valor<br \/>\nencontrado ainda se refere a velocidade do carrinho?<br \/>\n6. Porque \u00e9 poss\u00edvel afirmar que esse movimento \u00e9 uniformemente variado?<br \/>\nChecklist:<br \/>\n\u2013 Monte e ajuste o experimento;<br \/>\n\u2013 Nivele a base;<br \/>\n\u2013 Posicione o fuso elevador e o im\u00e3 em cima do trilho;<br \/>\n\u2013 Ajuste a inclina\u00e7\u00e3o do trilho em 10\u00ba;<br \/>\n\u2013 Ligue o multicron\u00f4metro e conecte o cabo;<br \/>\n\u2013 Coloque o carrinho em cima do plano;<br \/>\n\u2013 Realize o experimento;<br \/>\n\u2013 Analise os resultados, construa os gr\u00e1ficos e calcule velocidade m\u00e9dia.<br \/>\nRESULTADOS<br \/>\nResultados de Aprendizagem:<br \/>\n8<br \/>\nSaber realizar os gr\u00e1ficos de varia\u00e7\u00e3o da posi\u00e7\u00e3o do m\u00f3vel em fun\u00e7\u00e3o do tempo, determinando<br \/>\na velocidade m\u00e9dia do corpo.<\/p>\n<div class=\"elementor-toggle-item\">\n<div id=\"elementor-tab-content-1941\" class=\"elementor-tab-content elementor-clearfix elementor-active\" role=\"tabpanel\" data-tab=\"1\" aria-labelledby=\"elementor-tab-title-1941\">\n<div class=\"elementor-toggle-item\">\n<p id=\"elementor-tab-title-1941\" class=\"elementor-tab-title elementor-active\" tabindex=\"0\" role=\"tab\" data-tab=\"1\" aria-controls=\"elementor-tab-content-1941\" aria-expanded=\"true\" aria-selected=\"true\"><strong>Como funciona?<\/strong><\/p>\n<p>Elaboramos os portf\u00f3lios, j\u00e1 deixamos prontos, nas normas da ABNT e conforme os requisitos da universidade. F\u00e1cil assim! O MELHOR \u00c9 QUE VOC\u00ca COMPRA E J\u00c1 BAIXA NA HORA O SEU ARQUIVO EM WORD! Sabemos que conciliar trabalho, fam\u00edlia, vida profissional e estudos \u00e9 dif\u00edcil hoje em dia, por isso, estamos aqui para ajudar voc\u00ea. Conte com nossa qualidade, experi\u00eancia e profissionalismo adquirindo seu portf\u00f3lio conosco. GARANTIMOS SEU CONCEITO!<\/p>\n<p><strong>Como se realizam os envios?<\/strong><\/p>\n<\/div>\n<p id=\"elementor-tab-content-1942\" class=\"elementor-tab-content elementor-clearfix elementor-active\" role=\"tabpanel\" data-tab=\"2\" aria-labelledby=\"elementor-tab-title-1942\">O seu trabalho \u00e9 disponibilizado pronto, respondido e nas normas j\u00e1 na mesma hora aqui em nosso site na sua \u00e1rea de downloads e tamb\u00e9m no seu e-mail.<\/p>\n<p><strong>Em quanto tempo recebo o portf\u00f3lio?<\/strong><\/p>\n<p>Os envios s\u00e3o imediatos. Ap\u00f3s sua compra, o trabalho j\u00e1 \u00e9 disponibilizado instantaneamente aqui em nosso site e no seu e-mail.<\/p>\n<p><strong>E se o portf\u00f3lio que comprei precisar de corre\u00e7\u00e3o?<\/strong><\/p>\n<p>Caso haja alguma solicita\u00e7\u00e3o de corre\u00e7\u00e3o\/altera\u00e7\u00e3o por parte do tutor, basta entrar em contato conosco pelo\u00a0WhatsApp\u00a0que provid\u00eanciaremos sem custo algum.<\/p>\n<p><strong>Qual o formato do arquivo?<\/strong><\/p>\n<p>Os arquivos s\u00e3o enviados em formato Word e s\u00e3o edit\u00e1veis.<\/p>\n<p><strong>Caso eu tiver alguma d\u00favida, terei suporte no p\u00f3s venda?<\/strong><\/p>\n<p>Sim, com certeza. Basta clicar no \u00edcone do WhatsApp no cantinho da tela. Ser\u00e1 um prazer atend\u00ea-lo(a).<\/p>\n<div id=\"elementor-tab-content-1948\" class=\"elementor-tab-content elementor-clearfix elementor-active\" role=\"tabpanel\" data-tab=\"8\" aria-labelledby=\"elementor-tab-title-1948\">\n<p><strong>Quais os seus canais de contato?<\/strong><\/p>\n<\/div>\n<div id=\"elementor-tab-content-1949\" class=\"elementor-tab-content elementor-clearfix elementor-active\" role=\"tabpanel\" data-tab=\"9\" aria-labelledby=\"elementor-tab-title-1949\">\n<p>Whatsapp: 53 984751621 \u2013 Clicar no canto da tela ou ESCANEIE O QRCODE ABAIXO<\/p>\n<h4><img decoding=\"async\" class=\"alignnone wp-image-13699 jetpack-lazy-image jetpack-lazy-image--handled\" src=\"https:\/\/i0.wp.com\/portifolioos-prontos.com\/wp-content\/uploads\/2023\/02\/whatsapp-business-projeto-de-extensao-300x300.jpeg?resize=144%2C144\" sizes=\"(max-width: 144px) 100vw, 144px\" srcset=\"https:\/\/i0.wp.com\/portifolioos-prontos.com\/wp-content\/uploads\/2023\/02\/whatsapp-business-projeto-de-extensao.jpeg?resize=300%2C301&amp;ssl=1 300w, https:\/\/i0.wp.com\/portifolioos-prontos.com\/wp-content\/uploads\/2023\/02\/whatsapp-business-projeto-de-extensao.jpeg?resize=150%2C150&amp;ssl=1 150w, https:\/\/i0.wp.com\/portifolioos-prontos.com\/wp-content\/uploads\/2023\/02\/whatsapp-business-projeto-de-extensao.jpeg?resize=370%2C372&amp;ssl=1 370w, https:\/\/i0.wp.com\/portifolioos-prontos.com\/wp-content\/uploads\/2023\/02\/whatsapp-business-projeto-de-extensao.jpeg?resize=100%2C100&amp;ssl=1 100w, https:\/\/i0.wp.com\/portifolioos-prontos.com\/wp-content\/uploads\/2023\/02\/whatsapp-business-projeto-de-extensao.jpeg?w=470&amp;ssl=1 470w\" alt=\"projeto de extens\u00e3o unopar\" width=\"144\" height=\"144\" data-lazy-loaded=\"1\" \/><\/h4>\n<\/div>\n<div class=\"elementor-toggle-item\">\n<div id=\"elementor-tab-content-1949\" class=\"elementor-tab-content elementor-clearfix elementor-active\" role=\"tabpanel\" data-tab=\"9\" aria-labelledby=\"elementor-tab-title-1949\">\n<p>E-mail:portifoliosp@gmail.com<\/p>\n<div id=\"attachment_143\" class=\"wp-caption alignnone\">\n<div id=\"attachment_143\" class=\"wp-caption alignnone\">\n<p id=\"caption-attachment-143\" class=\"wp-caption-text\"><a href=\"http:\/\/portfolio-pronto.com\/\">Portf\u00f3lio<\/a>\u00a0em Word, respondido, completo e j\u00e1 nas normas<\/p>\n<\/div>\n<\/div>\n<\/div>\n<\/div>\n<\/div>\n<\/div>\n","protected":false},"excerpt":{"rendered":"<div class=\"product-short-description\">\n<div class=\"product-short-description\">\n<p><strong>Pague pelo PIX ou cart\u00e3o e fa\u00e7a o download agora mesmo.<\/strong><\/p>\n<\/div>\n<div class=\"sticky-add-to-cart-wrapper\">\n<div class=\"sticky-add-to-cart\">\n<p class=\"quantity buttons_added form-flat\"><img decoding=\"async\" class=\"lazyloaded smush-image-5 smush-image-3 smush-image-4 smush-detected-img smush-image-bigger-3\" src=\"https:\/\/d26lpennugtm8s.cloudfront.net\/assets\/common\/img\/logos\/payment\/visa@2x.png\" width=\"46\" height=\"29\" data-src=\"https:\/\/d26lpennugtm8s.cloudfront.net\/assets\/common\/img\/logos\/payment\/visa@2x.png\" \/><img decoding=\"async\" class=\"lazyloaded smush-image-6 smush-image-4 smush-image-5 smush-detected-img smush-image-bigger-4\" src=\"https:\/\/d26lpennugtm8s.cloudfront.net\/assets\/common\/img\/logos\/payment\/boleto@2x.png\" width=\"43\" height=\"27\" data-src=\"https:\/\/d26lpennugtm8s.cloudfront.net\/assets\/common\/img\/logos\/payment\/boleto@2x.png\" \/><img loading=\"lazy\" decoding=\"async\" class=\"lazyloaded smush-image-7 smush-image-5 smush-image-6 smush-detected-img smush-image-bigger-5\" src=\"https:\/\/d26lpennugtm8s.cloudfront.net\/assets\/common\/img\/logos\/payment\/mastercard@2x.png\" width=\"43\" height=\"27\" data-src=\"https:\/\/d26lpennugtm8s.cloudfront.net\/assets\/common\/img\/logos\/payment\/mastercard@2x.png\" \/><img loading=\"lazy\" decoding=\"async\" class=\"lazyloaded smush-image-8 smush-image-6 smush-image-7 smush-detected-img smush-image-bigger-6\" src=\"https:\/\/d26lpennugtm8s.cloudfront.net\/assets\/common\/img\/logos\/payment\/amex@2x.png\" width=\"43\" height=\"27\" data-src=\"https:\/\/d26lpennugtm8s.cloudfront.net\/assets\/common\/img\/logos\/payment\/amex@2x.png\" \/><img loading=\"lazy\" decoding=\"async\" class=\"lazyloaded smush-image-9 smush-image-7 smush-image-8 smush-detected-img smush-image-bigger-7\" src=\"https:\/\/d26lpennugtm8s.cloudfront.net\/assets\/common\/img\/logos\/payment\/diners@2x.png\" width=\"46\" height=\"29\" data-src=\"https:\/\/d26lpennugtm8s.cloudfront.net\/assets\/common\/img\/logos\/payment\/diners@2x.png\" \/><img loading=\"lazy\" decoding=\"async\" class=\"lazyloaded smush-image-10 smush-image-8 smush-image-9 alignnone smush-detected-img smush-image-bigger-8\" src=\"https:\/\/d26lpennugtm8s.cloudfront.net\/assets\/common\/img\/logos\/payment\/br\/elo@2x.png\" alt=\"portf\u00f3lio unopar anhanguera\" width=\"45\" height=\"28\" data-src=\"https:\/\/d26lpennugtm8s.cloudfront.net\/assets\/common\/img\/logos\/payment\/br\/elo@2x.png\" \/><img loading=\"lazy\" decoding=\"async\" class=\"lazyloaded smush-image-11 smush-image-9 smush-image-10 alignnone smush-detected-img smush-image-bigger-9\" src=\"https:\/\/d26lpennugtm8s.cloudfront.net\/assets\/common\/img\/logos\/payment\/br\/hipercard@2x.png\" alt=\"portf\u00f3lio unopar anhanguera\" width=\"44\" height=\"28\" data-src=\"https:\/\/d26lpennugtm8s.cloudfront.net\/assets\/common\/img\/logos\/payment\/br\/hipercard@2x.png\" \/><img loading=\"lazy\" decoding=\"async\" class=\"lazyloaded smush-image-12 smush-image-10 smush-image-11 alignnone smush-detected-img smush-image-bigger-10\" src=\"https:\/\/d26lpennugtm8s.cloudfront.net\/assets\/common\/img\/logos\/payment\/mercadopago@2x.png\" alt=\"portf\u00f3lio unopar anhanguera\" width=\"45\" height=\"28\" data-src=\"https:\/\/d26lpennugtm8s.cloudfront.net\/assets\/common\/img\/logos\/payment\/mercadopago@2x.png\" \/><img loading=\"lazy\" decoding=\"async\" class=\"alignnone lazyloaded smush-detected-img smush-image-bigger-11\" src=\"https:\/\/futurium.com.br\/wp-content\/uploads\/2021\/06\/logo-pix-icone-512.png\" alt=\"portfolio pronto\" width=\"30\" height=\"30\" data-src=\"https:\/\/futurium.com.br\/wp-content\/uploads\/2021\/06\/logo-pix-icone-512.png\" \/><\/p>\n<\/div>\n<\/div>\n<\/div>\n","protected":false},"featured_media":24877,"template":"","meta":{"_seopress_robots_primary_cat":"none","_seopress_titles_title":"%%post_title%% %%sitetitle%%","_seopress_titles_desc":"%%post_content%%","_seopress_robots_index":""},"product_cat":[15],"product_tag":[],"class_list":{"0":"post-24874","1":"product","2":"type-product","3":"status-publish","4":"has-post-thumbnail","6":"product_cat-uncategorized","8":"first","9":"instock","10":"downloadable","11":"virtual","12":"purchasable","13":"product-type-simple","14":"col-xs-6 col-sm-4","15":"col-mf-5","16":"un-5-cols"},"jetpack_sharing_enabled":true,"_links":{"self":[{"href":"https:\/\/portifolioos-prontos.com\/index.php\/wp-json\/wp\/v2\/product\/24874","targetHints":{"allow":["GET"]}}],"collection":[{"href":"https:\/\/portifolioos-prontos.com\/index.php\/wp-json\/wp\/v2\/product"}],"about":[{"href":"https:\/\/portifolioos-prontos.com\/index.php\/wp-json\/wp\/v2\/types\/product"}],"version-history":[{"count":0,"href":"https:\/\/portifolioos-prontos.com\/index.php\/wp-json\/wp\/v2\/product\/24874\/revisions"}],"wp:featuredmedia":[{"embeddable":true,"href":"https:\/\/portifolioos-prontos.com\/index.php\/wp-json\/wp\/v2\/media\/24877"}],"wp:attachment":[{"href":"https:\/\/portifolioos-prontos.com\/index.php\/wp-json\/wp\/v2\/media?parent=24874"}],"wp:term":[{"taxonomy":"product_cat","embeddable":true,"href":"https:\/\/portifolioos-prontos.com\/index.php\/wp-json\/wp\/v2\/product_cat?post=24874"},{"taxonomy":"product_tag","embeddable":true,"href":"https:\/\/portifolioos-prontos.com\/index.php\/wp-json\/wp\/v2\/product_tag?post=24874"}],"curies":[{"name":"wp","href":"https:\/\/api.w.org\/{rel}","templated":true}]}}