{"id":24938,"date":"2024-04-10T18:49:16","date_gmt":"2024-04-10T21:49:16","guid":{"rendered":"https:\/\/portifolioos-prontos.com\/?post_type=product&#038;p=24938"},"modified":"2025-08-03T17:18:41","modified_gmt":"2025-08-03T20:18:41","slug":"projeto-integrado-sintese-cst-gestao-de-eventos","status":"publish","type":"product","link":"https:\/\/portifolioos-prontos.com\/index.php\/product\/projeto-integrado-sintese-cst-gestao-de-eventos\/","title":{"rendered":"Projeto Integrado S\u00edntese &#8211; CST Gest\u00e3o de Eventos"},"content":{"rendered":"<h3>Projeto Integrado S\u00edntese &#8211; CST Gest\u00e3o de Eventos<\/h3>\n<p>A proposta do Projeto Integrador ter\u00e1 como tem\u00e1tica Como eventos criativos podem<br \/>\nmelhorar sua cidade?<br \/>\nSITUA\u00c7\u00c3O GERADORA DE APRENDIZAGEM (SGA)<br \/>\nComo eventos criativos podem melhorar sua cidade?<br \/>\nMonteriggioni \u00e9 uma cidade italiana que poderia sobreviver turisticamente apenas por ser<br \/>\numa cidade italiana, a uma hora de carro de Floren\u00e7a, uma vez que \u00e9 muito charmosa com sua<br \/>\narquitetura medieval e povo hospitaleiro.<br \/>\nContudo, ela resolveu fazer mais para atrair turistas do mundo todo, e o tiro acertou o alvo<br \/>\nem cheio: Monteriggioni promove anualmente uma Festa Medieval onde, aproveitando os cen\u00e1rios<br \/>\n\u201cnaturais\u201d da Idade M\u00e9dia que j\u00e1 a cidade j\u00e1 tem, os nativos se vestem a car\u00e1ter e fazem uma s\u00e9rie<br \/>\nde encena\u00e7\u00f5es para promover aos visitantes uma viagem no tempo.<br \/>\nA dedica\u00e7\u00e3o em fazer a festa \u00e9 tanta que, por um dia, at\u00e9 a gastronomia de toda a cidade<br \/>\nmuda para os pratos t\u00edpicos da era medieval, fazendo com que a experi\u00eancia seja completa e<br \/>\nsatisfat\u00f3ria.<br \/>\nAfinal, sem essa festa, quem garante que os turistas veriam o vilarejo com os mesmos olhos?<br \/>\nT\u00e3o perto de Floren\u00e7a e Sienna, a cidadezinha medieval poderia, muito bem, ser esquecida no<br \/>\nroteiro\u2026<br \/>\nEsse \u00e9 um exemplo bem-sucedido de como eventos de turismo podem ajudar uma cidade a<br \/>\nse erguer no setor para al\u00e9m de suas belezas naturais, arquitetura ou potencial para cidade de<br \/>\nneg\u00f3cios. Dessa forma, \u00e9 poss\u00edvel pegar um ponto forte do local e transform\u00e1-lo no principal atrativo<br \/>\nde visitas \u2013 o que, tamb\u00e9m, movimenta a economia e gera mais oportunidades para os moradores<br \/>\nlocais.<br \/>\nMas como esse exemplo pode ajudar minha cidade?<br \/>\nPROJETO<br \/>\nINTEGRADO<br \/>\nNo Brasil, temos cidades que tem um apelo cultural muito forte, mas que por motivos \u00f3bvios<br \/>\nn\u00e3o podem potencializar esses recursos atrav\u00e9s de chamarizes mais\u2026 descolados, digamos. O que<br \/>\nfazer, ent\u00e3o?<br \/>\nUma das formas de fazer um evento criativo ser forte \u00e9 utilizar o nome da cidade para receber<br \/>\neventos que poderiam acontecer em qualquer outro lugar do mundo \u2013 mas que, hoje, os turistas n\u00e3o<br \/>\nimaginam isso em nenhum outro lugar, a n\u00e3o ser naquele.<br \/>\nQuer um exemplo? O Festival de Gastronomia de Tiradentes: a cidade, de pouco mais de 10<br \/>\nmil habitantes, tinha tudo para ser apenas mais uma cidade hist\u00f3rica no interior de Minas Gerais.<br \/>\nConservando a arquitetura colonial, por anos foi um bom destino para \u201cdar uma passadinha\u201d<br \/>\nenquanto as pessoas iam de algum ponto para S\u00e3o Jo\u00e3o del Rei.<br \/>\nHoje, gra\u00e7as a eventos como o Festival de Gastronomia, a cidade reverteu o jogo e virou o<br \/>\nponto principal da aten\u00e7\u00e3o tur\u00edstica na regi\u00e3o. \u00c9 caro e desej\u00e1vel estar na cidade em agosto, quando<br \/>\no festival ocorre, e torna Tiradentes um destino \u00fanico. Outras boas sacadas da cidade s\u00e3o o Festival<br \/>\nde Cinema e o Encontro de Motos.<br \/>\nA CCXP (Comic Con Experience) \u00e9 outro programa que mostra o turismo de eventos se<br \/>\ntornando criativo. S\u00e3o Paulo j\u00e1 \u00e9 um grande hub de neg\u00f3cios, sendo a maior cidade brasileira a<br \/>\nreceber turistas para turismo relacionado ao trabalho. Por que n\u00e3o a transformar, ent\u00e3o, na sede da<br \/>\nmaior conven\u00e7\u00e3o nerd do mundo?<br \/>\nDesde 2014 a CCXP carrega milhares de pessoas a S\u00e3o Paulo, no m\u00eas de dezembro, para<br \/>\ndesfrutar de um ambiente voltado para quadrinhos, filmes e cultura pop em geral. Ela virou a segunda<br \/>\nmaior Comic Con do mundo, em n\u00famero de pessoas e em espa\u00e7o f\u00edsico, perdendo apenas para a<br \/>\noriginal de San Diego \u2013 e \u00e0 frente at\u00e9 de gigantes como a de Nova York.<br \/>\nEssas cidades sabiam que seus eventos seriam um grande sucesso? Provavelmente n\u00e3o.<br \/>\nMuitas coisas, no turismo, s\u00e3o tentativa e erro: voc\u00ea percebe a demanda, tenta criar um evento<br \/>\ninteressante e v\u00ea se aquilo deu certo.<br \/>\nDependendo da resposta do p\u00fablico, sua cidade poder\u00e1 ser a pr\u00f3xima refer\u00eancia tur\u00edstica de<br \/>\nalguma coisa muito espec\u00edfica. E \u00e9 por isso que Monteriggioni vira um \u00f3timo exemplo para ser<br \/>\nseguido para expressar toda sua criatividade: apesar de, no Brasil, n\u00e3o podermos nos utilizar dos<br \/>\nPROJETO<br \/>\nINTEGRADO<br \/>\nmesmos recursos (arquitet\u00f4nicos) que ela, fica a li\u00e7\u00e3o de que, sem testar alguma coisa, podemos<br \/>\nficar sempre em segundo plano na mente do turista.<br \/>\nTURISMO E INOVA\u00c7\u00c3O. Como eventos criativos podem melhorar sua cidade? TURISMO E<br \/>\nINOVA\u00c7\u00c3O. Dispon\u00edvel em: http:\/\/turismoeinovacao.com\/eventos\/como-eventos-criativos-podemmelhorar-sua-cidade\/. Acesso em: 27 nov. 2023<br \/>\nO que s\u00e3o projetos culturais?<br \/>\nProjetos culturais s\u00e3o iniciativas que englobam diversas manifesta\u00e7\u00f5es art\u00edsticas e express\u00f5es<br \/>\nculturais com o objetivo de promover e preservar a cultura, hist\u00f3ria e identidade de um povo ou<br \/>\ncomunidade. Eles abrangem \u00e1reas como m\u00fasica, dan\u00e7a, teatro, cinema, entre outras formas de<br \/>\nmanifesta\u00e7\u00e3o art\u00edstica. Esses projetos t\u00eam o prop\u00f3sito de disseminar conhecimento e promover o<br \/>\nacesso \u00e0 cultura, contribuindo para o enriquecimento cultural da sociedade como um todo.<br \/>\nNo contexto de leis de incentivo fiscal, projetos culturais s\u00e3o contemplados como a\u00e7\u00f5es que<br \/>\npodem receber apoio financeiro de empresas patrocinadoras, que, em troca, obt\u00eam benef\u00edcios fiscais<br \/>\npor investirem em cultura e a\u00e7\u00f5es sociais. O fomento a projetos culturais n\u00e3o apenas valoriza a<br \/>\ndiversidade cultural do pa\u00eds, mas tamb\u00e9m fortalece os la\u00e7os comunit\u00e1rios e promove a inclus\u00e3o<br \/>\nsocial, al\u00e9m de estimular o desenvolvimento econ\u00f4mico do setor cultural.<br \/>\nQual \u00e9 a import\u00e2ncia dos projetos culturais para a sociedade?<br \/>\nA import\u00e2ncia dos projetos culturais \u00e9 multifacetada. Eles desempenham um papel essencial<br \/>\nna preserva\u00e7\u00e3o da identidade e hist\u00f3ria de um povo, fortalecendo o senso de pertencimento das<br \/>\ncomunidades.<br \/>\nOs projetos culturais tamb\u00e9m impactam positivamente a educa\u00e7\u00e3o e o desenvolvimento das<br \/>\npessoas, estimulando a criatividade e reflex\u00e3o atrav\u00e9s de exposi\u00e7\u00f5es e atividades culturais. Outro<br \/>\naspecto relevante \u00e9 a promo\u00e7\u00e3o da inclus\u00e3o social, proporcionando acesso \u00e0 cultura e arte para<br \/>\ndiversas origens socioecon\u00f4micas, idades e grupos sociais.<br \/>\nPROJETO<br \/>\nINTEGRADO<br \/>\nEssas iniciativas impulsionam a economia criativa, gerando empregos e movimentando a<br \/>\ncadeia produtiva da cultura, tendo potencial transformador na economia local. Segundo estudos, em<br \/>\n2020, a economia da cultura e das ind\u00fastrias criativas (ECIC) movimentou R$ 230,14 bilh\u00f5es no Brasil,<br \/>\nequivalente a 3,11% do Produto Interno Bruto (PIB). Al\u00e9m disso, os projetos culturais contribuem<br \/>\npara o di\u00e1logo intercultural e a promo\u00e7\u00e3o da toler\u00e2ncia, celebrando a diversidade cultural e<br \/>\ncombatendo estere\u00f3tipos e preconceitos.<br \/>\nPrincipais tem\u00e1ticas em destaque para projetos culturais<br \/>\nSustentabilidade: Os projetos culturais muitas vezes t\u00eam um impacto direto nas comunidades em<br \/>\nque est\u00e3o inseridos. Ao adotar princ\u00edpios ESG, esses projetos buscam garantir que suas a\u00e7\u00f5es sejam<br \/>\nsocialmente respons\u00e1veis e contribuam para o desenvolvimento, bem-estar e consci\u00eancia ambiental<br \/>\ndas comunidades locais. O boom da tem\u00e1tica ESG \u2013 Ambiental (Environmental), Social (Social) e<br \/>\nGovernan\u00e7a (Governance) \u2013 vem para se alinhar com as preocupa\u00e7\u00f5es contempor\u00e2neas em rela\u00e7\u00e3o<br \/>\nao meio ambiente, \u00e0 responsabilidade social e \u00e0 governan\u00e7a. Ou seja, um tema quent\u00edssimo em<br \/>\nresponsabilidade social e investimento social privado.<br \/>\nDiversidade e inclus\u00e3o: A promo\u00e7\u00e3o da diversidade e inclus\u00e3o \u00e9 uma tem\u00e1tica importante. Projetos<br \/>\nculturais que abordam quest\u00f5es de g\u00eanero, ra\u00e7a, etnia, orienta\u00e7\u00e3o sexual e inclus\u00e3o de pessoas com<br \/>\ndefici\u00eancia t\u00eam recebido destaque. Ao destacar e valorizar a diversidade de experi\u00eancias e<br \/>\nidentidades, esses projetos contribuem para a constru\u00e7\u00e3o de uma sociedade mais justa, inclusiva e<br \/>\nenriquecedora.<br \/>\nEmpoderamento feminino: A tem\u00e1tica do empoderamento feminino tem ganhado visibilidade nos<br \/>\n\u00faltimos anos. Projetos que destacam o papel das mulheres na sociedade, geralmente, re\u00fanem<br \/>\nnarrativas para promover a igualdade de g\u00eanero, ampliar a representatividade das mulheres,<br \/>\nincentivar a independ\u00eancia feminina e contribuir para uma transforma\u00e7\u00e3o social mais inclusiva e<br \/>\nigualit\u00e1ria. Essas iniciativas desempenham um papel significativo na conscientiza\u00e7\u00e3o, no di\u00e1logo e na<br \/>\na\u00e7\u00e3o para promover um mundo mais justo e equitativo para as mulheres.<br \/>\nPROJETO<br \/>\nINTEGRADO<br \/>\nTecnologia e inova\u00e7\u00e3o: Projetos culturais que exploram a interse\u00e7\u00e3o entre arte e tecnologia t\u00eam<br \/>\ndespertado interesse. A tecnologia e a inova\u00e7\u00e3o permitem ampliar o acesso \u00e0 cultura e \u00e0s artes. Por<br \/>\nmeio da internet e de dispositivos digitais, as pessoas podem desfrutar de exposi\u00e7\u00f5es virtuais,<br \/>\nconcertos online, performances digitais e outras experi\u00eancias culturais sem estar fisicamente<br \/>\npresentes nos espa\u00e7os tradicionais, al\u00e9m de envolver o p\u00fablico de maneiras mais interativas e<br \/>\nparticipativas.<br \/>\nSa\u00fade mental: Com a crescente conscientiza\u00e7\u00e3o sobre a import\u00e2ncia da sa\u00fade mental, projetos<br \/>\nculturais que abordam essa tem\u00e1tica est\u00e3o em alta. A promo\u00e7\u00e3o dessa tem\u00e1tica visa a<br \/>\nconscientiza\u00e7\u00e3o, fornece apoio, promover a express\u00e3o criativa e terap\u00eautica, reduzir o estigma e<br \/>\ncontribuir para o bem-estar geral das pessoas. Essas iniciativas s\u00e3o fundamentais para construir uma<br \/>\nsociedade mais inclusiva e compassiva, onde a sa\u00fade mental seja valorizada e priorizada.<br \/>\nEduca\u00e7\u00e3o e a capacita\u00e7\u00e3o profissional: Ao incorporar educa\u00e7\u00e3o e capacita\u00e7\u00e3o profissional em<br \/>\nprojetos culturais, \u00e9 poss\u00edvel promover a inclus\u00e3o social. Essas iniciativas podem fornecer acesso<br \/>\nigualit\u00e1rio a oportunidades de aprendizado e desenvolvimento, independentemente do contexto<br \/>\nsocioecon\u00f4mico, origem \u00e9tnica ou g\u00eanero. Ao fazer isso, os projetos culturais podem contribuir para<br \/>\na redu\u00e7\u00e3o das desigualdades e promover a diversidade e a inclus\u00e3o.<br \/>\nHist\u00f3ria local e patrim\u00f4nio cultural: Celebrar a hist\u00f3ria local e preservar o patrim\u00f4nio cultural s\u00e3o<br \/>\ntem\u00e1ticas significativas. Esses projetos culturais t\u00eam o potencial de fortalecer os la\u00e7os comunit\u00e1rios,<br \/>\nenvolvendo os moradores locais e incentivando a participa\u00e7\u00e3o ativa na preserva\u00e7\u00e3o e divulga\u00e7\u00e3o de<br \/>\nsua pr\u00f3pria hist\u00f3ria. Trazer temas de resgate da brasilidade, a valoriza\u00e7\u00e3o da ancestralidade e a<br \/>\nimport\u00e2ncia da descoloniza\u00e7\u00e3o s\u00e3o quest\u00f5es fundamentais para promover uma sociedade mais<br \/>\ninclusiva, justa e consciente. Isso promove um senso de pertencimento e orgulho, fortalecendo a<br \/>\ncoes\u00e3o social.<br \/>\n\u00c9 importante lembrar que as tend\u00eancias podem variar de acordo com a regi\u00e3o e a audi\u00eanciaalvo do projeto. Portanto, \u00e9 essencial fazer uma pesquisa e identificar as prefer\u00eancias e necessidades<br \/>\ndo p\u00fablico antes de desenvolver um projeto cultural.<br \/>\nPROJETO<br \/>\nINTEGRADO<br \/>\nIndependente dos meios como os investimentos culturais acontecem, o principal benefici\u00e1rio<br \/>\nde qualquer uma destas transa\u00e7\u00f5es ser\u00e1 sempre o p\u00fablico ao qual se destinam as a\u00e7\u00f5es realizadas,<br \/>\ncabendo \u00e0s empresas serem facilitadoras para reafirmar o sentimento de pertencimento dessas<br \/>\npessoas \u00e0 determinada cultura, protegendo as tradi\u00e7\u00f5es e express\u00f5es culturais do Brasil.<br \/>\nMOREIRA, E. Conhe\u00e7a 7 tem\u00e1ticas em alta para projetos culturais. INCENTIV. Dispon\u00edvel em:<br \/>\nhttps:\/\/incentiv.me\/blog\/2023\/08\/02\/conheca-7-tematicas-em-alta-para-projetosculturais\/#:~:text=Eles%20abrangem%20%C3%A1reas%20como%20m%C3%BAsica,da%20sociedad<br \/>\ne%20como%20um%20todo. Acesso em: 27 nov. 2023<br \/>\nORIENTA\u00c7\u00d5ES PARA A EXECU\u00c7\u00c3O DO TRABALHO<br \/>\nDentro deste contexto, voc\u00ea foi convidado para criar uma equipe que ir\u00e1 fazer o planejamento<br \/>\ndo pr\u00f3ximo projeto cultural na sua cidade ou regi\u00e3o. A ideia inicial \u00e9 pegar um ponto forte do local<br \/>\n(cidade ou regi\u00e3o) e transform\u00e1-lo no principal atrativo de visitas \u2013 o que, tamb\u00e9m, movimenta a<br \/>\neconomia e gera mais oportunidades para os moradores locais. Para isso siga os passos a seguir:<br \/>\nPASSO 1) An\u00e1lise da cidade ou regi\u00e3o<br \/>\n&#8211; Qual a cidade ou regi\u00e3o escolhida? Justifique<br \/>\n&#8211; Levante de dados demogr\u00e1ficos e sociais.<br \/>\n&#8211; Identifique as necessidades culturais e de lazer da cidade ou regi\u00e3o.<br \/>\n&#8211; Avalie do impacto da falta de acesso \u00e0 cultura no desenvolvimento local.<br \/>\nPASSO 2) Elabora\u00e7\u00e3o do Projeto Cultural<br \/>\n&#8211; Crie um cronograma para a implementa\u00e7\u00e3o do projeto (m\u00e1ximo 6 meses).<br \/>\n&#8211; Identifique se h\u00e1 talentos locais e recursos dispon\u00edveis na comunidade.<br \/>\n&#8211; Identifique se h\u00e1 arte popular e artesanato que pode ser s\u00edmbolo do evento. Se sim, qual?<br \/>\n&#8211; Se n\u00e3o, fa\u00e7a a Integra\u00e7\u00e3o de elementos da cultura popular local no projeto.<br \/>\nPASSO 3) agora, crie estrat\u00e9gias:<br \/>\nPROJETO<br \/>\nINTEGRADO<br \/>\n&#8211; Crie 2 estrat\u00e9gias de dentro do projeto cultural para que ele seja inclusivo e acess\u00edvel.<br \/>\n&#8211; Elabore 2 estrat\u00e9gias para envolver diferentes faixas et\u00e1rias e grupos sociais.<br \/>\n&#8211; Desenvolva 2 a\u00e7\u00f5es para que ocorra a Inclus\u00e3o e promo\u00e7\u00e3o de valores c\u00edvicos e de cidadania por<br \/>\nmeio das atividades culturais.<br \/>\n&#8211; Desenvolva um plano para a sustentabilidade a longo prazo.<br \/>\nc) RESULTADOS ESPERADOS:<br \/>\n&#8211; Aumento do acesso \u00e0 cultura e lazer na comunidade.<br \/>\n&#8211; Fortalecimento do senso de comunidade e identidade cultural.<br \/>\n&#8211; Desenvolvimento de lideran\u00e7as locais e habilidades c\u00edvicas.<br \/>\n&#8211; Melhoria da qualidade de vida e bem-estar dos moradores.<br \/>\nd) RELAT\u00d3RIO FINAL<br \/>\n&#8211; Fa\u00e7a um documento com todas as etapas detalhadas e apontando os resultados esperados e<br \/>\ncontribui\u00e7\u00f5es para a cidade ou regi\u00e3o.<\/p>\n<div class=\"elementor-toggle-item\">\n<div id=\"elementor-tab-content-1941\" class=\"elementor-tab-content elementor-clearfix elementor-active\" role=\"tabpanel\" data-tab=\"1\" aria-labelledby=\"elementor-tab-title-1941\">\n<div class=\"elementor-toggle-item\">\n<p id=\"elementor-tab-title-1941\" class=\"elementor-tab-title elementor-active\" tabindex=\"0\" role=\"tab\" data-tab=\"1\" aria-controls=\"elementor-tab-content-1941\" aria-expanded=\"true\" aria-selected=\"true\"><strong>Como funciona?<\/strong><\/p>\n<p>Elaboramos os portf\u00f3lios, j\u00e1 deixamos prontos, nas normas da ABNT e conforme os requisitos da universidade. F\u00e1cil assim! O MELHOR \u00c9 QUE VOC\u00ca COMPRA E J\u00c1 BAIXA NA HORA O SEU ARQUIVO EM WORD! Sabemos que conciliar trabalho, fam\u00edlia, vida profissional e estudos \u00e9 dif\u00edcil hoje em dia, por isso, estamos aqui para ajudar voc\u00ea. Conte com nossa qualidade, experi\u00eancia e profissionalismo adquirindo seu portf\u00f3lio conosco. GARANTIMOS SEU CONCEITO!<\/p>\n<p><strong>Como se realizam os envios?<\/strong><\/p>\n<\/div>\n<p id=\"elementor-tab-content-1942\" class=\"elementor-tab-content elementor-clearfix elementor-active\" role=\"tabpanel\" data-tab=\"2\" aria-labelledby=\"elementor-tab-title-1942\">O seu trabalho \u00e9 disponibilizado pronto, respondido e nas normas j\u00e1 na mesma hora aqui em nosso site na sua \u00e1rea de downloads e tamb\u00e9m no seu e-mail.<\/p>\n<p><strong>Em quanto tempo recebo o portf\u00f3lio?<\/strong><\/p>\n<p>Os envios s\u00e3o imediatos. Ap\u00f3s sua compra, o trabalho j\u00e1 \u00e9 disponibilizado instantaneamente aqui em nosso site e no seu e-mail.<\/p>\n<p><strong>E se o portf\u00f3lio que comprei precisar de corre\u00e7\u00e3o?<\/strong><\/p>\n<p>Caso haja alguma solicita\u00e7\u00e3o de corre\u00e7\u00e3o\/altera\u00e7\u00e3o por parte do tutor, basta entrar em contato conosco pelo\u00a0WhatsApp\u00a0que provid\u00eanciaremos sem custo algum.<\/p>\n<p><strong>Qual o formato do arquivo?<\/strong><\/p>\n<p>Os arquivos s\u00e3o enviados em formato Word e s\u00e3o edit\u00e1veis.<\/p>\n<p><strong>Caso eu tiver alguma d\u00favida, terei suporte no p\u00f3s venda?<\/strong><\/p>\n<p>Sim, com certeza. Basta clicar no \u00edcone do WhatsApp no cantinho da tela. Ser\u00e1 um prazer atend\u00ea-lo(a).<\/p>\n<div id=\"elementor-tab-content-1948\" class=\"elementor-tab-content elementor-clearfix elementor-active\" role=\"tabpanel\" data-tab=\"8\" aria-labelledby=\"elementor-tab-title-1948\">\n<p><strong>Quais os seus canais de contato?<\/strong><\/p>\n<\/div>\n<div id=\"elementor-tab-content-1949\" class=\"elementor-tab-content elementor-clearfix elementor-active\" role=\"tabpanel\" data-tab=\"9\" aria-labelledby=\"elementor-tab-title-1949\">\n<p>Whatsapp: 53 984751621 \u2013 Clicar no canto da tela ou ESCANEIE O QRCODE ABAIXO<\/p>\n<h4><img decoding=\"async\" class=\"alignnone wp-image-13699 jetpack-lazy-image jetpack-lazy-image--handled\" src=\"https:\/\/i0.wp.com\/portifolioos-prontos.com\/wp-content\/uploads\/2023\/02\/whatsapp-business-projeto-de-extensao-300x300.jpeg?resize=144%2C144\" sizes=\"(max-width: 144px) 100vw, 144px\" srcset=\"https:\/\/i0.wp.com\/portifolioos-prontos.com\/wp-content\/uploads\/2023\/02\/whatsapp-business-projeto-de-extensao.jpeg?resize=300%2C301&amp;ssl=1 300w, https:\/\/i0.wp.com\/portifolioos-prontos.com\/wp-content\/uploads\/2023\/02\/whatsapp-business-projeto-de-extensao.jpeg?resize=150%2C150&amp;ssl=1 150w, https:\/\/i0.wp.com\/portifolioos-prontos.com\/wp-content\/uploads\/2023\/02\/whatsapp-business-projeto-de-extensao.jpeg?resize=370%2C372&amp;ssl=1 370w, https:\/\/i0.wp.com\/portifolioos-prontos.com\/wp-content\/uploads\/2023\/02\/whatsapp-business-projeto-de-extensao.jpeg?resize=100%2C100&amp;ssl=1 100w, https:\/\/i0.wp.com\/portifolioos-prontos.com\/wp-content\/uploads\/2023\/02\/whatsapp-business-projeto-de-extensao.jpeg?w=470&amp;ssl=1 470w\" alt=\"projeto de extens\u00e3o unopar\" width=\"144\" height=\"144\" data-lazy-loaded=\"1\" \/><\/h4>\n<\/div>\n<div class=\"elementor-toggle-item\">\n<div id=\"elementor-tab-content-1949\" class=\"elementor-tab-content elementor-clearfix elementor-active\" role=\"tabpanel\" data-tab=\"9\" aria-labelledby=\"elementor-tab-title-1949\">\n<p>E-mail:portifoliosp@gmail.com<\/p>\n<div id=\"attachment_143\" class=\"wp-caption alignnone\">\n<div id=\"attachment_143\" class=\"wp-caption alignnone\">\n<p id=\"caption-attachment-143\" class=\"wp-caption-text\"><a href=\"http:\/\/portfolio-pronto.com\/\">Portf\u00f3lio<\/a>\u00a0em Word, respondido, completo e j\u00e1 nas normas<\/p>\n<\/div>\n<\/div>\n<\/div>\n<\/div>\n<\/div>\n<\/div>\n","protected":false},"excerpt":{"rendered":"<div class=\"product-short-description\">\n<div class=\"product-short-description\">\n<p><strong>Pague pelo PIX ou cart\u00e3o e fa\u00e7a o download agora mesmo.<\/strong><\/p>\n<\/div>\n<div class=\"sticky-add-to-cart-wrapper\">\n<div class=\"sticky-add-to-cart\">\n<p class=\"quantity buttons_added form-flat\"><img decoding=\"async\" class=\"lazyloaded smush-image-5 smush-image-3 smush-image-4 smush-detected-img smush-image-bigger-3\" src=\"https:\/\/d26lpennugtm8s.cloudfront.net\/assets\/common\/img\/logos\/payment\/visa@2x.png\" width=\"46\" height=\"29\" data-src=\"https:\/\/d26lpennugtm8s.cloudfront.net\/assets\/common\/img\/logos\/payment\/visa@2x.png\" \/><img decoding=\"async\" class=\"lazyloaded smush-image-6 smush-image-4 smush-image-5 smush-detected-img smush-image-bigger-4\" src=\"https:\/\/d26lpennugtm8s.cloudfront.net\/assets\/common\/img\/logos\/payment\/boleto@2x.png\" width=\"43\" height=\"27\" data-src=\"https:\/\/d26lpennugtm8s.cloudfront.net\/assets\/common\/img\/logos\/payment\/boleto@2x.png\" \/><img loading=\"lazy\" decoding=\"async\" class=\"lazyloaded smush-image-7 smush-image-5 smush-image-6 smush-detected-img smush-image-bigger-5\" src=\"https:\/\/d26lpennugtm8s.cloudfront.net\/assets\/common\/img\/logos\/payment\/mastercard@2x.png\" width=\"43\" height=\"27\" data-src=\"https:\/\/d26lpennugtm8s.cloudfront.net\/assets\/common\/img\/logos\/payment\/mastercard@2x.png\" \/><img loading=\"lazy\" decoding=\"async\" class=\"lazyloaded smush-image-8 smush-image-6 smush-image-7 smush-detected-img smush-image-bigger-6\" src=\"https:\/\/d26lpennugtm8s.cloudfront.net\/assets\/common\/img\/logos\/payment\/amex@2x.png\" width=\"43\" height=\"27\" data-src=\"https:\/\/d26lpennugtm8s.cloudfront.net\/assets\/common\/img\/logos\/payment\/amex@2x.png\" \/><img loading=\"lazy\" decoding=\"async\" class=\"lazyloaded smush-image-9 smush-image-7 smush-image-8 smush-detected-img smush-image-bigger-7\" src=\"https:\/\/d26lpennugtm8s.cloudfront.net\/assets\/common\/img\/logos\/payment\/diners@2x.png\" width=\"46\" height=\"29\" data-src=\"https:\/\/d26lpennugtm8s.cloudfront.net\/assets\/common\/img\/logos\/payment\/diners@2x.png\" \/><img loading=\"lazy\" decoding=\"async\" class=\"lazyloaded smush-image-10 smush-image-8 smush-image-9 alignnone smush-detected-img smush-image-bigger-8\" src=\"https:\/\/d26lpennugtm8s.cloudfront.net\/assets\/common\/img\/logos\/payment\/br\/elo@2x.png\" alt=\"portf\u00f3lio unopar anhanguera\" width=\"45\" height=\"28\" data-src=\"https:\/\/d26lpennugtm8s.cloudfront.net\/assets\/common\/img\/logos\/payment\/br\/elo@2x.png\" \/><img loading=\"lazy\" decoding=\"async\" class=\"lazyloaded smush-image-11 smush-image-9 smush-image-10 alignnone smush-detected-img smush-image-bigger-9\" src=\"https:\/\/d26lpennugtm8s.cloudfront.net\/assets\/common\/img\/logos\/payment\/br\/hipercard@2x.png\" alt=\"portf\u00f3lio unopar anhanguera\" width=\"44\" height=\"28\" data-src=\"https:\/\/d26lpennugtm8s.cloudfront.net\/assets\/common\/img\/logos\/payment\/br\/hipercard@2x.png\" \/><img loading=\"lazy\" decoding=\"async\" class=\"lazyloaded smush-image-12 smush-image-10 smush-image-11 alignnone smush-detected-img smush-image-bigger-10\" src=\"https:\/\/d26lpennugtm8s.cloudfront.net\/assets\/common\/img\/logos\/payment\/mercadopago@2x.png\" alt=\"portf\u00f3lio unopar anhanguera\" width=\"45\" height=\"28\" data-src=\"https:\/\/d26lpennugtm8s.cloudfront.net\/assets\/common\/img\/logos\/payment\/mercadopago@2x.png\" \/><img loading=\"lazy\" decoding=\"async\" class=\"alignnone lazyloaded smush-detected-img smush-image-bigger-11\" src=\"https:\/\/futurium.com.br\/wp-content\/uploads\/2021\/06\/logo-pix-icone-512.png\" alt=\"portfolio pronto\" width=\"30\" height=\"30\" data-src=\"https:\/\/futurium.com.br\/wp-content\/uploads\/2021\/06\/logo-pix-icone-512.png\" \/><\/p>\n<\/div>\n<\/div>\n<\/div>\n","protected":false},"featured_media":24941,"template":"","meta":{"_seopress_robots_primary_cat":"none","_seopress_titles_title":"%%post_title%% %%sitetitle%%","_seopress_titles_desc":"%%post_content%%","_seopress_robots_index":""},"product_cat":[264,15],"product_tag":[],"class_list":{"0":"post-24938","1":"product","2":"type-product","3":"status-publish","4":"has-post-thumbnail","6":"product_cat-gestao-de-eventos","7":"product_cat-uncategorized","9":"first","10":"instock","11":"downloadable","12":"virtual","13":"purchasable","14":"product-type-simple","15":"col-xs-6 col-sm-4","16":"col-mf-5","17":"un-5-cols"},"jetpack_sharing_enabled":true,"_links":{"self":[{"href":"https:\/\/portifolioos-prontos.com\/index.php\/wp-json\/wp\/v2\/product\/24938","targetHints":{"allow":["GET"]}}],"collection":[{"href":"https:\/\/portifolioos-prontos.com\/index.php\/wp-json\/wp\/v2\/product"}],"about":[{"href":"https:\/\/portifolioos-prontos.com\/index.php\/wp-json\/wp\/v2\/types\/product"}],"version-history":[{"count":0,"href":"https:\/\/portifolioos-prontos.com\/index.php\/wp-json\/wp\/v2\/product\/24938\/revisions"}],"wp:featuredmedia":[{"embeddable":true,"href":"https:\/\/portifolioos-prontos.com\/index.php\/wp-json\/wp\/v2\/media\/24941"}],"wp:attachment":[{"href":"https:\/\/portifolioos-prontos.com\/index.php\/wp-json\/wp\/v2\/media?parent=24938"}],"wp:term":[{"taxonomy":"product_cat","embeddable":true,"href":"https:\/\/portifolioos-prontos.com\/index.php\/wp-json\/wp\/v2\/product_cat?post=24938"},{"taxonomy":"product_tag","embeddable":true,"href":"https:\/\/portifolioos-prontos.com\/index.php\/wp-json\/wp\/v2\/product_tag?post=24938"}],"curies":[{"name":"wp","href":"https:\/\/api.w.org\/{rel}","templated":true}]}}