{"id":25053,"date":"2024-04-14T23:31:24","date_gmt":"2024-04-15T02:31:24","guid":{"rendered":"https:\/\/portifolioos-prontos.com\/?post_type=product&#038;p=25053"},"modified":"2025-08-03T17:18:56","modified_gmt":"2025-08-03T20:18:56","slug":"aula-pratica-circuitos-eletricos","status":"publish","type":"product","link":"https:\/\/portifolioos-prontos.com\/index.php\/product\/aula-pratica-circuitos-eletricos\/","title":{"rendered":"Aula pr\u00e1tica Circuitos El\u00e9tricos"},"content":{"rendered":"<h3>Aula Pr\u00e1tica Circuitos el\u00e9tricos<\/h3>\n<p>OBS: REFERE-SE A ATIVIDADE COMPLETA DESTE PORTFOLIO<\/p>\n<hr \/>\n<p>ROTEIRO DE AULA PR\u00c1TICA<br \/>\nNOME DA DISCIPLINA: CIRCUITOS EL\u00c9TRICOS<br \/>\nUnidade: LEIS E TEOREMAS DE CIRCUITOS EL\u00c9TRICOS<br \/>\nSe\u00e7\u00e3o: TEOREMA DE CIRCUITOS \u2013 PARTE II<br \/>\nOBJETIVOS<br \/>\nDefini\u00e7\u00e3o dos objetivos da aula pr\u00e1tica:<br \/>\nMedir a pot\u00eancia em uma carga. Verificar experimentalmente que a m\u00e1xima pot\u00eancia transferida<br \/>\nde uma fonte CC para a carga ocorre quando a resist\u00eancia da carga \u00e9 igual a resist\u00eancia interna<br \/>\nda fonte.<br \/>\nINFRAESTRUTURA<br \/>\nInstala\u00e7\u00f5es \u2013 Materiais de consumo \u2013 Equipamentos:<br \/>\nSISTEMAS EL\u00c9TRICOS, ELETR\u00d4NICOS E AUTOMA\u00c7\u00c3O<br \/>\nMateriais de consumo:<br \/>\n\u2022\u00a0FIOS\u00a0PARA CONEX\u00c3O NO PROTOBOARD<br \/>\n~ O necess\u00e1rio por grupo de alunos<br \/>\n\u2022 MULTIMETRO DIGITAL PORTATIL<br \/>\n~ 2 por grupo de alunos<br \/>\n\u2022 POTENCIOMETRO 0 \u2013 1000 OHM<br \/>\n~ 1 por grupo de alunos<br \/>\n\u2022 RESISTOR 100 OHM<br \/>\n~ 1 por grupo de alunos<br \/>\n\u2022 TRIMPOT DE PRECIS\u00c3O DE 15 VOLTAS DE 0-1000 OHM<br \/>\n~ 1 por grupo de alunos<br \/>\nLABORAT\u00d3RIO DE INFORM\u00c1TICA<br \/>\nEquipamentos:<br \/>\n\u2022 Desktop Engenharia Positivo Master D3400<br \/>\n~ 1 por grupo de alunos<br \/>\nAula Pr\u00e1tica Circuitos el\u00e9tricos<br \/>\nSISTEMAS EL\u00c9TRICOS, ELETR\u00d4NICOS E AUTOMA\u00c7\u00c3O<br \/>\nEquipamentos:<br \/>\n\u2022 FONTE ALIMENTACAO DIGITAL SIMETRICA<br \/>\n~ 1 por grupo de alunos<br \/>\nSOLU\u00c7\u00c3O DIGITAL<br \/>\n\u2022 MICROSOFT EXCEL (Software)<br \/>\nMicrosoft Excel \u2013 \u00c9 um software de planilha eletr\u00f4nica amplamente utilizado para an\u00e1lise de<br \/>\ndados, c\u00e1lculos e gerenciamento de informa\u00e7\u00f5es.<br \/>\n\u2022 MULTISIM (Web)<br \/>\nO MultiSim \u00e9 um programa de captura e de simula\u00e7\u00e3o de esquemas eletr\u00f4nicos que funciona<br \/>\ncom base no SPICE (Simulation Program With Integrated Circuit Emphasis) e serve para<br \/>\nsimular circuitos de eletr\u00f4nica anal\u00f3gica, digital e de pot\u00eancia com fontes, resistores,<br \/>\ncapacitores, indutores, diodos, transistores etc.<\/p>\n<p>EQUIPAMENTO DE PROTE\u00c7\u00c3O INDIVIDUAL (EPI)<br \/>\nOs alunos devem atentar para as regras do laborat\u00f3rio.<br \/>\nPROCEDIMENTOS PR\u00c1TICOS<br \/>\nProcedimento\/Atividade n\u00ba 1 (F\u00edsico)<br \/>\nAtividade proposta:<br \/>\nVerifica\u00e7\u00e3o pr\u00e1tica do Teorema da M\u00e1xima Transfer\u00eancia de Pot\u00eancia.<br \/>\nProcedimentos para a realiza\u00e7\u00e3o da atividade:<br \/>\nCom aux\u00edlio do software de simula\u00e7\u00e3o de circuitos el\u00e9tricos monte o circuito apresentado na<br \/>\nFigura 1, e simule. Posteriormente, monte o mesmo circuito com a fonte DESLIGADA, no<br \/>\nprotoboard. Um mult\u00edmetro dever\u00e1 ser utilizado na fun\u00e7\u00e3o de Amper\u00edmetro (Corrente Cont\u00ednua),<br \/>\nenquanto o outro ficar\u00e1 na fun\u00e7\u00e3o de volt\u00edmetro (Corrente Cont\u00ednua).<br \/>\nAula Pr\u00e1tica Circuitos el\u00e9tricos<br \/>\nFigura 1 \u2013 Circuito resistivo.<br \/>\nEm seguida, construa um gr\u00e1fico da Ppot x Rpot (calculada por V\/I) e verifique o ponto que a<br \/>\npot\u00eancia \u00e9 m\u00e1xima.<br \/>\nChecklist:<br \/>\n1. Com aux\u00edlio do software de simula\u00e7\u00e3o monte o circuito apresentado na Figura 1.<br \/>\n2. Rode a simula\u00e7\u00e3o e obtenha os valores de corrente e tens\u00e3o na carga.<br \/>\n3. Fa\u00e7a uma verifica\u00e7\u00e3o te\u00f3rica dos valores simulados.<br \/>\n4. Monte na protoboard o circuito da Figura 1<br \/>\n5. Ligue a fonte e utilize o mult\u00edmetro (na fun\u00e7\u00e3o volt\u00edmetro CC) para ajust\u00e1-la em 5V.<br \/>\n6. Uma vez ajustado o valor da fonte, utilize o mult\u00edmetro (na fun\u00e7\u00e3o volt\u00edmetro) e me\u00e7a a<br \/>\ntens\u00e3o no potenci\u00f4metro. Ajuste o potenci\u00f4metro em 0 Ohm, nesse momento o mult\u00edmetro<br \/>\ndever\u00e1 medir 0 V.<br \/>\n7. Ajuste o potenci\u00f4metro de modo a obter atrav\u00e9s da lei de Ohm (Rpot = Vpot \/ I) uma varia\u00e7\u00e3o<br \/>\nde 10 em 10 Ohm, at\u00e9 o valor de 250 Ohm, obtendo ent\u00e3o 25 pontos. Anote em uma tabela o<br \/>\nvalor da resist\u00eancia do potenci\u00f4metro e a respectiva corrente I.<br \/>\n8. Para cada par de valores (corrente e valor do potenci\u00f4metro) calcule a pot\u00eancia dissipada na<br \/>\ncarga, ou seja, calcule: Ppot = Rpot * I^2.<br \/>\n9. Construa um gr\u00e1fico Ppot x Rpot.<br \/>\n10. Atrav\u00e9s do gr\u00e1fico verifique o ponto em que a pot\u00eancia na carga \u00e9 m\u00e1xima.<br \/>\nProcedimento\/Atividade n\u00ba 1 (Virtual)<br \/>\nAtividade proposta:<br \/>\nAnalisar circuitos el\u00e9tricos e aplicar os teoremas de circuitos<br \/>\n5<br \/>\nNeste experimento voc\u00ea vai fazer a montagem e an\u00e1lise de circuitos el\u00e9tricos para comprovar os<br \/>\nteroremas da transforma\u00e7\u00e3o de fonte e da m\u00e1xima transfer\u00eancia de pot\u00eancia<br \/>\n1) O teorema da transforma\u00e7\u00e3o de fonte trata da substitui\u00e7\u00e3o de fontes de tens\u00e3o por fontes de<br \/>\ncorrente e vice-versa, mantendo inalteradas as caracter\u00edsticas do circuito original, e descreve<br \/>\ncomo uma rede de circuitos complexos pode ser simplificada em um circuito equivalente mais<br \/>\nsimples, que facilita a an\u00e1lise e o c\u00e1lculo das grandezas el\u00e9tricas, como tens\u00e3o e corrente.<br \/>\nO teorema da transforma\u00e7\u00e3o de fonte \u00e9 composto por dois teoremas relacionados, o Teorema de<br \/>\nTh\u00e9venin e o Teorema de Norton. Assim, um circuito de Th\u00e9venin que consiste em uma fonte de<br \/>\ntens\u00e3o ideal em s\u00e9rie com uma resist\u00eancia pode ser transformado em um circuito de Norton que<br \/>\nconsiste em uma fonte de corrente ideal em paralelo com uma resist\u00eancia.<br \/>\n2) O teorema da m\u00e1xima transfer\u00eancia de pot\u00eancia \u00e9 um conceito fundamental em circuitos<br \/>\nel\u00e9tricos que descreve as condi\u00e7\u00f5es sob as quais a pot\u00eancia \u00e9 transferida de uma fonte de energia<br \/>\n(geralmente um gerador ou uma fonte de tens\u00e3o) para uma carga de forma eficiente. O teorema<br \/>\nestabelece que a pot\u00eancia transferida \u00e9 m\u00e1xima quando a resist\u00eancia da carga \u00e9 igual \u00e0<br \/>\nresist\u00eancia interna da fonte de energia. A pot\u00eancia m\u00e1xima \u00e9 entregue a uma carga quando a<br \/>\nresist\u00eancia de carga (Rcarga) \u00e9 id\u00eantica \u00e0 resist\u00eancia de Th\u00e9venin quando vista da carga (RTH),<br \/>\ncalculada de acordo com a equa\u00e7\u00e3o (1):<br \/>\nProcedimentos para a realiza\u00e7\u00e3o da atividade:<br \/>\nEtapa 1: compreendendo o experimento:<br \/>\nO Multisim Live \u00e9 uma ferramenta baseada na web para a cria\u00e7\u00e3o e simula\u00e7\u00e3o de circuitos<br \/>\neletr\u00f4nicos. Para criar uma conta no Multisim Live e acessar a plataforma, siga este passo a<br \/>\npasso:<br \/>\n1) Acesse o Site do Multisim Live:<br \/>\nAbra seu navegador da web e v\u00e1 para o site oficial do Multisim Live. Voc\u00ea pode fazer isso<br \/>\npesquisando \u201cMultisim Live\u201d em um mecanismo de busca ou acessando diretamente o site oficial,<br \/>\nse voc\u00ea souber o endere\u00e7o. Clique em \u201cSign Up\u201d, op\u00e7\u00e3o para criar uma conta.<br \/>\n6<br \/>\n3) Preencha o Formul\u00e1rio de Inscri\u00e7\u00e3o:<br \/>\nVoc\u00ea ser\u00e1 direcionado para um formul\u00e1rio de inscri\u00e7\u00e3o onde precisar\u00e1 fornecer algumas<br \/>\ninforma\u00e7\u00f5es pessoais, como seu nome, endere\u00e7o de e-mail, senha e outras informa\u00e7\u00f5es de<br \/>\nregistro, dependendo dos requisitos do site.<br \/>\n4) Aceite os Termos e Condi\u00e7\u00f5es (se necess\u00e1rio):<br \/>\nLeia os termos e condi\u00e7\u00f5es de uso da plataforma, se fornecidos, e aceite-os, se concordar com<br \/>\neles. Isso \u00e9 comum em servi\u00e7os online.<br \/>\n5) Fa\u00e7a Login na Conta:<br \/>\nAp\u00f3s concluir o processo de inscri\u00e7\u00e3o, retorne \u00e0 p\u00e1gina inicial do Multisim Live. Agora, clique em<br \/>\n\u201d Login\u201d e insira seu endere\u00e7o de e-mail e senha nos campos apropriados.<br \/>\n6) Acesso \u00e0 Plataforma:<br \/>\nDepois de fazer login com sucesso, voc\u00ea ter\u00e1 acesso \u00e0 plataforma Multisim Live. Aqui, voc\u00ea<br \/>\npode come\u00e7ar a criar e simular circuitos eletr\u00f4nicos.<br \/>\n7) Na sua conta, clicar em criar novo circuito.<br \/>\nA interface do Multisim Live \u00e9 apresentada a seguir:<br \/>\n7<br \/>\nPr\u00e1tica 1: Aplicando o teorema da transforma\u00e7\u00e3o de fontes:<br \/>\nA figura a seguir ilustra o equivalente de Th\u00e9venin para uma resist\u00eancia de carga de 1 kOhm.<br \/>\nObserva-se tambem o equivalente de Norton, obtido a partir da aplica\u00e7\u00e3o do teorema da<br \/>\nTransforma\u00e7\u00e3o de fontes. Implemente os circuitos no Multisim on-line e comprove que a corrente<br \/>\ne a tens\u00e3o sobre a resist\u00eancia de carga deve ser a mesma, independente do circuito equivalente<br \/>\nutilizado. Comprove, por meio de c\u00e1lculos pela Lei de Ohm, os resultados obtidos na simula\u00e7\u00e3o.<br \/>\nPara implementar o circuito, siga as orienta\u00e7\u00f5es:<br \/>\nAs fontes de corrente e de tens\u00e3o est\u00e3o localizadas no item \u201cSources\u201d:<br \/>\nO resistor est\u00e1 localizado no item \u201cPassive\u201d:<br \/>\n8<br \/>\nA refer\u00eancia est\u00e1 localizada no item \u201cSchematic connectors\u201d:<br \/>\nOs probes para aferi\u00e7\u00e3o de corrente e tens\u00e3o est\u00e3o localizados no item \u201cAnalysis and<br \/>\nanotation\u201d:<br \/>\nAssim, voc\u00ea deve montar os seguintes circuitos:<br \/>\n9<br \/>\nDuplo clique com o bot\u00e3o esquerdo do mouse sobre o resistor habilita a op\u00e7\u00e3o para alterar o<br \/>\nvalor da resist\u00eancia. Ap\u00f3s a montagem e a inser\u00e7\u00e3o dos probes de tens\u00e3o e corrente, inicie a<br \/>\nsimula\u00e7\u00e3o e observe os resultados:<br \/>\nVoc\u00ea deve observar que a corrente e a tens\u00e3o sobre a resist\u00eancia de carga, independente do<br \/>\ncircuito ( Thevenin ou Norton) \u00e9 a mesma.<br \/>\nPr\u00e1tica 2: Aplicando o teorema da m\u00e1xima transfer\u00eancia de pot\u00eancia:<br \/>\nO teorema estabelece que a pot\u00eancia transferida \u00e9 m\u00e1xima quando a resist\u00eancia da carga \u00e9<br \/>\nigual \u00e0 resist\u00eancia interna da fonte de energia. Voc\u00ea deve montar o circuito da figura a seguir e<br \/>\nrealizar a coleta da pot\u00eancia de acordo com a varia\u00e7\u00e3o do valor da resist\u00eancia de carga, para<br \/>\nobter o gr\u00e1fico da figura:<br \/>\nNo Multisim on-line monte o circuito da figura a seguir<br \/>\n10<br \/>\nVoc\u00ea deve variar o valor da resist\u00eancia de carga (R2) entre 0 ohms at\u00e9 10 kohms. Para 0 ohms,<br \/>\nbasta retirar o resistor R2 e realizar um curto-circuito nos terminais adjacentes. O valor da<br \/>\nresist\u00eancia pode ser alterado de acordo com a tabela a seguir. Para cada valor de resist\u00eancia,<br \/>\nanotar nas colunas 1 e 2 os valores da tens\u00e3o e corrente obtidos na simula\u00e7\u00e3o. A pot\u00eancia pode<br \/>\nser obtida por meio da multiplica\u00e7\u00e3o entre tens\u00e3o e corrente.<br \/>\nTens\u00e3o<br \/>\nCorrente<br \/>\n(mA) Rcarga<br \/>\nPot\u00eancia<br \/>\n(mW)<br \/>\nV i 0 v*i<br \/>\n200<br \/>\n400<br \/>\n600<br \/>\n800<br \/>\n1000<br \/>\n1200<br \/>\n1400<br \/>\n1600<br \/>\n1800<br \/>\n2000<br \/>\n4000<br \/>\n6000<br \/>\n8000<br \/>\n10000<br \/>\nDica: voc\u00ea pode utilizar o Excel on-line para realizar os c\u00e1lculos e a plotagem. Para isso, basta<br \/>\nacessar uma conta de e-mail outlook ou hotmail e no menu de aplicativos selecionar o Excel<br \/>\n11<br \/>\nNo Excel inserir as colunas: tens\u00e3o ( que ser\u00e1 coletada), corrente mA (que ser\u00e1 coletada),<br \/>\nRcarga (de acordo com a tabela anterior) e Pot\u00eancia mW (que ser\u00e1 calculada):<br \/>\nPara cada valor de R2 alterada no Multisim, voc\u00ea deve anotar na planilha em Excel:<br \/>\nExemplo para R2 = 200 ohms:<br \/>\nAp\u00f3s realizar esse procedimento para toda a faixa de resist\u00eancia, plote o gr\u00e1fico de resist\u00eancia<br \/>\n12<br \/>\nversus pot\u00eancia: voc\u00ea deve selecionar as colunas Rcarga e Pot\u00eancia (mW), ir at\u00e9 o menu<br \/>\nsuperior na aba<br \/>\nO gr\u00e1ico ser\u00e1 gerado, e voc\u00ea deve verificar que a m\u00e1xima transfer\u00eancia de pot\u00eancia ocorre<br \/>\nquando Rcarga=RTH. Ainda, por meio da f\u00f3rmula da m\u00e1xima transfer\u00eancia de pot\u00eancia \u00e9<br \/>\nposs\u00edvel validar o valor de pot\u00eancia estimado.<br \/>\nAqui, finaliza-se a atividade pr\u00e1tica<br \/>\nChecklist:<br \/>\n\u2013 Realizar a montagem do circuito para a comprova\u00e7\u00e3o do teorema da transforma\u00e7\u00e3o de fontes;<br \/>\n\u2013 Validar matematicamente por meio dos teoremas, o resultado obtido em simula\u00e7\u00e3o;<br \/>\n\u2013 Realizar a montagem do circuito para a comprova\u00e7\u00e3o do teorema da m\u00e1xima transfer\u00eancia de<br \/>\npot\u00eancia;<br \/>\n\u2013 Validar matematicamente por meio dos teoremas, o resultado obtido em simula\u00e7\u00e3o;<br \/>\n13<br \/>\n\u2013 Realizar a plotagem gr\u00e1fica para a comprova\u00e7\u00e3o do teorema da m\u00e1xima transfer\u00eancia de<br \/>\npot\u00eancia.<br \/>\nRESULTADOS<br \/>\nResultados de Aprendizagem:<br \/>\nPara essa aula pr\u00e1tica espera-se que o aluno esteja familiarizado com o conceito de m\u00e1xima<br \/>\ntransfer\u00eancia de pot\u00eancia. Como resultado das atividades pe\u00e7a para que o aluno elabore um<br \/>\nrelat\u00f3rio que contenha as tabelas e gr\u00e1ficos aferidos no procedimento. Al\u00e9m disso, solicite aos<br \/>\nalunos que encontre a m\u00e1xima transfer\u00eancia de pot\u00eancia por meio dos c\u00e1lculos te\u00f3ricos e<br \/>\ncompare com o obtido por meio das pr\u00e1ticas, justificando as poss\u00edveis diverg\u00eancia nos valores<br \/>\nencontrados<\/p>\n<div class=\"elementor-toggle-item\">\n<div class=\"elementor-toggle-item\">\n<p id=\"elementor-tab-title-1941\" class=\"elementor-tab-title elementor-active\" tabindex=\"0\" role=\"tab\" data-tab=\"1\" aria-controls=\"elementor-tab-content-1941\" aria-expanded=\"true\" aria-selected=\"true\"><strong>Como funciona?<\/strong><\/p>\n<p>Elaboramos os portf\u00f3lios, j\u00e1 deixamos prontos, nas normas da ABNT e conforme os requisitos da universidade. F\u00e1cil assim! O MELHOR \u00c9 QUE VOC\u00ca COMPRA E J\u00c1 BAIXA NA HORA O SEU ARQUIVO EM WORD! Sabemos que conciliar trabalho, fam\u00edlia, vida profissional e estudos \u00e9 dif\u00edcil hoje em dia, por isso, estamos aqui para ajudar voc\u00ea. Conte com nossa qualidade, experi\u00eancia e profissionalismo adquirindo seu portf\u00f3lio conosco. GARANTIMOS SEU CONCEITO!<\/p>\n<p><strong>Como se realizam os envios?<\/strong><\/p>\n<\/div>\n<p id=\"elementor-tab-content-1942\" class=\"elementor-tab-content elementor-clearfix elementor-active\" role=\"tabpanel\" data-tab=\"2\" aria-labelledby=\"elementor-tab-title-1942\">O seu trabalho \u00e9 disponibilizado pronto, respondido e nas normas j\u00e1 na mesma hora aqui em nosso site na sua \u00e1rea de downloads e tamb\u00e9m no seu e-mail.<\/p>\n<p><strong>Em quanto tempo recebo o portf\u00f3lio?<\/strong><\/p>\n<p>Os envios s\u00e3o imediatos. Ap\u00f3s sua compra, o trabalho j\u00e1 \u00e9 disponibilizado instantaneamente aqui em nosso site e no seu e-mail.<\/p>\n<p><strong>E se o portf\u00f3lio que comprei precisar de corre\u00e7\u00e3o?<\/strong><\/p>\n<p>Caso haja alguma solicita\u00e7\u00e3o de corre\u00e7\u00e3o\/altera\u00e7\u00e3o por parte do tutor, basta entrar em contato conosco pelo\u00a0WhatsApp\u00a0que provid\u00eanciaremos sem custo algum.<\/p>\n<p><strong>Qual o formato do arquivo?<\/strong><\/p>\n<p>Os arquivos s\u00e3o enviados em formato Word e s\u00e3o edit\u00e1veis.<\/p>\n<p><strong>Caso eu tiver alguma d\u00favida, terei suporte no p\u00f3s venda?<\/strong><\/p>\n<p>Sim, com certeza. Basta clicar no \u00edcone do WhatsApp no cantinho da tela. Ser\u00e1 um prazer atend\u00ea-lo(a).<\/p>\n<div id=\"elementor-tab-content-1948\" class=\"elementor-tab-content elementor-clearfix elementor-active\" role=\"tabpanel\" data-tab=\"8\" aria-labelledby=\"elementor-tab-title-1948\">\n<p><strong>Quais os seus canais de contato?<\/strong><\/p>\n<\/div>\n<div id=\"elementor-tab-content-1949\" class=\"elementor-tab-content elementor-clearfix elementor-active\" role=\"tabpanel\" data-tab=\"9\" aria-labelledby=\"elementor-tab-title-1949\">\n<p>Whatsapp: 53 984751621 \u2013 Clicar no canto da tela ou ESCANEIE O QRCODE ABAIXO<\/p>\n<h4><img decoding=\"async\" class=\"alignnone wp-image-13699 jetpack-lazy-image jetpack-lazy-image--handled\" src=\"https:\/\/i0.wp.com\/portifolioos-prontos.com\/wp-content\/uploads\/2023\/02\/whatsapp-business-projeto-de-extensao-300x300.jpeg?resize=144%2C144\" sizes=\"(max-width: 144px) 100vw, 144px\" srcset=\"https:\/\/i0.wp.com\/portifolioos-prontos.com\/wp-content\/uploads\/2023\/02\/whatsapp-business-projeto-de-extensao.jpeg?resize=300%2C301&amp;ssl=1 300w, https:\/\/i0.wp.com\/portifolioos-prontos.com\/wp-content\/uploads\/2023\/02\/whatsapp-business-projeto-de-extensao.jpeg?resize=150%2C150&amp;ssl=1 150w, https:\/\/i0.wp.com\/portifolioos-prontos.com\/wp-content\/uploads\/2023\/02\/whatsapp-business-projeto-de-extensao.jpeg?resize=370%2C372&amp;ssl=1 370w, https:\/\/i0.wp.com\/portifolioos-prontos.com\/wp-content\/uploads\/2023\/02\/whatsapp-business-projeto-de-extensao.jpeg?resize=100%2C100&amp;ssl=1 100w, https:\/\/i0.wp.com\/portifolioos-prontos.com\/wp-content\/uploads\/2023\/02\/whatsapp-business-projeto-de-extensao.jpeg?w=470&amp;ssl=1 470w\" alt=\"projeto de extens\u00e3o unopar\" width=\"144\" height=\"144\" data-lazy-loaded=\"1\" \/><\/h4>\n<\/div>\n<div class=\"elementor-toggle-item\">\n<div id=\"elementor-tab-content-1949\" class=\"elementor-tab-content elementor-clearfix elementor-active\" role=\"tabpanel\" data-tab=\"9\" aria-labelledby=\"elementor-tab-title-1949\">\n<p>E-mail:portifoliosp@gmail.com<\/p>\n<div id=\"attachment_143\" class=\"wp-caption alignnone\">\n<div id=\"attachment_143\" class=\"wp-caption alignnone\">\n<p id=\"caption-attachment-143\" class=\"wp-caption-text\"><a href=\"http:\/\/portfolio-pronto.com\/\">Portf\u00f3lio<\/a>\u00a0em Word, respondido, completo e j\u00e1 nas normas<\/p>\n<\/div>\n<\/div>\n<\/div>\n<\/div>\n<\/div>\n","protected":false},"excerpt":{"rendered":"<div class=\"product-short-description\">\n<div class=\"product-short-description\">\n<p><strong>Pague pelo PIX ou cart\u00e3o e fa\u00e7a o download agora mesmo.<\/strong><\/p>\n<\/div>\n<div class=\"sticky-add-to-cart-wrapper\">\n<div class=\"sticky-add-to-cart\">\n<p class=\"quantity buttons_added form-flat\"><img decoding=\"async\" class=\"lazyloaded smush-image-5 smush-image-3 smush-image-4 smush-detected-img smush-image-bigger-3\" src=\"https:\/\/d26lpennugtm8s.cloudfront.net\/assets\/common\/img\/logos\/payment\/visa@2x.png\" width=\"46\" height=\"29\" data-src=\"https:\/\/d26lpennugtm8s.cloudfront.net\/assets\/common\/img\/logos\/payment\/visa@2x.png\" \/><img decoding=\"async\" class=\"lazyloaded smush-image-6 smush-image-4 smush-image-5 smush-detected-img smush-image-bigger-4\" src=\"https:\/\/d26lpennugtm8s.cloudfront.net\/assets\/common\/img\/logos\/payment\/boleto@2x.png\" width=\"43\" height=\"27\" data-src=\"https:\/\/d26lpennugtm8s.cloudfront.net\/assets\/common\/img\/logos\/payment\/boleto@2x.png\" \/><img loading=\"lazy\" decoding=\"async\" class=\"lazyloaded smush-image-7 smush-image-5 smush-image-6 smush-detected-img smush-image-bigger-5\" src=\"https:\/\/d26lpennugtm8s.cloudfront.net\/assets\/common\/img\/logos\/payment\/mastercard@2x.png\" width=\"43\" height=\"27\" data-src=\"https:\/\/d26lpennugtm8s.cloudfront.net\/assets\/common\/img\/logos\/payment\/mastercard@2x.png\" \/><img loading=\"lazy\" decoding=\"async\" class=\"lazyloaded smush-image-8 smush-image-6 smush-image-7 smush-detected-img smush-image-bigger-6\" src=\"https:\/\/d26lpennugtm8s.cloudfront.net\/assets\/common\/img\/logos\/payment\/amex@2x.png\" width=\"43\" height=\"27\" data-src=\"https:\/\/d26lpennugtm8s.cloudfront.net\/assets\/common\/img\/logos\/payment\/amex@2x.png\" \/><img loading=\"lazy\" decoding=\"async\" class=\"lazyloaded smush-image-9 smush-image-7 smush-image-8 smush-detected-img smush-image-bigger-7\" src=\"https:\/\/d26lpennugtm8s.cloudfront.net\/assets\/common\/img\/logos\/payment\/diners@2x.png\" width=\"46\" height=\"29\" data-src=\"https:\/\/d26lpennugtm8s.cloudfront.net\/assets\/common\/img\/logos\/payment\/diners@2x.png\" \/><img loading=\"lazy\" decoding=\"async\" class=\"lazyloaded smush-image-10 smush-image-8 smush-image-9 alignnone smush-detected-img smush-image-bigger-8\" src=\"https:\/\/d26lpennugtm8s.cloudfront.net\/assets\/common\/img\/logos\/payment\/br\/elo@2x.png\" alt=\"portf\u00f3lio unopar anhanguera\" width=\"45\" height=\"28\" data-src=\"https:\/\/d26lpennugtm8s.cloudfront.net\/assets\/common\/img\/logos\/payment\/br\/elo@2x.png\" \/><img loading=\"lazy\" decoding=\"async\" class=\"lazyloaded smush-image-11 smush-image-9 smush-image-10 alignnone smush-detected-img smush-image-bigger-9\" src=\"https:\/\/d26lpennugtm8s.cloudfront.net\/assets\/common\/img\/logos\/payment\/br\/hipercard@2x.png\" alt=\"portf\u00f3lio unopar anhanguera\" width=\"44\" height=\"28\" data-src=\"https:\/\/d26lpennugtm8s.cloudfront.net\/assets\/common\/img\/logos\/payment\/br\/hipercard@2x.png\" \/><img loading=\"lazy\" decoding=\"async\" class=\"lazyloaded smush-image-12 smush-image-10 smush-image-11 alignnone smush-detected-img smush-image-bigger-10\" src=\"https:\/\/d26lpennugtm8s.cloudfront.net\/assets\/common\/img\/logos\/payment\/mercadopago@2x.png\" alt=\"portf\u00f3lio unopar anhanguera\" width=\"45\" height=\"28\" data-src=\"https:\/\/d26lpennugtm8s.cloudfront.net\/assets\/common\/img\/logos\/payment\/mercadopago@2x.png\" \/><img loading=\"lazy\" decoding=\"async\" class=\"alignnone lazyloaded smush-detected-img smush-image-bigger-11\" src=\"https:\/\/futurium.com.br\/wp-content\/uploads\/2021\/06\/logo-pix-icone-512.png\" alt=\"portfolio pronto\" width=\"30\" height=\"30\" data-src=\"https:\/\/futurium.com.br\/wp-content\/uploads\/2021\/06\/logo-pix-icone-512.png\" \/><\/p>\n<\/div>\n<\/div>\n<\/div>\n","protected":false},"featured_media":25058,"template":"","meta":{"_seopress_robots_primary_cat":"none","_seopress_titles_title":"%%post_title%% %%sitetitle%%","_seopress_titles_desc":"%%post_content%%","_seopress_robots_index":""},"product_cat":[15],"product_tag":[],"class_list":{"0":"post-25053","1":"product","2":"type-product","3":"status-publish","4":"has-post-thumbnail","6":"product_cat-uncategorized","8":"first","9":"instock","10":"downloadable","11":"virtual","12":"purchasable","13":"product-type-simple","14":"col-xs-6 col-sm-4","15":"col-mf-5","16":"un-5-cols"},"jetpack_sharing_enabled":true,"_links":{"self":[{"href":"https:\/\/portifolioos-prontos.com\/index.php\/wp-json\/wp\/v2\/product\/25053","targetHints":{"allow":["GET"]}}],"collection":[{"href":"https:\/\/portifolioos-prontos.com\/index.php\/wp-json\/wp\/v2\/product"}],"about":[{"href":"https:\/\/portifolioos-prontos.com\/index.php\/wp-json\/wp\/v2\/types\/product"}],"version-history":[{"count":0,"href":"https:\/\/portifolioos-prontos.com\/index.php\/wp-json\/wp\/v2\/product\/25053\/revisions"}],"wp:featuredmedia":[{"embeddable":true,"href":"https:\/\/portifolioos-prontos.com\/index.php\/wp-json\/wp\/v2\/media\/25058"}],"wp:attachment":[{"href":"https:\/\/portifolioos-prontos.com\/index.php\/wp-json\/wp\/v2\/media?parent=25053"}],"wp:term":[{"taxonomy":"product_cat","embeddable":true,"href":"https:\/\/portifolioos-prontos.com\/index.php\/wp-json\/wp\/v2\/product_cat?post=25053"},{"taxonomy":"product_tag","embeddable":true,"href":"https:\/\/portifolioos-prontos.com\/index.php\/wp-json\/wp\/v2\/product_tag?post=25053"}],"curies":[{"name":"wp","href":"https:\/\/api.w.org\/{rel}","templated":true}]}}