{"id":25739,"date":"2024-04-25T17:59:09","date_gmt":"2024-04-25T20:59:09","guid":{"rendered":"https:\/\/portifolioos-prontos.com\/?post_type=product&#038;p=25739"},"modified":"2024-04-25T17:59:10","modified_gmt":"2024-04-25T20:59:10","slug":"projeto-integrado-gestao-portuaria","status":"publish","type":"product","link":"https:\/\/portifolioos-prontos.com\/index.php\/product\/projeto-integrado-gestao-portuaria\/","title":{"rendered":"Projeto Integrado &#8211; Gest\u00e3o Portu\u00e1ria"},"content":{"rendered":"<h4>Projeto Integrado &#8211; Gest\u00e3o Portu\u00e1ria<\/h4>\n<p>Portf\u00f3lio Projeto Integrado S\u00edntese &#8211; Gest\u00e3o Portu\u00e1ria<\/p>\n<p>Situa\u00e7\u00e3o Geradora de Aprendizagem (SGA)<br \/>\nA Empresa Souza &amp; Catarino, uma renomada fabricante de pe\u00e7as automotivas no Brasil, tem<br \/>\nenfrentado desafios significativos nos \u00faltimos anos. Quedas substanciais no faturamento foram<br \/>\nregistradas devido a inefici\u00eancias operacionais, redu\u00e7\u00e3o da qualidade e do n\u00edvel de servi\u00e7o. Diante<br \/>\ndessas adversidades, a empresa se v\u00ea na necessidade de uma reestrutura\u00e7\u00e3o completa para<br \/>\npermanecer competitiva no mercado nacional.<br \/>\nAl\u00e9m disso, a reformula\u00e7\u00e3o de suas estrat\u00e9gias e processos se tornou ainda mais urgente uma<br \/>\nvez que a empresa recebeu uma proposta para fabricar um componente de suspens\u00e3o para uma<br \/>\nmontadora de ve\u00edculos que atende todo o territ\u00f3rio Europeu e Asi\u00e1tico, fato este que ir\u00e1 resultar<br \/>\npara um grande aumento no volume de produ\u00e7\u00e3o.<br \/>\nDesse modo, por meio de um primeiro diagn\u00f3stico, foi poss\u00edvel constatar que a Empresa<br \/>\nSouza &amp; Catarino enfrenta uma s\u00e9rie de desafios que impactam sua efici\u00eancia operacional e<br \/>\nreputa\u00e7\u00e3o no mercado.<br \/>\nAs inefici\u00eancias operacionais, resultantes de processos produtivos desatualizados e<br \/>\nineficientes, t\u00eam contribu\u00eddo para custos elevados e uma produtividade abaixo do ideal. Al\u00e9m disso,<br \/>\na redu\u00e7\u00e3o na qualidade das pe\u00e7as automotivas prejudicou a reputa\u00e7\u00e3o da empresa, levando \u00e0 perda<br \/>\nde clientes. Adicionalmente, a gest\u00e3o insatisfat\u00f3ria da cadeia de suprimentos resultou em atrasos<br \/>\nnas entregas e insatisfa\u00e7\u00e3o dos clientes, gerando um n\u00edvel de servi\u00e7o inadequado.<br \/>\nDiante desses desafios, a empresa busca expandir suas opera\u00e7\u00f5es para mercados<br \/>\ninternacionais. No entanto, essa expans\u00e3o n\u00e3o est\u00e1 isenta de dificuldades. A adapta\u00e7\u00e3o \u00e0s normas<br \/>\ninternacionais, especialmente as exigidas por uma montadora europeia, requer ajustes significativos<br \/>\nnos processos de produ\u00e7\u00e3o e controle de qualidade. Al\u00e9m disso, investimentos em tecnologia s\u00e3o<br \/>\nessenciais para modernizar as instala\u00e7\u00f5es e implementar tecnologias avan\u00e7adas, visando melhorar a<br \/>\nefici\u00eancia e a qualidade.<br \/>\nA gest\u00e3o da cadeia de suprimentos em escala global tamb\u00e9m se apresenta como um<br \/>\nimportante desafio, demandando a constru\u00e7\u00e3o de parcerias s\u00f3lidas com fornecedores globais para<br \/>\nassegurar um fluxo cont\u00ednuo de mat\u00e9rias-primas. Apesar desses desafios, a proposta de expans\u00e3o<br \/>\ntraz consigo benef\u00edcios consider\u00e1veis. A entrada nos mercados europeu e asi\u00e1tico n\u00e3o s\u00f3 abrir\u00e1 novas<br \/>\nfontes de receita, compensando a queda no mercado nacional, como tamb\u00e9m ajudar\u00e1 na<br \/>\nPROJETO INTEGRADO I<br \/>\nCST GEST\u00c3O PORTU\u00c1RIA<br \/>\nreconstru\u00e7\u00e3o da reputa\u00e7\u00e3o da empresa, fornecendo produtos de alta qualidade \u00e0 montadora<br \/>\neuropeia.<br \/>\nPortanto estudante, esse ser\u00e1 o cen\u00e1rio no qual voc\u00ea ir\u00e1 atuar. Sua miss\u00e3o ser\u00e1 auxiliar os<br \/>\ngestores na resolu\u00e7\u00e3o dos problemas que poder\u00e3o acorrer tanto em rela\u00e7\u00e3o \u00e0 recupera\u00e7\u00e3o e ganho<br \/>\nde competitividade no mercado interno quanto no processo de expans\u00e3o comercial.<\/p>\n<p><strong>Para isso, voc\u00ea dever\u00e1 responder aos seguintes questionamentos:<\/strong><\/p>\n<p>a) Um dos problemas que mais tem contribu\u00eddo negativamente para a redu\u00e7\u00e3o do<br \/>\nfaturamento da empresa diz respeito \u00e0s suas entregas. Analisando o hist\u00f3rico referente aos \u00faltimos<br \/>\n3 anos, os problemas encontrados foram os seguintes: de todos os 1.650 pedidos entregues, 56<br \/>\nforam registrados incorretamente no sistema da empresa; 131 pedidos foram enviados aos clientes<br \/>\ncom diverg\u00eancias em decorr\u00eancia de erros no momento da separa\u00e7\u00e3o; 186 pedidos foram entregues<br \/>\nfora do prazo acordado entre o vendedor e o cliente; 32 pedidos foram entregues com avarias tanto<br \/>\nnas embalagens quanto nos produtos e, por fim, 36 pedidos foram faturados incorretamente.<br \/>\nNesse sentido, considerando que o n\u00edvel de servi\u00e7o exigido pelos clientes \u00e9 de, ao menos,<br \/>\n85%, calcule qual o percentual de \u201cPedido Perfeito\u201d atualmente entregue pela empresa ao seu<br \/>\nmercado. Ao final, considerando os percentuais encontrados e se utilizando dos preceitos da<br \/>\nestat\u00edstica inferencial, aponte em qual ordem os problemas dever\u00e3o ser solucionados.<\/p>\n<p>b) Outro fator que demanda sua atua\u00e7\u00e3o se refere \u00e0 localiza\u00e7\u00e3o do novo armaz\u00e9m para<br \/>\nmanter os estoques dos itens de exporta\u00e7\u00e3o. Considerando todos os gargalos log\u00edsticos,<br \/>\nprincipalmente \u00e0queles que referem aos modais de transportes de transportes e seus consequentes<br \/>\ncustos, qual local voc\u00ea sugere \u00e0 empresa para a instala\u00e7\u00e3o do novo armaz\u00e9m?<\/p>\n<p>c) Para acompanhar o projeto de expans\u00e3o da sua capacidade e, consequentemente, seu<br \/>\nvolume de produ\u00e7\u00e3o, fora sugerido aos gestores que se utilizem de uma importante ferramenta<br \/>\ndenominada de M\u00e9todo de Neg\u00f3cios Canvas, ferramenta esta da qual os administradores nunca<br \/>\nsequer ouviram falar. Desse modo, voc\u00ea dever\u00e1 explicar minuciosamente qual o conceito e<br \/>\naplicabilidade desta ferramenta.<\/p>\n<p>d) Outra sugest\u00e3o diz respeito ao fato de que, uma vez que a empresa ir\u00e1 atuar no mercado<br \/>\ninternacional, ela dever\u00e1 se inovar em termos de novas tecnologias, equipamentos, ferramentais e<br \/>\nm\u00e3o de obra. Entretanto, \u00e9 de fundamental import\u00e2ncia que a empresa e seus respectivos gestores<br \/>\ncompreendam claramente o tipo de inova\u00e7\u00e3o para que possam focar seus esfor\u00e7os e, principalmente,<br \/>\npara promover um uso racional de recursos. Nesse sentido, voc\u00ea dever\u00e1 explicar aos gerentes da<br \/>\nPROJETO INTEGRADO I<br \/>\nCST GEST\u00c3O PORTU\u00c1RIA<br \/>\nempresa os tipos de inova\u00e7\u00e3o (inova\u00e7\u00e3o fechada; Inova\u00e7\u00e3o Aberta; Inova\u00e7\u00e3o Incremental e; Inova\u00e7\u00e3o<br \/>\nRadical). Al\u00e9m disso, aponte aos gestores qual \u00e9 o tipo de inova\u00e7\u00e3o na qual a empresa incorrer\u00e1 e<br \/>\napresente a justificativa para a sua escolha.<\/p>\n<p>e) A empresa Souza &amp; Catarino encontra-se diante de uma importante decis\u00e3o: a contrata\u00e7\u00e3o<br \/>\nde colaboradores tempor\u00e1rios ou colaboradores fixos para o seu novo armaz\u00e9m. A prefer\u00eancia \u00e9 pela<br \/>\ncontrata\u00e7\u00e3o de colaboradores tempor\u00e1rios. Por\u00e9m, existe um elevado risco de n\u00e3o disponibilidade<br \/>\nde m\u00e3o de obra em algumas situa\u00e7\u00f5es pontuais al\u00e9m do risco da falta de comprometimento desses<br \/>\ntrabalhadores uma vez que n\u00e3o possuem qualquer v\u00ednculo com a empresa.<br \/>\nDesse modo, a empresa poderia optar ent\u00e3o pela contrata\u00e7\u00e3o de parte da for\u00e7a de trabalho<br \/>\npela Consolida\u00e7\u00e3o das Leis do Trabalho (CLT) e parte sob demanda, ou seja, optar por uma estrat\u00e9gia<br \/>\nde contrata\u00e7\u00e3o h\u00edbrida? Portanto, sua miss\u00e3o ser\u00e1 apresentar ao Departamento de Recursos<br \/>\nHumanos as especificidades legais que versam sobre esses dois tipos de estrat\u00e9gias. Explique quais<br \/>\ns\u00e3o os fatores determinantes para que a m\u00e3o de obra seja considerada fixa e qual a legisla\u00e7\u00e3o que a<br \/>\nempresa deve atender em rela\u00e7\u00e3o aos trabalhadores tempor\u00e1rios.<br \/>\nPortanto, para que voc\u00ea possa cumprir com essa atividade de forma plena e satisfat\u00f3ria, voc\u00ea<br \/>\ndever\u00e1 responder a todos os questionamentos em forma de um relat\u00f3rio seguindo as especifica\u00e7\u00f5es<br \/>\nde formata\u00e7\u00e3o recomendadas.<br \/>\nCabe destacar tamb\u00e9m que voc\u00ea pode se utilizar, al\u00e9m das videoaulas e dos livros did\u00e1ticos<br \/>\ndas disciplinas, de qualquer outro material que julgar necess\u00e1rio.<br \/>\nE ent\u00e3o, preparado? Agora, \u00e9 com voc\u00ea!<br \/>\nPROJETO INTEGRADO I<br \/>\nCST GEST\u00c3O PORTU\u00c1RIA<br \/>\nBibliografia:<br \/>\nALBERTIN, Marcos R.; ELIAS, S\u00e9rgio J. B.; ARAG\u00c3O, Dmontier P. Benchmarking para um desempenho<br \/>\nsuperior: manual, teoria e pr\u00e1tica. Rio de Janeiro: Alta Books, 2021.<br \/>\nBRAGA, Luiz Felipe Nobre. Legisla\u00e7\u00e3o empresarial aplicada. Londrina: Editora e Distribuidora<br \/>\nEducacional S.A., 2020.<br \/>\nCHOPRA, S.; MEINDL, P. Gest\u00e3o da cadeia de suprimentos: estrat\u00e9gia, planejamento e opera\u00e7\u00f5es.<br \/>\n4. ed. S\u00e3o Paulo: Pearson Prentice Hall, 2011.<br \/>\nFERREIRA, Leonardo, Et al. Processos log\u00edsticos. Londrina: Editora e Distribuidora Educacional S.A.,<br \/>\n2016.<br \/>\nJULIANO, Marcio de Cassio. Empreendedorismo. Londrina: Editora e Distribuidora Educacional S.A.,<br \/>\n2016.<br \/>\nOLIVEIRA, Djalma de Pinho Rebou\u00e7as. A empresa inovadora e direcionada para resultados. S\u00e3o<br \/>\nPaulo: Atlas, 2015.<\/p>\n<div class=\"elementor-toggle-item\">\n<h4 id=\"elementor-tab-title-1941\" class=\"elementor-tab-title elementor-active\" tabindex=\"0\" role=\"tab\" data-tab=\"1\" aria-controls=\"elementor-tab-content-1941\" aria-expanded=\"true\" aria-selected=\"true\">Como funciona?<\/h4>\n<div id=\"elementor-tab-content-1941\" class=\"elementor-tab-content elementor-clearfix elementor-active\" role=\"tabpanel\" data-tab=\"1\" aria-labelledby=\"elementor-tab-title-1941\">\n<p>Elaboramos os portf\u00f3lios, j\u00e1 deixamos prontos, nas normas da ABNT e conforme os requisitos da universidade. F\u00e1cil assim! O MELHOR \u00c9 QUE VOC\u00ca COMPRA E J\u00c1 BAIXA NA HORA O SEU ARQUIVO EM WORD! Sabemos que conciliar trabalho, fam\u00edlia, vida profissional e estudos \u00e9 dif\u00edcil hoje em dia, por isso, estamos aqui para ajudar voc\u00ea. Conte com nossa qualidade, experi\u00eancia e profissionalismo adquirindo seu portf\u00f3lio conosco. GARANTIMOS SEU CONCEITO!<\/p>\n<h4>Como se realizam os envios?<\/h4>\n<\/div>\n<\/div>\n<div class=\"elementor-toggle-item\">\n<div id=\"elementor-tab-content-1942\" class=\"elementor-tab-content elementor-clearfix elementor-active\" role=\"tabpanel\" data-tab=\"2\" aria-labelledby=\"elementor-tab-title-1942\">O seu trabalho \u00e9 disponibilizado pronto, respondido e nas normas j\u00e1 na mesma hora aqui em nosso site na sua \u00e1rea de downloads e tamb\u00e9m no seu e-mail.<\/div>\n<\/div>\n<div class=\"elementor-toggle-item\">\n<div id=\"elementor-tab-content-1943\" class=\"elementor-tab-content elementor-clearfix elementor-active\" role=\"tabpanel\" data-tab=\"3\" aria-labelledby=\"elementor-tab-title-1943\">\n<h4>Em quanto tempo recebo o portf\u00f3lio?<\/h4>\n<\/div>\n<\/div>\n<div class=\"elementor-toggle-item\">\n<div id=\"elementor-tab-content-1944\" class=\"elementor-tab-content elementor-clearfix elementor-active\" role=\"tabpanel\" data-tab=\"4\" aria-labelledby=\"elementor-tab-title-1944\">\n<p>Os envios s\u00e3o imediatos. Ap\u00f3s sua compra, o trabalho j\u00e1 \u00e9 disponibilizado instantaneamente aqui em nosso site e no seu e-mail.<\/p>\n<h4>E se o portf\u00f3lio que comprei precisar de corre\u00e7\u00e3o?<\/h4>\n<\/div>\n<\/div>\n<div class=\"elementor-toggle-item\">\n<div id=\"elementor-tab-content-1945\" class=\"elementor-tab-content elementor-clearfix elementor-active\" role=\"tabpanel\" data-tab=\"5\" aria-labelledby=\"elementor-tab-title-1945\">\n<p>Caso haja alguma solicita\u00e7\u00e3o de corre\u00e7\u00e3o\/altera\u00e7\u00e3o por parte do tutor, basta entrar em contato conosco pelo\u00a0WhatsApp\u00a0que provid\u00eanciaremos sem custo algum.<\/p>\n<h4>Qual o formato do arquivo?<\/h4>\n<\/div>\n<\/div>\n<div class=\"elementor-toggle-item\">\n<div id=\"elementor-tab-content-1946\" class=\"elementor-tab-content elementor-clearfix elementor-active\" role=\"tabpanel\" data-tab=\"6\" aria-labelledby=\"elementor-tab-title-1946\">\n<p>Os arquivos s\u00e3o enviados em formato Word e s\u00e3o edit\u00e1veis.<\/p>\n<h4>Caso eu tiver alguma d\u00favida, terei suporte no p\u00f3s venda?<\/h4>\n<\/div>\n<\/div>\n<div class=\"elementor-toggle-item\">\n<div id=\"elementor-tab-content-1948\" class=\"elementor-tab-content elementor-clearfix elementor-active\" role=\"tabpanel\" data-tab=\"8\" aria-labelledby=\"elementor-tab-title-1948\">\n<p>Sim, com certeza. Basta clicar no \u00edcone do WhatsApp no cantinho da tela. Ser\u00e1 um prazer atend\u00ea-lo(a).<\/p>\n<div class=\"elementor-toggle-item\">\n<div id=\"elementor-tab-content-1948\" class=\"elementor-tab-content elementor-clearfix elementor-active\" role=\"tabpanel\" data-tab=\"8\" aria-labelledby=\"elementor-tab-title-1948\">\n<h4>Quais os seus canais de contato?<\/h4>\n<\/div>\n<\/div>\n<div class=\"elementor-toggle-item\">\n<div id=\"elementor-tab-content-1949\" class=\"elementor-tab-content elementor-clearfix elementor-active\" role=\"tabpanel\" data-tab=\"9\" aria-labelledby=\"elementor-tab-title-1949\">\n<p>Whatsapp: 53 984751621 \u2013 Clicar no canto da tela ou ESCANEIE O QRCODE ABAIXO<\/p>\n<h4><img decoding=\"async\" class=\"alignnone wp-image-13699 jetpack-lazy-image jetpack-lazy-image--handled smush-detected-img smush-image-1\" src=\"https:\/\/i0.wp.com\/portifolioos-prontos.com\/wp-content\/uploads\/2023\/02\/whatsapp-business-projeto-de-extensao-300x300.jpeg?resize=144%2C144\" sizes=\"(max-width: 144px) 100vw, 144px\" srcset=\"https:\/\/i0.wp.com\/portifolioos-prontos.com\/wp-content\/uploads\/2023\/02\/whatsapp-business-projeto-de-extensao.jpeg?resize=300%2C301&amp;ssl=1 300w, https:\/\/i0.wp.com\/portifolioos-prontos.com\/wp-content\/uploads\/2023\/02\/whatsapp-business-projeto-de-extensao.jpeg?resize=150%2C150&amp;ssl=1 150w, https:\/\/i0.wp.com\/portifolioos-prontos.com\/wp-content\/uploads\/2023\/02\/whatsapp-business-projeto-de-extensao.jpeg?resize=370%2C372&amp;ssl=1 370w, https:\/\/i0.wp.com\/portifolioos-prontos.com\/wp-content\/uploads\/2023\/02\/whatsapp-business-projeto-de-extensao.jpeg?resize=100%2C100&amp;ssl=1 100w, https:\/\/i0.wp.com\/portifolioos-prontos.com\/wp-content\/uploads\/2023\/02\/whatsapp-business-projeto-de-extensao.jpeg?w=470&amp;ssl=1 470w\" alt=\"projeto de extens\u00e3o unopar\" width=\"144\" height=\"144\" data-lazy-loaded=\"1\" \/><\/h4>\n<\/div>\n<\/div>\n<\/div>\n<\/div>\n<div class=\"elementor-toggle-item\">\n<div id=\"elementor-tab-content-1949\" class=\"elementor-tab-content elementor-clearfix elementor-active\" role=\"tabpanel\" data-tab=\"9\" aria-labelledby=\"elementor-tab-title-1949\">\n<p>E-mail:portifoliosp@gmail.com<\/p>\n<div id=\"attachment_143\" class=\"wp-caption alignnone\">\n<div id=\"attachment_143\" class=\"wp-caption alignnone\" style=\"width: 102px;\">\n<p><a href=\"https:\/\/portifolioos-prontos.com\/\"><img decoding=\"async\" class=\"wp-image-143 jetpack-lazy-image jetpack-lazy-image--handled smush-detected-img smush-image-11 smush-image-2\" title=\"portfolio pronto unopar\" src=\"https:\/\/i0.wp.com\/portifolioos-prontos.com\/wp-content\/uploads\/2022\/04\/conceitomaximo.png?resize=161%2C46\" alt=\"PORTFOLIO PRONTO UNOPAR ANHANGUERA\" width=\"102\" height=\"29\" aria-describedby=\"caption-attachment-143\" data-lazy-loaded=\"1\" \/><\/a><\/p>\n<p id=\"caption-attachment-143\" class=\"wp-caption-text\">Portf\u00f3lio em Word, respondido, completo e j\u00e1 nas normas<\/p>\n<\/div>\n<\/div>\n<\/div>\n<\/div>\n","protected":false},"excerpt":{"rendered":"<div class=\"product-short-description\">\n<h5><strong>Pague pelo PIX ou cart\u00e3o e fa\u00e7a o download agora mesmo.<\/strong><\/h5>\n<\/div>\n<div class=\"sticky-add-to-cart-wrapper\">\n<div class=\"sticky-add-to-cart\">\n<div class=\"quantity buttons_added form-flat\"><img decoding=\"async\" class=\"alignnone wp-image-761 smush-detected-img smush-image-2\" src=\"https:\/\/portifolioos-prontos.com\/wp-content\/uploads\/2022\/04\/PIX-300x107.webp\" alt=\"\" width=\"78\" height=\"28\" \/>\u00a0\u00a0<img loading=\"lazy\" decoding=\"async\" class=\"smush-detected-img smush-image-3\" src=\"https:\/\/d26lpennugtm8s.cloudfront.net\/assets\/common\/img\/logos\/payment\/visa@2x.png\" width=\"46\" height=\"29\" \/><img loading=\"lazy\" decoding=\"async\" class=\"smush-detected-img smush-image-4\" src=\"https:\/\/d26lpennugtm8s.cloudfront.net\/assets\/common\/img\/logos\/payment\/boleto@2x.png\" width=\"43\" height=\"27\" \/><img loading=\"lazy\" decoding=\"async\" class=\"smush-detected-img smush-image-5\" src=\"https:\/\/d26lpennugtm8s.cloudfront.net\/assets\/common\/img\/logos\/payment\/mastercard@2x.png\" width=\"43\" height=\"27\" \/><img loading=\"lazy\" decoding=\"async\" class=\"smush-detected-img smush-image-6\" src=\"https:\/\/d26lpennugtm8s.cloudfront.net\/assets\/common\/img\/logos\/payment\/amex@2x.png\" width=\"43\" height=\"27\" \/><img loading=\"lazy\" decoding=\"async\" class=\"smush-detected-img smush-image-7\" src=\"https:\/\/d26lpennugtm8s.cloudfront.net\/assets\/common\/img\/logos\/payment\/diners@2x.png\" width=\"46\" height=\"29\" \/><img loading=\"lazy\" decoding=\"async\" class=\"smush-detected-img smush-image-8\" src=\"https:\/\/d26lpennugtm8s.cloudfront.net\/assets\/common\/img\/logos\/payment\/br\/elo@2x.png\" width=\"45\" height=\"28\" \/><img loading=\"lazy\" decoding=\"async\" class=\"smush-detected-img smush-image-9\" src=\"https:\/\/d26lpennugtm8s.cloudfront.net\/assets\/common\/img\/logos\/payment\/br\/hipercard@2x.png\" width=\"44\" height=\"28\" \/><img loading=\"lazy\" decoding=\"async\" class=\"smush-detected-img smush-image-10\" src=\"https:\/\/d26lpennugtm8s.cloudfront.net\/assets\/common\/img\/logos\/payment\/mercadopago@2x.png\" width=\"45\" height=\"28\" \/><\/div>\n<\/div>\n<\/div>\n","protected":false},"featured_media":25742,"template":"","meta":{"_seopress_robots_primary_cat":"","_seopress_titles_title":"%%post_title%% %%sitetitle%%","_seopress_titles_desc":"%%post_content%%","_seopress_robots_index":""},"product_cat":[127,15],"product_tag":[],"class_list":{"0":"post-25739","1":"product","2":"type-product","3":"status-publish","4":"has-post-thumbnail","6":"product_cat-gestao-portuaria","7":"product_cat-uncategorized","9":"first","10":"instock","11":"shipping-taxable","12":"purchasable","13":"product-type-simple","14":"col-xs-6 col-sm-4","15":"col-mf-5","16":"un-5-cols"},"jetpack_sharing_enabled":true,"_links":{"self":[{"href":"https:\/\/portifolioos-prontos.com\/index.php\/wp-json\/wp\/v2\/product\/25739","targetHints":{"allow":["GET"]}}],"collection":[{"href":"https:\/\/portifolioos-prontos.com\/index.php\/wp-json\/wp\/v2\/product"}],"about":[{"href":"https:\/\/portifolioos-prontos.com\/index.php\/wp-json\/wp\/v2\/types\/product"}],"version-history":[{"count":0,"href":"https:\/\/portifolioos-prontos.com\/index.php\/wp-json\/wp\/v2\/product\/25739\/revisions"}],"wp:featuredmedia":[{"embeddable":true,"href":"https:\/\/portifolioos-prontos.com\/index.php\/wp-json\/wp\/v2\/media\/25742"}],"wp:attachment":[{"href":"https:\/\/portifolioos-prontos.com\/index.php\/wp-json\/wp\/v2\/media?parent=25739"}],"wp:term":[{"taxonomy":"product_cat","embeddable":true,"href":"https:\/\/portifolioos-prontos.com\/index.php\/wp-json\/wp\/v2\/product_cat?post=25739"},{"taxonomy":"product_tag","embeddable":true,"href":"https:\/\/portifolioos-prontos.com\/index.php\/wp-json\/wp\/v2\/product_tag?post=25739"}],"curies":[{"name":"wp","href":"https:\/\/api.w.org\/{rel}","templated":true}]}}