{"id":26279,"date":"2024-05-01T18:30:54","date_gmt":"2024-05-01T21:30:54","guid":{"rendered":"https:\/\/portifolioos-prontos.com\/?post_type=product&#038;p=26279"},"modified":"2025-08-03T17:19:29","modified_gmt":"2025-08-03T20:19:29","slug":"projeto-integrado-sintese-cst-em-producao-cervejeira","status":"publish","type":"product","link":"https:\/\/portifolioos-prontos.com\/index.php\/product\/projeto-integrado-sintese-cst-em-producao-cervejeira\/","title":{"rendered":"Projeto Integrado S\u00edntese &#8211; CST em Produ\u00e7\u00e3o Cervejeira"},"content":{"rendered":"<h3>Projeto Integrado S\u00edntese &#8211; CST em Produ\u00e7\u00e3o Cervejeira<\/h3>\n<p>Curso: Curso Superior de Tecnologia em Produ\u00e7\u00e3o<br \/>\nCervejeira<br \/>\nSemestre: 1\u00ba semestre<br \/>\nObjetivos da<br \/>\nAprendizagem:<br \/>\nA produ\u00e7\u00e3o textual \u00e9 um procedimento metodol\u00f3gico de ensinoaprendizagem que tem por objetivos:<br \/>\n\u2022 Favorecer a aprendizagem.<br \/>\n\u2022 Estimular a corresponsabilidade do aluno pelo aprendizado<br \/>\neficiente e eficaz.<br \/>\n\u2022 Promover o estudo dirigido a dist\u00e2ncia.<br \/>\n\u2022 Desenvolver os estudos independentes, sistem\u00e1ticos e o<br \/>\nautoaprendizado.<br \/>\n\u2022 Oferecer diferentes ambientes de aprendizagem.<br \/>\n\u2022 Auxiliar no desenvolvimento das compet\u00eancias requeridas pelo<br \/>\nCat\u00e1logo Nacional de Cursos Superiores em Tecnologia do<br \/>\nMinist\u00e9rio da Educa\u00e7\u00e3o.<br \/>\n\u2022 Promover a aplica\u00e7\u00e3o da teoria e conceitos para a solu\u00e7\u00e3o de<br \/>\nproblemas pr\u00e1ticos relativos \u00e0 profiss\u00e3o.<br \/>\n\u2022 Direcionar o estudante para a busca do racioc\u00ednio cr\u00edtico e da<br \/>\nemancipa\u00e7\u00e3o intelectual.<br \/>\nPrezado Aluno(a),<br \/>\nO mercado cervejeiro no Brasil est\u00e1 em expans\u00e3o, sobretudo quanto as cervejas que<br \/>\nchamaremos de especais, ou seja, estilos que v\u00e3o al\u00e9m das American Light Lager e American Lager,<br \/>\npopularmente chamadas de pilsen.<br \/>\nParte do p\u00fablico consumidor de cerveja vem descobrindo nossos estilos, novos sabores e est\u00e1<br \/>\ndisposto a buscar saber cada vez sobre a bebida, com destaque a cervejarias que possuem menor<br \/>\nprodu\u00e7\u00e3o e que possuem um car\u00e1cter mais artesanal.<br \/>\nAl\u00e9m de novos sabores, o p\u00fablico cada vez mais exigente, procura por produtos que al\u00e9m de<br \/>\nserem de possu\u00edrem diferencial no sabor, sejam produzidos de forma sustent\u00e1vel e com respeito \u00e0s<br \/>\nquest\u00f5es dos trabalhadores.<br \/>\nPROJETO INTEGRADO<br \/>\nS\u00cdNTESE<br \/>\nSUPERIOR DE TECNOLOGIA EM PRODU\u00c7\u00c3O CERVEJEIRA<br \/>\nPortanto, nesta atividade, voc\u00ea dever\u00e1 pensar sobre os passos necess\u00e1rios para abrir um<br \/>\nneg\u00f3cio cervejeiro que tenha essas caracter\u00edsticas. Voc\u00ea dever\u00e1 desenvolver este trabalho a partir da<br \/>\nabertura de um brewpub, relacionando as disciplinas do semestre.<br \/>\nSITUA\u00c7\u00c3O GERADORA DE APRENDIZAGEM (SGA)<br \/>\nUm novo brewpub na cidade costuma ser uma novidade bastante agitada, pois trata-se de<br \/>\num estabelecimento especializado em vender cerveja que \u00e9 produzida ali mesmo. \u00c9 um local onde o<br \/>\ncliente pode desfrutar de uma bebida fresca, sem conservantes e que n\u00e3o sofreu problemas com<br \/>\nlongos armazenamentos ou transporte. Muitos brewpubs s\u00e3o tamb\u00e9m, gastropubs, ou seja, bares<br \/>\nespecializados em vender comida que, normalmente, possuem um card\u00e1pio elaborado para ser<br \/>\ndegustado com os diferentes tipos de cerveja da casa.<br \/>\nBrewpub costuma ter como diferencial oferecer alguma, ou algumas, receitas de cerveja que<br \/>\ns\u00e3o exclusivas para a venda local, isto \u00e9, n\u00e3o s\u00e3o encontradas em prateleiras de mercado ou ent\u00e3o<br \/>\nem outros estabelecimentos.<br \/>\nSabendo dessas informa\u00e7\u00f5es, voc\u00ea e mais dois amigos que h\u00e1 anos j\u00e1 fazem cerveja em casa,<br \/>\nresolveram abrir um neg\u00f3cio como este, tendo como tema a regionalidade. Ser\u00e1 um local de<br \/>\nprodu\u00e7\u00e3o de cerveja que utilizar\u00e1 ingredientes regionais, os funcion\u00e1rios todos dever\u00e3o morar perto<br \/>\ndo local de trabalho, o card\u00e1pio ser\u00e1 pensado com comidas e ingredientes regionais, al\u00e9m de ter um<br \/>\nespa\u00e7o para a apresenta\u00e7\u00e3o de artistas locais.<br \/>\nDESAFIO<br \/>\nVoc\u00ea e mais dois amigos resolveram abrir um brewpub com tem\u00e1tica regional em sua cidade,<br \/>\nportanto, agora \u00e9 hora de iniciar os trabalhos para colocar em pr\u00e1tica o sonho. Este \u00e9 um tipo de<br \/>\nestabelecimento que possui muitos detalhes a serem pensados, como a cozinha de brassagem,<br \/>\nfermentadores, forma de distribui\u00e7\u00e3o do chope, card\u00e1pio, decora\u00e7\u00e3o e p\u00fablico-alvo.<br \/>\nSabendo que o p\u00fablico em geral \u00e9 cada vez mais exigente com em rela\u00e7\u00e3o \u00e0s quest\u00f5es de<br \/>\nsustentabilidade e sociais, voc\u00eas conclu\u00edram que o estabelecimento dever\u00e1 possuir elementos que<br \/>\ndemonstrem ser sustent\u00e1veis e que respeitam os trabalhadores.<br \/>\nPROJETO INTEGRADO<br \/>\nS\u00cdNTESE<br \/>\nSUPERIOR DE TECNOLOGIA EM PRODU\u00c7\u00c3O CERVEJEIRA<br \/>\nAgora que voc\u00ea e os amigos j\u00e1 decidiram o que v\u00e3o fazer e quais s\u00e3o as caracter\u00edsticas<br \/>\nprincipais do neg\u00f3cio \u00e9 preciso planejar como tudo vai ser feito, portanto, ser\u00e1 necess\u00e1rio:<br \/>\n1) Realizar um levantamento sobre o p\u00fablico, ou seja, uma pesquisa de mercado. H\u00e1<br \/>\np\u00fablico para a atividade pretendida ao ponto de haver retorno financeiro?<br \/>\n2) Quanto ao que vai ser produzido, tanto a cerveja quanto em rela\u00e7\u00e3o ao card\u00e1pio: que<br \/>\nprodutos s\u00e3o oferecidos em sua regi\u00e3o? Quanto custa? Existem produtores locais para<br \/>\noferecer esses produtos?<br \/>\n3) Quais s\u00e3o os diferenciais que a empresa pode ter para ser reconhecida como<br \/>\nsustent\u00e1vel?<br \/>\n4) Que ingrediente regional pode ser utilizado para elabora\u00e7\u00e3o de uma receita exclusiva<br \/>\npara o Brewpub?<br \/>\n5) H\u00e1 pratos regionais que podem ser harmonizados com as cervejas a serem produzidas<br \/>\nno Brewpub?<br \/>\n6) \u00c9 poss\u00edvel construir um estabelecimento que al\u00e9m de cerveja e comida t\u00edpica tamb\u00e9m<br \/>\nseja um polo cultural que fomenta o desenvolvimento da cultura local?<\/p>\n<div class=\"elementor-toggle-item\">\n<div class=\"elementor-toggle-item\">\n<p id=\"elementor-tab-title-1941\" class=\"elementor-tab-title elementor-active\" tabindex=\"0\" role=\"tab\" data-tab=\"1\" aria-controls=\"elementor-tab-content-1941\" aria-expanded=\"true\" aria-selected=\"true\"><strong>Como funciona?<\/strong><\/p>\n<p>Elaboramos os portf\u00f3lios, j\u00e1 deixamos prontos, nas normas da ABNT e conforme os requisitos da universidade. F\u00e1cil assim! O MELHOR \u00c9 QUE VOC\u00ca COMPRA E J\u00c1 BAIXA NA HORA O SEU ARQUIVO EM WORD! Sabemos que conciliar trabalho, fam\u00edlia, vida profissional e estudos \u00e9 dif\u00edcil hoje em dia, por isso, estamos aqui para ajudar voc\u00ea. Conte com nossa qualidade, experi\u00eancia e profissionalismo adquirindo seu portf\u00f3lio conosco. GARANTIMOS SEU CONCEITO!<\/p>\n<p><strong>Como se realizam os envios?<\/strong><\/p>\n<\/div>\n<p id=\"elementor-tab-content-1942\" class=\"elementor-tab-content elementor-clearfix elementor-active\" role=\"tabpanel\" data-tab=\"2\" aria-labelledby=\"elementor-tab-title-1942\">O seu trabalho \u00e9 disponibilizado pronto, respondido e nas normas j\u00e1 na mesma hora aqui em nosso site na sua \u00e1rea de downloads e tamb\u00e9m no seu e-mail.<\/p>\n<p><strong>Em quanto tempo recebo o portf\u00f3lio?<\/strong><\/p>\n<p>Os envios s\u00e3o imediatos. Ap\u00f3s sua compra, o trabalho j\u00e1 \u00e9 disponibilizado instantaneamente aqui em nosso site e no seu e-mail.<\/p>\n<p><strong>E se o portf\u00f3lio que comprei precisar de corre\u00e7\u00e3o?<\/strong><\/p>\n<p>Caso haja alguma solicita\u00e7\u00e3o de corre\u00e7\u00e3o\/altera\u00e7\u00e3o por parte do tutor, basta entrar em contato conosco pelo\u00a0WhatsApp\u00a0que provid\u00eanciaremos sem custo algum.<\/p>\n<p><strong>Qual o formato do arquivo?<\/strong><\/p>\n<p>Os arquivos s\u00e3o enviados em formato Word e s\u00e3o edit\u00e1veis.<\/p>\n<p><strong>Caso eu tiver alguma d\u00favida, terei suporte no p\u00f3s venda?<\/strong><\/p>\n<p>Sim, com certeza. Basta clicar no \u00edcone do WhatsApp no cantinho da tela. Ser\u00e1 um prazer atend\u00ea-lo(a).<\/p>\n<div id=\"elementor-tab-content-1948\" class=\"elementor-tab-content elementor-clearfix elementor-active\" role=\"tabpanel\" data-tab=\"8\" aria-labelledby=\"elementor-tab-title-1948\">\n<p><strong>Quais os seus canais de contato?<\/strong><\/p>\n<\/div>\n<div id=\"elementor-tab-content-1949\" class=\"elementor-tab-content elementor-clearfix elementor-active\" role=\"tabpanel\" data-tab=\"9\" aria-labelledby=\"elementor-tab-title-1949\">\n<p>Whatsapp: 53 984751621 \u2013 Clicar no canto da tela ou ESCANEIE O QRCODE ABAIXO<\/p>\n<h4><img decoding=\"async\" class=\"alignnone wp-image-13699 jetpack-lazy-image jetpack-lazy-image--handled\" src=\"https:\/\/i0.wp.com\/portifolioos-prontos.com\/wp-content\/uploads\/2023\/02\/whatsapp-business-projeto-de-extensao-300x300.jpeg?resize=144%2C144\" sizes=\"(max-width: 144px) 100vw, 144px\" srcset=\"https:\/\/i0.wp.com\/portifolioos-prontos.com\/wp-content\/uploads\/2023\/02\/whatsapp-business-projeto-de-extensao.jpeg?resize=300%2C301&amp;ssl=1 300w, https:\/\/i0.wp.com\/portifolioos-prontos.com\/wp-content\/uploads\/2023\/02\/whatsapp-business-projeto-de-extensao.jpeg?resize=150%2C150&amp;ssl=1 150w, https:\/\/i0.wp.com\/portifolioos-prontos.com\/wp-content\/uploads\/2023\/02\/whatsapp-business-projeto-de-extensao.jpeg?resize=370%2C372&amp;ssl=1 370w, https:\/\/i0.wp.com\/portifolioos-prontos.com\/wp-content\/uploads\/2023\/02\/whatsapp-business-projeto-de-extensao.jpeg?resize=100%2C100&amp;ssl=1 100w, https:\/\/i0.wp.com\/portifolioos-prontos.com\/wp-content\/uploads\/2023\/02\/whatsapp-business-projeto-de-extensao.jpeg?w=470&amp;ssl=1 470w\" alt=\"projeto de extens\u00e3o unopar\" width=\"144\" height=\"144\" data-lazy-loaded=\"1\" \/><\/h4>\n<\/div>\n<div class=\"elementor-toggle-item\">\n<div id=\"elementor-tab-content-1949\" class=\"elementor-tab-content elementor-clearfix elementor-active\" role=\"tabpanel\" data-tab=\"9\" aria-labelledby=\"elementor-tab-title-1949\">\n<p>E-mail:portifoliosp@gmail.com<\/p>\n<div id=\"attachment_143\" class=\"wp-caption alignnone\">\n<div id=\"attachment_143\" class=\"wp-caption alignnone\">\n<p id=\"caption-attachment-143\" class=\"wp-caption-text\"><a href=\"http:\/\/portfolio-pronto.com\/\">Portf\u00f3lio<\/a>\u00a0em Word, respondido, completo e j\u00e1 nas normas<\/p>\n<\/div>\n<\/div>\n<\/div>\n<\/div>\n<\/div>\n","protected":false},"excerpt":{"rendered":"<div class=\"product-short-description\">\n<div class=\"product-short-description\">\n<p><strong>Pague pelo PIX ou cart\u00e3o e fa\u00e7a o download agora mesmo.<\/strong><\/p>\n<\/div>\n<div class=\"sticky-add-to-cart-wrapper\">\n<div class=\"sticky-add-to-cart\">\n<p class=\"quantity buttons_added form-flat\"><img decoding=\"async\" class=\"lazyloaded smush-image-5 smush-image-3 smush-image-4 smush-detected-img smush-image-bigger-3\" src=\"https:\/\/d26lpennugtm8s.cloudfront.net\/assets\/common\/img\/logos\/payment\/visa@2x.png\" width=\"46\" height=\"29\" data-src=\"https:\/\/d26lpennugtm8s.cloudfront.net\/assets\/common\/img\/logos\/payment\/visa@2x.png\" \/><img decoding=\"async\" class=\"lazyloaded smush-image-6 smush-image-4 smush-image-5 smush-detected-img smush-image-bigger-4\" src=\"https:\/\/d26lpennugtm8s.cloudfront.net\/assets\/common\/img\/logos\/payment\/boleto@2x.png\" width=\"43\" height=\"27\" data-src=\"https:\/\/d26lpennugtm8s.cloudfront.net\/assets\/common\/img\/logos\/payment\/boleto@2x.png\" \/><img loading=\"lazy\" decoding=\"async\" class=\"lazyloaded smush-image-7 smush-image-5 smush-image-6 smush-detected-img smush-image-bigger-5\" src=\"https:\/\/d26lpennugtm8s.cloudfront.net\/assets\/common\/img\/logos\/payment\/mastercard@2x.png\" width=\"43\" height=\"27\" data-src=\"https:\/\/d26lpennugtm8s.cloudfront.net\/assets\/common\/img\/logos\/payment\/mastercard@2x.png\" \/><img loading=\"lazy\" decoding=\"async\" class=\"lazyloaded smush-image-8 smush-image-6 smush-image-7 smush-detected-img smush-image-bigger-6\" src=\"https:\/\/d26lpennugtm8s.cloudfront.net\/assets\/common\/img\/logos\/payment\/amex@2x.png\" width=\"43\" height=\"27\" data-src=\"https:\/\/d26lpennugtm8s.cloudfront.net\/assets\/common\/img\/logos\/payment\/amex@2x.png\" \/><img loading=\"lazy\" decoding=\"async\" class=\"lazyloaded smush-image-9 smush-image-7 smush-image-8 smush-detected-img smush-image-bigger-7\" src=\"https:\/\/d26lpennugtm8s.cloudfront.net\/assets\/common\/img\/logos\/payment\/diners@2x.png\" width=\"46\" height=\"29\" data-src=\"https:\/\/d26lpennugtm8s.cloudfront.net\/assets\/common\/img\/logos\/payment\/diners@2x.png\" \/><img loading=\"lazy\" decoding=\"async\" class=\"lazyloaded smush-image-10 smush-image-8 smush-image-9 alignnone smush-detected-img smush-image-bigger-8\" src=\"https:\/\/d26lpennugtm8s.cloudfront.net\/assets\/common\/img\/logos\/payment\/br\/elo@2x.png\" alt=\"portf\u00f3lio unopar anhanguera\" width=\"45\" height=\"28\" data-src=\"https:\/\/d26lpennugtm8s.cloudfront.net\/assets\/common\/img\/logos\/payment\/br\/elo@2x.png\" \/><img loading=\"lazy\" decoding=\"async\" class=\"lazyloaded smush-image-11 smush-image-9 smush-image-10 alignnone smush-detected-img smush-image-bigger-9\" src=\"https:\/\/d26lpennugtm8s.cloudfront.net\/assets\/common\/img\/logos\/payment\/br\/hipercard@2x.png\" alt=\"portf\u00f3lio unopar anhanguera\" width=\"44\" height=\"28\" data-src=\"https:\/\/d26lpennugtm8s.cloudfront.net\/assets\/common\/img\/logos\/payment\/br\/hipercard@2x.png\" \/><img loading=\"lazy\" decoding=\"async\" class=\"lazyloaded smush-image-12 smush-image-10 smush-image-11 alignnone smush-detected-img smush-image-bigger-10\" src=\"https:\/\/d26lpennugtm8s.cloudfront.net\/assets\/common\/img\/logos\/payment\/mercadopago@2x.png\" alt=\"portf\u00f3lio unopar anhanguera\" width=\"45\" height=\"28\" data-src=\"https:\/\/d26lpennugtm8s.cloudfront.net\/assets\/common\/img\/logos\/payment\/mercadopago@2x.png\" \/><img loading=\"lazy\" decoding=\"async\" class=\"alignnone lazyloaded smush-detected-img smush-image-bigger-11\" src=\"https:\/\/futurium.com.br\/wp-content\/uploads\/2021\/06\/logo-pix-icone-512.png\" alt=\"portfolio pronto\" width=\"30\" height=\"30\" data-src=\"https:\/\/futurium.com.br\/wp-content\/uploads\/2021\/06\/logo-pix-icone-512.png\" \/><\/p>\n<\/div>\n<\/div>\n<\/div>\n","protected":false},"featured_media":26283,"template":"","meta":{"_seopress_robots_primary_cat":"","_seopress_titles_title":"","_seopress_titles_desc":"","_seopress_robots_index":""},"product_cat":[54,15],"product_tag":[],"class_list":{"0":"post-26279","1":"product","2":"type-product","3":"status-publish","4":"has-post-thumbnail","6":"product_cat-producao-cervejeira","7":"product_cat-uncategorized","9":"first","10":"instock","11":"downloadable","12":"virtual","13":"purchasable","14":"product-type-simple","15":"col-xs-6 col-sm-4","16":"col-mf-5","17":"un-5-cols"},"jetpack_sharing_enabled":true,"_links":{"self":[{"href":"https:\/\/portifolioos-prontos.com\/index.php\/wp-json\/wp\/v2\/product\/26279","targetHints":{"allow":["GET"]}}],"collection":[{"href":"https:\/\/portifolioos-prontos.com\/index.php\/wp-json\/wp\/v2\/product"}],"about":[{"href":"https:\/\/portifolioos-prontos.com\/index.php\/wp-json\/wp\/v2\/types\/product"}],"version-history":[{"count":0,"href":"https:\/\/portifolioos-prontos.com\/index.php\/wp-json\/wp\/v2\/product\/26279\/revisions"}],"wp:featuredmedia":[{"embeddable":true,"href":"https:\/\/portifolioos-prontos.com\/index.php\/wp-json\/wp\/v2\/media\/26283"}],"wp:attachment":[{"href":"https:\/\/portifolioos-prontos.com\/index.php\/wp-json\/wp\/v2\/media?parent=26279"}],"wp:term":[{"taxonomy":"product_cat","embeddable":true,"href":"https:\/\/portifolioos-prontos.com\/index.php\/wp-json\/wp\/v2\/product_cat?post=26279"},{"taxonomy":"product_tag","embeddable":true,"href":"https:\/\/portifolioos-prontos.com\/index.php\/wp-json\/wp\/v2\/product_tag?post=26279"}],"curies":[{"name":"wp","href":"https:\/\/api.w.org\/{rel}","templated":true}]}}