{"id":26961,"date":"2024-05-06T19:36:05","date_gmt":"2024-05-06T22:36:05","guid":{"rendered":"https:\/\/portifolioos-prontos.com\/?post_type=product&#038;p=26961"},"modified":"2025-08-03T17:19:44","modified_gmt":"2025-08-03T20:19:44","slug":"projeto-integrado-sintese-cst-em-design-de-moda","status":"publish","type":"product","link":"https:\/\/portifolioos-prontos.com\/index.php\/product\/projeto-integrado-sintese-cst-em-design-de-moda\/","title":{"rendered":"Projeto Integrado S\u00edntese &#8211; CST em Design de Moda"},"content":{"rendered":"<h3>Projeto Integrado S\u00edntese &#8211; CST em Design de Moda<\/h3>\n<p>Prezado(a) aluno(a),<br \/>\nA proposta do Projeto Integrador ter\u00e1 como tem\u00e1tica Ra\u00edzes: Ess\u00eancia e Inspira\u00e7\u00e3o Brasileira.<br \/>\nEscolhemos essa tem\u00e1tica para possibilitar a aprendizagem interdisciplinar dos conte\u00fados<br \/>\ndesenvolvidos nas disciplinas deste semestre e, al\u00e9m disso, para que voc\u00ea possa explorar a moda<br \/>\ncomo uma express\u00e3o cultural, art\u00edstica e empresarial, refletindo sobre o papel do design de moda na<br \/>\nsociedade e como ele pode ser um vetor de mudan\u00e7a e inova\u00e7\u00e3o.<br \/>\nPROJETO<br \/>\nINTEGRADO<br \/>\nNesse sentido, este projeto tem a finalidade de motiv\u00e1-lo a explorar e documentar de forma<br \/>\nabrangente o processo criativo e te\u00f3rico por tr\u00e1s da concep\u00e7\u00e3o de uma cole\u00e7\u00e3o de moda,<br \/>\npreparando-o para etapas futuras de implementa\u00e7\u00e3o e apresenta\u00e7\u00e3o pr\u00e1tica.<br \/>\nPara isso, voc\u00ea dever\u00e1 articular as discuss\u00f5es propiciadas nas diferentes disciplinas do<br \/>\nsemestre.<br \/>\nORIENTA\u00c7\u00d5ES DO PROJETO INTEGRADO<br \/>\nLeitura e interpreta\u00e7\u00e3o da SGA<br \/>\nPor meio da leitura da SGA e, tamb\u00e9m, da situa\u00e7\u00e3o-problema destacada, voc\u00ea, futuro designer<br \/>\nde moda, deve elaborar uma produ\u00e7\u00e3o textual, com respaldo te\u00f3rico nas disciplinas que foram<br \/>\ncursadas ao longo deste semestre.<br \/>\nSITUA\u00c7\u00c3O GERADORA DE APRENDIZAGEM (SGA)<br \/>\nConsidere que voc\u00ea faz parte do time criativo de uma renomada marca de moda brasileira,<br \/>\nprestes a embarcar em uma jornada inovadora.<br \/>\nNa cole\u00e7\u00e3o Ra\u00edzes, seu desafio \u00e9 mergulhar nas profundezas do processo criativo, explorando<br \/>\nas ricas \u00e1guas da est\u00e9tica, hist\u00f3ria, cultura e inova\u00e7\u00e3o. Sua miss\u00e3o \u00e9 conceber a alma de uma cole\u00e7\u00e3o<br \/>\nde moda que preste homenagem \u00e0 vibrante cultura e hist\u00f3ria brasileira, enquanto projeta um olhar<br \/>\ninovador e sustent\u00e1vel para o futuro.<br \/>\nA cole\u00e7\u00e3o Ra\u00edzes \u00e9 inspirada na diversidade art\u00edstica, social e hist\u00f3rica do Brasil, e busca refletir<br \/>\ncomo esses aspectos moldam tanto a identidade nacional quanto a moda contempor\u00e2nea. Este<br \/>\nprojeto \u00e9 uma \u00f3tima oportunidade para despertar o desenvolvimento do seu olhar criativo e<br \/>\ncompreens\u00e3o interdisciplinar.<br \/>\nComo membro deste time criativo, voc\u00ea ser\u00e1 guiado por uma s\u00e9rie de etapas que visam<br \/>\ndespertar sua percep\u00e7\u00e3o e sensibilidade para os seguintes aspectos:<br \/>\nEst\u00e9tica e Influ\u00eancia Cultural: Como as cores, texturas e formas presentes na cultura brasileira<br \/>\npodem influenciar as tend\u00eancias de moda?<br \/>\nPROJETO<br \/>\nINTEGRADO<br \/>\nHist\u00f3ria e Legado: De que maneira a rica hist\u00f3ria do Brasil pode ser tecida em narrativas<br \/>\nvisuais na moda?<br \/>\nInova\u00e7\u00e3o e Sustentabilidade: Como as pr\u00e1ticas sustent\u00e1veis e as inova\u00e7\u00f5es tecnol\u00f3gicas<br \/>\npodem ser integradas de forma harmoniosa e est\u00e9tica?<br \/>\nIdentidade e Express\u00e3o: Como a moda pode servir como uma express\u00e3o da identidade<br \/>\ncultural e social do Brasil?<br \/>\nEste \u00e9 o come\u00e7o de sua aventura no mundo do design de moda. Com a cole\u00e7\u00e3o Ra\u00edzes, al\u00e9m<br \/>\nde desenvolver uma compreens\u00e3o mais profunda da moda brasileira, voc\u00ea iniciar\u00e1 a forma\u00e7\u00e3o do seu<br \/>\npr\u00f3prio estilo criativo e vis\u00e3o de design.<br \/>\nPrepare-se para embarcar nesta jornada criativa, onde cada descoberta e insight ser\u00e1 um<br \/>\npasso valioso em seu caminho para se tornar um designer de moda inovador e consciente.<br \/>\nSITUA\u00c7\u00c3O-PROBLEMA (SP)<br \/>\nComo designer de moda atuando na cole\u00e7\u00e3o Ra\u00edzes, voc\u00ea est\u00e1 diante do desafio de pensar na<br \/>\ness\u00eancia de uma cole\u00e7\u00e3o que celebre a rica heran\u00e7a cultural e hist\u00f3rica do Brasil e, ao mesmo tempo,<br \/>\nse posicione na vanguarda da inova\u00e7\u00e3o e sustentabilidade. Este desafio envolve v\u00e1rios aspectos<br \/>\ncruciais:<br \/>\n\u2022 Equil\u00edbrio entre Tradi\u00e7\u00e3o e Modernidade: Encontrar um equil\u00edbrio entre celebrar a<br \/>\ntradi\u00e7\u00e3o e abra\u00e7ar a modernidade, tanto em termos de design quanto de pr\u00e1ticas de<br \/>\nprodu\u00e7\u00e3o.<br \/>\n\u2022 Diversidade Cultural vs. Identidade Nacional: Explorar a diversidade cultural do Brasil,<br \/>\nao mesmo tempo em que se cria uma identidade coesa que possa ser reconhecida<br \/>\ncomo &#8220;moda brasileira&#8221;.<br \/>\n\u2022 Sustentabilidade e Viabilidade Comercial: Desenvolver uma cole\u00e7\u00e3o sustent\u00e1vel que<br \/>\ntamb\u00e9m seja comercialmente vi\u00e1vel, enfrentando os desafios do mercado da moda<br \/>\natual.<br \/>\nPROJETO<br \/>\nINTEGRADO<br \/>\n\u2022 Inova\u00e7\u00e3o Tecnol\u00f3gica: Incorporar tecnologias e materiais inovadores sem perder a<br \/>\ness\u00eancia cultural e est\u00e9tica do design.<\/p>\n<div class=\"elementor-toggle-item\">\n<div class=\"elementor-toggle-item\">\n<p id=\"elementor-tab-title-1941\" class=\"elementor-tab-title elementor-active\" tabindex=\"0\" role=\"tab\" data-tab=\"1\" aria-controls=\"elementor-tab-content-1941\" aria-expanded=\"true\" aria-selected=\"true\"><strong>Como funciona?<\/strong><\/p>\n<p>Elaboramos os portf\u00f3lios, j\u00e1 deixamos prontos, nas normas da ABNT e conforme os requisitos da universidade. F\u00e1cil assim! O MELHOR \u00c9 QUE VOC\u00ca COMPRA E J\u00c1 BAIXA NA HORA O SEU ARQUIVO EM WORD! Sabemos que conciliar trabalho, fam\u00edlia, vida profissional e estudos \u00e9 dif\u00edcil hoje em dia, por isso, estamos aqui para ajudar voc\u00ea. Conte com nossa qualidade, experi\u00eancia e profissionalismo adquirindo seu portf\u00f3lio conosco. GARANTIMOS SEU CONCEITO!<\/p>\n<p><strong>Como se realizam os envios?<\/strong><\/p>\n<\/div>\n<p id=\"elementor-tab-content-1942\" class=\"elementor-tab-content elementor-clearfix elementor-active\" role=\"tabpanel\" data-tab=\"2\" aria-labelledby=\"elementor-tab-title-1942\">O seu trabalho \u00e9 disponibilizado pronto, respondido e nas normas j\u00e1 na mesma hora aqui em nosso site na sua \u00e1rea de downloads e tamb\u00e9m no seu e-mail.<\/p>\n<p><strong>Em quanto tempo recebo o portf\u00f3lio?<\/strong><\/p>\n<p>Os envios s\u00e3o imediatos. Ap\u00f3s sua compra, o trabalho j\u00e1 \u00e9 disponibilizado instantaneamente aqui em nosso site e no seu e-mail.<\/p>\n<p><strong>E se o portf\u00f3lio que comprei precisar de corre\u00e7\u00e3o?<\/strong><\/p>\n<p>Caso haja alguma solicita\u00e7\u00e3o de corre\u00e7\u00e3o\/altera\u00e7\u00e3o por parte do tutor, basta entrar em contato conosco pelo\u00a0WhatsApp\u00a0que provid\u00eanciaremos sem custo algum.<\/p>\n<p><strong>Qual o formato do arquivo?<\/strong><\/p>\n<p>Os arquivos s\u00e3o enviados em formato Word e s\u00e3o edit\u00e1veis.<\/p>\n<p><strong>Caso eu tiver alguma d\u00favida, terei suporte no p\u00f3s venda?<\/strong><\/p>\n<p>Sim, com certeza. Basta clicar no \u00edcone do WhatsApp no cantinho da tela. Ser\u00e1 um prazer atend\u00ea-lo(a).<\/p>\n<div id=\"elementor-tab-content-1948\" class=\"elementor-tab-content elementor-clearfix elementor-active\" role=\"tabpanel\" data-tab=\"8\" aria-labelledby=\"elementor-tab-title-1948\">\n<p><strong>Quais os seus canais de contato?<\/strong><\/p>\n<\/div>\n<div id=\"elementor-tab-content-1949\" class=\"elementor-tab-content elementor-clearfix elementor-active\" role=\"tabpanel\" data-tab=\"9\" aria-labelledby=\"elementor-tab-title-1949\">\n<p>Whatsapp: 53 984751621 \u2013 Clicar no canto da tela ou ESCANEIE O QRCODE ABAIXO<\/p>\n<h4><img decoding=\"async\" class=\"alignnone wp-image-13699 jetpack-lazy-image jetpack-lazy-image--handled\" src=\"https:\/\/i0.wp.com\/portifolioos-prontos.com\/wp-content\/uploads\/2023\/02\/whatsapp-business-projeto-de-extensao-300x300.jpeg?resize=144%2C144\" sizes=\"(max-width: 144px) 100vw, 144px\" srcset=\"https:\/\/i0.wp.com\/portifolioos-prontos.com\/wp-content\/uploads\/2023\/02\/whatsapp-business-projeto-de-extensao.jpeg?resize=300%2C301&amp;ssl=1 300w, https:\/\/i0.wp.com\/portifolioos-prontos.com\/wp-content\/uploads\/2023\/02\/whatsapp-business-projeto-de-extensao.jpeg?resize=150%2C150&amp;ssl=1 150w, https:\/\/i0.wp.com\/portifolioos-prontos.com\/wp-content\/uploads\/2023\/02\/whatsapp-business-projeto-de-extensao.jpeg?resize=370%2C372&amp;ssl=1 370w, https:\/\/i0.wp.com\/portifolioos-prontos.com\/wp-content\/uploads\/2023\/02\/whatsapp-business-projeto-de-extensao.jpeg?resize=100%2C100&amp;ssl=1 100w, https:\/\/i0.wp.com\/portifolioos-prontos.com\/wp-content\/uploads\/2023\/02\/whatsapp-business-projeto-de-extensao.jpeg?w=470&amp;ssl=1 470w\" alt=\"projeto de extens\u00e3o unopar\" width=\"144\" height=\"144\" data-lazy-loaded=\"1\" \/><\/h4>\n<\/div>\n<div class=\"elementor-toggle-item\">\n<div id=\"elementor-tab-content-1949\" class=\"elementor-tab-content elementor-clearfix elementor-active\" role=\"tabpanel\" data-tab=\"9\" aria-labelledby=\"elementor-tab-title-1949\">\n<p>E-mail:portifoliosp@gmail.com<\/p>\n<div id=\"attachment_143\" class=\"wp-caption alignnone\">\n<div id=\"attachment_143\" class=\"wp-caption alignnone\">\n<p id=\"caption-attachment-143\" class=\"wp-caption-text\"><a href=\"http:\/\/portfolio-pronto.com\/\">Portf\u00f3lio<\/a>\u00a0em Word, respondido, completo e j\u00e1 nas normas<\/p>\n<\/div>\n<\/div>\n<\/div>\n<\/div>\n<\/div>\n","protected":false},"excerpt":{"rendered":"<div class=\"product-short-description\">\n<div class=\"product-short-description\">\n<p><strong>Pague pelo PIX ou cart\u00e3o e fa\u00e7a o download agora mesmo.<\/strong><\/p>\n<\/div>\n<div class=\"sticky-add-to-cart-wrapper\">\n<div class=\"sticky-add-to-cart\">\n<p class=\"quantity buttons_added form-flat\"><img decoding=\"async\" class=\"lazyloaded smush-image-5 smush-image-3 smush-image-4 smush-detected-img smush-image-bigger-3\" src=\"https:\/\/d26lpennugtm8s.cloudfront.net\/assets\/common\/img\/logos\/payment\/visa@2x.png\" width=\"46\" height=\"29\" data-src=\"https:\/\/d26lpennugtm8s.cloudfront.net\/assets\/common\/img\/logos\/payment\/visa@2x.png\" \/><img decoding=\"async\" class=\"lazyloaded smush-image-6 smush-image-4 smush-image-5 smush-detected-img smush-image-bigger-4\" src=\"https:\/\/d26lpennugtm8s.cloudfront.net\/assets\/common\/img\/logos\/payment\/boleto@2x.png\" width=\"43\" height=\"27\" data-src=\"https:\/\/d26lpennugtm8s.cloudfront.net\/assets\/common\/img\/logos\/payment\/boleto@2x.png\" \/><img loading=\"lazy\" decoding=\"async\" class=\"lazyloaded smush-image-7 smush-image-5 smush-image-6 smush-detected-img smush-image-bigger-5\" src=\"https:\/\/d26lpennugtm8s.cloudfront.net\/assets\/common\/img\/logos\/payment\/mastercard@2x.png\" width=\"43\" height=\"27\" data-src=\"https:\/\/d26lpennugtm8s.cloudfront.net\/assets\/common\/img\/logos\/payment\/mastercard@2x.png\" \/><img loading=\"lazy\" decoding=\"async\" class=\"lazyloaded smush-image-8 smush-image-6 smush-image-7 smush-detected-img smush-image-bigger-6\" src=\"https:\/\/d26lpennugtm8s.cloudfront.net\/assets\/common\/img\/logos\/payment\/amex@2x.png\" width=\"43\" height=\"27\" data-src=\"https:\/\/d26lpennugtm8s.cloudfront.net\/assets\/common\/img\/logos\/payment\/amex@2x.png\" \/><img loading=\"lazy\" decoding=\"async\" class=\"lazyloaded smush-image-9 smush-image-7 smush-image-8 smush-detected-img smush-image-bigger-7\" src=\"https:\/\/d26lpennugtm8s.cloudfront.net\/assets\/common\/img\/logos\/payment\/diners@2x.png\" width=\"46\" height=\"29\" data-src=\"https:\/\/d26lpennugtm8s.cloudfront.net\/assets\/common\/img\/logos\/payment\/diners@2x.png\" \/><img loading=\"lazy\" decoding=\"async\" class=\"lazyloaded smush-image-10 smush-image-8 smush-image-9 alignnone smush-detected-img smush-image-bigger-8\" src=\"https:\/\/d26lpennugtm8s.cloudfront.net\/assets\/common\/img\/logos\/payment\/br\/elo@2x.png\" alt=\"portf\u00f3lio unopar anhanguera\" width=\"45\" height=\"28\" data-src=\"https:\/\/d26lpennugtm8s.cloudfront.net\/assets\/common\/img\/logos\/payment\/br\/elo@2x.png\" \/><img loading=\"lazy\" decoding=\"async\" class=\"lazyloaded smush-image-11 smush-image-9 smush-image-10 alignnone smush-detected-img smush-image-bigger-9\" src=\"https:\/\/d26lpennugtm8s.cloudfront.net\/assets\/common\/img\/logos\/payment\/br\/hipercard@2x.png\" alt=\"portf\u00f3lio unopar anhanguera\" width=\"44\" height=\"28\" data-src=\"https:\/\/d26lpennugtm8s.cloudfront.net\/assets\/common\/img\/logos\/payment\/br\/hipercard@2x.png\" \/><img loading=\"lazy\" decoding=\"async\" class=\"lazyloaded smush-image-12 smush-image-10 smush-image-11 alignnone smush-detected-img smush-image-bigger-10\" src=\"https:\/\/d26lpennugtm8s.cloudfront.net\/assets\/common\/img\/logos\/payment\/mercadopago@2x.png\" alt=\"portf\u00f3lio unopar anhanguera\" width=\"45\" height=\"28\" data-src=\"https:\/\/d26lpennugtm8s.cloudfront.net\/assets\/common\/img\/logos\/payment\/mercadopago@2x.png\" \/><img loading=\"lazy\" decoding=\"async\" class=\"alignnone lazyloaded smush-detected-img smush-image-bigger-11\" src=\"https:\/\/futurium.com.br\/wp-content\/uploads\/2021\/06\/logo-pix-icone-512.png\" alt=\"portfolio pronto\" width=\"30\" height=\"30\" data-src=\"https:\/\/futurium.com.br\/wp-content\/uploads\/2021\/06\/logo-pix-icone-512.png\" \/><\/p>\n<\/div>\n<\/div>\n<\/div>\n","protected":false},"featured_media":26966,"template":"","meta":{"_seopress_robots_primary_cat":"","_seopress_titles_title":"%%post_title%% %%sitetitle%%","_seopress_titles_desc":"%%post_content%%","_seopress_robots_index":""},"product_cat":[110,15],"product_tag":[],"class_list":{"0":"post-26961","1":"product","2":"type-product","3":"status-publish","4":"has-post-thumbnail","6":"product_cat-design-de-moda","7":"product_cat-uncategorized","9":"first","10":"instock","11":"downloadable","12":"virtual","13":"purchasable","14":"product-type-simple","15":"col-xs-6 col-sm-4","16":"col-mf-5","17":"un-5-cols"},"jetpack_sharing_enabled":true,"_links":{"self":[{"href":"https:\/\/portifolioos-prontos.com\/index.php\/wp-json\/wp\/v2\/product\/26961","targetHints":{"allow":["GET"]}}],"collection":[{"href":"https:\/\/portifolioos-prontos.com\/index.php\/wp-json\/wp\/v2\/product"}],"about":[{"href":"https:\/\/portifolioos-prontos.com\/index.php\/wp-json\/wp\/v2\/types\/product"}],"version-history":[{"count":0,"href":"https:\/\/portifolioos-prontos.com\/index.php\/wp-json\/wp\/v2\/product\/26961\/revisions"}],"wp:featuredmedia":[{"embeddable":true,"href":"https:\/\/portifolioos-prontos.com\/index.php\/wp-json\/wp\/v2\/media\/26966"}],"wp:attachment":[{"href":"https:\/\/portifolioos-prontos.com\/index.php\/wp-json\/wp\/v2\/media?parent=26961"}],"wp:term":[{"taxonomy":"product_cat","embeddable":true,"href":"https:\/\/portifolioos-prontos.com\/index.php\/wp-json\/wp\/v2\/product_cat?post=26961"},{"taxonomy":"product_tag","embeddable":true,"href":"https:\/\/portifolioos-prontos.com\/index.php\/wp-json\/wp\/v2\/product_tag?post=26961"}],"curies":[{"name":"wp","href":"https:\/\/api.w.org\/{rel}","templated":true}]}}