{"id":2702,"date":"2022-05-13T13:06:58","date_gmt":"2022-05-13T16:06:58","guid":{"rendered":"https:\/\/portifolioos-prontos.com\/?post_type=product&#038;p=2702"},"modified":"2023-02-15T18:09:53","modified_gmt":"2023-02-15T21:09:53","slug":"plano-de-trabalho-dos-estagios-dos-cursos-de-licenciatura-reformulacao-devido-a-pandemia-covid-19-estagio-ensino-medio-letras","status":"publish","type":"product","link":"https:\/\/portifolioos-prontos.com\/index.php\/product\/plano-de-trabalho-dos-estagios-dos-cursos-de-licenciatura-reformulacao-devido-a-pandemia-covid-19-estagio-ensino-medio-letras\/","title":{"rendered":"Plano de trabalho dos est\u00e1gios dos cursos de licenciatura reformula\u00e7\u00e3o devido \u00e0 pandemia covid-19 Est\u00e1gio ensino m\u00e9dio (Letras)"},"content":{"rendered":"<h4><strong>PLANO DE TRABALHO DOS EST\u00c1GIOS DOS CURSOS DE LICENCIATURA REFORMULA\u00c7\u00c3O DEVIDO \u00c0 PANDEMIA COVID-19 EST\u00c1GIO ENSINO M\u00c9DIO (LETRAS)<\/strong><\/h4>\n<hr \/>\n<p>2. PLANO DE TRABALHO: ENSINO M\u00c9DIO (exceto Pedagogia)<br \/>\nNo quadro a seguir, h\u00e1 a descri\u00e7\u00e3o das atividades do Plano de Trabalho reformulado<br \/>\ndevido ao contexto da pandemia COVID-19, conforme campos de est\u00e1gio (Ensino M\u00e9dio).<br \/>\nEsse Plano de Trabalho n\u00e3o se aplica ao curso de Pedagogia.<\/p>\n<p>Plano de Trabalho Reformulado<br \/>\nAtividade A: Realizar leitura obrigat\u00f3ria e produ\u00e7\u00e3o de texto.<br \/>\nAtividade B: Analisar o Planejamento Anual.<br \/>\nAtividade C: Elaborar atividade para a abordagem de temas contempor\u00e2neos transversais da BNCC<br \/>\n(meio ambiente, economia, sa\u00fade, cidadania e civismo, multiculturalismo e ci\u00eancia e tecnologia).<br \/>\nAtividade D: Conhecer o processo de gest\u00e3o escolar.<br \/>\nAtividade E: Conhecer a atua\u00e7\u00e3o da equipe pedag\u00f3gica no acompanhamento do desenvolvimento<br \/>\ndas disciplinas.<br \/>\nAtividade F: Conhecer metodologias ativas com uso de tecnologias digitais.<br \/>\nAtividade G: Elaborar 2 (dois) planos de aula, conforme campo de est\u00e1gio.<br \/>\nAtividade H: Produzir Relat\u00f3rio de Est\u00e1gio.<\/p>\n<p>2.1 ORIENTA\u00c7\u00d5ES PARA AS ATIVIDADES<br \/>\nA seguir, s\u00e3o apresentadas as orienta\u00e7\u00f5es das atividades previstas para os est\u00e1gios de<br \/>\nEnsino M\u00e9dio dos cursos de Licenciatura, reformuladas para atender \u00e0s restri\u00e7\u00f5es<br \/>\nestabelecidas durante o per\u00edodo da pandemia COVID-19.<br \/>\nVerifique seu campo de est\u00e1gio no Plano de Trabalho original, de acordo com seu curso<br \/>\ne semestre.<\/p>\n<p>ATIVIDADE A \u2013 Ler os textos indicados<\/p>\n<p>Os textos indicados para leitura est\u00e3o dispon\u00edveis no AVA do respectivo est\u00e1gio, na<br \/>\npasta \u201cLeitura\u201d \u2013 Materiais Externos \u2013 Textos Est\u00e1gios.<br \/>\nA pasta \u201cTextos Est\u00e1gios\u201d est\u00e1 compactada, sendo necess\u00e1rio baix\u00e1-la e descompactar.<br \/>\nAo acessar o link, identifique o seu curso. Em seguida, localize seu est\u00e1gio e clique na<br \/>\nrespectiva pasta para visualizar o texto.<\/p>\n<p>Ap\u00f3s a leitura do material indicado, voc\u00ea deve produzir um texto dissertativo-<br \/>\nargumentativo, contendo de 1,5 a 2 p\u00e1ginas, analisando as principais ideias apontadas pelos<\/p>\n<p>autores e os aspectos a serem destacados no segmento no qual voc\u00ea realiza o est\u00e1gio.<\/p>\n<p>ATIVIDADE B \u2013 Analisar o Planejamento Anual<\/p>\n<p>Para realizar essa atividade, analise o Planejamento Anual da disciplina referente ao<br \/>\nseu curso e respectivo est\u00e1gio do Ensi<\/p>\n<p>dos a serem trabalhados pela<br \/>\ndisciplina para a respectiva s\u00e9rie do Ensino M\u00e9dio.<br \/>\n2. Quais os objetivos da disciplina nessa fase do ensino.<br \/>\n3. Quais as metodologias, os recursos e as formas de avalia\u00e7\u00e3o.<\/p>\n<p>Voc\u00ea deve produzir um relato contemplando a an\u00e1lise, contendo de 1,5 a 2 p\u00e1ginas.<br \/>\nATIVIDADE C \u2013 Elaborar Atividade para a Abordagem dos Temas Contempor\u00e2neos<br \/>\nTransversais da BNCC<\/p>\n<p>Leia o texto dispon\u00edvel no AVA do respectivo est\u00e1gio, na pasta \u201cLeitura\u201d \u2013 Arquivos \u2013<br \/>\nGuia pr\u00e1tico \u2013 Temas Contempor\u00e2neos.<br \/>\nA partir do Guia Pr\u00e1tico dos Temas Contempor\u00e2neos Transversais \u2013 TCT, elabore uma<br \/>\nproposta de atividade que reflita a \u00e1rea de conhecimento na qual se insere a disciplina de seu<br \/>\ncurso de gradua\u00e7\u00e3o (Ci\u00eancias Humanas e Sociais Aplicadas, Ci\u00eancias da Natureza e suas<br \/>\nTecnologias, Linguagens e suas Tecnologias, Matem\u00e1tica e suas Tecnologias).<br \/>\nPara elaborar essa proposta de atividade, siga estes passos:<br \/>\n1. Escolha um Tema Contempor\u00e2neo Transversal.<br \/>\n2. Busque na BNCC do Ensino M\u00e9dio uma habilidade que compreenda a \u00e1rea do<br \/>\nconhecimento do seu curso.<br \/>\n3. A partir da sele\u00e7\u00e3o dessa habilidade, elabore a proposta com o Tema<br \/>\nContempor\u00e2neo Transversal escolhido, seguindo este modelo:<\/p>\n<p><img decoding=\"async\" class=\"jetpack-lazy-image jetpack-lazy-image--handled lazyloaded\" src=\"https:\/\/i0.wp.com\/cdn.awsli.com.br\/1302\/1302728\/arquivos\/POSYTDDYU.png?w=1020&amp;ssl=1\" alt=\"\" data-cke-saved-src=\"https:\/\/i0.wp.com\/cdn.awsli.com.br\/1302\/1302728\/arquivos\/POSYTDDYU.png?w=1020&amp;ssl=1\" data-recalc-dims=\"1\" data-lazy-loaded=\"1\" data-ll-status=\"loaded\" \/><\/p>\n<p>A proposta de atividade deve ser inserida no relat\u00f3rio final.<\/p>\n<p>ATIVIDADE D \u2013 Conhecer o Processo de Gest\u00e3o Escolar<\/p>\n<p>Segundo a legisla\u00e7\u00e3o educacional brasileira, alguns documentos devem orientar o<br \/>\nfuncionamento das escolas, para expressar as finalidades e as necessidades da realidade<br \/>\nescolar, entre eles, o Projeto Pol\u00edtico Pedag\u00f3gico e o Regimento Escolar.<br \/>\nAssista ao v\u00eddeo G (Tema: Gest\u00e3o Escolar) dispon\u00edvel no AVA da disciplina de est\u00e1gio, na<br \/>\npasta \u201cLeitura\u201d \u2013 Arquivos \u2013 V\u00eddeos Complementares Adaptados \u2013 Covid.<br \/>\nDe acordo com a entrevista do diretor, no v\u00eddeo, responda:<br \/>\n1. Como o regimento e o PPP se aplicam nas a\u00e7\u00f5es do cotidiano da escola.<br \/>\n2. Discorra sobre 3 (tr\u00eas) aspectos abordados pelo diretor que voc\u00ea destaca como<br \/>\nmais importantes.<\/p>\n<p>As perguntas e as respostas devem ser incorporadas ao relat\u00f3rio final, contendo de 1,5<br \/>\na 2 p\u00e1ginas.<br \/>\nATIVIDADE E \u2013 Conhecer a Atua\u00e7\u00e3o da Equipe Pedag\u00f3gica no Acompanhamento do<br \/>\nDesenvolvimento da Disciplina<\/p>\n<p>No ambiente escolar, \u00e9 comum a atua\u00e7\u00e3o da equipe pedag\u00f3gica no acompanhamento<br \/>\ndo professor na condu\u00e7\u00e3o da disciplina em que atua.<br \/>\nA escola que oferta educa\u00e7\u00e3o b\u00e1sica, ao mesmo tempo que articula teoria e pr\u00e1tica,<br \/>\ntamb\u00e9m contribui com a forma\u00e7\u00e3o de pessoas, auxiliando-as em sua inser\u00e7\u00e3o na pr\u00e1tica social<br \/>\ne no mundo do trabalho. Seguindo essa perspectiva, o est\u00e1gio possibilita, ao acad\u00eamico, al\u00e9m<br \/>\nde caracterizar o espa\u00e7o escolar e observar a atua\u00e7\u00e3o espec\u00edfica de cada profissional, observar<br \/>\na atua\u00e7\u00e3o integrada de todos os profissionais, visando ao \u00eaxito do proposto pela escola.<br \/>\nAo tratar dos elementos que contribuem para a integra\u00e7\u00e3o dos profissionais da escola,<br \/>\nmerece aten\u00e7\u00e3o a maneira como a equipe pedag\u00f3gica procura agregar o trabalho individual<br \/>\nao coletivo. Diante da din\u00e2mica escolar, o grande foco fica na centraliza\u00e7\u00e3o das atividades ou<br \/>\nna delega\u00e7\u00e3o de responsabilidade, na qual cada profissional pode demonstrar sua parcela de<br \/>\ncompromisso. O clima harm\u00f4nico, sustentado pelo relacionamento interpessoal, permite ao<br \/>\nestagi\u00e1rio observar, logo no in\u00edcio das atividades, a \u201cleitura da realidade\u201d, que se expressa por<br \/>\nmeio de diferentes comportamentos de cada profissional da escola.<br \/>\nAssista ao V\u00cdDEO B (Tema: atua\u00e7\u00e3o da equipe pedag\u00f3gica) dispon\u00edvel no AVA da<br \/>\ndisciplina de est\u00e1gio, na pasta \u201cLeitura\u201d \u2013 Arquivos \u2013 V\u00eddeos Complementares Adaptados \u2013<br \/>\nCovid.<br \/>\nA partir do v\u00eddeo, responda aos t\u00f3picos seguintes que se referem \u00e0s atribui\u00e7\u00f5es da equipe<br \/>\npedag\u00f3gica no espa\u00e7o escolar:<br \/>\n1. Escolha e conceitue tr\u00eas atribui\u00e7\u00f5es da equipe pedag\u00f3gica que auxiliam o professor a<br \/>\norganizar o Plano de Trabalho Docente.<br \/>\n2. Exemplifique de que maneira a equipe pedag\u00f3gica poder\u00e1 orientar o professor, tendo<br \/>\ncomo refer\u00eancia a utiliza\u00e7\u00e3o do Projeto Pol\u00edtico Pedag\u00f3gico e da Proposta Curricular.<\/p>\n<p>Os t\u00f3picos e as respostas devem ser inseridos no relat\u00f3rio final, contendo de 1,5 a 2<br \/>\np\u00e1ginas.<\/p>\n<p>ATIVIDADE F \u2013 Conhecer metodologias ativas com uso de tecnologias digitais<\/p>\n<p>A partir da leitura do texto, dispon\u00edvel no AVA do respectivo est\u00e1gio, na pasta \u201cLeitura\u201d<br \/>\n\u2013 Arquivos, e da situa\u00e7\u00e3o-problema nele apresentada, voc\u00ea dever\u00e1 redigir a solu\u00e7\u00e3o em forma<br \/>\nde relato, que conduzir\u00e1 a elabora\u00e7\u00e3o de seus planos de aula.<\/p>\n<p>O texto, em forma de relato, contendo de 1,5 a 2 p\u00e1ginas, com a solu\u00e7\u00e3o da situa\u00e7\u00e3o-<br \/>\nproblema, deve ser inserido no relat\u00f3rio final.<\/p>\n<p>Est\u00e1gio ensino m\u00e9dio letras<\/p>\n<p>ATIVIDADE G \u2013 Elaborar Planos de Aula<\/p>\n<p>A partir da situa\u00e7\u00e3o-problema da atividade F, voc\u00ea dever\u00e1 elaborar uma sequ\u00eancia de<br \/>\n2 (dois) planos de aula para uma turma fict\u00edcia, de acordo com seu campo de est\u00e1gio.<br \/>\nPara a elabora\u00e7\u00e3o de cada um dos planos de aula, utilizar o modelo a\u00a0seguir.<\/p>\n<p><img decoding=\"async\" class=\"jetpack-lazy-image lazyloaded jetpack-lazy-image--handled\" src=\"https:\/\/i0.wp.com\/cdn.awsli.com.br\/1302\/1302728\/arquivos\/588%5D845H.png?w=1020&amp;is-pending-load=1#038;ssl=1\" alt=\"\" data-cke-saved-src=\"https:\/\/i0.wp.com\/cdn.awsli.com.br\/1302\/1302728\/arquivos\/588%5D845H.png?w=1020&amp;ssl=1\" data-recalc-dims=\"1\" data-ll-status=\"loaded\" data-lazy-loaded=\"1\" \/><\/p>\n<p><img fetchpriority=\"high\" decoding=\"async\" class=\"alignnone jetpack-lazy-image lazyloaded jetpack-lazy-image--handled\" src=\"https:\/\/i0.wp.com\/cdn.awsli.com.br\/1302\/1302728\/arquivos\/HFYRU.png?resize=457%2C414&amp;is-pending-load=1#038;ssl=1\" alt=\"Est\u00e1gio ensino m\u00e9dio letras\" width=\"457\" height=\"414\" data-cke-saved-src=\"https:\/\/i0.wp.com\/cdn.awsli.com.br\/1302\/1302728\/arquivos\/HFYRU.png?resize=457%2C414&amp;ssl=1\" data-recalc-dims=\"1\" data-ll-status=\"loaded\" data-lazy-loaded=\"1\" \/><\/p>\n<p>Est\u00e1gio ensino m\u00e9dio letras<\/p>\n<p>ATIVIDADE H \u2013 Produzir Relat\u00f3rio de est\u00e1gio<br \/>\nPara a elabora\u00e7\u00e3o do relat\u00f3rio final de est\u00e1gio, voc\u00ea dever\u00e1 fazer o download do<br \/>\nModelo no AVA e reunir todo o material elaborado no desenvolvimento das diferentes<br \/>\natividades descritas no\u00a0Plano de Trabalho.<\/p>\n<p>Est\u00e1gio ensino m\u00e9dio letras<\/p>\n<div class=\"elementor-toggle-item\">\n<h4 id=\"elementor-tab-title-1941\" class=\"elementor-tab-title elementor-active\" tabindex=\"0\" role=\"tab\" data-tab=\"1\" aria-controls=\"elementor-tab-content-1941\" aria-expanded=\"true\" aria-selected=\"true\">Como funciona?<\/h4>\n<div id=\"elementor-tab-content-1941\" class=\"elementor-tab-content elementor-clearfix elementor-active\" role=\"tabpanel\" data-tab=\"1\" aria-labelledby=\"elementor-tab-title-1941\">\n<p>Elaboramos os portf\u00f3lios, j\u00e1 deixamos prontos, nas normas da ABNT e conforme os requisitos da universidade. F\u00e1cil assim! O MELHOR \u00c9 QUE VOC\u00ca COMPRA E J\u00c1 BAIXA NA HORA O SEU ARQUIVO EM WORD! Sabemos que conciliar trabalho, fam\u00edlia, vida profissional e estudos \u00e9 dif\u00edcil hoje em dia, por isso, estamos aqui para ajudar voc\u00ea. Conte com nossa qualidade, experi\u00eancia e profissionalismo adquirindo seu portf\u00f3lio conosco. GARANTIMOS SEU CONCEITO!<\/p>\n<p><span style=\"color: #000000; font-size: 18px; font-weight: bold;\">Como se realizam os envios?<\/span><\/p>\n<\/div>\n<\/div>\n<div class=\"elementor-toggle-item\">\n<div id=\"elementor-tab-content-1942\" class=\"elementor-tab-content elementor-clearfix elementor-active\" role=\"tabpanel\" data-tab=\"2\" aria-labelledby=\"elementor-tab-title-1942\">O seu trabalho \u00e9 disponibilizado pronto, respondido e nas normas j\u00e1 na mesma hora aqui em nosso site na sua \u00e1rea de downloads e tamb\u00e9m no seu e-mail.<\/div>\n<div role=\"tabpanel\" data-tab=\"2\" aria-labelledby=\"elementor-tab-title-1942\"><\/div>\n<div role=\"tabpanel\" data-tab=\"2\" aria-labelledby=\"elementor-tab-title-1942\"><span style=\"color: #000000; font-size: 18px; font-weight: bold;\">Quais formas de pagamento para realizar minha compra?<\/span><\/div>\n<\/div>\n<div class=\"elementor-toggle-item\">\n<div id=\"elementor-tab-content-1943\" class=\"elementor-tab-content elementor-clearfix elementor-active\" role=\"tabpanel\" data-tab=\"3\" aria-labelledby=\"elementor-tab-title-1943\">\n<p>Dispomos dos seguintes meios de pagamento PIX, Cart\u00f5es de Cr\u00e9dito e Boleto\u00a0 \u00a0<img decoding=\"async\" class=\"alignnone wp-image-761\" src=\"http:\/\/portifolioos-prontos.com\/wp-content\/uploads\/2022\/04\/portfolio-unopar-pronto-producao-textual-interdisciplinar-300x107.webp\" sizes=\"(max-width: 140px) 100vw, 140px\" srcset=\"https:\/\/portifolioos-prontos.com\/wp-content\/uploads\/2022\/04\/portfolio-unopar-pronto-producao-textual-interdisciplinar-300x107.webp 300w, https:\/\/portifolioos-prontos.com\/wp-content\/uploads\/2022\/04\/PIX-1024x364.webp 1024w, https:\/\/portifolioos-prontos.com\/wp-content\/uploads\/2022\/04\/PIX-768x273.webp 768w, https:\/\/portifolioos-prontos.com\/wp-content\/uploads\/2022\/04\/PIX-370x131.webp 370w, https:\/\/portifolioos-prontos.com\/wp-content\/uploads\/2022\/04\/PIX-600x213.webp 600w, https:\/\/portifolioos-prontos.com\/wp-content\/uploads\/2022\/04\/portfolio-unopar-pronto-producao-textual-interdisciplinar.webp 1200w\" alt=\"\" width=\"109\" height=\"39\" \/>\u00a0\u00a0<img decoding=\"async\" class=\"\" src=\"https:\/\/d26lpennugtm8s.cloudfront.net\/assets\/common\/img\/logos\/payment\/visa@2x.png\" width=\"68\" height=\"43\" \/><img loading=\"lazy\" decoding=\"async\" class=\"\" src=\"https:\/\/d26lpennugtm8s.cloudfront.net\/assets\/common\/img\/logos\/payment\/boleto@2x.png\" width=\"65\" height=\"41\" \/><img loading=\"lazy\" decoding=\"async\" class=\"\" src=\"https:\/\/d26lpennugtm8s.cloudfront.net\/assets\/common\/img\/logos\/payment\/mastercard@2x.png\" width=\"62\" height=\"39\" \/><img loading=\"lazy\" decoding=\"async\" class=\"\" src=\"https:\/\/d26lpennugtm8s.cloudfront.net\/assets\/common\/img\/logos\/payment\/amex@2x.png\" width=\"62\" height=\"39\" \/><img loading=\"lazy\" decoding=\"async\" class=\"\" src=\"https:\/\/d26lpennugtm8s.cloudfront.net\/assets\/common\/img\/logos\/payment\/diners@2x.png\" width=\"60\" height=\"38\" \/><img loading=\"lazy\" decoding=\"async\" class=\"\" src=\"https:\/\/d26lpennugtm8s.cloudfront.net\/assets\/common\/img\/logos\/payment\/br\/elo@2x.png\" width=\"60\" height=\"38\" \/><img loading=\"lazy\" decoding=\"async\" class=\"\" src=\"https:\/\/d26lpennugtm8s.cloudfront.net\/assets\/common\/img\/logos\/payment\/br\/hipercard@2x.png\" width=\"65\" height=\"41\" \/><img loading=\"lazy\" decoding=\"async\" class=\"\" src=\"https:\/\/d26lpennugtm8s.cloudfront.net\/assets\/common\/img\/logos\/payment\/mercadopago@2x.png\" width=\"67\" height=\"42\" \/><\/p>\n<p><span style=\"color: #000000; font-size: 18px; font-weight: bold;\">Em quanto tempo recebo o portf\u00f3lio?<\/span><\/p>\n<\/div>\n<\/div>\n<div class=\"elementor-toggle-item\">\n<div id=\"elementor-tab-content-1944\" class=\"elementor-tab-content elementor-clearfix elementor-active\" role=\"tabpanel\" data-tab=\"4\" aria-labelledby=\"elementor-tab-title-1944\">\n<p>Os envios s\u00e3o imediatos. Ap\u00f3s sua compra, o trabalho j\u00e1 \u00e9 disponibilizado instantaneamente aqui em nosso site e no seu e-mail.<\/p>\n<p><span style=\"color: #000000; font-size: 18px; font-weight: bold;\">E se o portf\u00f3lio que comprei precisar de corre\u00e7\u00e3o?<\/span><\/p>\n<\/div>\n<\/div>\n<div class=\"elementor-toggle-item\">\n<div id=\"elementor-tab-content-1945\" class=\"elementor-tab-content elementor-clearfix elementor-active\" role=\"tabpanel\" data-tab=\"5\" aria-labelledby=\"elementor-tab-title-1945\">\n<p>Caso haja alguma solicita\u00e7\u00e3o de corre\u00e7\u00e3o\/altera\u00e7\u00e3o por parte do tutor, basta entrar em contato conosco pelo\u00a0<a href=\"https:\/\/api.whatsapp.com\/send\/?phone=5553984751621&amp;text&amp;app_absent=0\">WhatsApp<\/a> que provid\u00eanciaremos sem custo algum.<\/p>\n<p><span style=\"color: #000000; font-size: 18px; font-weight: bold;\">Qual o formato do arquivo?<\/span><\/p>\n<\/div>\n<\/div>\n<div class=\"elementor-toggle-item\">\n<div id=\"elementor-tab-content-1946\" class=\"elementor-tab-content elementor-clearfix elementor-active\" role=\"tabpanel\" data-tab=\"6\" aria-labelledby=\"elementor-tab-title-1946\">\n<p>Os arquivos s\u00e3o enviados em formato Word e s\u00e3o edit\u00e1veis.<\/p>\n<p><span style=\"color: #000000; font-size: 18px; font-weight: bold;\">Caso eu tiver alguma d\u00favida, terei suporte no p\u00f3s venda?<\/span><\/p>\n<\/div>\n<\/div>\n<div class=\"elementor-toggle-item\">\n<div id=\"elementor-tab-content-1948\" class=\"elementor-tab-content elementor-clearfix elementor-active\" role=\"tabpanel\" data-tab=\"8\" aria-labelledby=\"elementor-tab-title-1948\">\n<p>Sim, com certeza. Basta clicar no \u00edcone do WhatsApp no cantinho da tela. Ser\u00e1 um prazer atend\u00ea-lo(a).<\/p>\n<p><span style=\"color: #000000; font-size: 18px; font-weight: bold;\">Quais os seus canais de contato?<\/span><\/p>\n<\/div>\n<\/div>\n<div class=\"elementor-toggle-item\">\n<div id=\"elementor-tab-content-1949\" class=\"elementor-tab-content elementor-clearfix elementor-active\" role=\"tabpanel\" data-tab=\"9\" aria-labelledby=\"elementor-tab-title-1949\">\n<p><a href=\"https:\/\/api.whatsapp.com\/send\/?phone=5553984751621&amp;text&amp;app_absent=0\">Whatsapp: 53 984751621 \u2013 Clicar no canto da tela.<\/a><\/p>\n<p>E-mail:portifoliosp@gmail.com<\/p>\n<\/div>\n<\/div>\n","protected":false},"excerpt":{"rendered":"<p>PLANO DE TRABALHO DOS EST\u00c1GIOS DOS CURSOS DE LICENCIATURA REFORMULA\u00c7\u00c3O DEVIDO \u00c0 PANDEMIA COVID-19 EST\u00c1GIO ENSINO M\u00c9DIO (LETRAS) 2. PLANO DE TRABALHO: ENSINO M\u00c9DIO (exceto Pedagogia) No quadro a seguir, h\u00e1 a descri\u00e7\u00e3o das atividades do Plano de Trabalho reformulado devido ao contexto da pandemia COVID-19, conforme campos de est\u00e1gio (Ensino M\u00e9dio). Esse Plano de&hellip;<\/p>\n","protected":false},"featured_media":3619,"template":"","meta":{"_seopress_robots_primary_cat":"none","_seopress_titles_title":"","_seopress_titles_desc":"","_seopress_robots_index":""},"product_cat":[47],"product_tag":[],"class_list":{"0":"post-2702","1":"product","2":"type-product","3":"status-publish","4":"has-post-thumbnail","6":"product_cat-licenciaturas","8":"first","9":"instock","10":"downloadable","11":"virtual","12":"purchasable","13":"product-type-simple","14":"col-xs-6 col-sm-4","15":"col-mf-5","16":"un-5-cols"},"jetpack_sharing_enabled":true,"_links":{"self":[{"href":"https:\/\/portifolioos-prontos.com\/index.php\/wp-json\/wp\/v2\/product\/2702","targetHints":{"allow":["GET"]}}],"collection":[{"href":"https:\/\/portifolioos-prontos.com\/index.php\/wp-json\/wp\/v2\/product"}],"about":[{"href":"https:\/\/portifolioos-prontos.com\/index.php\/wp-json\/wp\/v2\/types\/product"}],"version-history":[{"count":0,"href":"https:\/\/portifolioos-prontos.com\/index.php\/wp-json\/wp\/v2\/product\/2702\/revisions"}],"wp:featuredmedia":[{"embeddable":true,"href":"https:\/\/portifolioos-prontos.com\/index.php\/wp-json\/wp\/v2\/media\/3619"}],"wp:attachment":[{"href":"https:\/\/portifolioos-prontos.com\/index.php\/wp-json\/wp\/v2\/media?parent=2702"}],"wp:term":[{"taxonomy":"product_cat","embeddable":true,"href":"https:\/\/portifolioos-prontos.com\/index.php\/wp-json\/wp\/v2\/product_cat?post=2702"},{"taxonomy":"product_tag","embeddable":true,"href":"https:\/\/portifolioos-prontos.com\/index.php\/wp-json\/wp\/v2\/product_tag?post=2702"}],"curies":[{"name":"wp","href":"https:\/\/api.w.org\/{rel}","templated":true}]}}