{"id":27151,"date":"2024-05-14T20:07:15","date_gmt":"2024-05-14T23:07:15","guid":{"rendered":"https:\/\/portifolioos-prontos.com\/?post_type=product&#038;p=27151"},"modified":"2026-03-04T15:57:40","modified_gmt":"2026-03-04T18:57:40","slug":"plano-de-trabalho-de-estagio-em-educacao-fisica-ii-anos-finais-do-ensino-fundamental","status":"publish","type":"product","link":"https:\/\/portifolioos-prontos.com\/index.php\/product\/plano-de-trabalho-de-estagio-em-educacao-fisica-ii-anos-finais-do-ensino-fundamental\/","title":{"rendered":"Plano de trabalho de Est\u00e1gio em Educa\u00e7\u00e3o F\u00edsica II Anos finais do ensino fundamental"},"content":{"rendered":"<p><strong>Plano de trabalho de Est\u00e1gio em Educa\u00e7\u00e3o F\u00edsica II Anos finais do ensino fundamental<\/strong><\/p>\n<p><strong>215 horas<\/strong><\/p>\n<hr \/>\n<p data-start=\"0\" data-end=\"73\"><strong data-start=\"0\" data-end=\"71\">PLANO DE TRABALHO: ANOS FINAIS DO ENSINO FUNDAMENTAL (6\u00ba AO 9\u00ba ANO)<\/strong><\/p>\n<p data-start=\"75\" data-end=\"216\">No quadro a seguir, h\u00e1 a descri\u00e7\u00e3o do Plano de Trabalho a ser realizado pelo estudante, conforme carga hor\u00e1ria total do respectivo est\u00e1gio.<\/p>\n<p data-start=\"218\" data-end=\"509\">As atividades envolvem:<br data-start=\"241\" data-end=\"244\" \/>\u2022 Todas as atividades elencadas acima devem ser registradas na ficha de acompanhamento, seguindo a respectiva carga hor\u00e1ria e o limite estabelecido por lei de 6 horas di\u00e1rias permitidas em escola, para isso tais atividades poder\u00e3o ser divididas em dias distintos.<\/p>\n<hr data-start=\"511\" data-end=\"514\" \/>\n<p data-start=\"516\" data-end=\"538\"><strong>ATIVIDADES \u2013 210 h<\/strong><\/p>\n<p data-start=\"540\" data-end=\"603\"><strong data-start=\"540\" data-end=\"556\">Atividade 1:<\/strong> Intera\u00e7\u00e3o com o orientador de est\u00e1gio.<br data-start=\"595\" data-end=\"598\" \/>10h<\/p>\n<p data-start=\"605\" data-end=\"673\"><strong data-start=\"605\" data-end=\"621\">Atividade 2:<\/strong> Visita \u00e0 escola com a carta de apresenta\u00e7\u00e3o.<br data-start=\"666\" data-end=\"669\" \/>2h<\/p>\n<p data-start=\"675\" data-end=\"739\"><strong data-start=\"675\" data-end=\"691\">Atividade 3:<\/strong> Leitura obrigat\u00f3ria e produ\u00e7\u00e3o de texto.<br data-start=\"732\" data-end=\"735\" \/>5h<\/p>\n<p data-start=\"741\" data-end=\"861\"><strong data-start=\"741\" data-end=\"757\">Atividade 4:<\/strong> An\u00e1lise do Projeto Pol\u00edtico Pedag\u00f3gico (PPP) da escola e produ\u00e7\u00e3o de relato baseado na an\u00e1lise.<br data-start=\"853\" data-end=\"856\" \/>10h<\/p>\n<p data-start=\"863\" data-end=\"949\"><strong data-start=\"863\" data-end=\"879\">Atividade 5:<\/strong> An\u00e1lise de materiais did\u00e1ticos da escola e produ\u00e7\u00e3o de relato.<br data-start=\"942\" data-end=\"945\" \/>8h<\/p>\n<p data-start=\"951\" data-end=\"1082\"><strong data-start=\"951\" data-end=\"967\">Atividade 6:<\/strong> Entrevista com o professor regente e produ\u00e7\u00e3o de relato baseado na entrevista, conforme respectivo est\u00e1gio.<br data-start=\"1075\" data-end=\"1078\" \/>4h<\/p>\n<p data-start=\"1084\" data-end=\"1338\"><strong data-start=\"1084\" data-end=\"1100\">Atividade 7:<\/strong> Levantamento de materiais de apoio espec\u00edficos para a abordagem dos temas contempor\u00e2neos transversais da BNCC (meio ambiente, economia, sa\u00fade, cidadania e civismo, multiculturalismo e ci\u00eancia e tecnologia) e elabora\u00e7\u00e3o de relato.<br data-start=\"1330\" data-end=\"1333\" \/>18h<\/p>\n<p data-start=\"1340\" data-end=\"1460\"><strong data-start=\"1340\" data-end=\"1356\">Atividade 8:<\/strong> An\u00e1lise do processo de implementa\u00e7\u00e3o da BNCC, conforme campo de est\u00e1gio e elabora\u00e7\u00e3o do relato.<br data-start=\"1452\" data-end=\"1455\" \/>10h<\/p>\n<p data-start=\"1462\" data-end=\"1635\"><strong data-start=\"1462\" data-end=\"1478\">Atividade 9:<\/strong> An\u00e1lise dos instrumentos avaliativos utilizados pelo professor da disciplina conforme respectivo est\u00e1gio, e elabora\u00e7\u00e3o de texto referente \u00e0 an\u00e1lise.<br data-start=\"1627\" data-end=\"1630\" \/>15h<\/p>\n<p data-start=\"1637\" data-end=\"1826\"><strong data-start=\"1637\" data-end=\"1654\">Atividade 10:<\/strong> An\u00e1lise da atua\u00e7\u00e3o da equipe pedag\u00f3gica no acompanhamento do desenvolvimento da disciplina, conforme respectivo est\u00e1gio, e elabora\u00e7\u00e3o de texto referente \u00e0 an\u00e1lise.<br data-start=\"1818\" data-end=\"1821\" \/>14h<\/p>\n<p data-start=\"1828\" data-end=\"1951\"><strong data-start=\"1828\" data-end=\"1845\">Atividade 11:<\/strong> Observa\u00e7\u00e3o e participa\u00e7\u00e3o em aulas, conforme respectivo est\u00e1gio.<br data-start=\"1910\" data-end=\"1913\" \/>Est\u00e1gio de 210 horas: 16 horas<br data-start=\"1943\" data-end=\"1946\" \/>16h<\/p>\n<p data-start=\"1953\" data-end=\"2014\"><strong data-start=\"1953\" data-end=\"1970\">Atividade 12:<\/strong> Elabora\u00e7\u00e3o do relato da observa\u00e7\u00e3o.<br data-start=\"2006\" data-end=\"2009\" \/>16h<\/p>\n<p data-start=\"2016\" data-end=\"2176\"><strong data-start=\"2016\" data-end=\"2033\">Atividade 13:<\/strong> Elabora\u00e7\u00e3o de um plano para cada aula para uma mesma s\u00e9rie\/turma, conforme campo de est\u00e1gio<br data-start=\"2125\" data-end=\"2128\" \/>Est\u00e1gio de 210 horas: 6 aulas &#8211; 6 planos<br data-start=\"2168\" data-end=\"2171\" \/>24h<\/p>\n<p data-start=\"2178\" data-end=\"2284\"><strong data-start=\"2178\" data-end=\"2195\">Atividade 14:<\/strong> Apresenta\u00e7\u00e3o dos planos de aula para o professor regente e elabora\u00e7\u00e3o do relato.<br data-start=\"2276\" data-end=\"2279\" \/>12h<\/p>\n<p data-start=\"2286\" data-end=\"2416\"><strong data-start=\"2286\" data-end=\"2303\">Atividade 15:<\/strong> Reg\u00eancia (em uma das turmas em que realizou as observa\u00e7\u00f5es e participa\u00e7\u00f5es), conforme respectivo est\u00e1gio.<br data-start=\"2409\" data-end=\"2412\" \/>6h<\/p>\n<p data-start=\"2418\" data-end=\"2486\"><strong data-start=\"2418\" data-end=\"2435\">Atividade 16:<\/strong> Relatos das reg\u00eancias (um para cada aula).<br data-start=\"2478\" data-end=\"2481\" \/>18h<\/p>\n<p data-start=\"2488\" data-end=\"2547\"><strong data-start=\"2488\" data-end=\"2505\">Atividade 17:<\/strong> Produ\u00e7\u00e3o do Relat\u00f3rio de Est\u00e1gio.<br data-start=\"2539\" data-end=\"2542\" \/>20h<\/p>\n<p data-start=\"2549\" data-end=\"2608\"><strong data-start=\"2549\" data-end=\"2566\">Atividade 18:<\/strong> Valida\u00e7\u00e3o do Relat\u00f3rio do Est\u00e1gio.<br data-start=\"2601\" data-end=\"2604\" \/>2h<\/p>\n<div class=\"elementor-toggle-item\">\n<h4 id=\"elementor-tab-title-1941\" class=\"elementor-tab-title elementor-active\" tabindex=\"0\" role=\"tab\" data-tab=\"1\" aria-controls=\"elementor-tab-content-1941\" aria-expanded=\"true\" aria-selected=\"true\">Como funciona?<\/h4>\n<div id=\"elementor-tab-content-1941\" class=\"elementor-tab-content elementor-clearfix elementor-active\" role=\"tabpanel\" data-tab=\"1\" aria-labelledby=\"elementor-tab-title-1941\">\n<p>Elaboramos os portf\u00f3lios, j\u00e1 deixamos prontos, nas normas da ABNT e conforme os requisitos da universidade. F\u00e1cil assim! O MELHOR \u00c9 QUE VOC\u00ca COMPRA E J\u00c1 BAIXA NA HORA O SEU ARQUIVO EM WORD! Sabemos que conciliar trabalho, fam\u00edlia, vida profissional e estudos \u00e9 dif\u00edcil hoje em dia, por isso, estamos aqui para ajudar voc\u00ea. Conte com nossa qualidade, experi\u00eancia e profissionalismo adquirindo seu portf\u00f3lio conosco. GARANTIMOS SEU CONCEITO!<\/p>\n<h4>Como se realizam os envios?<\/h4>\n<\/div>\n<\/div>\n<div class=\"elementor-toggle-item\">\n<div id=\"elementor-tab-content-1942\" class=\"elementor-tab-content elementor-clearfix elementor-active\" role=\"tabpanel\" data-tab=\"2\" aria-labelledby=\"elementor-tab-title-1942\">O seu trabalho \u00e9 disponibilizado pronto, respondido e nas normas j\u00e1 na mesma hora aqui em nosso site na sua \u00e1rea de downloads e tamb\u00e9m no seu e-mail.<\/div>\n<\/div>\n<div class=\"elementor-toggle-item\">\n<div id=\"elementor-tab-content-1943\" class=\"elementor-tab-content elementor-clearfix elementor-active\" role=\"tabpanel\" data-tab=\"3\" aria-labelledby=\"elementor-tab-title-1943\">\n<h4>Em quanto tempo recebo o portf\u00f3lio?<\/h4>\n<\/div>\n<\/div>\n<div class=\"elementor-toggle-item\">\n<div id=\"elementor-tab-content-1944\" class=\"elementor-tab-content elementor-clearfix elementor-active\" role=\"tabpanel\" data-tab=\"4\" aria-labelledby=\"elementor-tab-title-1944\">\n<p>Os envios s\u00e3o imediatos. Ap\u00f3s sua compra, o trabalho j\u00e1 \u00e9 disponibilizado instantaneamente aqui em nosso site e no seu e-mail.<\/p>\n<h4>E se o portf\u00f3lio que comprei precisar de corre\u00e7\u00e3o?<\/h4>\n<\/div>\n<\/div>\n<div class=\"elementor-toggle-item\">\n<div id=\"elementor-tab-content-1945\" class=\"elementor-tab-content elementor-clearfix elementor-active\" role=\"tabpanel\" data-tab=\"5\" aria-labelledby=\"elementor-tab-title-1945\">\n<p>Caso haja alguma solicita\u00e7\u00e3o de corre\u00e7\u00e3o\/altera\u00e7\u00e3o por parte do tutor, basta entrar em contato conosco pelo\u00a0WhatsApp\u00a0que provid\u00eanciaremos sem custo algum.<\/p>\n<h4>Qual o formato do arquivo?<\/h4>\n<\/div>\n<\/div>\n<div class=\"elementor-toggle-item\">\n<div id=\"elementor-tab-content-1946\" class=\"elementor-tab-content elementor-clearfix elementor-active\" role=\"tabpanel\" data-tab=\"6\" aria-labelledby=\"elementor-tab-title-1946\">\n<p>Os arquivos s\u00e3o enviados em formato Word e s\u00e3o edit\u00e1veis.<\/p>\n<h4>Caso eu tiver alguma d\u00favida, terei suporte no p\u00f3s venda?<\/h4>\n<\/div>\n<\/div>\n<div class=\"elementor-toggle-item\">\n<div id=\"elementor-tab-content-1948\" class=\"elementor-tab-content elementor-clearfix elementor-active\" role=\"tabpanel\" data-tab=\"8\" aria-labelledby=\"elementor-tab-title-1948\">\n<p>Sim, com certeza. Basta clicar no \u00edcone do WhatsApp no cantinho da tela. Ser\u00e1 um prazer atend\u00ea-lo(a).<\/p>\n<div class=\"elementor-toggle-item\">\n<div id=\"elementor-tab-content-1948\" class=\"elementor-tab-content elementor-clearfix elementor-active\" role=\"tabpanel\" data-tab=\"8\" aria-labelledby=\"elementor-tab-title-1948\">\n<h4>Quais os seus canais de contato?<\/h4>\n<\/div>\n<\/div>\n<div class=\"elementor-toggle-item\">\n<div id=\"elementor-tab-content-1949\" class=\"elementor-tab-content elementor-clearfix elementor-active\" role=\"tabpanel\" data-tab=\"9\" aria-labelledby=\"elementor-tab-title-1949\">\n<p>Whatsapp: 53 984751621 \u2013 Clicar no canto da tela ou ESCANEIE O QRCODE ABAIXO<\/p>\n<h4><img decoding=\"async\" class=\"alignnone wp-image-13699 jetpack-lazy-image jetpack-lazy-image--handled smush-detected-img smush-image-1\" src=\"https:\/\/i0.wp.com\/portifolioos-prontos.com\/wp-content\/uploads\/2023\/02\/whatsapp-business-projeto-de-extensao-300x300.jpeg?resize=144%2C144\" sizes=\"(max-width: 144px) 100vw, 144px\" srcset=\"https:\/\/i0.wp.com\/portifolioos-prontos.com\/wp-content\/uploads\/2023\/02\/whatsapp-business-projeto-de-extensao.jpeg?resize=300%2C301&amp;ssl=1 300w, https:\/\/i0.wp.com\/portifolioos-prontos.com\/wp-content\/uploads\/2023\/02\/whatsapp-business-projeto-de-extensao.jpeg?resize=150%2C150&amp;ssl=1 150w, https:\/\/i0.wp.com\/portifolioos-prontos.com\/wp-content\/uploads\/2023\/02\/whatsapp-business-projeto-de-extensao.jpeg?resize=370%2C372&amp;ssl=1 370w, https:\/\/i0.wp.com\/portifolioos-prontos.com\/wp-content\/uploads\/2023\/02\/whatsapp-business-projeto-de-extensao.jpeg?resize=100%2C100&amp;ssl=1 100w, https:\/\/i0.wp.com\/portifolioos-prontos.com\/wp-content\/uploads\/2023\/02\/whatsapp-business-projeto-de-extensao.jpeg?w=470&amp;ssl=1 470w\" alt=\"projeto de extens\u00e3o unopar\" width=\"144\" height=\"144\" data-lazy-loaded=\"1\" \/><\/h4>\n<\/div>\n<\/div>\n<\/div>\n<\/div>\n<div class=\"elementor-toggle-item\">\n<div id=\"elementor-tab-content-1949\" class=\"elementor-tab-content elementor-clearfix elementor-active\" role=\"tabpanel\" data-tab=\"9\" aria-labelledby=\"elementor-tab-title-1949\">\n<p>E-mail:portifoliosp@gmail.com<\/p>\n<div id=\"attachment_143\" class=\"wp-caption alignnone\">\n<div id=\"attachment_143\" class=\"wp-caption alignnone\" style=\"width: 74px;\">\n<p><a href=\"https:\/\/portifolioos-prontos.com\/\"><img decoding=\"async\" class=\"wp-image-143 jetpack-lazy-image jetpack-lazy-image--handled smush-detected-img smush-image-11 smush-image-2 smush-image-10\" title=\"portfolio pronto unopar\" src=\"https:\/\/i0.wp.com\/portifolioos-prontos.com\/wp-content\/uploads\/2022\/04\/conceitomaximo.png?resize=161%2C46\" alt=\"PORTFOLIO PRONTO UNOPAR ANHANGUERA\" width=\"74\" height=\"21\" aria-describedby=\"caption-attachment-143\" data-lazy-loaded=\"1\" \/><\/a><\/p>\n<p id=\"caption-attachment-143\" class=\"wp-caption-text\">Portf\u00f3lio em Word, respondido, completo e j\u00e1 nas normas<\/p>\n<\/div>\n<\/div>\n<\/div>\n<\/div>\n","protected":false},"excerpt":{"rendered":"<div class=\"product-short-description\">\n<h5><strong>Pague pelo PIX ou cart\u00e3o e fa\u00e7a o download agora mesmo.<\/strong><\/h5>\n<\/div>\n<div class=\"sticky-add-to-cart-wrapper\">\n<div class=\"sticky-add-to-cart\">\n<div class=\"quantity buttons_added form-flat\"><img decoding=\"async\" class=\"smush-detected-img smush-image-3 smush-image-2 smush-image-5\" src=\"https:\/\/d26lpennugtm8s.cloudfront.net\/assets\/common\/img\/logos\/payment\/visa@2x.png\" width=\"46\" height=\"29\" \/><img loading=\"lazy\" decoding=\"async\" class=\"smush-detected-img smush-image-4 smush-image-3 smush-image-6\" src=\"https:\/\/d26lpennugtm8s.cloudfront.net\/assets\/common\/img\/logos\/payment\/boleto@2x.png\" width=\"43\" height=\"27\" \/><img loading=\"lazy\" decoding=\"async\" class=\"smush-detected-img smush-image-5 smush-image-4 smush-image-7\" src=\"https:\/\/d26lpennugtm8s.cloudfront.net\/assets\/common\/img\/logos\/payment\/mastercard@2x.png\" width=\"43\" height=\"27\" \/><img loading=\"lazy\" decoding=\"async\" class=\"smush-detected-img smush-image-6 smush-image-5 smush-image-8\" src=\"https:\/\/d26lpennugtm8s.cloudfront.net\/assets\/common\/img\/logos\/payment\/amex@2x.png\" width=\"43\" height=\"27\" \/><img loading=\"lazy\" decoding=\"async\" class=\"smush-detected-img smush-image-7 smush-image-6 smush-image-9\" src=\"https:\/\/d26lpennugtm8s.cloudfront.net\/assets\/common\/img\/logos\/payment\/diners@2x.png\" width=\"46\" height=\"29\" \/><img loading=\"lazy\" decoding=\"async\" class=\"smush-detected-img smush-image-8 smush-image-7 smush-image-10\" src=\"https:\/\/d26lpennugtm8s.cloudfront.net\/assets\/common\/img\/logos\/payment\/br\/elo@2x.png\" width=\"45\" height=\"28\" \/><img loading=\"lazy\" decoding=\"async\" class=\"smush-detected-img smush-image-9 smush-image-8 smush-image-11\" src=\"https:\/\/d26lpennugtm8s.cloudfront.net\/assets\/common\/img\/logos\/payment\/br\/hipercard@2x.png\" width=\"44\" height=\"28\" \/><img loading=\"lazy\" decoding=\"async\" class=\"smush-detected-img smush-image-10 smush-image-9 smush-image-12\" src=\"https:\/\/d26lpennugtm8s.cloudfront.net\/assets\/common\/img\/logos\/payment\/mercadopago@2x.png\" width=\"45\" height=\"28\" \/><\/div>\n<\/div>\n<\/div>\n","protected":false},"featured_media":50043,"template":"","meta":{"_seopress_robots_primary_cat":"none","_seopress_titles_title":"%%post_title%% %%sitetitle%%","_seopress_titles_desc":"%%post_content%%","_seopress_robots_index":""},"product_cat":[35,222,15],"product_tag":[747,746],"class_list":{"0":"post-27151","1":"product","2":"type-product","3":"status-publish","4":"has-post-thumbnail","6":"product_cat-educacao-fisica","7":"product_cat-educacao-fisica-licenciatura","8":"product_cat-uncategorized","9":"product_tag-portfolio-de-estagio-anhanguera","10":"product_tag-portfolio-de-estagio-unopar","12":"first","13":"instock","14":"downloadable","15":"virtual","16":"purchasable","17":"product-type-simple","18":"col-xs-6 col-sm-4","19":"col-mf-5","20":"un-5-cols"},"jetpack_sharing_enabled":true,"_links":{"self":[{"href":"https:\/\/portifolioos-prontos.com\/index.php\/wp-json\/wp\/v2\/product\/27151","targetHints":{"allow":["GET"]}}],"collection":[{"href":"https:\/\/portifolioos-prontos.com\/index.php\/wp-json\/wp\/v2\/product"}],"about":[{"href":"https:\/\/portifolioos-prontos.com\/index.php\/wp-json\/wp\/v2\/types\/product"}],"version-history":[{"count":2,"href":"https:\/\/portifolioos-prontos.com\/index.php\/wp-json\/wp\/v2\/product\/27151\/revisions"}],"predecessor-version":[{"id":50045,"href":"https:\/\/portifolioos-prontos.com\/index.php\/wp-json\/wp\/v2\/product\/27151\/revisions\/50045"}],"wp:featuredmedia":[{"embeddable":true,"href":"https:\/\/portifolioos-prontos.com\/index.php\/wp-json\/wp\/v2\/media\/50043"}],"wp:attachment":[{"href":"https:\/\/portifolioos-prontos.com\/index.php\/wp-json\/wp\/v2\/media?parent=27151"}],"wp:term":[{"taxonomy":"product_cat","embeddable":true,"href":"https:\/\/portifolioos-prontos.com\/index.php\/wp-json\/wp\/v2\/product_cat?post=27151"},{"taxonomy":"product_tag","embeddable":true,"href":"https:\/\/portifolioos-prontos.com\/index.php\/wp-json\/wp\/v2\/product_tag?post=27151"}],"curies":[{"name":"wp","href":"https:\/\/api.w.org\/{rel}","templated":true}]}}