{"id":2736,"date":"2022-05-13T13:16:29","date_gmt":"2022-05-13T16:16:29","guid":{"rendered":"https:\/\/portifolioos-prontos.com\/?post_type=product&#038;p=2736"},"modified":"2022-09-02T14:59:34","modified_gmt":"2022-09-02T17:59:34","slug":"atividade-pratica-primeiros-socorros","status":"publish","type":"product","link":"https:\/\/portifolioos-prontos.com\/index.php\/product\/atividade-pratica-primeiros-socorros\/","title":{"rendered":"ATIVIDADE PR\u00c1TICA &#8211; PRIMEIROS SOCORROS"},"content":{"rendered":"<h4>PRIMEIROS SOCORROS<\/h4>\n<h4>CURSO: RADIOLOGIA E PODOLOGIA<\/h4>\n<hr \/>\n<p>OBJETIVOS<br \/>\nA proposta desta atividade pr\u00e1tica est\u00e1 amparada nos seguintes objetivos:<br \/>\n\u2022 Aprender os procedimentos de primeiros socorros nos casos de les\u00f5es<br \/>\nmusculoesquel\u00e9ticas, hemorragias e queimaduras.<br \/>\n\u2022 Realizar o atendimento a uma situa\u00e7\u00e3o de parada cardiorrespirat\u00f3ria seguindo<br \/>\nas etapas do Suporte B\u00e1sico de Vida.<br \/>\nRECURSOS<br \/>\nPapel\u00e3o: 1 para cada aluno<br \/>\nPanos ou toalhas limpas: 2 para cada aluno<br \/>\nAtadura ou tiras de tecido: 2 para cada aluno<br \/>\nFormul\u00e1rio Google<br \/>\nPROCEDIMENTOS PR\u00c1TICOS<br \/>\nAtividade proposta 1<br \/>\nParticipa\u00e7\u00e3o do jogo de tabuleiro na plataforma Seppo para compreens\u00e3o dos<br \/>\nprocedimentos de primeiros socorros nos casos de les\u00f5es musculoesquel\u00e9ticas,<br \/>\nhemorragias e queimaduras.<br \/>\nProcedimentos para a realiza\u00e7\u00e3o da atividade<br \/>\n\u2022 Acessar o link: https:\/\/bit.ly\/3BHagUr<br \/>\n\u2022 Em seguida, voc\u00ea j\u00e1 ser\u00e1 direcionado \u00e0 primeira p\u00e1gina da trilha com a<br \/>\ncontextualiza\u00e7\u00e3o do jogo.<br \/>\n\u2022 Preencha os campos solicitados e insira as respostas (todas elas s\u00e3o obrigat\u00f3rias)<br \/>\n\u2022 Na sequ\u00eancia, a trilha conduzir\u00e1 a hist\u00f3ria e todas as atividades.<br \/>\n\u2022 O jogo conta com as seguintes tarefas:<br \/>\n\u2022 E agora, por onde come\u00e7ar? 5 pontos<br \/>\n\u2022 Atendimento \u00e0s les\u00f5es musculoesquel\u00e9ticas 15 pontos<br \/>\n\u2022 Atendimento \u00e0s hemorragias 15 pontos<br \/>\n\u2022 Atendimento \u00e0s queimaduras 25 pontos<br \/>\n\u2022 Cada tarefa corresponde a um n\u00edvel e, para prosseguir, a anterior tem que ser<br \/>\nconclu\u00edda com \u00eaxito.<br \/>\n\u2022 Por se tratar de uma atividade pr\u00e1tica, voc\u00ea dever\u00e1 desenvolver os procedimentos e<br \/>\nregistr\u00e1-los por meio de fotos.<br \/>\n\u2022 Todos os procedimentos s\u00e3o poss\u00edveis de serem realizados em si mesmo, mas voc\u00ea<br \/>\npoder\u00e1 contar com o aux\u00edlio de um familiar ou amigo.<br \/>\nN\u00e3o deixei de participar de todas as tarefas! Elas ser\u00e3o determinantes para o<br \/>\naprendizado das t\u00e9cnicas.<br \/>\nChecklist<br \/>\nO formul\u00e1rio foi acessado?<br \/>\nAs tarefas foram conclu\u00eddas com \u00eaxito?<br \/>\nOs procedimentos foram realizados e registrados por meio de fotos?<br \/>\nOs procedimentos realizados seguiram as orienta\u00e7\u00f5es da trilha?<br \/>\nRESULTADO<br \/>\nEntrega de um arquivo word que contemple todas as etapas da atividade pr\u00e1tica,<br \/>\nconforme apresentado no checklist.<\/p>\n<div class=\"elementor-toggle-item\">\n<h4 id=\"elementor-tab-title-1941\" class=\"elementor-tab-title elementor-active\" tabindex=\"0\" role=\"tab\" data-tab=\"1\" aria-controls=\"elementor-tab-content-1941\" aria-expanded=\"true\" aria-selected=\"true\">Como funciona?<\/h4>\n<div id=\"elementor-tab-content-1941\" class=\"elementor-tab-content elementor-clearfix elementor-active\" role=\"tabpanel\" data-tab=\"1\" aria-labelledby=\"elementor-tab-title-1941\">\n<p>Elaboramos os portf\u00f3lios, j\u00e1 deixamos prontos, nas normas da ABNT e conforme os requisitos da universidade. F\u00e1cil assim! O MELHOR \u00c9 QUE VOC\u00ca COMPRA E J\u00c1 BAIXA NA HORA O SEU ARQUIVO EM WORD! Sabemos que conciliar trabalho, fam\u00edlia, vida profissional e estudos \u00e9 dif\u00edcil hoje em dia, por isso, estamos aqui para ajudar voc\u00ea. Conte com nossa qualidade, experi\u00eancia e profissionalismo adquirindo seu portf\u00f3lio conosco. GARANTIMOS SEU CONCEITO!<\/p>\n<p><span style=\"color: #000000; font-size: 18px; font-weight: bold;\">Como se realizam os envios?<\/span><\/p>\n<\/div>\n<\/div>\n<div class=\"elementor-toggle-item\">\n<div id=\"elementor-tab-content-1942\" class=\"elementor-tab-content elementor-clearfix elementor-active\" role=\"tabpanel\" data-tab=\"2\" aria-labelledby=\"elementor-tab-title-1942\">O seu trabalho \u00e9 disponibilizado pronto, respondido e nas normas j\u00e1 na mesma hora aqui em nosso site na sua \u00e1rea de downloads e tamb\u00e9m no seu e-mail.<\/div>\n<div role=\"tabpanel\" data-tab=\"2\" aria-labelledby=\"elementor-tab-title-1942\"><\/div>\n<\/div>\n<div class=\"elementor-toggle-item\">\n<div id=\"elementor-tab-content-1943\" class=\"elementor-tab-content elementor-clearfix elementor-active\" role=\"tabpanel\" data-tab=\"3\" aria-labelledby=\"elementor-tab-title-1943\">\n<p><span style=\"color: #000000; font-size: 18px; font-weight: bold;\">Em quanto tempo recebo o portf\u00f3lio?<\/span><\/p>\n<\/div>\n<\/div>\n<div class=\"elementor-toggle-item\">\n<div id=\"elementor-tab-content-1944\" class=\"elementor-tab-content elementor-clearfix elementor-active\" role=\"tabpanel\" data-tab=\"4\" aria-labelledby=\"elementor-tab-title-1944\">\n<p>Os envios s\u00e3o imediatos. Ap\u00f3s sua compra, o trabalho j\u00e1 \u00e9 disponibilizado instantaneamente aqui em nosso site e no seu e-mail.<\/p>\n<p><span style=\"color: #000000; font-size: 18px; font-weight: bold;\">E se o portf\u00f3lio que comprei precisar de corre\u00e7\u00e3o?<\/span><\/p>\n<\/div>\n<\/div>\n<div class=\"elementor-toggle-item\">\n<div id=\"elementor-tab-content-1945\" class=\"elementor-tab-content elementor-clearfix elementor-active\" role=\"tabpanel\" data-tab=\"5\" aria-labelledby=\"elementor-tab-title-1945\">\n<p>Caso haja alguma solicita\u00e7\u00e3o de corre\u00e7\u00e3o\/altera\u00e7\u00e3o por parte do tutor, basta entrar em contato conosco pelo\u00a0<a href=\"https:\/\/api.whatsapp.com\/send\/?phone=5553984751621&amp;text&amp;app_absent=0\">WhatsApp<\/a> que provid\u00eanciaremos sem custo algum.<\/p>\n<p><span style=\"color: #000000; font-size: 18px; font-weight: bold;\">Qual o formato do arquivo?<\/span><\/p>\n<\/div>\n<\/div>\n<div class=\"elementor-toggle-item\">\n<div id=\"elementor-tab-content-1946\" class=\"elementor-tab-content elementor-clearfix elementor-active\" role=\"tabpanel\" data-tab=\"6\" aria-labelledby=\"elementor-tab-title-1946\">\n<p>Os arquivos s\u00e3o enviados em formato Word e s\u00e3o edit\u00e1veis.<\/p>\n<p><span style=\"color: #000000; font-size: 18px; font-weight: bold;\">Caso eu tiver alguma d\u00favida, terei suporte no p\u00f3s venda?<\/span><\/p>\n<\/div>\n<\/div>\n<div class=\"elementor-toggle-item\">\n<div id=\"elementor-tab-content-1948\" class=\"elementor-tab-content elementor-clearfix elementor-active\" role=\"tabpanel\" data-tab=\"8\" aria-labelledby=\"elementor-tab-title-1948\">\n<p>Sim, com certeza. Basta clicar no \u00edcone do WhatsApp no cantinho da tela. Ser\u00e1 um prazer atend\u00ea-lo(a).<\/p>\n<div class=\"elementor-toggle-item\">\n<div id=\"elementor-tab-content-1948\" class=\"elementor-tab-content elementor-clearfix elementor-active\" role=\"tabpanel\" data-tab=\"8\" aria-labelledby=\"elementor-tab-title-1948\">\n<h4>Quais os seus canais de contato?<\/h4>\n<\/div>\n<\/div>\n<div class=\"elementor-toggle-item\">\n<div id=\"elementor-tab-content-1949\" class=\"elementor-tab-content elementor-clearfix elementor-active\" role=\"tabpanel\" data-tab=\"9\" aria-labelledby=\"elementor-tab-title-1949\">\n<p>Whatsapp: 53 984751621 \u2013 Clicar no canto da tela ou ESCANEIE O QRCODE ABAIXO<\/p>\n<p><img decoding=\"async\" class=\"alignnone wp-image-7603\" src=\"http:\/\/portifolioos-prontos.com\/wp-content\/uploads\/2022\/09\/portfolio-unopar-pronto-colaborar-ava-producao-textual-interdisciplinar.png\" alt=\"\" width=\"141\" height=\"141\" srcset=\"https:\/\/portifolioos-prontos.com\/wp-content\/uploads\/2022\/09\/portfolio-unopar-pronto-colaborar-ava-producao-textual-interdisciplinar.png 150w, https:\/\/portifolioos-prontos.com\/wp-content\/uploads\/2022\/09\/portfolio-unopar-pronto-colaborar-ava-producao-textual-interdisciplinar-100x100.png 100w\" sizes=\"(max-width: 141px) 100vw, 141px\" \/><\/p>\n<\/div>\n<\/div>\n<\/div>\n<\/div>\n<div class=\"elementor-toggle-item\">\n<div id=\"elementor-tab-content-1949\" class=\"elementor-tab-content elementor-clearfix elementor-active\" role=\"tabpanel\" data-tab=\"9\" aria-labelledby=\"elementor-tab-title-1949\">\n<p>E-mail:portifoliosp@gmail.com<\/p>\n<\/div>\n<\/div>\n","protected":false},"excerpt":{"rendered":"<p>PRIMEIROS SOCORROS CURSO: RADIOLOGIA E PODOLOGIA OBJETIVOS A proposta desta atividade pr\u00e1tica est\u00e1 amparada nos seguintes objetivos: \u2022 Aprender os procedimentos de primeiros socorros nos casos de les\u00f5es musculoesquel\u00e9ticas, hemorragias e queimaduras. \u2022 Realizar o atendimento a uma situa\u00e7\u00e3o de parada cardiorrespirat\u00f3ria seguindo as etapas do Suporte B\u00e1sico de Vida. RECURSOS Papel\u00e3o: 1 para cada&hellip;<\/p>\n","protected":false},"featured_media":2333,"template":"","meta":{"_seopress_robots_primary_cat":"none","_seopress_titles_title":"","_seopress_titles_desc":"","_seopress_robots_index":""},"product_cat":[68,67],"product_tag":[],"class_list":{"0":"post-2736","1":"product","2":"type-product","3":"status-publish","4":"has-post-thumbnail","6":"product_cat-podologia","7":"product_cat-radiologia","9":"first","10":"instock","11":"downloadable","12":"virtual","13":"purchasable","14":"product-type-simple","15":"col-xs-6 col-sm-4","16":"col-mf-5","17":"un-5-cols"},"jetpack_sharing_enabled":true,"_links":{"self":[{"href":"https:\/\/portifolioos-prontos.com\/index.php\/wp-json\/wp\/v2\/product\/2736","targetHints":{"allow":["GET"]}}],"collection":[{"href":"https:\/\/portifolioos-prontos.com\/index.php\/wp-json\/wp\/v2\/product"}],"about":[{"href":"https:\/\/portifolioos-prontos.com\/index.php\/wp-json\/wp\/v2\/types\/product"}],"version-history":[{"count":0,"href":"https:\/\/portifolioos-prontos.com\/index.php\/wp-json\/wp\/v2\/product\/2736\/revisions"}],"wp:featuredmedia":[{"embeddable":true,"href":"https:\/\/portifolioos-prontos.com\/index.php\/wp-json\/wp\/v2\/media\/2333"}],"wp:attachment":[{"href":"https:\/\/portifolioos-prontos.com\/index.php\/wp-json\/wp\/v2\/media?parent=2736"}],"wp:term":[{"taxonomy":"product_cat","embeddable":true,"href":"https:\/\/portifolioos-prontos.com\/index.php\/wp-json\/wp\/v2\/product_cat?post=2736"},{"taxonomy":"product_tag","embeddable":true,"href":"https:\/\/portifolioos-prontos.com\/index.php\/wp-json\/wp\/v2\/product_tag?post=2736"}],"curies":[{"name":"wp","href":"https:\/\/api.w.org\/{rel}","templated":true}]}}