{"id":2740,"date":"2022-05-13T13:16:57","date_gmt":"2022-05-13T16:16:57","guid":{"rendered":"https:\/\/portifolioos-prontos.com\/?post_type=product&#038;p=2740"},"modified":"2023-05-24T22:20:00","modified_gmt":"2023-05-25T01:20:00","slug":"atividade-pratica-microbiologia-e-imunologia","status":"publish","type":"product","link":"https:\/\/portifolioos-prontos.com\/index.php\/product\/atividade-pratica-microbiologia-e-imunologia\/","title":{"rendered":"ATIVIDADE PR\u00c1TICA &#8211; MICROBIOLOGIA E IMUNOLOGIA"},"content":{"rendered":"<h4>Atividade pr\u00e1tica Microbiologia e Imunologia<\/h4>\n<h4>Curso: Radiologia<\/h4>\n<h4><a href=\"http:\/\/portifolioos-prontos.com\/wp-content\/uploads\/2022\/05\/MICROBIOLOGIA-E-IMUNOLOGIApdf.pdf\">CLIQUE AQUI PARA VISUALIZAR O PDF COMPLETO DA FACULDADE COM AS ORIENTA\u00c7\u00d5ES E O TEMA PROPOSTO<\/a><\/h4>\n<hr \/>\n<p>OBJETIVOS<br \/>\nA proposta desta atividade pr\u00e1tica est\u00e1 amparada nos seguintes objetivos:<br \/>\n\uf0b7 Criar condi\u00e7\u00f5es did\u00e1tico-pedag\u00f3gicas para que voc\u00ea desenvolva seus<br \/>\nconhecimentos com rela\u00e7\u00e3o ao estudo dos microrganismos bem como a<br \/>\norganiza\u00e7\u00e3o do sistema imunol\u00f3gico de organismos eucariontes.<\/p>\n<p>RECURSOS<br \/>\nL\u00e2mina de actinomicose (Software \u2013 download)<br \/>\nL\u00e2mina de Candida albicans oral HE (Software \u2013 download)<br \/>\nL\u00e2mina de Candida albicans oral PAS (Software \u2013 download)<br \/>\nL\u00e2mina de Escherichia coli (Software \u2013 download)<br \/>\nL\u00e2mina de Psalliota (Software \u2013 download)<br \/>\nL\u00e2mina de Streptococcus pyogenes \u2013 diplo gram-positivo (Software \u2013 download)<br \/>\nL\u00e2mina de ba\u00e7o (c\u00e3o) HE (Software \u2013 download)<br \/>\nL\u00e2mina de timo (rato) HE (Software \u2013 download)<br \/>\nL\u00e2mina de esfrega\u00e7o de sangue humano Rosenfeld (Software \u2013 download)<br \/>\nL\u00e2mina de processo inflamat\u00f3rio cr\u00f4nico HE (Software \u2013 download)<br \/>\nL\u00e2mina de apoptose (Software \u2013 download)<br \/>\nAtlas de Anatomia Humana 3D \u2013 Base OVID (Biblioteca Virtual)<\/p>\n<p>PROCEDIMENTOS PR\u00c1TICOS<br \/>\nAtividade proposta 1<br \/>\nReconhecer as estruturas referentes as c\u00e9lulas procariontes e eucariontes constituintes de<br \/>\nmicrorganismos.<br \/>\nProcedimentos para a realiza\u00e7\u00e3o da atividade<br \/>\nOs procedimentos ser\u00e3o realizados por meio do software Image Scope, que permite<br \/>\nvisualizar as l\u00e2minas dispon\u00edveis no lamin\u00e1rio digital da Kroton, simula um laborat\u00f3rio<br \/>\nde microscopia e permite a visualiza\u00e7\u00e3o de l\u00e2minas sob diferentes espectros.<br \/>\nO software dever\u00e1 ser instalado na m\u00e1quina, para isso, assista ao v\u00eddeo Tutorial e<br \/>\nsiga as instru\u00e7\u00f5es abaixo:<br \/>\nAcesse a tela abaixo pelo link: https:\/\/bit.ly\/laminariodigital<\/p>\n<div class=\"elementor-toggle-item\">\n<h4 id=\"elementor-tab-title-1941\" class=\"elementor-tab-title elementor-active\" tabindex=\"0\" role=\"tab\" data-tab=\"1\" aria-controls=\"elementor-tab-content-1941\" aria-expanded=\"true\" aria-selected=\"true\">Como funciona?<\/h4>\n<div id=\"elementor-tab-content-1941\" class=\"elementor-tab-content elementor-clearfix elementor-active\" role=\"tabpanel\" data-tab=\"1\" aria-labelledby=\"elementor-tab-title-1941\">\n<p>Elaboramos os portf\u00f3lios, j\u00e1 deixamos prontos, nas normas da ABNT e conforme os requisitos da universidade. F\u00e1cil assim! O MELHOR \u00c9 QUE VOC\u00ca COMPRA E J\u00c1 BAIXA NA HORA O SEU ARQUIVO EM WORD! Sabemos que conciliar trabalho, fam\u00edlia, vida profissional e estudos \u00e9 dif\u00edcil hoje em dia, por isso, estamos aqui para ajudar voc\u00ea. Conte com nossa qualidade, experi\u00eancia e profissionalismo adquirindo seu portf\u00f3lio conosco. GARANTIMOS SEU CONCEITO!<\/p>\n<p><span style=\"color: #000000; font-size: 18px; font-weight: bold;\">Como se realizam os envios?<\/span><\/p>\n<\/div>\n<\/div>\n<div class=\"elementor-toggle-item\">\n<div id=\"elementor-tab-content-1942\" class=\"elementor-tab-content elementor-clearfix elementor-active\" role=\"tabpanel\" data-tab=\"2\" aria-labelledby=\"elementor-tab-title-1942\">O seu trabalho \u00e9 disponibilizado pronto, respondido e nas normas j\u00e1 na mesma hora aqui em nosso site na sua \u00e1rea de downloads e tamb\u00e9m no seu e-mail.<\/div>\n<div role=\"tabpanel\" data-tab=\"2\" aria-labelledby=\"elementor-tab-title-1942\"><\/div>\n<\/div>\n<div class=\"elementor-toggle-item\">\n<div id=\"elementor-tab-content-1943\" class=\"elementor-tab-content elementor-clearfix elementor-active\" role=\"tabpanel\" data-tab=\"3\" aria-labelledby=\"elementor-tab-title-1943\">\n<p><span style=\"color: #000000; font-size: 18px; font-weight: bold;\">Em quanto tempo recebo o portf\u00f3lio?<\/span><\/p>\n<\/div>\n<\/div>\n<div class=\"elementor-toggle-item\">\n<div id=\"elementor-tab-content-1944\" class=\"elementor-tab-content elementor-clearfix elementor-active\" role=\"tabpanel\" data-tab=\"4\" aria-labelledby=\"elementor-tab-title-1944\">\n<p>Os envios s\u00e3o imediatos. Ap\u00f3s sua compra, o trabalho j\u00e1 \u00e9 disponibilizado instantaneamente aqui em nosso site e no seu e-mail.<\/p>\n<p><span style=\"color: #000000; font-size: 18px; font-weight: bold;\">E se o portf\u00f3lio que comprei precisar de corre\u00e7\u00e3o?<\/span><\/p>\n<\/div>\n<\/div>\n<div class=\"elementor-toggle-item\">\n<div id=\"elementor-tab-content-1945\" class=\"elementor-tab-content elementor-clearfix elementor-active\" role=\"tabpanel\" data-tab=\"5\" aria-labelledby=\"elementor-tab-title-1945\">\n<p>Caso haja alguma solicita\u00e7\u00e3o de corre\u00e7\u00e3o\/altera\u00e7\u00e3o por parte do tutor, basta entrar em contato conosco pelo\u00a0<a href=\"https:\/\/api.whatsapp.com\/send\/?phone=5553984751621&amp;text&amp;app_absent=0\">WhatsApp<\/a> que provid\u00eanciaremos sem custo algum.<\/p>\n<p><span style=\"color: #000000; font-size: 18px; font-weight: bold;\">Qual o formato do arquivo?<\/span><\/p>\n<\/div>\n<\/div>\n<div class=\"elementor-toggle-item\">\n<div id=\"elementor-tab-content-1946\" class=\"elementor-tab-content elementor-clearfix elementor-active\" role=\"tabpanel\" data-tab=\"6\" aria-labelledby=\"elementor-tab-title-1946\">\n<p>Os arquivos s\u00e3o enviados em formato Word e s\u00e3o edit\u00e1veis.<\/p>\n<p><span style=\"color: #000000; font-size: 18px; font-weight: bold;\">Caso eu tiver alguma d\u00favida, terei suporte no p\u00f3s venda?<\/span><\/p>\n<\/div>\n<\/div>\n<div class=\"elementor-toggle-item\">\n<div id=\"elementor-tab-content-1948\" class=\"elementor-tab-content elementor-clearfix elementor-active\" role=\"tabpanel\" data-tab=\"8\" aria-labelledby=\"elementor-tab-title-1948\">\n<p>Sim, com certeza. Basta clicar no \u00edcone do WhatsApp no cantinho da tela. Ser\u00e1 um prazer atend\u00ea-lo(a).<\/p>\n<div class=\"elementor-toggle-item\">\n<div id=\"elementor-tab-content-1948\" class=\"elementor-tab-content elementor-clearfix elementor-active\" role=\"tabpanel\" data-tab=\"8\" aria-labelledby=\"elementor-tab-title-1948\">\n<h4>Quais os seus canais de contato?<\/h4>\n<\/div>\n<\/div>\n<div class=\"elementor-toggle-item\">\n<div id=\"elementor-tab-content-1949\" class=\"elementor-tab-content elementor-clearfix elementor-active\" role=\"tabpanel\" data-tab=\"9\" aria-labelledby=\"elementor-tab-title-1949\">\n<p>Whatsapp: 53 984751621 \u2013 Clicar no canto da tela ou ESCANEIE O QRCODE ABAIXO<\/p>\n<p><img decoding=\"async\" class=\"alignnone wp-image-7603\" src=\"http:\/\/portifolioos-prontos.com\/wp-content\/uploads\/2022\/09\/portfolio-unopar-pronto-colaborar-ava-producao-textual-interdisciplinar.png\" alt=\"ATIVIDADE PR\u00c1TICA - MICROBIOLOGIA E IMUNOLOGIA,MICROBIOLOGIA E IMUNOLOGIA,microbiologia e imunologia faculdade,microbiologia e imunologia pdf,MICROBIOLOGIA E IMUNOLOGIA portf\u00f3lio,portf\u00f3lio MICROBIOLOGIA E IMUNOLOGIA,atividade pratica microbiologia e imunologia,atividade pr\u00e1tica microbiologia e imunologia,portf\u00f3lio pronto microbiologia e imunologia\" width=\"141\" height=\"141\" srcset=\"https:\/\/portifolioos-prontos.com\/wp-content\/uploads\/2022\/09\/portfolio-unopar-pronto-colaborar-ava-producao-textual-interdisciplinar.png 150w, https:\/\/portifolioos-prontos.com\/wp-content\/uploads\/2022\/09\/portfolio-unopar-pronto-colaborar-ava-producao-textual-interdisciplinar-100x100.png 100w\" sizes=\"(max-width: 141px) 100vw, 141px\" \/><\/p>\n<\/div>\n<\/div>\n<\/div>\n<\/div>\n<div class=\"elementor-toggle-item\">\n<div id=\"elementor-tab-content-1949\" class=\"elementor-tab-content elementor-clearfix elementor-active\" role=\"tabpanel\" data-tab=\"9\" aria-labelledby=\"elementor-tab-title-1949\">\n<p>E-mail:portifoliosp@gmail.com<\/p>\n<\/div>\n<\/div>\n","protected":false},"excerpt":{"rendered":"<p>Atividade pr\u00e1tica Microbiologia e Imunologia Curso: Radiologia CLIQUE AQUI PARA VISUALIZAR O PDF COMPLETO DA FACULDADE COM AS ORIENTA\u00c7\u00d5ES E O TEMA PROPOSTO OBJETIVOS A proposta desta atividade pr\u00e1tica est\u00e1 amparada nos seguintes objetivos: \uf0b7 Criar condi\u00e7\u00f5es did\u00e1tico-pedag\u00f3gicas para que voc\u00ea desenvolva seus conhecimentos com rela\u00e7\u00e3o ao estudo dos microrganismos bem como a organiza\u00e7\u00e3o do&hellip;<\/p>\n","protected":false},"featured_media":3640,"template":"","meta":{"_seopress_robots_primary_cat":"none","_seopress_titles_title":"","_seopress_titles_desc":"","_seopress_robots_index":""},"product_cat":[68,67],"product_tag":[],"class_list":{"0":"post-2740","1":"product","2":"type-product","3":"status-publish","4":"has-post-thumbnail","6":"product_cat-podologia","7":"product_cat-radiologia","9":"first","10":"instock","11":"downloadable","12":"virtual","13":"purchasable","14":"product-type-simple","15":"col-xs-6 col-sm-4","16":"col-mf-5","17":"un-5-cols"},"jetpack_sharing_enabled":true,"_links":{"self":[{"href":"https:\/\/portifolioos-prontos.com\/index.php\/wp-json\/wp\/v2\/product\/2740","targetHints":{"allow":["GET"]}}],"collection":[{"href":"https:\/\/portifolioos-prontos.com\/index.php\/wp-json\/wp\/v2\/product"}],"about":[{"href":"https:\/\/portifolioos-prontos.com\/index.php\/wp-json\/wp\/v2\/types\/product"}],"version-history":[{"count":0,"href":"https:\/\/portifolioos-prontos.com\/index.php\/wp-json\/wp\/v2\/product\/2740\/revisions"}],"wp:featuredmedia":[{"embeddable":true,"href":"https:\/\/portifolioos-prontos.com\/index.php\/wp-json\/wp\/v2\/media\/3640"}],"wp:attachment":[{"href":"https:\/\/portifolioos-prontos.com\/index.php\/wp-json\/wp\/v2\/media?parent=2740"}],"wp:term":[{"taxonomy":"product_cat","embeddable":true,"href":"https:\/\/portifolioos-prontos.com\/index.php\/wp-json\/wp\/v2\/product_cat?post=2740"},{"taxonomy":"product_tag","embeddable":true,"href":"https:\/\/portifolioos-prontos.com\/index.php\/wp-json\/wp\/v2\/product_tag?post=2740"}],"curies":[{"name":"wp","href":"https:\/\/api.w.org\/{rel}","templated":true}]}}