{"id":2743,"date":"2022-05-13T13:17:28","date_gmt":"2022-05-13T16:17:28","guid":{"rendered":"https:\/\/portifolioos-prontos.com\/?post_type=product&#038;p=2743"},"modified":"2024-04-23T12:29:56","modified_gmt":"2024-04-23T15:29:56","slug":"atividade-pratica-anatomofisiologia-do-corpo-humano","status":"publish","type":"product","link":"https:\/\/portifolioos-prontos.com\/index.php\/product\/atividade-pratica-anatomofisiologia-do-corpo-humano\/","title":{"rendered":"ATIVIDADE PR\u00c1TICA &#8211; ANATOMOFISIOLOGIA DO CORPO HUMANO"},"content":{"rendered":"<h4>Relat\u00f3rio de aula pr\u00e1tica Anatomofisiologia do Corpo Humano<\/h4>\n<hr \/>\n<p>OBJETIVOS<br \/>\nA proposta desta atividade pr\u00e1tica est\u00e1 amparada nos seguintes objetivos:<br \/>\n\u2022 conhecer e aprender a manusear a interface do sistema de aprendizagem das<br \/>\nestruturas anat\u00f4micas, atrav\u00e9s da base OVID.<br \/>\n\u2022 conhecer e identificar as estruturas anat\u00f4micas relacionadas a anatomofisiologia<br \/>\ncorpo humano, que envovem as estruturas sistemas circulat\u00f3rio, renal e<br \/>\ntegumentar.<br \/>\n\u2022 realizar pesquisas em refer\u00eancias bibliogr\u00e1ficas nos livros dispon\u00edveis da biblioteca<br \/>\nvirtual sobre estruturas anat\u00f4micas relacionadas a anatomofisiologia corpo<br \/>\nhumano.<br \/>\nRECURSOS<br \/>\n\u2022 Computador com acesso \u00e0 internet e ao ambiente virtual.<br \/>\nPROCEDIMENTOS PR\u00c1TICOS<br \/>\nAtividades propostas<br \/>\n\u2022 Identifica\u00e7\u00e3o das estruturas anat\u00f4micas relacionadas \u00e0 anatomofisiologia<br \/>\ncorpo humano ao utilizar a base OVID.<br \/>\n\u2013 Anatomia e fisiologia dos sistemas tegumentar, circulat\u00f3rio e renal.<br \/>\n\u2022 Pesquisa bibliog\u00e1fica em atlas de anatomia e fisiologia humana por meio<br \/>\ndabiblioteca virtual.<br \/>\n\u2022 Produ\u00e7\u00e3o textual sobre o conte\u00fado referente aos aspectos anat\u00f4micos e<br \/>\nfisiol\u00f3gicos das les\u00f5es dos p\u00e9s de pessoas portadoras de diabetes melitus.<br \/>\nProcedimentos para a realiza\u00e7\u00e3o da atividade<br \/>\n1) ETAPA 1<br \/>\nVoc\u00ea dever\u00e1 realizar a identifica\u00e7\u00e3o e observa\u00e7\u00e3o das principais estruturas<br \/>\nanat\u00f4micas. Para este procedimento, voc\u00ea dever\u00e1 utilizar o Software OVID (Wolters<br \/>\nKluwer) dispon\u00edvel na Biblioteca Virtual. Para cada estrutura anat\u00f4mica identificada,<br \/>\nvoc\u00ea dever\u00e1 estabelecer a rela\u00e7\u00e3o com suas fun\u00e7\u00f5es fisiol\u00f3gicas. Assim, devem ser<br \/>\nseguidos os seguintes passos:<br \/>\nAcessar a Biblioteca Virtual (dispon\u00edvel em https:\/\/biblioteca-virtual.com\/) e efetuar<br \/>\nologin;<br \/>\nClicar em \u201cWolters Kluwer\u201c;<br \/>\nClicar em \u201cOVID \u2013 Human Anatomy Atlas\u201d;<br \/>\nClicar em \u201cHuman Anatomy Atlas\u201d como campo de estudo principal, ou ainda em:<br \/>\n\u201cAnatomy &amp; Physiology\u201d, ou \u201cVisible Body Physiology &amp; Pathology\u201d, ou \u201cMuscle<br \/>\nPremium\u201d.<br \/>\nAp\u00f3s clicar em \u201cHuman Anatomy Atlas\u201d, abrir\u00e1 a p\u00e1gina com o t\u00edtulo \u201cVisible<br \/>\nBody \/ AnatomyApps From Visible Body\u201d para acessar o software;<br \/>\nEm seguida, clicar em \u201cLaunch Human Anatomy Atlas\u201d, na p\u00e1gina com o t\u00edtulo<br \/>\n\u201cHuman AnatomyAtlas 2021\u201d para acessar o atlas digital;<br \/>\n\u2013 A seguir, selecionar a aba \u201cViews\u201d no menu superior, dependendo da atividade<br \/>\nsolicitada no roteiro, e na aba \u201cRegions\u201d ou Systems\u201d como as principais para<br \/>\nacesso aos diferentes sistemas do corpo humano.<br \/>\n\u2013 Orienta\u00e7\u00f5es sobre este tema, acesse o link a seguir:<br \/>\nhttps:\/\/mdstrm.com\/embed\/62bddb131aa21f083497d438<br \/>\nAp\u00f3s realizar todos os procedimentos descritos anteriormente, voc\u00ea dever\u00e1 acessar<br \/>\na base OVID para explorar e identificar as estruturas anat\u00f4micas relacionadas \u00e0<br \/>\nAnatomofisiologia do Corpo Humano, descritas a seguir.<br \/>\nSISTEMA CIRCULATORIO<br \/>\nIdentificar e reconhecer: principais ARTERIAS e VEIAS do corpo humano. Acessar<br \/>\n\u201cCirculatory System Views\u201d, op\u00e7\u00e3o 1 (circulatory system). Com o aux\u00edlio do cursor,<br \/>\nidentificar as seguintes estruturas:<br \/>\n\u2013 Arterias: Arco a\u00f3rtico, Aorta, Arterias Car\u00f3tidas, Art\u00e9rias Coron\u00e1rias, Art\u00e9rias renal<br \/>\ndireita e esquerda, Art\u00e9rias pulmonares, Art\u00e9ria femural, Art\u00e9ria poplitea, Art\u00e9rias<br \/>\ntibial anterior e posterior.<br \/>\n\u2013 Veias: Cava superior e inferior, Veias pulmonares superior e inferior (direita e<br \/>\nesquerda) Veias subcl\u00e1vias direita e esquerda, Veias jugulares direita e esquerda,<br \/>\nVeia hep\u00e1tica, Veias renal direita e esquerda, Veia femural, Veia popl\u00edtea, Veias<br \/>\nsafena maior e menor (direita e esquerda), Veias metatarsal dorsal direita e<br \/>\nesquerda.<br \/>\nClicar em \u201cMenu\u201d para retornar a aba \u201cSystem\u201d para a realiza\u00e7\u00e3o do pr\u00f3ximo<br \/>\nprocedimento;<br \/>\nSISTEMA RENAL<br \/>\nIdentificar e reconhecer: principais partes dos rins do corpo humano. Acessar<br \/>\n\u201cUrinary System Views\u201d, op\u00e7\u00e3o 8 ou 9 [Kidneys section (M) ou Kidney section (F),<br \/>\nrespectivamente]. Com o aux\u00edlio do cursor, identificar as seguintes estruturas:<br \/>\n\u2013 C\u00e1psula renal, c\u00f3rtex renal, medula renal, coluna renal, pir\u00e2mide renal, papila<br \/>\nrenal, pelve renal, c\u00e1lices renais maior e menor.<br \/>\nIdentificar e reconhecer: principais partes dos nefr\u00f3ns dos rins do corpo humano.<br \/>\nRetornar a aba \u201cViews\u201d Acessar \u201cMicroanatomy\u201d, op\u00e7\u00e3o 19 e 20 [\u201cNephrons\u201d e<br \/>\n\u201cSimplifield Nephrons\u201d, respectivamente]. Com o aux\u00edlio do cursor, identificar as<br \/>\nseguintes estruturas:<br \/>\n\u2013 Glom\u00e9rulo e c\u00e1psula glomerular, t\u00fabulos contorcidos proximal e distal, al\u00e7a de<br \/>\nHenle (ramo descendente e ascendente), ducto coletor, ducto papilar.<br \/>\n\u2013 Art\u00e9rias e Veias arqueada, Art\u00e9rias e V\u00e9ias interlobular,capilares peritubulares.<br \/>\nSISTEMA TEGUMENTAR<br \/>\nPara explorar e desenvolver os estudos sobre este tema, voc\u00ea dever\u00e1 acessar o<br \/>\ncaminho do sistema da base OVID em: 1\u00b0: clicar em \u201cAnatomy &amp; Physiology\u201d, em<br \/>\nseguida; 2\u00b0: clicar em \u201cLauch Anatomy &amp; Physiology\u201d; 3\u00b0: no menu esquerdo, buscar<br \/>\ne clicar em \u201c5-6 Integumentary system\u201d e explorar os seguintes campos:<br \/>\n5.1: Integumentary Sistem Overview<br \/>\n6.1: Skin Layers<br \/>\n6.18 Nails<br \/>\n\u2013 Acesse o v\u00eddeo de orienta\u00e7\u00e3o atrav\u00e9s do link:<br \/>\nhttps:\/\/mdstrm.com\/embed\/639b883fdda0ec08b9483027<br \/>\n2) ETAPA 2<br \/>\nAp\u00f3s a identifica\u00e7\u00e3o das estruturas anat\u00f4micas relacionadas \u00e0 anatomiafisiologia<br \/>\ndo corpo humano, voc\u00ea dever\u00e1 realizar uma pesquisa sobre a anatomia pele, que<br \/>\nenvolve o sistema tegumentar. Como quest\u00e3o norteadora, pesquise sobre as<br \/>\ndiferentes camadas que formam a pele, bem como as caracter\u00edsticas celulares e<br \/>\nfun\u00e7\u00f5es fisiol\u00f3gicas desempenhadas no corpo humano. Para isso, poder\u00e1 acessar<br \/>\na Biblioteca Virtual e buscar os diferentes Atlas e livros de anatomia e fisiologia<br \/>\ndispon\u00edveis. Neste caso, \u00e9 indicado os seguintes livros como alternativas<br \/>\nbibliogr\u00e1ficas para realiza\u00e7\u00e3o desta atividade.<br \/>\nTORTORA, G.J.; DERRICKSON, B. Princ\u00edpios de Anatomia e Fisiologia. Grupo<br \/>\nGEN, 2016. 9788527728867. Dispon\u00edvel em:<br \/>\nhttps:\/\/integrada.minhabiblioteca.com.br\/#\/books\/9788527728867\/. Acesso em: 12<br \/>\nDec 2022.<br \/>\nVANPUTTE, C.; JENNIFER, R.; RUSSO, A. Anatomia e Fisiologia de Seeley.<br \/>\nGrupo A, 2016. E-book. ISBN 9788580555899. Dispon\u00edvel em:<br \/>\nhttps:\/\/integrada.minhabiblioteca.com.br\/#\/books\/9788580555899\/. Acesso em: 12<br \/>\ndez. 2022.<br \/>\nAp\u00f3s o levantamento de tais informa\u00e7\u00f5es, voc\u00ea dever\u00e1 elaborar e produzir um texto<br \/>\ndissertativo (m\u00ednimo de 2 e m\u00e1ximo de 4 p\u00e1ginas) com imagens referencias da fonte<br \/>\nbibliogr\u00e1fica de pesquisa, que integre e relacione os seguintespontos levantados:<br \/>\n\u2013 Camadas do tegumento comum;<br \/>\n\u2013 Componentes anat\u00f4micos e celulares do tegumento comum;<br \/>\n\u2013 Fun\u00e7\u00f5es do tegumento comum;<br \/>\n\u2013 Gl\u00e2ndulas da pelas: caracter\u00edsticas e fun\u00e7\u00f5es;<br \/>\n\u2013 Unhas.<br \/>\n\u2013 Feridas da pele&gt; homeostasia e cicatriza\u00e7\u00e3o.<br \/>\n3) ETAPA 3<br \/>\nNesta etapa, voc\u00ea devera acessar ao texto publicado por Ochoa-Vigo e Pace (2005)<br \/>\nque trata do tema sobre estrat\u00e9gias de preven\u00e7\u00e3o do p\u00e9 de pessoas portadoreas de<br \/>\ndiabetes, como segue a refer\u00eancia bibliogr\u00e1fica completa.<br \/>\nOchoa-Vigo, K., &amp; Pace, A. E. P\u00e9 diab\u00e9tico: estrat\u00e9gias para preven\u00e7\u00e3o. Acta<br \/>\npaulista de Enfermagem, 18, 100-109. 2005. Dispon\u00edvel em:<br \/>\nhttps:\/\/www.scielo.br\/j\/ape\/a\/WtHy6WBRPCvbg8CPVPjRxXh\/?format=pdf&#038;lang=pt.<br \/>\nAcesso em 05 dez 2022.<br \/>\nEsta leitura \u00e9 sugerida devido a aborgadem dos aspectos Anat\u00f4micos e Fisiol\u00f3gicos<br \/>\ndo Corpo Humano no que diz respeito ao comprometimento dessas estruturas<br \/>\ncausadas pela doen\u00e7a. Ap\u00f3s a leitura completa do texto, voc\u00ea dever\u00e1 elaborar e<br \/>\nproduzir\u00a0um\u00a0texto dissertativo (m\u00ednimo de 2 e m\u00e1ximo de 4 p\u00e1ginas) que integre e<br \/>\nrelacione as seguintes quest\u00f5es norteadoras.<br \/>\n\u2022 Quais os principais fatores que levam a les\u00f5es nos p\u00e9s de pessoas com diabetes e<br \/>\nsuas consequ\u00eancias para a sa\u00fade?<br \/>\n\u2022\u00a0Caracterize\u00a0os principais problemas acometidos nas les\u00f5es dos p\u00e9s de pessoas<br \/>\ncom diabetes, como os fatores de risco causados por: neuropatia perif\u00e9rica, \u00e0<br \/>\ndoen\u00e7a vascular perif\u00e9rica e \u00e0 altera\u00e7\u00e3o biomec\u00e2nica.<br \/>\n\u2022 Quais os cuidados e estrat\u00e9gias de tratamento s\u00e3o recomendados para os p\u00e9s de<br \/>\npessoas com diabetes?<br \/>\nResumo geral do roteiro da aula pr\u00e1tica.<br \/>\n\u2022 Realizar cada atividade conforme solicitado no roteiro;<br \/>\n\u2022 Ao finalizar as atividades das etapas 1, 2 e 3 propostas, salvar o arquivo em formato<br \/>\nword;<br \/>\nEnviar o arquivo com identifica\u00e7\u00e3o (nome, curso, polo e semestre) para avalia\u00e7\u00e3o.<br \/>\nObs.:<br \/>\nImportante: O trabalho deve ser enviado em formato Word. N\u00e3o ser\u00e3o aceitos, sob<br \/>\nnenhuma hip\u00f3tese, trabalhos enviados em PDF. E n\u00e3o ser\u00e3o aceitos conte\u00fados<br \/>\ntextuais identificados como pl\u00e1gio.<br \/>\nChecklist<br \/>\n\u2022 Principais etapas para a completude da atividade pr\u00e1tica:<br \/>\n\u2013 Acessar a base OVID na Biblioteca Virtual;<br \/>\n\u2013 Acessar as imagens e v\u00eddeos, conforme indicado no roteiro, para<br \/>\nidentifica\u00e7\u00e3o e observa\u00e7\u00e3o das estruturas anat\u00f4micas presentes nos diferentes<br \/>\nsistemas do corpo humano;<br \/>\n\u2013 Pesquisar livros de anatomia e fisiologia dispon\u00edveis na biblioteca virtual para<br \/>\ndesenvolvimento de assuntos previamente orientados;<br \/>\n\u2013 Produ\u00e7\u00e3o de texto relacionado ao tema proposto.<br \/>\nRESULTADO<br \/>\nEntrega de um arquivo formato word que contemple todas as etapas da atividade<br \/>\npr\u00e1tica proposta, conforme apresentado no checklist<\/p>\n<div class=\"elementor-toggle-item\">\n<h4 id=\"elementor-tab-title-1941\" class=\"elementor-tab-title elementor-active\" tabindex=\"0\" role=\"tab\" data-tab=\"1\" aria-controls=\"elementor-tab-content-1941\" aria-expanded=\"true\" aria-selected=\"true\">Como funciona?<\/h4>\n<div id=\"elementor-tab-content-1941\" class=\"elementor-tab-content elementor-clearfix elementor-active\" role=\"tabpanel\" data-tab=\"1\" aria-labelledby=\"elementor-tab-title-1941\">\n<p>Elaboramos os portf\u00f3lios, j\u00e1 deixamos prontos, nas normas da ABNT e conforme os requisitos da universidade. F\u00e1cil assim! O MELHOR \u00c9 QUE VOC\u00ca COMPRA E J\u00c1 BAIXA NA HORA O SEU ARQUIVO EM WORD! Sabemos que conciliar trabalho, fam\u00edlia, vida profissional e estudos \u00e9 dif\u00edcil hoje em dia, por isso, estamos aqui para ajudar voc\u00ea. Conte com nossa qualidade, experi\u00eancia e profissionalismo adquirindo seu portf\u00f3lio conosco. GARANTIMOS SEU CONCEITO!<\/p>\n<p><span style=\"color: #000000; font-size: 18px; font-weight: bold;\">Como se realizam os envios?<\/span><\/p>\n<\/div>\n<\/div>\n<div class=\"elementor-toggle-item\">\n<div id=\"elementor-tab-content-1942\" class=\"elementor-tab-content elementor-clearfix elementor-active\" role=\"tabpanel\" data-tab=\"2\" aria-labelledby=\"elementor-tab-title-1942\">O seu trabalho \u00e9 disponibilizado pronto, respondido e nas normas j\u00e1 na mesma hora aqui em nosso site na sua \u00e1rea de downloads e tamb\u00e9m no seu e-mail.<\/div>\n<div role=\"tabpanel\" data-tab=\"2\" aria-labelledby=\"elementor-tab-title-1942\"><\/div>\n<\/div>\n<div class=\"elementor-toggle-item\">\n<div id=\"elementor-tab-content-1943\" class=\"elementor-tab-content elementor-clearfix elementor-active\" role=\"tabpanel\" data-tab=\"3\" aria-labelledby=\"elementor-tab-title-1943\">\n<p><span style=\"color: #000000; font-size: 18px; font-weight: bold;\">Em quanto tempo recebo o portf\u00f3lio?<\/span><\/p>\n<\/div>\n<\/div>\n<div class=\"elementor-toggle-item\">\n<div id=\"elementor-tab-content-1944\" class=\"elementor-tab-content elementor-clearfix elementor-active\" role=\"tabpanel\" data-tab=\"4\" aria-labelledby=\"elementor-tab-title-1944\">\n<p>Os envios s\u00e3o imediatos. Ap\u00f3s sua compra, o trabalho j\u00e1 \u00e9 disponibilizado instantaneamente aqui em nosso site e no seu e-mail.<\/p>\n<p><span style=\"color: #000000; font-size: 18px; font-weight: bold;\">E se o portf\u00f3lio que comprei precisar de corre\u00e7\u00e3o?<\/span><\/p>\n<\/div>\n<\/div>\n<div class=\"elementor-toggle-item\">\n<div id=\"elementor-tab-content-1945\" class=\"elementor-tab-content elementor-clearfix elementor-active\" role=\"tabpanel\" data-tab=\"5\" aria-labelledby=\"elementor-tab-title-1945\">\n<p>Caso haja alguma solicita\u00e7\u00e3o de corre\u00e7\u00e3o\/altera\u00e7\u00e3o por parte do tutor, basta entrar em contato conosco pelo\u00a0<a href=\"https:\/\/api.whatsapp.com\/send\/?phone=5553984751621&amp;text&amp;app_absent=0\">WhatsApp<\/a> que provid\u00eanciaremos sem custo algum.<\/p>\n<p><span style=\"color: #000000; font-size: 18px; font-weight: bold;\">Qual o formato do arquivo?<\/span><\/p>\n<\/div>\n<\/div>\n<div class=\"elementor-toggle-item\">\n<div id=\"elementor-tab-content-1946\" class=\"elementor-tab-content elementor-clearfix elementor-active\" role=\"tabpanel\" data-tab=\"6\" aria-labelledby=\"elementor-tab-title-1946\">\n<p>Os arquivos s\u00e3o enviados em formato Word e s\u00e3o edit\u00e1veis.<\/p>\n<p><span style=\"color: #000000; font-size: 18px; font-weight: bold;\">Caso eu tiver alguma d\u00favida, terei suporte no p\u00f3s venda?<\/span><\/p>\n<\/div>\n<\/div>\n<div class=\"elementor-toggle-item\">\n<div id=\"elementor-tab-content-1948\" class=\"elementor-tab-content elementor-clearfix elementor-active\" role=\"tabpanel\" data-tab=\"8\" aria-labelledby=\"elementor-tab-title-1948\">\n<p>Sim, com certeza. Basta clicar no \u00edcone do WhatsApp no cantinho da tela. Ser\u00e1 um prazer atend\u00ea-lo(a).<\/p>\n<div class=\"elementor-toggle-item\">\n<div id=\"elementor-tab-content-1948\" class=\"elementor-tab-content elementor-clearfix elementor-active\" role=\"tabpanel\" data-tab=\"8\" aria-labelledby=\"elementor-tab-title-1948\">\n<h4>Quais os seus canais de contato?<\/h4>\n<\/div>\n<\/div>\n<div class=\"elementor-toggle-item\">\n<div id=\"elementor-tab-content-1949\" class=\"elementor-tab-content elementor-clearfix elementor-active\" role=\"tabpanel\" data-tab=\"9\" aria-labelledby=\"elementor-tab-title-1949\">\n<p>Whatsapp: 53 984751621 \u2013 Clicar no canto da tela ou ESCANEIE O QRCODE ABAIXO<\/p>\n<p><img decoding=\"async\" class=\"alignnone wp-image-7603\" src=\"http:\/\/portifolioos-prontos.com\/wp-content\/uploads\/2022\/09\/portfolio-unopar-pronto-colaborar-ava-producao-textual-interdisciplinar.png\" alt=\"ANATOMOFISIOLOGIA DO CORPO HUMANO,anatomia e fisiologia do corpo humano,anatomia e fisiologia do corpo humano pdf,av2 - anatomofisiologia do corpo humano,aap3 - anatomia e fisiologia do corpo humano,aap2 - anatomia e fisiologia do corpo humano,adg2 - anatomofisiologia do corpo humano,aap1 - anatomia e fisiologia do corpo humano,av1 - anatomia e fisiologia do corpo humano,anatomia e fisiologia do corpo humano prova unopar,ANATOMOFISIOLOGIA DO CORPO HUMANO portf\u00f3lio,ANATOMOFISIOLOGIA DO CORPO HUMANO portf\u00f3lio unopar,ANATOMOFISIOLOGIA DO CORPO HUMANO portf\u00f3lio pronto,atividade pratica ANATOMOFISIOLOGIA DO CORPO HUMANO,atividade pratica de ANATOMOFISIOLOGIA DO CORPO HUMANO,portf\u00f3lio pronto ANATOMOFISIOLOGIA DO CORPO HUMANO\" width=\"141\" height=\"141\" srcset=\"https:\/\/portifolioos-prontos.com\/wp-content\/uploads\/2022\/09\/portfolio-unopar-pronto-colaborar-ava-producao-textual-interdisciplinar.png 150w, https:\/\/portifolioos-prontos.com\/wp-content\/uploads\/2022\/09\/portfolio-unopar-pronto-colaborar-ava-producao-textual-interdisciplinar-100x100.png 100w\" sizes=\"(max-width: 141px) 100vw, 141px\" \/><\/p>\n<\/div>\n<\/div>\n<\/div>\n<\/div>\n<div class=\"elementor-toggle-item\">\n<div id=\"elementor-tab-content-1949\" class=\"elementor-tab-content elementor-clearfix elementor-active\" role=\"tabpanel\" data-tab=\"9\" aria-labelledby=\"elementor-tab-title-1949\">\n<p>E-mail:portifoliosp@gmail.com<\/p>\n<\/div>\n<\/div>\n","protected":false},"excerpt":{"rendered":"<p>Relat\u00f3rio de aula pr\u00e1tica Anatomofisiologia do Corpo Humano OBJETIVOS A proposta desta atividade pr\u00e1tica est\u00e1 amparada nos seguintes objetivos: \u2022 conhecer e aprender a manusear a interface do sistema de aprendizagem das estruturas anat\u00f4micas, atrav\u00e9s da base OVID. \u2022 conhecer e identificar as estruturas anat\u00f4micas relacionadas a anatomofisiologia corpo humano, que envovem as estruturas sistemas&hellip;<\/p>\n","protected":false},"featured_media":403,"template":"","meta":{"_seopress_robots_primary_cat":"none","_seopress_titles_title":"%%post_title%% %%sitetitle%%","_seopress_titles_desc":"%%post_content%%","_seopress_robots_index":""},"product_cat":[68,67],"product_tag":[],"class_list":{"0":"post-2743","1":"product","2":"type-product","3":"status-publish","4":"has-post-thumbnail","6":"product_cat-podologia","7":"product_cat-radiologia","9":"first","10":"instock","11":"downloadable","12":"virtual","13":"purchasable","14":"product-type-simple","15":"col-xs-6 col-sm-4","16":"col-mf-5","17":"un-5-cols"},"jetpack_sharing_enabled":true,"_links":{"self":[{"href":"https:\/\/portifolioos-prontos.com\/index.php\/wp-json\/wp\/v2\/product\/2743","targetHints":{"allow":["GET"]}}],"collection":[{"href":"https:\/\/portifolioos-prontos.com\/index.php\/wp-json\/wp\/v2\/product"}],"about":[{"href":"https:\/\/portifolioos-prontos.com\/index.php\/wp-json\/wp\/v2\/types\/product"}],"version-history":[{"count":0,"href":"https:\/\/portifolioos-prontos.com\/index.php\/wp-json\/wp\/v2\/product\/2743\/revisions"}],"wp:featuredmedia":[{"embeddable":true,"href":"https:\/\/portifolioos-prontos.com\/index.php\/wp-json\/wp\/v2\/media\/403"}],"wp:attachment":[{"href":"https:\/\/portifolioos-prontos.com\/index.php\/wp-json\/wp\/v2\/media?parent=2743"}],"wp:term":[{"taxonomy":"product_cat","embeddable":true,"href":"https:\/\/portifolioos-prontos.com\/index.php\/wp-json\/wp\/v2\/product_cat?post=2743"},{"taxonomy":"product_tag","embeddable":true,"href":"https:\/\/portifolioos-prontos.com\/index.php\/wp-json\/wp\/v2\/product_tag?post=2743"}],"curies":[{"name":"wp","href":"https:\/\/api.w.org\/{rel}","templated":true}]}}