{"id":28122,"date":"2024-07-03T11:08:30","date_gmt":"2024-07-03T14:08:30","guid":{"rendered":"https:\/\/portifolioos-prontos.com\/?post_type=product&#038;p=28122"},"modified":"2025-09-17T19:57:08","modified_gmt":"2025-09-17T22:57:08","slug":"estagio-ii-educacao-especial-anos-finais-do-ensino-fundamental","status":"publish","type":"product","link":"https:\/\/portifolioos-prontos.com\/index.php\/product\/estagio-ii-educacao-especial-anos-finais-do-ensino-fundamental\/","title":{"rendered":"Est\u00e1gio II Educa\u00e7\u00e3o Especial Anos finais do ensino fundamental &#8211; Educa\u00e7\u00e3o Especial"},"content":{"rendered":"<p>Est\u00e1gio II Educa\u00e7\u00e3o Especial<\/p>\n<p>Anos Finais do Ensino Fundamental (Ensino Fundamental II)<\/p>\n<hr \/>\n<p>Para o curso de Educa\u00e7\u00e3o Especial, o foco deve estar no apoio ao aluno com<br \/>\nlaudo\/necessidades especiais (aluno com defici\u00eancia, transtornos globais do desenvolvimento<br \/>\nou altas habilidades\/superdota\u00e7\u00e3o).<br \/>\nNeste est\u00e1gio, o estudante dever\u00e1 estagiar em uma turma dos Anos Finais do Ensino<br \/>\nFundamental (Ensino Fundamental II), na disciplina de Portugu\u00eas.<br \/>\nO supervisor de campo deve ser licenciado em Letras, pois \u00e9 respons\u00e1vel pelo<br \/>\ncomponente curricular de Portugu\u00eas.<br \/>\nPara a realiza\u00e7\u00e3o deste est\u00e1gio, s\u00e3o autorizadas institui\u00e7\u00f5es que ofertem Ensino<br \/>\nFundamental (6o ao 9o ano): escola p\u00fablica ou privada; Col\u00e9gio SESI (Servi\u00e7o Social da<br \/>\nInd\u00fastria); SESC (Servi\u00e7o Social do Com\u00e9rcio); SENAC (Servi\u00e7o Nacional de Aprendizagem<br \/>\nComercial); SENAI (Servi\u00e7o Nacional de Aprendizagem Industrial); EJA (Educa\u00e7\u00e3o de Jovens e<br \/>\nAdultos). A APAE n\u00e3o est\u00e1 autorizada.<\/p>\n<p>&nbsp;<\/p>\n<p>PLANO DE TRABALHO: ANOS FINAIS DO ENSINO FUNDAMENTAL<br \/>\nNo quadro a seguir, h\u00e1 a descri\u00e7\u00e3o do Plano de Trabalho a ser realizado, conforme<br \/>\ncarga hor\u00e1ria total do respectivo est\u00e1gio.<\/p>\n<p>&nbsp;<\/p>\n<table>\n<thead>\n<tr>\n<th>N\u00ba<\/th>\n<th>Atividade<\/th>\n<th>Carga Hor\u00e1ria<\/th>\n<\/tr>\n<\/thead>\n<tbody>\n<tr>\n<td>\u2013<\/td>\n<td>Intera\u00e7\u00e3o com orientador do est\u00e1gio<\/td>\n<td>2h<\/td>\n<\/tr>\n<tr>\n<td>1*<\/td>\n<td>Visita \u00e0 escola com carta de apresenta\u00e7\u00e3o<\/td>\n<td>2h<\/td>\n<\/tr>\n<tr>\n<td>2<\/td>\n<td>Leitura obrigat\u00f3ria e produ\u00e7\u00e3o de texto<\/td>\n<td>14h<\/td>\n<\/tr>\n<tr>\n<td>3*<\/td>\n<td>An\u00e1lise do Projeto Pol\u00edtico Pedag\u00f3gico (PPP) da escola<\/td>\n<td>8h<\/td>\n<\/tr>\n<tr>\n<td>4*<\/td>\n<td>An\u00e1lise de materiais did\u00e1ticos da escola<\/td>\n<td>8h<\/td>\n<\/tr>\n<tr>\n<td>5*<\/td>\n<td>Entrevista com o professor regente<\/td>\n<td>4h<\/td>\n<\/tr>\n<tr>\n<td>6*<\/td>\n<td>Levantamento de materiais de apoio sobre temas transversais da BNCC (meio ambiente, economia, sa\u00fade, cidadania, multiculturalismo, ci\u00eancia e tecnologia)<\/td>\n<td>10h<\/td>\n<\/tr>\n<tr>\n<td>7*<\/td>\n<td>An\u00e1lise do processo de implementa\u00e7\u00e3o da BNCC na escola<\/td>\n<td>10h<\/td>\n<\/tr>\n<tr>\n<td>8*<\/td>\n<td>An\u00e1lise dos instrumentos avaliativos utilizados pelo professor<\/td>\n<td>10h<\/td>\n<\/tr>\n<tr>\n<td>9*<\/td>\n<td>An\u00e1lise da atua\u00e7\u00e3o da equipe pedag\u00f3gica no acompanhamento da disciplina<\/td>\n<td>14h<\/td>\n<\/tr>\n<tr>\n<td>10*<\/td>\n<td>Observa\u00e7\u00e3o e participa\u00e7\u00e3o em aulas<\/td>\n<td>12h<\/td>\n<\/tr>\n<tr>\n<td>11<\/td>\n<td>Elabora\u00e7\u00e3o do relato da observa\u00e7\u00e3o<\/td>\n<td>8h<\/td>\n<\/tr>\n<tr>\n<td>12<\/td>\n<td>Elabora\u00e7\u00e3o de planos de aula (3 planos para mesma turma\/s\u00e9rie)<\/td>\n<td>15h<\/td>\n<\/tr>\n<tr>\n<td>13*<\/td>\n<td>Apresenta\u00e7\u00e3o dos planos de aula para o professor regente<\/td>\n<td>6h<\/td>\n<\/tr>\n<tr>\n<td>14*<\/td>\n<td>Reg\u00eancia em uma das turmas observadas<\/td>\n<td>3h<\/td>\n<\/tr>\n<tr>\n<td>15<\/td>\n<td>Relato da reg\u00eancia<\/td>\n<td>12h<\/td>\n<\/tr>\n<tr>\n<td>16<\/td>\n<td>Produ\u00e7\u00e3o do Relat\u00f3rio de Est\u00e1gio<\/td>\n<td>10h<\/td>\n<\/tr>\n<tr>\n<td>17*<\/td>\n<td>Valida\u00e7\u00e3o do Relat\u00f3rio de Est\u00e1gio<\/td>\n<td>2h<\/td>\n<\/tr>\n<\/tbody>\n<\/table>\n<p>&nbsp;<\/p>\n<p>Est\u00e1gio II Educa\u00e7\u00e3o Especial<\/p>\n<div>\n<div>\n<div class=\"elementor-toggle-item\">\n<div class=\"elementor-toggle-item\">\n<p id=\"elementor-tab-title-1941\" class=\"elementor-tab-title elementor-active\" tabindex=\"0\" role=\"tab\" data-tab=\"1\" aria-controls=\"elementor-tab-content-1941\" aria-expanded=\"true\" aria-selected=\"true\"><strong>Como funciona?<\/strong><\/p>\n<p>Elaboramos os portf\u00f3lios, j\u00e1 deixamos prontos, nas normas da ABNT e conforme os requisitos da universidade. F\u00e1cil assim! O MELHOR \u00c9 QUE VOC\u00ca COMPRA E J\u00c1 BAIXA NA HORA O SEU ARQUIVO EM WORD! Sabemos que conciliar trabalho, fam\u00edlia, vida profissional e estudos \u00e9 dif\u00edcil hoje em dia, por isso, estamos aqui para ajudar voc\u00ea. Conte com nossa qualidade, experi\u00eancia e profissionalismo adquirindo seu portf\u00f3lio conosco. GARANTIMOS SEU CONCEITO!<\/p>\n<p><strong>Como se realizam os envios?<\/strong><\/p>\n<\/div>\n<p id=\"elementor-tab-content-1942\" class=\"elementor-tab-content elementor-clearfix elementor-active\" role=\"tabpanel\" data-tab=\"2\" aria-labelledby=\"elementor-tab-title-1942\">O seu trabalho \u00e9 disponibilizado pronto, respondido e nas normas j\u00e1 na mesma hora aqui em nosso site na sua \u00e1rea de downloads e tamb\u00e9m no seu e-mail.<\/p>\n<p><strong>Em quanto tempo recebo o portf\u00f3lio?<\/strong><\/p>\n<p>Os envios s\u00e3o imediatos. Ap\u00f3s sua compra, o trabalho j\u00e1 \u00e9 disponibilizado instantaneamente aqui em nosso site e no seu e-mail.<\/p>\n<p><strong>E se o portf\u00f3lio que comprei precisar de corre\u00e7\u00e3o?<\/strong><\/p>\n<p>Caso haja alguma solicita\u00e7\u00e3o de corre\u00e7\u00e3o\/altera\u00e7\u00e3o por parte do tutor, basta entrar em contato conosco pelo\u00a0WhatsApp\u00a0que provid\u00eanciaremos sem custo algum.<\/p>\n<p><strong>Qual o formato do arquivo?<\/strong><\/p>\n<p>Os arquivos s\u00e3o enviados em formato Word e s\u00e3o edit\u00e1veis.<\/p>\n<p><strong>Caso eu tiver alguma d\u00favida, terei suporte no p\u00f3s venda?<\/strong><\/p>\n<p>Sim, com certeza. Basta clicar no \u00edcone do WhatsApp no cantinho da tela. Ser\u00e1 um prazer atend\u00ea-lo(a).<\/p>\n<div id=\"elementor-tab-content-1948\" class=\"elementor-tab-content elementor-clearfix elementor-active\" role=\"tabpanel\" data-tab=\"8\" aria-labelledby=\"elementor-tab-title-1948\">\n<p><strong>Quais os seus canais de contato?<\/strong><\/p>\n<\/div>\n<div id=\"elementor-tab-content-1949\" class=\"elementor-tab-content elementor-clearfix elementor-active\" role=\"tabpanel\" data-tab=\"9\" aria-labelledby=\"elementor-tab-title-1949\">\n<p>Whatsapp: 53 984751621 \u2013 Clicar no canto da tela ou ESCANEIE O QRCODE ABAIXO<\/p>\n<h4><img decoding=\"async\" class=\"alignnone wp-image-13699 jetpack-lazy-image jetpack-lazy-image--handled\" src=\"https:\/\/i0.wp.com\/portifolioos-prontos.com\/wp-content\/uploads\/2023\/02\/whatsapp-business-projeto-de-extensao-300x300.jpeg?resize=144%2C144\" sizes=\"(max-width: 144px) 100vw, 144px\" srcset=\"https:\/\/i0.wp.com\/portifolioos-prontos.com\/wp-content\/uploads\/2023\/02\/whatsapp-business-projeto-de-extensao.jpeg?resize=300%2C301&amp;ssl=1 300w, https:\/\/i0.wp.com\/portifolioos-prontos.com\/wp-content\/uploads\/2023\/02\/whatsapp-business-projeto-de-extensao.jpeg?resize=150%2C150&amp;ssl=1 150w, https:\/\/i0.wp.com\/portifolioos-prontos.com\/wp-content\/uploads\/2023\/02\/whatsapp-business-projeto-de-extensao.jpeg?resize=370%2C372&amp;ssl=1 370w, https:\/\/i0.wp.com\/portifolioos-prontos.com\/wp-content\/uploads\/2023\/02\/whatsapp-business-projeto-de-extensao.jpeg?resize=100%2C100&amp;ssl=1 100w, https:\/\/i0.wp.com\/portifolioos-prontos.com\/wp-content\/uploads\/2023\/02\/whatsapp-business-projeto-de-extensao.jpeg?w=470&amp;ssl=1 470w\" alt=\"projeto de extens\u00e3o unopar\" width=\"144\" height=\"144\" data-lazy-loaded=\"1\" \/><\/h4>\n<\/div>\n<div class=\"elementor-toggle-item\">\n<div id=\"elementor-tab-content-1949\" class=\"elementor-tab-content elementor-clearfix elementor-active\" role=\"tabpanel\" data-tab=\"9\" aria-labelledby=\"elementor-tab-title-1949\">\n<p>E-mail:portifoliosp@gmail.com<\/p>\n<div id=\"attachment_143\" class=\"wp-caption alignnone\">\n<div id=\"attachment_143\" class=\"wp-caption alignnone\">\n<p id=\"caption-attachment-143\" class=\"wp-caption-text\"><a href=\"http:\/\/portfolio-pronto.com\/\">Portf\u00f3lio<\/a>\u00a0em Word, respondido, completo e j\u00e1 nas normas<\/p>\n<\/div>\n<\/div>\n<\/div>\n<\/div>\n<\/div>\n<\/div>\n<\/div>\n","protected":false},"excerpt":{"rendered":"<div class=\"product-short-description\">\n<div class=\"product-short-description\">\n<p><strong>Pague pelo PIX ou cart\u00e3o e fa\u00e7a o download agora mesmo.<\/strong><\/p>\n<\/div>\n<div class=\"sticky-add-to-cart-wrapper\">\n<div class=\"sticky-add-to-cart\">\n<p class=\"quantity buttons_added form-flat\"><img decoding=\"async\" class=\"lazyloaded smush-image-5 smush-image-3 smush-image-4 smush-detected-img smush-image-bigger-3\" src=\"https:\/\/d26lpennugtm8s.cloudfront.net\/assets\/common\/img\/logos\/payment\/visa@2x.png\" width=\"46\" height=\"29\" data-src=\"https:\/\/d26lpennugtm8s.cloudfront.net\/assets\/common\/img\/logos\/payment\/visa@2x.png\" \/><img decoding=\"async\" class=\"lazyloaded smush-image-6 smush-image-4 smush-image-5 smush-detected-img smush-image-bigger-4\" src=\"https:\/\/d26lpennugtm8s.cloudfront.net\/assets\/common\/img\/logos\/payment\/boleto@2x.png\" width=\"43\" height=\"27\" data-src=\"https:\/\/d26lpennugtm8s.cloudfront.net\/assets\/common\/img\/logos\/payment\/boleto@2x.png\" \/><img loading=\"lazy\" decoding=\"async\" class=\"lazyloaded smush-image-7 smush-image-5 smush-image-6 smush-detected-img smush-image-bigger-5\" src=\"https:\/\/d26lpennugtm8s.cloudfront.net\/assets\/common\/img\/logos\/payment\/mastercard@2x.png\" width=\"43\" height=\"27\" data-src=\"https:\/\/d26lpennugtm8s.cloudfront.net\/assets\/common\/img\/logos\/payment\/mastercard@2x.png\" \/><img loading=\"lazy\" decoding=\"async\" class=\"lazyloaded smush-image-8 smush-image-6 smush-image-7 smush-detected-img smush-image-bigger-6\" src=\"https:\/\/d26lpennugtm8s.cloudfront.net\/assets\/common\/img\/logos\/payment\/amex@2x.png\" width=\"43\" height=\"27\" data-src=\"https:\/\/d26lpennugtm8s.cloudfront.net\/assets\/common\/img\/logos\/payment\/amex@2x.png\" \/><img loading=\"lazy\" decoding=\"async\" class=\"lazyloaded smush-image-9 smush-image-7 smush-image-8 smush-detected-img smush-image-bigger-7\" src=\"https:\/\/d26lpennugtm8s.cloudfront.net\/assets\/common\/img\/logos\/payment\/diners@2x.png\" width=\"46\" height=\"29\" data-src=\"https:\/\/d26lpennugtm8s.cloudfront.net\/assets\/common\/img\/logos\/payment\/diners@2x.png\" \/><img loading=\"lazy\" decoding=\"async\" class=\"lazyloaded smush-image-10 smush-image-8 smush-image-9 alignnone smush-detected-img smush-image-bigger-8\" src=\"https:\/\/d26lpennugtm8s.cloudfront.net\/assets\/common\/img\/logos\/payment\/br\/elo@2x.png\" alt=\"portf\u00f3lio unopar anhanguera\" width=\"45\" height=\"28\" data-src=\"https:\/\/d26lpennugtm8s.cloudfront.net\/assets\/common\/img\/logos\/payment\/br\/elo@2x.png\" \/><img loading=\"lazy\" decoding=\"async\" class=\"lazyloaded smush-image-11 smush-image-9 smush-image-10 alignnone smush-detected-img smush-image-bigger-9\" src=\"https:\/\/d26lpennugtm8s.cloudfront.net\/assets\/common\/img\/logos\/payment\/br\/hipercard@2x.png\" alt=\"portf\u00f3lio unopar anhanguera\" width=\"44\" height=\"28\" data-src=\"https:\/\/d26lpennugtm8s.cloudfront.net\/assets\/common\/img\/logos\/payment\/br\/hipercard@2x.png\" \/><img loading=\"lazy\" decoding=\"async\" class=\"lazyloaded smush-image-12 smush-image-10 smush-image-11 alignnone smush-detected-img smush-image-bigger-10\" src=\"https:\/\/d26lpennugtm8s.cloudfront.net\/assets\/common\/img\/logos\/payment\/mercadopago@2x.png\" alt=\"portf\u00f3lio unopar anhanguera\" width=\"45\" height=\"28\" data-src=\"https:\/\/d26lpennugtm8s.cloudfront.net\/assets\/common\/img\/logos\/payment\/mercadopago@2x.png\" \/><img loading=\"lazy\" decoding=\"async\" class=\"alignnone lazyloaded smush-detected-img smush-image-bigger-11\" src=\"https:\/\/futurium.com.br\/wp-content\/uploads\/2021\/06\/logo-pix-icone-512.png\" alt=\"portfolio pronto\" width=\"30\" height=\"30\" data-src=\"https:\/\/futurium.com.br\/wp-content\/uploads\/2021\/06\/logo-pix-icone-512.png\" \/><\/p>\n<\/div>\n<\/div>\n<\/div>\n","protected":false},"featured_media":34621,"template":"","meta":{"_seopress_robots_primary_cat":"none","_seopress_titles_title":"%%post_title%% %%sitetitle%%","_seopress_titles_desc":"%%post_content%%","_seopress_robots_index":""},"product_cat":[303,15],"product_tag":[747,746],"class_list":{"0":"post-28122","1":"product","2":"type-product","3":"status-publish","4":"has-post-thumbnail","6":"product_cat-educacao-especial","7":"product_cat-uncategorized","8":"product_tag-portfolio-de-estagio-anhanguera","9":"product_tag-portfolio-de-estagio-unopar","11":"first","12":"instock","13":"downloadable","14":"virtual","15":"purchasable","16":"product-type-simple","17":"col-xs-6 col-sm-4","18":"col-mf-5","19":"un-5-cols"},"jetpack_sharing_enabled":true,"_links":{"self":[{"href":"https:\/\/portifolioos-prontos.com\/index.php\/wp-json\/wp\/v2\/product\/28122","targetHints":{"allow":["GET"]}}],"collection":[{"href":"https:\/\/portifolioos-prontos.com\/index.php\/wp-json\/wp\/v2\/product"}],"about":[{"href":"https:\/\/portifolioos-prontos.com\/index.php\/wp-json\/wp\/v2\/types\/product"}],"version-history":[{"count":2,"href":"https:\/\/portifolioos-prontos.com\/index.php\/wp-json\/wp\/v2\/product\/28122\/revisions"}],"predecessor-version":[{"id":45286,"href":"https:\/\/portifolioos-prontos.com\/index.php\/wp-json\/wp\/v2\/product\/28122\/revisions\/45286"}],"wp:featuredmedia":[{"embeddable":true,"href":"https:\/\/portifolioos-prontos.com\/index.php\/wp-json\/wp\/v2\/media\/34621"}],"wp:attachment":[{"href":"https:\/\/portifolioos-prontos.com\/index.php\/wp-json\/wp\/v2\/media?parent=28122"}],"wp:term":[{"taxonomy":"product_cat","embeddable":true,"href":"https:\/\/portifolioos-prontos.com\/index.php\/wp-json\/wp\/v2\/product_cat?post=28122"},{"taxonomy":"product_tag","embeddable":true,"href":"https:\/\/portifolioos-prontos.com\/index.php\/wp-json\/wp\/v2\/product_tag?post=28122"}],"curies":[{"name":"wp","href":"https:\/\/api.w.org\/{rel}","templated":true}]}}