{"id":28162,"date":"2024-07-09T09:57:44","date_gmt":"2024-07-09T12:57:44","guid":{"rendered":"https:\/\/portifolioos-prontos.com\/?post_type=product&#038;p=28162"},"modified":"2025-08-03T17:29:11","modified_gmt":"2025-08-03T20:29:11","slug":"estagio-supervisionado-i-hospitalar","status":"publish","type":"product","link":"https:\/\/portifolioos-prontos.com\/index.php\/product\/estagio-supervisionado-i-hospitalar\/","title":{"rendered":"Est\u00e1gio Supervisionado I: Hospitalar"},"content":{"rendered":"<h3>Est\u00e1gio Supervisionado I: Hospitalar<\/h3>\n<p>400 horas<\/p>\n<p>Mat\u00e9ria: Gest\u00e3o Hospitalar<\/p>\n<hr \/>\n<p>Enfermagem<\/p>\n<p>Curso: Enfermagem<br \/>\nDisciplinas: \u2022 Est\u00e1gio Supervisionado Obrigat\u00f3rio<br \/>\nObjetivos da<br \/>\nAprendizagem:<\/p>\n<p>\u2022 Assegurar ao acad\u00eamico o exerc\u00edcio da experi\u00eancia<br \/>\nprofissional, consolidando os conhecimentos adquiridos no<br \/>\ncurso e a articula\u00e7\u00e3o entre a teoria e a pr\u00e1tica;<br \/>\n\u2022 Possibilitar a tomada de decis\u00f5es e a solu\u00e7\u00e3o de problemas,<br \/>\nviabilizando o nexo a\u00e7\u00e3o\u2010reflex\u00e3o\u2010a\u00e7\u00e3o como processo de<br \/>\naprendizagem;<br \/>\n\u2022 Possibilitar o conhecimento da realidade socioecon\u00f4mica e<br \/>\ncultural da popula\u00e7\u00e3o, desenvolvendo a capacidade cr\u00edtica do<br \/>\nacad\u00eamico, permitindo a sua identifica\u00e7\u00e3o como elemento<br \/>\nde transforma\u00e7\u00e3o da sociedade.<\/p>\n<p>Prezado aluno(a),<br \/>\nSeja bem-vindo(a) \u00e0 disciplina de Est\u00e1gio Supervisionado!<br \/>\nA proposta de Produ\u00e7\u00e3o Textual do Est\u00e1gio (PTE) ter\u00e1 como finalidade oportunizar a voc\u00ea o<br \/>\naprofundamento sobre as atividades realizadas em campo de est\u00e1gio. A seguir, descreveremostodas<br \/>\nas orienta\u00e7\u00f5es para a elabora\u00e7\u00e3o desse material.<\/p>\n<p>PRODU\u00c7\u00c3O TEXTUAL<br \/>\nDO EST\u00c1GIO SUPERVISIONADO<br \/>\nOBRIGAT\u00d3RIO<\/p>\n<p>Enfermagem<\/p>\n<p>ORIENTA\u00c7\u00d5ES DA PRODU\u00c7\u00c3O TEXTUAL<\/p>\n<p>1. Realiza\u00e7\u00e3o do trabalho<br \/>\nEsta \u00e9 uma atividade avaliativa da disciplina de est\u00e1gio supervisionado, portanto, dever\u00e1 ser realizada<br \/>\nindividualmente.<br \/>\n2. Leitura e interpreta\u00e7\u00e3o<br \/>\nLeia atentamente todas as atividades propostas a seguir. Organize todas as informa\u00e7\u00f5espara,<br \/>\nposteriormente, produzir o texto caracterizado como o relat\u00f3rio final.<\/p>\n<p>ROTEIRO DO RELAT\u00d3RIO DE EST\u00c1GIO SUPERVISIONADO<\/p>\n<p>1. INTRODU\u00c7\u00c3O<br \/>\nRealizar uma breve descri\u00e7\u00e3o sobre:<br \/>\n\uf0b7 A institui\u00e7\u00e3o em que foi desenvolvido o est\u00e1gio, realizando uma contextualiza\u00e7\u00e3o do campo.<br \/>\n\uf0b7 Relatar como o grupo se organizou e como as atividades foram realizadas: grupo de est\u00e1gio,supervisor<br \/>\nde campo, enfermeiro do servi\u00e7o, entre outros.<br \/>\n\uf0b7 Descrever sobre a import\u00e2ncia deste est\u00e1gio em sua viv\u00eancia acad\u00eamica.<\/p>\n<p>2. DESENVOLVIMENTO DO CONTE\u00daDO: APROXIMA\u00c7\u00c3O TE\u00d3RICO-PR\u00c1TICA<\/p>\n<p>2.1. Apresenta\u00e7\u00e3o e contextualiza\u00e7\u00e3o das a\u00e7\u00f5es gerenciais do enfermeiro da unidade<br \/>\nConhecer as atribui\u00e7\u00f5es gerenciais do enfermeiro e acompanh\u00e1-lo durante a realiza\u00e7\u00e3o. No PTE<br \/>\ndiscorrer sobre os seguintes pontos:<br \/>\n\uf0b7 Retomar o organograma do servi\u00e7o de enfermagem na institui\u00e7\u00e3o apresentado por meio de<br \/>\nfluxograma;<br \/>\n\uf0b7 Relatar como \u00e9 realizada a gest\u00e3o do servi\u00e7o como umtodo, destacando asresponsabilidadese deveres<br \/>\ndo enfermeiro enquanto supervisor, diretor ou o cargo superior que a institui\u00e7\u00e3o apresentar.<br \/>\n\uf0b7 Apresentar a gest\u00e3o dos recursos humanos do enfermeiro da unidade\/ setor, incluindo a supervis\u00e3o,<br \/>\nelabora\u00e7\u00e3o de escala de atribui\u00e7\u00f5es, escala de f\u00e9rias, administra\u00e7\u00e3o de conflitos, integra\u00e7\u00e3o e<br \/>\nrelacionamento com a equipe de sa\u00fade, entre outros;<\/p>\n<p>PRODU\u00c7\u00c3O TEXTUAL<br \/>\nDO EST\u00c1GIO SUPERVISIONADO<br \/>\nOBRIGAT\u00d3RIO<\/p>\n<p>Enfermagem<\/p>\n<p>\uf0b7 Retratar como \u00e9 realizada a capacita\u00e7\u00e3o de recursos humanos, por meio da educa\u00e7\u00e3ocontinuada e da<br \/>\neduca\u00e7\u00e3o em servi\u00e7o, diferenciando cada uma delas;<br \/>\n\uf0b7 Aplicar instrumentos e modelos de avalia\u00e7\u00e3o de servi\u00e7os e c\u00e1lculo de indicadores de sa\u00fade\/servi\u00e7os<br \/>\nprestados, identificando prioridades e estabelecendo planos de interven\u00e7\u00e3o;<br \/>\n\uf0b7 Descrever como \u00e9 realizada a gest\u00e3o de materiais, como solicita\u00e7\u00e3o e controle de estoque;<br \/>\n\uf0b7 Participar das atividades gerenciais do servi\u00e7o, contribuindo na elabora\u00e7\u00e3o de relat\u00f3rios,documentos<br \/>\nt\u00e9cnicos, capacita\u00e7\u00f5es, interven\u00e7\u00f5es gerenciais e reuni\u00f5es de servi\u00e7o.<\/p>\n<p>2.2 Apresenta\u00e7\u00e3o e contextualiza\u00e7\u00e3o das a\u00e7\u00f5es assistenciais do enfermeiro da unidade<br \/>\nConhecer as a\u00e7\u00f5es assistenciais do enfermeiro, sua atua\u00e7\u00e3o nas equipes interdisciplinares, junto a<br \/>\nclientela ecomunidade, nas inst\u00e2ncias regulat\u00f3rias e colegiadas e acompanh\u00e1-lo durante a execu\u00e7\u00e3o.<br \/>\n\uf0b7 Relatar sobre a participa\u00e7\u00e3o nas atividades assistenciais, relacionando estas aos protocolos<br \/>\ninstitucionais, programas e pol\u00edticas de sa\u00fade.<br \/>\n\uf0b7 Apresentar uma an\u00e1lise cr\u00edtica sobre as interven\u00e7\u00f5es, realizar avalia\u00e7\u00e3o e acompanhamento e<br \/>\nparticipar dos direcionamentos, prescri\u00e7\u00f5es e planos assistenciais.<br \/>\n\uf0b7 Realizar aprofundamento t\u00e9cnico cientifico sobre as situa\u00e7\u00f5es sob seu acompanhamento, atrav\u00e9s da<br \/>\nrealiza\u00e7\u00e3o de leituras complementares e estudos de caso.<\/p>\n<p>2.3 Experi\u00eancias pessoais<br \/>\n\uf0b7 Escrever sobre o aprendizado desenvolvido durante as atividades em campo de est\u00e1gio, al\u00e9mda<br \/>\narticula\u00e7\u00e3o dos conte\u00fados apreendidos ao longo da gradua\u00e7\u00e3o e a experi\u00eancia pr\u00e1tica de est\u00e1gio.<br \/>\n\uf0b7 Descrever como as atividades realizadas contribu\u00edram para o seu aprendizado.<br \/>\n\uf0b7 Falar sobre o dia a dia do est\u00e1gio, as atividades que foram realizadas no aspecto geral e as situa\u00e7\u00f5es<br \/>\nque mais lhe chamaram a aten\u00e7\u00e3o. Busque realizar uma reflex\u00e3o sobre o papel do enfermeiro e sua<br \/>\ncorrela\u00e7\u00e3o com os protocolos existentes.<\/p>\n<p>3. CONSIDERA\u00c7\u00d5ES FINAIS<br \/>\nRelatar as contribui\u00e7\u00f5es do est\u00e1gio para a unidade de sa\u00fade e para o estagi\u00e1rio (pessoal e<br \/>\nprofissionalmente). Descrever suas impress\u00f5es fundamentadas no cotidiano e expressar com clareza as<br \/>\nconclus\u00f5es observadas no decorrer de todas as etapas da disciplina.<\/p>\n<p>PRODU\u00c7\u00c3O TEXTUAL<br \/>\nDO EST\u00c1GIO SUPERVISIONADO<br \/>\nOBRIGAT\u00d3RIO<\/p>\n<p>Enfermagem<\/p>\n<p>NORMAS PARA ELABORA\u00c7\u00c3O E ENTREGA DA PRODU\u00c7\u00c3O TEXTUAL<br \/>\nA Produ\u00e7\u00e3o Textual do Est\u00e1gio (PTE) dever\u00e1 ser postada no ambiente virtual. Para isso:<br \/>\n\u2013 Atente-se ao prazo, pois trabalhos enviados fora do per\u00edodo n\u00e3o ser\u00e3o aceitos. Situa\u00e7\u00f5es<br \/>\nespec\u00edficas devem ser encaminhadas via chamado para an\u00e1lise da coordena\u00e7\u00e3o;<br \/>\n\u2013 A produ\u00e7\u00e3o textual deve ter no m\u00ednimo 10 e no m\u00e1ximo 15 p\u00e1ginas, incluindo introdu\u00e7\u00e3o,<br \/>\ndesenvolvimento e conclus\u00f5es. Elementos pr\u00e9 e p\u00f3s textuais n\u00e3o ser\u00e3o considerados na contabiliza\u00e7\u00e3o;<br \/>\n\u2013 A produ\u00e7\u00e3o textual deve ser cadastrada em arquivo Word ou PDF;<br \/>\n\u2013 A produ\u00e7\u00e3o textual dever\u00e1 obedecer \u00e0s normas t\u00e9cnicas da ABNT. Os alunos devem acessar a<br \/>\n\u201cBiblioteca\u201d dispon\u00edvel em seu ambiente virtual de aprendizagem, clicar em \u201cNormatiza\u00e7\u00e3o de Trabalhos<br \/>\nAcad\u00eamicos\u201d<\/p>\n<p>&nbsp;<\/p>\n<p>CRIT\u00c9RIOS AVALIATIVOS<\/p>\n<p>Apresentamos os crit\u00e9rios avaliativos que nortear\u00e3o a devolutiva escrita e o conceito a ser dado pelo<br \/>\ntutor \u00e0 dist\u00e2ncia.<\/p>\n<p>Crit\u00e9rio Significado Valor\/peso<br \/>\nCoer\u00eancia, clarezae<br \/>\ncoes\u00e3o<\/p>\n<p>O texto apresenta uma linguagem de f\u00e1cil<br \/>\ncompreens\u00e3o, apresentando os argumentos de modoclaro<br \/>\ne coeso.<\/p>\n<p>10%<\/p>\n<p>Aplica\u00e7\u00e3o dos<br \/>\nconte\u00fados<br \/>\ninterdisciplinares<br \/>\nno texto<br \/>\nargumentativo<\/p>\n<p>No texto escrito (com as justificativas e argumenta\u00e7\u00f5es)as<br \/>\nideias apresentam rela\u00e7\u00e3o direta com todas as se\u00e7\u00f5es<br \/>\napresentadas no roteiro.<\/p>\n<p>40%<\/p>\n<p>Riqueza de<br \/>\nargumenta\u00e7\u00e3o<\/p>\n<p>O texto tem rela\u00e7\u00e3o direta com o tema, traduzem uma<br \/>\nreflex\u00e3o cr\u00edtica e contempla os pontos estabelecidos no<br \/>\nroteiro.<\/p>\n<p>30%<\/p>\n<p>Conclus\u00e3o As considera\u00e7\u00f5es finais contemplam os pontos elencados no<\/p>\n<p>roteiro.<\/p>\n<p>10%<\/p>\n<p>Normaliza\u00e7\u00e3o Respeito \u00e0s normas da ABNT, respeito a escrita<\/p>\n<p>ortogr\u00e1fica e estrutura solicitada.<\/p>\n<p>10%<\/p>\n<div class=\"elementor-toggle-item\">\n<div class=\"elementor-toggle-item\">\n<p id=\"elementor-tab-title-1941\" class=\"elementor-tab-title elementor-active\" tabindex=\"0\" role=\"tab\" data-tab=\"1\" aria-controls=\"elementor-tab-content-1941\" aria-expanded=\"true\" aria-selected=\"true\"><strong>Como funciona?<\/strong><\/p>\n<p>Elaboramos os portf\u00f3lios, j\u00e1 deixamos prontos, nas normas da ABNT e conforme os requisitos da universidade. F\u00e1cil assim! O MELHOR \u00c9 QUE VOC\u00ca COMPRA E J\u00c1 BAIXA NA HORA O SEU ARQUIVO EM WORD! Sabemos que conciliar trabalho, fam\u00edlia, vida profissional e estudos \u00e9 dif\u00edcil hoje em dia, por isso, estamos aqui para ajudar voc\u00ea. Conte com nossa qualidade, experi\u00eancia e profissionalismo adquirindo seu portf\u00f3lio conosco. GARANTIMOS SEU CONCEITO!<\/p>\n<p><strong>Como se realizam os envios?<\/strong><\/p>\n<\/div>\n<p id=\"elementor-tab-content-1942\" class=\"elementor-tab-content elementor-clearfix elementor-active\" role=\"tabpanel\" data-tab=\"2\" aria-labelledby=\"elementor-tab-title-1942\">O seu trabalho \u00e9 disponibilizado pronto, respondido e nas normas j\u00e1 na mesma hora aqui em nosso site na sua \u00e1rea de downloads e tamb\u00e9m no seu e-mail.<\/p>\n<p><strong>Em quanto tempo recebo o portf\u00f3lio?<\/strong><\/p>\n<p>Os envios s\u00e3o imediatos. Ap\u00f3s sua compra, o trabalho j\u00e1 \u00e9 disponibilizado instantaneamente aqui em nosso site e no seu e-mail.<\/p>\n<p><strong>E se o portf\u00f3lio que comprei precisar de corre\u00e7\u00e3o?<\/strong><\/p>\n<p>Caso haja alguma solicita\u00e7\u00e3o de corre\u00e7\u00e3o\/altera\u00e7\u00e3o por parte do tutor, basta entrar em contato conosco pelo\u00a0WhatsApp\u00a0que provid\u00eanciaremos sem custo algum.<\/p>\n<p><strong>Qual o formato do arquivo?<\/strong><\/p>\n<p>Os arquivos s\u00e3o enviados em formato Word e s\u00e3o edit\u00e1veis.<\/p>\n<p><strong>Caso eu tiver alguma d\u00favida, terei suporte no p\u00f3s venda?<\/strong><\/p>\n<p>Sim, com certeza. Basta clicar no \u00edcone do WhatsApp no cantinho da tela. Ser\u00e1 um prazer atend\u00ea-lo(a).<\/p>\n<div id=\"elementor-tab-content-1948\" class=\"elementor-tab-content elementor-clearfix elementor-active\" role=\"tabpanel\" data-tab=\"8\" aria-labelledby=\"elementor-tab-title-1948\">\n<p><strong>Quais os seus canais de contato?<\/strong><\/p>\n<\/div>\n<div id=\"elementor-tab-content-1949\" class=\"elementor-tab-content elementor-clearfix elementor-active\" role=\"tabpanel\" data-tab=\"9\" aria-labelledby=\"elementor-tab-title-1949\">\n<p>Whatsapp: 53 984751621 \u2013 Clicar no canto da tela ou ESCANEIE O QRCODE ABAIXO<\/p>\n<h4><img decoding=\"async\" class=\"alignnone wp-image-13699 jetpack-lazy-image jetpack-lazy-image--handled\" src=\"https:\/\/i0.wp.com\/portifolioos-prontos.com\/wp-content\/uploads\/2023\/02\/whatsapp-business-projeto-de-extensao-300x300.jpeg?resize=144%2C144\" sizes=\"(max-width: 144px) 100vw, 144px\" srcset=\"https:\/\/i0.wp.com\/portifolioos-prontos.com\/wp-content\/uploads\/2023\/02\/whatsapp-business-projeto-de-extensao.jpeg?resize=300%2C301&amp;ssl=1 300w, https:\/\/i0.wp.com\/portifolioos-prontos.com\/wp-content\/uploads\/2023\/02\/whatsapp-business-projeto-de-extensao.jpeg?resize=150%2C150&amp;ssl=1 150w, https:\/\/i0.wp.com\/portifolioos-prontos.com\/wp-content\/uploads\/2023\/02\/whatsapp-business-projeto-de-extensao.jpeg?resize=370%2C372&amp;ssl=1 370w, https:\/\/i0.wp.com\/portifolioos-prontos.com\/wp-content\/uploads\/2023\/02\/whatsapp-business-projeto-de-extensao.jpeg?resize=100%2C100&amp;ssl=1 100w, https:\/\/i0.wp.com\/portifolioos-prontos.com\/wp-content\/uploads\/2023\/02\/whatsapp-business-projeto-de-extensao.jpeg?w=470&amp;ssl=1 470w\" alt=\"projeto de extens\u00e3o unopar\" width=\"144\" height=\"144\" data-lazy-loaded=\"1\" \/><\/h4>\n<\/div>\n<div class=\"elementor-toggle-item\">\n<div id=\"elementor-tab-content-1949\" class=\"elementor-tab-content elementor-clearfix elementor-active\" role=\"tabpanel\" data-tab=\"9\" aria-labelledby=\"elementor-tab-title-1949\">\n<p>E-mail:portifoliosp@gmail.com<\/p>\n<div id=\"attachment_143\" class=\"wp-caption alignnone\">\n<div id=\"attachment_143\" class=\"wp-caption alignnone\">\n<p id=\"caption-attachment-143\" class=\"wp-caption-text\"><a href=\"http:\/\/portfolio-pronto.com\/\">Portf\u00f3lio<\/a>\u00a0em Word, respondido, completo e j\u00e1 nas normas<\/p>\n<\/div>\n<\/div>\n<\/div>\n<\/div>\n<\/div>\n","protected":false},"excerpt":{"rendered":"<div class=\"product-short-description\">\n<div class=\"product-short-description\">\n<p><strong>Pague pelo PIX ou cart\u00e3o e fa\u00e7a o download agora mesmo.<\/strong><\/p>\n<\/div>\n<div class=\"sticky-add-to-cart-wrapper\">\n<div class=\"sticky-add-to-cart\">\n<p class=\"quantity buttons_added form-flat\"><img decoding=\"async\" class=\"lazyloaded smush-image-5 smush-image-3 smush-image-4 smush-detected-img smush-image-bigger-3\" src=\"https:\/\/d26lpennugtm8s.cloudfront.net\/assets\/common\/img\/logos\/payment\/visa@2x.png\" width=\"46\" height=\"29\" data-src=\"https:\/\/d26lpennugtm8s.cloudfront.net\/assets\/common\/img\/logos\/payment\/visa@2x.png\" \/><img decoding=\"async\" class=\"lazyloaded smush-image-6 smush-image-4 smush-image-5 smush-detected-img smush-image-bigger-4\" src=\"https:\/\/d26lpennugtm8s.cloudfront.net\/assets\/common\/img\/logos\/payment\/boleto@2x.png\" width=\"43\" height=\"27\" data-src=\"https:\/\/d26lpennugtm8s.cloudfront.net\/assets\/common\/img\/logos\/payment\/boleto@2x.png\" \/><img loading=\"lazy\" decoding=\"async\" class=\"lazyloaded smush-image-7 smush-image-5 smush-image-6 smush-detected-img smush-image-bigger-5\" src=\"https:\/\/d26lpennugtm8s.cloudfront.net\/assets\/common\/img\/logos\/payment\/mastercard@2x.png\" width=\"43\" height=\"27\" data-src=\"https:\/\/d26lpennugtm8s.cloudfront.net\/assets\/common\/img\/logos\/payment\/mastercard@2x.png\" \/><img loading=\"lazy\" decoding=\"async\" class=\"lazyloaded smush-image-8 smush-image-6 smush-image-7 smush-detected-img smush-image-bigger-6\" src=\"https:\/\/d26lpennugtm8s.cloudfront.net\/assets\/common\/img\/logos\/payment\/amex@2x.png\" width=\"43\" height=\"27\" data-src=\"https:\/\/d26lpennugtm8s.cloudfront.net\/assets\/common\/img\/logos\/payment\/amex@2x.png\" \/><img loading=\"lazy\" decoding=\"async\" class=\"lazyloaded smush-image-9 smush-image-7 smush-image-8 smush-detected-img smush-image-bigger-7\" src=\"https:\/\/d26lpennugtm8s.cloudfront.net\/assets\/common\/img\/logos\/payment\/diners@2x.png\" width=\"46\" height=\"29\" data-src=\"https:\/\/d26lpennugtm8s.cloudfront.net\/assets\/common\/img\/logos\/payment\/diners@2x.png\" \/><img loading=\"lazy\" decoding=\"async\" class=\"lazyloaded smush-image-10 smush-image-8 smush-image-9 alignnone smush-detected-img smush-image-bigger-8\" src=\"https:\/\/d26lpennugtm8s.cloudfront.net\/assets\/common\/img\/logos\/payment\/br\/elo@2x.png\" alt=\"portf\u00f3lio unopar anhanguera\" width=\"45\" height=\"28\" data-src=\"https:\/\/d26lpennugtm8s.cloudfront.net\/assets\/common\/img\/logos\/payment\/br\/elo@2x.png\" \/><img loading=\"lazy\" decoding=\"async\" class=\"lazyloaded smush-image-11 smush-image-9 smush-image-10 alignnone smush-detected-img smush-image-bigger-9\" src=\"https:\/\/d26lpennugtm8s.cloudfront.net\/assets\/common\/img\/logos\/payment\/br\/hipercard@2x.png\" alt=\"portf\u00f3lio unopar anhanguera\" width=\"44\" height=\"28\" data-src=\"https:\/\/d26lpennugtm8s.cloudfront.net\/assets\/common\/img\/logos\/payment\/br\/hipercard@2x.png\" \/><img loading=\"lazy\" decoding=\"async\" class=\"lazyloaded smush-image-12 smush-image-10 smush-image-11 alignnone smush-detected-img smush-image-bigger-10\" src=\"https:\/\/d26lpennugtm8s.cloudfront.net\/assets\/common\/img\/logos\/payment\/mercadopago@2x.png\" alt=\"portf\u00f3lio unopar anhanguera\" width=\"45\" height=\"28\" data-src=\"https:\/\/d26lpennugtm8s.cloudfront.net\/assets\/common\/img\/logos\/payment\/mercadopago@2x.png\" \/><img loading=\"lazy\" decoding=\"async\" class=\"alignnone lazyloaded smush-detected-img smush-image-bigger-11\" src=\"https:\/\/futurium.com.br\/wp-content\/uploads\/2021\/06\/logo-pix-icone-512.png\" alt=\"portfolio pronto\" width=\"30\" height=\"30\" data-src=\"https:\/\/futurium.com.br\/wp-content\/uploads\/2021\/06\/logo-pix-icone-512.png\" \/><\/p>\n<\/div>\n<\/div>\n<\/div>\n","protected":false},"featured_media":28166,"template":"","meta":{"_seopress_robots_primary_cat":"none","_seopress_titles_title":"%%post_title%% %%sitetitle%%","_seopress_titles_desc":"%%post_content%%","_seopress_robots_index":""},"product_cat":[37,15],"product_tag":[747,746],"class_list":{"0":"post-28162","1":"product","2":"type-product","3":"status-publish","4":"has-post-thumbnail","6":"product_cat-enfermagem","7":"product_cat-uncategorized","8":"product_tag-portfolio-de-estagio-anhanguera","9":"product_tag-portfolio-de-estagio-unopar","11":"first","12":"instock","13":"downloadable","14":"virtual","15":"purchasable","16":"product-type-simple","17":"col-xs-6 col-sm-4","18":"col-mf-5","19":"un-5-cols"},"jetpack_sharing_enabled":true,"_links":{"self":[{"href":"https:\/\/portifolioos-prontos.com\/index.php\/wp-json\/wp\/v2\/product\/28162","targetHints":{"allow":["GET"]}}],"collection":[{"href":"https:\/\/portifolioos-prontos.com\/index.php\/wp-json\/wp\/v2\/product"}],"about":[{"href":"https:\/\/portifolioos-prontos.com\/index.php\/wp-json\/wp\/v2\/types\/product"}],"version-history":[{"count":0,"href":"https:\/\/portifolioos-prontos.com\/index.php\/wp-json\/wp\/v2\/product\/28162\/revisions"}],"wp:featuredmedia":[{"embeddable":true,"href":"https:\/\/portifolioos-prontos.com\/index.php\/wp-json\/wp\/v2\/media\/28166"}],"wp:attachment":[{"href":"https:\/\/portifolioos-prontos.com\/index.php\/wp-json\/wp\/v2\/media?parent=28162"}],"wp:term":[{"taxonomy":"product_cat","embeddable":true,"href":"https:\/\/portifolioos-prontos.com\/index.php\/wp-json\/wp\/v2\/product_cat?post=28162"},{"taxonomy":"product_tag","embeddable":true,"href":"https:\/\/portifolioos-prontos.com\/index.php\/wp-json\/wp\/v2\/product_tag?post=28162"}],"curies":[{"name":"wp","href":"https:\/\/api.w.org\/{rel}","templated":true}]}}