{"id":28231,"date":"2024-07-18T20:57:15","date_gmt":"2024-07-18T23:57:15","guid":{"rendered":"https:\/\/portifolioos-prontos.com\/?post_type=product&#038;p=28231"},"modified":"2024-09-01T15:28:18","modified_gmt":"2024-09-01T18:28:18","slug":"atividade-pratica-producao-de-textos-aplicada-ao-ensino","status":"publish","type":"product","link":"https:\/\/portifolioos-prontos.com\/index.php\/product\/atividade-pratica-producao-de-textos-aplicada-ao-ensino\/","title":{"rendered":"Atividade pr\u00e1tica Produ\u00e7\u00e3o de textos aplicada ao ensino"},"content":{"rendered":"<p>Atividade pr\u00e1tica Produ\u00e7\u00e3o de textos aplicada ao ensino<\/p>\n<hr \/>\n<p>OBJETIVOS<br \/>\nA proposta desta atividade pr\u00e1tica est\u00e1 amparada nos seguintes objetivos:<br \/>\n\u2022 Elaborar um Plano de Ensino que vise o ensino de L\u00edngua Portuguesa vinculado a<br \/>\npr\u00e1ticas cotidianas.<br \/>\n\u2022 Relacionar teoria e pr\u00e1tica, a fim de proporcionar embasamento para atua\u00e7\u00e3o em<br \/>\nsala de aula.<br \/>\nRECURSOS<br \/>\nComputador com acesso \u00e0 internet e ao ambiente virtual.<br \/>\nPROCEDIMENTOS PR\u00c1TICOS<br \/>\nAtividade proposta<br \/>\nElabora\u00e7\u00e3o\u00a0de um Plano de Ensino, tendo como foco o trabalho com a leitura liter\u00e1ria do<br \/>\ng\u00eanero conto.<br \/>\nProcedimentos para a realiza\u00e7\u00e3o da atividade<br \/>\n1- Para refletir sobre a atua\u00e7\u00e3o do professor de L\u00edngua Portuguesa no Ensino M\u00e9dio, leia a<br \/>\nsitua\u00e7\u00e3o-problema que apresentaremos a seguir:<br \/>\nMilena acaba de se formar no curso de Letras Portugu\u00eas e tem a oportunidade de<br \/>\ncolocar em pr\u00e1tica o que aprendeu em seu curso. Em seu primeiro emprego, a professora<br \/>\nrec\u00e9m-formada conseguiu aulas de L\u00edngua Portuguesa no Ensino M\u00e9dio da rede privada de<br \/>\nsua cidade. Ap\u00f3s realizar uma avalia\u00e7\u00e3o diagn\u00f3stica em todas as salas, chamou-lhe a<br \/>\naten\u00e7\u00e3o o desempenho dos estudantes do 1\u00ba ano do Ensino M\u00e9dio.<br \/>\nEla p\u00f4de constatar, por meio das respostas dos alunos \u00e0 avalia\u00e7\u00e3o diagn\u00f3stica, que<br \/>\nhavia uma defasagem bastante acentuada no que dizia respeito ao conhecimento sobre a<br \/>\nL\u00edngua Portuguesa de forma geral, tanto no que dizia respeito \u00e0s pr\u00e1ticas de leitura, escrita<br \/>\ne an\u00e1lise lingu\u00edstica\/semi\u00f3tica.<br \/>\nA professora tamb\u00e9m percebeu que os alunos n\u00e3o gostavam das aulas de L\u00edngua<br \/>\nPortuguesa, visto que tinham uma vis\u00e3o prescritiva e conservadora do uso do pr\u00f3prio idioma,<br \/>\nn\u00e3o conseguindo relacionar o que aprendiam em sala de aula com situa\u00e7\u00f5es concretas e<br \/>\ncotidianas, algo que os desmotivava, uma vez que enxergavam a l\u00edngua como um conjunto<br \/>\nde regras desvinculadas das pr\u00e1ticas sociais.<br \/>\nDiante do cen\u00e1rio, Milena recorreu \u00e0 BNCC, al\u00e9m de reler seus materiais sobre<br \/>\nmetodologia de ensino, utilizados durante a disciplina de est\u00e1gio, para encontrar a melhor<br \/>\nmaneira de trabalhar com esses alunos. De acordo com a BNCC, a \u00e1rea de linguagens no<br \/>\nEnsino M\u00e9dio.<br \/>\ntem a responsabilidade de propiciar oportunidades para a<br \/>\nconsolida\u00e7\u00e3o e a amplia\u00e7\u00e3o das habilidades de uso e de reflex\u00e3o<br \/>\nsobre as linguagens \u2013 art\u00edsticas, corporais e verbais (oral ou visualmotora, como Libras, e escrita) \u2013, que s\u00e3o objeto de seus diferentes<br \/>\ncomponentes (Arte, Educa\u00e7\u00e3o F\u00edsica, L\u00edngua Inglesa e L\u00edngua<br \/>\nPortuguesa). (BRASIL,2017, p. 481).<br \/>\nDessa forma, Milena buscou pensar em formas efetivas de garantir que seus alunos<br \/>\ndo Ensino M\u00e9dio consolidassem e ampliassem suas habilidades lingu\u00edsticas e<br \/>\nressignificassem a sua compreens\u00e3o sobre o aprendizado da l\u00edngua materna. A professora<br \/>\ncome\u00e7ou a desenvolver seus planos de aula, objetivando as 4 primeiras aulas do ano letivo,<br \/>\ne tendo como desafio propor atividades que mostrassem o modo como as pr\u00e1ticas<br \/>\nlingu\u00edsticas ligam-se diretamente \u00e0s viv\u00eancias cotidianas, podendo ressignificar a<br \/>\ncompreens\u00e3o pr\u00e9via desses estudantes sobre as aulas de L\u00edngua Portuguesa.<br \/>\n2- A partir da situa\u00e7\u00e3o proposta, voc\u00ea se colocar\u00e1 na situa\u00e7\u00e3o vivenciada pela professora<br \/>\nMilena. Para isso, reflita sobre algumas perguntas que podem apoiar o seu trabalho, s\u00e3o<br \/>\nelas:<br \/>\na) Como tornar as aulas de L\u00edngua Portuguesa interessantes para alunos do 1\u00ba ano do<br \/>\nensino m\u00e9dio?<br \/>\nb) Como ressignificar a compreens\u00e3o dos alunos a respeito do ensino e da aprendizagem<br \/>\nda l\u00edngua materna j\u00e1 nas primeiras aulas do ano letivo?<br \/>\nc) Qual \u00e9 o problema em entender a l\u00edngua apenas como um conjunto de regras<br \/>\ndesvinculadas da realidade?<br \/>\n3- Ap\u00f3s finalizar seu percurso reflexivo, proceda \u00e0 elabora\u00e7\u00e3o de seu Plano de Ensino,<br \/>\ncom 4 aulas, que contemple a leitura e a produ\u00e7\u00e3o textual, tendo em vista o modelo a<br \/>\nseguir:<br \/>\nChecklist<br \/>\nPrincipais etapas para a completude da atividade pr\u00e1tica:<br \/>\n\u2013 Leitura da situa\u00e7\u00e3o-problema apresentada.<br \/>\n\u2013 Reflex\u00e3o a partir das quest\u00f5es norteadoras.<br \/>\n\u2013 Elabora\u00e7\u00e3o do plano de ensino.<br \/>\nRESULTADO<br \/>\nEntrega de um arquivo word com o plano de ensino elaborado.<\/p>\n<p>Atividade pr\u00e1tica Produ\u00e7\u00e3o de textos aplicada ao ensino<\/p>\n<div class=\"elementor-toggle-item\">\n<h4 id=\"elementor-tab-title-1941\" class=\"elementor-tab-title elementor-active\" tabindex=\"0\" role=\"tab\" data-tab=\"1\" aria-controls=\"elementor-tab-content-1941\" aria-expanded=\"true\" aria-selected=\"true\">Como funciona?<\/h4>\n<div id=\"elementor-tab-content-1941\" class=\"elementor-tab-content elementor-clearfix elementor-active\" role=\"tabpanel\" data-tab=\"1\" aria-labelledby=\"elementor-tab-title-1941\">\n<p>Elaboramos os portf\u00f3lios, j\u00e1 deixamos prontos, nas normas da ABNT e conforme os requisitos da universidade. F\u00e1cil assim! O MELHOR \u00c9 QUE VOC\u00ca COMPRA E J\u00c1 BAIXA NA HORA O SEU ARQUIVO EM WORD! Sabemos que conciliar trabalho, fam\u00edlia, vida profissional e estudos \u00e9 dif\u00edcil hoje em dia, por isso, estamos aqui para ajudar voc\u00ea. Conte com nossa qualidade, experi\u00eancia e profissionalismo adquirindo seu portf\u00f3lio conosco. GARANTIMOS SEU CONCEITO!<\/p>\n<h4>Como se realizam os envios?<\/h4>\n<\/div>\n<\/div>\n<div class=\"elementor-toggle-item\">\n<div id=\"elementor-tab-content-1942\" class=\"elementor-tab-content elementor-clearfix elementor-active\" role=\"tabpanel\" data-tab=\"2\" aria-labelledby=\"elementor-tab-title-1942\">O seu trabalho \u00e9 disponibilizado pronto, respondido e nas normas j\u00e1 na mesma hora aqui em nosso site na sua \u00e1rea de downloads e tamb\u00e9m no seu e-mail.<\/div>\n<\/div>\n<div class=\"elementor-toggle-item\">\n<div id=\"elementor-tab-content-1943\" class=\"elementor-tab-content elementor-clearfix elementor-active\" role=\"tabpanel\" data-tab=\"3\" aria-labelledby=\"elementor-tab-title-1943\">\n<h4>Em quanto tempo recebo o portf\u00f3lio?<\/h4>\n<\/div>\n<\/div>\n<div class=\"elementor-toggle-item\">\n<div id=\"elementor-tab-content-1944\" class=\"elementor-tab-content elementor-clearfix elementor-active\" role=\"tabpanel\" data-tab=\"4\" aria-labelledby=\"elementor-tab-title-1944\">\n<p>Os envios s\u00e3o imediatos. Ap\u00f3s sua compra, o trabalho j\u00e1 \u00e9 disponibilizado instantaneamente aqui em nosso site e no seu e-mail.<\/p>\n<h4>E se o portf\u00f3lio que comprei precisar de corre\u00e7\u00e3o?<\/h4>\n<\/div>\n<\/div>\n<div class=\"elementor-toggle-item\">\n<div id=\"elementor-tab-content-1945\" class=\"elementor-tab-content elementor-clearfix elementor-active\" role=\"tabpanel\" data-tab=\"5\" aria-labelledby=\"elementor-tab-title-1945\">\n<p>Caso haja alguma solicita\u00e7\u00e3o de corre\u00e7\u00e3o\/altera\u00e7\u00e3o por parte do tutor, basta entrar em contato conosco pelo\u00a0WhatsApp\u00a0que provid\u00eanciaremos sem custo algum.<\/p>\n<h4>Qual o formato do arquivo?<\/h4>\n<\/div>\n<\/div>\n<div class=\"elementor-toggle-item\">\n<div id=\"elementor-tab-content-1946\" class=\"elementor-tab-content elementor-clearfix elementor-active\" role=\"tabpanel\" data-tab=\"6\" aria-labelledby=\"elementor-tab-title-1946\">\n<p>Os arquivos s\u00e3o enviados em formato Word e s\u00e3o edit\u00e1veis.<\/p>\n<h4>Caso eu tiver alguma d\u00favida, terei suporte no p\u00f3s venda?<\/h4>\n<\/div>\n<\/div>\n<div class=\"elementor-toggle-item\">\n<div id=\"elementor-tab-content-1948\" class=\"elementor-tab-content elementor-clearfix elementor-active\" role=\"tabpanel\" data-tab=\"8\" aria-labelledby=\"elementor-tab-title-1948\">\n<p>Sim, com certeza. Basta clicar no \u00edcone do WhatsApp no cantinho da tela. Ser\u00e1 um prazer atend\u00ea-lo(a).<\/p>\n<div class=\"elementor-toggle-item\">\n<div id=\"elementor-tab-content-1948\" class=\"elementor-tab-content elementor-clearfix elementor-active\" role=\"tabpanel\" data-tab=\"8\" aria-labelledby=\"elementor-tab-title-1948\">\n<h4>Quais os seus canais de contato?<\/h4>\n<\/div>\n<\/div>\n<div class=\"elementor-toggle-item\">\n<div id=\"elementor-tab-content-1949\" class=\"elementor-tab-content elementor-clearfix elementor-active\" role=\"tabpanel\" data-tab=\"9\" aria-labelledby=\"elementor-tab-title-1949\">\n<p>Whatsapp: 53 984751621 \u2013 Clicar no canto da tela ou ESCANEIE O QRCODE ABAIXO<\/p>\n<h4><img decoding=\"async\" class=\"alignnone wp-image-13699 jetpack-lazy-image jetpack-lazy-image--handled smush-detected-img smush-image-1 smush-image-2\" src=\"https:\/\/i0.wp.com\/portifolioos-prontos.com\/wp-content\/uploads\/2023\/02\/whatsapp-business-projeto-de-extensao-300x300.jpeg?resize=144%2C144\" sizes=\"(max-width: 144px) 100vw, 144px\" srcset=\"https:\/\/i0.wp.com\/portifolioos-prontos.com\/wp-content\/uploads\/2023\/02\/whatsapp-business-projeto-de-extensao.jpeg?resize=300%2C301&amp;ssl=1 300w, https:\/\/i0.wp.com\/portifolioos-prontos.com\/wp-content\/uploads\/2023\/02\/whatsapp-business-projeto-de-extensao.jpeg?resize=150%2C150&amp;ssl=1 150w, https:\/\/i0.wp.com\/portifolioos-prontos.com\/wp-content\/uploads\/2023\/02\/whatsapp-business-projeto-de-extensao.jpeg?resize=370%2C372&amp;ssl=1 370w, https:\/\/i0.wp.com\/portifolioos-prontos.com\/wp-content\/uploads\/2023\/02\/whatsapp-business-projeto-de-extensao.jpeg?resize=100%2C100&amp;ssl=1 100w, https:\/\/i0.wp.com\/portifolioos-prontos.com\/wp-content\/uploads\/2023\/02\/whatsapp-business-projeto-de-extensao.jpeg?w=470&amp;ssl=1 470w\" alt=\"projeto de extens\u00e3o unopar\" width=\"144\" height=\"144\" data-lazy-loaded=\"1\" \/><\/h4>\n<\/div>\n<\/div>\n<\/div>\n<\/div>\n<div class=\"elementor-toggle-item\">\n<div id=\"elementor-tab-content-1949\" class=\"elementor-tab-content elementor-clearfix elementor-active\" role=\"tabpanel\" data-tab=\"9\" aria-labelledby=\"elementor-tab-title-1949\">\n<p>E-mail:portifoliosp@gmail.com<\/p>\n<div id=\"attachment_143\" class=\"wp-caption alignnone\">\n<div id=\"attachment_143\" class=\"wp-caption alignnone\" style=\"width: 84px;\">\n<p><a href=\"https:\/\/portifolioos-prontos.com\/\"><img decoding=\"async\" class=\"wp-image-143 jetpack-lazy-image jetpack-lazy-image--handled smush-detected-img smush-image-11 smush-image-2 smush-image-10 smush-image-13 smush-image-3\" title=\"portfolio pronto unopar\" src=\"https:\/\/i0.wp.com\/portifolioos-prontos.com\/wp-content\/uploads\/2022\/04\/conceitomaximo.png?resize=161%2C46\" alt=\"PORTFOLIO PRONTO UNOPAR ANHANGUERA\" width=\"84\" height=\"24\" aria-describedby=\"caption-attachment-143\" data-lazy-loaded=\"1\" \/><\/a><\/p>\n<p id=\"caption-attachment-143\" class=\"wp-caption-text\">Portf\u00f3lio em Word, respondido, completo e j\u00e1 nas normas<\/p>\n<\/div>\n<\/div>\n<\/div>\n<\/div>\n","protected":false},"excerpt":{"rendered":"<div class=\"product-short-description\">\n<h5><strong>Pague pelo PIX ou cart\u00e3o e fa\u00e7a o download agora mesmo.<\/strong><\/h5>\n<\/div>\n<div class=\"sticky-add-to-cart-wrapper\">\n<div class=\"sticky-add-to-cart\">\n<div class=\"quantity buttons_added form-flat\"><img decoding=\"async\" class=\"alignnone wp-image-761 smush-detected-img smush-image-2 smush-image-1 smush-image-3 smush-image-4\" src=\"https:\/\/portifolioos-prontos.com\/wp-content\/uploads\/2022\/04\/PIX-300x107.webp\" alt=\"\" width=\"78\" height=\"28\" \/>\u00a0\u00a0<img loading=\"lazy\" decoding=\"async\" class=\"smush-detected-img smush-image-3 smush-image-2 smush-image-4 smush-image-5\" src=\"https:\/\/d26lpennugtm8s.cloudfront.net\/assets\/common\/img\/logos\/payment\/visa@2x.png\" width=\"46\" height=\"29\" \/><img loading=\"lazy\" decoding=\"async\" class=\"smush-detected-img smush-image-4 smush-image-3 smush-image-5 smush-image-6\" src=\"https:\/\/d26lpennugtm8s.cloudfront.net\/assets\/common\/img\/logos\/payment\/boleto@2x.png\" width=\"43\" height=\"27\" \/><img loading=\"lazy\" decoding=\"async\" class=\"smush-detected-img smush-image-5 smush-image-4 smush-image-6 smush-image-7\" src=\"https:\/\/d26lpennugtm8s.cloudfront.net\/assets\/common\/img\/logos\/payment\/mastercard@2x.png\" width=\"43\" height=\"27\" \/><img loading=\"lazy\" decoding=\"async\" class=\"smush-detected-img smush-image-6 smush-image-5 smush-image-7 smush-image-8\" src=\"https:\/\/d26lpennugtm8s.cloudfront.net\/assets\/common\/img\/logos\/payment\/amex@2x.png\" width=\"43\" height=\"27\" \/><img loading=\"lazy\" decoding=\"async\" class=\"smush-detected-img smush-image-7 smush-image-6 smush-image-8 smush-image-9\" src=\"https:\/\/d26lpennugtm8s.cloudfront.net\/assets\/common\/img\/logos\/payment\/diners@2x.png\" width=\"46\" height=\"29\" \/><img loading=\"lazy\" decoding=\"async\" class=\"smush-detected-img smush-image-8 smush-image-7 smush-image-9 smush-image-10\" src=\"https:\/\/d26lpennugtm8s.cloudfront.net\/assets\/common\/img\/logos\/payment\/br\/elo@2x.png\" width=\"45\" height=\"28\" \/><img loading=\"lazy\" decoding=\"async\" class=\"smush-detected-img smush-image-9 smush-image-8 smush-image-10 smush-image-11\" src=\"https:\/\/d26lpennugtm8s.cloudfront.net\/assets\/common\/img\/logos\/payment\/br\/hipercard@2x.png\" width=\"44\" height=\"28\" \/><img loading=\"lazy\" decoding=\"async\" class=\"smush-detected-img smush-image-10 smush-image-9 smush-image-11 smush-image-12\" src=\"https:\/\/d26lpennugtm8s.cloudfront.net\/assets\/common\/img\/logos\/payment\/mercadopago@2x.png\" width=\"45\" height=\"28\" \/><\/div>\n<\/div>\n<\/div>\n","protected":false},"featured_media":28234,"template":"","meta":{"_seopress_robots_primary_cat":"none","_seopress_titles_title":"%%post_title%% %%sitetitle%%","_seopress_titles_desc":"%%post_content%%","_seopress_robots_index":""},"product_cat":[114,47,15],"product_tag":[],"class_list":{"0":"post-28231","1":"product","2":"type-product","3":"status-publish","4":"has-post-thumbnail","6":"product_cat-letras","7":"product_cat-licenciaturas","8":"product_cat-uncategorized","10":"first","11":"instock","12":"downloadable","13":"virtual","14":"purchasable","15":"product-type-simple","16":"col-xs-6 col-sm-4","17":"col-mf-5","18":"un-5-cols"},"jetpack_sharing_enabled":true,"_links":{"self":[{"href":"https:\/\/portifolioos-prontos.com\/index.php\/wp-json\/wp\/v2\/product\/28231","targetHints":{"allow":["GET"]}}],"collection":[{"href":"https:\/\/portifolioos-prontos.com\/index.php\/wp-json\/wp\/v2\/product"}],"about":[{"href":"https:\/\/portifolioos-prontos.com\/index.php\/wp-json\/wp\/v2\/types\/product"}],"version-history":[{"count":0,"href":"https:\/\/portifolioos-prontos.com\/index.php\/wp-json\/wp\/v2\/product\/28231\/revisions"}],"wp:featuredmedia":[{"embeddable":true,"href":"https:\/\/portifolioos-prontos.com\/index.php\/wp-json\/wp\/v2\/media\/28234"}],"wp:attachment":[{"href":"https:\/\/portifolioos-prontos.com\/index.php\/wp-json\/wp\/v2\/media?parent=28231"}],"wp:term":[{"taxonomy":"product_cat","embeddable":true,"href":"https:\/\/portifolioos-prontos.com\/index.php\/wp-json\/wp\/v2\/product_cat?post=28231"},{"taxonomy":"product_tag","embeddable":true,"href":"https:\/\/portifolioos-prontos.com\/index.php\/wp-json\/wp\/v2\/product_tag?post=28231"}],"curies":[{"name":"wp","href":"https:\/\/api.w.org\/{rel}","templated":true}]}}