{"id":28236,"date":"2024-07-18T21:01:46","date_gmt":"2024-07-19T00:01:46","guid":{"rendered":"https:\/\/portifolioos-prontos.com\/?post_type=product&#038;p=28236"},"modified":"2025-08-03T17:29:41","modified_gmt":"2025-08-03T20:29:41","slug":"aula-pratica-regionalizacao-do-espaco-mundial","status":"publish","type":"product","link":"https:\/\/portifolioos-prontos.com\/index.php\/product\/aula-pratica-regionalizacao-do-espaco-mundial\/","title":{"rendered":"Aula Pr\u00e1tica Regionaliza\u00e7\u00e3o do espa\u00e7o mundial"},"content":{"rendered":"<h3>Aula Pr\u00e1tica Regionaliza\u00e7\u00e3o do espa\u00e7o mundial<\/h3>\n<hr \/>\n<p>ROTEIRO DE AULA PR\u00c1TICA<br \/>\nNOME DA DISCIPLINA: REGIONALIZA\u00c7\u00c3O DO ESPA\u00c7O MUNDIAL<br \/>\nUnidade: REGI\u00c3O E REGIONALIZA\u00c7\u00c3O<br \/>\nSe\u00e7\u00e3o: Introdu\u00e7\u00e3o ao conceito de regi\u00e3o<br \/>\nOBJETIVOS<br \/>\nDefini\u00e7\u00e3o dos objetivos da aula pr\u00e1tica:<br \/>\n\u2022 Conhecer a plataforma Portal de Mapas do IBGE;<br \/>\n\u2022 Saber localizar mapas das regi\u00f5es do Brasil;<br \/>\n\u2022 Refletir sobre como utilizar os materiais disponibilizados para trabalhar com o conceito<br \/>\nregi\u00e3o.<br \/>\nINFRAESTRUTURA<br \/>\nInstala\u00e7\u00f5es \u2013 Materiais de consumo \u2013 Equipamentos:<br \/>\nLABORAT\u00d3RIO DE INFORM\u00c1TICA<br \/>\nEquipamentos:<br \/>\n\u2022 Desktop Laborat\u00f3rio de Inform\u00e1tica<br \/>\nSOLU\u00c7\u00c3O DIGITAL<br \/>\n\u2022 PORTAL DE MAPAS NO SITE DO IBGE<br \/>\nEQUIPAMENTO DE PROTE\u00c7\u00c3O INDIVIDUAL (EPI)<br \/>\nN\u00e3o se aplica<br \/>\nPROCEDIMENTOS PR\u00c1TICOS<br \/>\nProcedimento\/Atividade n\u00ba 1 (Virtual)<br \/>\nAtividade proposta:<br \/>\nA geografia \u00e9 uma ci\u00eancia que nos permite compreender o mundo atrav\u00e9s de uma perspectiva<br \/>\nespacial e social, analisando as din\u00e2micas territoriais, regionais, dos lugares e espa\u00e7os e as<br \/>\nintera\u00e7\u00f5es entre sociedade e ambiente. Dois conceitos fundamentais que se entrela\u00e7am nesse campo<br \/>\ns\u00e3o o conceito de regi\u00e3o e o de regionaliza\u00e7\u00e3o.<br \/>\nHistoricamente, a ideia de regi\u00e3o pressup\u00f5e uma entidade geogr\u00e1fica concreta, ou seja, um espa\u00e7o<br \/>\ngeogr\u00e1fico bem delimitado. Tem car\u00e1ter m\u00faltiplo, considerando processos, agentes e espa\u00e7os em coconstitui\u00e7\u00e3o.<br \/>\nA regionaliza\u00e7\u00e3o consiste na divis\u00e3o de um espa\u00e7o ou territ\u00f3rio em unidades de \u00e1rea que apresentam<br \/>\ncaracter\u00edsticas que as individualizam ou as diferenciam de outras \u00e1reas; pode ser estabelecida de<br \/>\nacordo com diferentes crit\u00e9rios e considera diferentes objetivos (pol\u00edticos, econ\u00f4micos, administrativos,<br \/>\ndivulga\u00e7\u00e3o de dados estat\u00edsticos, planejamento).<br \/>\nNesse sentido, utilizar o conceito de regionaliza\u00e7\u00e3o pode ser uma ferramenta essencial que nos permite<br \/>\nentender as caracter\u00edsticas singulares de cada regi\u00e3o e as interconex\u00f5es entre elas.<br \/>\nPortanto, voc\u00ea est\u00e1 sendo convidado(a) a explorar os conceitos de regi\u00e3o e regionaliza\u00e7\u00e3o utilizando<br \/>\numa ferramenta de mapas para compreender como localizar mapas tem\u00e1ticos das regi\u00f5es brasileiras.<br \/>\nA utiliza\u00e7\u00e3o dessa ferramenta poder\u00e1 ser um diferencial em sua trajet\u00f3ria profissional futura, onde<br \/>\npoder\u00e1 desenvolver diversas correla\u00e7\u00f5es entre as regi\u00f5es e os aspectos socioecon\u00f4micos e<br \/>\nambientais.<br \/>\nProcedimentos para a realiza\u00e7\u00e3o da atividade:<br \/>\nETAPA 01<br \/>\n\u2022 Conhecer os arquivos disponibilizados no Portal de Mapas no site do IBGE;<br \/>\n\u2022 Observar os mapas interativos (sugest\u00f5es: Popula\u00e7\u00e3o e Ambiente; Mapas F\u00edsicos e Ambientais);<br \/>\n\u2022 Explorar as informa\u00e7\u00f5es acerca dos mesmos.<br \/>\n\u2013 Utilize os conhecimentos pr\u00e9vios e as informa\u00e7\u00f5es obtidas nas aulas sobre racioc\u00ednio geogr\u00e1fico para<br \/>\ncompreender as bases te\u00f3ricas e pr\u00e1ticas da regi\u00e3o e regionaliza\u00e7\u00e3o.<br \/>\nInicie a atividade acessando a ferramenta no site\u00a0<a href=\"https:\/\/portaldemapas.ibge.gov.br\/portal.php#homepage\" rel=\"nofollow\">https:\/\/portaldemapas.ibge.gov.br\/portal.php#homepage<\/a>.<br \/>\nSiga o passo a passo a seguir para extrair as informa\u00e7\u00f5es sobre os mapas tem\u00e1ticos.<br \/>\nFonte:\u00a0<a href=\"https:\/\/portaldemapas.ibge.gov.br\/portal.php#homepage\" rel=\"nofollow\">https:\/\/portaldemapas.ibge.gov.br\/portal.php#homepage<\/a>. Acesso em: 03 jul. 2023.<br \/>\nFonte:\u00a0<a href=\"https:\/\/portaldemapas.ibge.gov.br\/portal.php#homepage\" rel=\"nofollow\">https:\/\/portaldemapas.ibge.gov.br\/portal.php#homepage<\/a>. Acesso em: 03 jul. 2023.<br \/>\nFonte:\u00a0<a href=\"https:\/\/portaldemapas.ibge.gov.br\/portal.php#homepage\" rel=\"nofollow\">https:\/\/portaldemapas.ibge.gov.br\/portal.php#homepage<\/a>. Acesso em: 03 jul. 2023.<br \/>\nFonte:\u00a0<a href=\"https:\/\/mapasinterativos.ibge.gov.br\/sigibge\/\" rel=\"nofollow\">https:\/\/mapasinterativos.ibge.gov.br\/sigibge\/<\/a>. Acesso em: 03 jul. 2023.<br \/>\nFonte:\u00a0<a href=\"https:\/\/mapasinterativos.ibge.gov.br\/sigibge\/\" rel=\"nofollow\">https:\/\/mapasinterativos.ibge.gov.br\/sigibge\/<\/a>. Acesso em: 03 jul. 2023.<br \/>\nETAPA 02<br \/>\n\u2022 Observe os materiais disponibilizados como produtos educacionais, principalmente os mapas<br \/>\nregionais (mudos e tem\u00e1ticos).<br \/>\n\u2022 Os mapas mudos s\u00e3o uma \u00f3tima op\u00e7\u00e3o para atividades de pintura e desenvolver atividades sobre<br \/>\nos elementos dos mapas, enquanto os tem\u00e1ticos possibilitam identificar mais informa\u00e7\u00f5es sobre cada<br \/>\nregi\u00e3o (nomes das unidades federativas e localiza\u00e7\u00e3o de suas capitais).<br \/>\n\u2022 \u00c9 poss\u00edvel realizar o download dos arquivos em PDF para utiliz\u00e1-los posteriormente ou para<br \/>\nrealizar a impress\u00e3o.<br \/>\nFonte:\u00a0<a href=\"https:\/\/portaldemapas.ibge.gov.br\/portal.php#homepage\" rel=\"nofollow\">https:\/\/portaldemapas.ibge.gov.br\/portal.php#homepage<\/a>. Acesso em: 03 jul. 2023.<br \/>\nFonte:\u00a0<a href=\"https:\/\/portaldemapas.ibge.gov.br\/portal.php#homepage\" rel=\"nofollow\">https:\/\/portaldemapas.ibge.gov.br\/portal.php#homepage<\/a>. Acesso em: 03 jul. 2023.<br \/>\nFonte:\u00a0<a href=\"https:\/\/portaldemapas.ibge.gov.br\/portal.php#homepage\" rel=\"nofollow\">https:\/\/portaldemapas.ibge.gov.br\/portal.php#homepage<\/a>. Acesso em: 03 jul. 2023.<br \/>\n\u2022 Agora acesse o site\u00a0<a href=\"https:\/\/portaldemapas.ibge.gov.br\/\" rel=\"nofollow\">https:\/\/portaldemapas.ibge.gov.br<\/a>\u00a0e explore os mapas da sua regi\u00e3o.<br \/>\n\u2022 Reflita sobre as poss\u00edveis formas de utilizar os materiais explorados durante as aulas que abordam<br \/>\no conceito regi\u00e3o.<br \/>\n\u2022 Selecione um dos mapas dispon\u00edveis sobre a sua regi\u00e3o.<br \/>\n\u2022 Defina os conte\u00fados que poderiam ser trabalhados a partir do mapa escolhido e elabore um plano<br \/>\nde aula para uma turma de 7\u00ba ano do Ensino Fundamental. Nesse plano deve conter as informa\u00e7\u00f5es<br \/>\nconforme o modelo:<br \/>\nIDENTIFICA\u00c7\u00c3O<br \/>\nProfessor(a):<br \/>\nS\u00e9rie:<br \/>\nTema da aula<br \/>\nObjetivos da aula<br \/>\nAtividades a serem<br \/>\ndesenvolvidas<br \/>\nAvalia\u00e7\u00e3o<br \/>\nMaterial necess\u00e1rio<br \/>\nRefer\u00eancias<br \/>\n\u2022 Agora pense que voc\u00ea ir\u00e1 ministrar uma aula com esse mapa e prepare o material (slides) e as<br \/>\natividades avaliativas a serem aplicadas aos alunos. Aten\u00e7\u00e3o ao modelo de entrega dos materiais,<br \/>\nque ser\u00e1 em WORD ou PDF, num ARQUIVO \u00daNICO, portanto se optar por fazer os slides no<br \/>\npower point voc\u00ea dever\u00e1 copiar e colar no arquivo word para salvar e fazer a entrega de um \u00fanico<br \/>\narquivo.<br \/>\n\u2022 Os materiais a serem entregues s\u00e3o: Mapa escolhido, plano de aula e materiais (slides) e<br \/>\natividades avaliativas a serem aplicadas aos alunos (tudo em um \u00fanico arquivo).<br \/>\nEssa atividade dever\u00e1 ser entregue e proporcionar\u00e1 a voc\u00ea uma oportunidade para aplicar os<br \/>\nconhecimentos de racioc\u00ednio geogr\u00e1fico sobre a utiliza\u00e7\u00e3o de mapas. Al\u00e9m disso, permitir\u00e1 uma<br \/>\nreflex\u00e3o mais aprofundada de como abordar os conceitos geogr\u00e1ficos em sala de aula,<br \/>\ncontribuindo para uma vis\u00e3o mais ampla da atua\u00e7\u00e3o profissional.<br \/>\nChecklist:<br \/>\nResgate a s\u00edntese que voc\u00ea desenvolveu na atividade pr\u00e1tica<br \/>\nPesquise sobre as caracter\u00edsticas da sua regi\u00e3o.<br \/>\nReflita sobre o papel do professor de Geografia para a promo\u00e7\u00e3o da valoriza\u00e7\u00e3o regional.<br \/>\nRESULTADOS<br \/>\nResultados de Aprendizagem:<br \/>\nSer capaz de conhecer a plataforma de mapas do IBGE e a partir das ferramentas disponibilizadas,<br \/>\nelaborar material para lecionar nas s\u00e9ries finais do Ensino Fundamental.<br \/>\nNORMAS PARA ELABORA\u00c7\u00c3O E ENTREGA DO RELAT\u00d3RIO DE ATIVIDADE PR\u00c1TICA<br \/>\nOl\u00e1, estudante. Tudo bem?<br \/>\nAs atividades pr\u00e1ticas visam desenvolver compet\u00eancias para a atua\u00e7\u00e3o profissional. Elas s\u00e3o<br \/>\nimportantes para que voc\u00ea vivencie situa\u00e7\u00f5es que te preparar\u00e3o para o mercado de trabalho.<br \/>\nPor isso, trazemos informa\u00e7\u00f5es para que voc\u00ea possa realizar as atividades propostas com \u00eaxito.<br \/>\n1. Que atividade dever\u00e1 ser feita?<br \/>\n\u2022 A(s) atividades a ser(em) realizada(s) est\u00e3o descritas no Roteiro de Atividade Pr\u00e1tica, dispon\u00edvel<br \/>\nno AVA.<br \/>\n\u2022 Ap\u00f3s a leitura do Roteiro, voc\u00ea dever\u00e1 realizar a(s) atividade(s) pr\u00e1tica(s) solicitadas e elaborar<br \/>\num documento \u00daNICO contendo todas as resolu\u00e7\u00f5es de acordo com a proposta estabelecida.<br \/>\n\u2022 O trabalho deve ser aut\u00eantico e contemplar todas as resolu\u00e7\u00f5es das atividades propostas. N\u00e3o<br \/>\nser\u00e3o aceitos trabalhos com reprodu\u00e7\u00e3o de materiais extra\u00eddos da internet.<br \/>\n2. Como farei a entrega dessa atividade?<br \/>\n\u2022 Voc\u00ea dever\u00e1 postar seu trabalho final no AVA, na pasta espec\u00edfica relacionada \u00e0 atividade pr\u00e1tica,<br \/>\nobedecendo o prazo limite de postagem, conforme disposto no AVA.<br \/>\n\u2022 Todas as resolu\u00e7\u00f5es das atividades pr\u00e1ticas devem ser entregues em um ARQUIVO \u00daNICO de<br \/>\nat\u00e9 10 MB.<br \/>\n\u2022 O trabalho deve ser enviado em formato Word ou PDF, exceto nos casos em que h\u00e1 formato<br \/>\nespecificado no Roteiro.<br \/>\n\u2022 O sistema permite anexar apenas um arquivo. Caso haja mais de uma postagem, ser\u00e1<br \/>\nconsiderada a \u00faltima vers\u00e3o.<br \/>\nIMPORTANTE:<br \/>\n\u2022 A entrega da atividade, de acordo com a proposta solicitada, \u00e9 um crit\u00e9rio de aprova\u00e7\u00e3o na<br \/>\ndisciplina.<br \/>\n\u2022 N\u00e3o h\u00e1 prorroga\u00e7\u00e3o para a postagem da atividade.<br \/>\nAproveite essa oportunidade para aprofundar ainda mais seus conhecimentos<\/p>\n<p>Aula Pr\u00e1tica Regionaliza\u00e7\u00e3o do espa\u00e7o mundial<\/p>\n<div class=\"elementor-toggle-item\">\n<div class=\"elementor-toggle-item\">\n<p id=\"elementor-tab-title-1941\" class=\"elementor-tab-title elementor-active\" tabindex=\"0\" role=\"tab\" data-tab=\"1\" aria-controls=\"elementor-tab-content-1941\" aria-expanded=\"true\" aria-selected=\"true\"><strong>Como funciona?<\/strong><\/p>\n<p>Elaboramos os portf\u00f3lios, j\u00e1 deixamos prontos, nas normas da ABNT e conforme os requisitos da universidade. F\u00e1cil assim! O MELHOR \u00c9 QUE VOC\u00ca COMPRA E J\u00c1 BAIXA NA HORA O SEU ARQUIVO EM WORD! Sabemos que conciliar trabalho, fam\u00edlia, vida profissional e estudos \u00e9 dif\u00edcil hoje em dia, por isso, estamos aqui para ajudar voc\u00ea. Conte com nossa qualidade, experi\u00eancia e profissionalismo adquirindo seu portf\u00f3lio conosco. GARANTIMOS SEU CONCEITO!<\/p>\n<p><strong>Como se realizam os envios?<\/strong><\/p>\n<\/div>\n<p id=\"elementor-tab-content-1942\" class=\"elementor-tab-content elementor-clearfix elementor-active\" role=\"tabpanel\" data-tab=\"2\" aria-labelledby=\"elementor-tab-title-1942\">O seu trabalho \u00e9 disponibilizado pronto, respondido e nas normas j\u00e1 na mesma hora aqui em nosso site na sua \u00e1rea de downloads e tamb\u00e9m no seu e-mail.<\/p>\n<p><strong>Em quanto tempo recebo o portf\u00f3lio?<\/strong><\/p>\n<p>Os envios s\u00e3o imediatos. Ap\u00f3s sua compra, o trabalho j\u00e1 \u00e9 disponibilizado instantaneamente aqui em nosso site e no seu e-mail.<\/p>\n<p><strong>E se o portf\u00f3lio que comprei precisar de corre\u00e7\u00e3o?<\/strong><\/p>\n<p>Caso haja alguma solicita\u00e7\u00e3o de corre\u00e7\u00e3o\/altera\u00e7\u00e3o por parte do tutor, basta entrar em contato conosco pelo\u00a0WhatsApp\u00a0que provid\u00eanciaremos sem custo algum.<\/p>\n<p><strong>Qual o formato do arquivo?<\/strong><\/p>\n<p>Os arquivos s\u00e3o enviados em formato Word e s\u00e3o edit\u00e1veis.<\/p>\n<p><strong>Caso eu tiver alguma d\u00favida, terei suporte no p\u00f3s venda?<\/strong><\/p>\n<p>Sim, com certeza. Basta clicar no \u00edcone do WhatsApp no cantinho da tela. Ser\u00e1 um prazer atend\u00ea-lo(a).<\/p>\n<div id=\"elementor-tab-content-1948\" class=\"elementor-tab-content elementor-clearfix elementor-active\" role=\"tabpanel\" data-tab=\"8\" aria-labelledby=\"elementor-tab-title-1948\">\n<p><strong>Quais os seus canais de contato?<\/strong><\/p>\n<\/div>\n<div id=\"elementor-tab-content-1949\" class=\"elementor-tab-content elementor-clearfix elementor-active\" role=\"tabpanel\" data-tab=\"9\" aria-labelledby=\"elementor-tab-title-1949\">\n<p>Whatsapp: 53 984751621 \u2013 Clicar no canto da tela ou ESCANEIE O QRCODE ABAIXO<\/p>\n<h4><img decoding=\"async\" class=\"alignnone wp-image-13699 jetpack-lazy-image jetpack-lazy-image--handled\" src=\"https:\/\/i0.wp.com\/portifolioos-prontos.com\/wp-content\/uploads\/2023\/02\/whatsapp-business-projeto-de-extensao-300x300.jpeg?resize=144%2C144\" sizes=\"(max-width: 144px) 100vw, 144px\" srcset=\"https:\/\/i0.wp.com\/portifolioos-prontos.com\/wp-content\/uploads\/2023\/02\/whatsapp-business-projeto-de-extensao.jpeg?resize=300%2C301&amp;ssl=1 300w, https:\/\/i0.wp.com\/portifolioos-prontos.com\/wp-content\/uploads\/2023\/02\/whatsapp-business-projeto-de-extensao.jpeg?resize=150%2C150&amp;ssl=1 150w, https:\/\/i0.wp.com\/portifolioos-prontos.com\/wp-content\/uploads\/2023\/02\/whatsapp-business-projeto-de-extensao.jpeg?resize=370%2C372&amp;ssl=1 370w, https:\/\/i0.wp.com\/portifolioos-prontos.com\/wp-content\/uploads\/2023\/02\/whatsapp-business-projeto-de-extensao.jpeg?resize=100%2C100&amp;ssl=1 100w, https:\/\/i0.wp.com\/portifolioos-prontos.com\/wp-content\/uploads\/2023\/02\/whatsapp-business-projeto-de-extensao.jpeg?w=470&amp;ssl=1 470w\" alt=\"projeto de extens\u00e3o unopar\" width=\"144\" height=\"144\" data-lazy-loaded=\"1\" \/><\/h4>\n<\/div>\n<div class=\"elementor-toggle-item\">\n<div id=\"elementor-tab-content-1949\" class=\"elementor-tab-content elementor-clearfix elementor-active\" role=\"tabpanel\" data-tab=\"9\" aria-labelledby=\"elementor-tab-title-1949\">\n<p>E-mail:portifoliosp@gmail.com<\/p>\n<div id=\"attachment_143\" class=\"wp-caption alignnone\">\n<div id=\"attachment_143\" class=\"wp-caption alignnone\">\n<p id=\"caption-attachment-143\" class=\"wp-caption-text\"><a href=\"http:\/\/portfolio-pronto.com\/\">Portf\u00f3lio<\/a>\u00a0em Word, respondido, completo e j\u00e1 nas normas<\/p>\n<\/div>\n<\/div>\n<\/div>\n<\/div>\n<\/div>\n","protected":false},"excerpt":{"rendered":"<div class=\"product-short-description\">\n<div class=\"product-short-description\">\n<p><strong>Pague pelo PIX ou cart\u00e3o e fa\u00e7a o download agora mesmo.<\/strong><\/p>\n<\/div>\n<div class=\"sticky-add-to-cart-wrapper\">\n<div class=\"sticky-add-to-cart\">\n<p class=\"quantity buttons_added form-flat\"><img decoding=\"async\" class=\"lazyloaded smush-image-5 smush-image-3 smush-image-4 smush-detected-img smush-image-bigger-3\" src=\"https:\/\/d26lpennugtm8s.cloudfront.net\/assets\/common\/img\/logos\/payment\/visa@2x.png\" width=\"46\" height=\"29\" data-src=\"https:\/\/d26lpennugtm8s.cloudfront.net\/assets\/common\/img\/logos\/payment\/visa@2x.png\" \/><img decoding=\"async\" class=\"lazyloaded smush-image-6 smush-image-4 smush-image-5 smush-detected-img smush-image-bigger-4\" src=\"https:\/\/d26lpennugtm8s.cloudfront.net\/assets\/common\/img\/logos\/payment\/boleto@2x.png\" width=\"43\" height=\"27\" data-src=\"https:\/\/d26lpennugtm8s.cloudfront.net\/assets\/common\/img\/logos\/payment\/boleto@2x.png\" \/><img loading=\"lazy\" decoding=\"async\" class=\"lazyloaded smush-image-7 smush-image-5 smush-image-6 smush-detected-img smush-image-bigger-5\" src=\"https:\/\/d26lpennugtm8s.cloudfront.net\/assets\/common\/img\/logos\/payment\/mastercard@2x.png\" width=\"43\" height=\"27\" data-src=\"https:\/\/d26lpennugtm8s.cloudfront.net\/assets\/common\/img\/logos\/payment\/mastercard@2x.png\" \/><img loading=\"lazy\" decoding=\"async\" class=\"lazyloaded smush-image-8 smush-image-6 smush-image-7 smush-detected-img smush-image-bigger-6\" src=\"https:\/\/d26lpennugtm8s.cloudfront.net\/assets\/common\/img\/logos\/payment\/amex@2x.png\" width=\"43\" height=\"27\" data-src=\"https:\/\/d26lpennugtm8s.cloudfront.net\/assets\/common\/img\/logos\/payment\/amex@2x.png\" \/><img loading=\"lazy\" decoding=\"async\" class=\"lazyloaded smush-image-9 smush-image-7 smush-image-8 smush-detected-img smush-image-bigger-7\" src=\"https:\/\/d26lpennugtm8s.cloudfront.net\/assets\/common\/img\/logos\/payment\/diners@2x.png\" width=\"46\" height=\"29\" data-src=\"https:\/\/d26lpennugtm8s.cloudfront.net\/assets\/common\/img\/logos\/payment\/diners@2x.png\" \/><img loading=\"lazy\" decoding=\"async\" class=\"lazyloaded smush-image-10 smush-image-8 smush-image-9 alignnone smush-detected-img smush-image-bigger-8\" src=\"https:\/\/d26lpennugtm8s.cloudfront.net\/assets\/common\/img\/logos\/payment\/br\/elo@2x.png\" alt=\"portf\u00f3lio unopar anhanguera\" width=\"45\" height=\"28\" data-src=\"https:\/\/d26lpennugtm8s.cloudfront.net\/assets\/common\/img\/logos\/payment\/br\/elo@2x.png\" \/><img loading=\"lazy\" decoding=\"async\" class=\"lazyloaded smush-image-11 smush-image-9 smush-image-10 alignnone smush-detected-img smush-image-bigger-9\" src=\"https:\/\/d26lpennugtm8s.cloudfront.net\/assets\/common\/img\/logos\/payment\/br\/hipercard@2x.png\" alt=\"portf\u00f3lio unopar anhanguera\" width=\"44\" height=\"28\" data-src=\"https:\/\/d26lpennugtm8s.cloudfront.net\/assets\/common\/img\/logos\/payment\/br\/hipercard@2x.png\" \/><img loading=\"lazy\" decoding=\"async\" class=\"lazyloaded smush-image-12 smush-image-10 smush-image-11 alignnone smush-detected-img smush-image-bigger-10\" src=\"https:\/\/d26lpennugtm8s.cloudfront.net\/assets\/common\/img\/logos\/payment\/mercadopago@2x.png\" alt=\"portf\u00f3lio unopar anhanguera\" width=\"45\" height=\"28\" data-src=\"https:\/\/d26lpennugtm8s.cloudfront.net\/assets\/common\/img\/logos\/payment\/mercadopago@2x.png\" \/><img loading=\"lazy\" decoding=\"async\" class=\"alignnone lazyloaded smush-detected-img smush-image-bigger-11\" src=\"https:\/\/futurium.com.br\/wp-content\/uploads\/2021\/06\/logo-pix-icone-512.png\" alt=\"portfolio pronto\" width=\"30\" height=\"30\" data-src=\"https:\/\/futurium.com.br\/wp-content\/uploads\/2021\/06\/logo-pix-icone-512.png\" \/><\/p>\n<\/div>\n<\/div>\n<\/div>\n","protected":false},"featured_media":28239,"template":"","meta":{"_seopress_robots_primary_cat":"","_seopress_titles_title":"%%post_title%% %%sitetitle%%","_seopress_titles_desc":"%%post_content%%","_seopress_robots_index":""},"product_cat":[15],"product_tag":[],"class_list":{"0":"post-28236","1":"product","2":"type-product","3":"status-publish","4":"has-post-thumbnail","6":"product_cat-uncategorized","8":"first","9":"instock","10":"shipping-taxable","11":"purchasable","12":"product-type-simple","13":"col-xs-6 col-sm-4","14":"col-mf-5","15":"un-5-cols"},"jetpack_sharing_enabled":true,"_links":{"self":[{"href":"https:\/\/portifolioos-prontos.com\/index.php\/wp-json\/wp\/v2\/product\/28236","targetHints":{"allow":["GET"]}}],"collection":[{"href":"https:\/\/portifolioos-prontos.com\/index.php\/wp-json\/wp\/v2\/product"}],"about":[{"href":"https:\/\/portifolioos-prontos.com\/index.php\/wp-json\/wp\/v2\/types\/product"}],"version-history":[{"count":0,"href":"https:\/\/portifolioos-prontos.com\/index.php\/wp-json\/wp\/v2\/product\/28236\/revisions"}],"wp:featuredmedia":[{"embeddable":true,"href":"https:\/\/portifolioos-prontos.com\/index.php\/wp-json\/wp\/v2\/media\/28239"}],"wp:attachment":[{"href":"https:\/\/portifolioos-prontos.com\/index.php\/wp-json\/wp\/v2\/media?parent=28236"}],"wp:term":[{"taxonomy":"product_cat","embeddable":true,"href":"https:\/\/portifolioos-prontos.com\/index.php\/wp-json\/wp\/v2\/product_cat?post=28236"},{"taxonomy":"product_tag","embeddable":true,"href":"https:\/\/portifolioos-prontos.com\/index.php\/wp-json\/wp\/v2\/product_tag?post=28236"}],"curies":[{"name":"wp","href":"https:\/\/api.w.org\/{rel}","templated":true}]}}