{"id":28246,"date":"2024-07-18T21:10:58","date_gmt":"2024-07-19T00:10:58","guid":{"rendered":"https:\/\/portifolioos-prontos.com\/?post_type=product&#038;p=28246"},"modified":"2025-05-17T17:14:22","modified_gmt":"2025-05-17T20:14:22","slug":"aula-pratica-operacoes-unitarias","status":"publish","type":"product","link":"https:\/\/portifolioos-prontos.com\/index.php\/product\/aula-pratica-operacoes-unitarias\/","title":{"rendered":"Aula Pr\u00e1tica Opera\u00e7\u00f5es Unit\u00e1rias"},"content":{"rendered":"<p>Aula Pr\u00e1tica Opera\u00e7\u00f5es Unit\u00e1rias<\/p>\n<hr \/>\n<p>ROTEIRO DE AULA PR\u00c1TICA<br \/>\nNOME DA DISCIPLINA: OPERA\u00c7\u00d5ES UNIT\u00c1RIAS<br \/>\nUnidade: INTRODU\u00c7\u00c3O A OPERA\u00c7\u00d5ES UNIT\u00c1RIAS, BOMBAS E COMPRESSORES<br \/>\nSe\u00e7\u00e3o: Compressores<br \/>\nOBJETIVOS<br \/>\nDefini\u00e7\u00e3o dos objetivos da aula pr\u00e1tica:<br \/>\nRealizar medidas de perda de carga em diferentes acess\u00f3rios. Ir\u00e1 verificar na pr\u00e1tica a influ\u00eancia<br \/>\nda vaz\u00e3o de \u00e1gua que passa pelo acess\u00f3rio e a sua perda de carga. Ir\u00e1 verificar tamb\u00e9m o<br \/>\ncomportamento de perda de carga com o fechamento parcial de uma v\u00e1lvula.<br \/>\nSOLU\u00c7\u00c3O DIGITAL<br \/>\n\u2022 ALGETEC \u2013 ENGENHARIAS E ARQUITETURA \u2013 MEC\u00c2NICA DOS FLUIDOS (Simulador)<br \/>\nOs Laborat\u00f3rios Virtuais Algetec s\u00e3o simuladores digitais que replicam, com alto grau de<br \/>\nfidelidade, as pr\u00e1ticas realizadas em um laborat\u00f3rio f\u00edsico.<\/p>\n<p>PROCEDIMENTOS PR\u00c1TICOS<br \/>\nProcedimento\/Atividade n\u00ba 2 (Virtual)<br \/>\nAtividade proposta:<br \/>\nRealizar medidas de perda de carga em diferentes acess\u00f3rios. Ir\u00e1 verificar na pr\u00e1tica a<br \/>\ninflu\u00eancia da vaz\u00e3o de \u00e1gua que passa pelo acess\u00f3rio e a sua perda de carga. Ir\u00e1 verificar<br \/>\ntamb\u00e9m o comportamento de perda de carga com o fechamento parcial de uma v\u00e1lvula.<br \/>\nProcedimentos para a realiza\u00e7\u00e3o da atividade:<br \/>\n1 \u2013 No Algetec, acesse laborat\u00f3rio de mec\u00e2nica dos fluidos e clique em Perda de Carga<br \/>\nLocalizada. Posicione as v\u00e1lvulas de modo que a \u00e1gua seja direcionada para os acidentes<br \/>\ncotovelos, curvas, placa de orif\u00edcio, tubo de venture, \u2026) que ser\u00e3o utilizados nessa pr\u00e1tica<br \/>\n2 \u2013 Para o acidente, abra a vaz\u00e3o de \u00e1gua, deixei com que ultrapasse o acidente e leia a perda<br \/>\nde carga apontada pelo man\u00f4metro em U.<br \/>\n3<br \/>\n3 \u2013 Ajustando as v\u00e1lvulas, repita o procedimento para todas os acidentes dispon\u00edveis em seu<br \/>\nequipamento para que o experimento seja executado.<br \/>\n4 \u2013 Com base nas perdas de carga anotadas, interprete os resultados e avalie o experimento.<br \/>\nChecklist:<br \/>\n1 \u2013 Anote a perda de carga para todas as tubula\u00e7\u00f5es com diferentes acidentes dispon\u00edveis para<br \/>\na execu\u00e7\u00e3o do experimento;<br \/>\n2 \u2013 Anote a perda de carga para cada tipo de acidente;<br \/>\n3 \u2013 Compare e conclua os fen\u00f4menos observados no experimento.<br \/>\nRESULTADOS<br \/>\nResultados de Aprendizagem:<br \/>\nSer capaz de identificar o comportamento de perda de carga com a varia\u00e7\u00e3o da vaz\u00e3o;<br \/>\nCompreender o comportamento de perda de carga com fechamento de uma v\u00e1lvula;<br \/>\nAnalisar quais s\u00e3o os acess\u00f3rios que causam a maior perda de carga em uma instala\u00e7\u00e3o<br \/>\nhidr\u00e1ulica.<br \/>\n2<br \/>\nROTEIRO DE AULA PR\u00c1TICA<br \/>\nNOME DA DISCIPLINA: OPERA\u00c7\u00d5ES UNIT\u00c1RIAS<br \/>\nUnidade: DIN\u00c2MICA DOS SISTEMAS S\u00d3LIDO-FLUIDO<br \/>\nSe\u00e7\u00e3o: Ciclones e centrifugas<br \/>\nOBJETIVOS<br \/>\nDefini\u00e7\u00e3o dos objetivos da aula pr\u00e1tica:<br \/>\nAnalisar o comportamento de duas bombas operadas individualmente e associadas em s\u00e9rie ou<br \/>\nem paralelo.<br \/>\nSOLU\u00c7\u00c3O DIGITAL<br \/>\n\u2022 ALGETEC \u2013 ENGENHARIAS E ARQUITETURA \u2013 MEC\u00c2NICA DOS FLUIDOS (Simulador)<br \/>\nOs Laborat\u00f3rios Virtuais Algetec s\u00e3o simuladores digitais que replicam, com alto grau de<br \/>\nfidelidade, as pr\u00e1ticas realizadas em um laborat\u00f3rio f\u00edsico.<\/p>\n<p>PROCEDIMENTOS PR\u00c1TICOS<br \/>\nProcedimento\/Atividade n\u00ba 2 (Virtual)<br \/>\nAtividade proposta:<br \/>\nAnalisar o comportamento de duas bombas operadas individualmente e associadas em s\u00e9rie ou<br \/>\nem paralelo.<br \/>\nProcedimentos para a realiza\u00e7\u00e3o da atividade:<br \/>\nNo Algetec, acesse laborat\u00f3rio de mec\u00e2nica dos fluidos e clique em Associa\u00e7\u00e3o de Bombas.<br \/>\n3<br \/>\nNessa pr\u00e1tica podemos determinar:<br \/>\n1. Desempenho da bomba 1 com velocidade fixa;<br \/>\n2. Desempenho da bomba 2 com a mesma velocidade fixa;<br \/>\n3. Desempenho de uma bomba isolada, utilizando tr\u00eas velocidades;<br \/>\n4. Desempenho de duas bombas em s\u00e9rie, com velocidade fixa;<br \/>\n5. Desempenho de duas bombas em s\u00e9rie, com velocidades diferentes;<br \/>\n6. Desempenho de duas bombas em paralelo, com velocidade fixa;<br \/>\n7. Desempenho de duas bombas em paralelo, com velocidades diferentes.<br \/>\nProcedimento Experimental<br \/>\na) Configure as v\u00e1lvulas para um ensaio bombas em s\u00e9rie.<br \/>\nb) Ajuste a velocidade requerida para a bomba.<br \/>\nc) Ligue a chave de alimenta\u00e7\u00e3o.<br \/>\nd) Ajuste a vaz\u00e3o de sa\u00edda com ajuste da v\u00e1lvula de gaveta no lado da sa\u00edda das bombas. \u00c9<br \/>\nconveniente iniciar com a v\u00e1lvula completamente aberta. Me\u00e7a a vaz\u00e3o usando o rot\u00e2metro da<br \/>\nbancada hidr\u00e1ulica.<br \/>\ne) Leia a press\u00e3o de sa\u00edda de cada bomba. Certifique-se de que a v\u00e1lvula esteja fechada<br \/>\nap\u00f3s cada medi\u00e7\u00e3o.<br \/>\nf) Fa\u00e7a uma tabela para inserir os resultados.<br \/>\ng) Repita para v\u00e1rias vaz\u00f5es diferentes at\u00e9 que a v\u00e1lvula de controle esteja completamente<br \/>\n4<br \/>\nfechada.<br \/>\nh) Me\u00e7a a diferen\u00e7a de altura entre a superf\u00edcie da \u00e1gua dentro do reservat\u00f3rio e a entrada da<br \/>\nbomba. Calcule a press\u00e3o de entrada.<br \/>\ni) Calcule a eleva\u00e7\u00e3o de press\u00e3o atrav\u00e9s da bomba.<br \/>\nj) Gere um gr\u00e1fico da eleva\u00e7\u00e3o de press\u00e3o com rela\u00e7\u00e3o vaz\u00e3o.<br \/>\nk) Se necess\u00e1rio, calcule e gere o gr\u00e1fico da efici\u00eancia global do sistema de bombeamento.<br \/>\nI) Repita o experimento para a configura\u00e7\u00e3o de bombas em paralelo.<br \/>\nChecklist:<br \/>\n1 ) Configure o equipamento para bombas em s\u00e9rie;<br \/>\n2 ) Execute o procedimento de modo a obter dado de altura manom\u00e9trica versus a vaz\u00e3o de<br \/>\n\u00e1gua;<br \/>\n3) Colete dados;<br \/>\n4 ) Configure para associa\u00e7\u00e3o em paralelo;<br \/>\n5) Execute o procedimento de modo a obter dado de altura manom\u00e9trica versus a vaz\u00e3o de<br \/>\n\u00e1gua;<br \/>\n6) Colete dados;<br \/>\n7) Construa os gr\u00e1ficos e discuta os resultados.<br \/>\nRESULTADOS<br \/>\nResultados de Aprendizagem:<br \/>\nSaber executar o levantamento da curva de uma bomba centr\u00edfuga;<br \/>\nDeterminar a curva de desempenho de uma associa\u00e7\u00e3o de bombas em s\u00e9rie e em paralelo;<br \/>\nCompreender atrav\u00e9s de compara\u00e7\u00e3o os resultados obtidos nas medi\u00e7\u00f5es com os valores<br \/>\nte\u00f3ricos esperados<\/p>\n<div class=\"elementor-toggle-item\">\n<h4 id=\"elementor-tab-title-1941\" class=\"elementor-tab-title elementor-active\" tabindex=\"0\" role=\"tab\" data-tab=\"1\" aria-controls=\"elementor-tab-content-1941\" aria-expanded=\"true\" aria-selected=\"true\">Como funciona?<\/h4>\n<div id=\"elementor-tab-content-1941\" class=\"elementor-tab-content elementor-clearfix elementor-active\" role=\"tabpanel\" data-tab=\"1\" aria-labelledby=\"elementor-tab-title-1941\">\n<p>Elaboramos os portf\u00f3lios, j\u00e1 deixamos prontos, nas normas da ABNT e conforme os requisitos da universidade. F\u00e1cil assim! O MELHOR \u00c9 QUE VOC\u00ca COMPRA E J\u00c1 BAIXA NA HORA O SEU ARQUIVO EM WORD! Sabemos que conciliar trabalho, fam\u00edlia, vida profissional e estudos \u00e9 dif\u00edcil hoje em dia, por isso, estamos aqui para ajudar voc\u00ea. Conte com nossa qualidade, experi\u00eancia e profissionalismo adquirindo seu portf\u00f3lio conosco. GARANTIMOS SEU CONCEITO!<\/p>\n<h4>Como se realizam os envios?<\/h4>\n<\/div>\n<\/div>\n<div class=\"elementor-toggle-item\">\n<div id=\"elementor-tab-content-1942\" class=\"elementor-tab-content elementor-clearfix elementor-active\" role=\"tabpanel\" data-tab=\"2\" aria-labelledby=\"elementor-tab-title-1942\">O seu trabalho \u00e9 disponibilizado pronto, respondido e nas normas j\u00e1 na mesma hora aqui em nosso site na sua \u00e1rea de downloads e tamb\u00e9m no seu e-mail.<\/div>\n<\/div>\n<div class=\"elementor-toggle-item\">\n<div id=\"elementor-tab-content-1943\" class=\"elementor-tab-content elementor-clearfix elementor-active\" role=\"tabpanel\" data-tab=\"3\" aria-labelledby=\"elementor-tab-title-1943\">\n<h4>Em quanto tempo recebo o portf\u00f3lio?<\/h4>\n<\/div>\n<\/div>\n<div class=\"elementor-toggle-item\">\n<div id=\"elementor-tab-content-1944\" class=\"elementor-tab-content elementor-clearfix elementor-active\" role=\"tabpanel\" data-tab=\"4\" aria-labelledby=\"elementor-tab-title-1944\">\n<p>Os envios s\u00e3o imediatos. Ap\u00f3s sua compra, o trabalho j\u00e1 \u00e9 disponibilizado instantaneamente aqui em nosso site e no seu e-mail.<\/p>\n<h4>E se o portf\u00f3lio que comprei precisar de corre\u00e7\u00e3o?<\/h4>\n<\/div>\n<\/div>\n<div class=\"elementor-toggle-item\">\n<div id=\"elementor-tab-content-1945\" class=\"elementor-tab-content elementor-clearfix elementor-active\" role=\"tabpanel\" data-tab=\"5\" aria-labelledby=\"elementor-tab-title-1945\">\n<p>Caso haja alguma solicita\u00e7\u00e3o de corre\u00e7\u00e3o\/altera\u00e7\u00e3o por parte do tutor, basta entrar em contato conosco pelo\u00a0WhatsApp\u00a0que provid\u00eanciaremos sem custo algum.<\/p>\n<h4>Qual o formato do arquivo?<\/h4>\n<\/div>\n<\/div>\n<div class=\"elementor-toggle-item\">\n<div id=\"elementor-tab-content-1946\" class=\"elementor-tab-content elementor-clearfix elementor-active\" role=\"tabpanel\" data-tab=\"6\" aria-labelledby=\"elementor-tab-title-1946\">\n<p>Os arquivos s\u00e3o enviados em formato Word e s\u00e3o edit\u00e1veis.<\/p>\n<h4>Caso eu tiver alguma d\u00favida, terei suporte no p\u00f3s venda?<\/h4>\n<\/div>\n<\/div>\n<div class=\"elementor-toggle-item\">\n<div id=\"elementor-tab-content-1948\" class=\"elementor-tab-content elementor-clearfix elementor-active\" role=\"tabpanel\" data-tab=\"8\" aria-labelledby=\"elementor-tab-title-1948\">\n<p>Sim, com certeza. Basta clicar no \u00edcone do WhatsApp no cantinho da tela. Ser\u00e1 um prazer atend\u00ea-lo(a).<\/p>\n<div class=\"elementor-toggle-item\">\n<div id=\"elementor-tab-content-1948\" class=\"elementor-tab-content elementor-clearfix elementor-active\" role=\"tabpanel\" data-tab=\"8\" aria-labelledby=\"elementor-tab-title-1948\">\n<h4>Quais os seus canais de contato?<\/h4>\n<\/div>\n<\/div>\n<div class=\"elementor-toggle-item\">\n<div id=\"elementor-tab-content-1949\" class=\"elementor-tab-content elementor-clearfix elementor-active\" role=\"tabpanel\" data-tab=\"9\" aria-labelledby=\"elementor-tab-title-1949\">\n<p>Whatsapp: 53 984751621 \u2013 Clicar no canto da tela ou ESCANEIE O QRCODE ABAIXO<\/p>\n<h4><img decoding=\"async\" class=\"alignnone wp-image-13699 jetpack-lazy-image jetpack-lazy-image--handled smush-detected-img smush-image-1 smush-image-2\" src=\"https:\/\/i0.wp.com\/portifolioos-prontos.com\/wp-content\/uploads\/2023\/02\/whatsapp-business-projeto-de-extensao-300x300.jpeg?resize=144%2C144\" sizes=\"(max-width: 144px) 100vw, 144px\" srcset=\"https:\/\/i0.wp.com\/portifolioos-prontos.com\/wp-content\/uploads\/2023\/02\/whatsapp-business-projeto-de-extensao.jpeg?resize=300%2C301&amp;ssl=1 300w, https:\/\/i0.wp.com\/portifolioos-prontos.com\/wp-content\/uploads\/2023\/02\/whatsapp-business-projeto-de-extensao.jpeg?resize=150%2C150&amp;ssl=1 150w, https:\/\/i0.wp.com\/portifolioos-prontos.com\/wp-content\/uploads\/2023\/02\/whatsapp-business-projeto-de-extensao.jpeg?resize=370%2C372&amp;ssl=1 370w, https:\/\/i0.wp.com\/portifolioos-prontos.com\/wp-content\/uploads\/2023\/02\/whatsapp-business-projeto-de-extensao.jpeg?resize=100%2C100&amp;ssl=1 100w, https:\/\/i0.wp.com\/portifolioos-prontos.com\/wp-content\/uploads\/2023\/02\/whatsapp-business-projeto-de-extensao.jpeg?w=470&amp;ssl=1 470w\" alt=\"projeto de extens\u00e3o unopar\" width=\"144\" height=\"144\" data-lazy-loaded=\"1\" \/><\/h4>\n<\/div>\n<\/div>\n<\/div>\n<\/div>\n<div class=\"elementor-toggle-item\">\n<div id=\"elementor-tab-content-1949\" class=\"elementor-tab-content elementor-clearfix elementor-active\" role=\"tabpanel\" data-tab=\"9\" aria-labelledby=\"elementor-tab-title-1949\">\n<p>E-mail:portifoliosp@gmail.com<\/p>\n<div id=\"attachment_143\" class=\"wp-caption alignnone\">\n<div id=\"attachment_143\" class=\"wp-caption alignnone\">\n<p><a href=\"https:\/\/portifolioos-prontos.com\/\"><img decoding=\"async\" class=\"wp-image-143 jetpack-lazy-image jetpack-lazy-image--handled smush-detected-img smush-image-11 smush-image-2 smush-image-10 smush-image-13 smush-image-3\" title=\"portfolio pronto unopar\" src=\"https:\/\/i0.wp.com\/portifolioos-prontos.com\/wp-content\/uploads\/2022\/04\/conceitomaximo.png?resize=161%2C46\" alt=\"PORTFOLIO PRONTO UNOPAR ANHANGUERA\" width=\"95\" height=\"27\" aria-describedby=\"caption-attachment-143\" data-lazy-loaded=\"1\" \/><\/a><\/p>\n<p id=\"caption-attachment-143\" class=\"wp-caption-text\">Portf\u00f3lio em Word, respondido, completo e j\u00e1 nas normas<\/p>\n<\/div>\n<\/div>\n<\/div>\n<\/div>\n","protected":false},"excerpt":{"rendered":"<div class=\"product-short-description\">\n<h5><strong>Pague pelo PIX ou cart\u00e3o e fa\u00e7a o download agora mesmo.<\/strong><\/h5>\n<\/div>\n<div class=\"sticky-add-to-cart-wrapper\">\n<div class=\"sticky-add-to-cart\">\n<div class=\"quantity buttons_added form-flat\"><img decoding=\"async\" class=\"alignnone wp-image-761 smush-detected-img smush-image-2 smush-image-1 smush-image-3 smush-image-4\" src=\"https:\/\/portifolioos-prontos.com\/wp-content\/uploads\/2022\/04\/PIX-300x107.webp\" alt=\"\" width=\"78\" height=\"28\" \/>\u00a0\u00a0<img loading=\"lazy\" decoding=\"async\" class=\"smush-detected-img smush-image-3 smush-image-2 smush-image-4 smush-image-5\" src=\"https:\/\/d26lpennugtm8s.cloudfront.net\/assets\/common\/img\/logos\/payment\/visa@2x.png\" width=\"46\" height=\"29\" \/><img loading=\"lazy\" decoding=\"async\" class=\"smush-detected-img smush-image-4 smush-image-3 smush-image-5 smush-image-6\" src=\"https:\/\/d26lpennugtm8s.cloudfront.net\/assets\/common\/img\/logos\/payment\/boleto@2x.png\" width=\"43\" height=\"27\" \/><img loading=\"lazy\" decoding=\"async\" class=\"smush-detected-img smush-image-5 smush-image-4 smush-image-6 smush-image-7\" src=\"https:\/\/d26lpennugtm8s.cloudfront.net\/assets\/common\/img\/logos\/payment\/mastercard@2x.png\" width=\"43\" height=\"27\" \/><img loading=\"lazy\" decoding=\"async\" class=\"smush-detected-img smush-image-6 smush-image-5 smush-image-7 smush-image-8\" src=\"https:\/\/d26lpennugtm8s.cloudfront.net\/assets\/common\/img\/logos\/payment\/amex@2x.png\" width=\"43\" height=\"27\" \/><img loading=\"lazy\" decoding=\"async\" class=\"smush-detected-img smush-image-7 smush-image-6 smush-image-8 smush-image-9\" src=\"https:\/\/d26lpennugtm8s.cloudfront.net\/assets\/common\/img\/logos\/payment\/diners@2x.png\" width=\"46\" height=\"29\" \/><img loading=\"lazy\" decoding=\"async\" class=\"smush-detected-img smush-image-8 smush-image-7 smush-image-9 smush-image-10\" src=\"https:\/\/d26lpennugtm8s.cloudfront.net\/assets\/common\/img\/logos\/payment\/br\/elo@2x.png\" width=\"45\" height=\"28\" \/><img loading=\"lazy\" decoding=\"async\" class=\"smush-detected-img smush-image-9 smush-image-8 smush-image-10 smush-image-11\" src=\"https:\/\/d26lpennugtm8s.cloudfront.net\/assets\/common\/img\/logos\/payment\/br\/hipercard@2x.png\" width=\"44\" height=\"28\" \/><img loading=\"lazy\" decoding=\"async\" class=\"smush-detected-img smush-image-10 smush-image-9 smush-image-11 smush-image-12\" src=\"https:\/\/d26lpennugtm8s.cloudfront.net\/assets\/common\/img\/logos\/payment\/mercadopago@2x.png\" width=\"45\" height=\"28\" \/><\/div>\n<\/div>\n<\/div>\n","protected":false},"featured_media":28249,"template":"","meta":{"_seopress_robots_primary_cat":"none","_seopress_titles_title":"%%post_title%% %%sitetitle%%","_seopress_titles_desc":"%%post_content%%","_seopress_robots_index":""},"product_cat":[15],"product_tag":[],"class_list":{"0":"post-28246","1":"product","2":"type-product","3":"status-publish","4":"has-post-thumbnail","6":"product_cat-uncategorized","8":"first","9":"instock","10":"downloadable","11":"virtual","12":"purchasable","13":"product-type-simple","14":"col-xs-6 col-sm-4","15":"col-mf-5","16":"un-5-cols"},"jetpack_sharing_enabled":true,"_links":{"self":[{"href":"https:\/\/portifolioos-prontos.com\/index.php\/wp-json\/wp\/v2\/product\/28246","targetHints":{"allow":["GET"]}}],"collection":[{"href":"https:\/\/portifolioos-prontos.com\/index.php\/wp-json\/wp\/v2\/product"}],"about":[{"href":"https:\/\/portifolioos-prontos.com\/index.php\/wp-json\/wp\/v2\/types\/product"}],"version-history":[{"count":0,"href":"https:\/\/portifolioos-prontos.com\/index.php\/wp-json\/wp\/v2\/product\/28246\/revisions"}],"wp:featuredmedia":[{"embeddable":true,"href":"https:\/\/portifolioos-prontos.com\/index.php\/wp-json\/wp\/v2\/media\/28249"}],"wp:attachment":[{"href":"https:\/\/portifolioos-prontos.com\/index.php\/wp-json\/wp\/v2\/media?parent=28246"}],"wp:term":[{"taxonomy":"product_cat","embeddable":true,"href":"https:\/\/portifolioos-prontos.com\/index.php\/wp-json\/wp\/v2\/product_cat?post=28246"},{"taxonomy":"product_tag","embeddable":true,"href":"https:\/\/portifolioos-prontos.com\/index.php\/wp-json\/wp\/v2\/product_tag?post=28246"}],"curies":[{"name":"wp","href":"https:\/\/api.w.org\/{rel}","templated":true}]}}