{"id":28256,"date":"2024-07-18T21:23:02","date_gmt":"2024-07-19T00:23:02","guid":{"rendered":"https:\/\/portifolioos-prontos.com\/?post_type=product&#038;p=28256"},"modified":"2025-05-04T11:52:51","modified_gmt":"2025-05-04T14:52:51","slug":"projeto-integrado-moodboard-cafeteria","status":"publish","type":"product","link":"https:\/\/portifolioos-prontos.com\/index.php\/product\/projeto-integrado-moodboard-cafeteria\/","title":{"rendered":"Projeto integrado Moodboard Cafeteria"},"content":{"rendered":"<p>Projeto integrado Moodboard Cafeteria<\/p>\n<hr \/>\n<p>Seja bem-vindo a este semestre!<br \/>\nA proposta de Projeto Integrado \u00e9 possibilitar a aprendizagem interdisciplinar dos conte\u00fados<br \/>\ndesenvolvidos nas disciplinas desse semestre.<br \/>\nORIENTA\u00c7\u00d5ES DO PROJETO INTEGRADO<br \/>\n1. O trabalho ser\u00e1 realizado individualmente.<br \/>\n2. Importante: Voc\u00ea dever\u00e1 postar o trabalho finalizado no AVA, o que dever\u00e1 ser feito na pasta<br \/>\nespec\u00edfica da disciplina Projeto Integrado obedecendo ao prazo limite de postagem, conforme<br \/>\ndisposto no AVA. N\u00e3o existe prorroga\u00e7\u00e3o para a postagem da atividade.<br \/>\n<a href=\"https:\/\/portfoliooead.com.br\/\">3.<\/a>\u00a0Deve conter, depois de pronto, identifica\u00e7\u00e3o do aluno e todas as atividades solicitadas em um<br \/>\n\u00fanico arquivo. Capriche na no que tange \u00e0 sua apresenta\u00e7\u00e3o visual (tipos e tamanhos de<br \/>\nfontes, alinhamentos do texto, espa\u00e7amentos, resolu\u00e7\u00e3o das imagens, apresenta\u00e7\u00e3o correta<br \/>\nde cita\u00e7\u00f5es e refer\u00eancias, entre outros elementos importantes).<br \/>\n4. O Projeto Integrado \u00e9 um trabalho original e, portanto, n\u00e3o poder\u00e1 haver trabalhos id\u00eanticos<br \/>\naos de outros alunos ou com reprodu\u00e7\u00e3o de materiais extra\u00eddos da internet. Os trabalhos<br \/>\nplagiados ser\u00e3o invalidados, sendo os alunos reprovados na atividade. Lembre-se de que a<br \/>\npr\u00e1tica do pl\u00e1gio constitui crime, com pena prevista em lei (Lei n.\u00ba 9.610), e deve ser evitada<br \/>\nno \u00e2mbito acad\u00eamico.<br \/>\n5. Importante: O trabalho deve ser enviado em formato PDF. Fique atento ao tamanho m\u00e1ximo<br \/>\ndo arquivo que n\u00e3o pode ultrapassar 10 Mega Bytes.<br \/>\nLembre-se de que seu Tutor a Dist\u00e2ncia est\u00e1 \u00e0 disposi\u00e7\u00e3o para lhe atender em suas d\u00favidas e,<br \/>\ntamb\u00e9m, para repassar orienta\u00e7\u00f5es sempre que voc\u00ea precisar. Aproveite esta oportunidade<br \/>\npara realizar um trabalho com a qualidade acad\u00eamica de n\u00edvel universit\u00e1rio.<br \/>\nPROJETO INTEGRADO<br \/>\nPARA COME\u00c7AR<br \/>\nPara atingir os objetivos deste projeto integrado, voc\u00ea\u202fdever\u00e1 seguir as instru\u00e7\u00f5es abaixo,<br \/>\nrelacionadas \u00e0 elabora\u00e7\u00e3o do trabalho e complementar sua jornada consultando os materiais das<br \/>\ndisciplinas que ser\u00e3o disponibilizados ao longo desse semestre. Abuse tamb\u00e9m da pesquisa em<br \/>\nnossa biblioteca virtual e demais fontes relacionadas a tem\u00e1tica que ser\u00e1 revelada abaixo.<br \/>\nOBJETIVO<br \/>\nDesenvolver um projeto de interiores para uma CAFETERIA, envolvendo pr\u00e1ticas relacionadas \u00e0s<br \/>\ndisciplinas de Desenho de Observa\u00e7\u00e3o, Empreendedorismo e Inova\u00e7\u00e3o, Hist\u00f3ria e Acep\u00e7\u00f5es do<br \/>\nDesign, Processo da Criatividade e Sociedade Brasileira e Cidadania.<br \/>\nATIVIDADES<br \/>\nDescri\u00e7\u00e3o do projeto:<br \/>\nO projeto consiste em desenvolver o MOODBOARD de projeto de interiores para uma cafeteria que<br \/>\nreflita a cultura e os valores da sociedade brasileira, levando em considera\u00e7\u00e3o as disciplinas<br \/>\nmencionadas acima. Para isso o aluno dever\u00e1 realizar as seguintes tarefas:<br \/>\nTAREFA 1 \u2013 Voc\u00ea dever\u00e1 realizar um estudo de observa\u00e7\u00e3o do espa\u00e7o de uma cafeteria de sua<br \/>\ncidade, levando em considera\u00e7\u00e3o aspectos como: ilumina\u00e7\u00e3o, temperatura, conforto, material e<br \/>\ntextura, e atendimento \u00e0s necessidades do cliente e dos usu\u00e1rios.<br \/>\nPara essa tarefa \u2013 desenvolva caderno de anota\u00e7\u00f5es contendo fotos da cafeteria selecionada e<br \/>\ninforma\u00e7\u00f5es sobre o espa\u00e7o como: conceito, layout dos mobili\u00e1rios, materiais e cores, conforto<br \/>\nac\u00fastico, conforto t\u00e9rmico, ilumina\u00e7\u00e3o, elementos decorativos e identifica\u00e7\u00e3o do p\u00fablico-alvo.<br \/>\nTAREFA 2 \u2013 Na segunda etapa da atividade voc\u00ea dever\u00e1 criar um moodboard para uma nova<br \/>\ncafeteria, e nele dever\u00e1 mostrar o conceito gerador desse projeto de interiores, ele dever\u00e1 ser<br \/>\ninovador e empreendedor, refletindo os valores da sociedade brasileira e de sua cidade.<br \/>\nNo moodboard voc\u00ea apresentar\u00e1 o seu processo criativo, utilizado para desenvolver o projeto, Por<br \/>\nisso, inclua esbo\u00e7os, pesquisas, refer\u00eancias e justificativas para as escolhas feitas.<br \/>\nO moodboard do projeto dever\u00e1 incluir sugest\u00f5es de layout para o novo espa\u00e7o, escolha de<br \/>\nmateriais, mobili\u00e1rio, ilumina\u00e7\u00e3o, cores e texturas, al\u00e9m de elementos decorativos que reflitam o<br \/>\nconceito criado.<br \/>\n\u2022 Ao final voc\u00ea dever\u00e1 apresentar o caderno de observa\u00e7\u00f5es da cafeteria visitada e o moodboard do<br \/>\nnovo projeto, ambos em um portf\u00f3lio digital, incluindo apresenta\u00e7\u00e3o visual e escrita do conceito e<br \/>\ndo processo criativo utilizado.<br \/>\nPROJETO INTEGRADO<br \/>\nImportante: Recomenda-se que os esbo\u00e7os e croquis sejam realizados a m\u00e3o e o moodboard,<br \/>\ntrazendo materiais, mobili\u00e1rio, ilumina\u00e7\u00e3o, cores e texturas, al\u00e9m de elementos decorativos, seja<br \/>\ndesenvolvido em softwares de colagem e edi\u00e7\u00e3o de imagens como exemplo o Canva<br \/>\n(<a href=\"https:\/\/www.canva.com\/pt_br\/\" rel=\"nofollow\">https:\/\/www.canva.com\/pt_br\/<\/a>\u00a0)<br \/>\nPor\u00e9m, ressalta-se que o aluno tem total liberdade para realizar a atividade com os meios e<br \/>\nrecursos que considerar adequado ao seu n\u00edvel de conhecimento!<br \/>\nCRIT\u00c9RIOS DE AVALIA\u00c7\u00c3O<br \/>\nA seguir, apresentamos a voc\u00ea alguns dos crit\u00e9rios avaliativos que nortear\u00e3o a an\u00e1lise do Tutor a<br \/>\nDist\u00e2ncia para atribuir o conceito \u00e0 produ\u00e7\u00e3o projetual:<br \/>\n\u2022 Originalidade e criatividade do conceito e do projeto de interiores criado.<br \/>\n\u2022 Coer\u00eancia e consist\u00eancia do projeto em rela\u00e7\u00e3o \u00e0s disciplinas envolvidas.<br \/>\n\u2022 Qualidade do estudo de observa\u00e7\u00e3o realizado e das refer\u00eancias utilizadas.<br \/>\n\u2022 Qualidade da apresenta\u00e7\u00e3o visual e escrita do projeto.<br \/>\n\u2022 Apresenta\u00e7\u00e3o de estrutura condizente com a proposta apresentada.<br \/>\n\u2022 Uso de linguagem acad\u00eamica adequada, com clareza e corre\u00e7\u00e3o, atendendo \u00e0 norma<br \/>\npadr\u00e3o.<br \/>\n\u2022 Atendimento \u00e0 proposta, contemplando todos os itens solicitados, com objetividade,<br \/>\ncriatividade, originalidade e autenticidade.<br \/>\n\u2022 Fundamenta\u00e7\u00e3o do trabalho, com as devidas refer\u00eancias dos autores eventualmente<br \/>\ncitados.<br \/>\nDICAS DE ESTUDO<br \/>\nDICA 1 \u2013 Um moodboard \u00e9 uma colagem de imagens, elementos gr\u00e1ficos e outros materiais, muito<br \/>\nusada nos diversos campos do design. Essa ferramenta serve para guiar profissionais a criarem<br \/>\npe\u00e7as unificadas ou sob determinado tema, bem como para apresentar um conceito para colegas<br \/>\nde equipe ou clientes.<br \/>\nExemplos de Moodboard:<br \/>\nPROJETO INTEGRADO<br \/>\nFonte: Moodboard By Fiveer dison\u00edvem em:\u00a0<a href=\"https:\/\/www.aarquiteta.com.br\/blog\/moodboard-na-arquitetura\/\" rel=\"nofollow\">https:\/\/www.aarquiteta.com.br\/blog\/moodboard-na-arquitetura\/<\/a>,<br \/>\nacesso nov., 2023.<br \/>\nFonte:\u00a0<a href=\"https:\/\/br.pinterest.com\/pin\/788130003521599501\/\" rel=\"nofollow\">https:\/\/br.pinterest.com\/pin\/788130003521599501\/<\/a>, acesso nov. 2023.<br \/>\nPROJETO INTEGRADO<br \/>\nFonte:\u00a0<a href=\"https:\/\/br.pinterest.com\/pin\/788130003523007932\/\" rel=\"nofollow\">https:\/\/br.pinterest.com\/pin\/788130003523007932\/<\/a>, acesso nov. 2023.<br \/>\nDICA 2 \u2013 O design de observa\u00e7\u00e3o \u00e9 uma t\u00e9cnica fundamental para projetos de design de interiores<br \/>\npara cafeterias, pois permite que o designer observe e analise o espa\u00e7o, identificando suas<br \/>\ncaracter\u00edsticas e necessidades. Algumas maneiras de aplicar o desenho de observa\u00e7\u00e3o em projetos<br \/>\nde design de interiores para cafeterias s\u00e3o:<br \/>\n\u2022 Observa\u00e7\u00e3o do espa\u00e7o: O designer deve visitar o espa\u00e7o da cafeteria e observar aspectos<br \/>\ncomo ilumina\u00e7\u00e3o, temperatura, ac\u00fastica, circula\u00e7\u00e3o, mobili\u00e1rio, entre outros. Essa<br \/>\nobserva\u00e7\u00e3o permite que o designer identifique as necessidades do espa\u00e7o e crie um projeto<br \/>\nque atenda \u00e0s necessidades do cliente e dos usu\u00e1rios.<br \/>\n\u2022 An\u00e1lise do p\u00fablico-alvo: O designer deve analisar o p\u00fablico-alvo da cafeteria, identificando<br \/>\nsuas prefer\u00eancias e necessidades. Essa an\u00e1lise permite que o designer crie um projeto que<br \/>\natenda \u00e0s expectativas do p\u00fablico-alvo e proporcione uma experi\u00eancia agrad\u00e1vel.<br \/>\n\u2022 Identifica\u00e7\u00e3o do conceito: O designer deve identificar o conceito da cafeteria, que pode ser<br \/>\nbaseado em aspectos como a cultura local, a hist\u00f3ria da regi\u00e3o ou a identidade da marca.<br \/>\nEssa identifica\u00e7\u00e3o permite que o designer crie um projeto que reflita o conceito da cafeteria<br \/>\ne proporcione uma experi\u00eancia \u00fanica aos usu\u00e1rios.<br \/>\n\u2022 Cria\u00e7\u00e3o de um layout: O designer deve criar um layout para o espa\u00e7o da cafeteria, levando<br \/>\nem considera\u00e7\u00e3o aspectos como a circula\u00e7\u00e3o, a disposi\u00e7\u00e3o do mobili\u00e1rio e a ilumina\u00e7\u00e3o. Essa<br \/>\ncria\u00e7\u00e3o permite que o designer crie um espa\u00e7o funcional e agrad\u00e1vel.<br \/>\n\u2022 Escolha de materiais e cores: O designer deve escolher materiais e cores que estejam de<br \/>\nacordo com o conceito da cafeteria e que proporcionem uma experi\u00eancia agrad\u00e1vel aos<br \/>\nusu\u00e1rios. Essa escolha permite que o designer crie um ambiente acolhedor e atraente.<br \/>\nPROJETO INTEGRADO<br \/>\nEm resumo, o design de observa\u00e7\u00e3o \u00e9 uma t\u00e9cnica fundamental para projetos de design de<br \/>\ninteriores para cafeterias, pois permite que o designer observe e analise o espa\u00e7o, identificando<br \/>\nsuas caracter\u00edsticas e necessidades. \u00c9 importante que o designer utilize essa t\u00e9cnica para criar um<br \/>\nprojeto que atenda \u00e0s necessidades do cliente e dos usu\u00e1rios, reflita o conceito da cafeteria e<br \/>\nproporcione uma experi\u00eancia \u00fanica e agrad\u00e1vel.<br \/>\nDICA 3 \u2013 Exemplo ferramenta canva \u2013 Link do v\u00eddeo: Como fazer um moodboard de interiores<br \/>\natrav\u00e9s da ferramenta\/site Canva \u2013\u00a0<a href=\"https:\/\/www.youtube.com\/watch?v=_HlMGByHk5E\" rel=\"nofollow\">https:\/\/www.youtube.com\/watch?v=_HlMGByHk5E<\/a>, acesso em<br \/>\nnov. 2023.<br \/>\nPARA FINALIZAR<br \/>\nVamos deixar aqui um resumo de sua entrega:<br \/>\n\u2022 1 Arquivo PDF (com no m\u00e1ximo 10Mb) \u2013 contendo:<br \/>\n1. -Caderno de observa\u00e7\u00e3o desenvolvido em visita t\u00e9cnica a uma cafeteria de sua cidade. (Composto<br \/>\npor desenhos, fotos, textos, esquemas que representem os aspectos observados)<br \/>\n2. -Moodboard evidenciando o conceito desenvolvido para o Novo Projeto de Cafeteria, e trazendo<br \/>\nmateriais, mobili\u00e1rio, ilumina\u00e7\u00e3o, cores e texturas, al\u00e9m de elementos decorativos que far\u00e3o parte<br \/>\nda composi\u00e7\u00e3o desse novo espa\u00e7o.<\/p>\n<p>Projeto integrado Moodboard Cafeteria<\/p>\n<div class=\"elementor-toggle-item\">\n<h4 id=\"elementor-tab-title-1941\" class=\"elementor-tab-title elementor-active\" tabindex=\"0\" role=\"tab\" data-tab=\"1\" aria-controls=\"elementor-tab-content-1941\" aria-expanded=\"true\" aria-selected=\"true\">Como funciona?<\/h4>\n<div id=\"elementor-tab-content-1941\" class=\"elementor-tab-content elementor-clearfix elementor-active\" role=\"tabpanel\" data-tab=\"1\" aria-labelledby=\"elementor-tab-title-1941\">\n<p>Elaboramos os portf\u00f3lios, j\u00e1 deixamos prontos, nas normas da ABNT e conforme os requisitos da universidade. F\u00e1cil assim! O MELHOR \u00c9 QUE VOC\u00ca COMPRA E J\u00c1 BAIXA NA HORA O SEU ARQUIVO EM WORD! Sabemos que conciliar trabalho, fam\u00edlia, vida profissional e estudos \u00e9 dif\u00edcil hoje em dia, por isso, estamos aqui para ajudar voc\u00ea. Conte com nossa qualidade, experi\u00eancia e profissionalismo adquirindo seu portf\u00f3lio conosco. GARANTIMOS SEU CONCEITO!<\/p>\n<h4>Como se realizam os envios?<\/h4>\n<\/div>\n<\/div>\n<div class=\"elementor-toggle-item\">\n<div id=\"elementor-tab-content-1942\" class=\"elementor-tab-content elementor-clearfix elementor-active\" role=\"tabpanel\" data-tab=\"2\" aria-labelledby=\"elementor-tab-title-1942\">O seu trabalho \u00e9 disponibilizado pronto, respondido e nas normas j\u00e1 na mesma hora aqui em nosso site na sua \u00e1rea de downloads e tamb\u00e9m no seu e-mail.<\/div>\n<\/div>\n<div class=\"elementor-toggle-item\">\n<div id=\"elementor-tab-content-1943\" class=\"elementor-tab-content elementor-clearfix elementor-active\" role=\"tabpanel\" data-tab=\"3\" aria-labelledby=\"elementor-tab-title-1943\">\n<h4>Em quanto tempo recebo o portf\u00f3lio?<\/h4>\n<\/div>\n<\/div>\n<div class=\"elementor-toggle-item\">\n<div id=\"elementor-tab-content-1944\" class=\"elementor-tab-content elementor-clearfix elementor-active\" role=\"tabpanel\" data-tab=\"4\" aria-labelledby=\"elementor-tab-title-1944\">\n<p>Os envios s\u00e3o imediatos. Ap\u00f3s sua compra, o trabalho j\u00e1 \u00e9 disponibilizado instantaneamente aqui em nosso site e no seu e-mail.<\/p>\n<h4>E se o portf\u00f3lio que comprei precisar de corre\u00e7\u00e3o?<\/h4>\n<\/div>\n<\/div>\n<div class=\"elementor-toggle-item\">\n<div id=\"elementor-tab-content-1945\" class=\"elementor-tab-content elementor-clearfix elementor-active\" role=\"tabpanel\" data-tab=\"5\" aria-labelledby=\"elementor-tab-title-1945\">\n<p>Caso haja alguma solicita\u00e7\u00e3o de corre\u00e7\u00e3o\/altera\u00e7\u00e3o por parte do tutor, basta entrar em contato conosco pelo\u00a0WhatsApp\u00a0que provid\u00eanciaremos sem custo algum.<\/p>\n<h4>Qual o formato do arquivo?<\/h4>\n<\/div>\n<\/div>\n<div class=\"elementor-toggle-item\">\n<div id=\"elementor-tab-content-1946\" class=\"elementor-tab-content elementor-clearfix elementor-active\" role=\"tabpanel\" data-tab=\"6\" aria-labelledby=\"elementor-tab-title-1946\">\n<p>Os arquivos s\u00e3o enviados em formato Word e s\u00e3o edit\u00e1veis.<\/p>\n<h4>Caso eu tiver alguma d\u00favida, terei suporte no p\u00f3s venda?<\/h4>\n<\/div>\n<\/div>\n<div class=\"elementor-toggle-item\">\n<div id=\"elementor-tab-content-1948\" class=\"elementor-tab-content elementor-clearfix elementor-active\" role=\"tabpanel\" data-tab=\"8\" aria-labelledby=\"elementor-tab-title-1948\">\n<p>Sim, com certeza. Basta clicar no \u00edcone do WhatsApp no cantinho da tela. Ser\u00e1 um prazer atend\u00ea-lo(a).<\/p>\n<div class=\"elementor-toggle-item\">\n<div id=\"elementor-tab-content-1948\" class=\"elementor-tab-content elementor-clearfix elementor-active\" role=\"tabpanel\" data-tab=\"8\" aria-labelledby=\"elementor-tab-title-1948\">\n<h4>Quais os seus canais de contato?<\/h4>\n<\/div>\n<\/div>\n<div class=\"elementor-toggle-item\">\n<div id=\"elementor-tab-content-1949\" class=\"elementor-tab-content elementor-clearfix elementor-active\" role=\"tabpanel\" data-tab=\"9\" aria-labelledby=\"elementor-tab-title-1949\">\n<p>Whatsapp: 53 984751621 \u2013 Clicar no canto da tela ou ESCANEIE O QRCODE ABAIXO<\/p>\n<h4><img decoding=\"async\" class=\"alignnone wp-image-13699 jetpack-lazy-image jetpack-lazy-image--handled smush-detected-img smush-image-1 smush-image-2\" src=\"https:\/\/i0.wp.com\/portifolioos-prontos.com\/wp-content\/uploads\/2023\/02\/whatsapp-business-projeto-de-extensao-300x300.jpeg?resize=144%2C144\" sizes=\"(max-width: 144px) 100vw, 144px\" srcset=\"https:\/\/i0.wp.com\/portifolioos-prontos.com\/wp-content\/uploads\/2023\/02\/whatsapp-business-projeto-de-extensao.jpeg?resize=300%2C301&amp;ssl=1 300w, https:\/\/i0.wp.com\/portifolioos-prontos.com\/wp-content\/uploads\/2023\/02\/whatsapp-business-projeto-de-extensao.jpeg?resize=150%2C150&amp;ssl=1 150w, https:\/\/i0.wp.com\/portifolioos-prontos.com\/wp-content\/uploads\/2023\/02\/whatsapp-business-projeto-de-extensao.jpeg?resize=370%2C372&amp;ssl=1 370w, https:\/\/i0.wp.com\/portifolioos-prontos.com\/wp-content\/uploads\/2023\/02\/whatsapp-business-projeto-de-extensao.jpeg?resize=100%2C100&amp;ssl=1 100w, https:\/\/i0.wp.com\/portifolioos-prontos.com\/wp-content\/uploads\/2023\/02\/whatsapp-business-projeto-de-extensao.jpeg?w=470&amp;ssl=1 470w\" alt=\"projeto de extens\u00e3o unopar\" width=\"144\" height=\"144\" data-lazy-loaded=\"1\" \/><\/h4>\n<\/div>\n<\/div>\n<\/div>\n<\/div>\n<div class=\"elementor-toggle-item\">\n<div id=\"elementor-tab-content-1949\" class=\"elementor-tab-content elementor-clearfix elementor-active\" role=\"tabpanel\" data-tab=\"9\" aria-labelledby=\"elementor-tab-title-1949\">\n<p>E-mail:portifoliosp@gmail.com<\/p>\n<div id=\"attachment_143\" class=\"wp-caption alignnone\">\n<div id=\"attachment_143\" class=\"wp-caption alignnone\" style=\"width: 81px;\">\n<p><a href=\"https:\/\/portifolioos-prontos.com\/\"><img decoding=\"async\" class=\"wp-image-143 jetpack-lazy-image jetpack-lazy-image--handled smush-detected-img smush-image-11 smush-image-2 smush-image-10 smush-image-13 smush-image-3\" title=\"portfolio pronto unopar\" src=\"https:\/\/i0.wp.com\/portifolioos-prontos.com\/wp-content\/uploads\/2022\/04\/conceitomaximo.png?resize=161%2C46\" alt=\"PORTFOLIO PRONTO UNOPAR ANHANGUERA\" width=\"81\" height=\"23\" aria-describedby=\"caption-attachment-143\" data-lazy-loaded=\"1\" \/><\/a><\/p>\n<p id=\"caption-attachment-143\" class=\"wp-caption-text\">Portf\u00f3lio em Word, respondido, completo e j\u00e1 nas normas<\/p>\n<\/div>\n<\/div>\n<\/div>\n<\/div>\n","protected":false},"excerpt":{"rendered":"<div class=\"product-short-description\">\n<h5><strong>Pague pelo PIX ou cart\u00e3o e fa\u00e7a o download agora mesmo.<\/strong><\/h5>\n<\/div>\n<div class=\"sticky-add-to-cart-wrapper\">\n<div class=\"sticky-add-to-cart\">\n<div class=\"quantity buttons_added form-flat\"><img decoding=\"async\" class=\"alignnone wp-image-761 smush-detected-img smush-image-2 smush-image-1 smush-image-3 smush-image-4\" src=\"https:\/\/portifolioos-prontos.com\/wp-content\/uploads\/2022\/04\/PIX-300x107.webp\" alt=\"\" width=\"78\" height=\"28\" \/>\u00a0\u00a0<img loading=\"lazy\" decoding=\"async\" class=\"smush-detected-img smush-image-3 smush-image-2 smush-image-4 smush-image-5\" src=\"https:\/\/d26lpennugtm8s.cloudfront.net\/assets\/common\/img\/logos\/payment\/visa@2x.png\" width=\"46\" height=\"29\" \/><img loading=\"lazy\" decoding=\"async\" class=\"smush-detected-img smush-image-4 smush-image-3 smush-image-5 smush-image-6\" src=\"https:\/\/d26lpennugtm8s.cloudfront.net\/assets\/common\/img\/logos\/payment\/boleto@2x.png\" width=\"43\" height=\"27\" \/><img loading=\"lazy\" decoding=\"async\" class=\"smush-detected-img smush-image-5 smush-image-4 smush-image-6 smush-image-7\" src=\"https:\/\/d26lpennugtm8s.cloudfront.net\/assets\/common\/img\/logos\/payment\/mastercard@2x.png\" width=\"43\" height=\"27\" \/><img loading=\"lazy\" decoding=\"async\" class=\"smush-detected-img smush-image-6 smush-image-5 smush-image-7 smush-image-8\" src=\"https:\/\/d26lpennugtm8s.cloudfront.net\/assets\/common\/img\/logos\/payment\/amex@2x.png\" width=\"43\" height=\"27\" \/><img loading=\"lazy\" decoding=\"async\" class=\"smush-detected-img smush-image-7 smush-image-6 smush-image-8 smush-image-9\" src=\"https:\/\/d26lpennugtm8s.cloudfront.net\/assets\/common\/img\/logos\/payment\/diners@2x.png\" width=\"46\" height=\"29\" \/><img loading=\"lazy\" decoding=\"async\" class=\"smush-detected-img smush-image-8 smush-image-7 smush-image-9 smush-image-10\" src=\"https:\/\/d26lpennugtm8s.cloudfront.net\/assets\/common\/img\/logos\/payment\/br\/elo@2x.png\" width=\"45\" height=\"28\" \/><img loading=\"lazy\" decoding=\"async\" class=\"smush-detected-img smush-image-9 smush-image-8 smush-image-10 smush-image-11\" src=\"https:\/\/d26lpennugtm8s.cloudfront.net\/assets\/common\/img\/logos\/payment\/br\/hipercard@2x.png\" width=\"44\" height=\"28\" \/><img loading=\"lazy\" decoding=\"async\" class=\"smush-detected-img smush-image-10 smush-image-9 smush-image-11 smush-image-12\" src=\"https:\/\/d26lpennugtm8s.cloudfront.net\/assets\/common\/img\/logos\/payment\/mercadopago@2x.png\" width=\"45\" height=\"28\" \/><\/div>\n<\/div>\n<\/div>\n","protected":false},"featured_media":28259,"template":"","meta":{"_seopress_robots_primary_cat":"none","_seopress_titles_title":"%%post_title%% %%sitetitle%%","_seopress_titles_desc":"%%post_content%%","_seopress_robots_index":""},"product_cat":[15],"product_tag":[],"class_list":{"0":"post-28256","1":"product","2":"type-product","3":"status-publish","4":"has-post-thumbnail","6":"product_cat-uncategorized","8":"first","9":"instock","10":"downloadable","11":"virtual","12":"purchasable","13":"product-type-simple","14":"col-xs-6 col-sm-4","15":"col-mf-5","16":"un-5-cols"},"jetpack_sharing_enabled":true,"_links":{"self":[{"href":"https:\/\/portifolioos-prontos.com\/index.php\/wp-json\/wp\/v2\/product\/28256","targetHints":{"allow":["GET"]}}],"collection":[{"href":"https:\/\/portifolioos-prontos.com\/index.php\/wp-json\/wp\/v2\/product"}],"about":[{"href":"https:\/\/portifolioos-prontos.com\/index.php\/wp-json\/wp\/v2\/types\/product"}],"version-history":[{"count":0,"href":"https:\/\/portifolioos-prontos.com\/index.php\/wp-json\/wp\/v2\/product\/28256\/revisions"}],"wp:featuredmedia":[{"embeddable":true,"href":"https:\/\/portifolioos-prontos.com\/index.php\/wp-json\/wp\/v2\/media\/28259"}],"wp:attachment":[{"href":"https:\/\/portifolioos-prontos.com\/index.php\/wp-json\/wp\/v2\/media?parent=28256"}],"wp:term":[{"taxonomy":"product_cat","embeddable":true,"href":"https:\/\/portifolioos-prontos.com\/index.php\/wp-json\/wp\/v2\/product_cat?post=28256"},{"taxonomy":"product_tag","embeddable":true,"href":"https:\/\/portifolioos-prontos.com\/index.php\/wp-json\/wp\/v2\/product_tag?post=28256"}],"curies":[{"name":"wp","href":"https:\/\/api.w.org\/{rel}","templated":true}]}}